{"id":11046,"date":"2024-02-13T10:32:24","date_gmt":"2024-02-13T09:32:24","guid":{"rendered":"https:\/\/truusk.store\/product\/fallbara-massagebankar-kosmetikabord-hoj-och-sankbart-massagebank-med-nackstod-massagesang-aluminiumskum-plast-svart-rod-215-x-60-x-61-84-cm\/"},"modified":"2026-03-12T08:57:23","modified_gmt":"2026-03-12T07:57:23","slug":"truusk-fallbar-massagebank-hoj-och-sankbar-nackstod-aluminiumskum-plast-svart-rod-215-x-60-x-61-84-cm","status":"publish","type":"product","link":"https:\/\/truusk.store\/sv\/produkt\/truusk-fallbar-massagebank-hoj-och-sankbar-nackstod-aluminiumskum-plast-svart-rod-215-x-60-x-61-84-cm\/","title":{"rendered":"TRUUSK F\u00e4llbar Massageb\u00e4nk &#8211; H\u00f6j- och s\u00e4nkbar &#8211; Nackst\u00f6d &#8211; Aluminiumskum &#8211; Plast &#8211; Svart + R\u00f6d &#8211; 215 x 60 x 61-84 cm"},"content":{"rendered":"<p>V\u00e5rt massageb\u00e4nk har en robust men \u00e4nd\u00e5 l\u00e4tt aluminiumram och kan justeras till nio olika h\u00f6jder. S\u00e4nggaveln kan \u00e4ven h\u00f6jas till tio olika positioner. Ett vadderat nackst\u00f6d s\u00e4kerst\u00e4ller att din nacke och huvud \u00e4r bekv\u00e4ma samtidigt som du kan andas n\u00e4r du ligger med ansiktet ned\u00e5t. Den vikbara designen \u00e4r l\u00e4tt att s\u00e4tta upp och kommer med ett sidohandtag f\u00f6r enkel b\u00e4rning.<\/p>\n<h3>Beskrivning:<\/h3>\n<ul>\n<li>L\u00e4tt men \u00e4nd\u00e5 robust aluminiumram som best\u00e5r av tre delar och \u00e4r l\u00e4tt att vika och transportera<\/li>\n<li>S\u00e4nggavel och h\u00f6jdjusterbar f\u00f6r att st\u00e4lla in en bekv\u00e4m arbetsh\u00f6jd<\/li>\n<li>Fylld med tjockt skum f\u00f6r komfort, med h\u00e5llbar PVC-l\u00e4derstoppning som torkar rent enkelt och hygieniskt<\/li>\n<li>Vadderat ansiktsst\u00f6d f\u00f6r att st\u00f6dja ditt huvud och nacke s\u00e5 att du kan andas medan du ligger med ansiktet ned\u00e5t<\/li>\n<li>Integrerat b\u00e4rhandtag, \u00e4ven med b\u00e4rv\u00e4ska<\/li>\n<li>Max belastning 225kg, l\u00e4tt att montera<\/li>\n<\/ul>\n<h3>Teknisk data:<\/h3>\n<ul>\n<li>F\u00e4rg: Svart+r\u00f6d<\/li>\n<li>Material: PVC, aluminium, skum och plast<\/li>\n<li>Produktdata: 215W x 60D x 61-84H cm (med nackst\u00f6d). Nackst\u00f6d: 26W x 26D cm.<\/li>\n<li>Vikm\u00e5tt: 91L x 58W cm<\/li>\n<li>Lastkapacitet: 225 kg<\/li>\n<\/ul>\n<h3>Leveransens omfattning:<\/h3>\n<ul>\n<li>1 massageb\u00e4nk;<\/li>\n<\/ul>\n","protected":false},"excerpt":{"rendered":"<p>V\u00e5rt massageb\u00e4nk har en robust men \u00e4nd\u00e5 l\u00e4tt aluminiumram och kan justeras till nio olika h\u00f6jder. S\u00e4nggaveln kan \u00e4ven h\u00f6jas&#8230;<\/p>\n","protected":false},"featured_media":11047,"template":"","meta":[],"product_brand":[],"product_cat":[562,485],"product_tag":[],"class_list":{"0":"post-11046","1":"product","2":"type-product","3":"status-publish","4":"has-post-thumbnail","6":"product_cat-halsa-och-rorlighet","7":"product_cat-hus-bo","9":"first","10":"instock","11":"sale","12":"taxable","13":"shipping-taxable","14":"purchasable","15":"product-type-simple"},"yoast_head":"<!-- This site is optimized with the Yoast SEO plugin v25.4 - https:\/\/yoast.com\/wordpress\/plugins\/seo\/ -->\n<title>TRUUSK F\u00e4llbar Massageb\u00e4nk - H\u00f6j- och s\u00e4nkbar - Nackst\u00f6d - Aluminiumskum - Plast - Svart + R\u00f6d - 215 x 60 x 61-84 cm - TRUUSK - Hem, Tr\u00e4dg\u00e5rd &amp; Fritid<\/title>\n<meta name=\"robots\" content=\"index, follow, max-snippet:-1, max-image-preview:large, max-video-preview:-1\" \/>\n<link rel=\"canonical\" href=\"https:\/\/truusk.store\/sv\/produkt\/truusk-fallbar-massagebank-hoj-och-sankbar-nackstod-aluminiumskum-plast-svart-rod-215-x-60-x-61-84-cm\/\" \/>\n<meta property=\"og:locale\" content=\"sv_SE\" \/>\n<meta property=\"og:type\" content=\"article\" \/>\n<meta property=\"og:title\" content=\"TRUUSK F\u00e4llbar Massageb\u00e4nk - H\u00f6j- och s\u00e4nkbar - Nackst\u00f6d - Aluminiumskum - Plast - Svart + R\u00f6d - 215 x 60 x 61-84 cm - TRUUSK - Hem, Tr\u00e4dg\u00e5rd &amp; Fritid\" \/>\n<meta property=\"og:description\" content=\"V\u00e5rt massageb\u00e4nk har en robust men \u00e4nd\u00e5 l\u00e4tt aluminiumram och kan justeras till nio olika h\u00f6jder. S\u00e4nggaveln kan \u00e4ven h\u00f6jas...\" \/>\n<meta property=\"og:url\" content=\"https:\/\/truusk.store\/sv\/produkt\/truusk-fallbar-massagebank-hoj-och-sankbar-nackstod-aluminiumskum-plast-svart-rod-215-x-60-x-61-84-cm\/\" \/>\n<meta property=\"og:site_name\" content=\"TRUUSK - Hem, Tr\u00e4dg\u00e5rd &amp; Fritid\" \/>\n<meta property=\"article:modified_time\" content=\"2026-03-12T07:57:23+00:00\" \/>\n<meta property=\"og:image\" content=\"https:\/\/i0.wp.com\/truusk.se\/wp-content\/uploads\/2024\/02\/fallbara-massagebankar-kosmetikabord-hoj-och-sankbart-massagebank-med-nackstod-massagesang-aluminiumskum-plast-svart-rod-215-x-60-x-61-84-cm.webp?fit=800%2C800&ssl=1\" \/>\n\t<meta property=\"og:image:width\" content=\"800\" \/>\n\t<meta property=\"og:image:height\" content=\"800\" \/>\n\t<meta property=\"og:image:type\" content=\"image\/webp\" \/>\n<meta name=\"twitter:card\" content=\"summary_large_image\" \/>\n<meta name=\"twitter:label1\" content=\"Ber\u00e4knad l\u00e4stid\" \/>\n\t<meta name=\"twitter:data1\" content=\"1 minut\" \/>\n<!-- \/ Yoast SEO plugin. -->","yoast_head_json":{"title":"TRUUSK F\u00e4llbar Massageb\u00e4nk - H\u00f6j- och s\u00e4nkbar - Nackst\u00f6d - Aluminiumskum - Plast - Svart + R\u00f6d - 215 x 60 x 61-84 cm - TRUUSK - Hem, Tr\u00e4dg\u00e5rd &amp; Fritid","robots":{"index":"index","follow":"follow","max-snippet":"max-snippet:-1","max-image-preview":"max-image-preview:large","max-video-preview":"max-video-preview:-1"},"canonical":"https:\/\/truusk.store\/sv\/produkt\/truusk-fallbar-massagebank-hoj-och-sankbar-nackstod-aluminiumskum-plast-svart-rod-215-x-60-x-61-84-cm\/","og_locale":"sv_SE","og_type":"article","og_title":"TRUUSK F\u00e4llbar Massageb\u00e4nk - H\u00f6j- och s\u00e4nkbar - Nackst\u00f6d - Aluminiumskum - Plast - Svart + R\u00f6d - 215 x 60 x 61-84 cm - TRUUSK - Hem, Tr\u00e4dg\u00e5rd &amp; Fritid","og_description":"V\u00e5rt massageb\u00e4nk har en robust men \u00e4nd\u00e5 l\u00e4tt aluminiumram och kan justeras till nio olika h\u00f6jder. S\u00e4nggaveln kan \u00e4ven h\u00f6jas...","og_url":"https:\/\/truusk.store\/sv\/produkt\/truusk-fallbar-massagebank-hoj-och-sankbar-nackstod-aluminiumskum-plast-svart-rod-215-x-60-x-61-84-cm\/","og_site_name":"TRUUSK - Hem, Tr\u00e4dg\u00e5rd &amp; Fritid","article_modified_time":"2026-03-12T07:57:23+00:00","og_image":[{"width":800,"height":800,"url":"https:\/\/i0.wp.com\/truusk.se\/wp-content\/uploads\/2024\/02\/fallbara-massagebankar-kosmetikabord-hoj-och-sankbart-massagebank-med-nackstod-massagesang-aluminiumskum-plast-svart-rod-215-x-60-x-61-84-cm.webp?fit=800%2C800&ssl=1","type":"image\/webp"}],"twitter_card":"summary_large_image","twitter_misc":{"Ber\u00e4knad l\u00e4stid":"1 minut"},"schema":{"@context":"https:\/\/schema.org","@graph":[{"@type":"WebPage","@id":"https:\/\/truusk.store\/sv\/produkt\/truusk-fallbar-massagebank-hoj-och-sankbar-nackstod-aluminiumskum-plast-svart-rod-215-x-60-x-61-84-cm\/","url":"https:\/\/truusk.store\/sv\/produkt\/truusk-fallbar-massagebank-hoj-och-sankbar-nackstod-aluminiumskum-plast-svart-rod-215-x-60-x-61-84-cm\/","name":"TRUUSK F\u00e4llbar Massageb\u00e4nk - H\u00f6j- och s\u00e4nkbar - Nackst\u00f6d - Aluminiumskum - Plast - Svart + R\u00f6d - 215 x 60 x 61-84 cm - TRUUSK - Hem, Tr\u00e4dg\u00e5rd &amp; Fritid","isPartOf":{"@id":"https:\/\/truusk.store\/sv\/#website"},"primaryImageOfPage":{"@id":"https:\/\/truusk.store\/sv\/produkt\/truusk-fallbar-massagebank-hoj-och-sankbar-nackstod-aluminiumskum-plast-svart-rod-215-x-60-x-61-84-cm\/#primaryimage"},"image":{"@id":"https:\/\/truusk.store\/sv\/produkt\/truusk-fallbar-massagebank-hoj-och-sankbar-nackstod-aluminiumskum-plast-svart-rod-215-x-60-x-61-84-cm\/#primaryimage"},"thumbnailUrl":"https:\/\/i0.wp.com\/truusk.store\/wp-content\/uploads\/2024\/02\/fallbara-massagebankar-kosmetikabord-hoj-och-sankbart-massagebank-med-nackstod-massagesang-aluminiumskum-plast-svart-rod-215-x-60-x-61-84-cm.webp?fit=800%2C800&ssl=1","datePublished":"2024-02-13T09:32:24+00:00","dateModified":"2026-03-12T07:57:23+00:00","breadcrumb":{"@id":"https:\/\/truusk.store\/sv\/produkt\/truusk-fallbar-massagebank-hoj-och-sankbar-nackstod-aluminiumskum-plast-svart-rod-215-x-60-x-61-84-cm\/#breadcrumb"},"inLanguage":"sv-SE","potentialAction":[{"@type":"ReadAction","target":["https:\/\/truusk.store\/sv\/produkt\/truusk-fallbar-massagebank-hoj-och-sankbar-nackstod-aluminiumskum-plast-svart-rod-215-x-60-x-61-84-cm\/"]}]},{"@type":"ImageObject","inLanguage":"sv-SE","@id":"https:\/\/truusk.store\/sv\/produkt\/truusk-fallbar-massagebank-hoj-och-sankbar-nackstod-aluminiumskum-plast-svart-rod-215-x-60-x-61-84-cm\/#primaryimage","url":"https:\/\/i0.wp.com\/truusk.store\/wp-content\/uploads\/2024\/02\/fallbara-massagebankar-kosmetikabord-hoj-och-sankbart-massagebank-med-nackstod-massagesang-aluminiumskum-plast-svart-rod-215-x-60-x-61-84-cm.webp?fit=800%2C800&ssl=1","contentUrl":"https:\/\/i0.wp.com\/truusk.store\/wp-content\/uploads\/2024\/02\/fallbara-massagebankar-kosmetikabord-hoj-och-sankbart-massagebank-med-nackstod-massagesang-aluminiumskum-plast-svart-rod-215-x-60-x-61-84-cm.webp?fit=800%2C800&ssl=1","width":800,"height":800,"caption":"F\u00e4llbara Massageb\u00e4nkar, Kosmetikabord, H\u00f6j- Och S\u00e4nkbart Massageb\u00e4nk Med Nackst\u00f6d, Massages\u00e4ng, Aluminiumskum, Plast, Svart + R\u00f6d, 215 X 60 X 61-84 Cm 1"},{"@type":"BreadcrumbList","@id":"https:\/\/truusk.store\/sv\/produkt\/truusk-fallbar-massagebank-hoj-och-sankbar-nackstod-aluminiumskum-plast-svart-rod-215-x-60-x-61-84-cm\/#breadcrumb","itemListElement":[{"@type":"ListItem","position":1,"name":"Home","item":"https:\/\/truusk.store\/sv\/"},{"@type":"ListItem","position":2,"name":"Shop","item":"https:\/\/truusk.store\/shop\/"},{"@type":"ListItem","position":3,"name":"TRUUSK F\u00e4llbar Massageb\u00e4nk &#8211; H\u00f6j- och s\u00e4nkbar &#8211; Nackst\u00f6d &#8211; Aluminiumskum &#8211; Plast &#8211; Svart + R\u00f6d &#8211; 215 x 60 x 61-84 cm"}]},{"@type":"WebSite","@id":"https:\/\/truusk.store\/sv\/#website","url":"https:\/\/truusk.store\/sv\/","name":"TRUUSK - Hem, Tr\u00e4dg\u00e5rd & Fritid","description":"","publisher":{"@id":"https:\/\/truusk.store\/sv\/#organization"},"potentialAction":[{"@type":"SearchAction","target":{"@type":"EntryPoint","urlTemplate":"https:\/\/truusk.store\/sv\/?s={search_term_string}"},"query-input":{"@type":"PropertyValueSpecification","valueRequired":true,"valueName":"search_term_string"}}],"inLanguage":"sv-SE"},{"@type":"Organization","@id":"https:\/\/truusk.store\/sv\/#organization","name":"TRUUSK - Hem, Tr\u00e4dg\u00e5rd & Fritid","url":"https:\/\/truusk.store\/sv\/","logo":{"@type":"ImageObject","inLanguage":"sv-SE","@id":"https:\/\/truusk.store\/sv\/#\/schema\/logo\/image\/","url":"https:\/\/i0.wp.com\/truusk.store\/wp-content\/uploads\/2026\/03\/cropped-TRUUSK.png?fit=2032%2C917&ssl=1","contentUrl":"https:\/\/i0.wp.com\/truusk.store\/wp-content\/uploads\/2026\/03\/cropped-TRUUSK.png?fit=2032%2C917&ssl=1","width":2032,"height":917,"caption":"TRUUSK - Hem, Tr\u00e4dg\u00e5rd & Fritid"},"image":{"@id":"https:\/\/truusk.store\/sv\/#\/schema\/logo\/image\/"}}]}},"jetpack_sharing_enabled":true,"_links":{"self":[{"href":"https:\/\/truusk.store\/sv\/wp-json\/wp\/v2\/product\/11046","targetHints":{"allow":["GET"]}}],"collection":[{"href":"https:\/\/truusk.store\/sv\/wp-json\/wp\/v2\/product"}],"about":[{"href":"https:\/\/truusk.store\/sv\/wp-json\/wp\/v2\/types\/product"}],"wp:featuredmedia":[{"embeddable":true,"href":"https:\/\/truusk.store\/sv\/wp-json\/wp\/v2\/media\/11047"}],"wp:attachment":[{"href":"https:\/\/truusk.store\/sv\/wp-json\/wp\/v2\/media?parent=11046"}],"wp:term":[{"taxonomy":"product_brand","embeddable":true,"href":"https:\/\/truusk.store\/sv\/wp-json\/wp\/v2\/product_brand?post=11046"},{"taxonomy":"product_cat","embeddable":true,"href":"https:\/\/truusk.store\/sv\/wp-json\/wp\/v2\/product_cat?post=11046"},{"taxonomy":"product_tag","embeddable":true,"href":"https:\/\/truusk.store\/sv\/wp-json\/wp\/v2\/product_tag?post=11046"}],"curies":[{"name":"wp","href":"https:\/\/api.w.org\/{rel}","templated":true}]}}