{"id":11110,"date":"2024-02-13T10:34:09","date_gmt":"2024-02-13T09:34:09","guid":{"rendered":"https:\/\/truusk.store\/product\/barnsoffa-barnfatolj-prinsessa-minisoffa-barnrumssoffa-hjartformad-rosa-l59-x-b415-x-h49-cm\/"},"modified":"2026-03-12T08:57:24","modified_gmt":"2026-03-12T07:57:24","slug":"truusk-barnsoffa-prinsessa-minisoffa-hjartformad-rosa-l59-x-b415-x-h49-cm-barnrumssoffa","status":"publish","type":"product","link":"https:\/\/truusk.store\/sv\/produkt\/truusk-barnsoffa-prinsessa-minisoffa-hjartformad-rosa-l59-x-b415-x-h49-cm-barnrumssoffa\/","title":{"rendered":"TRUUSK Barnsoffa Prinsessa Minisoffa &#8211; Hj\u00e4rtformad &#8211; Rosa &#8211; L59 x B41,5 x H49 cm &#8211; Barnrumssoffa"},"content":{"rendered":"<p>V\u00e5r hj\u00e4rtformade barnf\u00e5t\u00f6lj \u00e4r en idealisk present till din lilla prinsessa och \u00e4r mer \u00e4n en perfekt dekoration f\u00f6r ett barns rum eller lekrum. Grundstrukturen \u00e4r en robust ram av massivt tr\u00e4 \u00f6ver vilken ett elegant PVC-l\u00e4der\u00f6verdrag str\u00e4cks \u00f6ver ett bekv\u00e4mt skumlager. Den har en mjuk vadderad sits och tv\u00e5 bekv\u00e4ma armst\u00f6d. Stolens ryggst\u00f6d och dekorlisten \u00e4r broderade med vackra kristallknappar. Det h\u00e4r \u00e4r vad sm\u00e5 prinsessor g\u00f6r. Tv\u00e5 vadderade armst\u00f6d ger \u00e4nnu mer komfort. En design att bli k\u00e4r i, elegant komfort och uts\u00f6kt utf\u00f6rande. Dina barn kommer att sitta p\u00e5 moln 9 i v\u00e5r barnstol.<\/p>\n<h3>Beskrivning:<\/h3>\n<ul>\n<li>Hj\u00e4rtformad design med uts\u00f6kta kristallnitar<\/li>\n<li>I\u00f6gonfallande rosa f\u00e4rg<\/li>\n<li>V\u00e4lgjord och bekv\u00e4mt vadderad<\/li>\n<li>Den perfekta presenten till inga prinsessor<\/li>\n<li>Perfekt f\u00f6r barnrum, lekrum och vardagsrum<\/li>\n<li>L\u00e4tt att st\u00e4da<\/li>\n<\/ul>\n<h3>Teknisk data:<\/h3>\n<ul>\n<li>Material: PVC, skum<\/li>\n<li>F\u00e4rg: Rosa<\/li>\n<li>\u00d6vergripande m\u00e5tt: L59 x B41,5 x H49 cm<\/li>\n<li>Vikt: 6,2 kg<\/li>\n<li>\u00c5ldersrekommendation: L\u00e4mplig f\u00f6r barn i \u00e5ldrarna 1,5 till 3 \u00e5r<\/li>\n<li>Max lastkapacitet: 45 kg<\/li>\n<\/ul>\n<h3>Leveransens omfattning:<\/h3>\n<ul>\n<li>1 x barnsoffa;<\/li>\n<\/ul>\n","protected":false},"excerpt":{"rendered":"<p>V\u00e5r hj\u00e4rtformade barnf\u00e5t\u00f6lj \u00e4r en idealisk present till din lilla prinsessa och \u00e4r mer \u00e4n en perfekt dekoration f\u00f6r ett&#8230;<\/p>\n","protected":false},"featured_media":11111,"template":"","meta":[],"product_brand":[],"product_cat":[609,737,631,632],"product_tag":[],"class_list":{"0":"post-11110","1":"product","2":"type-product","3":"status-publish","4":"has-post-thumbnail","6":"product_cat-baby-barn","7":"product_cat-barnfatolj","8":"product_cat-barnmobler","9":"product_cat-sittmobler-for-barn","11":"first","12":"instock","13":"sale","14":"taxable","15":"shipping-taxable","16":"purchasable","17":"product-type-simple"},"yoast_head":"<!-- This site is optimized with the Yoast SEO plugin v25.4 - https:\/\/yoast.com\/wordpress\/plugins\/seo\/ -->\n<title>TRUUSK Barnsoffa Prinsessa Minisoffa - Hj\u00e4rtformad - Rosa - L59 x B41,5 x H49 cm - Barnrumssoffa - TRUUSK - Hem, Tr\u00e4dg\u00e5rd &amp; Fritid<\/title>\n<meta name=\"robots\" content=\"index, follow, max-snippet:-1, max-image-preview:large, max-video-preview:-1\" \/>\n<link rel=\"canonical\" href=\"https:\/\/truusk.store\/sv\/produkt\/truusk-barnsoffa-prinsessa-minisoffa-hjartformad-rosa-l59-x-b415-x-h49-cm-barnrumssoffa\/\" \/>\n<meta property=\"og:locale\" content=\"sv_SE\" \/>\n<meta property=\"og:type\" content=\"article\" \/>\n<meta property=\"og:title\" content=\"TRUUSK Barnsoffa Prinsessa Minisoffa - Hj\u00e4rtformad - Rosa - L59 x B41,5 x H49 cm - Barnrumssoffa - TRUUSK - Hem, Tr\u00e4dg\u00e5rd &amp; Fritid\" \/>\n<meta property=\"og:description\" content=\"V\u00e5r hj\u00e4rtformade barnf\u00e5t\u00f6lj \u00e4r en idealisk present till din lilla prinsessa och \u00e4r mer \u00e4n en perfekt dekoration f\u00f6r ett...\" \/>\n<meta property=\"og:url\" content=\"https:\/\/truusk.store\/sv\/produkt\/truusk-barnsoffa-prinsessa-minisoffa-hjartformad-rosa-l59-x-b415-x-h49-cm-barnrumssoffa\/\" \/>\n<meta property=\"og:site_name\" content=\"TRUUSK - Hem, Tr\u00e4dg\u00e5rd &amp; Fritid\" \/>\n<meta property=\"article:modified_time\" content=\"2026-03-12T07:57:24+00:00\" \/>\n<meta property=\"og:image\" content=\"https:\/\/i0.wp.com\/truusk.se\/wp-content\/uploads\/2024\/02\/barnsoffa-barnfatolj-prinsessa-minisoffa-barnrumssoffa-hjartformad-rosa-l59-x-b415-x-h49-cm.webp?fit=800%2C800&ssl=1\" \/>\n\t<meta property=\"og:image:width\" content=\"800\" \/>\n\t<meta property=\"og:image:height\" content=\"800\" \/>\n\t<meta property=\"og:image:type\" content=\"image\/webp\" \/>\n<meta name=\"twitter:card\" content=\"summary_large_image\" \/>\n<meta name=\"twitter:label1\" content=\"Ber\u00e4knad l\u00e4stid\" \/>\n\t<meta name=\"twitter:data1\" content=\"1 minut\" \/>\n<!-- \/ Yoast SEO plugin. -->","yoast_head_json":{"title":"TRUUSK Barnsoffa Prinsessa Minisoffa - Hj\u00e4rtformad - Rosa - L59 x B41,5 x H49 cm - Barnrumssoffa - TRUUSK - Hem, Tr\u00e4dg\u00e5rd &amp; Fritid","robots":{"index":"index","follow":"follow","max-snippet":"max-snippet:-1","max-image-preview":"max-image-preview:large","max-video-preview":"max-video-preview:-1"},"canonical":"https:\/\/truusk.store\/sv\/produkt\/truusk-barnsoffa-prinsessa-minisoffa-hjartformad-rosa-l59-x-b415-x-h49-cm-barnrumssoffa\/","og_locale":"sv_SE","og_type":"article","og_title":"TRUUSK Barnsoffa Prinsessa Minisoffa - Hj\u00e4rtformad - Rosa - L59 x B41,5 x H49 cm - Barnrumssoffa - TRUUSK - Hem, Tr\u00e4dg\u00e5rd &amp; Fritid","og_description":"V\u00e5r hj\u00e4rtformade barnf\u00e5t\u00f6lj \u00e4r en idealisk present till din lilla prinsessa och \u00e4r mer \u00e4n en perfekt dekoration f\u00f6r ett...","og_url":"https:\/\/truusk.store\/sv\/produkt\/truusk-barnsoffa-prinsessa-minisoffa-hjartformad-rosa-l59-x-b415-x-h49-cm-barnrumssoffa\/","og_site_name":"TRUUSK - Hem, Tr\u00e4dg\u00e5rd &amp; Fritid","article_modified_time":"2026-03-12T07:57:24+00:00","og_image":[{"width":800,"height":800,"url":"https:\/\/i0.wp.com\/truusk.se\/wp-content\/uploads\/2024\/02\/barnsoffa-barnfatolj-prinsessa-minisoffa-barnrumssoffa-hjartformad-rosa-l59-x-b415-x-h49-cm.webp?fit=800%2C800&ssl=1","type":"image\/webp"}],"twitter_card":"summary_large_image","twitter_misc":{"Ber\u00e4knad l\u00e4stid":"1 minut"},"schema":{"@context":"https:\/\/schema.org","@graph":[{"@type":"WebPage","@id":"https:\/\/truusk.store\/sv\/produkt\/truusk-barnsoffa-prinsessa-minisoffa-hjartformad-rosa-l59-x-b415-x-h49-cm-barnrumssoffa\/","url":"https:\/\/truusk.store\/sv\/produkt\/truusk-barnsoffa-prinsessa-minisoffa-hjartformad-rosa-l59-x-b415-x-h49-cm-barnrumssoffa\/","name":"TRUUSK Barnsoffa Prinsessa Minisoffa - Hj\u00e4rtformad - Rosa - L59 x B41,5 x H49 cm - Barnrumssoffa - TRUUSK - Hem, Tr\u00e4dg\u00e5rd &amp; Fritid","isPartOf":{"@id":"https:\/\/truusk.store\/sv\/#website"},"primaryImageOfPage":{"@id":"https:\/\/truusk.store\/sv\/produkt\/truusk-barnsoffa-prinsessa-minisoffa-hjartformad-rosa-l59-x-b415-x-h49-cm-barnrumssoffa\/#primaryimage"},"image":{"@id":"https:\/\/truusk.store\/sv\/produkt\/truusk-barnsoffa-prinsessa-minisoffa-hjartformad-rosa-l59-x-b415-x-h49-cm-barnrumssoffa\/#primaryimage"},"thumbnailUrl":"https:\/\/i0.wp.com\/truusk.store\/wp-content\/uploads\/2024\/02\/barnsoffa-barnfatolj-prinsessa-minisoffa-barnrumssoffa-hjartformad-rosa-l59-x-b415-x-h49-cm.webp?fit=800%2C800&ssl=1","datePublished":"2024-02-13T09:34:09+00:00","dateModified":"2026-03-12T07:57:24+00:00","breadcrumb":{"@id":"https:\/\/truusk.store\/sv\/produkt\/truusk-barnsoffa-prinsessa-minisoffa-hjartformad-rosa-l59-x-b415-x-h49-cm-barnrumssoffa\/#breadcrumb"},"inLanguage":"sv-SE","potentialAction":[{"@type":"ReadAction","target":["https:\/\/truusk.store\/sv\/produkt\/truusk-barnsoffa-prinsessa-minisoffa-hjartformad-rosa-l59-x-b415-x-h49-cm-barnrumssoffa\/"]}]},{"@type":"ImageObject","inLanguage":"sv-SE","@id":"https:\/\/truusk.store\/sv\/produkt\/truusk-barnsoffa-prinsessa-minisoffa-hjartformad-rosa-l59-x-b415-x-h49-cm-barnrumssoffa\/#primaryimage","url":"https:\/\/i0.wp.com\/truusk.store\/wp-content\/uploads\/2024\/02\/barnsoffa-barnfatolj-prinsessa-minisoffa-barnrumssoffa-hjartformad-rosa-l59-x-b415-x-h49-cm.webp?fit=800%2C800&ssl=1","contentUrl":"https:\/\/i0.wp.com\/truusk.store\/wp-content\/uploads\/2024\/02\/barnsoffa-barnfatolj-prinsessa-minisoffa-barnrumssoffa-hjartformad-rosa-l59-x-b415-x-h49-cm.webp?fit=800%2C800&ssl=1","width":800,"height":800,"caption":"Barnsoffa Barnf\u00e5t\u00f6lj Prinsessa Minisoffa Barnrumssoffa Hj\u00e4rtformad Rosa L59 X B41,5 X H49 Cm 1"},{"@type":"BreadcrumbList","@id":"https:\/\/truusk.store\/sv\/produkt\/truusk-barnsoffa-prinsessa-minisoffa-hjartformad-rosa-l59-x-b415-x-h49-cm-barnrumssoffa\/#breadcrumb","itemListElement":[{"@type":"ListItem","position":1,"name":"Home","item":"https:\/\/truusk.store\/sv\/"},{"@type":"ListItem","position":2,"name":"Shop","item":"https:\/\/truusk.store\/shop\/"},{"@type":"ListItem","position":3,"name":"TRUUSK Barnsoffa Prinsessa Minisoffa &#8211; Hj\u00e4rtformad &#8211; Rosa &#8211; L59 x B41,5 x H49 cm &#8211; Barnrumssoffa"}]},{"@type":"WebSite","@id":"https:\/\/truusk.store\/sv\/#website","url":"https:\/\/truusk.store\/sv\/","name":"TRUUSK - Hem, Tr\u00e4dg\u00e5rd & Fritid","description":"","publisher":{"@id":"https:\/\/truusk.store\/sv\/#organization"},"potentialAction":[{"@type":"SearchAction","target":{"@type":"EntryPoint","urlTemplate":"https:\/\/truusk.store\/sv\/?s={search_term_string}"},"query-input":{"@type":"PropertyValueSpecification","valueRequired":true,"valueName":"search_term_string"}}],"inLanguage":"sv-SE"},{"@type":"Organization","@id":"https:\/\/truusk.store\/sv\/#organization","name":"TRUUSK - Hem, Tr\u00e4dg\u00e5rd & Fritid","url":"https:\/\/truusk.store\/sv\/","logo":{"@type":"ImageObject","inLanguage":"sv-SE","@id":"https:\/\/truusk.store\/sv\/#\/schema\/logo\/image\/","url":"https:\/\/i0.wp.com\/truusk.store\/wp-content\/uploads\/2026\/03\/cropped-TRUUSK.png?fit=2032%2C917&ssl=1","contentUrl":"https:\/\/i0.wp.com\/truusk.store\/wp-content\/uploads\/2026\/03\/cropped-TRUUSK.png?fit=2032%2C917&ssl=1","width":2032,"height":917,"caption":"TRUUSK - Hem, Tr\u00e4dg\u00e5rd & Fritid"},"image":{"@id":"https:\/\/truusk.store\/sv\/#\/schema\/logo\/image\/"}}]}},"jetpack_sharing_enabled":true,"_links":{"self":[{"href":"https:\/\/truusk.store\/sv\/wp-json\/wp\/v2\/product\/11110","targetHints":{"allow":["GET"]}}],"collection":[{"href":"https:\/\/truusk.store\/sv\/wp-json\/wp\/v2\/product"}],"about":[{"href":"https:\/\/truusk.store\/sv\/wp-json\/wp\/v2\/types\/product"}],"wp:featuredmedia":[{"embeddable":true,"href":"https:\/\/truusk.store\/sv\/wp-json\/wp\/v2\/media\/11111"}],"wp:attachment":[{"href":"https:\/\/truusk.store\/sv\/wp-json\/wp\/v2\/media?parent=11110"}],"wp:term":[{"taxonomy":"product_brand","embeddable":true,"href":"https:\/\/truusk.store\/sv\/wp-json\/wp\/v2\/product_brand?post=11110"},{"taxonomy":"product_cat","embeddable":true,"href":"https:\/\/truusk.store\/sv\/wp-json\/wp\/v2\/product_cat?post=11110"},{"taxonomy":"product_tag","embeddable":true,"href":"https:\/\/truusk.store\/sv\/wp-json\/wp\/v2\/product_tag?post=11110"}],"curies":[{"name":"wp","href":"https:\/\/api.w.org\/{rel}","templated":true}]}}