{"id":11129,"date":"2024-02-13T10:34:42","date_gmt":"2024-02-13T09:34:42","guid":{"rendered":"https:\/\/truusk.store\/product\/hollywood-gunga-3-sits-med-takgynga-polyrattan-metall-svart-198-x-124-x-179-cm\/"},"modified":"2026-03-12T08:57:24","modified_gmt":"2026-03-12T07:57:24","slug":"truusk-hollywood-gunga-3-sits-med-takgynga-polyrattan-metall-svart-198-x-124-x-179-cm","status":"publish","type":"product","link":"https:\/\/truusk.store\/sv\/produkt\/truusk-hollywood-gunga-3-sits-med-takgynga-polyrattan-metall-svart-198-x-124-x-179-cm\/","title":{"rendered":"TRUUSK Hollywood Gunga 3-sits &#8211; Med Takgynga Polyrattan &#8211; Metall Svart &#8211; 198 X 124 X 179 Cm"},"content":{"rendered":"<p>Berika din tr\u00e4dg\u00e5rd med denna bekv\u00e4ma, moderna gungstol! Det robusta materialet och den mycket stabila metallramen g\u00f6r denna gunga v\u00e4derbest\u00e4ndig, extremt t\u00e5lig och l\u00e4mplig f\u00f6r l\u00e5ngvarig utomhusbruk. Den praktiska markisen erbjuder s\u00e4kerhet under ljusa sommardagar och l\u00e5ter dig koppla av i den behagliga skuggan med upp till tv\u00e5 personer. S\u00e5 h\u00e4r kan sommaren komma!<\/p>\n<h3>Beskrivning:<\/h3>\n<ul>\n<li>L\u00e4tt justerbar lutningsvinkel p\u00e5 soltaket f\u00f6r att anpassa sig till solens position<\/li>\n<li>Rymlig sittgrupp f\u00f6r upp till 3 personer<\/li>\n<li>Handgjord rottingfl\u00e4tning, UV-best\u00e4ndig och v\u00e4derbest\u00e4ndig<\/li>\n<li>Pulverlackerad metallram f\u00f6r rostbest\u00e4ndighet och stabilitet<\/li>\n<li>Vadderade sittdynor med vattent\u00e4ta, avtagbara kl\u00e4dsel<\/li>\n<li>Enkel konstruktion<\/li>\n<\/ul>\n<h3>Teknisk data:<\/h3>\n<ul>\n<li>Material: metall, PE polyrattan<\/li>\n<li>F\u00e4rg: Svart+kr\u00e4m<\/li>\n<li>\u00d6vergripande m\u00e5tt: L198 x B124 x H179 cm<\/li>\n<li>Sittyta: L145 x B50cm<\/li>\n<li>Sitth\u00f6jd (utan dyna): 48cm<\/li>\n<li>Max lastkapacitet: 360kg<\/li>\n<\/ul>\n<h3>Leveransens omfattning:<\/h3>\n<ul>\n<li>1 x verandagunga<\/li>\n<li>1 x Sittdyna<\/li>\n<li>VIKTIGT: Vi levererar varan till trottoarkanten utan kostnad. Se till att du anger r\u00e4tt adress och telefonnummer.<\/li>\n<\/ul>\n","protected":false},"excerpt":{"rendered":"<p>Berika din tr\u00e4dg\u00e5rd med denna bekv\u00e4ma, moderna gungstol! Det robusta materialet och den mycket stabila metallramen g\u00f6r denna gunga v\u00e4derbest\u00e4ndig,&#8230;<\/p>\n","protected":false},"featured_media":11130,"template":"","meta":[],"product_brand":[],"product_cat":[453,435,450],"product_tag":[],"class_list":{"0":"post-11129","1":"product","2":"type-product","3":"status-publish","4":"has-post-thumbnail","6":"product_cat-hollywood-gungor","7":"product_cat-tradgard-och-terrass","8":"product_cat-tradgardsmobler","10":"first","11":"instock","12":"sale","13":"taxable","14":"shipping-taxable","15":"purchasable","16":"product-type-simple"},"yoast_head":"<!-- This site is optimized with the Yoast SEO plugin v25.4 - https:\/\/yoast.com\/wordpress\/plugins\/seo\/ -->\n<title>TRUUSK Hollywood Gunga 3-sits - Med Takgynga Polyrattan - Metall Svart - 198 X 124 X 179 Cm - TRUUSK - Hem, Tr\u00e4dg\u00e5rd &amp; Fritid<\/title>\n<meta name=\"robots\" content=\"index, follow, max-snippet:-1, max-image-preview:large, max-video-preview:-1\" \/>\n<link rel=\"canonical\" href=\"https:\/\/truusk.store\/sv\/produkt\/truusk-hollywood-gunga-3-sits-med-takgynga-polyrattan-metall-svart-198-x-124-x-179-cm\/\" \/>\n<meta property=\"og:locale\" content=\"sv_SE\" \/>\n<meta property=\"og:type\" content=\"article\" \/>\n<meta property=\"og:title\" content=\"TRUUSK Hollywood Gunga 3-sits - Med Takgynga Polyrattan - Metall Svart - 198 X 124 X 179 Cm - TRUUSK - Hem, Tr\u00e4dg\u00e5rd &amp; Fritid\" \/>\n<meta property=\"og:description\" content=\"Berika din tr\u00e4dg\u00e5rd med denna bekv\u00e4ma, moderna gungstol! Det robusta materialet och den mycket stabila metallramen g\u00f6r denna gunga v\u00e4derbest\u00e4ndig,...\" \/>\n<meta property=\"og:url\" content=\"https:\/\/truusk.store\/sv\/produkt\/truusk-hollywood-gunga-3-sits-med-takgynga-polyrattan-metall-svart-198-x-124-x-179-cm\/\" \/>\n<meta property=\"og:site_name\" content=\"TRUUSK - Hem, Tr\u00e4dg\u00e5rd &amp; Fritid\" \/>\n<meta property=\"article:modified_time\" content=\"2026-03-12T07:57:24+00:00\" \/>\n<meta property=\"og:image\" content=\"https:\/\/i0.wp.com\/truusk.se\/wp-content\/uploads\/2024\/02\/hollywood-gunga-3-sits-med-takgynga-polyrattan-metall-svart-198-x-124-x-179-cm.webp?fit=800%2C800&ssl=1\" \/>\n\t<meta property=\"og:image:width\" content=\"800\" \/>\n\t<meta property=\"og:image:height\" content=\"800\" \/>\n\t<meta property=\"og:image:type\" content=\"image\/webp\" \/>\n<meta name=\"twitter:card\" content=\"summary_large_image\" \/>\n<meta name=\"twitter:label1\" content=\"Ber\u00e4knad l\u00e4stid\" \/>\n\t<meta name=\"twitter:data1\" content=\"1 minut\" \/>\n<!-- \/ Yoast SEO plugin. -->","yoast_head_json":{"title":"TRUUSK Hollywood Gunga 3-sits - Med Takgynga Polyrattan - Metall Svart - 198 X 124 X 179 Cm - TRUUSK - Hem, Tr\u00e4dg\u00e5rd &amp; Fritid","robots":{"index":"index","follow":"follow","max-snippet":"max-snippet:-1","max-image-preview":"max-image-preview:large","max-video-preview":"max-video-preview:-1"},"canonical":"https:\/\/truusk.store\/sv\/produkt\/truusk-hollywood-gunga-3-sits-med-takgynga-polyrattan-metall-svart-198-x-124-x-179-cm\/","og_locale":"sv_SE","og_type":"article","og_title":"TRUUSK Hollywood Gunga 3-sits - Med Takgynga Polyrattan - Metall Svart - 198 X 124 X 179 Cm - TRUUSK - Hem, Tr\u00e4dg\u00e5rd &amp; Fritid","og_description":"Berika din tr\u00e4dg\u00e5rd med denna bekv\u00e4ma, moderna gungstol! Det robusta materialet och den mycket stabila metallramen g\u00f6r denna gunga v\u00e4derbest\u00e4ndig,...","og_url":"https:\/\/truusk.store\/sv\/produkt\/truusk-hollywood-gunga-3-sits-med-takgynga-polyrattan-metall-svart-198-x-124-x-179-cm\/","og_site_name":"TRUUSK - Hem, Tr\u00e4dg\u00e5rd &amp; Fritid","article_modified_time":"2026-03-12T07:57:24+00:00","og_image":[{"width":800,"height":800,"url":"https:\/\/i0.wp.com\/truusk.se\/wp-content\/uploads\/2024\/02\/hollywood-gunga-3-sits-med-takgynga-polyrattan-metall-svart-198-x-124-x-179-cm.webp?fit=800%2C800&ssl=1","type":"image\/webp"}],"twitter_card":"summary_large_image","twitter_misc":{"Ber\u00e4knad l\u00e4stid":"1 minut"},"schema":{"@context":"https:\/\/schema.org","@graph":[{"@type":"WebPage","@id":"https:\/\/truusk.store\/sv\/produkt\/truusk-hollywood-gunga-3-sits-med-takgynga-polyrattan-metall-svart-198-x-124-x-179-cm\/","url":"https:\/\/truusk.store\/sv\/produkt\/truusk-hollywood-gunga-3-sits-med-takgynga-polyrattan-metall-svart-198-x-124-x-179-cm\/","name":"TRUUSK Hollywood Gunga 3-sits - Med Takgynga Polyrattan - Metall Svart - 198 X 124 X 179 Cm - TRUUSK - Hem, Tr\u00e4dg\u00e5rd &amp; Fritid","isPartOf":{"@id":"https:\/\/truusk.store\/sv\/#website"},"primaryImageOfPage":{"@id":"https:\/\/truusk.store\/sv\/produkt\/truusk-hollywood-gunga-3-sits-med-takgynga-polyrattan-metall-svart-198-x-124-x-179-cm\/#primaryimage"},"image":{"@id":"https:\/\/truusk.store\/sv\/produkt\/truusk-hollywood-gunga-3-sits-med-takgynga-polyrattan-metall-svart-198-x-124-x-179-cm\/#primaryimage"},"thumbnailUrl":"https:\/\/i0.wp.com\/truusk.store\/wp-content\/uploads\/2024\/02\/hollywood-gunga-3-sits-med-takgynga-polyrattan-metall-svart-198-x-124-x-179-cm.webp?fit=800%2C800&ssl=1","datePublished":"2024-02-13T09:34:42+00:00","dateModified":"2026-03-12T07:57:24+00:00","breadcrumb":{"@id":"https:\/\/truusk.store\/sv\/produkt\/truusk-hollywood-gunga-3-sits-med-takgynga-polyrattan-metall-svart-198-x-124-x-179-cm\/#breadcrumb"},"inLanguage":"sv-SE","potentialAction":[{"@type":"ReadAction","target":["https:\/\/truusk.store\/sv\/produkt\/truusk-hollywood-gunga-3-sits-med-takgynga-polyrattan-metall-svart-198-x-124-x-179-cm\/"]}]},{"@type":"ImageObject","inLanguage":"sv-SE","@id":"https:\/\/truusk.store\/sv\/produkt\/truusk-hollywood-gunga-3-sits-med-takgynga-polyrattan-metall-svart-198-x-124-x-179-cm\/#primaryimage","url":"https:\/\/i0.wp.com\/truusk.store\/wp-content\/uploads\/2024\/02\/hollywood-gunga-3-sits-med-takgynga-polyrattan-metall-svart-198-x-124-x-179-cm.webp?fit=800%2C800&ssl=1","contentUrl":"https:\/\/i0.wp.com\/truusk.store\/wp-content\/uploads\/2024\/02\/hollywood-gunga-3-sits-med-takgynga-polyrattan-metall-svart-198-x-124-x-179-cm.webp?fit=800%2C800&ssl=1","width":800,"height":800,"caption":"Hollywood Gunga 3-sits Med Takgynga Polyrattan + Metall Svart 198 X 124 X 179 Cm 1"},{"@type":"BreadcrumbList","@id":"https:\/\/truusk.store\/sv\/produkt\/truusk-hollywood-gunga-3-sits-med-takgynga-polyrattan-metall-svart-198-x-124-x-179-cm\/#breadcrumb","itemListElement":[{"@type":"ListItem","position":1,"name":"Home","item":"https:\/\/truusk.store\/sv\/"},{"@type":"ListItem","position":2,"name":"Shop","item":"https:\/\/truusk.store\/shop\/"},{"@type":"ListItem","position":3,"name":"TRUUSK Hollywood Gunga 3-sits &#8211; Med Takgynga Polyrattan &#8211; Metall Svart &#8211; 198 X 124 X 179 Cm"}]},{"@type":"WebSite","@id":"https:\/\/truusk.store\/sv\/#website","url":"https:\/\/truusk.store\/sv\/","name":"TRUUSK - Hem, Tr\u00e4dg\u00e5rd & Fritid","description":"","publisher":{"@id":"https:\/\/truusk.store\/sv\/#organization"},"potentialAction":[{"@type":"SearchAction","target":{"@type":"EntryPoint","urlTemplate":"https:\/\/truusk.store\/sv\/?s={search_term_string}"},"query-input":{"@type":"PropertyValueSpecification","valueRequired":true,"valueName":"search_term_string"}}],"inLanguage":"sv-SE"},{"@type":"Organization","@id":"https:\/\/truusk.store\/sv\/#organization","name":"TRUUSK - Hem, Tr\u00e4dg\u00e5rd & Fritid","url":"https:\/\/truusk.store\/sv\/","logo":{"@type":"ImageObject","inLanguage":"sv-SE","@id":"https:\/\/truusk.store\/sv\/#\/schema\/logo\/image\/","url":"https:\/\/i0.wp.com\/truusk.store\/wp-content\/uploads\/2026\/03\/cropped-TRUUSK.png?fit=2032%2C917&ssl=1","contentUrl":"https:\/\/i0.wp.com\/truusk.store\/wp-content\/uploads\/2026\/03\/cropped-TRUUSK.png?fit=2032%2C917&ssl=1","width":2032,"height":917,"caption":"TRUUSK - Hem, Tr\u00e4dg\u00e5rd & Fritid"},"image":{"@id":"https:\/\/truusk.store\/sv\/#\/schema\/logo\/image\/"}}]}},"jetpack_sharing_enabled":true,"_links":{"self":[{"href":"https:\/\/truusk.store\/sv\/wp-json\/wp\/v2\/product\/11129","targetHints":{"allow":["GET"]}}],"collection":[{"href":"https:\/\/truusk.store\/sv\/wp-json\/wp\/v2\/product"}],"about":[{"href":"https:\/\/truusk.store\/sv\/wp-json\/wp\/v2\/types\/product"}],"wp:featuredmedia":[{"embeddable":true,"href":"https:\/\/truusk.store\/sv\/wp-json\/wp\/v2\/media\/11130"}],"wp:attachment":[{"href":"https:\/\/truusk.store\/sv\/wp-json\/wp\/v2\/media?parent=11129"}],"wp:term":[{"taxonomy":"product_brand","embeddable":true,"href":"https:\/\/truusk.store\/sv\/wp-json\/wp\/v2\/product_brand?post=11129"},{"taxonomy":"product_cat","embeddable":true,"href":"https:\/\/truusk.store\/sv\/wp-json\/wp\/v2\/product_cat?post=11129"},{"taxonomy":"product_tag","embeddable":true,"href":"https:\/\/truusk.store\/sv\/wp-json\/wp\/v2\/product_tag?post=11129"}],"curies":[{"name":"wp","href":"https:\/\/api.w.org\/{rel}","templated":true}]}}