{"id":11217,"date":"2024-02-13T10:36:57","date_gmt":"2024-02-13T09:36:57","guid":{"rendered":"https:\/\/truusk.store\/product\/solstol-med-dubbelsang-i-polyrattan-solstol-tradgardssang-for-2-personer-relaxsang-lyxlounge-5-vanings-ryggstod-metall-pe-rottinggra-196-x-120-x-28-cm\/"},"modified":"2026-03-12T08:57:24","modified_gmt":"2026-03-12T07:57:24","slug":"truusk-solstol-med-dubbelsang-i-polyrattan-tradgardssang-for-2-personer-relaxsang-lyxlounge-5-vanings-ryggstod-metall","status":"publish","type":"product","link":"https:\/\/truusk.store\/sv\/produkt\/truusk-solstol-med-dubbelsang-i-polyrattan-tradgardssang-for-2-personer-relaxsang-lyxlounge-5-vanings-ryggstod-metall\/","title":{"rendered":"TRUUSK Solstol Med Dubbels\u00e4ng i Polyrattan &#8211; Tr\u00e4dg\u00e5rdss\u00e4ng f\u00f6r 2 Personer &#8211; Relaxs\u00e4ng &#8211; Lyxlounge &#8211; 5-v\u00e5nings Ryggst\u00f6d &#8211; Metall"},"content":{"rendered":"<p>Sitt bekv\u00e4mt p\u00e5 denna solstol och njut av den friska luften i din tr\u00e4dg\u00e5rd i trevligt s\u00e4llskap. Den robusta metallramen \u00e4r t\u00e4ckt av v\u00e4derbest\u00e4ndig plastrotting, s\u00e5 denna solstol ser inte bara s\u00e4rskilt modern och smakfull ut, utan \u00e4r ocks\u00e5 idealisk f\u00f6r l\u00e5ngvarig utomhusbruk. Den gener\u00f6sa stoppningen och ett 5-niv\u00e5s justerbart ryggst\u00f6d g\u00f6r att du snabbt kan hitta den optimala liggpositionen.<\/p>\n<h3>Beskrivning:<\/h3>\n<ul>\n<li>Tr\u00e4dg\u00e5rdss\u00e4ng f\u00f6r 2 personer<\/li>\n<li>L\u00e4mplig f\u00f6r utomhusomr\u00e5den som tr\u00e4dg\u00e5rdar, pooler etc., samt inomhusomr\u00e5den<\/li>\n<li>Tillverkad av robust metallram och v\u00e4derbest\u00e4ndig plastrotting<\/li>\n<li>Ryggst\u00f6den kan st\u00e4llas in i 5 niv\u00e5er<\/li>\n<li>Gener\u00f6s stoppning s\u00e4kerst\u00e4ller optimal komfort<\/li>\n<li>Vattent\u00e4ta kl\u00e4dsel\u00f6verdrag kan enkelt bytas och reng\u00f6ras<\/li>\n<li>Montering kr\u00e4vs<\/li>\n<\/ul>\n<h3>Teknisk data:<\/h3>\n<ul>\n<li>Material: Galvaniserad ram, PE-rotting, skum, polyester<\/li>\n<li>\u00d6vergripande m\u00e5tt: L196 x B120 x H28 cm<\/li>\n<li>Sitsm\u00e5tt: L123 x B60 x H23 cm<\/li>\n<li>Ryggst\u00f6dsh\u00f6jd: 63-91 cm<\/li>\n<li>F\u00e4rg gr\u00e5<\/li>\n<\/ul>\n<h3>Leveransens omfattning:<\/h3>\n<ul>\n<li>1 x dubbels\u00e4ng<\/li>\n<li>1 x Monteringsanvisning<\/li>\n<\/ul>\n","protected":false},"excerpt":{"rendered":"<p>Sitt bekv\u00e4mt p\u00e5 denna solstol och njut av den friska luften i din tr\u00e4dg\u00e5rd i trevligt s\u00e4llskap. Den robusta metallramen&#8230;<\/p>\n","protected":false},"featured_media":11218,"template":"","meta":[],"product_brand":[],"product_cat":[451,435,450],"product_tag":[],"class_list":{"0":"post-11217","1":"product","2":"type-product","3":"status-publish","4":"has-post-thumbnail","6":"product_cat-solstolar","7":"product_cat-tradgard-och-terrass","8":"product_cat-tradgardsmobler","10":"first","11":"instock","12":"sale","13":"taxable","14":"shipping-taxable","15":"purchasable","16":"product-type-simple"},"yoast_head":"<!-- This site is optimized with the Yoast SEO plugin v25.4 - https:\/\/yoast.com\/wordpress\/plugins\/seo\/ -->\n<title>TRUUSK Solstol Med Dubbels\u00e4ng i Polyrattan - Tr\u00e4dg\u00e5rdss\u00e4ng f\u00f6r 2 Personer - Relaxs\u00e4ng - Lyxlounge - 5-v\u00e5nings Ryggst\u00f6d - Metall - TRUUSK - Hem, Tr\u00e4dg\u00e5rd &amp; Fritid<\/title>\n<meta name=\"robots\" content=\"index, follow, max-snippet:-1, max-image-preview:large, max-video-preview:-1\" \/>\n<link rel=\"canonical\" href=\"https:\/\/truusk.store\/sv\/produkt\/truusk-solstol-med-dubbelsang-i-polyrattan-tradgardssang-for-2-personer-relaxsang-lyxlounge-5-vanings-ryggstod-metall\/\" \/>\n<meta property=\"og:locale\" content=\"sv_SE\" \/>\n<meta property=\"og:type\" content=\"article\" \/>\n<meta property=\"og:title\" content=\"TRUUSK Solstol Med Dubbels\u00e4ng i Polyrattan - Tr\u00e4dg\u00e5rdss\u00e4ng f\u00f6r 2 Personer - Relaxs\u00e4ng - Lyxlounge - 5-v\u00e5nings Ryggst\u00f6d - Metall - TRUUSK - Hem, Tr\u00e4dg\u00e5rd &amp; Fritid\" \/>\n<meta property=\"og:description\" content=\"Sitt bekv\u00e4mt p\u00e5 denna solstol och njut av den friska luften i din tr\u00e4dg\u00e5rd i trevligt s\u00e4llskap. Den robusta metallramen...\" \/>\n<meta property=\"og:url\" content=\"https:\/\/truusk.store\/sv\/produkt\/truusk-solstol-med-dubbelsang-i-polyrattan-tradgardssang-for-2-personer-relaxsang-lyxlounge-5-vanings-ryggstod-metall\/\" \/>\n<meta property=\"og:site_name\" content=\"TRUUSK - Hem, Tr\u00e4dg\u00e5rd &amp; Fritid\" \/>\n<meta property=\"article:modified_time\" content=\"2026-03-12T07:57:24+00:00\" \/>\n<meta property=\"og:image\" content=\"https:\/\/i0.wp.com\/truusk.se\/wp-content\/uploads\/2024\/02\/solstol-med-dubbelsang-i-polyrattan-solstol-tradgardssang-for-2-personer-relaxsang-lyxlounge-5-vanings-ryggstod-metall-pe-rottinggra-196-x-120-x-28-cm.webp?fit=800%2C800&ssl=1\" \/>\n\t<meta property=\"og:image:width\" content=\"800\" \/>\n\t<meta property=\"og:image:height\" content=\"800\" \/>\n\t<meta property=\"og:image:type\" content=\"image\/webp\" \/>\n<meta name=\"twitter:card\" content=\"summary_large_image\" \/>\n<meta name=\"twitter:label1\" content=\"Ber\u00e4knad l\u00e4stid\" \/>\n\t<meta name=\"twitter:data1\" content=\"1 minut\" \/>\n<!-- \/ Yoast SEO plugin. -->","yoast_head_json":{"title":"TRUUSK Solstol Med Dubbels\u00e4ng i Polyrattan - Tr\u00e4dg\u00e5rdss\u00e4ng f\u00f6r 2 Personer - Relaxs\u00e4ng - Lyxlounge - 5-v\u00e5nings Ryggst\u00f6d - Metall - TRUUSK - Hem, Tr\u00e4dg\u00e5rd &amp; Fritid","robots":{"index":"index","follow":"follow","max-snippet":"max-snippet:-1","max-image-preview":"max-image-preview:large","max-video-preview":"max-video-preview:-1"},"canonical":"https:\/\/truusk.store\/sv\/produkt\/truusk-solstol-med-dubbelsang-i-polyrattan-tradgardssang-for-2-personer-relaxsang-lyxlounge-5-vanings-ryggstod-metall\/","og_locale":"sv_SE","og_type":"article","og_title":"TRUUSK Solstol Med Dubbels\u00e4ng i Polyrattan - Tr\u00e4dg\u00e5rdss\u00e4ng f\u00f6r 2 Personer - Relaxs\u00e4ng - Lyxlounge - 5-v\u00e5nings Ryggst\u00f6d - Metall - TRUUSK - Hem, Tr\u00e4dg\u00e5rd &amp; Fritid","og_description":"Sitt bekv\u00e4mt p\u00e5 denna solstol och njut av den friska luften i din tr\u00e4dg\u00e5rd i trevligt s\u00e4llskap. Den robusta metallramen...","og_url":"https:\/\/truusk.store\/sv\/produkt\/truusk-solstol-med-dubbelsang-i-polyrattan-tradgardssang-for-2-personer-relaxsang-lyxlounge-5-vanings-ryggstod-metall\/","og_site_name":"TRUUSK - Hem, Tr\u00e4dg\u00e5rd &amp; Fritid","article_modified_time":"2026-03-12T07:57:24+00:00","og_image":[{"width":800,"height":800,"url":"https:\/\/i0.wp.com\/truusk.se\/wp-content\/uploads\/2024\/02\/solstol-med-dubbelsang-i-polyrattan-solstol-tradgardssang-for-2-personer-relaxsang-lyxlounge-5-vanings-ryggstod-metall-pe-rottinggra-196-x-120-x-28-cm.webp?fit=800%2C800&ssl=1","type":"image\/webp"}],"twitter_card":"summary_large_image","twitter_misc":{"Ber\u00e4knad l\u00e4stid":"1 minut"},"schema":{"@context":"https:\/\/schema.org","@graph":[{"@type":"WebPage","@id":"https:\/\/truusk.store\/sv\/produkt\/truusk-solstol-med-dubbelsang-i-polyrattan-tradgardssang-for-2-personer-relaxsang-lyxlounge-5-vanings-ryggstod-metall\/","url":"https:\/\/truusk.store\/sv\/produkt\/truusk-solstol-med-dubbelsang-i-polyrattan-tradgardssang-for-2-personer-relaxsang-lyxlounge-5-vanings-ryggstod-metall\/","name":"TRUUSK Solstol Med Dubbels\u00e4ng i Polyrattan - Tr\u00e4dg\u00e5rdss\u00e4ng f\u00f6r 2 Personer - Relaxs\u00e4ng - Lyxlounge - 5-v\u00e5nings Ryggst\u00f6d - Metall - TRUUSK - Hem, Tr\u00e4dg\u00e5rd &amp; Fritid","isPartOf":{"@id":"https:\/\/truusk.store\/sv\/#website"},"primaryImageOfPage":{"@id":"https:\/\/truusk.store\/sv\/produkt\/truusk-solstol-med-dubbelsang-i-polyrattan-tradgardssang-for-2-personer-relaxsang-lyxlounge-5-vanings-ryggstod-metall\/#primaryimage"},"image":{"@id":"https:\/\/truusk.store\/sv\/produkt\/truusk-solstol-med-dubbelsang-i-polyrattan-tradgardssang-for-2-personer-relaxsang-lyxlounge-5-vanings-ryggstod-metall\/#primaryimage"},"thumbnailUrl":"https:\/\/i0.wp.com\/truusk.store\/wp-content\/uploads\/2024\/02\/solstol-med-dubbelsang-i-polyrattan-solstol-tradgardssang-for-2-personer-relaxsang-lyxlounge-5-vanings-ryggstod-metall-pe-rottinggra-196-x-120-x-28-cm.webp?fit=800%2C800&ssl=1","datePublished":"2024-02-13T09:36:57+00:00","dateModified":"2026-03-12T07:57:24+00:00","breadcrumb":{"@id":"https:\/\/truusk.store\/sv\/produkt\/truusk-solstol-med-dubbelsang-i-polyrattan-tradgardssang-for-2-personer-relaxsang-lyxlounge-5-vanings-ryggstod-metall\/#breadcrumb"},"inLanguage":"sv-SE","potentialAction":[{"@type":"ReadAction","target":["https:\/\/truusk.store\/sv\/produkt\/truusk-solstol-med-dubbelsang-i-polyrattan-tradgardssang-for-2-personer-relaxsang-lyxlounge-5-vanings-ryggstod-metall\/"]}]},{"@type":"ImageObject","inLanguage":"sv-SE","@id":"https:\/\/truusk.store\/sv\/produkt\/truusk-solstol-med-dubbelsang-i-polyrattan-tradgardssang-for-2-personer-relaxsang-lyxlounge-5-vanings-ryggstod-metall\/#primaryimage","url":"https:\/\/i0.wp.com\/truusk.store\/wp-content\/uploads\/2024\/02\/solstol-med-dubbelsang-i-polyrattan-solstol-tradgardssang-for-2-personer-relaxsang-lyxlounge-5-vanings-ryggstod-metall-pe-rottinggra-196-x-120-x-28-cm.webp?fit=800%2C800&ssl=1","contentUrl":"https:\/\/i0.wp.com\/truusk.store\/wp-content\/uploads\/2024\/02\/solstol-med-dubbelsang-i-polyrattan-solstol-tradgardssang-for-2-personer-relaxsang-lyxlounge-5-vanings-ryggstod-metall-pe-rottinggra-196-x-120-x-28-cm.webp?fit=800%2C800&ssl=1","width":800,"height":800,"caption":"Solstol Med Dubbels\u00e4ng I Polyrattan Solstol Tr\u00e4dg\u00e5rdss\u00e4ng F\u00f6r 2 Personer Relaxs\u00e4ng Lyxlounge 5-v\u00e5nings Ryggst\u00f6d Metall PE Rottinggr\u00e5 196 X 120 X 28 Cm 1"},{"@type":"BreadcrumbList","@id":"https:\/\/truusk.store\/sv\/produkt\/truusk-solstol-med-dubbelsang-i-polyrattan-tradgardssang-for-2-personer-relaxsang-lyxlounge-5-vanings-ryggstod-metall\/#breadcrumb","itemListElement":[{"@type":"ListItem","position":1,"name":"Home","item":"https:\/\/truusk.store\/sv\/"},{"@type":"ListItem","position":2,"name":"Shop","item":"https:\/\/truusk.store\/shop\/"},{"@type":"ListItem","position":3,"name":"TRUUSK Solstol Med Dubbels\u00e4ng i Polyrattan &#8211; Tr\u00e4dg\u00e5rdss\u00e4ng f\u00f6r 2 Personer &#8211; Relaxs\u00e4ng &#8211; Lyxlounge &#8211; 5-v\u00e5nings Ryggst\u00f6d &#8211; Metall"}]},{"@type":"WebSite","@id":"https:\/\/truusk.store\/sv\/#website","url":"https:\/\/truusk.store\/sv\/","name":"TRUUSK - Hem, Tr\u00e4dg\u00e5rd & Fritid","description":"","publisher":{"@id":"https:\/\/truusk.store\/sv\/#organization"},"potentialAction":[{"@type":"SearchAction","target":{"@type":"EntryPoint","urlTemplate":"https:\/\/truusk.store\/sv\/?s={search_term_string}"},"query-input":{"@type":"PropertyValueSpecification","valueRequired":true,"valueName":"search_term_string"}}],"inLanguage":"sv-SE"},{"@type":"Organization","@id":"https:\/\/truusk.store\/sv\/#organization","name":"TRUUSK - Hem, Tr\u00e4dg\u00e5rd & Fritid","url":"https:\/\/truusk.store\/sv\/","logo":{"@type":"ImageObject","inLanguage":"sv-SE","@id":"https:\/\/truusk.store\/sv\/#\/schema\/logo\/image\/","url":"https:\/\/i0.wp.com\/truusk.store\/wp-content\/uploads\/2026\/03\/cropped-TRUUSK.png?fit=2032%2C917&ssl=1","contentUrl":"https:\/\/i0.wp.com\/truusk.store\/wp-content\/uploads\/2026\/03\/cropped-TRUUSK.png?fit=2032%2C917&ssl=1","width":2032,"height":917,"caption":"TRUUSK - Hem, Tr\u00e4dg\u00e5rd & Fritid"},"image":{"@id":"https:\/\/truusk.store\/sv\/#\/schema\/logo\/image\/"}}]}},"jetpack_sharing_enabled":true,"_links":{"self":[{"href":"https:\/\/truusk.store\/sv\/wp-json\/wp\/v2\/product\/11217","targetHints":{"allow":["GET"]}}],"collection":[{"href":"https:\/\/truusk.store\/sv\/wp-json\/wp\/v2\/product"}],"about":[{"href":"https:\/\/truusk.store\/sv\/wp-json\/wp\/v2\/types\/product"}],"wp:featuredmedia":[{"embeddable":true,"href":"https:\/\/truusk.store\/sv\/wp-json\/wp\/v2\/media\/11218"}],"wp:attachment":[{"href":"https:\/\/truusk.store\/sv\/wp-json\/wp\/v2\/media?parent=11217"}],"wp:term":[{"taxonomy":"product_brand","embeddable":true,"href":"https:\/\/truusk.store\/sv\/wp-json\/wp\/v2\/product_brand?post=11217"},{"taxonomy":"product_cat","embeddable":true,"href":"https:\/\/truusk.store\/sv\/wp-json\/wp\/v2\/product_cat?post=11217"},{"taxonomy":"product_tag","embeddable":true,"href":"https:\/\/truusk.store\/sv\/wp-json\/wp\/v2\/product_tag?post=11217"}],"curies":[{"name":"wp","href":"https:\/\/api.w.org\/{rel}","templated":true}]}}