{"id":11239,"date":"2024-02-13T10:37:27","date_gmt":"2024-02-13T09:37:27","guid":{"rendered":"https:\/\/truusk.store\/product\/barn-akande-bil-trampbil-med-fotter-glida-barnbil-barnfordon-for-18-36-manader-latt-musik-plast-stal-gron-675-x-38-x-44-cm\/"},"modified":"2026-03-12T08:57:25","modified_gmt":"2026-03-12T07:57:25","slug":"truusk-barnvagn-och-gavagn-lattviktigt-och-lekfullt-musik-gron-675-x-38-x-44-cm","status":"publish","type":"product","link":"https:\/\/truusk.store\/sv\/produkt\/truusk-barnvagn-och-gavagn-lattviktigt-och-lekfullt-musik-gron-675-x-38-x-44-cm\/","title":{"rendered":"TRUUSK Barnvagn och G\u00e5vagn &#8211; L\u00e4ttviktigt och Lekfullt &#8211; Musik &#8211; Gr\u00f6n &#8211; 67,5 x 38 x 44 cm"},"content":{"rendered":"<p>Ta en buggytur f\u00f6r barn! Denna unika \u00e5kbara barnvagn \u00e4r designad f\u00f6r att bli ditt barns nya favoritfordon! Barnvagnen kommer att ge dina barn en lycklig och h\u00e4lsosam barndom. J\u00e4mf\u00f6rt med vanliga barnbilar \u00e4r v\u00e5r barnvagn speciellt designad f\u00f6r att kombinera musik och ljusdesign med en klassisk f\u00e4rg, s\u00e5 att dina barn blir v\u00e4ldigt aktiva.<\/p>\n<h3>Beskrivning:<\/h3>\n<ul>\n<li>Attraktiv ny stil<\/li>\n<li>Bomullskudde<\/li>\n<li>Utrustad med 3 musikstycken<\/li>\n<li>Utrustad med ljusfunktion<\/li>\n<li>L\u00e4mplig f\u00f6r barn i \u00e5ldern 18-36 m\u00e5nader och som v\u00e4ger mindre \u00e4n 20 kg<\/li>\n<li>Obs: Batterier ing\u00e5r inte<\/li>\n<\/ul>\n<h3>Teknisk data:<\/h3>\n<ul>\n<li>F\u00e4rg: gr\u00f6n<\/li>\n<li>Material: PP-plast och st\u00e5l<\/li>\n<li>M\u00e5tt: 67,5L x 38W x 44H cm. Sits: 28L x 16W x 3H cm<\/li>\n<li>Sitth\u00f6jd: 29H cm<\/li>\n<li>Lastkapacitet: 20 kg<\/li>\n<li>Rekommenderad \u00e5lder: 18-36 m\u00e5nader<\/li>\n<\/ul>\n<h3>Leveransens omfattning:<\/h3>\n<ul>\n<li>1 x barnbil<\/li>\n<li>1 x Instruktioner<\/li>\n<\/ul>\n","protected":false},"excerpt":{"rendered":"<p>Ta en buggytur f\u00f6r barn! Denna unika \u00e5kbara barnvagn \u00e4r designad f\u00f6r att bli ditt barns nya favoritfordon! Barnvagnen kommer&#8230;<\/p>\n","protected":false},"featured_media":11240,"template":"","meta":[],"product_brand":[],"product_cat":[609,613,610],"product_tag":[],"class_list":{"0":"post-11239","1":"product","2":"type-product","3":"status-publish","4":"has-post-thumbnail","6":"product_cat-baby-barn","7":"product_cat-balansera-cyklar-och-akande","8":"product_cat-barnfordon","10":"first","11":"instock","12":"sale","13":"taxable","14":"shipping-taxable","15":"purchasable","16":"product-type-simple"},"yoast_head":"<!-- This site is optimized with the Yoast SEO plugin v25.4 - https:\/\/yoast.com\/wordpress\/plugins\/seo\/ -->\n<title>TRUUSK Barnvagn och G\u00e5vagn - L\u00e4ttviktigt och Lekfullt - Musik - Gr\u00f6n - 67,5 x 38 x 44 cm - TRUUSK - Hem, Tr\u00e4dg\u00e5rd &amp; Fritid<\/title>\n<meta name=\"robots\" content=\"index, follow, max-snippet:-1, max-image-preview:large, max-video-preview:-1\" \/>\n<link rel=\"canonical\" href=\"https:\/\/truusk.store\/sv\/produkt\/truusk-barnvagn-och-gavagn-lattviktigt-och-lekfullt-musik-gron-675-x-38-x-44-cm\/\" \/>\n<meta property=\"og:locale\" content=\"sv_SE\" \/>\n<meta property=\"og:type\" content=\"article\" \/>\n<meta property=\"og:title\" content=\"TRUUSK Barnvagn och G\u00e5vagn - L\u00e4ttviktigt och Lekfullt - Musik - Gr\u00f6n - 67,5 x 38 x 44 cm - TRUUSK - Hem, Tr\u00e4dg\u00e5rd &amp; Fritid\" \/>\n<meta property=\"og:description\" content=\"Ta en buggytur f\u00f6r barn! Denna unika \u00e5kbara barnvagn \u00e4r designad f\u00f6r att bli ditt barns nya favoritfordon! Barnvagnen kommer...\" \/>\n<meta property=\"og:url\" content=\"https:\/\/truusk.store\/sv\/produkt\/truusk-barnvagn-och-gavagn-lattviktigt-och-lekfullt-musik-gron-675-x-38-x-44-cm\/\" \/>\n<meta property=\"og:site_name\" content=\"TRUUSK - Hem, Tr\u00e4dg\u00e5rd &amp; Fritid\" \/>\n<meta property=\"article:modified_time\" content=\"2026-03-12T07:57:25+00:00\" \/>\n<meta property=\"og:image\" content=\"https:\/\/i0.wp.com\/truusk.se\/wp-content\/uploads\/2024\/02\/barn-akande-bil-trampbil-med-fotter-glida-barnbil-barnfordon-for-18-36-manader-latt-musik-plast-stal-gron-675-x-38-x-44-cm.webp?fit=800%2C800&ssl=1\" \/>\n\t<meta property=\"og:image:width\" content=\"800\" \/>\n\t<meta property=\"og:image:height\" content=\"800\" \/>\n\t<meta property=\"og:image:type\" content=\"image\/webp\" \/>\n<meta name=\"twitter:card\" content=\"summary_large_image\" \/>\n<meta name=\"twitter:label1\" content=\"Ber\u00e4knad l\u00e4stid\" \/>\n\t<meta name=\"twitter:data1\" content=\"1 minut\" \/>\n<!-- \/ Yoast SEO plugin. -->","yoast_head_json":{"title":"TRUUSK Barnvagn och G\u00e5vagn - L\u00e4ttviktigt och Lekfullt - Musik - Gr\u00f6n - 67,5 x 38 x 44 cm - TRUUSK - Hem, Tr\u00e4dg\u00e5rd &amp; Fritid","robots":{"index":"index","follow":"follow","max-snippet":"max-snippet:-1","max-image-preview":"max-image-preview:large","max-video-preview":"max-video-preview:-1"},"canonical":"https:\/\/truusk.store\/sv\/produkt\/truusk-barnvagn-och-gavagn-lattviktigt-och-lekfullt-musik-gron-675-x-38-x-44-cm\/","og_locale":"sv_SE","og_type":"article","og_title":"TRUUSK Barnvagn och G\u00e5vagn - L\u00e4ttviktigt och Lekfullt - Musik - Gr\u00f6n - 67,5 x 38 x 44 cm - TRUUSK - Hem, Tr\u00e4dg\u00e5rd &amp; Fritid","og_description":"Ta en buggytur f\u00f6r barn! Denna unika \u00e5kbara barnvagn \u00e4r designad f\u00f6r att bli ditt barns nya favoritfordon! Barnvagnen kommer...","og_url":"https:\/\/truusk.store\/sv\/produkt\/truusk-barnvagn-och-gavagn-lattviktigt-och-lekfullt-musik-gron-675-x-38-x-44-cm\/","og_site_name":"TRUUSK - Hem, Tr\u00e4dg\u00e5rd &amp; Fritid","article_modified_time":"2026-03-12T07:57:25+00:00","og_image":[{"width":800,"height":800,"url":"https:\/\/i0.wp.com\/truusk.se\/wp-content\/uploads\/2024\/02\/barn-akande-bil-trampbil-med-fotter-glida-barnbil-barnfordon-for-18-36-manader-latt-musik-plast-stal-gron-675-x-38-x-44-cm.webp?fit=800%2C800&ssl=1","type":"image\/webp"}],"twitter_card":"summary_large_image","twitter_misc":{"Ber\u00e4knad l\u00e4stid":"1 minut"},"schema":{"@context":"https:\/\/schema.org","@graph":[{"@type":"WebPage","@id":"https:\/\/truusk.store\/sv\/produkt\/truusk-barnvagn-och-gavagn-lattviktigt-och-lekfullt-musik-gron-675-x-38-x-44-cm\/","url":"https:\/\/truusk.store\/sv\/produkt\/truusk-barnvagn-och-gavagn-lattviktigt-och-lekfullt-musik-gron-675-x-38-x-44-cm\/","name":"TRUUSK Barnvagn och G\u00e5vagn - L\u00e4ttviktigt och Lekfullt - Musik - Gr\u00f6n - 67,5 x 38 x 44 cm - TRUUSK - Hem, Tr\u00e4dg\u00e5rd &amp; Fritid","isPartOf":{"@id":"https:\/\/truusk.store\/sv\/#website"},"primaryImageOfPage":{"@id":"https:\/\/truusk.store\/sv\/produkt\/truusk-barnvagn-och-gavagn-lattviktigt-och-lekfullt-musik-gron-675-x-38-x-44-cm\/#primaryimage"},"image":{"@id":"https:\/\/truusk.store\/sv\/produkt\/truusk-barnvagn-och-gavagn-lattviktigt-och-lekfullt-musik-gron-675-x-38-x-44-cm\/#primaryimage"},"thumbnailUrl":"https:\/\/i0.wp.com\/truusk.store\/wp-content\/uploads\/2024\/02\/barn-akande-bil-trampbil-med-fotter-glida-barnbil-barnfordon-for-18-36-manader-latt-musik-plast-stal-gron-675-x-38-x-44-cm.webp?fit=800%2C800&ssl=1","datePublished":"2024-02-13T09:37:27+00:00","dateModified":"2026-03-12T07:57:25+00:00","breadcrumb":{"@id":"https:\/\/truusk.store\/sv\/produkt\/truusk-barnvagn-och-gavagn-lattviktigt-och-lekfullt-musik-gron-675-x-38-x-44-cm\/#breadcrumb"},"inLanguage":"sv-SE","potentialAction":[{"@type":"ReadAction","target":["https:\/\/truusk.store\/sv\/produkt\/truusk-barnvagn-och-gavagn-lattviktigt-och-lekfullt-musik-gron-675-x-38-x-44-cm\/"]}]},{"@type":"ImageObject","inLanguage":"sv-SE","@id":"https:\/\/truusk.store\/sv\/produkt\/truusk-barnvagn-och-gavagn-lattviktigt-och-lekfullt-musik-gron-675-x-38-x-44-cm\/#primaryimage","url":"https:\/\/i0.wp.com\/truusk.store\/wp-content\/uploads\/2024\/02\/barn-akande-bil-trampbil-med-fotter-glida-barnbil-barnfordon-for-18-36-manader-latt-musik-plast-stal-gron-675-x-38-x-44-cm.webp?fit=800%2C800&ssl=1","contentUrl":"https:\/\/i0.wp.com\/truusk.store\/wp-content\/uploads\/2024\/02\/barn-akande-bil-trampbil-med-fotter-glida-barnbil-barnfordon-for-18-36-manader-latt-musik-plast-stal-gron-675-x-38-x-44-cm.webp?fit=800%2C800&ssl=1","width":800,"height":800,"caption":"Barn \u00e5kande Bil Trampbil Med F\u00f6tter Glida Barnbil Barnfordon F\u00f6r 18-36 M\u00e5nader L\u00e4tt Musik Plast St\u00e5l Gr\u00f6n 67,5 X 38 X 44 Cm 1"},{"@type":"BreadcrumbList","@id":"https:\/\/truusk.store\/sv\/produkt\/truusk-barnvagn-och-gavagn-lattviktigt-och-lekfullt-musik-gron-675-x-38-x-44-cm\/#breadcrumb","itemListElement":[{"@type":"ListItem","position":1,"name":"Home","item":"https:\/\/truusk.store\/sv\/"},{"@type":"ListItem","position":2,"name":"Shop","item":"https:\/\/truusk.store\/shop\/"},{"@type":"ListItem","position":3,"name":"TRUUSK Barnvagn och G\u00e5vagn &#8211; L\u00e4ttviktigt och Lekfullt &#8211; Musik &#8211; Gr\u00f6n &#8211; 67,5 x 38 x 44 cm"}]},{"@type":"WebSite","@id":"https:\/\/truusk.store\/sv\/#website","url":"https:\/\/truusk.store\/sv\/","name":"TRUUSK - Hem, Tr\u00e4dg\u00e5rd & Fritid","description":"","publisher":{"@id":"https:\/\/truusk.store\/sv\/#organization"},"potentialAction":[{"@type":"SearchAction","target":{"@type":"EntryPoint","urlTemplate":"https:\/\/truusk.store\/sv\/?s={search_term_string}"},"query-input":{"@type":"PropertyValueSpecification","valueRequired":true,"valueName":"search_term_string"}}],"inLanguage":"sv-SE"},{"@type":"Organization","@id":"https:\/\/truusk.store\/sv\/#organization","name":"TRUUSK - Hem, Tr\u00e4dg\u00e5rd & Fritid","url":"https:\/\/truusk.store\/sv\/","logo":{"@type":"ImageObject","inLanguage":"sv-SE","@id":"https:\/\/truusk.store\/sv\/#\/schema\/logo\/image\/","url":"https:\/\/i0.wp.com\/truusk.store\/wp-content\/uploads\/2026\/03\/cropped-TRUUSK.png?fit=2032%2C917&ssl=1","contentUrl":"https:\/\/i0.wp.com\/truusk.store\/wp-content\/uploads\/2026\/03\/cropped-TRUUSK.png?fit=2032%2C917&ssl=1","width":2032,"height":917,"caption":"TRUUSK - Hem, Tr\u00e4dg\u00e5rd & Fritid"},"image":{"@id":"https:\/\/truusk.store\/sv\/#\/schema\/logo\/image\/"}}]}},"jetpack_sharing_enabled":true,"_links":{"self":[{"href":"https:\/\/truusk.store\/sv\/wp-json\/wp\/v2\/product\/11239","targetHints":{"allow":["GET"]}}],"collection":[{"href":"https:\/\/truusk.store\/sv\/wp-json\/wp\/v2\/product"}],"about":[{"href":"https:\/\/truusk.store\/sv\/wp-json\/wp\/v2\/types\/product"}],"wp:featuredmedia":[{"embeddable":true,"href":"https:\/\/truusk.store\/sv\/wp-json\/wp\/v2\/media\/11240"}],"wp:attachment":[{"href":"https:\/\/truusk.store\/sv\/wp-json\/wp\/v2\/media?parent=11239"}],"wp:term":[{"taxonomy":"product_brand","embeddable":true,"href":"https:\/\/truusk.store\/sv\/wp-json\/wp\/v2\/product_brand?post=11239"},{"taxonomy":"product_cat","embeddable":true,"href":"https:\/\/truusk.store\/sv\/wp-json\/wp\/v2\/product_cat?post=11239"},{"taxonomy":"product_tag","embeddable":true,"href":"https:\/\/truusk.store\/sv\/wp-json\/wp\/v2\/product_tag?post=11239"}],"curies":[{"name":"wp","href":"https:\/\/api.w.org\/{rel}","templated":true}]}}