{"id":11281,"date":"2024-02-13T10:38:37","date_gmt":"2024-02-13T09:38:37","guid":{"rendered":"https:\/\/truusk.store\/product\/enkelfatolj-relaxfatolj-enkelstol-stoppad-fatolj-linnetyg-i-trakansla-ljusgra-66-x-72-x-74-cm\/"},"modified":"2026-03-12T08:57:26","modified_gmt":"2026-03-12T07:57:26","slug":"truusk-enkelstol-i-linnetyg-stoppad-trakansla-ljusgra-66-x-72-x-74-cm","status":"publish","type":"product","link":"https:\/\/truusk.store\/sv\/produkt\/truusk-enkelstol-i-linnetyg-stoppad-trakansla-ljusgra-66-x-72-x-74-cm\/","title":{"rendered":"TRUUSK Enkelstol i Linnetyg &#8211; Stoppad &#8211; Tr\u00e4k\u00e4nsla &#8211; Ljusgr\u00e5 &#8211; 66 x 72 x 74 cm"},"content":{"rendered":"<p>V\u00e5r klassiska och moderna f\u00e5t\u00f6lj ger dig ren avkoppling i ditt hem. Det gr\u00e5 linne\u00f6verdraget, tillsammans med de snygga gummibenen, \u00e4r inte bara bekv\u00e4mt utan ocks\u00e5 ett riktigt blickf\u00e5ng. Den mjukt vadderade sitsen, de sv\u00e4ngda armst\u00f6den och det h\u00f6ga ryggst\u00f6det n\u00e4stlar sig ergonomiskt mot din kropp och inbjuder dig att sitta i timmar!<\/p>\n<h3>Beskrivning:<\/h3>\n<ul>\n<li>Modern tygf\u00e5t\u00f6lj med rundade armst\u00f6d f\u00f6r all inredning<\/li>\n<li>Mjukt vadderade sittdynor med h\u00f6gdensitetsskum f\u00f6r den b\u00e4sta sittupplevelsen<\/li>\n<li>Ergonomiskt utformade armst\u00f6d och ryggst\u00f6d f\u00f6r maximal komfort<\/li>\n<li>Robusta gummitr\u00e4ben garanterar god stabilitet<\/li>\n<li>Halkfria f\u00f6tter f\u00f6rhindrar repor och skador p\u00e5 ditt golv<\/li>\n<li>Montering kr\u00e4vs<\/li>\n<\/ul>\n<h3>Teknisk data:<\/h3>\n<ul>\n<li>F\u00e4rg: ljusgr\u00e5<\/li>\n<li>Material: linnetyg, gummitr\u00e4, skum<\/li>\n<li>\u00d6vergripande m\u00e5tt: 66W x 72D x 74H cm<\/li>\n<li>Sitsm\u00e5tt: 46,5W x 49D cm<\/li>\n<li>Sitth\u00f6jd: 43,5H cm<\/li>\n<li>H\u00f6jd (ryggst\u00f6d): 59H cm<\/li>\n<li>Armst\u00f6dsm\u00e5tt: 69L x 9W x 28H cm<\/li>\n<li>Lastkapacitet: 150 kg<\/li>\n<li>Artikelnummer: 839-001<\/li>\n<\/ul>\n<h3>Leveransens omfattning:<\/h3>\n<ul>\n<li>1 x Enkelstol<\/li>\n<li>1 x Monteringsanvisning<\/li>\n<\/ul>\n","protected":false},"excerpt":{"rendered":"<p>V\u00e5r klassiska och moderna f\u00e5t\u00f6lj ger dig ren avkoppling i ditt hem. Det gr\u00e5 linne\u00f6verdraget, tillsammans med de snygga gummibenen,&#8230;<\/p>\n","protected":false},"featured_media":11282,"template":"","meta":[],"product_brand":[],"product_cat":[527,521,485],"product_tag":[],"class_list":{"0":"post-11281","1":"product","2":"type-product","3":"status-publish","4":"has-post-thumbnail","6":"product_cat-cocktailstol","7":"product_cat-fatolj","8":"product_cat-hus-bo","10":"first","11":"instock","12":"sale","13":"taxable","14":"shipping-taxable","15":"purchasable","16":"product-type-simple"},"yoast_head":"<!-- This site is optimized with the Yoast SEO plugin v25.4 - https:\/\/yoast.com\/wordpress\/plugins\/seo\/ -->\n<title>TRUUSK Enkelstol i Linnetyg - Stoppad - Tr\u00e4k\u00e4nsla - Ljusgr\u00e5 - 66 x 72 x 74 cm - TRUUSK - Hem, Tr\u00e4dg\u00e5rd &amp; Fritid<\/title>\n<meta name=\"robots\" content=\"index, follow, max-snippet:-1, max-image-preview:large, max-video-preview:-1\" \/>\n<link rel=\"canonical\" href=\"https:\/\/truusk.store\/sv\/produkt\/truusk-enkelstol-i-linnetyg-stoppad-trakansla-ljusgra-66-x-72-x-74-cm\/\" \/>\n<meta property=\"og:locale\" content=\"sv_SE\" \/>\n<meta property=\"og:type\" content=\"article\" \/>\n<meta property=\"og:title\" content=\"TRUUSK Enkelstol i Linnetyg - Stoppad - Tr\u00e4k\u00e4nsla - Ljusgr\u00e5 - 66 x 72 x 74 cm - TRUUSK - Hem, Tr\u00e4dg\u00e5rd &amp; Fritid\" \/>\n<meta property=\"og:description\" content=\"V\u00e5r klassiska och moderna f\u00e5t\u00f6lj ger dig ren avkoppling i ditt hem. Det gr\u00e5 linne\u00f6verdraget, tillsammans med de snygga gummibenen,...\" \/>\n<meta property=\"og:url\" content=\"https:\/\/truusk.store\/sv\/produkt\/truusk-enkelstol-i-linnetyg-stoppad-trakansla-ljusgra-66-x-72-x-74-cm\/\" \/>\n<meta property=\"og:site_name\" content=\"TRUUSK - Hem, Tr\u00e4dg\u00e5rd &amp; Fritid\" \/>\n<meta property=\"article:modified_time\" content=\"2026-03-12T07:57:26+00:00\" \/>\n<meta property=\"og:image\" content=\"https:\/\/i0.wp.com\/truusk.se\/wp-content\/uploads\/2024\/02\/enkelfatolj-relaxfatolj-enkelstol-stoppad-fatolj-linnetyg-i-trakansla-ljusgra-66-x-72-x-74-cm.webp?fit=800%2C800&ssl=1\" \/>\n\t<meta property=\"og:image:width\" content=\"800\" \/>\n\t<meta property=\"og:image:height\" content=\"800\" \/>\n\t<meta property=\"og:image:type\" content=\"image\/webp\" \/>\n<meta name=\"twitter:card\" content=\"summary_large_image\" \/>\n<meta name=\"twitter:label1\" content=\"Ber\u00e4knad l\u00e4stid\" \/>\n\t<meta name=\"twitter:data1\" content=\"1 minut\" \/>\n<!-- \/ Yoast SEO plugin. -->","yoast_head_json":{"title":"TRUUSK Enkelstol i Linnetyg - Stoppad - Tr\u00e4k\u00e4nsla - Ljusgr\u00e5 - 66 x 72 x 74 cm - TRUUSK - Hem, Tr\u00e4dg\u00e5rd &amp; Fritid","robots":{"index":"index","follow":"follow","max-snippet":"max-snippet:-1","max-image-preview":"max-image-preview:large","max-video-preview":"max-video-preview:-1"},"canonical":"https:\/\/truusk.store\/sv\/produkt\/truusk-enkelstol-i-linnetyg-stoppad-trakansla-ljusgra-66-x-72-x-74-cm\/","og_locale":"sv_SE","og_type":"article","og_title":"TRUUSK Enkelstol i Linnetyg - Stoppad - Tr\u00e4k\u00e4nsla - Ljusgr\u00e5 - 66 x 72 x 74 cm - TRUUSK - Hem, Tr\u00e4dg\u00e5rd &amp; Fritid","og_description":"V\u00e5r klassiska och moderna f\u00e5t\u00f6lj ger dig ren avkoppling i ditt hem. Det gr\u00e5 linne\u00f6verdraget, tillsammans med de snygga gummibenen,...","og_url":"https:\/\/truusk.store\/sv\/produkt\/truusk-enkelstol-i-linnetyg-stoppad-trakansla-ljusgra-66-x-72-x-74-cm\/","og_site_name":"TRUUSK - Hem, Tr\u00e4dg\u00e5rd &amp; Fritid","article_modified_time":"2026-03-12T07:57:26+00:00","og_image":[{"width":800,"height":800,"url":"https:\/\/i0.wp.com\/truusk.se\/wp-content\/uploads\/2024\/02\/enkelfatolj-relaxfatolj-enkelstol-stoppad-fatolj-linnetyg-i-trakansla-ljusgra-66-x-72-x-74-cm.webp?fit=800%2C800&ssl=1","type":"image\/webp"}],"twitter_card":"summary_large_image","twitter_misc":{"Ber\u00e4knad l\u00e4stid":"1 minut"},"schema":{"@context":"https:\/\/schema.org","@graph":[{"@type":"WebPage","@id":"https:\/\/truusk.store\/sv\/produkt\/truusk-enkelstol-i-linnetyg-stoppad-trakansla-ljusgra-66-x-72-x-74-cm\/","url":"https:\/\/truusk.store\/sv\/produkt\/truusk-enkelstol-i-linnetyg-stoppad-trakansla-ljusgra-66-x-72-x-74-cm\/","name":"TRUUSK Enkelstol i Linnetyg - Stoppad - Tr\u00e4k\u00e4nsla - Ljusgr\u00e5 - 66 x 72 x 74 cm - TRUUSK - Hem, Tr\u00e4dg\u00e5rd &amp; Fritid","isPartOf":{"@id":"https:\/\/truusk.store\/sv\/#website"},"primaryImageOfPage":{"@id":"https:\/\/truusk.store\/sv\/produkt\/truusk-enkelstol-i-linnetyg-stoppad-trakansla-ljusgra-66-x-72-x-74-cm\/#primaryimage"},"image":{"@id":"https:\/\/truusk.store\/sv\/produkt\/truusk-enkelstol-i-linnetyg-stoppad-trakansla-ljusgra-66-x-72-x-74-cm\/#primaryimage"},"thumbnailUrl":"https:\/\/i0.wp.com\/truusk.store\/wp-content\/uploads\/2024\/02\/enkelfatolj-relaxfatolj-enkelstol-stoppad-fatolj-linnetyg-i-trakansla-ljusgra-66-x-72-x-74-cm.webp?fit=800%2C800&ssl=1","datePublished":"2024-02-13T09:38:37+00:00","dateModified":"2026-03-12T07:57:26+00:00","breadcrumb":{"@id":"https:\/\/truusk.store\/sv\/produkt\/truusk-enkelstol-i-linnetyg-stoppad-trakansla-ljusgra-66-x-72-x-74-cm\/#breadcrumb"},"inLanguage":"sv-SE","potentialAction":[{"@type":"ReadAction","target":["https:\/\/truusk.store\/sv\/produkt\/truusk-enkelstol-i-linnetyg-stoppad-trakansla-ljusgra-66-x-72-x-74-cm\/"]}]},{"@type":"ImageObject","inLanguage":"sv-SE","@id":"https:\/\/truusk.store\/sv\/produkt\/truusk-enkelstol-i-linnetyg-stoppad-trakansla-ljusgra-66-x-72-x-74-cm\/#primaryimage","url":"https:\/\/i0.wp.com\/truusk.store\/wp-content\/uploads\/2024\/02\/enkelfatolj-relaxfatolj-enkelstol-stoppad-fatolj-linnetyg-i-trakansla-ljusgra-66-x-72-x-74-cm.webp?fit=800%2C800&ssl=1","contentUrl":"https:\/\/i0.wp.com\/truusk.store\/wp-content\/uploads\/2024\/02\/enkelfatolj-relaxfatolj-enkelstol-stoppad-fatolj-linnetyg-i-trakansla-ljusgra-66-x-72-x-74-cm.webp?fit=800%2C800&ssl=1","width":800,"height":800,"caption":"Enkelf\u00e5t\u00f6lj, Relaxf\u00e5t\u00f6lj, Enkelstol, Stoppad F\u00e5t\u00f6lj, Linnetyg I Tr\u00e4k\u00e4nsla, Ljusgr\u00e5, 66 X 72 X 74 Cm 1"},{"@type":"BreadcrumbList","@id":"https:\/\/truusk.store\/sv\/produkt\/truusk-enkelstol-i-linnetyg-stoppad-trakansla-ljusgra-66-x-72-x-74-cm\/#breadcrumb","itemListElement":[{"@type":"ListItem","position":1,"name":"Home","item":"https:\/\/truusk.store\/sv\/"},{"@type":"ListItem","position":2,"name":"Shop","item":"https:\/\/truusk.store\/shop\/"},{"@type":"ListItem","position":3,"name":"TRUUSK Enkelstol i Linnetyg &#8211; Stoppad &#8211; Tr\u00e4k\u00e4nsla &#8211; Ljusgr\u00e5 &#8211; 66 x 72 x 74 cm"}]},{"@type":"WebSite","@id":"https:\/\/truusk.store\/sv\/#website","url":"https:\/\/truusk.store\/sv\/","name":"TRUUSK - Hem, Tr\u00e4dg\u00e5rd & Fritid","description":"","publisher":{"@id":"https:\/\/truusk.store\/sv\/#organization"},"potentialAction":[{"@type":"SearchAction","target":{"@type":"EntryPoint","urlTemplate":"https:\/\/truusk.store\/sv\/?s={search_term_string}"},"query-input":{"@type":"PropertyValueSpecification","valueRequired":true,"valueName":"search_term_string"}}],"inLanguage":"sv-SE"},{"@type":"Organization","@id":"https:\/\/truusk.store\/sv\/#organization","name":"TRUUSK - Hem, Tr\u00e4dg\u00e5rd & Fritid","url":"https:\/\/truusk.store\/sv\/","logo":{"@type":"ImageObject","inLanguage":"sv-SE","@id":"https:\/\/truusk.store\/sv\/#\/schema\/logo\/image\/","url":"https:\/\/i0.wp.com\/truusk.store\/wp-content\/uploads\/2026\/03\/cropped-TRUUSK.png?fit=2032%2C917&ssl=1","contentUrl":"https:\/\/i0.wp.com\/truusk.store\/wp-content\/uploads\/2026\/03\/cropped-TRUUSK.png?fit=2032%2C917&ssl=1","width":2032,"height":917,"caption":"TRUUSK - Hem, Tr\u00e4dg\u00e5rd & Fritid"},"image":{"@id":"https:\/\/truusk.store\/sv\/#\/schema\/logo\/image\/"}}]}},"jetpack_sharing_enabled":true,"_links":{"self":[{"href":"https:\/\/truusk.store\/sv\/wp-json\/wp\/v2\/product\/11281","targetHints":{"allow":["GET"]}}],"collection":[{"href":"https:\/\/truusk.store\/sv\/wp-json\/wp\/v2\/product"}],"about":[{"href":"https:\/\/truusk.store\/sv\/wp-json\/wp\/v2\/types\/product"}],"wp:featuredmedia":[{"embeddable":true,"href":"https:\/\/truusk.store\/sv\/wp-json\/wp\/v2\/media\/11282"}],"wp:attachment":[{"href":"https:\/\/truusk.store\/sv\/wp-json\/wp\/v2\/media?parent=11281"}],"wp:term":[{"taxonomy":"product_brand","embeddable":true,"href":"https:\/\/truusk.store\/sv\/wp-json\/wp\/v2\/product_brand?post=11281"},{"taxonomy":"product_cat","embeddable":true,"href":"https:\/\/truusk.store\/sv\/wp-json\/wp\/v2\/product_cat?post=11281"},{"taxonomy":"product_tag","embeddable":true,"href":"https:\/\/truusk.store\/sv\/wp-json\/wp\/v2\/product_tag?post=11281"}],"curies":[{"name":"wp","href":"https:\/\/api.w.org\/{rel}","templated":true}]}}