{"id":11311,"date":"2024-02-13T10:39:27","date_gmt":"2024-02-13T09:39:27","guid":{"rendered":"https:\/\/truusk.store\/product\/kontorsstol-ergonomisk-skrivbordsstol-med-vippfunktion-chefsstol-hojdjusterbar-snurrstol-vadderad-konstladerskum-svart-54-x-62-x-104-114-cm\/"},"modified":"2026-03-12T08:57:26","modified_gmt":"2026-03-12T07:57:26","slug":"truusk-ergonomisk-kontorsstol-vippfunktion-hojdjusterbar-snurrstol-vadderad-konstladerskum-svart-54-x-62-x-104-114","status":"publish","type":"product","link":"https:\/\/truusk.store\/sv\/produkt\/truusk-ergonomisk-kontorsstol-vippfunktion-hojdjusterbar-snurrstol-vadderad-konstladerskum-svart-54-x-62-x-104-114\/","title":{"rendered":"TRUUSK Ergonomisk Kontorsstol &#8211; Vippfunktion &#8211; H\u00f6jdjusterbar &#8211; Snurrstol &#8211; Vadderad &#8211; Konstl\u00e4derskum &#8211; Svart &#8211; 54 X 62 X 104-114"},"content":{"rendered":"<p>Med denna kontorsstol blir det trevligt och bekv\u00e4mt att sitta i timmar. Det h\u00f6ga ryggst\u00f6det och den mjuka stoppningen s\u00e4kerst\u00e4ller en h\u00f6g sittkomfort. De ergonomiska linjerna \u00e4r formade f\u00f6r att passa din rygg perfekt. Tack vare sina fyra universalhjul kan den enkelt flyttas fram och tillbaka. Denna kontorsstol imponerar inte bara med sin moderna design, utan ocks\u00e5 med sin h\u00f6ga sittkomfort.<\/p>\n<h3>Beskrivning:<\/h3>\n<ul>\n<li>Ergonomiska linjer.<\/li>\n<li>h\u00f6gt ryggst\u00f6d och tjock stoppning.<\/li>\n<li>lyxigt och l\u00e4ttsk\u00f6tt konstl\u00e4der.<\/li>\n<li>Inkluderar en gungfunktion f\u00f6r vila.<\/li>\n<li>H\u00f6jdjusterbar sitth\u00f6jd f\u00f6r att anpassa efter dina sittvanor.<\/li>\n<li>High-end luftlyftare f\u00f6r tyst och smidig drift.<\/li>\n<li>Galvaniserade st\u00e5lf\u00f6tter f\u00f6r h\u00f6g stabilitet.<\/li>\n<li>Universalhjul s\u00e4kerst\u00e4ller enkel och snabb f\u00f6rflyttning.<\/li>\n<li>Modern design.<\/li>\n<li>Montering kr\u00e4vs.<\/li>\n<\/ul>\n<h3>Teknisk data:<\/h3>\n<ul>\n<li>Svart f\u00e4rg<\/li>\n<li>Material: skum, nylon, st\u00e5l, konstl\u00e4der<\/li>\n<li>\u00d6vergripande m\u00e5tt: 54L x 62W x 104-114H cm<\/li>\n<li>Sitsm\u00e5tt: 47L x 46W x 48-58H cm<\/li>\n<li>Armst\u00f6dsh\u00f6jd: 67,5-77,5 cm<\/li>\n<li>M\u00e5tt bak: 44W x 56H cm<\/li>\n<li>maximal lastkapacitet: 120 kg<\/li>\n<\/ul>\n<h3>Leveransens omfattning:<\/h3>\n<ul>\n<li>1 x Kontorsstol<\/li>\n<li>1 x Instruktioner<\/li>\n<\/ul>\n","protected":false},"excerpt":{"rendered":"<p>Med denna kontorsstol blir det trevligt och bekv\u00e4mt att sitta i timmar. Det h\u00f6ga ryggst\u00f6det och den mjuka stoppningen s\u00e4kerst\u00e4ller&#8230;<\/p>\n","protected":false},"featured_media":11312,"template":"","meta":[],"product_brand":[],"product_cat":[485,516,515],"product_tag":[],"class_list":{"0":"post-11311","1":"product","2":"type-product","3":"status-publish","4":"has-post-thumbnail","6":"product_cat-hus-bo","7":"product_cat-kontorsstolar","8":"product_cat-stolar","10":"first","11":"instock","12":"sale","13":"taxable","14":"shipping-taxable","15":"purchasable","16":"product-type-simple"},"yoast_head":"<!-- This site is optimized with the Yoast SEO plugin v25.4 - https:\/\/yoast.com\/wordpress\/plugins\/seo\/ -->\n<title>TRUUSK Ergonomisk Kontorsstol - Vippfunktion - H\u00f6jdjusterbar - Snurrstol - Vadderad - Konstl\u00e4derskum - Svart - 54 X 62 X 104-114 - TRUUSK - Hem, Tr\u00e4dg\u00e5rd &amp; Fritid<\/title>\n<meta name=\"robots\" content=\"index, follow, max-snippet:-1, max-image-preview:large, max-video-preview:-1\" \/>\n<link rel=\"canonical\" href=\"https:\/\/truusk.store\/sv\/produkt\/truusk-ergonomisk-kontorsstol-vippfunktion-hojdjusterbar-snurrstol-vadderad-konstladerskum-svart-54-x-62-x-104-114\/\" \/>\n<meta property=\"og:locale\" content=\"sv_SE\" \/>\n<meta property=\"og:type\" content=\"article\" \/>\n<meta property=\"og:title\" content=\"TRUUSK Ergonomisk Kontorsstol - Vippfunktion - H\u00f6jdjusterbar - Snurrstol - Vadderad - Konstl\u00e4derskum - Svart - 54 X 62 X 104-114 - TRUUSK - Hem, Tr\u00e4dg\u00e5rd &amp; Fritid\" \/>\n<meta property=\"og:description\" content=\"Med denna kontorsstol blir det trevligt och bekv\u00e4mt att sitta i timmar. Det h\u00f6ga ryggst\u00f6det och den mjuka stoppningen s\u00e4kerst\u00e4ller...\" \/>\n<meta property=\"og:url\" content=\"https:\/\/truusk.store\/sv\/produkt\/truusk-ergonomisk-kontorsstol-vippfunktion-hojdjusterbar-snurrstol-vadderad-konstladerskum-svart-54-x-62-x-104-114\/\" \/>\n<meta property=\"og:site_name\" content=\"TRUUSK - Hem, Tr\u00e4dg\u00e5rd &amp; Fritid\" \/>\n<meta property=\"article:modified_time\" content=\"2026-03-12T07:57:26+00:00\" \/>\n<meta property=\"og:image\" content=\"https:\/\/i0.wp.com\/truusk.se\/wp-content\/uploads\/2024\/02\/kontorsstol-ergonomisk-skrivbordsstol-med-vippfunktion-chefsstol-hojdjusterbar-snurrstol-vadderad-konstladerskum-svart-54-x-62-x-104-114-cm.webp?fit=800%2C800&ssl=1\" \/>\n\t<meta property=\"og:image:width\" content=\"800\" \/>\n\t<meta property=\"og:image:height\" content=\"800\" \/>\n\t<meta property=\"og:image:type\" content=\"image\/webp\" \/>\n<meta name=\"twitter:card\" content=\"summary_large_image\" \/>\n<meta name=\"twitter:label1\" content=\"Ber\u00e4knad l\u00e4stid\" \/>\n\t<meta name=\"twitter:data1\" content=\"1 minut\" \/>\n<!-- \/ Yoast SEO plugin. -->","yoast_head_json":{"title":"TRUUSK Ergonomisk Kontorsstol - Vippfunktion - H\u00f6jdjusterbar - Snurrstol - Vadderad - Konstl\u00e4derskum - Svart - 54 X 62 X 104-114 - TRUUSK - Hem, Tr\u00e4dg\u00e5rd &amp; Fritid","robots":{"index":"index","follow":"follow","max-snippet":"max-snippet:-1","max-image-preview":"max-image-preview:large","max-video-preview":"max-video-preview:-1"},"canonical":"https:\/\/truusk.store\/sv\/produkt\/truusk-ergonomisk-kontorsstol-vippfunktion-hojdjusterbar-snurrstol-vadderad-konstladerskum-svart-54-x-62-x-104-114\/","og_locale":"sv_SE","og_type":"article","og_title":"TRUUSK Ergonomisk Kontorsstol - Vippfunktion - H\u00f6jdjusterbar - Snurrstol - Vadderad - Konstl\u00e4derskum - Svart - 54 X 62 X 104-114 - TRUUSK - Hem, Tr\u00e4dg\u00e5rd &amp; Fritid","og_description":"Med denna kontorsstol blir det trevligt och bekv\u00e4mt att sitta i timmar. Det h\u00f6ga ryggst\u00f6det och den mjuka stoppningen s\u00e4kerst\u00e4ller...","og_url":"https:\/\/truusk.store\/sv\/produkt\/truusk-ergonomisk-kontorsstol-vippfunktion-hojdjusterbar-snurrstol-vadderad-konstladerskum-svart-54-x-62-x-104-114\/","og_site_name":"TRUUSK - Hem, Tr\u00e4dg\u00e5rd &amp; Fritid","article_modified_time":"2026-03-12T07:57:26+00:00","og_image":[{"width":800,"height":800,"url":"https:\/\/i0.wp.com\/truusk.se\/wp-content\/uploads\/2024\/02\/kontorsstol-ergonomisk-skrivbordsstol-med-vippfunktion-chefsstol-hojdjusterbar-snurrstol-vadderad-konstladerskum-svart-54-x-62-x-104-114-cm.webp?fit=800%2C800&ssl=1","type":"image\/webp"}],"twitter_card":"summary_large_image","twitter_misc":{"Ber\u00e4knad l\u00e4stid":"1 minut"},"schema":{"@context":"https:\/\/schema.org","@graph":[{"@type":"WebPage","@id":"https:\/\/truusk.store\/sv\/produkt\/truusk-ergonomisk-kontorsstol-vippfunktion-hojdjusterbar-snurrstol-vadderad-konstladerskum-svart-54-x-62-x-104-114\/","url":"https:\/\/truusk.store\/sv\/produkt\/truusk-ergonomisk-kontorsstol-vippfunktion-hojdjusterbar-snurrstol-vadderad-konstladerskum-svart-54-x-62-x-104-114\/","name":"TRUUSK Ergonomisk Kontorsstol - Vippfunktion - H\u00f6jdjusterbar - Snurrstol - Vadderad - Konstl\u00e4derskum - Svart - 54 X 62 X 104-114 - TRUUSK - Hem, Tr\u00e4dg\u00e5rd &amp; Fritid","isPartOf":{"@id":"https:\/\/truusk.store\/sv\/#website"},"primaryImageOfPage":{"@id":"https:\/\/truusk.store\/sv\/produkt\/truusk-ergonomisk-kontorsstol-vippfunktion-hojdjusterbar-snurrstol-vadderad-konstladerskum-svart-54-x-62-x-104-114\/#primaryimage"},"image":{"@id":"https:\/\/truusk.store\/sv\/produkt\/truusk-ergonomisk-kontorsstol-vippfunktion-hojdjusterbar-snurrstol-vadderad-konstladerskum-svart-54-x-62-x-104-114\/#primaryimage"},"thumbnailUrl":"https:\/\/i0.wp.com\/truusk.store\/wp-content\/uploads\/2024\/02\/kontorsstol-ergonomisk-skrivbordsstol-med-vippfunktion-chefsstol-hojdjusterbar-snurrstol-vadderad-konstladerskum-svart-54-x-62-x-104-114-cm.webp?fit=800%2C800&ssl=1","datePublished":"2024-02-13T09:39:27+00:00","dateModified":"2026-03-12T07:57:26+00:00","breadcrumb":{"@id":"https:\/\/truusk.store\/sv\/produkt\/truusk-ergonomisk-kontorsstol-vippfunktion-hojdjusterbar-snurrstol-vadderad-konstladerskum-svart-54-x-62-x-104-114\/#breadcrumb"},"inLanguage":"sv-SE","potentialAction":[{"@type":"ReadAction","target":["https:\/\/truusk.store\/sv\/produkt\/truusk-ergonomisk-kontorsstol-vippfunktion-hojdjusterbar-snurrstol-vadderad-konstladerskum-svart-54-x-62-x-104-114\/"]}]},{"@type":"ImageObject","inLanguage":"sv-SE","@id":"https:\/\/truusk.store\/sv\/produkt\/truusk-ergonomisk-kontorsstol-vippfunktion-hojdjusterbar-snurrstol-vadderad-konstladerskum-svart-54-x-62-x-104-114\/#primaryimage","url":"https:\/\/i0.wp.com\/truusk.store\/wp-content\/uploads\/2024\/02\/kontorsstol-ergonomisk-skrivbordsstol-med-vippfunktion-chefsstol-hojdjusterbar-snurrstol-vadderad-konstladerskum-svart-54-x-62-x-104-114-cm.webp?fit=800%2C800&ssl=1","contentUrl":"https:\/\/i0.wp.com\/truusk.store\/wp-content\/uploads\/2024\/02\/kontorsstol-ergonomisk-skrivbordsstol-med-vippfunktion-chefsstol-hojdjusterbar-snurrstol-vadderad-konstladerskum-svart-54-x-62-x-104-114-cm.webp?fit=800%2C800&ssl=1","width":800,"height":800,"caption":"Kontorsstol Ergonomisk Skrivbordsstol Med Vippfunktion Chefsstol H\u00f6jdjusterbar Snurrstol Vadderad Konstl\u00e4derskum Svart 54 X 62 X 104-114 Cm 1"},{"@type":"BreadcrumbList","@id":"https:\/\/truusk.store\/sv\/produkt\/truusk-ergonomisk-kontorsstol-vippfunktion-hojdjusterbar-snurrstol-vadderad-konstladerskum-svart-54-x-62-x-104-114\/#breadcrumb","itemListElement":[{"@type":"ListItem","position":1,"name":"Home","item":"https:\/\/truusk.store\/sv\/"},{"@type":"ListItem","position":2,"name":"Shop","item":"https:\/\/truusk.store\/shop\/"},{"@type":"ListItem","position":3,"name":"TRUUSK Ergonomisk Kontorsstol &#8211; Vippfunktion &#8211; H\u00f6jdjusterbar &#8211; Snurrstol &#8211; Vadderad &#8211; Konstl\u00e4derskum &#8211; Svart &#8211; 54 X 62 X 104-114"}]},{"@type":"WebSite","@id":"https:\/\/truusk.store\/sv\/#website","url":"https:\/\/truusk.store\/sv\/","name":"TRUUSK - Hem, Tr\u00e4dg\u00e5rd & Fritid","description":"","publisher":{"@id":"https:\/\/truusk.store\/sv\/#organization"},"potentialAction":[{"@type":"SearchAction","target":{"@type":"EntryPoint","urlTemplate":"https:\/\/truusk.store\/sv\/?s={search_term_string}"},"query-input":{"@type":"PropertyValueSpecification","valueRequired":true,"valueName":"search_term_string"}}],"inLanguage":"sv-SE"},{"@type":"Organization","@id":"https:\/\/truusk.store\/sv\/#organization","name":"TRUUSK - Hem, Tr\u00e4dg\u00e5rd & Fritid","url":"https:\/\/truusk.store\/sv\/","logo":{"@type":"ImageObject","inLanguage":"sv-SE","@id":"https:\/\/truusk.store\/sv\/#\/schema\/logo\/image\/","url":"https:\/\/i0.wp.com\/truusk.store\/wp-content\/uploads\/2026\/03\/cropped-TRUUSK.png?fit=2032%2C917&ssl=1","contentUrl":"https:\/\/i0.wp.com\/truusk.store\/wp-content\/uploads\/2026\/03\/cropped-TRUUSK.png?fit=2032%2C917&ssl=1","width":2032,"height":917,"caption":"TRUUSK - Hem, Tr\u00e4dg\u00e5rd & Fritid"},"image":{"@id":"https:\/\/truusk.store\/sv\/#\/schema\/logo\/image\/"}}]}},"jetpack_sharing_enabled":true,"_links":{"self":[{"href":"https:\/\/truusk.store\/sv\/wp-json\/wp\/v2\/product\/11311","targetHints":{"allow":["GET"]}}],"collection":[{"href":"https:\/\/truusk.store\/sv\/wp-json\/wp\/v2\/product"}],"about":[{"href":"https:\/\/truusk.store\/sv\/wp-json\/wp\/v2\/types\/product"}],"wp:featuredmedia":[{"embeddable":true,"href":"https:\/\/truusk.store\/sv\/wp-json\/wp\/v2\/media\/11312"}],"wp:attachment":[{"href":"https:\/\/truusk.store\/sv\/wp-json\/wp\/v2\/media?parent=11311"}],"wp:term":[{"taxonomy":"product_brand","embeddable":true,"href":"https:\/\/truusk.store\/sv\/wp-json\/wp\/v2\/product_brand?post=11311"},{"taxonomy":"product_cat","embeddable":true,"href":"https:\/\/truusk.store\/sv\/wp-json\/wp\/v2\/product_cat?post=11311"},{"taxonomy":"product_tag","embeddable":true,"href":"https:\/\/truusk.store\/sv\/wp-json\/wp\/v2\/product_tag?post=11311"}],"curies":[{"name":"wp","href":"https:\/\/api.w.org\/{rel}","templated":true}]}}