{"id":11364,"date":"2024-02-13T10:40:55","date_gmt":"2024-02-13T09:40:55","guid":{"rendered":"https:\/\/truusk.store\/product\/basketstativ-for-barn-basketkorg-med-hjulbas-kan-fyllas-med-vatten-ryggtavla-hojd-194-249-cm-pe-stal-svart\/"},"modified":"2026-03-12T08:57:28","modified_gmt":"2026-03-12T07:57:28","slug":"truusk-basketstativ-for-barn-med-hjulbas-justerbar-hojd-194-249-cm-pe-stal-svart","status":"publish","type":"product","link":"https:\/\/truusk.store\/sv\/produkt\/truusk-basketstativ-for-barn-med-hjulbas-justerbar-hojd-194-249-cm-pe-stal-svart\/","title":{"rendered":"TRUUSK Basketstativ f\u00f6r Barn &#8211; Med Hjulbas &#8211; Justerbar h\u00f6jd 194-249 cm &#8211; PE + St\u00e5l &#8211; Svart"},"content":{"rendered":"<p>Basketstativ f\u00f6r barn f\u00f6r hem och tr\u00e4dg\u00e5rd. Stativet \u00e4r justerbart i h\u00f6jdled och v\u00e4xer med ditt barn. Detta g\u00f6r det roligt att spela boll under l\u00e5ng tid. Den stabila basen kan enkelt fyllas och ger optimal stabilitet. Det perfekta basketst\u00e4llet f\u00f6r sm\u00e5 spelare och deras v\u00e4nner!<\/p>\n<h3>Beskrivning:<\/h3>\n<ul>\n<li>H\u00f6gkvalitativ basketstativ f\u00f6r barn och ton\u00e5ringar<\/li>\n<li>Ryggbr\u00e4dans h\u00f6jd stegl\u00f6st justerbar fr\u00e5n 194 till 249 cm<\/li>\n<li>H\u00f6gkvalitativ pulverlackerad design gjord av st\u00e5lr\u00f6r<\/li>\n<li>Mycket stabil ryggbr\u00e4da f\u00f6r l\u00e5ng spelgl\u00e4dje<\/li>\n<li>Praktisk med 2 hjul<\/li>\n<li>Basen kan fyllas med sand eller vatten f\u00f6r att undvika att falla<\/li>\n<li>L\u00e4mplig f\u00f6r terrasser, tr\u00e4dg\u00e5rdar och innerg\u00e5rdar<\/li>\n<li>OBS: Ej l\u00e4mplig f\u00f6r barn under tre \u00e5r. Risk f\u00f6r kv\u00e4vning p\u00e5 grund av sm\u00e5 delar som kan sv\u00e4ljas.<\/li>\n<\/ul>\n<h3>Teknisk data:<\/h3>\n<ul>\n<li>Material: st\u00e5l (st\u00f6d), plast (bas) och polypropenfiber (korgn\u00e4t)<\/li>\n<li>F\u00e4rg: Svart + R\u00f6d + Vit<\/li>\n<li>Korgh\u00f6jd: H155-210 cm<\/li>\n<li>Korgdiameter: 38 cm<\/li>\n<li>Ryggm\u00e5tt: L73 x B49 cm<\/li>\n<li>M\u00e5tt stativ: L74 x B45 x H13 cm<\/li>\n<li>M\u00e5lbr\u00e4des h\u00f6jd: H194-249 cm<\/li>\n<\/ul>\n<h3>Leveransens omfattning:<\/h3>\n<ul>\n<li>1 x basketst\u00e4ll<\/li>\n<li>Varning: Vuxen tillsyn kr\u00e4vs vid anv\u00e4ndning.<\/li>\n<\/ul>\n","protected":false},"excerpt":{"rendered":"<p>Basketstativ f\u00f6r barn f\u00f6r hem och tr\u00e4dg\u00e5rd. Stativet \u00e4r justerbart i h\u00f6jdled och v\u00e4xer med ditt barn. Detta g\u00f6r det&#8230;<\/p>\n","protected":false},"featured_media":11365,"template":"","meta":[],"product_brand":[],"product_cat":[609,617,738,616],"product_tag":[],"class_list":{"0":"post-11364","1":"product","2":"type-product","3":"status-publish","4":"has-post-thumbnail","6":"product_cat-baby-barn","7":"product_cat-barnidrott","8":"product_cat-basketstallning","9":"product_cat-utomhusleksaker","11":"first","12":"instock","13":"sale","14":"taxable","15":"shipping-taxable","16":"purchasable","17":"product-type-simple"},"yoast_head":"<!-- This site is optimized with the Yoast SEO plugin v25.4 - https:\/\/yoast.com\/wordpress\/plugins\/seo\/ -->\n<title>TRUUSK Basketstativ f\u00f6r Barn - Med Hjulbas - Justerbar h\u00f6jd 194-249 cm - PE + St\u00e5l - Svart - TRUUSK - Hem, Tr\u00e4dg\u00e5rd &amp; Fritid<\/title>\n<meta name=\"robots\" content=\"index, follow, max-snippet:-1, max-image-preview:large, max-video-preview:-1\" \/>\n<link rel=\"canonical\" href=\"https:\/\/truusk.store\/sv\/produkt\/truusk-basketstativ-for-barn-med-hjulbas-justerbar-hojd-194-249-cm-pe-stal-svart\/\" \/>\n<meta property=\"og:locale\" content=\"sv_SE\" \/>\n<meta property=\"og:type\" content=\"article\" \/>\n<meta property=\"og:title\" content=\"TRUUSK Basketstativ f\u00f6r Barn - Med Hjulbas - Justerbar h\u00f6jd 194-249 cm - PE + St\u00e5l - Svart - TRUUSK - Hem, Tr\u00e4dg\u00e5rd &amp; Fritid\" \/>\n<meta property=\"og:description\" content=\"Basketstativ f\u00f6r barn f\u00f6r hem och tr\u00e4dg\u00e5rd. Stativet \u00e4r justerbart i h\u00f6jdled och v\u00e4xer med ditt barn. Detta g\u00f6r det...\" \/>\n<meta property=\"og:url\" content=\"https:\/\/truusk.store\/sv\/produkt\/truusk-basketstativ-for-barn-med-hjulbas-justerbar-hojd-194-249-cm-pe-stal-svart\/\" \/>\n<meta property=\"og:site_name\" content=\"TRUUSK - Hem, Tr\u00e4dg\u00e5rd &amp; Fritid\" \/>\n<meta property=\"article:modified_time\" content=\"2026-03-12T07:57:28+00:00\" \/>\n<meta property=\"og:image\" content=\"https:\/\/i0.wp.com\/truusk.se\/wp-content\/uploads\/2024\/02\/basketstativ-for-barn-basketkorg-med-hjulbas-kan-fyllas-med-vatten-ryggtavla-hojd-194-249-cm-pe-stal-svart.webp?fit=800%2C800&ssl=1\" \/>\n\t<meta property=\"og:image:width\" content=\"800\" \/>\n\t<meta property=\"og:image:height\" content=\"800\" \/>\n\t<meta property=\"og:image:type\" content=\"image\/webp\" \/>\n<meta name=\"twitter:card\" content=\"summary_large_image\" \/>\n<meta name=\"twitter:label1\" content=\"Ber\u00e4knad l\u00e4stid\" \/>\n\t<meta name=\"twitter:data1\" content=\"1 minut\" \/>\n<!-- \/ Yoast SEO plugin. -->","yoast_head_json":{"title":"TRUUSK Basketstativ f\u00f6r Barn - Med Hjulbas - Justerbar h\u00f6jd 194-249 cm - PE + St\u00e5l - Svart - TRUUSK - Hem, Tr\u00e4dg\u00e5rd &amp; Fritid","robots":{"index":"index","follow":"follow","max-snippet":"max-snippet:-1","max-image-preview":"max-image-preview:large","max-video-preview":"max-video-preview:-1"},"canonical":"https:\/\/truusk.store\/sv\/produkt\/truusk-basketstativ-for-barn-med-hjulbas-justerbar-hojd-194-249-cm-pe-stal-svart\/","og_locale":"sv_SE","og_type":"article","og_title":"TRUUSK Basketstativ f\u00f6r Barn - Med Hjulbas - Justerbar h\u00f6jd 194-249 cm - PE + St\u00e5l - Svart - TRUUSK - Hem, Tr\u00e4dg\u00e5rd &amp; Fritid","og_description":"Basketstativ f\u00f6r barn f\u00f6r hem och tr\u00e4dg\u00e5rd. Stativet \u00e4r justerbart i h\u00f6jdled och v\u00e4xer med ditt barn. Detta g\u00f6r det...","og_url":"https:\/\/truusk.store\/sv\/produkt\/truusk-basketstativ-for-barn-med-hjulbas-justerbar-hojd-194-249-cm-pe-stal-svart\/","og_site_name":"TRUUSK - Hem, Tr\u00e4dg\u00e5rd &amp; Fritid","article_modified_time":"2026-03-12T07:57:28+00:00","og_image":[{"width":800,"height":800,"url":"https:\/\/i0.wp.com\/truusk.se\/wp-content\/uploads\/2024\/02\/basketstativ-for-barn-basketkorg-med-hjulbas-kan-fyllas-med-vatten-ryggtavla-hojd-194-249-cm-pe-stal-svart.webp?fit=800%2C800&ssl=1","type":"image\/webp"}],"twitter_card":"summary_large_image","twitter_misc":{"Ber\u00e4knad l\u00e4stid":"1 minut"},"schema":{"@context":"https:\/\/schema.org","@graph":[{"@type":"WebPage","@id":"https:\/\/truusk.store\/sv\/produkt\/truusk-basketstativ-for-barn-med-hjulbas-justerbar-hojd-194-249-cm-pe-stal-svart\/","url":"https:\/\/truusk.store\/sv\/produkt\/truusk-basketstativ-for-barn-med-hjulbas-justerbar-hojd-194-249-cm-pe-stal-svart\/","name":"TRUUSK Basketstativ f\u00f6r Barn - Med Hjulbas - Justerbar h\u00f6jd 194-249 cm - PE + St\u00e5l - Svart - TRUUSK - Hem, Tr\u00e4dg\u00e5rd &amp; Fritid","isPartOf":{"@id":"https:\/\/truusk.store\/sv\/#website"},"primaryImageOfPage":{"@id":"https:\/\/truusk.store\/sv\/produkt\/truusk-basketstativ-for-barn-med-hjulbas-justerbar-hojd-194-249-cm-pe-stal-svart\/#primaryimage"},"image":{"@id":"https:\/\/truusk.store\/sv\/produkt\/truusk-basketstativ-for-barn-med-hjulbas-justerbar-hojd-194-249-cm-pe-stal-svart\/#primaryimage"},"thumbnailUrl":"https:\/\/i0.wp.com\/truusk.store\/wp-content\/uploads\/2024\/02\/basketstativ-for-barn-basketkorg-med-hjulbas-kan-fyllas-med-vatten-ryggtavla-hojd-194-249-cm-pe-stal-svart.webp?fit=800%2C800&ssl=1","datePublished":"2024-02-13T09:40:55+00:00","dateModified":"2026-03-12T07:57:28+00:00","breadcrumb":{"@id":"https:\/\/truusk.store\/sv\/produkt\/truusk-basketstativ-for-barn-med-hjulbas-justerbar-hojd-194-249-cm-pe-stal-svart\/#breadcrumb"},"inLanguage":"sv-SE","potentialAction":[{"@type":"ReadAction","target":["https:\/\/truusk.store\/sv\/produkt\/truusk-basketstativ-for-barn-med-hjulbas-justerbar-hojd-194-249-cm-pe-stal-svart\/"]}]},{"@type":"ImageObject","inLanguage":"sv-SE","@id":"https:\/\/truusk.store\/sv\/produkt\/truusk-basketstativ-for-barn-med-hjulbas-justerbar-hojd-194-249-cm-pe-stal-svart\/#primaryimage","url":"https:\/\/i0.wp.com\/truusk.store\/wp-content\/uploads\/2024\/02\/basketstativ-for-barn-basketkorg-med-hjulbas-kan-fyllas-med-vatten-ryggtavla-hojd-194-249-cm-pe-stal-svart.webp?fit=800%2C800&ssl=1","contentUrl":"https:\/\/i0.wp.com\/truusk.store\/wp-content\/uploads\/2024\/02\/basketstativ-for-barn-basketkorg-med-hjulbas-kan-fyllas-med-vatten-ryggtavla-hojd-194-249-cm-pe-stal-svart.webp?fit=800%2C800&ssl=1","width":800,"height":800,"caption":"Basketstativ F\u00f6r Barn Basketkorg Med Hjulbas Kan Fyllas Med Vatten Ryggtavla H\u00f6jd 194-249 Cm PE + St\u00e5l Svart 1"},{"@type":"BreadcrumbList","@id":"https:\/\/truusk.store\/sv\/produkt\/truusk-basketstativ-for-barn-med-hjulbas-justerbar-hojd-194-249-cm-pe-stal-svart\/#breadcrumb","itemListElement":[{"@type":"ListItem","position":1,"name":"Home","item":"https:\/\/truusk.store\/sv\/"},{"@type":"ListItem","position":2,"name":"Shop","item":"https:\/\/truusk.store\/shop\/"},{"@type":"ListItem","position":3,"name":"TRUUSK Basketstativ f\u00f6r Barn &#8211; Med Hjulbas &#8211; Justerbar h\u00f6jd 194-249 cm &#8211; PE + St\u00e5l &#8211; Svart"}]},{"@type":"WebSite","@id":"https:\/\/truusk.store\/sv\/#website","url":"https:\/\/truusk.store\/sv\/","name":"TRUUSK - Hem, Tr\u00e4dg\u00e5rd & Fritid","description":"","publisher":{"@id":"https:\/\/truusk.store\/sv\/#organization"},"potentialAction":[{"@type":"SearchAction","target":{"@type":"EntryPoint","urlTemplate":"https:\/\/truusk.store\/sv\/?s={search_term_string}"},"query-input":{"@type":"PropertyValueSpecification","valueRequired":true,"valueName":"search_term_string"}}],"inLanguage":"sv-SE"},{"@type":"Organization","@id":"https:\/\/truusk.store\/sv\/#organization","name":"TRUUSK - Hem, Tr\u00e4dg\u00e5rd & Fritid","url":"https:\/\/truusk.store\/sv\/","logo":{"@type":"ImageObject","inLanguage":"sv-SE","@id":"https:\/\/truusk.store\/sv\/#\/schema\/logo\/image\/","url":"https:\/\/i0.wp.com\/truusk.store\/wp-content\/uploads\/2026\/03\/cropped-TRUUSK.png?fit=2032%2C917&ssl=1","contentUrl":"https:\/\/i0.wp.com\/truusk.store\/wp-content\/uploads\/2026\/03\/cropped-TRUUSK.png?fit=2032%2C917&ssl=1","width":2032,"height":917,"caption":"TRUUSK - Hem, Tr\u00e4dg\u00e5rd & Fritid"},"image":{"@id":"https:\/\/truusk.store\/sv\/#\/schema\/logo\/image\/"}}]}},"jetpack_sharing_enabled":true,"_links":{"self":[{"href":"https:\/\/truusk.store\/sv\/wp-json\/wp\/v2\/product\/11364","targetHints":{"allow":["GET"]}}],"collection":[{"href":"https:\/\/truusk.store\/sv\/wp-json\/wp\/v2\/product"}],"about":[{"href":"https:\/\/truusk.store\/sv\/wp-json\/wp\/v2\/types\/product"}],"wp:featuredmedia":[{"embeddable":true,"href":"https:\/\/truusk.store\/sv\/wp-json\/wp\/v2\/media\/11365"}],"wp:attachment":[{"href":"https:\/\/truusk.store\/sv\/wp-json\/wp\/v2\/media?parent=11364"}],"wp:term":[{"taxonomy":"product_brand","embeddable":true,"href":"https:\/\/truusk.store\/sv\/wp-json\/wp\/v2\/product_brand?post=11364"},{"taxonomy":"product_cat","embeddable":true,"href":"https:\/\/truusk.store\/sv\/wp-json\/wp\/v2\/product_cat?post=11364"},{"taxonomy":"product_tag","embeddable":true,"href":"https:\/\/truusk.store\/sv\/wp-json\/wp\/v2\/product_tag?post=11364"}],"curies":[{"name":"wp","href":"https:\/\/api.w.org\/{rel}","templated":true}]}}