{"id":11374,"date":"2024-02-13T10:41:12","date_gmt":"2024-02-13T09:41:12","guid":{"rendered":"https:\/\/truusk.store\/product\/husdjurssoffa-hund-soffa-hundbadd-med-hollandsk-sammetsskum-bjorkben-for-katter-hundar-86-x-55-x-33-cm-ljusgra\/"},"modified":"2026-03-12T08:57:29","modified_gmt":"2026-03-12T07:57:29","slug":"truusk-hundsoffa-med-hollandsk-sammetsskum-for-katter-och-hundar-bjorkben-mjukt-och-bekvamt-ljusgra","status":"publish","type":"product","link":"https:\/\/truusk.store\/sv\/produkt\/truusk-hundsoffa-med-hollandsk-sammetsskum-for-katter-och-hundar-bjorkben-mjukt-och-bekvamt-ljusgra\/","title":{"rendered":"TRUUSK Hundsoffa Med Holl\u00e4ndsk Sammetsskum &#8211; F\u00f6r Katter och Hundar &#8211; Bj\u00f6rkben &#8211; Mjukt och Bekv\u00e4mt &#8211; Ljusgr\u00e5"},"content":{"rendered":"<p>Att ligga och sova p\u00e5 hunds\u00e4ngen ska vara v\u00e4ldigt bekv\u00e4mt och behagligt. S\u00e5 ditt husdjur beh\u00f6ver ocks\u00e5 en s\u00e5 bekv\u00e4m och exklusiv soffa. V\u00e5r moderna hundstol har bekv\u00e4ma, mjuka kuddar, ryggst\u00f6d och armst\u00f6d p\u00e5 b\u00e5da sidor bildar en tresidig b\u00e5rd, vilket ger ditt husdjur en bekv\u00e4m och s\u00e4ker plats att vila p\u00e5.<\/p>\n<h3>Beskrivning:<\/h3>\n<ul>\n<li>Modern design och bra komplement till din inredning<\/li>\n<li>Klassisk design med tre ryggst\u00f6d f\u00f6r st\u00f6d<\/li>\n<li>Stort armst\u00f6dsdesign f\u00f6r att ge en plattform f\u00f6r husdjur att vila och leka<\/li>\n<li>Fyra ben f\u00f6r att h\u00e5lla den stabil och lyfta den fr\u00e5n marken<\/li>\n<li>L\u00e4mplig f\u00f6r sm\u00e5 hundar med en kroppsl\u00e4ngd p\u00e5 mindre \u00e4n 35 cm och en vikt p\u00e5 upp till 10 kg<\/li>\n<\/ul>\n<h3>Teknisk data:<\/h3>\n<ul>\n<li>F\u00e4rg: ljusgr\u00e5<\/li>\n<li>Material: holl\u00e4ndsk sammet, svamptyg, bj\u00f6rk<\/li>\n<li>Totala m\u00e5tt: 86L x 55W x 33H cm<\/li>\n<li>Sitsm\u00e5tt: 68L x 49W x 19H cm<\/li>\n<li>Storlek p\u00e5 kuddarna: 68L x 46W x 6H cm<\/li>\n<li>H\u00f6jd: 10 cm<\/li>\n<li>Lastkapacitet: 36 kg (l\u00e4mplig f\u00f6r sm\u00e5 hundar)<\/li>\n<li>Montering kr\u00e4vs<\/li>\n<li>Artikelnamn: D04-167GY<\/li>\n<\/ul>\n<h3>Leveransens omfattning:<\/h3>\n<ul>\n<li>1 x Pet Soffa<\/li>\n<li>1 x Instruktioner<\/li>\n<\/ul>\n","protected":false},"excerpt":{"rendered":"<p>Att ligga och sova p\u00e5 hunds\u00e4ngen ska vara v\u00e4ldigt bekv\u00e4mt och behagligt. S\u00e5 ditt husdjur beh\u00f6ver ocks\u00e5 en s\u00e5 bekv\u00e4m&#8230;<\/p>\n","protected":false},"featured_media":11375,"template":"","meta":[],"product_brand":[],"product_cat":[576,574,573],"product_tag":[],"class_list":{"0":"post-11374","1":"product","2":"type-product","3":"status-publish","4":"has-post-thumbnail","6":"product_cat-hundsangar-hundsoffor","7":"product_cat-hundtillbehor","8":"product_cat-husdjursmaterial","10":"first","11":"instock","12":"sale","13":"taxable","14":"shipping-taxable","15":"purchasable","16":"product-type-simple"},"yoast_head":"<!-- This site is optimized with the Yoast SEO plugin v25.4 - https:\/\/yoast.com\/wordpress\/plugins\/seo\/ -->\n<title>TRUUSK Hundsoffa Med Holl\u00e4ndsk Sammetsskum - F\u00f6r Katter och Hundar - Bj\u00f6rkben - Mjukt och Bekv\u00e4mt - Ljusgr\u00e5 - TRUUSK - Hem, Tr\u00e4dg\u00e5rd &amp; Fritid<\/title>\n<meta name=\"robots\" content=\"index, follow, max-snippet:-1, max-image-preview:large, max-video-preview:-1\" \/>\n<link rel=\"canonical\" href=\"https:\/\/truusk.store\/sv\/produkt\/truusk-hundsoffa-med-hollandsk-sammetsskum-for-katter-och-hundar-bjorkben-mjukt-och-bekvamt-ljusgra\/\" \/>\n<meta property=\"og:locale\" content=\"sv_SE\" \/>\n<meta property=\"og:type\" content=\"article\" \/>\n<meta property=\"og:title\" content=\"TRUUSK Hundsoffa Med Holl\u00e4ndsk Sammetsskum - F\u00f6r Katter och Hundar - Bj\u00f6rkben - Mjukt och Bekv\u00e4mt - Ljusgr\u00e5 - TRUUSK - Hem, Tr\u00e4dg\u00e5rd &amp; Fritid\" \/>\n<meta property=\"og:description\" content=\"Att ligga och sova p\u00e5 hunds\u00e4ngen ska vara v\u00e4ldigt bekv\u00e4mt och behagligt. S\u00e5 ditt husdjur beh\u00f6ver ocks\u00e5 en s\u00e5 bekv\u00e4m...\" \/>\n<meta property=\"og:url\" content=\"https:\/\/truusk.store\/sv\/produkt\/truusk-hundsoffa-med-hollandsk-sammetsskum-for-katter-och-hundar-bjorkben-mjukt-och-bekvamt-ljusgra\/\" \/>\n<meta property=\"og:site_name\" content=\"TRUUSK - Hem, Tr\u00e4dg\u00e5rd &amp; Fritid\" \/>\n<meta property=\"article:modified_time\" content=\"2026-03-12T07:57:29+00:00\" \/>\n<meta property=\"og:image\" content=\"https:\/\/i0.wp.com\/truusk.se\/wp-content\/uploads\/2024\/02\/husdjurssoffa-hund-soffa-hundbadd-med-hollandsk-sammetsskum-bjorkben-for-katter-hundar-86-x-55-x-33-cm-ljusgra.webp?fit=800%2C800&ssl=1\" \/>\n\t<meta property=\"og:image:width\" content=\"800\" \/>\n\t<meta property=\"og:image:height\" content=\"800\" \/>\n\t<meta property=\"og:image:type\" content=\"image\/webp\" \/>\n<meta name=\"twitter:card\" content=\"summary_large_image\" \/>\n<meta name=\"twitter:label1\" content=\"Ber\u00e4knad l\u00e4stid\" \/>\n\t<meta name=\"twitter:data1\" content=\"1 minut\" \/>\n<!-- \/ Yoast SEO plugin. -->","yoast_head_json":{"title":"TRUUSK Hundsoffa Med Holl\u00e4ndsk Sammetsskum - F\u00f6r Katter och Hundar - Bj\u00f6rkben - Mjukt och Bekv\u00e4mt - Ljusgr\u00e5 - TRUUSK - Hem, Tr\u00e4dg\u00e5rd &amp; Fritid","robots":{"index":"index","follow":"follow","max-snippet":"max-snippet:-1","max-image-preview":"max-image-preview:large","max-video-preview":"max-video-preview:-1"},"canonical":"https:\/\/truusk.store\/sv\/produkt\/truusk-hundsoffa-med-hollandsk-sammetsskum-for-katter-och-hundar-bjorkben-mjukt-och-bekvamt-ljusgra\/","og_locale":"sv_SE","og_type":"article","og_title":"TRUUSK Hundsoffa Med Holl\u00e4ndsk Sammetsskum - F\u00f6r Katter och Hundar - Bj\u00f6rkben - Mjukt och Bekv\u00e4mt - Ljusgr\u00e5 - TRUUSK - Hem, Tr\u00e4dg\u00e5rd &amp; Fritid","og_description":"Att ligga och sova p\u00e5 hunds\u00e4ngen ska vara v\u00e4ldigt bekv\u00e4mt och behagligt. S\u00e5 ditt husdjur beh\u00f6ver ocks\u00e5 en s\u00e5 bekv\u00e4m...","og_url":"https:\/\/truusk.store\/sv\/produkt\/truusk-hundsoffa-med-hollandsk-sammetsskum-for-katter-och-hundar-bjorkben-mjukt-och-bekvamt-ljusgra\/","og_site_name":"TRUUSK - Hem, Tr\u00e4dg\u00e5rd &amp; Fritid","article_modified_time":"2026-03-12T07:57:29+00:00","og_image":[{"width":800,"height":800,"url":"https:\/\/i0.wp.com\/truusk.se\/wp-content\/uploads\/2024\/02\/husdjurssoffa-hund-soffa-hundbadd-med-hollandsk-sammetsskum-bjorkben-for-katter-hundar-86-x-55-x-33-cm-ljusgra.webp?fit=800%2C800&ssl=1","type":"image\/webp"}],"twitter_card":"summary_large_image","twitter_misc":{"Ber\u00e4knad l\u00e4stid":"1 minut"},"schema":{"@context":"https:\/\/schema.org","@graph":[{"@type":"WebPage","@id":"https:\/\/truusk.store\/sv\/produkt\/truusk-hundsoffa-med-hollandsk-sammetsskum-for-katter-och-hundar-bjorkben-mjukt-och-bekvamt-ljusgra\/","url":"https:\/\/truusk.store\/sv\/produkt\/truusk-hundsoffa-med-hollandsk-sammetsskum-for-katter-och-hundar-bjorkben-mjukt-och-bekvamt-ljusgra\/","name":"TRUUSK Hundsoffa Med Holl\u00e4ndsk Sammetsskum - F\u00f6r Katter och Hundar - Bj\u00f6rkben - Mjukt och Bekv\u00e4mt - Ljusgr\u00e5 - TRUUSK - Hem, Tr\u00e4dg\u00e5rd &amp; Fritid","isPartOf":{"@id":"https:\/\/truusk.store\/sv\/#website"},"primaryImageOfPage":{"@id":"https:\/\/truusk.store\/sv\/produkt\/truusk-hundsoffa-med-hollandsk-sammetsskum-for-katter-och-hundar-bjorkben-mjukt-och-bekvamt-ljusgra\/#primaryimage"},"image":{"@id":"https:\/\/truusk.store\/sv\/produkt\/truusk-hundsoffa-med-hollandsk-sammetsskum-for-katter-och-hundar-bjorkben-mjukt-och-bekvamt-ljusgra\/#primaryimage"},"thumbnailUrl":"https:\/\/i0.wp.com\/truusk.store\/wp-content\/uploads\/2024\/02\/husdjurssoffa-hund-soffa-hundbadd-med-hollandsk-sammetsskum-bjorkben-for-katter-hundar-86-x-55-x-33-cm-ljusgra.webp?fit=800%2C800&ssl=1","datePublished":"2024-02-13T09:41:12+00:00","dateModified":"2026-03-12T07:57:29+00:00","breadcrumb":{"@id":"https:\/\/truusk.store\/sv\/produkt\/truusk-hundsoffa-med-hollandsk-sammetsskum-for-katter-och-hundar-bjorkben-mjukt-och-bekvamt-ljusgra\/#breadcrumb"},"inLanguage":"sv-SE","potentialAction":[{"@type":"ReadAction","target":["https:\/\/truusk.store\/sv\/produkt\/truusk-hundsoffa-med-hollandsk-sammetsskum-for-katter-och-hundar-bjorkben-mjukt-och-bekvamt-ljusgra\/"]}]},{"@type":"ImageObject","inLanguage":"sv-SE","@id":"https:\/\/truusk.store\/sv\/produkt\/truusk-hundsoffa-med-hollandsk-sammetsskum-for-katter-och-hundar-bjorkben-mjukt-och-bekvamt-ljusgra\/#primaryimage","url":"https:\/\/i0.wp.com\/truusk.store\/wp-content\/uploads\/2024\/02\/husdjurssoffa-hund-soffa-hundbadd-med-hollandsk-sammetsskum-bjorkben-for-katter-hundar-86-x-55-x-33-cm-ljusgra.webp?fit=800%2C800&ssl=1","contentUrl":"https:\/\/i0.wp.com\/truusk.store\/wp-content\/uploads\/2024\/02\/husdjurssoffa-hund-soffa-hundbadd-med-hollandsk-sammetsskum-bjorkben-for-katter-hundar-86-x-55-x-33-cm-ljusgra.webp?fit=800%2C800&ssl=1","width":800,"height":800,"caption":"Husdjurssoffa Hund Soffa Hundb\u00e4dd Med Holl\u00e4ndsk Sammetsskum Bj\u00f6rkben F\u00f6r Katter Hundar 86 X 55 X 33 Cm Ljusgr\u00e5 1"},{"@type":"BreadcrumbList","@id":"https:\/\/truusk.store\/sv\/produkt\/truusk-hundsoffa-med-hollandsk-sammetsskum-for-katter-och-hundar-bjorkben-mjukt-och-bekvamt-ljusgra\/#breadcrumb","itemListElement":[{"@type":"ListItem","position":1,"name":"Home","item":"https:\/\/truusk.store\/sv\/"},{"@type":"ListItem","position":2,"name":"Shop","item":"https:\/\/truusk.store\/shop\/"},{"@type":"ListItem","position":3,"name":"TRUUSK Hundsoffa Med Holl\u00e4ndsk Sammetsskum &#8211; F\u00f6r Katter och Hundar &#8211; Bj\u00f6rkben &#8211; Mjukt och Bekv\u00e4mt &#8211; Ljusgr\u00e5"}]},{"@type":"WebSite","@id":"https:\/\/truusk.store\/sv\/#website","url":"https:\/\/truusk.store\/sv\/","name":"TRUUSK - Hem, Tr\u00e4dg\u00e5rd & Fritid","description":"","publisher":{"@id":"https:\/\/truusk.store\/sv\/#organization"},"potentialAction":[{"@type":"SearchAction","target":{"@type":"EntryPoint","urlTemplate":"https:\/\/truusk.store\/sv\/?s={search_term_string}"},"query-input":{"@type":"PropertyValueSpecification","valueRequired":true,"valueName":"search_term_string"}}],"inLanguage":"sv-SE"},{"@type":"Organization","@id":"https:\/\/truusk.store\/sv\/#organization","name":"TRUUSK - Hem, Tr\u00e4dg\u00e5rd & Fritid","url":"https:\/\/truusk.store\/sv\/","logo":{"@type":"ImageObject","inLanguage":"sv-SE","@id":"https:\/\/truusk.store\/sv\/#\/schema\/logo\/image\/","url":"https:\/\/i0.wp.com\/truusk.store\/wp-content\/uploads\/2026\/03\/cropped-TRUUSK.png?fit=2032%2C917&ssl=1","contentUrl":"https:\/\/i0.wp.com\/truusk.store\/wp-content\/uploads\/2026\/03\/cropped-TRUUSK.png?fit=2032%2C917&ssl=1","width":2032,"height":917,"caption":"TRUUSK - Hem, Tr\u00e4dg\u00e5rd & Fritid"},"image":{"@id":"https:\/\/truusk.store\/sv\/#\/schema\/logo\/image\/"}}]}},"jetpack_sharing_enabled":true,"_links":{"self":[{"href":"https:\/\/truusk.store\/sv\/wp-json\/wp\/v2\/product\/11374","targetHints":{"allow":["GET"]}}],"collection":[{"href":"https:\/\/truusk.store\/sv\/wp-json\/wp\/v2\/product"}],"about":[{"href":"https:\/\/truusk.store\/sv\/wp-json\/wp\/v2\/types\/product"}],"wp:featuredmedia":[{"embeddable":true,"href":"https:\/\/truusk.store\/sv\/wp-json\/wp\/v2\/media\/11375"}],"wp:attachment":[{"href":"https:\/\/truusk.store\/sv\/wp-json\/wp\/v2\/media?parent=11374"}],"wp:term":[{"taxonomy":"product_brand","embeddable":true,"href":"https:\/\/truusk.store\/sv\/wp-json\/wp\/v2\/product_brand?post=11374"},{"taxonomy":"product_cat","embeddable":true,"href":"https:\/\/truusk.store\/sv\/wp-json\/wp\/v2\/product_cat?post=11374"},{"taxonomy":"product_tag","embeddable":true,"href":"https:\/\/truusk.store\/sv\/wp-json\/wp\/v2\/product_tag?post=11374"}],"curies":[{"name":"wp","href":"https:\/\/api.w.org\/{rel}","templated":true}]}}