{"id":11670,"date":"2024-02-13T10:49:38","date_gmt":"2024-02-13T09:49:38","guid":{"rendered":"https:\/\/truusk.store\/product\/hundsang-hundsang-utomhus-kattsang-husdjurssang-sovplats-metall-600d-oxford-tyg-bla-915-x-762-x-18-cm\/"},"modified":"2026-03-12T08:57:31","modified_gmt":"2026-03-12T07:57:31","slug":"truusk-hundbadd-utomhus-bla-915-x-762-x-18-cm-metallram-600d-oxford-tyg-sovplats-for-husdjur","status":"publish","type":"product","link":"https:\/\/truusk.store\/sv\/produkt\/truusk-hundbadd-utomhus-bla-915-x-762-x-18-cm-metallram-600d-oxford-tyg-sovplats-for-husdjur\/","title":{"rendered":"TRUUSK Hundb\u00e4dd Utomhus &#8211; Bl\u00e5 91,5 x 76,2 x 18 cm &#8211; Metallram &#8211; 600D Oxford-tyg &#8211; Sovplats f\u00f6r Husdjur"},"content":{"rendered":"<p>L\u00e5t inte din hund sova p\u00e5 golvet, ge honom den b\u00e4sta s\u00f6mnen med den upph\u00f6jda sovs\u00e4ngen. Denna upph\u00f6jda hunds\u00e4ng \u00e4r perfekt f\u00f6r din hund att sova inomhus eller utomhus. En upph\u00f6jd s\u00e4ng f\u00f6r ditt husdjur \u00e4r ett utm\u00e4rkt s\u00e4tt att h\u00e5lla borta irriterande element, och den \u00e4r \u00e4ven bra f\u00f6r hundb\u00e4dden eftersom den h\u00e5ller borta damm och smuts.<\/p>\n<h3>Beskrivning:<\/h3>\n<ul>\n<li>Hundstol av h\u00f6g kvalitet<\/li>\n<li>Bearbetade s\u00f6mmar av h\u00f6g kvalitet<\/li>\n<li>Anv\u00e4ndning inomhus och utomhus<\/li>\n<li>Pulverlackerad j\u00e4rnr\u00f6rsram, extra stabil<\/li>\n<li>ventilerande skydd, resistent mot insekter, m\u00f6gel och kvalster<\/li>\n<li>Textilmaterial: andningsbart och snabbtorkande<\/li>\n<li>l\u00e4tt att st\u00e4da<\/li>\n<li>L\u00e4mplig f\u00f6r stora hundar upp till 30 kg och en kroppsl\u00e4ngd p\u00e5 mindre \u00e4n 60 cm<\/li>\n<li>Enkel konstruktion<\/li>\n<\/ul>\n<h3>Teknisk data:<\/h3>\n<ul>\n<li>Material: R\u00f6rram av j\u00e4rn<\/li>\n<li>\u00d6verdrag av 600 D Oxford och Textline tyg<\/li>\n<li>Totala m\u00e5tt: 91,5 x 76,2 x 18 cm (L*B*H)<\/li>\n<li>M\u00e5tt p\u00e5 textrad: 46 x 26 cm (L*B)<\/li>\n<li>Max lastkapacitet: 50 kg (hundar upp till 30 kg)<\/li>\n<li>F\u00e4rg bl\u00e5<\/li>\n<\/ul>\n<h3>Leveransens omfattning:<\/h3>\n<ul>\n<li>1 x hunds\u00e4ng<\/li>\n<\/ul>\n","protected":false},"excerpt":{"rendered":"<p>L\u00e5t inte din hund sova p\u00e5 golvet, ge honom den b\u00e4sta s\u00f6mnen med den upph\u00f6jda sovs\u00e4ngen. Denna upph\u00f6jda hunds\u00e4ng \u00e4r&#8230;<\/p>\n","protected":false},"featured_media":11671,"template":"","meta":[],"product_brand":[],"product_cat":[576,574,573],"product_tag":[],"class_list":{"0":"post-11670","1":"product","2":"type-product","3":"status-publish","4":"has-post-thumbnail","6":"product_cat-hundsangar-hundsoffor","7":"product_cat-hundtillbehor","8":"product_cat-husdjursmaterial","10":"first","11":"instock","12":"sale","13":"taxable","14":"shipping-taxable","15":"purchasable","16":"product-type-simple"},"yoast_head":"<!-- This site is optimized with the Yoast SEO plugin v25.4 - https:\/\/yoast.com\/wordpress\/plugins\/seo\/ -->\n<title>TRUUSK Hundb\u00e4dd Utomhus - Bl\u00e5 91,5 x 76,2 x 18 cm - Metallram - 600D Oxford-tyg - Sovplats f\u00f6r Husdjur - TRUUSK - Hem, Tr\u00e4dg\u00e5rd &amp; Fritid<\/title>\n<meta name=\"robots\" content=\"index, follow, max-snippet:-1, max-image-preview:large, max-video-preview:-1\" \/>\n<link rel=\"canonical\" href=\"https:\/\/truusk.store\/sv\/produkt\/truusk-hundbadd-utomhus-bla-915-x-762-x-18-cm-metallram-600d-oxford-tyg-sovplats-for-husdjur\/\" \/>\n<meta property=\"og:locale\" content=\"sv_SE\" \/>\n<meta property=\"og:type\" content=\"article\" \/>\n<meta property=\"og:title\" content=\"TRUUSK Hundb\u00e4dd Utomhus - Bl\u00e5 91,5 x 76,2 x 18 cm - Metallram - 600D Oxford-tyg - Sovplats f\u00f6r Husdjur - TRUUSK - Hem, Tr\u00e4dg\u00e5rd &amp; Fritid\" \/>\n<meta property=\"og:description\" content=\"L\u00e5t inte din hund sova p\u00e5 golvet, ge honom den b\u00e4sta s\u00f6mnen med den upph\u00f6jda sovs\u00e4ngen. Denna upph\u00f6jda hunds\u00e4ng \u00e4r...\" \/>\n<meta property=\"og:url\" content=\"https:\/\/truusk.store\/sv\/produkt\/truusk-hundbadd-utomhus-bla-915-x-762-x-18-cm-metallram-600d-oxford-tyg-sovplats-for-husdjur\/\" \/>\n<meta property=\"og:site_name\" content=\"TRUUSK - Hem, Tr\u00e4dg\u00e5rd &amp; Fritid\" \/>\n<meta property=\"article:modified_time\" content=\"2026-03-12T07:57:31+00:00\" \/>\n<meta property=\"og:image\" content=\"https:\/\/i0.wp.com\/truusk.se\/wp-content\/uploads\/2024\/02\/hundsang-hundsang-utomhus-kattsang-husdjurssang-sovplats-metall-600d-oxford-tyg-bla-915-x-762-x-18-cm.webp?fit=800%2C800&ssl=1\" \/>\n\t<meta property=\"og:image:width\" content=\"800\" \/>\n\t<meta property=\"og:image:height\" content=\"800\" \/>\n\t<meta property=\"og:image:type\" content=\"image\/webp\" \/>\n<meta name=\"twitter:card\" content=\"summary_large_image\" \/>\n<meta name=\"twitter:label1\" content=\"Ber\u00e4knad l\u00e4stid\" \/>\n\t<meta name=\"twitter:data1\" content=\"1 minut\" \/>\n<!-- \/ Yoast SEO plugin. -->","yoast_head_json":{"title":"TRUUSK Hundb\u00e4dd Utomhus - Bl\u00e5 91,5 x 76,2 x 18 cm - Metallram - 600D Oxford-tyg - Sovplats f\u00f6r Husdjur - TRUUSK - Hem, Tr\u00e4dg\u00e5rd &amp; Fritid","robots":{"index":"index","follow":"follow","max-snippet":"max-snippet:-1","max-image-preview":"max-image-preview:large","max-video-preview":"max-video-preview:-1"},"canonical":"https:\/\/truusk.store\/sv\/produkt\/truusk-hundbadd-utomhus-bla-915-x-762-x-18-cm-metallram-600d-oxford-tyg-sovplats-for-husdjur\/","og_locale":"sv_SE","og_type":"article","og_title":"TRUUSK Hundb\u00e4dd Utomhus - Bl\u00e5 91,5 x 76,2 x 18 cm - Metallram - 600D Oxford-tyg - Sovplats f\u00f6r Husdjur - TRUUSK - Hem, Tr\u00e4dg\u00e5rd &amp; Fritid","og_description":"L\u00e5t inte din hund sova p\u00e5 golvet, ge honom den b\u00e4sta s\u00f6mnen med den upph\u00f6jda sovs\u00e4ngen. Denna upph\u00f6jda hunds\u00e4ng \u00e4r...","og_url":"https:\/\/truusk.store\/sv\/produkt\/truusk-hundbadd-utomhus-bla-915-x-762-x-18-cm-metallram-600d-oxford-tyg-sovplats-for-husdjur\/","og_site_name":"TRUUSK - Hem, Tr\u00e4dg\u00e5rd &amp; Fritid","article_modified_time":"2026-03-12T07:57:31+00:00","og_image":[{"width":800,"height":800,"url":"https:\/\/i0.wp.com\/truusk.se\/wp-content\/uploads\/2024\/02\/hundsang-hundsang-utomhus-kattsang-husdjurssang-sovplats-metall-600d-oxford-tyg-bla-915-x-762-x-18-cm.webp?fit=800%2C800&ssl=1","type":"image\/webp"}],"twitter_card":"summary_large_image","twitter_misc":{"Ber\u00e4knad l\u00e4stid":"1 minut"},"schema":{"@context":"https:\/\/schema.org","@graph":[{"@type":"WebPage","@id":"https:\/\/truusk.store\/sv\/produkt\/truusk-hundbadd-utomhus-bla-915-x-762-x-18-cm-metallram-600d-oxford-tyg-sovplats-for-husdjur\/","url":"https:\/\/truusk.store\/sv\/produkt\/truusk-hundbadd-utomhus-bla-915-x-762-x-18-cm-metallram-600d-oxford-tyg-sovplats-for-husdjur\/","name":"TRUUSK Hundb\u00e4dd Utomhus - Bl\u00e5 91,5 x 76,2 x 18 cm - Metallram - 600D Oxford-tyg - Sovplats f\u00f6r Husdjur - TRUUSK - Hem, Tr\u00e4dg\u00e5rd &amp; Fritid","isPartOf":{"@id":"https:\/\/truusk.store\/sv\/#website"},"primaryImageOfPage":{"@id":"https:\/\/truusk.store\/sv\/produkt\/truusk-hundbadd-utomhus-bla-915-x-762-x-18-cm-metallram-600d-oxford-tyg-sovplats-for-husdjur\/#primaryimage"},"image":{"@id":"https:\/\/truusk.store\/sv\/produkt\/truusk-hundbadd-utomhus-bla-915-x-762-x-18-cm-metallram-600d-oxford-tyg-sovplats-for-husdjur\/#primaryimage"},"thumbnailUrl":"https:\/\/i0.wp.com\/truusk.store\/wp-content\/uploads\/2024\/02\/hundsang-hundsang-utomhus-kattsang-husdjurssang-sovplats-metall-600d-oxford-tyg-bla-915-x-762-x-18-cm.webp?fit=800%2C800&ssl=1","datePublished":"2024-02-13T09:49:38+00:00","dateModified":"2026-03-12T07:57:31+00:00","breadcrumb":{"@id":"https:\/\/truusk.store\/sv\/produkt\/truusk-hundbadd-utomhus-bla-915-x-762-x-18-cm-metallram-600d-oxford-tyg-sovplats-for-husdjur\/#breadcrumb"},"inLanguage":"sv-SE","potentialAction":[{"@type":"ReadAction","target":["https:\/\/truusk.store\/sv\/produkt\/truusk-hundbadd-utomhus-bla-915-x-762-x-18-cm-metallram-600d-oxford-tyg-sovplats-for-husdjur\/"]}]},{"@type":"ImageObject","inLanguage":"sv-SE","@id":"https:\/\/truusk.store\/sv\/produkt\/truusk-hundbadd-utomhus-bla-915-x-762-x-18-cm-metallram-600d-oxford-tyg-sovplats-for-husdjur\/#primaryimage","url":"https:\/\/i0.wp.com\/truusk.store\/wp-content\/uploads\/2024\/02\/hundsang-hundsang-utomhus-kattsang-husdjurssang-sovplats-metall-600d-oxford-tyg-bla-915-x-762-x-18-cm.webp?fit=800%2C800&ssl=1","contentUrl":"https:\/\/i0.wp.com\/truusk.store\/wp-content\/uploads\/2024\/02\/hundsang-hundsang-utomhus-kattsang-husdjurssang-sovplats-metall-600d-oxford-tyg-bla-915-x-762-x-18-cm.webp?fit=800%2C800&ssl=1","width":800,"height":800,"caption":"Hunds\u00e4ng Hunds\u00e4ng Utomhus Katts\u00e4ng Husdjurss\u00e4ng Sovplats Metall 600D Oxford Tyg Bl\u00e5 91,5 X 76,2 X 18 Cm 1"},{"@type":"BreadcrumbList","@id":"https:\/\/truusk.store\/sv\/produkt\/truusk-hundbadd-utomhus-bla-915-x-762-x-18-cm-metallram-600d-oxford-tyg-sovplats-for-husdjur\/#breadcrumb","itemListElement":[{"@type":"ListItem","position":1,"name":"Home","item":"https:\/\/truusk.store\/sv\/"},{"@type":"ListItem","position":2,"name":"Shop","item":"https:\/\/truusk.store\/shop\/"},{"@type":"ListItem","position":3,"name":"TRUUSK Hundb\u00e4dd Utomhus &#8211; Bl\u00e5 91,5 x 76,2 x 18 cm &#8211; Metallram &#8211; 600D Oxford-tyg &#8211; Sovplats f\u00f6r Husdjur"}]},{"@type":"WebSite","@id":"https:\/\/truusk.store\/sv\/#website","url":"https:\/\/truusk.store\/sv\/","name":"TRUUSK - Hem, Tr\u00e4dg\u00e5rd & Fritid","description":"","publisher":{"@id":"https:\/\/truusk.store\/sv\/#organization"},"potentialAction":[{"@type":"SearchAction","target":{"@type":"EntryPoint","urlTemplate":"https:\/\/truusk.store\/sv\/?s={search_term_string}"},"query-input":{"@type":"PropertyValueSpecification","valueRequired":true,"valueName":"search_term_string"}}],"inLanguage":"sv-SE"},{"@type":"Organization","@id":"https:\/\/truusk.store\/sv\/#organization","name":"TRUUSK - Hem, Tr\u00e4dg\u00e5rd & Fritid","url":"https:\/\/truusk.store\/sv\/","logo":{"@type":"ImageObject","inLanguage":"sv-SE","@id":"https:\/\/truusk.store\/sv\/#\/schema\/logo\/image\/","url":"https:\/\/i0.wp.com\/truusk.store\/wp-content\/uploads\/2026\/03\/cropped-TRUUSK.png?fit=2032%2C917&ssl=1","contentUrl":"https:\/\/i0.wp.com\/truusk.store\/wp-content\/uploads\/2026\/03\/cropped-TRUUSK.png?fit=2032%2C917&ssl=1","width":2032,"height":917,"caption":"TRUUSK - Hem, Tr\u00e4dg\u00e5rd & Fritid"},"image":{"@id":"https:\/\/truusk.store\/sv\/#\/schema\/logo\/image\/"}}]}},"jetpack_sharing_enabled":true,"_links":{"self":[{"href":"https:\/\/truusk.store\/sv\/wp-json\/wp\/v2\/product\/11670","targetHints":{"allow":["GET"]}}],"collection":[{"href":"https:\/\/truusk.store\/sv\/wp-json\/wp\/v2\/product"}],"about":[{"href":"https:\/\/truusk.store\/sv\/wp-json\/wp\/v2\/types\/product"}],"wp:featuredmedia":[{"embeddable":true,"href":"https:\/\/truusk.store\/sv\/wp-json\/wp\/v2\/media\/11671"}],"wp:attachment":[{"href":"https:\/\/truusk.store\/sv\/wp-json\/wp\/v2\/media?parent=11670"}],"wp:term":[{"taxonomy":"product_brand","embeddable":true,"href":"https:\/\/truusk.store\/sv\/wp-json\/wp\/v2\/product_brand?post=11670"},{"taxonomy":"product_cat","embeddable":true,"href":"https:\/\/truusk.store\/sv\/wp-json\/wp\/v2\/product_cat?post=11670"},{"taxonomy":"product_tag","embeddable":true,"href":"https:\/\/truusk.store\/sv\/wp-json\/wp\/v2\/product_tag?post=11670"}],"curies":[{"name":"wp","href":"https:\/\/api.w.org\/{rel}","templated":true}]}}