{"id":11701,"date":"2024-02-13T10:50:29","date_gmt":"2024-02-13T09:50:29","guid":{"rendered":"https:\/\/truusk.store\/product\/go-kart-pedal-bil-pedal-fordon-med-handbroms-barn-fordon-kettcar-pedal-fordon-med-justerbar-sits-fran-3-ar-gron-105-x-54-x-61cm\/"},"modified":"2026-03-12T08:57:31","modified_gmt":"2026-03-12T07:57:31","slug":"truusk-go-kart-pedalbil-med-handbroms-justerbar-sits-fran-3-ar-gron-105-x-54-x-61cm","status":"publish","type":"product","link":"https:\/\/truusk.store\/sv\/produkt\/truusk-go-kart-pedalbil-med-handbroms-justerbar-sits-fran-3-ar-gron-105-x-54-x-61cm\/","title":{"rendered":"TRUUSK Go Kart Pedalbil med Handbroms &#8211; Justerbar sits &#8211; Fr\u00e5n 3 \u00e5r &#8211; Gr\u00f6n &#8211; 105 x 54 x 61cm"},"content":{"rendered":"<p>Med v\u00e5r barngokart \u00e4r det v\u00e4ldigt viktigt att k\u00f6ra kul. Den tuffa arm\u00e9designen p\u00e5 ditt barns fordon g\u00f6r att du vill komma ut, s\u00e5 timmars k\u00f6rning och lek \u00e4r garanterade. Kedjedrevet \u00e4r s\u00e4kert g\u00f6mt under ett st\u00e4nkskydd och bromsning sker med handbroms. Detta inneb\u00e4r att ditt barn kan stanna s\u00e4kert \u00e4ven i full fart. Den kan st\u00e4llas flexibelt fram\u00e5t eller bak\u00e5t s\u00e5 att dina unga racers alltid sitter bekv\u00e4mt.<\/p>\n<h3>Beskrivning:<\/h3>\n<ul>\n<li>Gokart i tuff arm\u00e9design<\/li>\n<li>S\u00e4tet kan st\u00e4llas flexibelt fram\u00e5t eller bak\u00e5t<\/li>\n<li>G\u00e5 fram\u00e5t och bak\u00e5t genom att trampa<\/li>\n<li>Med handbroms f\u00f6r snabb inbromsning<\/li>\n<li>4 robusta hjul f\u00f6r en optimal k\u00f6rupplevelse<\/li>\n<li>L\u00e4mplig f\u00f6r barn fr\u00e5n 3 \u00e5r och upp\u00e5t<\/li>\n<li>Enkel konstruktion<\/li>\n<\/ul>\n<h3>Teknisk data:<\/h3>\n<ul>\n<li>Material: metall, plast<\/li>\n<li>F\u00e4rg: gr\u00f6n<\/li>\n<li>\u00d6vergripande m\u00e5tt: L105 x B54 x H61cm<\/li>\n<li>Sitsm\u00e5tt: L35 x B30,5 x H40cm<\/li>\n<li>Sitth\u00f6jd: 27 cm<\/li>\n<li>Max lastkapacitet: 35kg<\/li>\n<\/ul>\n<h3>Leveransens omfattning:<\/h3>\n<ul>\n<li>1 x gokart<\/li>\n<li>1 x Instruktioner<\/li>\n<\/ul>\n","protected":false},"excerpt":{"rendered":"<p>Med v\u00e5r barngokart \u00e4r det v\u00e4ldigt viktigt att k\u00f6ra kul. Den tuffa arm\u00e9designen p\u00e5 ditt barns fordon g\u00f6r att du&#8230;<\/p>\n","protected":false},"featured_media":11702,"template":"","meta":[],"product_brand":[],"product_cat":[609,610,614],"product_tag":[],"class_list":{"0":"post-11701","1":"product","2":"type-product","3":"status-publish","4":"has-post-thumbnail","6":"product_cat-baby-barn","7":"product_cat-barnfordon","8":"product_cat-gokart-och-trampfordon","10":"first","11":"instock","12":"sale","13":"taxable","14":"shipping-taxable","15":"purchasable","16":"product-type-simple"},"yoast_head":"<!-- This site is optimized with the Yoast SEO plugin v25.4 - https:\/\/yoast.com\/wordpress\/plugins\/seo\/ -->\n<title>TRUUSK Go Kart Pedalbil med Handbroms - Justerbar sits - Fr\u00e5n 3 \u00e5r - Gr\u00f6n - 105 x 54 x 61cm - TRUUSK - Hem, Tr\u00e4dg\u00e5rd &amp; Fritid<\/title>\n<meta name=\"robots\" content=\"index, follow, max-snippet:-1, max-image-preview:large, max-video-preview:-1\" \/>\n<link rel=\"canonical\" href=\"https:\/\/truusk.store\/sv\/produkt\/truusk-go-kart-pedalbil-med-handbroms-justerbar-sits-fran-3-ar-gron-105-x-54-x-61cm\/\" \/>\n<meta property=\"og:locale\" content=\"sv_SE\" \/>\n<meta property=\"og:type\" content=\"article\" \/>\n<meta property=\"og:title\" content=\"TRUUSK Go Kart Pedalbil med Handbroms - Justerbar sits - Fr\u00e5n 3 \u00e5r - Gr\u00f6n - 105 x 54 x 61cm - TRUUSK - Hem, Tr\u00e4dg\u00e5rd &amp; Fritid\" \/>\n<meta property=\"og:description\" content=\"Med v\u00e5r barngokart \u00e4r det v\u00e4ldigt viktigt att k\u00f6ra kul. Den tuffa arm\u00e9designen p\u00e5 ditt barns fordon g\u00f6r att du...\" \/>\n<meta property=\"og:url\" content=\"https:\/\/truusk.store\/sv\/produkt\/truusk-go-kart-pedalbil-med-handbroms-justerbar-sits-fran-3-ar-gron-105-x-54-x-61cm\/\" \/>\n<meta property=\"og:site_name\" content=\"TRUUSK - Hem, Tr\u00e4dg\u00e5rd &amp; Fritid\" \/>\n<meta property=\"article:modified_time\" content=\"2026-03-12T07:57:31+00:00\" \/>\n<meta property=\"og:image\" content=\"https:\/\/i0.wp.com\/truusk.se\/wp-content\/uploads\/2024\/02\/go-kart-pedal-bil-pedal-fordon-med-handbroms-barn-fordon-kettcar-pedal-fordon-med-justerbar-sits-fran-3-ar-gron-105-x-54-x-61cm.webp?fit=800%2C800&ssl=1\" \/>\n\t<meta property=\"og:image:width\" content=\"800\" \/>\n\t<meta property=\"og:image:height\" content=\"800\" \/>\n\t<meta property=\"og:image:type\" content=\"image\/webp\" \/>\n<meta name=\"twitter:card\" content=\"summary_large_image\" \/>\n<meta name=\"twitter:label1\" content=\"Ber\u00e4knad l\u00e4stid\" \/>\n\t<meta name=\"twitter:data1\" content=\"1 minut\" \/>\n<!-- \/ Yoast SEO plugin. -->","yoast_head_json":{"title":"TRUUSK Go Kart Pedalbil med Handbroms - Justerbar sits - Fr\u00e5n 3 \u00e5r - Gr\u00f6n - 105 x 54 x 61cm - TRUUSK - Hem, Tr\u00e4dg\u00e5rd &amp; Fritid","robots":{"index":"index","follow":"follow","max-snippet":"max-snippet:-1","max-image-preview":"max-image-preview:large","max-video-preview":"max-video-preview:-1"},"canonical":"https:\/\/truusk.store\/sv\/produkt\/truusk-go-kart-pedalbil-med-handbroms-justerbar-sits-fran-3-ar-gron-105-x-54-x-61cm\/","og_locale":"sv_SE","og_type":"article","og_title":"TRUUSK Go Kart Pedalbil med Handbroms - Justerbar sits - Fr\u00e5n 3 \u00e5r - Gr\u00f6n - 105 x 54 x 61cm - TRUUSK - Hem, Tr\u00e4dg\u00e5rd &amp; Fritid","og_description":"Med v\u00e5r barngokart \u00e4r det v\u00e4ldigt viktigt att k\u00f6ra kul. Den tuffa arm\u00e9designen p\u00e5 ditt barns fordon g\u00f6r att du...","og_url":"https:\/\/truusk.store\/sv\/produkt\/truusk-go-kart-pedalbil-med-handbroms-justerbar-sits-fran-3-ar-gron-105-x-54-x-61cm\/","og_site_name":"TRUUSK - Hem, Tr\u00e4dg\u00e5rd &amp; Fritid","article_modified_time":"2026-03-12T07:57:31+00:00","og_image":[{"width":800,"height":800,"url":"https:\/\/i0.wp.com\/truusk.se\/wp-content\/uploads\/2024\/02\/go-kart-pedal-bil-pedal-fordon-med-handbroms-barn-fordon-kettcar-pedal-fordon-med-justerbar-sits-fran-3-ar-gron-105-x-54-x-61cm.webp?fit=800%2C800&ssl=1","type":"image\/webp"}],"twitter_card":"summary_large_image","twitter_misc":{"Ber\u00e4knad l\u00e4stid":"1 minut"},"schema":{"@context":"https:\/\/schema.org","@graph":[{"@type":"WebPage","@id":"https:\/\/truusk.store\/sv\/produkt\/truusk-go-kart-pedalbil-med-handbroms-justerbar-sits-fran-3-ar-gron-105-x-54-x-61cm\/","url":"https:\/\/truusk.store\/sv\/produkt\/truusk-go-kart-pedalbil-med-handbroms-justerbar-sits-fran-3-ar-gron-105-x-54-x-61cm\/","name":"TRUUSK Go Kart Pedalbil med Handbroms - Justerbar sits - Fr\u00e5n 3 \u00e5r - Gr\u00f6n - 105 x 54 x 61cm - TRUUSK - Hem, Tr\u00e4dg\u00e5rd &amp; Fritid","isPartOf":{"@id":"https:\/\/truusk.store\/sv\/#website"},"primaryImageOfPage":{"@id":"https:\/\/truusk.store\/sv\/produkt\/truusk-go-kart-pedalbil-med-handbroms-justerbar-sits-fran-3-ar-gron-105-x-54-x-61cm\/#primaryimage"},"image":{"@id":"https:\/\/truusk.store\/sv\/produkt\/truusk-go-kart-pedalbil-med-handbroms-justerbar-sits-fran-3-ar-gron-105-x-54-x-61cm\/#primaryimage"},"thumbnailUrl":"https:\/\/i0.wp.com\/truusk.store\/wp-content\/uploads\/2024\/02\/go-kart-pedal-bil-pedal-fordon-med-handbroms-barn-fordon-kettcar-pedal-fordon-med-justerbar-sits-fran-3-ar-gron-105-x-54-x-61cm.webp?fit=800%2C800&ssl=1","datePublished":"2024-02-13T09:50:29+00:00","dateModified":"2026-03-12T07:57:31+00:00","breadcrumb":{"@id":"https:\/\/truusk.store\/sv\/produkt\/truusk-go-kart-pedalbil-med-handbroms-justerbar-sits-fran-3-ar-gron-105-x-54-x-61cm\/#breadcrumb"},"inLanguage":"sv-SE","potentialAction":[{"@type":"ReadAction","target":["https:\/\/truusk.store\/sv\/produkt\/truusk-go-kart-pedalbil-med-handbroms-justerbar-sits-fran-3-ar-gron-105-x-54-x-61cm\/"]}]},{"@type":"ImageObject","inLanguage":"sv-SE","@id":"https:\/\/truusk.store\/sv\/produkt\/truusk-go-kart-pedalbil-med-handbroms-justerbar-sits-fran-3-ar-gron-105-x-54-x-61cm\/#primaryimage","url":"https:\/\/i0.wp.com\/truusk.store\/wp-content\/uploads\/2024\/02\/go-kart-pedal-bil-pedal-fordon-med-handbroms-barn-fordon-kettcar-pedal-fordon-med-justerbar-sits-fran-3-ar-gron-105-x-54-x-61cm.webp?fit=800%2C800&ssl=1","contentUrl":"https:\/\/i0.wp.com\/truusk.store\/wp-content\/uploads\/2024\/02\/go-kart-pedal-bil-pedal-fordon-med-handbroms-barn-fordon-kettcar-pedal-fordon-med-justerbar-sits-fran-3-ar-gron-105-x-54-x-61cm.webp?fit=800%2C800&ssl=1","width":800,"height":800,"caption":"Go Kart Pedal Bil Pedal Fordon Med Handbroms Barn Fordon Kettcar Pedal Fordon Med Justerbar Sits Fr\u00e5n 3 \u00e5r Gr\u00f6n 105 X 54 X 61cm 1"},{"@type":"BreadcrumbList","@id":"https:\/\/truusk.store\/sv\/produkt\/truusk-go-kart-pedalbil-med-handbroms-justerbar-sits-fran-3-ar-gron-105-x-54-x-61cm\/#breadcrumb","itemListElement":[{"@type":"ListItem","position":1,"name":"Home","item":"https:\/\/truusk.store\/sv\/"},{"@type":"ListItem","position":2,"name":"Shop","item":"https:\/\/truusk.store\/shop\/"},{"@type":"ListItem","position":3,"name":"TRUUSK Go Kart Pedalbil med Handbroms &#8211; Justerbar sits &#8211; Fr\u00e5n 3 \u00e5r &#8211; Gr\u00f6n &#8211; 105 x 54 x 61cm"}]},{"@type":"WebSite","@id":"https:\/\/truusk.store\/sv\/#website","url":"https:\/\/truusk.store\/sv\/","name":"TRUUSK - Hem, Tr\u00e4dg\u00e5rd & Fritid","description":"","publisher":{"@id":"https:\/\/truusk.store\/sv\/#organization"},"potentialAction":[{"@type":"SearchAction","target":{"@type":"EntryPoint","urlTemplate":"https:\/\/truusk.store\/sv\/?s={search_term_string}"},"query-input":{"@type":"PropertyValueSpecification","valueRequired":true,"valueName":"search_term_string"}}],"inLanguage":"sv-SE"},{"@type":"Organization","@id":"https:\/\/truusk.store\/sv\/#organization","name":"TRUUSK - Hem, Tr\u00e4dg\u00e5rd & Fritid","url":"https:\/\/truusk.store\/sv\/","logo":{"@type":"ImageObject","inLanguage":"sv-SE","@id":"https:\/\/truusk.store\/sv\/#\/schema\/logo\/image\/","url":"https:\/\/i0.wp.com\/truusk.store\/wp-content\/uploads\/2026\/03\/cropped-TRUUSK.png?fit=2032%2C917&ssl=1","contentUrl":"https:\/\/i0.wp.com\/truusk.store\/wp-content\/uploads\/2026\/03\/cropped-TRUUSK.png?fit=2032%2C917&ssl=1","width":2032,"height":917,"caption":"TRUUSK - Hem, Tr\u00e4dg\u00e5rd & Fritid"},"image":{"@id":"https:\/\/truusk.store\/sv\/#\/schema\/logo\/image\/"}}]}},"jetpack_sharing_enabled":true,"_links":{"self":[{"href":"https:\/\/truusk.store\/sv\/wp-json\/wp\/v2\/product\/11701","targetHints":{"allow":["GET"]}}],"collection":[{"href":"https:\/\/truusk.store\/sv\/wp-json\/wp\/v2\/product"}],"about":[{"href":"https:\/\/truusk.store\/sv\/wp-json\/wp\/v2\/types\/product"}],"wp:featuredmedia":[{"embeddable":true,"href":"https:\/\/truusk.store\/sv\/wp-json\/wp\/v2\/media\/11702"}],"wp:attachment":[{"href":"https:\/\/truusk.store\/sv\/wp-json\/wp\/v2\/media?parent=11701"}],"wp:term":[{"taxonomy":"product_brand","embeddable":true,"href":"https:\/\/truusk.store\/sv\/wp-json\/wp\/v2\/product_brand?post=11701"},{"taxonomy":"product_cat","embeddable":true,"href":"https:\/\/truusk.store\/sv\/wp-json\/wp\/v2\/product_cat?post=11701"},{"taxonomy":"product_tag","embeddable":true,"href":"https:\/\/truusk.store\/sv\/wp-json\/wp\/v2\/product_tag?post=11701"}],"curies":[{"name":"wp","href":"https:\/\/api.w.org\/{rel}","templated":true}]}}