{"id":11800,"date":"2024-02-13T10:52:53","date_gmt":"2024-02-13T09:52:53","guid":{"rendered":"https:\/\/truusk.store\/product\/verktygsbod-med-skjutdorrar-277-x-195-x-192cm-metall-ljusgron\/"},"modified":"2026-03-12T08:57:33","modified_gmt":"2026-03-12T07:57:33","slug":"truusk-verktygsbod-med-skjutdorrar-metall-277m-x-195m-x-192m-ljusgron","status":"publish","type":"product","link":"https:\/\/truusk.store\/sv\/produkt\/truusk-verktygsbod-med-skjutdorrar-metall-277m-x-195m-x-192m-ljusgron\/","title":{"rendered":"TRUUSK Verktygsbod Med Skjutd\u00f6rrar &#8211; Metall &#8211; 2,77m x 1,95m x 1,92m &#8211; Ljusgr\u00f6n"},"content":{"rendered":"<p>Har du inte en redskapsbod f\u00f6r dina tr\u00e4dg\u00e5rdsredskap \u00e4nnu? D\u00e5 \u00e4r denna redskapsbod den perfekta l\u00f6sningen! Tilltr\u00e4de till tr\u00e4dg\u00e5rdsboden sker genom tv\u00e5 skjutd\u00f6rrar och redskapsboden har en grund av galvaniserat st\u00e5l som \u00e4r v\u00e4der- och vattent\u00e4t. Eftersom boden \u00e4r tillverkad av metall \u00e4r den extremt robust och idealisk f\u00f6r din tr\u00e4dg\u00e5rd. Mycket rymlig, fukts\u00e4ker och v\u00e4lventilerad: S\u00e5 h\u00e4r kan du f\u00f6rvara dina tr\u00e4dg\u00e5rdsredskap s\u00e4kert!<\/p>\n<h3>Beskrivning:<\/h3>\n<ul>\n<li>Apparathusets h\u00f6lje \u00e4r tillverkat av metall &#8211; extremt robust, v\u00e4derbest\u00e4ndig och vattent\u00e4t<\/li>\n<li>Ytan \u00e4r f\u00f6rsedd med en v\u00e4derbest\u00e4ndig f\u00e4rg<\/li>\n<li>Stor interi\u00f6r erbjuder tillr\u00e4ckligt med utrymme f\u00f6r en m\u00e4ngd olika verktyg<\/li>\n<li>2 st smidigt l\u00f6pande skjutd\u00f6rrar med vita d\u00f6rrkarmar<\/li>\n<li>Det finns 2 ventilationsf\u00f6nster p\u00e5 fram- och baksidan<\/li>\n<li>Takkant med polypropenram f\u00f6r att f\u00f6rhindra skador<\/li>\n<li>Inkl basram av galvaniserat st\u00e5l<\/li>\n<li>Obs: M\u00e4t grunden i ditt utomhusomr\u00e5de noggrant innan du k\u00f6per denna artikel.<\/li>\n<\/ul>\n<h3>Teknisk data:<\/h3>\n<ul>\n<li>Material: st\u00e5l, polypropen<\/li>\n<li>F\u00e4rg: ljusgr\u00f6n<\/li>\n<li>\u00d6vergripande m\u00e5tt: 277L x 195W x 192H cm<\/li>\n<li>Innerm\u00e5tt: 267L x 181W x 192H cm<\/li>\n<li>Max belastning (t.ex. p\u00e5 grund av sn\u00f6): 20 kg\/m<\/li>\n<li>OBS: Denna vara skickas och levereras i separata l\u00e5dor, leveranstider kan variera beroende p\u00e5 l\u00e5da. Antal l\u00e5dor: 2<\/li>\n<\/ul>\n<h3>Leveransens omfattning:<\/h3>\n<ul>\n<li>1 x odlingshus (med golvram);<\/li>\n<\/ul>\n","protected":false},"excerpt":{"rendered":"<p>Har du inte en redskapsbod f\u00f6r dina tr\u00e4dg\u00e5rdsredskap \u00e4nnu? D\u00e5 \u00e4r denna redskapsbod den perfekta l\u00f6sningen! Tilltr\u00e4de till tr\u00e4dg\u00e5rdsboden sker&#8230;<\/p>\n","protected":false},"featured_media":11801,"template":"","meta":[],"product_brand":[],"product_cat":[436,438,435],"product_tag":[],"class_list":{"0":"post-11800","1":"product","2":"type-product","3":"status-publish","4":"has-post-thumbnail","6":"product_cat-bestall-i-tradgarden","7":"product_cat-redskapsbod","8":"product_cat-tradgard-och-terrass","10":"first","11":"instock","12":"sale","13":"taxable","14":"shipping-taxable","15":"purchasable","16":"product-type-simple"},"yoast_head":"<!-- This site is optimized with the Yoast SEO plugin v25.4 - https:\/\/yoast.com\/wordpress\/plugins\/seo\/ -->\n<title>TRUUSK Verktygsbod Med Skjutd\u00f6rrar - Metall - 2,77m x 1,95m x 1,92m - Ljusgr\u00f6n - TRUUSK - Hem, Tr\u00e4dg\u00e5rd &amp; Fritid<\/title>\n<meta name=\"robots\" content=\"index, follow, max-snippet:-1, max-image-preview:large, max-video-preview:-1\" \/>\n<link rel=\"canonical\" href=\"https:\/\/truusk.store\/sv\/produkt\/truusk-verktygsbod-med-skjutdorrar-metall-277m-x-195m-x-192m-ljusgron\/\" \/>\n<meta property=\"og:locale\" content=\"sv_SE\" \/>\n<meta property=\"og:type\" content=\"article\" \/>\n<meta property=\"og:title\" content=\"TRUUSK Verktygsbod Med Skjutd\u00f6rrar - Metall - 2,77m x 1,95m x 1,92m - Ljusgr\u00f6n - TRUUSK - Hem, Tr\u00e4dg\u00e5rd &amp; Fritid\" \/>\n<meta property=\"og:description\" content=\"Har du inte en redskapsbod f\u00f6r dina tr\u00e4dg\u00e5rdsredskap \u00e4nnu? D\u00e5 \u00e4r denna redskapsbod den perfekta l\u00f6sningen! Tilltr\u00e4de till tr\u00e4dg\u00e5rdsboden sker...\" \/>\n<meta property=\"og:url\" content=\"https:\/\/truusk.store\/sv\/produkt\/truusk-verktygsbod-med-skjutdorrar-metall-277m-x-195m-x-192m-ljusgron\/\" \/>\n<meta property=\"og:site_name\" content=\"TRUUSK - Hem, Tr\u00e4dg\u00e5rd &amp; Fritid\" \/>\n<meta property=\"article:modified_time\" content=\"2026-03-12T07:57:33+00:00\" \/>\n<meta property=\"og:image\" content=\"https:\/\/i0.wp.com\/truusk.se\/wp-content\/uploads\/2024\/02\/verktygsbod-med-skjutdorrar-277-x-195-x-192cm-metall-ljusgron.webp?fit=800%2C800&ssl=1\" \/>\n\t<meta property=\"og:image:width\" content=\"800\" \/>\n\t<meta property=\"og:image:height\" content=\"800\" \/>\n\t<meta property=\"og:image:type\" content=\"image\/webp\" \/>\n<meta name=\"twitter:card\" content=\"summary_large_image\" \/>\n<meta name=\"twitter:label1\" content=\"Ber\u00e4knad l\u00e4stid\" \/>\n\t<meta name=\"twitter:data1\" content=\"1 minut\" \/>\n<!-- \/ Yoast SEO plugin. -->","yoast_head_json":{"title":"TRUUSK Verktygsbod Med Skjutd\u00f6rrar - Metall - 2,77m x 1,95m x 1,92m - Ljusgr\u00f6n - TRUUSK - Hem, Tr\u00e4dg\u00e5rd &amp; Fritid","robots":{"index":"index","follow":"follow","max-snippet":"max-snippet:-1","max-image-preview":"max-image-preview:large","max-video-preview":"max-video-preview:-1"},"canonical":"https:\/\/truusk.store\/sv\/produkt\/truusk-verktygsbod-med-skjutdorrar-metall-277m-x-195m-x-192m-ljusgron\/","og_locale":"sv_SE","og_type":"article","og_title":"TRUUSK Verktygsbod Med Skjutd\u00f6rrar - Metall - 2,77m x 1,95m x 1,92m - Ljusgr\u00f6n - TRUUSK - Hem, Tr\u00e4dg\u00e5rd &amp; Fritid","og_description":"Har du inte en redskapsbod f\u00f6r dina tr\u00e4dg\u00e5rdsredskap \u00e4nnu? D\u00e5 \u00e4r denna redskapsbod den perfekta l\u00f6sningen! Tilltr\u00e4de till tr\u00e4dg\u00e5rdsboden sker...","og_url":"https:\/\/truusk.store\/sv\/produkt\/truusk-verktygsbod-med-skjutdorrar-metall-277m-x-195m-x-192m-ljusgron\/","og_site_name":"TRUUSK - Hem, Tr\u00e4dg\u00e5rd &amp; Fritid","article_modified_time":"2026-03-12T07:57:33+00:00","og_image":[{"width":800,"height":800,"url":"https:\/\/i0.wp.com\/truusk.se\/wp-content\/uploads\/2024\/02\/verktygsbod-med-skjutdorrar-277-x-195-x-192cm-metall-ljusgron.webp?fit=800%2C800&ssl=1","type":"image\/webp"}],"twitter_card":"summary_large_image","twitter_misc":{"Ber\u00e4knad l\u00e4stid":"1 minut"},"schema":{"@context":"https:\/\/schema.org","@graph":[{"@type":"WebPage","@id":"https:\/\/truusk.store\/sv\/produkt\/truusk-verktygsbod-med-skjutdorrar-metall-277m-x-195m-x-192m-ljusgron\/","url":"https:\/\/truusk.store\/sv\/produkt\/truusk-verktygsbod-med-skjutdorrar-metall-277m-x-195m-x-192m-ljusgron\/","name":"TRUUSK Verktygsbod Med Skjutd\u00f6rrar - Metall - 2,77m x 1,95m x 1,92m - Ljusgr\u00f6n - TRUUSK - Hem, Tr\u00e4dg\u00e5rd &amp; Fritid","isPartOf":{"@id":"https:\/\/truusk.store\/sv\/#website"},"primaryImageOfPage":{"@id":"https:\/\/truusk.store\/sv\/produkt\/truusk-verktygsbod-med-skjutdorrar-metall-277m-x-195m-x-192m-ljusgron\/#primaryimage"},"image":{"@id":"https:\/\/truusk.store\/sv\/produkt\/truusk-verktygsbod-med-skjutdorrar-metall-277m-x-195m-x-192m-ljusgron\/#primaryimage"},"thumbnailUrl":"https:\/\/i0.wp.com\/truusk.store\/wp-content\/uploads\/2024\/02\/verktygsbod-med-skjutdorrar-277-x-195-x-192cm-metall-ljusgron.webp?fit=800%2C800&ssl=1","datePublished":"2024-02-13T09:52:53+00:00","dateModified":"2026-03-12T07:57:33+00:00","breadcrumb":{"@id":"https:\/\/truusk.store\/sv\/produkt\/truusk-verktygsbod-med-skjutdorrar-metall-277m-x-195m-x-192m-ljusgron\/#breadcrumb"},"inLanguage":"sv-SE","potentialAction":[{"@type":"ReadAction","target":["https:\/\/truusk.store\/sv\/produkt\/truusk-verktygsbod-med-skjutdorrar-metall-277m-x-195m-x-192m-ljusgron\/"]}]},{"@type":"ImageObject","inLanguage":"sv-SE","@id":"https:\/\/truusk.store\/sv\/produkt\/truusk-verktygsbod-med-skjutdorrar-metall-277m-x-195m-x-192m-ljusgron\/#primaryimage","url":"https:\/\/i0.wp.com\/truusk.store\/wp-content\/uploads\/2024\/02\/verktygsbod-med-skjutdorrar-277-x-195-x-192cm-metall-ljusgron.webp?fit=800%2C800&ssl=1","contentUrl":"https:\/\/i0.wp.com\/truusk.store\/wp-content\/uploads\/2024\/02\/verktygsbod-med-skjutdorrar-277-x-195-x-192cm-metall-ljusgron.webp?fit=800%2C800&ssl=1","width":800,"height":800,"caption":"Verktygsbod Med Skjutd\u00f6rrar 2,77 X 1,95 X 1,92cm Metall Ljusgr\u00f6n 1"},{"@type":"BreadcrumbList","@id":"https:\/\/truusk.store\/sv\/produkt\/truusk-verktygsbod-med-skjutdorrar-metall-277m-x-195m-x-192m-ljusgron\/#breadcrumb","itemListElement":[{"@type":"ListItem","position":1,"name":"Home","item":"https:\/\/truusk.store\/sv\/"},{"@type":"ListItem","position":2,"name":"Shop","item":"https:\/\/truusk.store\/shop\/"},{"@type":"ListItem","position":3,"name":"TRUUSK Verktygsbod Med Skjutd\u00f6rrar &#8211; Metall &#8211; 2,77m x 1,95m x 1,92m &#8211; Ljusgr\u00f6n"}]},{"@type":"WebSite","@id":"https:\/\/truusk.store\/sv\/#website","url":"https:\/\/truusk.store\/sv\/","name":"TRUUSK - Hem, Tr\u00e4dg\u00e5rd & Fritid","description":"","publisher":{"@id":"https:\/\/truusk.store\/sv\/#organization"},"potentialAction":[{"@type":"SearchAction","target":{"@type":"EntryPoint","urlTemplate":"https:\/\/truusk.store\/sv\/?s={search_term_string}"},"query-input":{"@type":"PropertyValueSpecification","valueRequired":true,"valueName":"search_term_string"}}],"inLanguage":"sv-SE"},{"@type":"Organization","@id":"https:\/\/truusk.store\/sv\/#organization","name":"TRUUSK - Hem, Tr\u00e4dg\u00e5rd & Fritid","url":"https:\/\/truusk.store\/sv\/","logo":{"@type":"ImageObject","inLanguage":"sv-SE","@id":"https:\/\/truusk.store\/sv\/#\/schema\/logo\/image\/","url":"https:\/\/i0.wp.com\/truusk.store\/wp-content\/uploads\/2026\/03\/cropped-TRUUSK.png?fit=2032%2C917&ssl=1","contentUrl":"https:\/\/i0.wp.com\/truusk.store\/wp-content\/uploads\/2026\/03\/cropped-TRUUSK.png?fit=2032%2C917&ssl=1","width":2032,"height":917,"caption":"TRUUSK - Hem, Tr\u00e4dg\u00e5rd & Fritid"},"image":{"@id":"https:\/\/truusk.store\/sv\/#\/schema\/logo\/image\/"}}]}},"jetpack_sharing_enabled":true,"_links":{"self":[{"href":"https:\/\/truusk.store\/sv\/wp-json\/wp\/v2\/product\/11800","targetHints":{"allow":["GET"]}}],"collection":[{"href":"https:\/\/truusk.store\/sv\/wp-json\/wp\/v2\/product"}],"about":[{"href":"https:\/\/truusk.store\/sv\/wp-json\/wp\/v2\/types\/product"}],"wp:featuredmedia":[{"embeddable":true,"href":"https:\/\/truusk.store\/sv\/wp-json\/wp\/v2\/media\/11801"}],"wp:attachment":[{"href":"https:\/\/truusk.store\/sv\/wp-json\/wp\/v2\/media?parent=11800"}],"wp:term":[{"taxonomy":"product_brand","embeddable":true,"href":"https:\/\/truusk.store\/sv\/wp-json\/wp\/v2\/product_brand?post=11800"},{"taxonomy":"product_cat","embeddable":true,"href":"https:\/\/truusk.store\/sv\/wp-json\/wp\/v2\/product_cat?post=11800"},{"taxonomy":"product_tag","embeddable":true,"href":"https:\/\/truusk.store\/sv\/wp-json\/wp\/v2\/product_tag?post=11800"}],"curies":[{"name":"wp","href":"https:\/\/api.w.org\/{rel}","templated":true}]}}