{"id":11812,"date":"2024-02-13T10:53:07","date_gmt":"2024-02-13T09:53:07","guid":{"rendered":"https:\/\/truusk.store\/product\/football-rebounder-kickback-goal-rebound-wall-net-for-baseball-fotbollsmal-for-traning-justerbar-vinkel-metallror-pe-tyg-96-x-80-x-96-cm-rod-svart\/"},"modified":"2026-03-12T08:57:33","modified_gmt":"2026-03-12T07:57:33","slug":"truusk-fotboll-rebounder-kickback-mal-justerbar-vinkel-metallram-pe-tyg-96-x-80-x-96-cm-rod-svart","status":"publish","type":"product","link":"https:\/\/truusk.store\/sv\/produkt\/truusk-fotboll-rebounder-kickback-mal-justerbar-vinkel-metallram-pe-tyg-96-x-80-x-96-cm-rod-svart\/","title":{"rendered":"TRUUSK Fotboll Rebounder Kickback M\u00e5l &#8211; Justerbar Vinkel &#8211; Metallram &#8211; PE-tyg &#8211; 96 x 80 x 96 cm &#8211; R\u00f6d + Svart"},"content":{"rendered":"<p>Med denna fantastiska rebounder kommer ditt barn att tillbringa timmar utomhus och lekfullt tr\u00e4na sin motorik, koordination och uth\u00e5llighet. Rebound-n\u00e4tet \u00e4r l\u00e4mpligt f\u00f6r m\u00e5nga bollsporter som fotboll, baseball eller cricket. Tack vare den robusta konstruktionen och den fasta f\u00f6rankringen i marken f\u00e5ngar n\u00e4tet enkelt \u00e4ven de snabbaste bollarna. Vinkeln p\u00e5 n\u00e4tet kan enkelt justeras f\u00f6r att anpassa reboundern till individuella tr\u00e4ningskrav.<\/p>\n<h3>Beskrivning:<\/h3>\n<ul>\n<li>Allv\u00e4dersplastn\u00e4t, f\u00e4st med 20 elastiska sn\u00f6ren<\/li>\n<li>Justerbar vinkel f\u00f6r att b\u00e4ttre passa dina tr\u00e4ningsm\u00e5l<\/li>\n<li>L\u00e4tt att transportera och f\u00f6rvara tack vare vikfunktionen<\/li>\n<li>Perfekt f\u00f6r olika sporter inklusive baseboll, fotboll och mer<\/li>\n<li>Hj\u00e4lper spelaren att utveckla f\u00e4rdigheter inom omr\u00e5dena noggrannhet, kraft och bollkontroll<\/li>\n<li>Inkluderar markankare f\u00f6r att f\u00f6rhindra att den v\u00e4lter n\u00e4r den anv\u00e4nds<\/li>\n<li>Enkel montering kr\u00e4vs<\/li>\n<\/ul>\n<h3>Teknisk data:<\/h3>\n<ul>\n<li>Material: PE-plast, st\u00e5l<\/li>\n<li>F\u00e4rg: R\u00f6d+svart<\/li>\n<li>\u00d6vergripande m\u00e5tt: 96L x 80W x 96H cm<\/li>\n<li>Nettostorlek: 84L x 84W cm<\/li>\n<li>Vikt: 2,8 kg<\/li>\n<\/ul>\n<h3>Leveransens omfattning:<\/h3>\n<ul>\n<li>1 x Rebounder;<\/li>\n<\/ul>\n","protected":false},"excerpt":{"rendered":"<p>Med denna fantastiska rebounder kommer ditt barn att tillbringa timmar utomhus och lekfullt tr\u00e4na sin motorik, koordination och uth\u00e5llighet. Rebound-n\u00e4tet&#8230;<\/p>\n","protected":false},"featured_media":11813,"template":"","meta":[],"product_brand":[],"product_cat":[669,647],"product_tag":[],"class_list":{"0":"post-11812","1":"product","2":"type-product","3":"status-publish","4":"has-post-thumbnail","6":"product_cat-bollsporter","7":"product_cat-sport-fritid","9":"first","10":"instock","11":"sale","12":"taxable","13":"shipping-taxable","14":"purchasable","15":"product-type-simple"},"yoast_head":"<!-- This site is optimized with the Yoast SEO plugin v25.4 - https:\/\/yoast.com\/wordpress\/plugins\/seo\/ -->\n<title>TRUUSK Fotboll Rebounder Kickback M\u00e5l - Justerbar Vinkel - Metallram - PE-tyg - 96 x 80 x 96 cm - R\u00f6d + Svart - TRUUSK - Hem, Tr\u00e4dg\u00e5rd &amp; Fritid<\/title>\n<meta name=\"robots\" content=\"index, follow, max-snippet:-1, max-image-preview:large, max-video-preview:-1\" \/>\n<link rel=\"canonical\" href=\"https:\/\/truusk.store\/sv\/produkt\/truusk-fotboll-rebounder-kickback-mal-justerbar-vinkel-metallram-pe-tyg-96-x-80-x-96-cm-rod-svart\/\" \/>\n<meta property=\"og:locale\" content=\"sv_SE\" \/>\n<meta property=\"og:type\" content=\"article\" \/>\n<meta property=\"og:title\" content=\"TRUUSK Fotboll Rebounder Kickback M\u00e5l - Justerbar Vinkel - Metallram - PE-tyg - 96 x 80 x 96 cm - R\u00f6d + Svart - TRUUSK - Hem, Tr\u00e4dg\u00e5rd &amp; Fritid\" \/>\n<meta property=\"og:description\" content=\"Med denna fantastiska rebounder kommer ditt barn att tillbringa timmar utomhus och lekfullt tr\u00e4na sin motorik, koordination och uth\u00e5llighet. Rebound-n\u00e4tet...\" \/>\n<meta property=\"og:url\" content=\"https:\/\/truusk.store\/sv\/produkt\/truusk-fotboll-rebounder-kickback-mal-justerbar-vinkel-metallram-pe-tyg-96-x-80-x-96-cm-rod-svart\/\" \/>\n<meta property=\"og:site_name\" content=\"TRUUSK - Hem, Tr\u00e4dg\u00e5rd &amp; Fritid\" \/>\n<meta property=\"article:modified_time\" content=\"2026-03-12T07:57:33+00:00\" \/>\n<meta property=\"og:image\" content=\"https:\/\/i0.wp.com\/truusk.se\/wp-content\/uploads\/2024\/02\/football-rebounder-kickback-goal-rebound-wall-net-for-baseball-fotbollsmal-for-traning-justerbar-vinkel-metallror-pe-tyg-96-x-80-x-96-cm-rod-svart.webp?fit=800%2C800&ssl=1\" \/>\n\t<meta property=\"og:image:width\" content=\"800\" \/>\n\t<meta property=\"og:image:height\" content=\"800\" \/>\n\t<meta property=\"og:image:type\" content=\"image\/webp\" \/>\n<meta name=\"twitter:card\" content=\"summary_large_image\" \/>\n<meta name=\"twitter:label1\" content=\"Ber\u00e4knad l\u00e4stid\" \/>\n\t<meta name=\"twitter:data1\" content=\"1 minut\" \/>\n<!-- \/ Yoast SEO plugin. -->","yoast_head_json":{"title":"TRUUSK Fotboll Rebounder Kickback M\u00e5l - Justerbar Vinkel - Metallram - PE-tyg - 96 x 80 x 96 cm - R\u00f6d + Svart - TRUUSK - Hem, Tr\u00e4dg\u00e5rd &amp; Fritid","robots":{"index":"index","follow":"follow","max-snippet":"max-snippet:-1","max-image-preview":"max-image-preview:large","max-video-preview":"max-video-preview:-1"},"canonical":"https:\/\/truusk.store\/sv\/produkt\/truusk-fotboll-rebounder-kickback-mal-justerbar-vinkel-metallram-pe-tyg-96-x-80-x-96-cm-rod-svart\/","og_locale":"sv_SE","og_type":"article","og_title":"TRUUSK Fotboll Rebounder Kickback M\u00e5l - Justerbar Vinkel - Metallram - PE-tyg - 96 x 80 x 96 cm - R\u00f6d + Svart - TRUUSK - Hem, Tr\u00e4dg\u00e5rd &amp; Fritid","og_description":"Med denna fantastiska rebounder kommer ditt barn att tillbringa timmar utomhus och lekfullt tr\u00e4na sin motorik, koordination och uth\u00e5llighet. Rebound-n\u00e4tet...","og_url":"https:\/\/truusk.store\/sv\/produkt\/truusk-fotboll-rebounder-kickback-mal-justerbar-vinkel-metallram-pe-tyg-96-x-80-x-96-cm-rod-svart\/","og_site_name":"TRUUSK - Hem, Tr\u00e4dg\u00e5rd &amp; Fritid","article_modified_time":"2026-03-12T07:57:33+00:00","og_image":[{"width":800,"height":800,"url":"https:\/\/i0.wp.com\/truusk.se\/wp-content\/uploads\/2024\/02\/football-rebounder-kickback-goal-rebound-wall-net-for-baseball-fotbollsmal-for-traning-justerbar-vinkel-metallror-pe-tyg-96-x-80-x-96-cm-rod-svart.webp?fit=800%2C800&ssl=1","type":"image\/webp"}],"twitter_card":"summary_large_image","twitter_misc":{"Ber\u00e4knad l\u00e4stid":"1 minut"},"schema":{"@context":"https:\/\/schema.org","@graph":[{"@type":"WebPage","@id":"https:\/\/truusk.store\/sv\/produkt\/truusk-fotboll-rebounder-kickback-mal-justerbar-vinkel-metallram-pe-tyg-96-x-80-x-96-cm-rod-svart\/","url":"https:\/\/truusk.store\/sv\/produkt\/truusk-fotboll-rebounder-kickback-mal-justerbar-vinkel-metallram-pe-tyg-96-x-80-x-96-cm-rod-svart\/","name":"TRUUSK Fotboll Rebounder Kickback M\u00e5l - Justerbar Vinkel - Metallram - PE-tyg - 96 x 80 x 96 cm - R\u00f6d + Svart - TRUUSK - Hem, Tr\u00e4dg\u00e5rd &amp; Fritid","isPartOf":{"@id":"https:\/\/truusk.store\/sv\/#website"},"primaryImageOfPage":{"@id":"https:\/\/truusk.store\/sv\/produkt\/truusk-fotboll-rebounder-kickback-mal-justerbar-vinkel-metallram-pe-tyg-96-x-80-x-96-cm-rod-svart\/#primaryimage"},"image":{"@id":"https:\/\/truusk.store\/sv\/produkt\/truusk-fotboll-rebounder-kickback-mal-justerbar-vinkel-metallram-pe-tyg-96-x-80-x-96-cm-rod-svart\/#primaryimage"},"thumbnailUrl":"https:\/\/i0.wp.com\/truusk.store\/wp-content\/uploads\/2024\/02\/football-rebounder-kickback-goal-rebound-wall-net-for-baseball-fotbollsmal-for-traning-justerbar-vinkel-metallror-pe-tyg-96-x-80-x-96-cm-rod-svart.webp?fit=800%2C800&ssl=1","datePublished":"2024-02-13T09:53:07+00:00","dateModified":"2026-03-12T07:57:33+00:00","breadcrumb":{"@id":"https:\/\/truusk.store\/sv\/produkt\/truusk-fotboll-rebounder-kickback-mal-justerbar-vinkel-metallram-pe-tyg-96-x-80-x-96-cm-rod-svart\/#breadcrumb"},"inLanguage":"sv-SE","potentialAction":[{"@type":"ReadAction","target":["https:\/\/truusk.store\/sv\/produkt\/truusk-fotboll-rebounder-kickback-mal-justerbar-vinkel-metallram-pe-tyg-96-x-80-x-96-cm-rod-svart\/"]}]},{"@type":"ImageObject","inLanguage":"sv-SE","@id":"https:\/\/truusk.store\/sv\/produkt\/truusk-fotboll-rebounder-kickback-mal-justerbar-vinkel-metallram-pe-tyg-96-x-80-x-96-cm-rod-svart\/#primaryimage","url":"https:\/\/i0.wp.com\/truusk.store\/wp-content\/uploads\/2024\/02\/football-rebounder-kickback-goal-rebound-wall-net-for-baseball-fotbollsmal-for-traning-justerbar-vinkel-metallror-pe-tyg-96-x-80-x-96-cm-rod-svart.webp?fit=800%2C800&ssl=1","contentUrl":"https:\/\/i0.wp.com\/truusk.store\/wp-content\/uploads\/2024\/02\/football-rebounder-kickback-goal-rebound-wall-net-for-baseball-fotbollsmal-for-traning-justerbar-vinkel-metallror-pe-tyg-96-x-80-x-96-cm-rod-svart.webp?fit=800%2C800&ssl=1","width":800,"height":800,"caption":"Football Rebounder Kickback Goal Rebound Wall Net For Baseball Fotbollsm\u00e5l F\u00f6r Tr\u00e4ning Justerbar Vinkel Metallr\u00f6r PE Tyg 96 X 80 X 96 Cm R\u00f6d + Svart 1"},{"@type":"BreadcrumbList","@id":"https:\/\/truusk.store\/sv\/produkt\/truusk-fotboll-rebounder-kickback-mal-justerbar-vinkel-metallram-pe-tyg-96-x-80-x-96-cm-rod-svart\/#breadcrumb","itemListElement":[{"@type":"ListItem","position":1,"name":"Home","item":"https:\/\/truusk.store\/sv\/"},{"@type":"ListItem","position":2,"name":"Shop","item":"https:\/\/truusk.store\/shop\/"},{"@type":"ListItem","position":3,"name":"TRUUSK Fotboll Rebounder Kickback M\u00e5l &#8211; Justerbar Vinkel &#8211; Metallram &#8211; PE-tyg &#8211; 96 x 80 x 96 cm &#8211; R\u00f6d + Svart"}]},{"@type":"WebSite","@id":"https:\/\/truusk.store\/sv\/#website","url":"https:\/\/truusk.store\/sv\/","name":"TRUUSK - Hem, Tr\u00e4dg\u00e5rd & Fritid","description":"","publisher":{"@id":"https:\/\/truusk.store\/sv\/#organization"},"potentialAction":[{"@type":"SearchAction","target":{"@type":"EntryPoint","urlTemplate":"https:\/\/truusk.store\/sv\/?s={search_term_string}"},"query-input":{"@type":"PropertyValueSpecification","valueRequired":true,"valueName":"search_term_string"}}],"inLanguage":"sv-SE"},{"@type":"Organization","@id":"https:\/\/truusk.store\/sv\/#organization","name":"TRUUSK - Hem, Tr\u00e4dg\u00e5rd & Fritid","url":"https:\/\/truusk.store\/sv\/","logo":{"@type":"ImageObject","inLanguage":"sv-SE","@id":"https:\/\/truusk.store\/sv\/#\/schema\/logo\/image\/","url":"https:\/\/i0.wp.com\/truusk.store\/wp-content\/uploads\/2026\/03\/cropped-TRUUSK.png?fit=2032%2C917&ssl=1","contentUrl":"https:\/\/i0.wp.com\/truusk.store\/wp-content\/uploads\/2026\/03\/cropped-TRUUSK.png?fit=2032%2C917&ssl=1","width":2032,"height":917,"caption":"TRUUSK - Hem, Tr\u00e4dg\u00e5rd & Fritid"},"image":{"@id":"https:\/\/truusk.store\/sv\/#\/schema\/logo\/image\/"}}]}},"jetpack_sharing_enabled":true,"_links":{"self":[{"href":"https:\/\/truusk.store\/sv\/wp-json\/wp\/v2\/product\/11812","targetHints":{"allow":["GET"]}}],"collection":[{"href":"https:\/\/truusk.store\/sv\/wp-json\/wp\/v2\/product"}],"about":[{"href":"https:\/\/truusk.store\/sv\/wp-json\/wp\/v2\/types\/product"}],"wp:featuredmedia":[{"embeddable":true,"href":"https:\/\/truusk.store\/sv\/wp-json\/wp\/v2\/media\/11813"}],"wp:attachment":[{"href":"https:\/\/truusk.store\/sv\/wp-json\/wp\/v2\/media?parent=11812"}],"wp:term":[{"taxonomy":"product_brand","embeddable":true,"href":"https:\/\/truusk.store\/sv\/wp-json\/wp\/v2\/product_brand?post=11812"},{"taxonomy":"product_cat","embeddable":true,"href":"https:\/\/truusk.store\/sv\/wp-json\/wp\/v2\/product_cat?post=11812"},{"taxonomy":"product_tag","embeddable":true,"href":"https:\/\/truusk.store\/sv\/wp-json\/wp\/v2\/product_tag?post=11812"}],"curies":[{"name":"wp","href":"https:\/\/api.w.org\/{rel}","templated":true}]}}