{"id":11896,"date":"2024-02-13T10:55:14","date_gmt":"2024-02-13T09:55:14","guid":{"rendered":"https:\/\/truusk.store\/product\/campingtaltset-med-taltsang-sovsack-och-madrass-morkgron\/"},"modified":"2026-03-12T08:57:35","modified_gmt":"2026-03-12T07:57:35","slug":"truusk-campingtaltset-taltsang-sovsack-madrass-morkgron","status":"publish","type":"product","link":"https:\/\/truusk.store\/sv\/produkt\/truusk-campingtaltset-taltsang-sovsack-madrass-morkgron\/","title":{"rendered":"TRUUSK Campingt\u00e4ltset &#8211; T\u00e4lts\u00e4ng, Sovs\u00e4ck, Madrass &#8211; M\u00f6rkgr\u00f6n"},"content":{"rendered":"<p>Det allsidiga, bekymmersfria paketet f\u00f6r natur\u00e4lskare! Med v\u00e5rt campings\u00e4ngset \u00e4r du v\u00e4l rustad f\u00f6r din n\u00e4sta resa. Detta set inneh\u00e5ller en campings\u00e4ng, ett t\u00e4lt, en luftmadrass, en uppbl\u00e5sbar kudde och en sovs\u00e4ck. Tack vare det isolerande luftlagret \u00e4r du utm\u00e4rkt skyddad mot kyla och fukt. Den v\u00e4derbest\u00e4ndiga presenningen och de praktiska meshf\u00f6nstren skyddar dig ocks\u00e5 fr\u00e5n vind, regn och insekter.<\/p>\n<h3>Beskrivning:<\/h3>\n<ul>\n<li>Multifunktionellt campings\u00e4ngset f\u00f6r en person<\/li>\n<li>Inkluderar 1 t\u00e4lts\u00e4ng, 1 t\u00e4lt, 1 luftmadrass, 1 uppbl\u00e5sbar kudde och 1 sovs\u00e4ck<\/li>\n<li>T\u00e4lts\u00e4ng: liggyta av slitstark Oxford, hopf\u00e4llbar<\/li>\n<li>T\u00e4lt av taft med vattenavvisande bel\u00e4ggning, 2 visningsf\u00f6nster med myggn\u00e4t<\/li>\n<li>Tjock luftmadrass skyddar mot kyla och fukt<\/li>\n<li>Sovs\u00e4ck med mjuk, bekv\u00e4m stoppning<\/li>\n<li>Inkl fotpump f\u00f6r snabb pumpning<\/li>\n<li>Med b\u00e4rv\u00e4ska, l\u00e4tt att b\u00e4ra<\/li>\n<\/ul>\n<h3>Teknisk data:<\/h3>\n<ul>\n<li>Material: Polyester, Oxford, Taft, Aluminium, Glasfiber<\/li>\n<li>F\u00e4rg: m\u00f6rkgr\u00f6n<\/li>\n<li>M\u00e5tt p\u00e5 t\u00e4ltet: L193 x B86 x H160 cm<\/li>\n<li>M\u00e5tt p\u00e5 s\u00e4ngen: L193 x B78 x H42 cm<\/li>\n<li>M\u00e5tt p\u00e5 luftmadrass: L190 x B76 x H20 cm<\/li>\n<li>M\u00e5tt p\u00e5 sovs\u00e4ck: L197 x B72 cm<\/li>\n<li>M\u00e5tt p\u00e5 kudden: L48 x B30 cm<\/li>\n<li>Max lastkapacitet: 114 kg<\/li>\n<\/ul>\n<h3>Leveransens omfattning:<\/h3>\n<ul>\n<li>1 x campings\u00e4ng<\/li>\n<li>1 x sovs\u00e4ck<\/li>\n<li>1 x t\u00e4lt<\/li>\n<li>1 x luftmadrass<\/li>\n<li>1 x kudde<\/li>\n<li>1 x fotpump<\/li>\n<li>1 x B\u00e4rv\u00e4ska<\/li>\n<\/ul>\n","protected":false},"excerpt":{"rendered":"<p>Det allsidiga, bekymmersfria paketet f\u00f6r natur\u00e4lskare! Med v\u00e5rt campings\u00e4ngset \u00e4r du v\u00e4l rustad f\u00f6r din n\u00e4sta resa. Detta set inneh\u00e5ller&#8230;<\/p>\n","protected":false},"featured_media":11897,"template":"","meta":[],"product_brand":[],"product_cat":[648,647,650],"product_tag":[],"class_list":{"0":"post-11896","1":"product","2":"type-product","3":"status-publish","4":"has-post-thumbnail","6":"product_cat-camping-tillbehor","7":"product_cat-sport-fritid","8":"product_cat-talt","10":"first","11":"instock","12":"sale","13":"taxable","14":"shipping-taxable","15":"purchasable","16":"product-type-simple"},"yoast_head":"<!-- This site is optimized with the Yoast SEO plugin v25.4 - https:\/\/yoast.com\/wordpress\/plugins\/seo\/ -->\n<title>TRUUSK Campingt\u00e4ltset - T\u00e4lts\u00e4ng, Sovs\u00e4ck, Madrass - M\u00f6rkgr\u00f6n - TRUUSK - Hem, Tr\u00e4dg\u00e5rd &amp; Fritid<\/title>\n<meta name=\"robots\" content=\"index, follow, max-snippet:-1, max-image-preview:large, max-video-preview:-1\" \/>\n<link rel=\"canonical\" href=\"https:\/\/truusk.store\/sv\/produkt\/truusk-campingtaltset-taltsang-sovsack-madrass-morkgron\/\" \/>\n<meta property=\"og:locale\" content=\"sv_SE\" \/>\n<meta property=\"og:type\" content=\"article\" \/>\n<meta property=\"og:title\" content=\"TRUUSK Campingt\u00e4ltset - T\u00e4lts\u00e4ng, Sovs\u00e4ck, Madrass - M\u00f6rkgr\u00f6n - TRUUSK - Hem, Tr\u00e4dg\u00e5rd &amp; Fritid\" \/>\n<meta property=\"og:description\" content=\"Det allsidiga, bekymmersfria paketet f\u00f6r natur\u00e4lskare! Med v\u00e5rt campings\u00e4ngset \u00e4r du v\u00e4l rustad f\u00f6r din n\u00e4sta resa. Detta set inneh\u00e5ller...\" \/>\n<meta property=\"og:url\" content=\"https:\/\/truusk.store\/sv\/produkt\/truusk-campingtaltset-taltsang-sovsack-madrass-morkgron\/\" \/>\n<meta property=\"og:site_name\" content=\"TRUUSK - Hem, Tr\u00e4dg\u00e5rd &amp; Fritid\" \/>\n<meta property=\"article:modified_time\" content=\"2026-03-12T07:57:35+00:00\" \/>\n<meta property=\"og:image\" content=\"https:\/\/i0.wp.com\/truusk.se\/wp-content\/uploads\/2024\/02\/campingtaltset-med-taltsang-sovsack-och-madrass-morkgron.webp?fit=800%2C800&ssl=1\" \/>\n\t<meta property=\"og:image:width\" content=\"800\" \/>\n\t<meta property=\"og:image:height\" content=\"800\" \/>\n\t<meta property=\"og:image:type\" content=\"image\/webp\" \/>\n<meta name=\"twitter:card\" content=\"summary_large_image\" \/>\n<meta name=\"twitter:label1\" content=\"Ber\u00e4knad l\u00e4stid\" \/>\n\t<meta name=\"twitter:data1\" content=\"1 minut\" \/>\n<!-- \/ Yoast SEO plugin. -->","yoast_head_json":{"title":"TRUUSK Campingt\u00e4ltset - T\u00e4lts\u00e4ng, Sovs\u00e4ck, Madrass - M\u00f6rkgr\u00f6n - TRUUSK - Hem, Tr\u00e4dg\u00e5rd &amp; Fritid","robots":{"index":"index","follow":"follow","max-snippet":"max-snippet:-1","max-image-preview":"max-image-preview:large","max-video-preview":"max-video-preview:-1"},"canonical":"https:\/\/truusk.store\/sv\/produkt\/truusk-campingtaltset-taltsang-sovsack-madrass-morkgron\/","og_locale":"sv_SE","og_type":"article","og_title":"TRUUSK Campingt\u00e4ltset - T\u00e4lts\u00e4ng, Sovs\u00e4ck, Madrass - M\u00f6rkgr\u00f6n - TRUUSK - Hem, Tr\u00e4dg\u00e5rd &amp; Fritid","og_description":"Det allsidiga, bekymmersfria paketet f\u00f6r natur\u00e4lskare! Med v\u00e5rt campings\u00e4ngset \u00e4r du v\u00e4l rustad f\u00f6r din n\u00e4sta resa. Detta set inneh\u00e5ller...","og_url":"https:\/\/truusk.store\/sv\/produkt\/truusk-campingtaltset-taltsang-sovsack-madrass-morkgron\/","og_site_name":"TRUUSK - Hem, Tr\u00e4dg\u00e5rd &amp; Fritid","article_modified_time":"2026-03-12T07:57:35+00:00","og_image":[{"width":800,"height":800,"url":"https:\/\/i0.wp.com\/truusk.se\/wp-content\/uploads\/2024\/02\/campingtaltset-med-taltsang-sovsack-och-madrass-morkgron.webp?fit=800%2C800&ssl=1","type":"image\/webp"}],"twitter_card":"summary_large_image","twitter_misc":{"Ber\u00e4knad l\u00e4stid":"1 minut"},"schema":{"@context":"https:\/\/schema.org","@graph":[{"@type":"WebPage","@id":"https:\/\/truusk.store\/sv\/produkt\/truusk-campingtaltset-taltsang-sovsack-madrass-morkgron\/","url":"https:\/\/truusk.store\/sv\/produkt\/truusk-campingtaltset-taltsang-sovsack-madrass-morkgron\/","name":"TRUUSK Campingt\u00e4ltset - T\u00e4lts\u00e4ng, Sovs\u00e4ck, Madrass - M\u00f6rkgr\u00f6n - TRUUSK - Hem, Tr\u00e4dg\u00e5rd &amp; Fritid","isPartOf":{"@id":"https:\/\/truusk.store\/sv\/#website"},"primaryImageOfPage":{"@id":"https:\/\/truusk.store\/sv\/produkt\/truusk-campingtaltset-taltsang-sovsack-madrass-morkgron\/#primaryimage"},"image":{"@id":"https:\/\/truusk.store\/sv\/produkt\/truusk-campingtaltset-taltsang-sovsack-madrass-morkgron\/#primaryimage"},"thumbnailUrl":"https:\/\/i0.wp.com\/truusk.store\/wp-content\/uploads\/2024\/02\/campingtaltset-med-taltsang-sovsack-och-madrass-morkgron.webp?fit=800%2C800&ssl=1","datePublished":"2024-02-13T09:55:14+00:00","dateModified":"2026-03-12T07:57:35+00:00","breadcrumb":{"@id":"https:\/\/truusk.store\/sv\/produkt\/truusk-campingtaltset-taltsang-sovsack-madrass-morkgron\/#breadcrumb"},"inLanguage":"sv-SE","potentialAction":[{"@type":"ReadAction","target":["https:\/\/truusk.store\/sv\/produkt\/truusk-campingtaltset-taltsang-sovsack-madrass-morkgron\/"]}]},{"@type":"ImageObject","inLanguage":"sv-SE","@id":"https:\/\/truusk.store\/sv\/produkt\/truusk-campingtaltset-taltsang-sovsack-madrass-morkgron\/#primaryimage","url":"https:\/\/i0.wp.com\/truusk.store\/wp-content\/uploads\/2024\/02\/campingtaltset-med-taltsang-sovsack-och-madrass-morkgron.webp?fit=800%2C800&ssl=1","contentUrl":"https:\/\/i0.wp.com\/truusk.store\/wp-content\/uploads\/2024\/02\/campingtaltset-med-taltsang-sovsack-och-madrass-morkgron.webp?fit=800%2C800&ssl=1","width":800,"height":800,"caption":"Campingt\u00e4ltset Med T\u00e4lts\u00e4ng, Sovs\u00e4ck Och Madrass M\u00f6rkgr\u00f6n 1"},{"@type":"BreadcrumbList","@id":"https:\/\/truusk.store\/sv\/produkt\/truusk-campingtaltset-taltsang-sovsack-madrass-morkgron\/#breadcrumb","itemListElement":[{"@type":"ListItem","position":1,"name":"Home","item":"https:\/\/truusk.store\/sv\/"},{"@type":"ListItem","position":2,"name":"Shop","item":"https:\/\/truusk.store\/shop\/"},{"@type":"ListItem","position":3,"name":"TRUUSK Campingt\u00e4ltset &#8211; T\u00e4lts\u00e4ng, Sovs\u00e4ck, Madrass &#8211; M\u00f6rkgr\u00f6n"}]},{"@type":"WebSite","@id":"https:\/\/truusk.store\/sv\/#website","url":"https:\/\/truusk.store\/sv\/","name":"TRUUSK - Hem, Tr\u00e4dg\u00e5rd & Fritid","description":"","publisher":{"@id":"https:\/\/truusk.store\/sv\/#organization"},"potentialAction":[{"@type":"SearchAction","target":{"@type":"EntryPoint","urlTemplate":"https:\/\/truusk.store\/sv\/?s={search_term_string}"},"query-input":{"@type":"PropertyValueSpecification","valueRequired":true,"valueName":"search_term_string"}}],"inLanguage":"sv-SE"},{"@type":"Organization","@id":"https:\/\/truusk.store\/sv\/#organization","name":"TRUUSK - Hem, Tr\u00e4dg\u00e5rd & Fritid","url":"https:\/\/truusk.store\/sv\/","logo":{"@type":"ImageObject","inLanguage":"sv-SE","@id":"https:\/\/truusk.store\/sv\/#\/schema\/logo\/image\/","url":"https:\/\/i0.wp.com\/truusk.store\/wp-content\/uploads\/2026\/03\/cropped-TRUUSK.png?fit=2032%2C917&ssl=1","contentUrl":"https:\/\/i0.wp.com\/truusk.store\/wp-content\/uploads\/2026\/03\/cropped-TRUUSK.png?fit=2032%2C917&ssl=1","width":2032,"height":917,"caption":"TRUUSK - Hem, Tr\u00e4dg\u00e5rd & Fritid"},"image":{"@id":"https:\/\/truusk.store\/sv\/#\/schema\/logo\/image\/"}}]}},"jetpack_sharing_enabled":true,"_links":{"self":[{"href":"https:\/\/truusk.store\/sv\/wp-json\/wp\/v2\/product\/11896","targetHints":{"allow":["GET"]}}],"collection":[{"href":"https:\/\/truusk.store\/sv\/wp-json\/wp\/v2\/product"}],"about":[{"href":"https:\/\/truusk.store\/sv\/wp-json\/wp\/v2\/types\/product"}],"wp:featuredmedia":[{"embeddable":true,"href":"https:\/\/truusk.store\/sv\/wp-json\/wp\/v2\/media\/11897"}],"wp:attachment":[{"href":"https:\/\/truusk.store\/sv\/wp-json\/wp\/v2\/media?parent=11896"}],"wp:term":[{"taxonomy":"product_brand","embeddable":true,"href":"https:\/\/truusk.store\/sv\/wp-json\/wp\/v2\/product_brand?post=11896"},{"taxonomy":"product_cat","embeddable":true,"href":"https:\/\/truusk.store\/sv\/wp-json\/wp\/v2\/product_cat?post=11896"},{"taxonomy":"product_tag","embeddable":true,"href":"https:\/\/truusk.store\/sv\/wp-json\/wp\/v2\/product_tag?post=11896"}],"curies":[{"name":"wp","href":"https:\/\/api.w.org\/{rel}","templated":true}]}}