{"id":11958,"date":"2024-02-13T10:56:49","date_gmt":"2024-02-13T09:56:49","guid":{"rendered":"https:\/\/truusk.store\/product\/blomstrappa-6-hyllor-4-hjul-1235-cm-33-cm-80-cm-massivt-tra-brun-1235-cm-33-cm-80-cm\/"},"modified":"2026-03-12T08:57:36","modified_gmt":"2026-03-12T07:57:36","slug":"truusk-blomsteg-6-hyllor-4-hjul-massivt-tra-brun-1235-cm-x-33-cm-x-80-cm","status":"publish","type":"product","link":"https:\/\/truusk.store\/sv\/produkt\/truusk-blomsteg-6-hyllor-4-hjul-massivt-tra-brun-1235-cm-x-33-cm-x-80-cm\/","title":{"rendered":"TRUUSK Blomsteg 6 Hyllor &#8211; 4 Hjul &#8211; Massivt Tr\u00e4 &#8211; Brun &#8211; 123,5 Cm x 33 Cm x 80 Cm"},"content":{"rendered":"<p>Denna mobila blomstertrappa rymmer upp till 8 blomkrukor. Tack vare sina 4 hjul \u00e4r v\u00e4xtstegen mobil och kan enkelt flyttas fr\u00e5n plats till plats. F\u00f6r ett stadigt och s\u00e4kert stativ \u00e4r 2 hjul utrustade med parkeringsbromsar. Oavsett om det \u00e4r inomhus eller utomhus &#8211; denna blomtrappa \u00e4r den perfekta f\u00f6rvaringsplatsen f\u00f6r dina v\u00e4xter. Men den h\u00e4r blomstertrappan l\u00e4mpar sig ocks\u00e5 bra som hylla f\u00f6r uteplatser. Ge dina v\u00e4xter ett nytt hem nu.<\/p>\n<h3>Beskrivning:<\/h3>\n<ul>\n<li>6 hyllor i 4 plan ger gott om plats f\u00f6r v\u00e4xter, b\u00f6cker och dekorationer<\/li>\n<li>Blomstrappan ger plats f\u00f6r 8 blomkrukor: 4 hjul och 2 parkeringsbromsar g\u00f6r blomtrappan mobil<\/li>\n<li>En solid konstruktion av massivt tr\u00e4<\/li>\n<li>Materialet \u00e4r l\u00e4ttsk\u00f6tt, h\u00e5llbart och h\u00e5llbart<\/li>\n<li>L\u00e4mplig f\u00f6r anv\u00e4ndning inomhus eller utomhus<\/li>\n<li>Montering kr\u00e4vs<\/li>\n<\/ul>\n<h3>Teknisk data:<\/h3>\n<ul>\n<li>F\u00e4rg: F\u00f6rkolad<\/li>\n<li>Material: gran<\/li>\n<li>\u00d6vergripande m\u00e5tt: 123,5L x 33W x 80H cm<\/li>\n<li>\u00d6versta hyllans storlek: 25L x 25W cm<\/li>\n<li>Andra lager hyllstorlek: 35,5L x 25W cm<\/li>\n<li>Tredje lager hyllstorlek: 45L x 25W cm<\/li>\n<li>Nedre hyllstorlek: 115L x 25W cm<\/li>\n<li>Lagerh\u00f6jd: 41,5 cm (stor), 20 cm (liten)<\/li>\n<li>Max belastning av varje lager: 5 kg<\/li>\n<\/ul>\n<h3>Leveransens omfattning:<\/h3>\n<ul>\n<li>1 x Plantst\u00e4ll<\/li>\n<li>1 x Monteringsanvisning<\/li>\n<\/ul>\n","protected":false},"excerpt":{"rendered":"<p>Denna mobila blomstertrappa rymmer upp till 8 blomkrukor. Tack vare sina 4 hjul \u00e4r v\u00e4xtstegen mobil och kan enkelt flyttas&#8230;<\/p>\n","protected":false},"featured_media":11959,"template":"","meta":[],"product_brand":[],"product_cat":[448,435,443],"product_tag":[],"class_list":{"0":"post-11958","1":"product","2":"type-product","3":"status-publish","4":"has-post-thumbnail","6":"product_cat-plantera-trappor-hyllor","7":"product_cat-tradgard-och-terrass","8":"product_cat-vaxthus-tradgardsskotsel","10":"first","11":"instock","12":"sale","13":"taxable","14":"shipping-taxable","15":"purchasable","16":"product-type-simple"},"yoast_head":"<!-- This site is optimized with the Yoast SEO plugin v25.4 - https:\/\/yoast.com\/wordpress\/plugins\/seo\/ -->\n<title>TRUUSK Blomsteg 6 Hyllor - 4 Hjul - Massivt Tr\u00e4 - Brun - 123,5 Cm x 33 Cm x 80 Cm - TRUUSK - Hem, Tr\u00e4dg\u00e5rd &amp; Fritid<\/title>\n<meta name=\"robots\" content=\"index, follow, max-snippet:-1, max-image-preview:large, max-video-preview:-1\" \/>\n<link rel=\"canonical\" href=\"https:\/\/truusk.store\/sv\/produkt\/truusk-blomsteg-6-hyllor-4-hjul-massivt-tra-brun-1235-cm-x-33-cm-x-80-cm\/\" \/>\n<meta property=\"og:locale\" content=\"sv_SE\" \/>\n<meta property=\"og:type\" content=\"article\" \/>\n<meta property=\"og:title\" content=\"TRUUSK Blomsteg 6 Hyllor - 4 Hjul - Massivt Tr\u00e4 - Brun - 123,5 Cm x 33 Cm x 80 Cm - TRUUSK - Hem, Tr\u00e4dg\u00e5rd &amp; Fritid\" \/>\n<meta property=\"og:description\" content=\"Denna mobila blomstertrappa rymmer upp till 8 blomkrukor. Tack vare sina 4 hjul \u00e4r v\u00e4xtstegen mobil och kan enkelt flyttas...\" \/>\n<meta property=\"og:url\" content=\"https:\/\/truusk.store\/sv\/produkt\/truusk-blomsteg-6-hyllor-4-hjul-massivt-tra-brun-1235-cm-x-33-cm-x-80-cm\/\" \/>\n<meta property=\"og:site_name\" content=\"TRUUSK - Hem, Tr\u00e4dg\u00e5rd &amp; Fritid\" \/>\n<meta property=\"article:modified_time\" content=\"2026-03-12T07:57:36+00:00\" \/>\n<meta property=\"og:image\" content=\"https:\/\/i0.wp.com\/truusk.se\/wp-content\/uploads\/2024\/02\/blomstrappa-6-hyllor-4-hjul-1235-cm-33-cm-80-cm-massivt-tra-brun-1235-cm-33-cm-80-cm.webp?fit=800%2C800&ssl=1\" \/>\n\t<meta property=\"og:image:width\" content=\"800\" \/>\n\t<meta property=\"og:image:height\" content=\"800\" \/>\n\t<meta property=\"og:image:type\" content=\"image\/webp\" \/>\n<meta name=\"twitter:card\" content=\"summary_large_image\" \/>\n<meta name=\"twitter:label1\" content=\"Ber\u00e4knad l\u00e4stid\" \/>\n\t<meta name=\"twitter:data1\" content=\"1 minut\" \/>\n<!-- \/ Yoast SEO plugin. -->","yoast_head_json":{"title":"TRUUSK Blomsteg 6 Hyllor - 4 Hjul - Massivt Tr\u00e4 - Brun - 123,5 Cm x 33 Cm x 80 Cm - TRUUSK - Hem, Tr\u00e4dg\u00e5rd &amp; Fritid","robots":{"index":"index","follow":"follow","max-snippet":"max-snippet:-1","max-image-preview":"max-image-preview:large","max-video-preview":"max-video-preview:-1"},"canonical":"https:\/\/truusk.store\/sv\/produkt\/truusk-blomsteg-6-hyllor-4-hjul-massivt-tra-brun-1235-cm-x-33-cm-x-80-cm\/","og_locale":"sv_SE","og_type":"article","og_title":"TRUUSK Blomsteg 6 Hyllor - 4 Hjul - Massivt Tr\u00e4 - Brun - 123,5 Cm x 33 Cm x 80 Cm - TRUUSK - Hem, Tr\u00e4dg\u00e5rd &amp; Fritid","og_description":"Denna mobila blomstertrappa rymmer upp till 8 blomkrukor. Tack vare sina 4 hjul \u00e4r v\u00e4xtstegen mobil och kan enkelt flyttas...","og_url":"https:\/\/truusk.store\/sv\/produkt\/truusk-blomsteg-6-hyllor-4-hjul-massivt-tra-brun-1235-cm-x-33-cm-x-80-cm\/","og_site_name":"TRUUSK - Hem, Tr\u00e4dg\u00e5rd &amp; Fritid","article_modified_time":"2026-03-12T07:57:36+00:00","og_image":[{"width":800,"height":800,"url":"https:\/\/i0.wp.com\/truusk.se\/wp-content\/uploads\/2024\/02\/blomstrappa-6-hyllor-4-hjul-1235-cm-33-cm-80-cm-massivt-tra-brun-1235-cm-33-cm-80-cm.webp?fit=800%2C800&ssl=1","type":"image\/webp"}],"twitter_card":"summary_large_image","twitter_misc":{"Ber\u00e4knad l\u00e4stid":"1 minut"},"schema":{"@context":"https:\/\/schema.org","@graph":[{"@type":"WebPage","@id":"https:\/\/truusk.store\/sv\/produkt\/truusk-blomsteg-6-hyllor-4-hjul-massivt-tra-brun-1235-cm-x-33-cm-x-80-cm\/","url":"https:\/\/truusk.store\/sv\/produkt\/truusk-blomsteg-6-hyllor-4-hjul-massivt-tra-brun-1235-cm-x-33-cm-x-80-cm\/","name":"TRUUSK Blomsteg 6 Hyllor - 4 Hjul - Massivt Tr\u00e4 - Brun - 123,5 Cm x 33 Cm x 80 Cm - TRUUSK - Hem, Tr\u00e4dg\u00e5rd &amp; Fritid","isPartOf":{"@id":"https:\/\/truusk.store\/sv\/#website"},"primaryImageOfPage":{"@id":"https:\/\/truusk.store\/sv\/produkt\/truusk-blomsteg-6-hyllor-4-hjul-massivt-tra-brun-1235-cm-x-33-cm-x-80-cm\/#primaryimage"},"image":{"@id":"https:\/\/truusk.store\/sv\/produkt\/truusk-blomsteg-6-hyllor-4-hjul-massivt-tra-brun-1235-cm-x-33-cm-x-80-cm\/#primaryimage"},"thumbnailUrl":"https:\/\/i0.wp.com\/truusk.store\/wp-content\/uploads\/2024\/02\/blomstrappa-6-hyllor-4-hjul-1235-cm-33-cm-80-cm-massivt-tra-brun-1235-cm-33-cm-80-cm.webp?fit=800%2C800&ssl=1","datePublished":"2024-02-13T09:56:49+00:00","dateModified":"2026-03-12T07:57:36+00:00","breadcrumb":{"@id":"https:\/\/truusk.store\/sv\/produkt\/truusk-blomsteg-6-hyllor-4-hjul-massivt-tra-brun-1235-cm-x-33-cm-x-80-cm\/#breadcrumb"},"inLanguage":"sv-SE","potentialAction":[{"@type":"ReadAction","target":["https:\/\/truusk.store\/sv\/produkt\/truusk-blomsteg-6-hyllor-4-hjul-massivt-tra-brun-1235-cm-x-33-cm-x-80-cm\/"]}]},{"@type":"ImageObject","inLanguage":"sv-SE","@id":"https:\/\/truusk.store\/sv\/produkt\/truusk-blomsteg-6-hyllor-4-hjul-massivt-tra-brun-1235-cm-x-33-cm-x-80-cm\/#primaryimage","url":"https:\/\/i0.wp.com\/truusk.store\/wp-content\/uploads\/2024\/02\/blomstrappa-6-hyllor-4-hjul-1235-cm-33-cm-80-cm-massivt-tra-brun-1235-cm-33-cm-80-cm.webp?fit=800%2C800&ssl=1","contentUrl":"https:\/\/i0.wp.com\/truusk.store\/wp-content\/uploads\/2024\/02\/blomstrappa-6-hyllor-4-hjul-1235-cm-33-cm-80-cm-massivt-tra-brun-1235-cm-33-cm-80-cm.webp?fit=800%2C800&ssl=1","width":800,"height":800,"caption":"Blomstrappa 6 Hyllor 4 Hjul 123,5 Cm 33 Cm 80 Cm Massivt Tr\u00e4 Brun 123,5 Cm 33 Cm 80 Cm 1"},{"@type":"BreadcrumbList","@id":"https:\/\/truusk.store\/sv\/produkt\/truusk-blomsteg-6-hyllor-4-hjul-massivt-tra-brun-1235-cm-x-33-cm-x-80-cm\/#breadcrumb","itemListElement":[{"@type":"ListItem","position":1,"name":"Home","item":"https:\/\/truusk.store\/sv\/"},{"@type":"ListItem","position":2,"name":"Shop","item":"https:\/\/truusk.store\/shop\/"},{"@type":"ListItem","position":3,"name":"TRUUSK Blomsteg 6 Hyllor &#8211; 4 Hjul &#8211; Massivt Tr\u00e4 &#8211; Brun &#8211; 123,5 Cm x 33 Cm x 80 Cm"}]},{"@type":"WebSite","@id":"https:\/\/truusk.store\/sv\/#website","url":"https:\/\/truusk.store\/sv\/","name":"TRUUSK - Hem, Tr\u00e4dg\u00e5rd & Fritid","description":"","publisher":{"@id":"https:\/\/truusk.store\/sv\/#organization"},"potentialAction":[{"@type":"SearchAction","target":{"@type":"EntryPoint","urlTemplate":"https:\/\/truusk.store\/sv\/?s={search_term_string}"},"query-input":{"@type":"PropertyValueSpecification","valueRequired":true,"valueName":"search_term_string"}}],"inLanguage":"sv-SE"},{"@type":"Organization","@id":"https:\/\/truusk.store\/sv\/#organization","name":"TRUUSK - Hem, Tr\u00e4dg\u00e5rd & Fritid","url":"https:\/\/truusk.store\/sv\/","logo":{"@type":"ImageObject","inLanguage":"sv-SE","@id":"https:\/\/truusk.store\/sv\/#\/schema\/logo\/image\/","url":"https:\/\/i0.wp.com\/truusk.store\/wp-content\/uploads\/2026\/03\/cropped-TRUUSK.png?fit=2032%2C917&ssl=1","contentUrl":"https:\/\/i0.wp.com\/truusk.store\/wp-content\/uploads\/2026\/03\/cropped-TRUUSK.png?fit=2032%2C917&ssl=1","width":2032,"height":917,"caption":"TRUUSK - Hem, Tr\u00e4dg\u00e5rd & Fritid"},"image":{"@id":"https:\/\/truusk.store\/sv\/#\/schema\/logo\/image\/"}}]}},"jetpack_sharing_enabled":true,"_links":{"self":[{"href":"https:\/\/truusk.store\/sv\/wp-json\/wp\/v2\/product\/11958","targetHints":{"allow":["GET"]}}],"collection":[{"href":"https:\/\/truusk.store\/sv\/wp-json\/wp\/v2\/product"}],"about":[{"href":"https:\/\/truusk.store\/sv\/wp-json\/wp\/v2\/types\/product"}],"wp:featuredmedia":[{"embeddable":true,"href":"https:\/\/truusk.store\/sv\/wp-json\/wp\/v2\/media\/11959"}],"wp:attachment":[{"href":"https:\/\/truusk.store\/sv\/wp-json\/wp\/v2\/media?parent=11958"}],"wp:term":[{"taxonomy":"product_brand","embeddable":true,"href":"https:\/\/truusk.store\/sv\/wp-json\/wp\/v2\/product_brand?post=11958"},{"taxonomy":"product_cat","embeddable":true,"href":"https:\/\/truusk.store\/sv\/wp-json\/wp\/v2\/product_cat?post=11958"},{"taxonomy":"product_tag","embeddable":true,"href":"https:\/\/truusk.store\/sv\/wp-json\/wp\/v2\/product_tag?post=11958"}],"curies":[{"name":"wp","href":"https:\/\/api.w.org\/{rel}","templated":true}]}}