{"id":11995,"date":"2024-02-13T10:57:41","date_gmt":"2024-02-13T09:57:41","guid":{"rendered":"https:\/\/truusk.store\/product\/badmintonnatset-hojdjusterbart-hopfallbart-tennisnat-med-badmintonracket-94-158h-cm-volleybollnat-badmintonnat-med-transportvaska-metall-polyester-svart\/"},"modified":"2026-03-12T08:57:36","modified_gmt":"2026-03-12T07:57:36","slug":"truusk-hopfallbart-badmintonnatset-justerbar-hojd-badmintonracket-ingar-volleybollnat-transportvaska-metall-polyester","status":"publish","type":"product","link":"https:\/\/truusk.store\/sv\/produkt\/truusk-hopfallbart-badmintonnatset-justerbar-hojd-badmintonracket-ingar-volleybollnat-transportvaska-metall-polyester\/","title":{"rendered":"TRUUSK Hopf\u00e4llbart Badmintonn\u00e4tset &#8211; Justerbar H\u00f6jd &#8211; Badmintonracket Ing\u00e5r &#8211; Volleybolln\u00e4t &#8211; Transportv\u00e4ska &#8211; Metall\/Polyester &#8211;"},"content":{"rendered":"<p>G\u00e5 ut och spela en omg\u00e5ng badminton. Nu m\u00f6jligt tack vare v\u00e5rt b\u00e4rbara n\u00e4tset. Universellt anv\u00e4ndbar f\u00f6r badminton, volleyboll, tennis och m\u00e5nga fler. Tack vare den l\u00e4tt justerbara n\u00e4th\u00f6jden t\u00e4cks alla sporter och naturligtvis alla idrottare, fr\u00e5n sm\u00e5 till vuxna. N\u00e4tet \u00e4r l\u00e4tt att installera var som helst s\u00e5 att du kan komma ig\u00e5ng direkt. Vad v\u00e4ntar du p\u00e5? Aktivera dig nu, oavsett om du \u00e4r i tr\u00e4dg\u00e5rden eller p\u00e5 stranden!<\/p>\n<h3>Beskrivning:<\/h3>\n<ul>\n<li>M\u00e5ngsidig f\u00f6r badminton, volleyboll etc.<\/li>\n<li>L\u00e4tt att montera och demontera utan verktyg<\/li>\n<li>H\u00f6jdjusterbar f\u00f6r vuxna eller barn<\/li>\n<li>Slitstarkt PE-n\u00e4t och metallr\u00f6r s\u00e4kerst\u00e4ller en l\u00e5ng livsl\u00e4ngd<\/li>\n<li>Med b\u00e4rv\u00e4ska, b\u00e4rbar<\/li>\n<li>L\u00e4mplig f\u00f6r tr\u00e4nings\u00f6vningar eller spel<\/li>\n<li>L\u00e4mplig f\u00f6r inomhus- eller utomhusbruk<\/li>\n<li>4 pinnar f\u00f6r extra h\u00e5llbarhet \u00e4ven p\u00e5 oj\u00e4mna ytor<\/li>\n<li>L\u00e4tt att f\u00f6rvara och spara utrymme<\/li>\n<\/ul>\n<h3>Teknisk data:<\/h3>\n<ul>\n<li>Svart f\u00e4rg<\/li>\n<li>Material: PE-n\u00e4t, metallr\u00f6r<\/li>\n<li>Totalm\u00e5tt: L400 x H103 cm<\/li>\n<li>H\u00f6jd: 94cm, 158cm<\/li>\n<li>Nettostorlek: L400 x H60 cm<\/li>\n<li>Nettovikt: 4 kg<\/li>\n<\/ul>\n<h3>Leveransens omfattning:<\/h3>\n<ul>\n<li>1 x Stativ<\/li>\n<li>1 x n\u00e4t<\/li>\n<li>4 x pinnar<\/li>\n<li>1 x B\u00e4rv\u00e4ska<\/li>\n<li>1 x Monteringsanvisning<\/li>\n<\/ul>\n","protected":false},"excerpt":{"rendered":"<p>G\u00e5 ut och spela en omg\u00e5ng badminton. Nu m\u00f6jligt tack vare v\u00e5rt b\u00e4rbara n\u00e4tset. Universellt anv\u00e4ndbar f\u00f6r badminton, volleyboll, tennis&#8230;<\/p>\n","protected":false},"featured_media":11996,"template":"","meta":[],"product_brand":[],"product_cat":[669,647],"product_tag":[],"class_list":{"0":"post-11995","1":"product","2":"type-product","3":"status-publish","4":"has-post-thumbnail","6":"product_cat-bollsporter","7":"product_cat-sport-fritid","9":"first","10":"instock","11":"sale","12":"taxable","13":"shipping-taxable","14":"purchasable","15":"product-type-simple"},"yoast_head":"<!-- This site is optimized with the Yoast SEO plugin v25.4 - https:\/\/yoast.com\/wordpress\/plugins\/seo\/ -->\n<title>TRUUSK Hopf\u00e4llbart Badmintonn\u00e4tset - Justerbar H\u00f6jd - Badmintonracket Ing\u00e5r - Volleybolln\u00e4t - Transportv\u00e4ska - Metall\/Polyester - TRUUSK - Hem, Tr\u00e4dg\u00e5rd &amp; Fritid<\/title>\n<meta name=\"robots\" content=\"index, follow, max-snippet:-1, max-image-preview:large, max-video-preview:-1\" \/>\n<link rel=\"canonical\" href=\"https:\/\/truusk.store\/sv\/produkt\/truusk-hopfallbart-badmintonnatset-justerbar-hojd-badmintonracket-ingar-volleybollnat-transportvaska-metall-polyester\/\" \/>\n<meta property=\"og:locale\" content=\"sv_SE\" \/>\n<meta property=\"og:type\" content=\"article\" \/>\n<meta property=\"og:title\" content=\"TRUUSK Hopf\u00e4llbart Badmintonn\u00e4tset - Justerbar H\u00f6jd - Badmintonracket Ing\u00e5r - Volleybolln\u00e4t - Transportv\u00e4ska - Metall\/Polyester - TRUUSK - Hem, Tr\u00e4dg\u00e5rd &amp; Fritid\" \/>\n<meta property=\"og:description\" content=\"G\u00e5 ut och spela en omg\u00e5ng badminton. Nu m\u00f6jligt tack vare v\u00e5rt b\u00e4rbara n\u00e4tset. Universellt anv\u00e4ndbar f\u00f6r badminton, volleyboll, tennis...\" \/>\n<meta property=\"og:url\" content=\"https:\/\/truusk.store\/sv\/produkt\/truusk-hopfallbart-badmintonnatset-justerbar-hojd-badmintonracket-ingar-volleybollnat-transportvaska-metall-polyester\/\" \/>\n<meta property=\"og:site_name\" content=\"TRUUSK - Hem, Tr\u00e4dg\u00e5rd &amp; Fritid\" \/>\n<meta property=\"article:modified_time\" content=\"2026-03-12T07:57:36+00:00\" \/>\n<meta property=\"og:image\" content=\"https:\/\/i0.wp.com\/truusk.se\/wp-content\/uploads\/2024\/02\/badmintonnatset-hojdjusterbart-hopfallbart-tennisnat-med-badmintonracket-94-158h-cm-volleybollnat-badmintonnat-med-transportvaska-metall-polyester-svart.webp?fit=800%2C800&ssl=1\" \/>\n\t<meta property=\"og:image:width\" content=\"800\" \/>\n\t<meta property=\"og:image:height\" content=\"800\" \/>\n\t<meta property=\"og:image:type\" content=\"image\/webp\" \/>\n<meta name=\"twitter:card\" content=\"summary_large_image\" \/>\n<meta name=\"twitter:label1\" content=\"Ber\u00e4knad l\u00e4stid\" \/>\n\t<meta name=\"twitter:data1\" content=\"1 minut\" \/>\n<!-- \/ Yoast SEO plugin. -->","yoast_head_json":{"title":"TRUUSK Hopf\u00e4llbart Badmintonn\u00e4tset - Justerbar H\u00f6jd - Badmintonracket Ing\u00e5r - Volleybolln\u00e4t - Transportv\u00e4ska - Metall\/Polyester - TRUUSK - Hem, Tr\u00e4dg\u00e5rd &amp; Fritid","robots":{"index":"index","follow":"follow","max-snippet":"max-snippet:-1","max-image-preview":"max-image-preview:large","max-video-preview":"max-video-preview:-1"},"canonical":"https:\/\/truusk.store\/sv\/produkt\/truusk-hopfallbart-badmintonnatset-justerbar-hojd-badmintonracket-ingar-volleybollnat-transportvaska-metall-polyester\/","og_locale":"sv_SE","og_type":"article","og_title":"TRUUSK Hopf\u00e4llbart Badmintonn\u00e4tset - Justerbar H\u00f6jd - Badmintonracket Ing\u00e5r - Volleybolln\u00e4t - Transportv\u00e4ska - Metall\/Polyester - TRUUSK - Hem, Tr\u00e4dg\u00e5rd &amp; Fritid","og_description":"G\u00e5 ut och spela en omg\u00e5ng badminton. Nu m\u00f6jligt tack vare v\u00e5rt b\u00e4rbara n\u00e4tset. Universellt anv\u00e4ndbar f\u00f6r badminton, volleyboll, tennis...","og_url":"https:\/\/truusk.store\/sv\/produkt\/truusk-hopfallbart-badmintonnatset-justerbar-hojd-badmintonracket-ingar-volleybollnat-transportvaska-metall-polyester\/","og_site_name":"TRUUSK - Hem, Tr\u00e4dg\u00e5rd &amp; Fritid","article_modified_time":"2026-03-12T07:57:36+00:00","og_image":[{"width":800,"height":800,"url":"https:\/\/i0.wp.com\/truusk.se\/wp-content\/uploads\/2024\/02\/badmintonnatset-hojdjusterbart-hopfallbart-tennisnat-med-badmintonracket-94-158h-cm-volleybollnat-badmintonnat-med-transportvaska-metall-polyester-svart.webp?fit=800%2C800&ssl=1","type":"image\/webp"}],"twitter_card":"summary_large_image","twitter_misc":{"Ber\u00e4knad l\u00e4stid":"1 minut"},"schema":{"@context":"https:\/\/schema.org","@graph":[{"@type":"WebPage","@id":"https:\/\/truusk.store\/sv\/produkt\/truusk-hopfallbart-badmintonnatset-justerbar-hojd-badmintonracket-ingar-volleybollnat-transportvaska-metall-polyester\/","url":"https:\/\/truusk.store\/sv\/produkt\/truusk-hopfallbart-badmintonnatset-justerbar-hojd-badmintonracket-ingar-volleybollnat-transportvaska-metall-polyester\/","name":"TRUUSK Hopf\u00e4llbart Badmintonn\u00e4tset - Justerbar H\u00f6jd - Badmintonracket Ing\u00e5r - Volleybolln\u00e4t - Transportv\u00e4ska - Metall\/Polyester - TRUUSK - Hem, Tr\u00e4dg\u00e5rd &amp; Fritid","isPartOf":{"@id":"https:\/\/truusk.store\/sv\/#website"},"primaryImageOfPage":{"@id":"https:\/\/truusk.store\/sv\/produkt\/truusk-hopfallbart-badmintonnatset-justerbar-hojd-badmintonracket-ingar-volleybollnat-transportvaska-metall-polyester\/#primaryimage"},"image":{"@id":"https:\/\/truusk.store\/sv\/produkt\/truusk-hopfallbart-badmintonnatset-justerbar-hojd-badmintonracket-ingar-volleybollnat-transportvaska-metall-polyester\/#primaryimage"},"thumbnailUrl":"https:\/\/i0.wp.com\/truusk.store\/wp-content\/uploads\/2024\/02\/badmintonnatset-hojdjusterbart-hopfallbart-tennisnat-med-badmintonracket-94-158h-cm-volleybollnat-badmintonnat-med-transportvaska-metall-polyester-svart.webp?fit=800%2C800&ssl=1","datePublished":"2024-02-13T09:57:41+00:00","dateModified":"2026-03-12T07:57:36+00:00","breadcrumb":{"@id":"https:\/\/truusk.store\/sv\/produkt\/truusk-hopfallbart-badmintonnatset-justerbar-hojd-badmintonracket-ingar-volleybollnat-transportvaska-metall-polyester\/#breadcrumb"},"inLanguage":"sv-SE","potentialAction":[{"@type":"ReadAction","target":["https:\/\/truusk.store\/sv\/produkt\/truusk-hopfallbart-badmintonnatset-justerbar-hojd-badmintonracket-ingar-volleybollnat-transportvaska-metall-polyester\/"]}]},{"@type":"ImageObject","inLanguage":"sv-SE","@id":"https:\/\/truusk.store\/sv\/produkt\/truusk-hopfallbart-badmintonnatset-justerbar-hojd-badmintonracket-ingar-volleybollnat-transportvaska-metall-polyester\/#primaryimage","url":"https:\/\/i0.wp.com\/truusk.store\/wp-content\/uploads\/2024\/02\/badmintonnatset-hojdjusterbart-hopfallbart-tennisnat-med-badmintonracket-94-158h-cm-volleybollnat-badmintonnat-med-transportvaska-metall-polyester-svart.webp?fit=800%2C800&ssl=1","contentUrl":"https:\/\/i0.wp.com\/truusk.store\/wp-content\/uploads\/2024\/02\/badmintonnatset-hojdjusterbart-hopfallbart-tennisnat-med-badmintonracket-94-158h-cm-volleybollnat-badmintonnat-med-transportvaska-metall-polyester-svart.webp?fit=800%2C800&ssl=1","width":800,"height":800,"caption":"Badmintonn\u00e4tset H\u00f6jdjusterbart, Hopf\u00e4llbart Tennisn\u00e4t Med Badmintonracket 94\/158H Cm, Volleybolln\u00e4t, Badmintonn\u00e4t Med Transportv\u00e4ska Metall Polyester Svart 1"},{"@type":"BreadcrumbList","@id":"https:\/\/truusk.store\/sv\/produkt\/truusk-hopfallbart-badmintonnatset-justerbar-hojd-badmintonracket-ingar-volleybollnat-transportvaska-metall-polyester\/#breadcrumb","itemListElement":[{"@type":"ListItem","position":1,"name":"Home","item":"https:\/\/truusk.store\/sv\/"},{"@type":"ListItem","position":2,"name":"Shop","item":"https:\/\/truusk.store\/shop\/"},{"@type":"ListItem","position":3,"name":"TRUUSK Hopf\u00e4llbart Badmintonn\u00e4tset &#8211; Justerbar H\u00f6jd &#8211; Badmintonracket Ing\u00e5r &#8211; Volleybolln\u00e4t &#8211; Transportv\u00e4ska &#8211; Metall\/Polyester &#8211;"}]},{"@type":"WebSite","@id":"https:\/\/truusk.store\/sv\/#website","url":"https:\/\/truusk.store\/sv\/","name":"TRUUSK - Hem, Tr\u00e4dg\u00e5rd & Fritid","description":"","publisher":{"@id":"https:\/\/truusk.store\/sv\/#organization"},"potentialAction":[{"@type":"SearchAction","target":{"@type":"EntryPoint","urlTemplate":"https:\/\/truusk.store\/sv\/?s={search_term_string}"},"query-input":{"@type":"PropertyValueSpecification","valueRequired":true,"valueName":"search_term_string"}}],"inLanguage":"sv-SE"},{"@type":"Organization","@id":"https:\/\/truusk.store\/sv\/#organization","name":"TRUUSK - Hem, Tr\u00e4dg\u00e5rd & Fritid","url":"https:\/\/truusk.store\/sv\/","logo":{"@type":"ImageObject","inLanguage":"sv-SE","@id":"https:\/\/truusk.store\/sv\/#\/schema\/logo\/image\/","url":"https:\/\/i0.wp.com\/truusk.store\/wp-content\/uploads\/2026\/03\/cropped-TRUUSK.png?fit=2032%2C917&ssl=1","contentUrl":"https:\/\/i0.wp.com\/truusk.store\/wp-content\/uploads\/2026\/03\/cropped-TRUUSK.png?fit=2032%2C917&ssl=1","width":2032,"height":917,"caption":"TRUUSK - Hem, Tr\u00e4dg\u00e5rd & Fritid"},"image":{"@id":"https:\/\/truusk.store\/sv\/#\/schema\/logo\/image\/"}}]}},"jetpack_sharing_enabled":true,"_links":{"self":[{"href":"https:\/\/truusk.store\/sv\/wp-json\/wp\/v2\/product\/11995","targetHints":{"allow":["GET"]}}],"collection":[{"href":"https:\/\/truusk.store\/sv\/wp-json\/wp\/v2\/product"}],"about":[{"href":"https:\/\/truusk.store\/sv\/wp-json\/wp\/v2\/types\/product"}],"wp:featuredmedia":[{"embeddable":true,"href":"https:\/\/truusk.store\/sv\/wp-json\/wp\/v2\/media\/11996"}],"wp:attachment":[{"href":"https:\/\/truusk.store\/sv\/wp-json\/wp\/v2\/media?parent=11995"}],"wp:term":[{"taxonomy":"product_brand","embeddable":true,"href":"https:\/\/truusk.store\/sv\/wp-json\/wp\/v2\/product_brand?post=11995"},{"taxonomy":"product_cat","embeddable":true,"href":"https:\/\/truusk.store\/sv\/wp-json\/wp\/v2\/product_cat?post=11995"},{"taxonomy":"product_tag","embeddable":true,"href":"https:\/\/truusk.store\/sv\/wp-json\/wp\/v2\/product_tag?post=11995"}],"curies":[{"name":"wp","href":"https:\/\/api.w.org\/{rel}","templated":true}]}}