{"id":12049,"date":"2024-02-13T10:59:04","date_gmt":"2024-02-13T09:59:04","guid":{"rendered":"https:\/\/truusk.store\/product\/pokerfodral-pokerset-300-pokermarker-2x-kortspel-5x-tarningar-1x-aluminiumfodral-pokerset-chipsetui-aluminium-polystyren-38x205x65-cm\/"},"modified":"2026-03-12T08:57:36","modified_gmt":"2026-03-12T07:57:36","slug":"truusk-pokerfodral-med-pokerset-300-marker-2-kortspel-5-tarningar-aluminiumfodral-chipsetui-for-poker-38x205x65-cm","status":"publish","type":"product","link":"https:\/\/truusk.store\/sv\/produkt\/truusk-pokerfodral-med-pokerset-300-marker-2-kortspel-5-tarningar-aluminiumfodral-chipsetui-for-poker-38x205x65-cm\/","title":{"rendered":"TRUUSK Pokerfodral med Pokerset 300 Marker &#8211; 2 Kortspel &#8211; 5 T\u00e4rningar &#8211; Aluminiumfodral &#8211; Chipsetui &#8211; F\u00f6r Poker &#8211; 38&#215;20,5&#215;6,5 cm"},"content":{"rendered":"<p>Detta fullt utrustade pokerfodral erbjuder dig allt du beh\u00f6ver f\u00f6r ett sp\u00e4nnande pokerspel: 300 pokermarker med ett stort urval av f\u00e4rger (50 vardera i svart, r\u00f6tt, bl\u00e5tt och gr\u00f6nt, 100 i vitt), 5 pokert\u00e4rningar, 1 dealermark. och 2 kortlekar. Spela Texas Hold&#8217;em, Blackjack, Roulette och m\u00e5nga andra sp\u00e4nnande varianter. Det matchande aluminiumfodralet med fack f\u00f6r alla tillbeh\u00f6r \u00e4r f\u00f6rsett med tv\u00e5 l\u00e5s och ett handtag, vilket g\u00f6r det l\u00e4ttare att transportera pokersetet. Vi hoppas att du gillar att spela poker med din familj och dina v\u00e4nner!<\/p>\n<h3>Beskrivning:<\/h3>\n<ul>\n<li>Poker komplett set f\u00f6r Texas Hold&#8217;em, Blackjack etc.<\/li>\n<li>Inkluderar 50 svarta, r\u00f6da, bl\u00e5 och gr\u00f6na pokermarker, 100 vita pokermarker, 5 t\u00e4rningar, 1 dealermark och 2 upps\u00e4ttningar spelkort<\/li>\n<li>Inkluderar matchande aluminiumfodral<\/li>\n<li>L\u00e5sbara sp\u00e4nnen (inkl. 2 nycklar)<\/li>\n<li>Randiga pokermarker och tillbeh\u00f6r av h\u00f6g kvalitet f\u00f6r l\u00e5ngvarig anv\u00e4ndning<\/li>\n<\/ul>\n<h3>Teknisk data:<\/h3>\n<ul>\n<li>Material: plast (PS), aluminium<\/li>\n<li>F\u00e4rg: Vit + Svart + R\u00f6d + Gr\u00f6n + Bl\u00e5 + Silver<\/li>\n<li>Vikt: 8,9 kg<\/li>\n<li>M\u00e5tt p\u00e5 resv\u00e4ska: L38 x B20,5 x H6,5 cm<\/li>\n<li>M\u00e5tt per pokermark: 40 x 3,3 mm<\/li>\n<li>M\u00e5tt per kub: 18 x 18 x 18 mm<\/li>\n<li>Mae dealer chip: 50 x 5 mm<\/li>\n<\/ul>\n<h3>Leveransens omfattning:<\/h3>\n<ul>\n<li>300 x chips<\/li>\n<li>5 x t\u00e4rningar<\/li>\n<li>2 x kortlek<\/li>\n<li>1 x resv\u00e4ska (inkl. 2 nycklar)<\/li>\n<\/ul>\n","protected":false},"excerpt":{"rendered":"<p>Detta fullt utrustade pokerfodral erbjuder dig allt du beh\u00f6ver f\u00f6r ett sp\u00e4nnande pokerspel: 300 pokermarker med ett stort urval av&#8230;<\/p>\n","protected":false},"featured_media":12050,"template":"","meta":[],"product_brand":[],"product_cat":[656,508,647],"product_tag":[],"class_list":{"0":"post-12049","1":"product","2":"type-product","3":"status-publish","4":"has-post-thumbnail","6":"product_cat-spel-hobby","7":"product_cat-spelbord","8":"product_cat-sport-fritid","10":"first","11":"instock","12":"sale","13":"taxable","14":"shipping-taxable","15":"purchasable","16":"product-type-simple"},"yoast_head":"<!-- This site is optimized with the Yoast SEO plugin v25.4 - https:\/\/yoast.com\/wordpress\/plugins\/seo\/ -->\n<title>TRUUSK Pokerfodral med Pokerset 300 Marker - 2 Kortspel - 5 T\u00e4rningar - Aluminiumfodral - Chipsetui - F\u00f6r Poker - 38x20,5x6,5 cm - TRUUSK - Hem, Tr\u00e4dg\u00e5rd &amp; Fritid<\/title>\n<meta name=\"robots\" content=\"index, follow, max-snippet:-1, max-image-preview:large, max-video-preview:-1\" \/>\n<link rel=\"canonical\" href=\"https:\/\/truusk.store\/sv\/produkt\/truusk-pokerfodral-med-pokerset-300-marker-2-kortspel-5-tarningar-aluminiumfodral-chipsetui-for-poker-38x205x65-cm\/\" \/>\n<meta property=\"og:locale\" content=\"sv_SE\" \/>\n<meta property=\"og:type\" content=\"article\" \/>\n<meta property=\"og:title\" content=\"TRUUSK Pokerfodral med Pokerset 300 Marker - 2 Kortspel - 5 T\u00e4rningar - Aluminiumfodral - Chipsetui - F\u00f6r Poker - 38x20,5x6,5 cm - TRUUSK - Hem, Tr\u00e4dg\u00e5rd &amp; Fritid\" \/>\n<meta property=\"og:description\" content=\"Detta fullt utrustade pokerfodral erbjuder dig allt du beh\u00f6ver f\u00f6r ett sp\u00e4nnande pokerspel: 300 pokermarker med ett stort urval av...\" \/>\n<meta property=\"og:url\" content=\"https:\/\/truusk.store\/sv\/produkt\/truusk-pokerfodral-med-pokerset-300-marker-2-kortspel-5-tarningar-aluminiumfodral-chipsetui-for-poker-38x205x65-cm\/\" \/>\n<meta property=\"og:site_name\" content=\"TRUUSK - Hem, Tr\u00e4dg\u00e5rd &amp; Fritid\" \/>\n<meta property=\"article:modified_time\" content=\"2026-03-12T07:57:36+00:00\" \/>\n<meta property=\"og:image\" content=\"https:\/\/i0.wp.com\/truusk.se\/wp-content\/uploads\/2024\/02\/pokerfodral-pokerset-300-pokermarker-2x-kortspel-5x-tarningar-1x-aluminiumfodral-pokerset-chipsetui-aluminium-polystyren-38x205x65-cm.webp?fit=800%2C800&ssl=1\" \/>\n\t<meta property=\"og:image:width\" content=\"800\" \/>\n\t<meta property=\"og:image:height\" content=\"800\" \/>\n\t<meta property=\"og:image:type\" content=\"image\/webp\" \/>\n<meta name=\"twitter:card\" content=\"summary_large_image\" \/>\n<meta name=\"twitter:label1\" content=\"Ber\u00e4knad l\u00e4stid\" \/>\n\t<meta name=\"twitter:data1\" content=\"1 minut\" \/>\n<!-- \/ Yoast SEO plugin. -->","yoast_head_json":{"title":"TRUUSK Pokerfodral med Pokerset 300 Marker - 2 Kortspel - 5 T\u00e4rningar - Aluminiumfodral - Chipsetui - F\u00f6r Poker - 38x20,5x6,5 cm - TRUUSK - Hem, Tr\u00e4dg\u00e5rd &amp; Fritid","robots":{"index":"index","follow":"follow","max-snippet":"max-snippet:-1","max-image-preview":"max-image-preview:large","max-video-preview":"max-video-preview:-1"},"canonical":"https:\/\/truusk.store\/sv\/produkt\/truusk-pokerfodral-med-pokerset-300-marker-2-kortspel-5-tarningar-aluminiumfodral-chipsetui-for-poker-38x205x65-cm\/","og_locale":"sv_SE","og_type":"article","og_title":"TRUUSK Pokerfodral med Pokerset 300 Marker - 2 Kortspel - 5 T\u00e4rningar - Aluminiumfodral - Chipsetui - F\u00f6r Poker - 38x20,5x6,5 cm - TRUUSK - Hem, Tr\u00e4dg\u00e5rd &amp; Fritid","og_description":"Detta fullt utrustade pokerfodral erbjuder dig allt du beh\u00f6ver f\u00f6r ett sp\u00e4nnande pokerspel: 300 pokermarker med ett stort urval av...","og_url":"https:\/\/truusk.store\/sv\/produkt\/truusk-pokerfodral-med-pokerset-300-marker-2-kortspel-5-tarningar-aluminiumfodral-chipsetui-for-poker-38x205x65-cm\/","og_site_name":"TRUUSK - Hem, Tr\u00e4dg\u00e5rd &amp; Fritid","article_modified_time":"2026-03-12T07:57:36+00:00","og_image":[{"width":800,"height":800,"url":"https:\/\/i0.wp.com\/truusk.se\/wp-content\/uploads\/2024\/02\/pokerfodral-pokerset-300-pokermarker-2x-kortspel-5x-tarningar-1x-aluminiumfodral-pokerset-chipsetui-aluminium-polystyren-38x205x65-cm.webp?fit=800%2C800&ssl=1","type":"image\/webp"}],"twitter_card":"summary_large_image","twitter_misc":{"Ber\u00e4knad l\u00e4stid":"1 minut"},"schema":{"@context":"https:\/\/schema.org","@graph":[{"@type":"WebPage","@id":"https:\/\/truusk.store\/sv\/produkt\/truusk-pokerfodral-med-pokerset-300-marker-2-kortspel-5-tarningar-aluminiumfodral-chipsetui-for-poker-38x205x65-cm\/","url":"https:\/\/truusk.store\/sv\/produkt\/truusk-pokerfodral-med-pokerset-300-marker-2-kortspel-5-tarningar-aluminiumfodral-chipsetui-for-poker-38x205x65-cm\/","name":"TRUUSK Pokerfodral med Pokerset 300 Marker - 2 Kortspel - 5 T\u00e4rningar - Aluminiumfodral - Chipsetui - F\u00f6r Poker - 38x20,5x6,5 cm - TRUUSK - Hem, Tr\u00e4dg\u00e5rd &amp; Fritid","isPartOf":{"@id":"https:\/\/truusk.store\/sv\/#website"},"primaryImageOfPage":{"@id":"https:\/\/truusk.store\/sv\/produkt\/truusk-pokerfodral-med-pokerset-300-marker-2-kortspel-5-tarningar-aluminiumfodral-chipsetui-for-poker-38x205x65-cm\/#primaryimage"},"image":{"@id":"https:\/\/truusk.store\/sv\/produkt\/truusk-pokerfodral-med-pokerset-300-marker-2-kortspel-5-tarningar-aluminiumfodral-chipsetui-for-poker-38x205x65-cm\/#primaryimage"},"thumbnailUrl":"https:\/\/i0.wp.com\/truusk.store\/wp-content\/uploads\/2024\/02\/pokerfodral-pokerset-300-pokermarker-2x-kortspel-5x-tarningar-1x-aluminiumfodral-pokerset-chipsetui-aluminium-polystyren-38x205x65-cm.webp?fit=800%2C800&ssl=1","datePublished":"2024-02-13T09:59:04+00:00","dateModified":"2026-03-12T07:57:36+00:00","breadcrumb":{"@id":"https:\/\/truusk.store\/sv\/produkt\/truusk-pokerfodral-med-pokerset-300-marker-2-kortspel-5-tarningar-aluminiumfodral-chipsetui-for-poker-38x205x65-cm\/#breadcrumb"},"inLanguage":"sv-SE","potentialAction":[{"@type":"ReadAction","target":["https:\/\/truusk.store\/sv\/produkt\/truusk-pokerfodral-med-pokerset-300-marker-2-kortspel-5-tarningar-aluminiumfodral-chipsetui-for-poker-38x205x65-cm\/"]}]},{"@type":"ImageObject","inLanguage":"sv-SE","@id":"https:\/\/truusk.store\/sv\/produkt\/truusk-pokerfodral-med-pokerset-300-marker-2-kortspel-5-tarningar-aluminiumfodral-chipsetui-for-poker-38x205x65-cm\/#primaryimage","url":"https:\/\/i0.wp.com\/truusk.store\/wp-content\/uploads\/2024\/02\/pokerfodral-pokerset-300-pokermarker-2x-kortspel-5x-tarningar-1x-aluminiumfodral-pokerset-chipsetui-aluminium-polystyren-38x205x65-cm.webp?fit=800%2C800&ssl=1","contentUrl":"https:\/\/i0.wp.com\/truusk.store\/wp-content\/uploads\/2024\/02\/pokerfodral-pokerset-300-pokermarker-2x-kortspel-5x-tarningar-1x-aluminiumfodral-pokerset-chipsetui-aluminium-polystyren-38x205x65-cm.webp?fit=800%2C800&ssl=1","width":800,"height":800,"caption":"Pokerfodral Pokerset 300 Pokermarker 2x Kortspel 5x T\u00e4rningar 1x Aluminiumfodral Pokerset Chipsetui Aluminium + Polystyren 38x20,5x6,5 Cm 1"},{"@type":"BreadcrumbList","@id":"https:\/\/truusk.store\/sv\/produkt\/truusk-pokerfodral-med-pokerset-300-marker-2-kortspel-5-tarningar-aluminiumfodral-chipsetui-for-poker-38x205x65-cm\/#breadcrumb","itemListElement":[{"@type":"ListItem","position":1,"name":"Home","item":"https:\/\/truusk.store\/sv\/"},{"@type":"ListItem","position":2,"name":"Shop","item":"https:\/\/truusk.store\/shop\/"},{"@type":"ListItem","position":3,"name":"TRUUSK Pokerfodral med Pokerset 300 Marker &#8211; 2 Kortspel &#8211; 5 T\u00e4rningar &#8211; Aluminiumfodral &#8211; Chipsetui &#8211; F\u00f6r Poker &#8211; 38&#215;20,5&#215;6,5 cm"}]},{"@type":"WebSite","@id":"https:\/\/truusk.store\/sv\/#website","url":"https:\/\/truusk.store\/sv\/","name":"TRUUSK - Hem, Tr\u00e4dg\u00e5rd & Fritid","description":"","publisher":{"@id":"https:\/\/truusk.store\/sv\/#organization"},"potentialAction":[{"@type":"SearchAction","target":{"@type":"EntryPoint","urlTemplate":"https:\/\/truusk.store\/sv\/?s={search_term_string}"},"query-input":{"@type":"PropertyValueSpecification","valueRequired":true,"valueName":"search_term_string"}}],"inLanguage":"sv-SE"},{"@type":"Organization","@id":"https:\/\/truusk.store\/sv\/#organization","name":"TRUUSK - Hem, Tr\u00e4dg\u00e5rd & Fritid","url":"https:\/\/truusk.store\/sv\/","logo":{"@type":"ImageObject","inLanguage":"sv-SE","@id":"https:\/\/truusk.store\/sv\/#\/schema\/logo\/image\/","url":"https:\/\/i0.wp.com\/truusk.store\/wp-content\/uploads\/2026\/03\/cropped-TRUUSK.png?fit=2032%2C917&ssl=1","contentUrl":"https:\/\/i0.wp.com\/truusk.store\/wp-content\/uploads\/2026\/03\/cropped-TRUUSK.png?fit=2032%2C917&ssl=1","width":2032,"height":917,"caption":"TRUUSK - Hem, Tr\u00e4dg\u00e5rd & Fritid"},"image":{"@id":"https:\/\/truusk.store\/sv\/#\/schema\/logo\/image\/"}}]}},"jetpack_sharing_enabled":true,"_links":{"self":[{"href":"https:\/\/truusk.store\/sv\/wp-json\/wp\/v2\/product\/12049","targetHints":{"allow":["GET"]}}],"collection":[{"href":"https:\/\/truusk.store\/sv\/wp-json\/wp\/v2\/product"}],"about":[{"href":"https:\/\/truusk.store\/sv\/wp-json\/wp\/v2\/types\/product"}],"wp:featuredmedia":[{"embeddable":true,"href":"https:\/\/truusk.store\/sv\/wp-json\/wp\/v2\/media\/12050"}],"wp:attachment":[{"href":"https:\/\/truusk.store\/sv\/wp-json\/wp\/v2\/media?parent=12049"}],"wp:term":[{"taxonomy":"product_brand","embeddable":true,"href":"https:\/\/truusk.store\/sv\/wp-json\/wp\/v2\/product_brand?post=12049"},{"taxonomy":"product_cat","embeddable":true,"href":"https:\/\/truusk.store\/sv\/wp-json\/wp\/v2\/product_cat?post=12049"},{"taxonomy":"product_tag","embeddable":true,"href":"https:\/\/truusk.store\/sv\/wp-json\/wp\/v2\/product_tag?post=12049"}],"curies":[{"name":"wp","href":"https:\/\/api.w.org\/{rel}","templated":true}]}}