{"id":12060,"date":"2024-02-13T10:59:18","date_gmt":"2024-02-13T09:59:18","guid":{"rendered":"https:\/\/truusk.store\/product\/vinstall-vinstall-flaskstall-60-flaskor-vaggfaste-metall-svart\/"},"modified":"2026-03-12T08:57:37","modified_gmt":"2026-03-12T07:57:37","slug":"truusk-vinhylla-for-60-flaskor-vaggmontering-svart-metall-for-vinflaskor-organisera-och-visa-din-samling","status":"publish","type":"product","link":"https:\/\/truusk.store\/sv\/produkt\/truusk-vinhylla-for-60-flaskor-vaggmontering-svart-metall-for-vinflaskor-organisera-och-visa-din-samling\/","title":{"rendered":"TRUUSK Vinhylla f\u00f6r 60 Flaskor &#8211; V\u00e4ggmontering &#8211; Svart Metall &#8211; F\u00f6r Vinflaskor &#8211; Organisera och Visa din Samling"},"content":{"rendered":"<p>F\u00f6rvara dina vinflaskor s\u00e4kert i v\u00e5rt robusta vinst\u00e4ll. Vinst\u00e4llet \u00e4r tillverkat av stark och elegant metall. Tack vare arrangemanget av de olika niv\u00e5erna f\u00e5r upp till 60 vinflaskor plats p\u00e5 hyllan, \u00e4ven om den maximala lastkapaciteten p\u00e5 50 kg inte b\u00f6r \u00f6verskridas. F\u00f6rutom den h\u00f6ga stabiliteten finns det f\u00e4stm\u00f6jligheter p\u00e5 baksidan av hyllan f\u00f6r att skruva fast den i v\u00e4ggen. Detta ger ytterligare s\u00e4kerhet. Med v\u00e5rt vinst\u00e4ll kan du ta in ett dekorativt vinst\u00e4ll i ditt hem.<\/p>\n<h3>Beskrivning:<\/h3>\n<ul>\n<li>Vinst\u00e4ll i enkel design, m\u00e5ngsidig<\/li>\n<li>Tillverkad av pulverlackerad metall, robust och rostskyddad<\/li>\n<li>Med 10 fack f\u00f6r upp till 60 flaskor<\/li>\n<li>Stabil, enkel v\u00e4ggmontering<\/li>\n<li>lite utrymmesbehov<\/li>\n<li>Enkel konstruktion<\/li>\n<\/ul>\n<h3>Teknisk data:<\/h3>\n<ul>\n<li>Material: metall<\/li>\n<li>F\u00e4rg: Svart \u00d6vergripande m\u00e5tt: B63 x D20,5 x H118 cm<\/li>\n<li>Nettovikt: ca 3,8 kg<\/li>\n<li>Max lastkapacitet: 50 kg<\/li>\n<\/ul>\n<h3>Leveransens omfattning:<\/h3>\n<ul>\n<li>1 x vinst\u00e4ll<\/li>\n<\/ul>\n","protected":false},"excerpt":{"rendered":"<p>F\u00f6rvara dina vinflaskor s\u00e4kert i v\u00e5rt robusta vinst\u00e4ll. Vinst\u00e4llet \u00e4r tillverkat av stark och elegant metall. Tack vare arrangemanget av&#8230;<\/p>\n","protected":false},"featured_media":12061,"template":"","meta":[],"product_brand":[],"product_cat":[485,547,548],"product_tag":[],"class_list":{"0":"post-12060","1":"product","2":"type-product","3":"status-publish","4":"has-post-thumbnail","6":"product_cat-hus-bo","7":"product_cat-hyllor","8":"product_cat-vinstall","10":"first","11":"instock","12":"sale","13":"taxable","14":"shipping-taxable","15":"purchasable","16":"product-type-simple"},"yoast_head":"<!-- This site is optimized with the Yoast SEO plugin v25.4 - https:\/\/yoast.com\/wordpress\/plugins\/seo\/ -->\n<title>TRUUSK Vinhylla f\u00f6r 60 Flaskor - V\u00e4ggmontering - Svart Metall - F\u00f6r Vinflaskor - Organisera och Visa din Samling - TRUUSK - Hem, Tr\u00e4dg\u00e5rd &amp; Fritid<\/title>\n<meta name=\"robots\" content=\"index, follow, max-snippet:-1, max-image-preview:large, max-video-preview:-1\" \/>\n<link rel=\"canonical\" href=\"https:\/\/truusk.store\/sv\/produkt\/truusk-vinhylla-for-60-flaskor-vaggmontering-svart-metall-for-vinflaskor-organisera-och-visa-din-samling\/\" \/>\n<meta property=\"og:locale\" content=\"sv_SE\" \/>\n<meta property=\"og:type\" content=\"article\" \/>\n<meta property=\"og:title\" content=\"TRUUSK Vinhylla f\u00f6r 60 Flaskor - V\u00e4ggmontering - Svart Metall - F\u00f6r Vinflaskor - Organisera och Visa din Samling - TRUUSK - Hem, Tr\u00e4dg\u00e5rd &amp; Fritid\" \/>\n<meta property=\"og:description\" content=\"F\u00f6rvara dina vinflaskor s\u00e4kert i v\u00e5rt robusta vinst\u00e4ll. Vinst\u00e4llet \u00e4r tillverkat av stark och elegant metall. Tack vare arrangemanget av...\" \/>\n<meta property=\"og:url\" content=\"https:\/\/truusk.store\/sv\/produkt\/truusk-vinhylla-for-60-flaskor-vaggmontering-svart-metall-for-vinflaskor-organisera-och-visa-din-samling\/\" \/>\n<meta property=\"og:site_name\" content=\"TRUUSK - Hem, Tr\u00e4dg\u00e5rd &amp; Fritid\" \/>\n<meta property=\"article:modified_time\" content=\"2026-03-12T07:57:37+00:00\" \/>\n<meta property=\"og:image\" content=\"https:\/\/i0.wp.com\/truusk.se\/wp-content\/uploads\/2024\/02\/vinstall-vinstall-flaskstall-60-flaskor-vaggfaste-metall-svart.webp?fit=800%2C800&ssl=1\" \/>\n\t<meta property=\"og:image:width\" content=\"800\" \/>\n\t<meta property=\"og:image:height\" content=\"800\" \/>\n\t<meta property=\"og:image:type\" content=\"image\/webp\" \/>\n<meta name=\"twitter:card\" content=\"summary_large_image\" \/>\n<meta name=\"twitter:label1\" content=\"Ber\u00e4knad l\u00e4stid\" \/>\n\t<meta name=\"twitter:data1\" content=\"1 minut\" \/>\n<!-- \/ Yoast SEO plugin. -->","yoast_head_json":{"title":"TRUUSK Vinhylla f\u00f6r 60 Flaskor - V\u00e4ggmontering - Svart Metall - F\u00f6r Vinflaskor - Organisera och Visa din Samling - TRUUSK - Hem, Tr\u00e4dg\u00e5rd &amp; Fritid","robots":{"index":"index","follow":"follow","max-snippet":"max-snippet:-1","max-image-preview":"max-image-preview:large","max-video-preview":"max-video-preview:-1"},"canonical":"https:\/\/truusk.store\/sv\/produkt\/truusk-vinhylla-for-60-flaskor-vaggmontering-svart-metall-for-vinflaskor-organisera-och-visa-din-samling\/","og_locale":"sv_SE","og_type":"article","og_title":"TRUUSK Vinhylla f\u00f6r 60 Flaskor - V\u00e4ggmontering - Svart Metall - F\u00f6r Vinflaskor - Organisera och Visa din Samling - TRUUSK - Hem, Tr\u00e4dg\u00e5rd &amp; Fritid","og_description":"F\u00f6rvara dina vinflaskor s\u00e4kert i v\u00e5rt robusta vinst\u00e4ll. Vinst\u00e4llet \u00e4r tillverkat av stark och elegant metall. Tack vare arrangemanget av...","og_url":"https:\/\/truusk.store\/sv\/produkt\/truusk-vinhylla-for-60-flaskor-vaggmontering-svart-metall-for-vinflaskor-organisera-och-visa-din-samling\/","og_site_name":"TRUUSK - Hem, Tr\u00e4dg\u00e5rd &amp; Fritid","article_modified_time":"2026-03-12T07:57:37+00:00","og_image":[{"width":800,"height":800,"url":"https:\/\/i0.wp.com\/truusk.se\/wp-content\/uploads\/2024\/02\/vinstall-vinstall-flaskstall-60-flaskor-vaggfaste-metall-svart.webp?fit=800%2C800&ssl=1","type":"image\/webp"}],"twitter_card":"summary_large_image","twitter_misc":{"Ber\u00e4knad l\u00e4stid":"1 minut"},"schema":{"@context":"https:\/\/schema.org","@graph":[{"@type":"WebPage","@id":"https:\/\/truusk.store\/sv\/produkt\/truusk-vinhylla-for-60-flaskor-vaggmontering-svart-metall-for-vinflaskor-organisera-och-visa-din-samling\/","url":"https:\/\/truusk.store\/sv\/produkt\/truusk-vinhylla-for-60-flaskor-vaggmontering-svart-metall-for-vinflaskor-organisera-och-visa-din-samling\/","name":"TRUUSK Vinhylla f\u00f6r 60 Flaskor - V\u00e4ggmontering - Svart Metall - F\u00f6r Vinflaskor - Organisera och Visa din Samling - TRUUSK - Hem, Tr\u00e4dg\u00e5rd &amp; Fritid","isPartOf":{"@id":"https:\/\/truusk.store\/sv\/#website"},"primaryImageOfPage":{"@id":"https:\/\/truusk.store\/sv\/produkt\/truusk-vinhylla-for-60-flaskor-vaggmontering-svart-metall-for-vinflaskor-organisera-och-visa-din-samling\/#primaryimage"},"image":{"@id":"https:\/\/truusk.store\/sv\/produkt\/truusk-vinhylla-for-60-flaskor-vaggmontering-svart-metall-for-vinflaskor-organisera-och-visa-din-samling\/#primaryimage"},"thumbnailUrl":"https:\/\/i0.wp.com\/truusk.store\/wp-content\/uploads\/2024\/02\/vinstall-vinstall-flaskstall-60-flaskor-vaggfaste-metall-svart.webp?fit=800%2C800&ssl=1","datePublished":"2024-02-13T09:59:18+00:00","dateModified":"2026-03-12T07:57:37+00:00","breadcrumb":{"@id":"https:\/\/truusk.store\/sv\/produkt\/truusk-vinhylla-for-60-flaskor-vaggmontering-svart-metall-for-vinflaskor-organisera-och-visa-din-samling\/#breadcrumb"},"inLanguage":"sv-SE","potentialAction":[{"@type":"ReadAction","target":["https:\/\/truusk.store\/sv\/produkt\/truusk-vinhylla-for-60-flaskor-vaggmontering-svart-metall-for-vinflaskor-organisera-och-visa-din-samling\/"]}]},{"@type":"ImageObject","inLanguage":"sv-SE","@id":"https:\/\/truusk.store\/sv\/produkt\/truusk-vinhylla-for-60-flaskor-vaggmontering-svart-metall-for-vinflaskor-organisera-och-visa-din-samling\/#primaryimage","url":"https:\/\/i0.wp.com\/truusk.store\/wp-content\/uploads\/2024\/02\/vinstall-vinstall-flaskstall-60-flaskor-vaggfaste-metall-svart.webp?fit=800%2C800&ssl=1","contentUrl":"https:\/\/i0.wp.com\/truusk.store\/wp-content\/uploads\/2024\/02\/vinstall-vinstall-flaskstall-60-flaskor-vaggfaste-metall-svart.webp?fit=800%2C800&ssl=1","width":800,"height":800,"caption":"Vinst\u00e4ll Vinst\u00e4ll Flaskst\u00e4ll 60 Flaskor V\u00e4ggf\u00e4ste Metall Svart 1"},{"@type":"BreadcrumbList","@id":"https:\/\/truusk.store\/sv\/produkt\/truusk-vinhylla-for-60-flaskor-vaggmontering-svart-metall-for-vinflaskor-organisera-och-visa-din-samling\/#breadcrumb","itemListElement":[{"@type":"ListItem","position":1,"name":"Home","item":"https:\/\/truusk.store\/sv\/"},{"@type":"ListItem","position":2,"name":"Shop","item":"https:\/\/truusk.store\/shop\/"},{"@type":"ListItem","position":3,"name":"TRUUSK Vinhylla f\u00f6r 60 Flaskor &#8211; V\u00e4ggmontering &#8211; Svart Metall &#8211; F\u00f6r Vinflaskor &#8211; Organisera och Visa din Samling"}]},{"@type":"WebSite","@id":"https:\/\/truusk.store\/sv\/#website","url":"https:\/\/truusk.store\/sv\/","name":"TRUUSK - Hem, Tr\u00e4dg\u00e5rd & Fritid","description":"","publisher":{"@id":"https:\/\/truusk.store\/sv\/#organization"},"potentialAction":[{"@type":"SearchAction","target":{"@type":"EntryPoint","urlTemplate":"https:\/\/truusk.store\/sv\/?s={search_term_string}"},"query-input":{"@type":"PropertyValueSpecification","valueRequired":true,"valueName":"search_term_string"}}],"inLanguage":"sv-SE"},{"@type":"Organization","@id":"https:\/\/truusk.store\/sv\/#organization","name":"TRUUSK - Hem, Tr\u00e4dg\u00e5rd & Fritid","url":"https:\/\/truusk.store\/sv\/","logo":{"@type":"ImageObject","inLanguage":"sv-SE","@id":"https:\/\/truusk.store\/sv\/#\/schema\/logo\/image\/","url":"https:\/\/i0.wp.com\/truusk.store\/wp-content\/uploads\/2026\/03\/cropped-TRUUSK.png?fit=2032%2C917&ssl=1","contentUrl":"https:\/\/i0.wp.com\/truusk.store\/wp-content\/uploads\/2026\/03\/cropped-TRUUSK.png?fit=2032%2C917&ssl=1","width":2032,"height":917,"caption":"TRUUSK - Hem, Tr\u00e4dg\u00e5rd & Fritid"},"image":{"@id":"https:\/\/truusk.store\/sv\/#\/schema\/logo\/image\/"}}]}},"jetpack_sharing_enabled":true,"_links":{"self":[{"href":"https:\/\/truusk.store\/sv\/wp-json\/wp\/v2\/product\/12060","targetHints":{"allow":["GET"]}}],"collection":[{"href":"https:\/\/truusk.store\/sv\/wp-json\/wp\/v2\/product"}],"about":[{"href":"https:\/\/truusk.store\/sv\/wp-json\/wp\/v2\/types\/product"}],"wp:featuredmedia":[{"embeddable":true,"href":"https:\/\/truusk.store\/sv\/wp-json\/wp\/v2\/media\/12061"}],"wp:attachment":[{"href":"https:\/\/truusk.store\/sv\/wp-json\/wp\/v2\/media?parent=12060"}],"wp:term":[{"taxonomy":"product_brand","embeddable":true,"href":"https:\/\/truusk.store\/sv\/wp-json\/wp\/v2\/product_brand?post=12060"},{"taxonomy":"product_cat","embeddable":true,"href":"https:\/\/truusk.store\/sv\/wp-json\/wp\/v2\/product_cat?post=12060"},{"taxonomy":"product_tag","embeddable":true,"href":"https:\/\/truusk.store\/sv\/wp-json\/wp\/v2\/product_tag?post=12060"}],"curies":[{"name":"wp","href":"https:\/\/api.w.org\/{rel}","templated":true}]}}