{"id":12093,"date":"2024-02-13T11:00:09","date_gmt":"2024-02-13T10:00:09","guid":{"rendered":"https:\/\/truusk.store\/product\/barnskoter-sparkscooter-med-stotdampning-sparkscooter-hopfallbar-och-hoj-och-sankbar-fran-14-ar-aluminium-vit-925-x-375-x-87-1015-cm\/"},"modified":"2026-03-12T08:57:37","modified_gmt":"2026-03-12T07:57:37","slug":"truusk-barnskoter-sparkcykel-med-stotdampning-hopfallbar-och-hoj-och-sankbar-fran-14-ar-aluminium-vit-925-x-375-x","status":"publish","type":"product","link":"https:\/\/truusk.store\/sv\/produkt\/truusk-barnskoter-sparkcykel-med-stotdampning-hopfallbar-och-hoj-och-sankbar-fran-14-ar-aluminium-vit-925-x-375-x\/","title":{"rendered":"TRUUSK Barnskoter &#8211; Sparkcykel med st\u00f6td\u00e4mpning &#8211; Hopf\u00e4llbar och h\u00f6j- och s\u00e4nkbar &#8211; Fr\u00e5n 14 \u00e5r &#8211; Aluminium &#8211; Vit &#8211; 92,5 x 37,5 x"},"content":{"rendered":"<p>Med denna moderna och s\u00e4kra hopf\u00e4llbara skoter kommer ditt barn att er\u00f6vra trottoarerna p\u00e5 nolltid! Utrustad med en robust aluminiumram kan skotern enkelt b\u00e4ra upp till 100 kg vikt. H\u00f6jden p\u00e5 styret kan justeras s\u00e5 att denna skoter kan anv\u00e4ndas bekv\u00e4mt av b\u00e5de ton\u00e5ringar och vuxna. Det p\u00e5litliga bakhjulets bromssystem och halkfria d\u00e4ck s\u00e4kerst\u00e4ller en s\u00e4ker och smidig k\u00f6rning hela tiden.<\/p>\n<h3>Beskrivning:<\/h3>\n<ul>\n<li>L\u00e4ttbyggd och snabb att f\u00e4lla ihop<\/li>\n<li>Utrymmesbesparande f\u00f6rvaring och bekv\u00e4m transport<\/li>\n<li>Med bakhjulsbroms f\u00f6r snabbt och s\u00e4kert stopp<\/li>\n<li>H\u00f6jdjusterbar &#8211; l\u00e4mplig f\u00f6r ton\u00e5ringar och vuxna<\/li>\n<li>Robusta plastd\u00e4ck kr\u00e4ver inte frekvent pumpning<\/li>\n<li>St\u00f6td\u00e4mpning och stora hjul s\u00e4kerst\u00e4ller smidig och bekv\u00e4m k\u00f6rning<\/li>\n<li>Robust och t\u00e5lig aluminiumram<\/li>\n<li>Inkluderar stativ<\/li>\n<li>L\u00e4mplig f\u00f6r ton\u00e5ringar fr\u00e5n 14 \u00e5r och upp\u00e5t<\/li>\n<li>Montering kr\u00e4vs<\/li>\n<\/ul>\n<h3>Teknisk data:<\/h3>\n<ul>\n<li>Material: aluminium, plast, konstl\u00e4der<\/li>\n<li>M\u00e5tt: L92,5 x B37,5 x H87-101,5 cm<\/li>\n<li>Vikm\u00e5tt: L82 x B15 x H35 cm<\/li>\n<li>D\u00e4ckstorlek: 57,5L x 15W cm<\/li>\n<li>Nettovikt: 5,1 kg<\/li>\n<li>Lastkapacitet: 100 kg<\/li>\n<li>F\u00e4rg vit<\/li>\n<li>L\u00e4mplig f\u00f6r barn fr\u00e5n 14 \u00e5r och upp\u00e5t<\/li>\n<\/ul>\n<h3>Leveransens omfattning:<\/h3>\n<ul>\n<li>1 x barnskoter;<\/li>\n<\/ul>\n","protected":false},"excerpt":{"rendered":"<p>Med denna moderna och s\u00e4kra hopf\u00e4llbara skoter kommer ditt barn att er\u00f6vra trottoarerna p\u00e5 nolltid! Utrustad med en robust aluminiumram&#8230;<\/p>\n","protected":false},"featured_media":12094,"template":"","meta":[],"product_brand":[],"product_cat":[609,610,611],"product_tag":[],"class_list":{"0":"post-12093","1":"product","2":"type-product","3":"status-publish","4":"has-post-thumbnail","6":"product_cat-baby-barn","7":"product_cat-barnfordon","8":"product_cat-skoter","10":"first","11":"instock","12":"sale","13":"taxable","14":"shipping-taxable","15":"purchasable","16":"product-type-simple"},"yoast_head":"<!-- This site is optimized with the Yoast SEO plugin v25.4 - https:\/\/yoast.com\/wordpress\/plugins\/seo\/ -->\n<title>TRUUSK Barnskoter - Sparkcykel med st\u00f6td\u00e4mpning - Hopf\u00e4llbar och h\u00f6j- och s\u00e4nkbar - Fr\u00e5n 14 \u00e5r - Aluminium - Vit - 92,5 x 37,5 x - TRUUSK - Hem, Tr\u00e4dg\u00e5rd &amp; Fritid<\/title>\n<meta name=\"robots\" content=\"index, follow, max-snippet:-1, max-image-preview:large, max-video-preview:-1\" \/>\n<link rel=\"canonical\" href=\"https:\/\/truusk.store\/sv\/produkt\/truusk-barnskoter-sparkcykel-med-stotdampning-hopfallbar-och-hoj-och-sankbar-fran-14-ar-aluminium-vit-925-x-375-x\/\" \/>\n<meta property=\"og:locale\" content=\"sv_SE\" \/>\n<meta property=\"og:type\" content=\"article\" \/>\n<meta property=\"og:title\" content=\"TRUUSK Barnskoter - Sparkcykel med st\u00f6td\u00e4mpning - Hopf\u00e4llbar och h\u00f6j- och s\u00e4nkbar - Fr\u00e5n 14 \u00e5r - Aluminium - Vit - 92,5 x 37,5 x - TRUUSK - Hem, Tr\u00e4dg\u00e5rd &amp; Fritid\" \/>\n<meta property=\"og:description\" content=\"Med denna moderna och s\u00e4kra hopf\u00e4llbara skoter kommer ditt barn att er\u00f6vra trottoarerna p\u00e5 nolltid! Utrustad med en robust aluminiumram...\" \/>\n<meta property=\"og:url\" content=\"https:\/\/truusk.store\/sv\/produkt\/truusk-barnskoter-sparkcykel-med-stotdampning-hopfallbar-och-hoj-och-sankbar-fran-14-ar-aluminium-vit-925-x-375-x\/\" \/>\n<meta property=\"og:site_name\" content=\"TRUUSK - Hem, Tr\u00e4dg\u00e5rd &amp; Fritid\" \/>\n<meta property=\"article:modified_time\" content=\"2026-03-12T07:57:37+00:00\" \/>\n<meta property=\"og:image\" content=\"https:\/\/i0.wp.com\/truusk.se\/wp-content\/uploads\/2024\/02\/barnskoter-sparkscooter-med-stotdampning-sparkscooter-hopfallbar-och-hoj-och-sankbar-fran-14-ar-aluminium-vit-925-x-375-x-87-1015-cm.webp?fit=800%2C800&ssl=1\" \/>\n\t<meta property=\"og:image:width\" content=\"800\" \/>\n\t<meta property=\"og:image:height\" content=\"800\" \/>\n\t<meta property=\"og:image:type\" content=\"image\/webp\" \/>\n<meta name=\"twitter:card\" content=\"summary_large_image\" \/>\n<meta name=\"twitter:label1\" content=\"Ber\u00e4knad l\u00e4stid\" \/>\n\t<meta name=\"twitter:data1\" content=\"1 minut\" \/>\n<!-- \/ Yoast SEO plugin. -->","yoast_head_json":{"title":"TRUUSK Barnskoter - Sparkcykel med st\u00f6td\u00e4mpning - Hopf\u00e4llbar och h\u00f6j- och s\u00e4nkbar - Fr\u00e5n 14 \u00e5r - Aluminium - Vit - 92,5 x 37,5 x - TRUUSK - Hem, Tr\u00e4dg\u00e5rd &amp; Fritid","robots":{"index":"index","follow":"follow","max-snippet":"max-snippet:-1","max-image-preview":"max-image-preview:large","max-video-preview":"max-video-preview:-1"},"canonical":"https:\/\/truusk.store\/sv\/produkt\/truusk-barnskoter-sparkcykel-med-stotdampning-hopfallbar-och-hoj-och-sankbar-fran-14-ar-aluminium-vit-925-x-375-x\/","og_locale":"sv_SE","og_type":"article","og_title":"TRUUSK Barnskoter - Sparkcykel med st\u00f6td\u00e4mpning - Hopf\u00e4llbar och h\u00f6j- och s\u00e4nkbar - Fr\u00e5n 14 \u00e5r - Aluminium - Vit - 92,5 x 37,5 x - TRUUSK - Hem, Tr\u00e4dg\u00e5rd &amp; Fritid","og_description":"Med denna moderna och s\u00e4kra hopf\u00e4llbara skoter kommer ditt barn att er\u00f6vra trottoarerna p\u00e5 nolltid! Utrustad med en robust aluminiumram...","og_url":"https:\/\/truusk.store\/sv\/produkt\/truusk-barnskoter-sparkcykel-med-stotdampning-hopfallbar-och-hoj-och-sankbar-fran-14-ar-aluminium-vit-925-x-375-x\/","og_site_name":"TRUUSK - Hem, Tr\u00e4dg\u00e5rd &amp; Fritid","article_modified_time":"2026-03-12T07:57:37+00:00","og_image":[{"width":800,"height":800,"url":"https:\/\/i0.wp.com\/truusk.se\/wp-content\/uploads\/2024\/02\/barnskoter-sparkscooter-med-stotdampning-sparkscooter-hopfallbar-och-hoj-och-sankbar-fran-14-ar-aluminium-vit-925-x-375-x-87-1015-cm.webp?fit=800%2C800&ssl=1","type":"image\/webp"}],"twitter_card":"summary_large_image","twitter_misc":{"Ber\u00e4knad l\u00e4stid":"1 minut"},"schema":{"@context":"https:\/\/schema.org","@graph":[{"@type":"WebPage","@id":"https:\/\/truusk.store\/sv\/produkt\/truusk-barnskoter-sparkcykel-med-stotdampning-hopfallbar-och-hoj-och-sankbar-fran-14-ar-aluminium-vit-925-x-375-x\/","url":"https:\/\/truusk.store\/sv\/produkt\/truusk-barnskoter-sparkcykel-med-stotdampning-hopfallbar-och-hoj-och-sankbar-fran-14-ar-aluminium-vit-925-x-375-x\/","name":"TRUUSK Barnskoter - Sparkcykel med st\u00f6td\u00e4mpning - Hopf\u00e4llbar och h\u00f6j- och s\u00e4nkbar - Fr\u00e5n 14 \u00e5r - Aluminium - Vit - 92,5 x 37,5 x - TRUUSK - Hem, Tr\u00e4dg\u00e5rd &amp; Fritid","isPartOf":{"@id":"https:\/\/truusk.store\/sv\/#website"},"primaryImageOfPage":{"@id":"https:\/\/truusk.store\/sv\/produkt\/truusk-barnskoter-sparkcykel-med-stotdampning-hopfallbar-och-hoj-och-sankbar-fran-14-ar-aluminium-vit-925-x-375-x\/#primaryimage"},"image":{"@id":"https:\/\/truusk.store\/sv\/produkt\/truusk-barnskoter-sparkcykel-med-stotdampning-hopfallbar-och-hoj-och-sankbar-fran-14-ar-aluminium-vit-925-x-375-x\/#primaryimage"},"thumbnailUrl":"https:\/\/i0.wp.com\/truusk.store\/wp-content\/uploads\/2024\/02\/barnskoter-sparkscooter-med-stotdampning-sparkscooter-hopfallbar-och-hoj-och-sankbar-fran-14-ar-aluminium-vit-925-x-375-x-87-1015-cm.webp?fit=800%2C800&ssl=1","datePublished":"2024-02-13T10:00:09+00:00","dateModified":"2026-03-12T07:57:37+00:00","breadcrumb":{"@id":"https:\/\/truusk.store\/sv\/produkt\/truusk-barnskoter-sparkcykel-med-stotdampning-hopfallbar-och-hoj-och-sankbar-fran-14-ar-aluminium-vit-925-x-375-x\/#breadcrumb"},"inLanguage":"sv-SE","potentialAction":[{"@type":"ReadAction","target":["https:\/\/truusk.store\/sv\/produkt\/truusk-barnskoter-sparkcykel-med-stotdampning-hopfallbar-och-hoj-och-sankbar-fran-14-ar-aluminium-vit-925-x-375-x\/"]}]},{"@type":"ImageObject","inLanguage":"sv-SE","@id":"https:\/\/truusk.store\/sv\/produkt\/truusk-barnskoter-sparkcykel-med-stotdampning-hopfallbar-och-hoj-och-sankbar-fran-14-ar-aluminium-vit-925-x-375-x\/#primaryimage","url":"https:\/\/i0.wp.com\/truusk.store\/wp-content\/uploads\/2024\/02\/barnskoter-sparkscooter-med-stotdampning-sparkscooter-hopfallbar-och-hoj-och-sankbar-fran-14-ar-aluminium-vit-925-x-375-x-87-1015-cm.webp?fit=800%2C800&ssl=1","contentUrl":"https:\/\/i0.wp.com\/truusk.store\/wp-content\/uploads\/2024\/02\/barnskoter-sparkscooter-med-stotdampning-sparkscooter-hopfallbar-och-hoj-och-sankbar-fran-14-ar-aluminium-vit-925-x-375-x-87-1015-cm.webp?fit=800%2C800&ssl=1","width":800,"height":800,"caption":"Barnskoter, Sparkscooter Med St\u00f6td\u00e4mpning, Sparkscooter, Hopf\u00e4llbar Och H\u00f6j- Och S\u00e4nkbar, Fr\u00e5n 14 \u00e5r, Aluminium, Vit, 92,5 X 37,5 X 87-101,5 Cm 1"},{"@type":"BreadcrumbList","@id":"https:\/\/truusk.store\/sv\/produkt\/truusk-barnskoter-sparkcykel-med-stotdampning-hopfallbar-och-hoj-och-sankbar-fran-14-ar-aluminium-vit-925-x-375-x\/#breadcrumb","itemListElement":[{"@type":"ListItem","position":1,"name":"Home","item":"https:\/\/truusk.store\/sv\/"},{"@type":"ListItem","position":2,"name":"Shop","item":"https:\/\/truusk.store\/shop\/"},{"@type":"ListItem","position":3,"name":"TRUUSK Barnskoter &#8211; Sparkcykel med st\u00f6td\u00e4mpning &#8211; Hopf\u00e4llbar och h\u00f6j- och s\u00e4nkbar &#8211; Fr\u00e5n 14 \u00e5r &#8211; Aluminium &#8211; Vit &#8211; 92,5 x 37,5 x"}]},{"@type":"WebSite","@id":"https:\/\/truusk.store\/sv\/#website","url":"https:\/\/truusk.store\/sv\/","name":"TRUUSK - Hem, Tr\u00e4dg\u00e5rd & Fritid","description":"","publisher":{"@id":"https:\/\/truusk.store\/sv\/#organization"},"potentialAction":[{"@type":"SearchAction","target":{"@type":"EntryPoint","urlTemplate":"https:\/\/truusk.store\/sv\/?s={search_term_string}"},"query-input":{"@type":"PropertyValueSpecification","valueRequired":true,"valueName":"search_term_string"}}],"inLanguage":"sv-SE"},{"@type":"Organization","@id":"https:\/\/truusk.store\/sv\/#organization","name":"TRUUSK - Hem, Tr\u00e4dg\u00e5rd & Fritid","url":"https:\/\/truusk.store\/sv\/","logo":{"@type":"ImageObject","inLanguage":"sv-SE","@id":"https:\/\/truusk.store\/sv\/#\/schema\/logo\/image\/","url":"https:\/\/i0.wp.com\/truusk.store\/wp-content\/uploads\/2026\/03\/cropped-TRUUSK.png?fit=2032%2C917&ssl=1","contentUrl":"https:\/\/i0.wp.com\/truusk.store\/wp-content\/uploads\/2026\/03\/cropped-TRUUSK.png?fit=2032%2C917&ssl=1","width":2032,"height":917,"caption":"TRUUSK - Hem, Tr\u00e4dg\u00e5rd & Fritid"},"image":{"@id":"https:\/\/truusk.store\/sv\/#\/schema\/logo\/image\/"}}]}},"jetpack_sharing_enabled":true,"_links":{"self":[{"href":"https:\/\/truusk.store\/sv\/wp-json\/wp\/v2\/product\/12093","targetHints":{"allow":["GET"]}}],"collection":[{"href":"https:\/\/truusk.store\/sv\/wp-json\/wp\/v2\/product"}],"about":[{"href":"https:\/\/truusk.store\/sv\/wp-json\/wp\/v2\/types\/product"}],"wp:featuredmedia":[{"embeddable":true,"href":"https:\/\/truusk.store\/sv\/wp-json\/wp\/v2\/media\/12094"}],"wp:attachment":[{"href":"https:\/\/truusk.store\/sv\/wp-json\/wp\/v2\/media?parent=12093"}],"wp:term":[{"taxonomy":"product_brand","embeddable":true,"href":"https:\/\/truusk.store\/sv\/wp-json\/wp\/v2\/product_brand?post=12093"},{"taxonomy":"product_cat","embeddable":true,"href":"https:\/\/truusk.store\/sv\/wp-json\/wp\/v2\/product_cat?post=12093"},{"taxonomy":"product_tag","embeddable":true,"href":"https:\/\/truusk.store\/sv\/wp-json\/wp\/v2\/product_tag?post=12093"}],"curies":[{"name":"wp","href":"https:\/\/api.w.org\/{rel}","templated":true}]}}