{"id":12115,"date":"2024-02-13T11:00:49","date_gmt":"2024-02-13T10:00:49","guid":{"rendered":"https:\/\/truusk.store\/product\/barbordsset-3-delat-matbord-med-2-barstolar-matgrupp-koksbord-och-stolar-barbord-och-barstol-med-forvaringshylla-mdf-skiva-stal-vit-ek-80-x-50-x-90-cm\/"},"modified":"2026-03-12T08:57:38","modified_gmt":"2026-03-12T07:57:38","slug":"truusk-barbordsset-3-delat-matbord-med-2-barstolar-forvaringshylla-mdf-skiva-stal-vit-ek-80x50x90-cm","status":"publish","type":"product","link":"https:\/\/truusk.store\/sv\/produkt\/truusk-barbordsset-3-delat-matbord-med-2-barstolar-forvaringshylla-mdf-skiva-stal-vit-ek-80x50x90-cm\/","title":{"rendered":"TRUUSK Barbordsset 3-delat &#8211; Matbord Med 2 Barstolar &#8211; F\u00f6rvaringshylla &#8211; MDF-skiva &#8211; St\u00e5l &#8211; Vit + Ek &#8211; 80x50x90 cm"},"content":{"rendered":"<p>Detta 3-delade barbord och stolsset kommer med ett h\u00f6gt bord och tv\u00e5 barstolar. Bistrobordet med 2 stolar \u00e4r s\u00e4rskilt l\u00e4mpligt f\u00f6r sm\u00e5 k\u00f6k. Ett f\u00f6rvaringsfack under bordsskivan fungerar som en hylla f\u00f6r vardagliga f\u00f6rem\u00e5l som tidningar, frukt och k\u00f6kstillbeh\u00f6r. Detta matsalsset \u00e4r tillverkat av metall och MDF-tr\u00e4. Konstruktionen \u00e4r solid och stabil. Detta barbordsstolset imponerar med sin praktiska design och sin unika industriella stil.<\/p>\n<h3>Beskrivning:<\/h3>\n<ul>\n<li>3-delat barset best\u00e5ende av ett bord och 2 matchande pallar<\/li>\n<li>Idealiskt val f\u00f6r matplatsen i sm\u00e5 vardagsrum<\/li>\n<li>Klassisk f\u00e4rgkombination och industriell design passar m\u00e5nga inredningsstilar<\/li>\n<li>Pallar kan skjutas in under bordet n\u00e4r de inte anv\u00e4nds<\/li>\n<li>Inkluderar en hylla f\u00f6r enkel f\u00f6rvaring av vardagliga f\u00f6rem\u00e5l<\/li>\n<li>Tillverkad av MDF-tr\u00e4 och metall f\u00f6r l\u00e5ng livsl\u00e4ngd<\/li>\n<li>Fotkuddar skyddar golvet fr\u00e5n eventuella skador<\/li>\n<li>Montering kr\u00e4vs<\/li>\n<\/ul>\n<h3>Teknisk data:<\/h3>\n<ul>\n<li>F\u00e4rg: vit+ek<\/li>\n<li>Material: MDF-skiva, st\u00e5l<\/li>\n<li>Totala m\u00e5tt: 80W x 50D x 90H cm (bord), 30 x 60H cm (pall)<\/li>\n<li>Hyllstorlek: 64W x 34D cm<\/li>\n<li>Lastkapacitet: 70 kg (bord), 100 kg (pall)<\/li>\n<\/ul>\n<h3>Leveransens omfattning:<\/h3>\n<ul>\n<li>1 x barbord<\/li>\n<li>2 x matstolar<\/li>\n<li>1 x Instruktioner<\/li>\n<\/ul>\n","protected":false},"excerpt":{"rendered":"<p>Detta 3-delade barbord och stolsset kommer med ett h\u00f6gt bord och tv\u00e5 barstolar. Bistrobordet med 2 stolar \u00e4r s\u00e4rskilt l\u00e4mpligt&#8230;<\/p>\n","protected":false},"featured_media":12116,"template":"","meta":[],"product_brand":[],"product_cat":[731,485,501],"product_tag":[],"class_list":{"0":"post-12115","1":"product","2":"type-product","3":"status-publish","4":"has-post-thumbnail","6":"product_cat-barbordsset","7":"product_cat-hus-bo","8":"product_cat-tabeller","10":"first","11":"instock","12":"sale","13":"taxable","14":"shipping-taxable","15":"purchasable","16":"product-type-simple"},"yoast_head":"<!-- This site is optimized with the Yoast SEO plugin v25.4 - https:\/\/yoast.com\/wordpress\/plugins\/seo\/ -->\n<title>TRUUSK Barbordsset 3-delat - Matbord Med 2 Barstolar - F\u00f6rvaringshylla - MDF-skiva - St\u00e5l - Vit + Ek - 80x50x90 cm - TRUUSK - Hem, Tr\u00e4dg\u00e5rd &amp; Fritid<\/title>\n<meta name=\"robots\" content=\"index, follow, max-snippet:-1, max-image-preview:large, max-video-preview:-1\" \/>\n<link rel=\"canonical\" href=\"https:\/\/truusk.store\/sv\/produkt\/truusk-barbordsset-3-delat-matbord-med-2-barstolar-forvaringshylla-mdf-skiva-stal-vit-ek-80x50x90-cm\/\" \/>\n<meta property=\"og:locale\" content=\"sv_SE\" \/>\n<meta property=\"og:type\" content=\"article\" \/>\n<meta property=\"og:title\" content=\"TRUUSK Barbordsset 3-delat - Matbord Med 2 Barstolar - F\u00f6rvaringshylla - MDF-skiva - St\u00e5l - Vit + Ek - 80x50x90 cm - TRUUSK - Hem, Tr\u00e4dg\u00e5rd &amp; Fritid\" \/>\n<meta property=\"og:description\" content=\"Detta 3-delade barbord och stolsset kommer med ett h\u00f6gt bord och tv\u00e5 barstolar. Bistrobordet med 2 stolar \u00e4r s\u00e4rskilt l\u00e4mpligt...\" \/>\n<meta property=\"og:url\" content=\"https:\/\/truusk.store\/sv\/produkt\/truusk-barbordsset-3-delat-matbord-med-2-barstolar-forvaringshylla-mdf-skiva-stal-vit-ek-80x50x90-cm\/\" \/>\n<meta property=\"og:site_name\" content=\"TRUUSK - Hem, Tr\u00e4dg\u00e5rd &amp; Fritid\" \/>\n<meta property=\"article:modified_time\" content=\"2026-03-12T07:57:38+00:00\" \/>\n<meta property=\"og:image\" content=\"https:\/\/i0.wp.com\/truusk.se\/wp-content\/uploads\/2024\/02\/barbordsset-3-delat-matbord-med-2-barstolar-matgrupp-koksbord-och-stolar-barbord-och-barstol-med-forvaringshylla-mdf-skiva-stal-vit-ek-80-x-50-x-90-cm.webp?fit=800%2C800&ssl=1\" \/>\n\t<meta property=\"og:image:width\" content=\"800\" \/>\n\t<meta property=\"og:image:height\" content=\"800\" \/>\n\t<meta property=\"og:image:type\" content=\"image\/webp\" \/>\n<meta name=\"twitter:card\" content=\"summary_large_image\" \/>\n<meta name=\"twitter:label1\" content=\"Ber\u00e4knad l\u00e4stid\" \/>\n\t<meta name=\"twitter:data1\" content=\"1 minut\" \/>\n<!-- \/ Yoast SEO plugin. -->","yoast_head_json":{"title":"TRUUSK Barbordsset 3-delat - Matbord Med 2 Barstolar - F\u00f6rvaringshylla - MDF-skiva - St\u00e5l - Vit + Ek - 80x50x90 cm - TRUUSK - Hem, Tr\u00e4dg\u00e5rd &amp; Fritid","robots":{"index":"index","follow":"follow","max-snippet":"max-snippet:-1","max-image-preview":"max-image-preview:large","max-video-preview":"max-video-preview:-1"},"canonical":"https:\/\/truusk.store\/sv\/produkt\/truusk-barbordsset-3-delat-matbord-med-2-barstolar-forvaringshylla-mdf-skiva-stal-vit-ek-80x50x90-cm\/","og_locale":"sv_SE","og_type":"article","og_title":"TRUUSK Barbordsset 3-delat - Matbord Med 2 Barstolar - F\u00f6rvaringshylla - MDF-skiva - St\u00e5l - Vit + Ek - 80x50x90 cm - TRUUSK - Hem, Tr\u00e4dg\u00e5rd &amp; Fritid","og_description":"Detta 3-delade barbord och stolsset kommer med ett h\u00f6gt bord och tv\u00e5 barstolar. Bistrobordet med 2 stolar \u00e4r s\u00e4rskilt l\u00e4mpligt...","og_url":"https:\/\/truusk.store\/sv\/produkt\/truusk-barbordsset-3-delat-matbord-med-2-barstolar-forvaringshylla-mdf-skiva-stal-vit-ek-80x50x90-cm\/","og_site_name":"TRUUSK - Hem, Tr\u00e4dg\u00e5rd &amp; Fritid","article_modified_time":"2026-03-12T07:57:38+00:00","og_image":[{"width":800,"height":800,"url":"https:\/\/i0.wp.com\/truusk.se\/wp-content\/uploads\/2024\/02\/barbordsset-3-delat-matbord-med-2-barstolar-matgrupp-koksbord-och-stolar-barbord-och-barstol-med-forvaringshylla-mdf-skiva-stal-vit-ek-80-x-50-x-90-cm.webp?fit=800%2C800&ssl=1","type":"image\/webp"}],"twitter_card":"summary_large_image","twitter_misc":{"Ber\u00e4knad l\u00e4stid":"1 minut"},"schema":{"@context":"https:\/\/schema.org","@graph":[{"@type":"WebPage","@id":"https:\/\/truusk.store\/sv\/produkt\/truusk-barbordsset-3-delat-matbord-med-2-barstolar-forvaringshylla-mdf-skiva-stal-vit-ek-80x50x90-cm\/","url":"https:\/\/truusk.store\/sv\/produkt\/truusk-barbordsset-3-delat-matbord-med-2-barstolar-forvaringshylla-mdf-skiva-stal-vit-ek-80x50x90-cm\/","name":"TRUUSK Barbordsset 3-delat - Matbord Med 2 Barstolar - F\u00f6rvaringshylla - MDF-skiva - St\u00e5l - Vit + Ek - 80x50x90 cm - TRUUSK - Hem, Tr\u00e4dg\u00e5rd &amp; Fritid","isPartOf":{"@id":"https:\/\/truusk.store\/sv\/#website"},"primaryImageOfPage":{"@id":"https:\/\/truusk.store\/sv\/produkt\/truusk-barbordsset-3-delat-matbord-med-2-barstolar-forvaringshylla-mdf-skiva-stal-vit-ek-80x50x90-cm\/#primaryimage"},"image":{"@id":"https:\/\/truusk.store\/sv\/produkt\/truusk-barbordsset-3-delat-matbord-med-2-barstolar-forvaringshylla-mdf-skiva-stal-vit-ek-80x50x90-cm\/#primaryimage"},"thumbnailUrl":"https:\/\/i0.wp.com\/truusk.store\/wp-content\/uploads\/2024\/02\/barbordsset-3-delat-matbord-med-2-barstolar-matgrupp-koksbord-och-stolar-barbord-och-barstol-med-forvaringshylla-mdf-skiva-stal-vit-ek-80-x-50-x-90-cm.webp?fit=800%2C800&ssl=1","datePublished":"2024-02-13T10:00:49+00:00","dateModified":"2026-03-12T07:57:38+00:00","breadcrumb":{"@id":"https:\/\/truusk.store\/sv\/produkt\/truusk-barbordsset-3-delat-matbord-med-2-barstolar-forvaringshylla-mdf-skiva-stal-vit-ek-80x50x90-cm\/#breadcrumb"},"inLanguage":"sv-SE","potentialAction":[{"@type":"ReadAction","target":["https:\/\/truusk.store\/sv\/produkt\/truusk-barbordsset-3-delat-matbord-med-2-barstolar-forvaringshylla-mdf-skiva-stal-vit-ek-80x50x90-cm\/"]}]},{"@type":"ImageObject","inLanguage":"sv-SE","@id":"https:\/\/truusk.store\/sv\/produkt\/truusk-barbordsset-3-delat-matbord-med-2-barstolar-forvaringshylla-mdf-skiva-stal-vit-ek-80x50x90-cm\/#primaryimage","url":"https:\/\/i0.wp.com\/truusk.store\/wp-content\/uploads\/2024\/02\/barbordsset-3-delat-matbord-med-2-barstolar-matgrupp-koksbord-och-stolar-barbord-och-barstol-med-forvaringshylla-mdf-skiva-stal-vit-ek-80-x-50-x-90-cm.webp?fit=800%2C800&ssl=1","contentUrl":"https:\/\/i0.wp.com\/truusk.store\/wp-content\/uploads\/2024\/02\/barbordsset-3-delat-matbord-med-2-barstolar-matgrupp-koksbord-och-stolar-barbord-och-barstol-med-forvaringshylla-mdf-skiva-stal-vit-ek-80-x-50-x-90-cm.webp?fit=800%2C800&ssl=1","width":800,"height":800,"caption":"Barbordsset 3-delat Matbord Med 2 Barstolar Matgrupp K\u00f6ksbord Och Stolar Barbord Och Barstol Med F\u00f6rvaringshylla MDF-skiva St\u00e5l Vit + Ek 80 X 50 X 90 Cm 1"},{"@type":"BreadcrumbList","@id":"https:\/\/truusk.store\/sv\/produkt\/truusk-barbordsset-3-delat-matbord-med-2-barstolar-forvaringshylla-mdf-skiva-stal-vit-ek-80x50x90-cm\/#breadcrumb","itemListElement":[{"@type":"ListItem","position":1,"name":"Home","item":"https:\/\/truusk.store\/sv\/"},{"@type":"ListItem","position":2,"name":"Shop","item":"https:\/\/truusk.store\/shop\/"},{"@type":"ListItem","position":3,"name":"TRUUSK Barbordsset 3-delat &#8211; Matbord Med 2 Barstolar &#8211; F\u00f6rvaringshylla &#8211; MDF-skiva &#8211; St\u00e5l &#8211; Vit + Ek &#8211; 80x50x90 cm"}]},{"@type":"WebSite","@id":"https:\/\/truusk.store\/sv\/#website","url":"https:\/\/truusk.store\/sv\/","name":"TRUUSK - Hem, Tr\u00e4dg\u00e5rd & Fritid","description":"","publisher":{"@id":"https:\/\/truusk.store\/sv\/#organization"},"potentialAction":[{"@type":"SearchAction","target":{"@type":"EntryPoint","urlTemplate":"https:\/\/truusk.store\/sv\/?s={search_term_string}"},"query-input":{"@type":"PropertyValueSpecification","valueRequired":true,"valueName":"search_term_string"}}],"inLanguage":"sv-SE"},{"@type":"Organization","@id":"https:\/\/truusk.store\/sv\/#organization","name":"TRUUSK - Hem, Tr\u00e4dg\u00e5rd & Fritid","url":"https:\/\/truusk.store\/sv\/","logo":{"@type":"ImageObject","inLanguage":"sv-SE","@id":"https:\/\/truusk.store\/sv\/#\/schema\/logo\/image\/","url":"https:\/\/i0.wp.com\/truusk.store\/wp-content\/uploads\/2026\/03\/cropped-TRUUSK.png?fit=2032%2C917&ssl=1","contentUrl":"https:\/\/i0.wp.com\/truusk.store\/wp-content\/uploads\/2026\/03\/cropped-TRUUSK.png?fit=2032%2C917&ssl=1","width":2032,"height":917,"caption":"TRUUSK - Hem, Tr\u00e4dg\u00e5rd & Fritid"},"image":{"@id":"https:\/\/truusk.store\/sv\/#\/schema\/logo\/image\/"}}]}},"jetpack_sharing_enabled":true,"_links":{"self":[{"href":"https:\/\/truusk.store\/sv\/wp-json\/wp\/v2\/product\/12115","targetHints":{"allow":["GET"]}}],"collection":[{"href":"https:\/\/truusk.store\/sv\/wp-json\/wp\/v2\/product"}],"about":[{"href":"https:\/\/truusk.store\/sv\/wp-json\/wp\/v2\/types\/product"}],"wp:featuredmedia":[{"embeddable":true,"href":"https:\/\/truusk.store\/sv\/wp-json\/wp\/v2\/media\/12116"}],"wp:attachment":[{"href":"https:\/\/truusk.store\/sv\/wp-json\/wp\/v2\/media?parent=12115"}],"wp:term":[{"taxonomy":"product_brand","embeddable":true,"href":"https:\/\/truusk.store\/sv\/wp-json\/wp\/v2\/product_brand?post=12115"},{"taxonomy":"product_cat","embeddable":true,"href":"https:\/\/truusk.store\/sv\/wp-json\/wp\/v2\/product_cat?post=12115"},{"taxonomy":"product_tag","embeddable":true,"href":"https:\/\/truusk.store\/sv\/wp-json\/wp\/v2\/product_tag?post=12115"}],"curies":[{"name":"wp","href":"https:\/\/api.w.org\/{rel}","templated":true}]}}