{"id":12264,"date":"2024-02-13T11:04:58","date_gmt":"2024-02-13T10:04:58","guid":{"rendered":"https:\/\/truusk.store\/product\/hopfallbar-hundvagn-med-mugghallare-soltak-kaffebrun\/"},"modified":"2026-03-12T08:57:39","modified_gmt":"2026-03-12T07:57:39","slug":"truusk-hopfallbar-hundvagn-mugghallare-soltak-kaffebrun","status":"publish","type":"product","link":"https:\/\/truusk.store\/sv\/produkt\/truusk-hopfallbar-hundvagn-mugghallare-soltak-kaffebrun\/","title":{"rendered":"TRUUSK Hopf\u00e4llbar Hundvagn &#8211; Muggh\u00e5llare &#8211; Soltak &#8211; Kaffebrun"},"content":{"rendered":"<p>N\u00e4r du blir \u00e4ldre blir det ibland sv\u00e5rt att motivera din trogna f\u00f6ljeslagare att g\u00e5 en promenad. \u00c4ven sjuka djur kan fortfarande ha problem med att g\u00e5 normalt igen. V\u00e5ra hundvagnar (\u00e4ven kallade husdjursvagnar) \u00e4r idealiska s\u00e5 att du kan hj\u00e4lpa dina hundar genom dessa tider. I slutet kan vagnen enkelt f\u00e4llas ihop och tas med dig igen s\u00e4kert och p\u00e5 ett platsbesparande s\u00e4tt.<\/p>\n<h3>Beskrivning:<\/h3>\n<ul>\n<li>Bekv\u00e4m och l\u00e4tt att transportera f\u00f6r s\u00e5v\u00e4l gamla djur som svaga eller handikappade djur och husdjur i konvalescens<\/li>\n<li>Kan f\u00e4llas ihop f\u00f6r att spara utrymme<\/li>\n<li>2 muggh\u00e5llare p\u00e5 styret<\/li>\n<li>Gallret har en dragkedja baktill<\/li>\n<li>N\u00e4tet ger optimal ventilation, b\u00e4sta synlighet och skydd mot insekter f\u00f6r ditt husdjur<\/li>\n<li>Solskyddet skyddar ditt husdjur fr\u00e5n \u00f6verdrivet solljus; gallret och solskyddet kan f\u00e4llas tillbaka helt vid behov<\/li>\n<li>3 extra f\u00f6rvaringsutrymmen samt ett gener\u00f6st f\u00f6rvaringsutrymme under sitt-\/liggomr\u00e5det, alla n\u00f6dv\u00e4ndiga redskap kan enkelt f\u00f6rvaras<\/li>\n<li>Framhjulen kan roteras 360 grader<\/li>\n<li>Parkeringsbromsar p\u00e5 b\u00e5da bakhjulen<\/li>\n<li>L\u00e4mplig f\u00f6r sm\u00e5 hundar och miniatyrhundar med en kroppsl\u00e4ngd p\u00e5 mindre \u00e4n 35 cm och en vikt p\u00e5 mindre \u00e4n 10 kg<\/li>\n<\/ul>\n<h3>Teknisk data:<\/h3>\n<ul>\n<li>\u00d6verdrag: 600D Oxford nylonn\u00e4t<\/li>\n<li>F\u00e4rg: kaffebrun<\/li>\n<li>Vikt: 5 kg<\/li>\n<li>Max lastkapacitet: 15 kg<\/li>\n<li>\u00d6ppna m\u00e5tt: 75L x 45W x 97H cm<\/li>\n<li>Innerm\u00e5tt: 55L x 32W x 52H cm<\/li>\n<li>Vikstorlek: 83L x 45W x 25H cm<\/li>\n<li>Obs: V\u00e4nligen m\u00e4t din hunds kroppsl\u00e4ngd innan du k\u00f6per.<\/li>\n<\/ul>\n<h3>Leveransens omfattning:<\/h3>\n<ul>\n<li>1 x hundvagn<\/li>\n<li>1 x Artikelinstruktioner<\/li>\n<\/ul>\n","protected":false},"excerpt":{"rendered":"<p>N\u00e4r du blir \u00e4ldre blir det ibland sv\u00e5rt att motivera din trogna f\u00f6ljeslagare att g\u00e5 en promenad. \u00c4ven sjuka djur&#8230;<\/p>\n","protected":false},"featured_media":12265,"template":"","meta":[],"product_brand":[],"product_cat":[574,579,573],"product_tag":[],"class_list":{"0":"post-12264","1":"product","2":"type-product","3":"status-publish","4":"has-post-thumbnail","6":"product_cat-hundtillbehor","7":"product_cat-hundvagn","8":"product_cat-husdjursmaterial","10":"first","11":"instock","12":"sale","13":"taxable","14":"shipping-taxable","15":"purchasable","16":"product-type-simple"},"yoast_head":"<!-- This site is optimized with the Yoast SEO plugin v25.4 - https:\/\/yoast.com\/wordpress\/plugins\/seo\/ -->\n<title>TRUUSK Hopf\u00e4llbar Hundvagn - Muggh\u00e5llare - Soltak - Kaffebrun - TRUUSK - Hem, Tr\u00e4dg\u00e5rd &amp; Fritid<\/title>\n<meta name=\"robots\" content=\"index, follow, max-snippet:-1, max-image-preview:large, max-video-preview:-1\" \/>\n<link rel=\"canonical\" href=\"https:\/\/truusk.store\/sv\/produkt\/truusk-hopfallbar-hundvagn-mugghallare-soltak-kaffebrun\/\" \/>\n<meta property=\"og:locale\" content=\"sv_SE\" \/>\n<meta property=\"og:type\" content=\"article\" \/>\n<meta property=\"og:title\" content=\"TRUUSK Hopf\u00e4llbar Hundvagn - Muggh\u00e5llare - Soltak - Kaffebrun - TRUUSK - Hem, Tr\u00e4dg\u00e5rd &amp; Fritid\" \/>\n<meta property=\"og:description\" content=\"N\u00e4r du blir \u00e4ldre blir det ibland sv\u00e5rt att motivera din trogna f\u00f6ljeslagare att g\u00e5 en promenad. \u00c4ven sjuka djur...\" \/>\n<meta property=\"og:url\" content=\"https:\/\/truusk.store\/sv\/produkt\/truusk-hopfallbar-hundvagn-mugghallare-soltak-kaffebrun\/\" \/>\n<meta property=\"og:site_name\" content=\"TRUUSK - Hem, Tr\u00e4dg\u00e5rd &amp; Fritid\" \/>\n<meta property=\"article:modified_time\" content=\"2026-03-12T07:57:39+00:00\" \/>\n<meta property=\"og:image\" content=\"https:\/\/i0.wp.com\/truusk.se\/wp-content\/uploads\/2024\/02\/hopfallbar-hundvagn-med-mugghallare-soltak-kaffebrun.webp?fit=800%2C800&ssl=1\" \/>\n\t<meta property=\"og:image:width\" content=\"800\" \/>\n\t<meta property=\"og:image:height\" content=\"800\" \/>\n\t<meta property=\"og:image:type\" content=\"image\/webp\" \/>\n<meta name=\"twitter:card\" content=\"summary_large_image\" \/>\n<meta name=\"twitter:label1\" content=\"Ber\u00e4knad l\u00e4stid\" \/>\n\t<meta name=\"twitter:data1\" content=\"1 minut\" \/>\n<!-- \/ Yoast SEO plugin. -->","yoast_head_json":{"title":"TRUUSK Hopf\u00e4llbar Hundvagn - Muggh\u00e5llare - Soltak - Kaffebrun - TRUUSK - Hem, Tr\u00e4dg\u00e5rd &amp; Fritid","robots":{"index":"index","follow":"follow","max-snippet":"max-snippet:-1","max-image-preview":"max-image-preview:large","max-video-preview":"max-video-preview:-1"},"canonical":"https:\/\/truusk.store\/sv\/produkt\/truusk-hopfallbar-hundvagn-mugghallare-soltak-kaffebrun\/","og_locale":"sv_SE","og_type":"article","og_title":"TRUUSK Hopf\u00e4llbar Hundvagn - Muggh\u00e5llare - Soltak - Kaffebrun - TRUUSK - Hem, Tr\u00e4dg\u00e5rd &amp; Fritid","og_description":"N\u00e4r du blir \u00e4ldre blir det ibland sv\u00e5rt att motivera din trogna f\u00f6ljeslagare att g\u00e5 en promenad. \u00c4ven sjuka djur...","og_url":"https:\/\/truusk.store\/sv\/produkt\/truusk-hopfallbar-hundvagn-mugghallare-soltak-kaffebrun\/","og_site_name":"TRUUSK - Hem, Tr\u00e4dg\u00e5rd &amp; Fritid","article_modified_time":"2026-03-12T07:57:39+00:00","og_image":[{"width":800,"height":800,"url":"https:\/\/i0.wp.com\/truusk.se\/wp-content\/uploads\/2024\/02\/hopfallbar-hundvagn-med-mugghallare-soltak-kaffebrun.webp?fit=800%2C800&ssl=1","type":"image\/webp"}],"twitter_card":"summary_large_image","twitter_misc":{"Ber\u00e4knad l\u00e4stid":"1 minut"},"schema":{"@context":"https:\/\/schema.org","@graph":[{"@type":"WebPage","@id":"https:\/\/truusk.store\/sv\/produkt\/truusk-hopfallbar-hundvagn-mugghallare-soltak-kaffebrun\/","url":"https:\/\/truusk.store\/sv\/produkt\/truusk-hopfallbar-hundvagn-mugghallare-soltak-kaffebrun\/","name":"TRUUSK Hopf\u00e4llbar Hundvagn - Muggh\u00e5llare - Soltak - Kaffebrun - TRUUSK - Hem, Tr\u00e4dg\u00e5rd &amp; Fritid","isPartOf":{"@id":"https:\/\/truusk.store\/sv\/#website"},"primaryImageOfPage":{"@id":"https:\/\/truusk.store\/sv\/produkt\/truusk-hopfallbar-hundvagn-mugghallare-soltak-kaffebrun\/#primaryimage"},"image":{"@id":"https:\/\/truusk.store\/sv\/produkt\/truusk-hopfallbar-hundvagn-mugghallare-soltak-kaffebrun\/#primaryimage"},"thumbnailUrl":"https:\/\/i0.wp.com\/truusk.store\/wp-content\/uploads\/2024\/02\/hopfallbar-hundvagn-med-mugghallare-soltak-kaffebrun.webp?fit=800%2C800&ssl=1","datePublished":"2024-02-13T10:04:58+00:00","dateModified":"2026-03-12T07:57:39+00:00","breadcrumb":{"@id":"https:\/\/truusk.store\/sv\/produkt\/truusk-hopfallbar-hundvagn-mugghallare-soltak-kaffebrun\/#breadcrumb"},"inLanguage":"sv-SE","potentialAction":[{"@type":"ReadAction","target":["https:\/\/truusk.store\/sv\/produkt\/truusk-hopfallbar-hundvagn-mugghallare-soltak-kaffebrun\/"]}]},{"@type":"ImageObject","inLanguage":"sv-SE","@id":"https:\/\/truusk.store\/sv\/produkt\/truusk-hopfallbar-hundvagn-mugghallare-soltak-kaffebrun\/#primaryimage","url":"https:\/\/i0.wp.com\/truusk.store\/wp-content\/uploads\/2024\/02\/hopfallbar-hundvagn-med-mugghallare-soltak-kaffebrun.webp?fit=800%2C800&ssl=1","contentUrl":"https:\/\/i0.wp.com\/truusk.store\/wp-content\/uploads\/2024\/02\/hopfallbar-hundvagn-med-mugghallare-soltak-kaffebrun.webp?fit=800%2C800&ssl=1","width":800,"height":800,"caption":"Hopf\u00e4llbar Hundvagn Med Muggh\u00e5llare Soltak Kaffebrun 1"},{"@type":"BreadcrumbList","@id":"https:\/\/truusk.store\/sv\/produkt\/truusk-hopfallbar-hundvagn-mugghallare-soltak-kaffebrun\/#breadcrumb","itemListElement":[{"@type":"ListItem","position":1,"name":"Home","item":"https:\/\/truusk.store\/sv\/"},{"@type":"ListItem","position":2,"name":"Shop","item":"https:\/\/truusk.store\/shop\/"},{"@type":"ListItem","position":3,"name":"TRUUSK Hopf\u00e4llbar Hundvagn &#8211; Muggh\u00e5llare &#8211; Soltak &#8211; Kaffebrun"}]},{"@type":"WebSite","@id":"https:\/\/truusk.store\/sv\/#website","url":"https:\/\/truusk.store\/sv\/","name":"TRUUSK - Hem, Tr\u00e4dg\u00e5rd & Fritid","description":"","publisher":{"@id":"https:\/\/truusk.store\/sv\/#organization"},"potentialAction":[{"@type":"SearchAction","target":{"@type":"EntryPoint","urlTemplate":"https:\/\/truusk.store\/sv\/?s={search_term_string}"},"query-input":{"@type":"PropertyValueSpecification","valueRequired":true,"valueName":"search_term_string"}}],"inLanguage":"sv-SE"},{"@type":"Organization","@id":"https:\/\/truusk.store\/sv\/#organization","name":"TRUUSK - Hem, Tr\u00e4dg\u00e5rd & Fritid","url":"https:\/\/truusk.store\/sv\/","logo":{"@type":"ImageObject","inLanguage":"sv-SE","@id":"https:\/\/truusk.store\/sv\/#\/schema\/logo\/image\/","url":"https:\/\/i0.wp.com\/truusk.store\/wp-content\/uploads\/2026\/03\/cropped-TRUUSK.png?fit=2032%2C917&ssl=1","contentUrl":"https:\/\/i0.wp.com\/truusk.store\/wp-content\/uploads\/2026\/03\/cropped-TRUUSK.png?fit=2032%2C917&ssl=1","width":2032,"height":917,"caption":"TRUUSK - Hem, Tr\u00e4dg\u00e5rd & Fritid"},"image":{"@id":"https:\/\/truusk.store\/sv\/#\/schema\/logo\/image\/"}}]}},"jetpack_sharing_enabled":true,"_links":{"self":[{"href":"https:\/\/truusk.store\/sv\/wp-json\/wp\/v2\/product\/12264","targetHints":{"allow":["GET"]}}],"collection":[{"href":"https:\/\/truusk.store\/sv\/wp-json\/wp\/v2\/product"}],"about":[{"href":"https:\/\/truusk.store\/sv\/wp-json\/wp\/v2\/types\/product"}],"wp:featuredmedia":[{"embeddable":true,"href":"https:\/\/truusk.store\/sv\/wp-json\/wp\/v2\/media\/12265"}],"wp:attachment":[{"href":"https:\/\/truusk.store\/sv\/wp-json\/wp\/v2\/media?parent=12264"}],"wp:term":[{"taxonomy":"product_brand","embeddable":true,"href":"https:\/\/truusk.store\/sv\/wp-json\/wp\/v2\/product_brand?post=12264"},{"taxonomy":"product_cat","embeddable":true,"href":"https:\/\/truusk.store\/sv\/wp-json\/wp\/v2\/product_cat?post=12264"},{"taxonomy":"product_tag","embeddable":true,"href":"https:\/\/truusk.store\/sv\/wp-json\/wp\/v2\/product_tag?post=12264"}],"curies":[{"name":"wp","href":"https:\/\/api.w.org\/{rel}","templated":true}]}}