{"id":12392,"date":"2024-02-13T11:08:09","date_gmt":"2024-02-13T10:08:09","guid":{"rendered":"https:\/\/truusk.store\/product\/gungstol-gungstol-gungstol-tradgardsstol-avkopplingsstol-naturligt-grantra\/"},"modified":"2026-03-12T08:57:41","modified_gmt":"2026-03-12T07:57:41","slug":"truusk-tradgardsstol-i-naturligt-grantra-avkopplingsstol-med-gungfunktion-bekvam-sittkudde-perfekt-for-tradgarden-hallbar","status":"publish","type":"product","link":"https:\/\/truusk.store\/sv\/produkt\/truusk-tradgardsstol-i-naturligt-grantra-avkopplingsstol-med-gungfunktion-bekvam-sittkudde-perfekt-for-tradgarden-hallbar\/","title":{"rendered":"TRUUSK Tr\u00e4dg\u00e5rdsstol i Naturligt Grantr\u00e4 &#8211; Avkopplingsstol med Gungfunktion &#8211; Bekv\u00e4m Sittkudde &#8211; Perfekt f\u00f6r Tr\u00e4dg\u00e5rden &#8211; H\u00e5llbar"},"content":{"rendered":"<p>Om du vill ha ett avkopplingsalternativ f\u00f6r din tr\u00e4dg\u00e5rd, balkong eller terrass, \u00e4r denna gungstol i tr\u00e4 det perfekta valet f\u00f6r dig. Avkopplingss\u00e4ngen \u00e4r utrustad med l\u00f6pare och helt gjord av grantr\u00e4. Tack vare sammans\u00e4ttningen \u00e4r tr\u00e4dg\u00e5rdsgungstolen med l\u00f6pare extremt stabil och \u00e4ven dekorativ. Utomhusgungstolen har ett h\u00f6gt ryggst\u00f6d, vilket i kombination med den ergonomiskt formade sitsen skapar en unik sittgl\u00e4dje.<\/p>\n<h3>Beskrivning:<\/h3>\n<ul>\n<li>Avkopplingsstol i tr\u00e4 f\u00f6r inomhus, tr\u00e4dg\u00e5rd, terrass eller balkong<\/li>\n<li>Tillverkad av grantr\u00e4, stabil och r\u00f6tabest\u00e4ndig<\/li>\n<li>Ergonomiskt formad sits<\/li>\n<li>Extra stort och h\u00f6gt ryggst\u00f6d<\/li>\n<li>Bekv\u00e4mt armst\u00f6d av runt tr\u00e4<\/li>\n<li>Enkel konstruktion<\/li>\n<\/ul>\n<h3>Teknisk data:<\/h3>\n<ul>\n<li>Material: gran<\/li>\n<li>F\u00e4rg: Naturlig<\/li>\n<li>\u00d6vergripande m\u00e5tt: B96 x D66 x H98cm<\/li>\n<li>Sittyta: B52 x D48cm<\/li>\n<li>Sitth\u00f6jd: 39 cm<\/li>\n<li>Ryggst\u00f6dsm\u00e5tt: B46 x H75cm<\/li>\n<li>Max lastkapacitet: 113kg<\/li>\n<\/ul>\n<h3>Leveransens omfattning:<\/h3>\n<ul>\n<li>1 x gungstol<\/li>\n<\/ul>\n","protected":false},"excerpt":{"rendered":"<p>Om du vill ha ett avkopplingsalternativ f\u00f6r din tr\u00e4dg\u00e5rd, balkong eller terrass, \u00e4r denna gungstol i tr\u00e4 det perfekta valet&#8230;<\/p>\n","protected":false},"featured_media":12393,"template":"","meta":[],"product_brand":[],"product_cat":[435,450,452],"product_tag":[],"class_list":{"0":"post-12392","1":"product","2":"type-product","3":"status-publish","4":"has-post-thumbnail","6":"product_cat-tradgard-och-terrass","7":"product_cat-tradgardsmobler","8":"product_cat-tradgardsstolar","10":"first","11":"instock","12":"sale","13":"taxable","14":"shipping-taxable","15":"purchasable","16":"product-type-simple"},"yoast_head":"<!-- This site is optimized with the Yoast SEO plugin v25.4 - https:\/\/yoast.com\/wordpress\/plugins\/seo\/ -->\n<title>TRUUSK Tr\u00e4dg\u00e5rdsstol i Naturligt Grantr\u00e4 - Avkopplingsstol med Gungfunktion - Bekv\u00e4m Sittkudde - Perfekt f\u00f6r Tr\u00e4dg\u00e5rden - H\u00e5llbar - TRUUSK - Hem, Tr\u00e4dg\u00e5rd &amp; Fritid<\/title>\n<meta name=\"robots\" content=\"index, follow, max-snippet:-1, max-image-preview:large, max-video-preview:-1\" \/>\n<link rel=\"canonical\" href=\"https:\/\/truusk.store\/sv\/produkt\/truusk-tradgardsstol-i-naturligt-grantra-avkopplingsstol-med-gungfunktion-bekvam-sittkudde-perfekt-for-tradgarden-hallbar\/\" \/>\n<meta property=\"og:locale\" content=\"sv_SE\" \/>\n<meta property=\"og:type\" content=\"article\" \/>\n<meta property=\"og:title\" content=\"TRUUSK Tr\u00e4dg\u00e5rdsstol i Naturligt Grantr\u00e4 - Avkopplingsstol med Gungfunktion - Bekv\u00e4m Sittkudde - Perfekt f\u00f6r Tr\u00e4dg\u00e5rden - H\u00e5llbar - TRUUSK - Hem, Tr\u00e4dg\u00e5rd &amp; Fritid\" \/>\n<meta property=\"og:description\" content=\"Om du vill ha ett avkopplingsalternativ f\u00f6r din tr\u00e4dg\u00e5rd, balkong eller terrass, \u00e4r denna gungstol i tr\u00e4 det perfekta valet...\" \/>\n<meta property=\"og:url\" content=\"https:\/\/truusk.store\/sv\/produkt\/truusk-tradgardsstol-i-naturligt-grantra-avkopplingsstol-med-gungfunktion-bekvam-sittkudde-perfekt-for-tradgarden-hallbar\/\" \/>\n<meta property=\"og:site_name\" content=\"TRUUSK - Hem, Tr\u00e4dg\u00e5rd &amp; Fritid\" \/>\n<meta property=\"article:modified_time\" content=\"2026-03-12T07:57:41+00:00\" \/>\n<meta property=\"og:image\" content=\"https:\/\/i0.wp.com\/truusk.se\/wp-content\/uploads\/2024\/02\/gungstol-gungstol-gungstol-tradgardsstol-avkopplingsstol-naturligt-grantra.webp?fit=800%2C800&ssl=1\" \/>\n\t<meta property=\"og:image:width\" content=\"800\" \/>\n\t<meta property=\"og:image:height\" content=\"800\" \/>\n\t<meta property=\"og:image:type\" content=\"image\/webp\" \/>\n<meta name=\"twitter:card\" content=\"summary_large_image\" \/>\n<meta name=\"twitter:label1\" content=\"Ber\u00e4knad l\u00e4stid\" \/>\n\t<meta name=\"twitter:data1\" content=\"1 minut\" \/>\n<!-- \/ Yoast SEO plugin. -->","yoast_head_json":{"title":"TRUUSK Tr\u00e4dg\u00e5rdsstol i Naturligt Grantr\u00e4 - Avkopplingsstol med Gungfunktion - Bekv\u00e4m Sittkudde - Perfekt f\u00f6r Tr\u00e4dg\u00e5rden - H\u00e5llbar - TRUUSK - Hem, Tr\u00e4dg\u00e5rd &amp; Fritid","robots":{"index":"index","follow":"follow","max-snippet":"max-snippet:-1","max-image-preview":"max-image-preview:large","max-video-preview":"max-video-preview:-1"},"canonical":"https:\/\/truusk.store\/sv\/produkt\/truusk-tradgardsstol-i-naturligt-grantra-avkopplingsstol-med-gungfunktion-bekvam-sittkudde-perfekt-for-tradgarden-hallbar\/","og_locale":"sv_SE","og_type":"article","og_title":"TRUUSK Tr\u00e4dg\u00e5rdsstol i Naturligt Grantr\u00e4 - Avkopplingsstol med Gungfunktion - Bekv\u00e4m Sittkudde - Perfekt f\u00f6r Tr\u00e4dg\u00e5rden - H\u00e5llbar - TRUUSK - Hem, Tr\u00e4dg\u00e5rd &amp; Fritid","og_description":"Om du vill ha ett avkopplingsalternativ f\u00f6r din tr\u00e4dg\u00e5rd, balkong eller terrass, \u00e4r denna gungstol i tr\u00e4 det perfekta valet...","og_url":"https:\/\/truusk.store\/sv\/produkt\/truusk-tradgardsstol-i-naturligt-grantra-avkopplingsstol-med-gungfunktion-bekvam-sittkudde-perfekt-for-tradgarden-hallbar\/","og_site_name":"TRUUSK - Hem, Tr\u00e4dg\u00e5rd &amp; Fritid","article_modified_time":"2026-03-12T07:57:41+00:00","og_image":[{"width":800,"height":800,"url":"https:\/\/i0.wp.com\/truusk.se\/wp-content\/uploads\/2024\/02\/gungstol-gungstol-gungstol-tradgardsstol-avkopplingsstol-naturligt-grantra.webp?fit=800%2C800&ssl=1","type":"image\/webp"}],"twitter_card":"summary_large_image","twitter_misc":{"Ber\u00e4knad l\u00e4stid":"1 minut"},"schema":{"@context":"https:\/\/schema.org","@graph":[{"@type":"WebPage","@id":"https:\/\/truusk.store\/sv\/produkt\/truusk-tradgardsstol-i-naturligt-grantra-avkopplingsstol-med-gungfunktion-bekvam-sittkudde-perfekt-for-tradgarden-hallbar\/","url":"https:\/\/truusk.store\/sv\/produkt\/truusk-tradgardsstol-i-naturligt-grantra-avkopplingsstol-med-gungfunktion-bekvam-sittkudde-perfekt-for-tradgarden-hallbar\/","name":"TRUUSK Tr\u00e4dg\u00e5rdsstol i Naturligt Grantr\u00e4 - Avkopplingsstol med Gungfunktion - Bekv\u00e4m Sittkudde - Perfekt f\u00f6r Tr\u00e4dg\u00e5rden - H\u00e5llbar - TRUUSK - Hem, Tr\u00e4dg\u00e5rd &amp; Fritid","isPartOf":{"@id":"https:\/\/truusk.store\/sv\/#website"},"primaryImageOfPage":{"@id":"https:\/\/truusk.store\/sv\/produkt\/truusk-tradgardsstol-i-naturligt-grantra-avkopplingsstol-med-gungfunktion-bekvam-sittkudde-perfekt-for-tradgarden-hallbar\/#primaryimage"},"image":{"@id":"https:\/\/truusk.store\/sv\/produkt\/truusk-tradgardsstol-i-naturligt-grantra-avkopplingsstol-med-gungfunktion-bekvam-sittkudde-perfekt-for-tradgarden-hallbar\/#primaryimage"},"thumbnailUrl":"https:\/\/i0.wp.com\/truusk.store\/wp-content\/uploads\/2024\/02\/gungstol-gungstol-gungstol-tradgardsstol-avkopplingsstol-naturligt-grantra.webp?fit=800%2C800&ssl=1","datePublished":"2024-02-13T10:08:09+00:00","dateModified":"2026-03-12T07:57:41+00:00","breadcrumb":{"@id":"https:\/\/truusk.store\/sv\/produkt\/truusk-tradgardsstol-i-naturligt-grantra-avkopplingsstol-med-gungfunktion-bekvam-sittkudde-perfekt-for-tradgarden-hallbar\/#breadcrumb"},"inLanguage":"sv-SE","potentialAction":[{"@type":"ReadAction","target":["https:\/\/truusk.store\/sv\/produkt\/truusk-tradgardsstol-i-naturligt-grantra-avkopplingsstol-med-gungfunktion-bekvam-sittkudde-perfekt-for-tradgarden-hallbar\/"]}]},{"@type":"ImageObject","inLanguage":"sv-SE","@id":"https:\/\/truusk.store\/sv\/produkt\/truusk-tradgardsstol-i-naturligt-grantra-avkopplingsstol-med-gungfunktion-bekvam-sittkudde-perfekt-for-tradgarden-hallbar\/#primaryimage","url":"https:\/\/i0.wp.com\/truusk.store\/wp-content\/uploads\/2024\/02\/gungstol-gungstol-gungstol-tradgardsstol-avkopplingsstol-naturligt-grantra.webp?fit=800%2C800&ssl=1","contentUrl":"https:\/\/i0.wp.com\/truusk.store\/wp-content\/uploads\/2024\/02\/gungstol-gungstol-gungstol-tradgardsstol-avkopplingsstol-naturligt-grantra.webp?fit=800%2C800&ssl=1","width":800,"height":800,"caption":"Gungstol Gungstol Gungstol Tr\u00e4dg\u00e5rdsstol Avkopplingsstol Naturligt Grantr\u00e4 1"},{"@type":"BreadcrumbList","@id":"https:\/\/truusk.store\/sv\/produkt\/truusk-tradgardsstol-i-naturligt-grantra-avkopplingsstol-med-gungfunktion-bekvam-sittkudde-perfekt-for-tradgarden-hallbar\/#breadcrumb","itemListElement":[{"@type":"ListItem","position":1,"name":"Home","item":"https:\/\/truusk.store\/sv\/"},{"@type":"ListItem","position":2,"name":"Shop","item":"https:\/\/truusk.store\/shop\/"},{"@type":"ListItem","position":3,"name":"TRUUSK Tr\u00e4dg\u00e5rdsstol i Naturligt Grantr\u00e4 &#8211; Avkopplingsstol med Gungfunktion &#8211; Bekv\u00e4m Sittkudde &#8211; Perfekt f\u00f6r Tr\u00e4dg\u00e5rden &#8211; H\u00e5llbar"}]},{"@type":"WebSite","@id":"https:\/\/truusk.store\/sv\/#website","url":"https:\/\/truusk.store\/sv\/","name":"TRUUSK - Hem, Tr\u00e4dg\u00e5rd & Fritid","description":"","publisher":{"@id":"https:\/\/truusk.store\/sv\/#organization"},"potentialAction":[{"@type":"SearchAction","target":{"@type":"EntryPoint","urlTemplate":"https:\/\/truusk.store\/sv\/?s={search_term_string}"},"query-input":{"@type":"PropertyValueSpecification","valueRequired":true,"valueName":"search_term_string"}}],"inLanguage":"sv-SE"},{"@type":"Organization","@id":"https:\/\/truusk.store\/sv\/#organization","name":"TRUUSK - Hem, Tr\u00e4dg\u00e5rd & Fritid","url":"https:\/\/truusk.store\/sv\/","logo":{"@type":"ImageObject","inLanguage":"sv-SE","@id":"https:\/\/truusk.store\/sv\/#\/schema\/logo\/image\/","url":"https:\/\/i0.wp.com\/truusk.store\/wp-content\/uploads\/2026\/03\/cropped-TRUUSK.png?fit=2032%2C917&ssl=1","contentUrl":"https:\/\/i0.wp.com\/truusk.store\/wp-content\/uploads\/2026\/03\/cropped-TRUUSK.png?fit=2032%2C917&ssl=1","width":2032,"height":917,"caption":"TRUUSK - Hem, Tr\u00e4dg\u00e5rd & Fritid"},"image":{"@id":"https:\/\/truusk.store\/sv\/#\/schema\/logo\/image\/"}}]}},"jetpack_sharing_enabled":true,"_links":{"self":[{"href":"https:\/\/truusk.store\/sv\/wp-json\/wp\/v2\/product\/12392","targetHints":{"allow":["GET"]}}],"collection":[{"href":"https:\/\/truusk.store\/sv\/wp-json\/wp\/v2\/product"}],"about":[{"href":"https:\/\/truusk.store\/sv\/wp-json\/wp\/v2\/types\/product"}],"wp:featuredmedia":[{"embeddable":true,"href":"https:\/\/truusk.store\/sv\/wp-json\/wp\/v2\/media\/12393"}],"wp:attachment":[{"href":"https:\/\/truusk.store\/sv\/wp-json\/wp\/v2\/media?parent=12392"}],"wp:term":[{"taxonomy":"product_brand","embeddable":true,"href":"https:\/\/truusk.store\/sv\/wp-json\/wp\/v2\/product_brand?post=12392"},{"taxonomy":"product_cat","embeddable":true,"href":"https:\/\/truusk.store\/sv\/wp-json\/wp\/v2\/product_cat?post=12392"},{"taxonomy":"product_tag","embeddable":true,"href":"https:\/\/truusk.store\/sv\/wp-json\/wp\/v2\/product_tag?post=12392"}],"curies":[{"name":"wp","href":"https:\/\/api.w.org\/{rel}","templated":true}]}}