{"id":12444,"date":"2024-02-13T11:09:30","date_gmt":"2024-02-13T10:09:30","guid":{"rendered":"https:\/\/truusk.store\/product\/xxl-parasoll-med-vev-vaderbestandig-455cm-x-270cm-x-240cm-stal-polyesterbeige\/"},"modified":"2026-03-12T08:57:42","modified_gmt":"2026-03-12T07:57:42","slug":"truusk-xxl-parasoll-med-vev-vaderbestandig-stal-polyesterbeige-455cm-x-270cm-x-240cm","status":"publish","type":"product","link":"https:\/\/truusk.store\/sv\/produkt\/truusk-xxl-parasoll-med-vev-vaderbestandig-stal-polyesterbeige-455cm-x-270cm-x-240cm\/","title":{"rendered":"TRUUSK XXL Parasoll Med Vev &#8211; V\u00e4derbest\u00e4ndig &#8211; St\u00e5l Polyesterbeige &#8211; 455cm X 270cm X 240cm"},"content":{"rendered":"<p>Detta XXL-parasoll erbjuder sval skugga p\u00e5 soliga dagar. Tack vare sin handvev \u00e4r den snabb och enkel att \u00f6ppna. Oavsett om du \u00e4r i tr\u00e4dg\u00e5rden, terrassen eller stranden &#8211; detta XXL-parasoll skyddar dig fr\u00e5n f\u00f6r mycket sol och l\u00e4tt regn. Tv\u00e5 integrerade ventilations\u00f6ppningar ger \u00f6kat luftmotst\u00e5nd och ger bra ventilation. Koppla av nu under detta superstora parasoll.<\/p>\n<h3>Beskrivning:<\/h3>\n<ul>\n<li>XXL parasoll f\u00f6r tr\u00e4dg\u00e5rden, terrassen eller stranden<\/li>\n<li>En 2-delad paraplyst\u00e5ng och 12 metallstag s\u00e4kerst\u00e4ller ett stabilt stativ<\/li>\n<li>Paraplyet kan enkelt \u00f6ppnas och st\u00e4ngas med en praktisk handvev<\/li>\n<li>2 ventilations\u00f6ppningar ger skydd mot att v\u00e4lta p\u00e5 grund av f\u00f6r mycket vind och ger bra ventilation<\/li>\n<li>Det \u00f6ppna paraplyet kan s\u00e4kras med en kedja<\/li>\n<li>Enkel konstruktion<\/li>\n<li>OBS: Paraplyet f\u00e5r inte anv\u00e4ndas i extremt v\u00e4der (stark vind\/nederb\u00f6rd).<\/li>\n<\/ul>\n<h3>Teknisk data:<\/h3>\n<ul>\n<li>Material: st\u00e5l, polyester, ABS<\/li>\n<li>\u00d6vergripande m\u00e5tt: L455 x B270 x H240 cm<\/li>\n<li>M\u00e5tt per sidoparaply: 2,7 m<\/li>\n<li>R\u00f6rdiameter: 48mm<\/li>\n<li>Nettovikt: ca 12,5 kg<\/li>\n<li>Rekommenderad grundvikt: fr\u00e5n 60 kg<\/li>\n<li>F\u00e4rg beige<\/li>\n<\/ul>\n<h3>Leveransens omfattning:<\/h3>\n<ul>\n<li>1 x Dubbelparasoll<\/li>\n<li>1 x bruksanvisning<\/li>\n<li>Paraplyst\u00e4ll ing\u00e5r INTE.<\/li>\n<\/ul>\n","protected":false},"excerpt":{"rendered":"<p>Detta XXL-parasoll erbjuder sval skugga p\u00e5 soliga dagar. Tack vare sin handvev \u00e4r den snabb och enkel att \u00f6ppna. Oavsett&#8230;<\/p>\n","protected":false},"featured_media":12445,"template":"","meta":[],"product_brand":[],"product_cat":[472,471,435],"product_tag":[],"class_list":{"0":"post-12444","1":"product","2":"type-product","3":"status-publish","4":"has-post-thumbnail","6":"product_cat-parasoller","7":"product_cat-solskydd-integritetsskydd","8":"product_cat-tradgard-och-terrass","10":"first","11":"instock","12":"sale","13":"taxable","14":"shipping-taxable","15":"purchasable","16":"product-type-simple"},"yoast_head":"<!-- This site is optimized with the Yoast SEO plugin v25.4 - https:\/\/yoast.com\/wordpress\/plugins\/seo\/ -->\n<title>TRUUSK XXL Parasoll Med Vev - V\u00e4derbest\u00e4ndig - St\u00e5l Polyesterbeige - 455cm X 270cm X 240cm - TRUUSK - Hem, Tr\u00e4dg\u00e5rd &amp; Fritid<\/title>\n<meta name=\"robots\" content=\"index, follow, max-snippet:-1, max-image-preview:large, max-video-preview:-1\" \/>\n<link rel=\"canonical\" href=\"https:\/\/truusk.store\/sv\/produkt\/truusk-xxl-parasoll-med-vev-vaderbestandig-stal-polyesterbeige-455cm-x-270cm-x-240cm\/\" \/>\n<meta property=\"og:locale\" content=\"sv_SE\" \/>\n<meta property=\"og:type\" content=\"article\" \/>\n<meta property=\"og:title\" content=\"TRUUSK XXL Parasoll Med Vev - V\u00e4derbest\u00e4ndig - St\u00e5l Polyesterbeige - 455cm X 270cm X 240cm - TRUUSK - Hem, Tr\u00e4dg\u00e5rd &amp; Fritid\" \/>\n<meta property=\"og:description\" content=\"Detta XXL-parasoll erbjuder sval skugga p\u00e5 soliga dagar. Tack vare sin handvev \u00e4r den snabb och enkel att \u00f6ppna. Oavsett...\" \/>\n<meta property=\"og:url\" content=\"https:\/\/truusk.store\/sv\/produkt\/truusk-xxl-parasoll-med-vev-vaderbestandig-stal-polyesterbeige-455cm-x-270cm-x-240cm\/\" \/>\n<meta property=\"og:site_name\" content=\"TRUUSK - Hem, Tr\u00e4dg\u00e5rd &amp; Fritid\" \/>\n<meta property=\"article:modified_time\" content=\"2026-03-12T07:57:42+00:00\" \/>\n<meta property=\"og:image\" content=\"https:\/\/i0.wp.com\/truusk.se\/wp-content\/uploads\/2024\/02\/xxl-parasoll-med-vev-vaderbestandig-455cm-x-270cm-x-240cm-stal-polyesterbeige.webp?fit=800%2C800&ssl=1\" \/>\n\t<meta property=\"og:image:width\" content=\"800\" \/>\n\t<meta property=\"og:image:height\" content=\"800\" \/>\n\t<meta property=\"og:image:type\" content=\"image\/webp\" \/>\n<meta name=\"twitter:card\" content=\"summary_large_image\" \/>\n<meta name=\"twitter:label1\" content=\"Ber\u00e4knad l\u00e4stid\" \/>\n\t<meta name=\"twitter:data1\" content=\"1 minut\" \/>\n<!-- \/ Yoast SEO plugin. -->","yoast_head_json":{"title":"TRUUSK XXL Parasoll Med Vev - V\u00e4derbest\u00e4ndig - St\u00e5l Polyesterbeige - 455cm X 270cm X 240cm - TRUUSK - Hem, Tr\u00e4dg\u00e5rd &amp; Fritid","robots":{"index":"index","follow":"follow","max-snippet":"max-snippet:-1","max-image-preview":"max-image-preview:large","max-video-preview":"max-video-preview:-1"},"canonical":"https:\/\/truusk.store\/sv\/produkt\/truusk-xxl-parasoll-med-vev-vaderbestandig-stal-polyesterbeige-455cm-x-270cm-x-240cm\/","og_locale":"sv_SE","og_type":"article","og_title":"TRUUSK XXL Parasoll Med Vev - V\u00e4derbest\u00e4ndig - St\u00e5l Polyesterbeige - 455cm X 270cm X 240cm - TRUUSK - Hem, Tr\u00e4dg\u00e5rd &amp; Fritid","og_description":"Detta XXL-parasoll erbjuder sval skugga p\u00e5 soliga dagar. Tack vare sin handvev \u00e4r den snabb och enkel att \u00f6ppna. Oavsett...","og_url":"https:\/\/truusk.store\/sv\/produkt\/truusk-xxl-parasoll-med-vev-vaderbestandig-stal-polyesterbeige-455cm-x-270cm-x-240cm\/","og_site_name":"TRUUSK - Hem, Tr\u00e4dg\u00e5rd &amp; Fritid","article_modified_time":"2026-03-12T07:57:42+00:00","og_image":[{"width":800,"height":800,"url":"https:\/\/i0.wp.com\/truusk.se\/wp-content\/uploads\/2024\/02\/xxl-parasoll-med-vev-vaderbestandig-455cm-x-270cm-x-240cm-stal-polyesterbeige.webp?fit=800%2C800&ssl=1","type":"image\/webp"}],"twitter_card":"summary_large_image","twitter_misc":{"Ber\u00e4knad l\u00e4stid":"1 minut"},"schema":{"@context":"https:\/\/schema.org","@graph":[{"@type":"WebPage","@id":"https:\/\/truusk.store\/sv\/produkt\/truusk-xxl-parasoll-med-vev-vaderbestandig-stal-polyesterbeige-455cm-x-270cm-x-240cm\/","url":"https:\/\/truusk.store\/sv\/produkt\/truusk-xxl-parasoll-med-vev-vaderbestandig-stal-polyesterbeige-455cm-x-270cm-x-240cm\/","name":"TRUUSK XXL Parasoll Med Vev - V\u00e4derbest\u00e4ndig - St\u00e5l Polyesterbeige - 455cm X 270cm X 240cm - TRUUSK - Hem, Tr\u00e4dg\u00e5rd &amp; Fritid","isPartOf":{"@id":"https:\/\/truusk.store\/sv\/#website"},"primaryImageOfPage":{"@id":"https:\/\/truusk.store\/sv\/produkt\/truusk-xxl-parasoll-med-vev-vaderbestandig-stal-polyesterbeige-455cm-x-270cm-x-240cm\/#primaryimage"},"image":{"@id":"https:\/\/truusk.store\/sv\/produkt\/truusk-xxl-parasoll-med-vev-vaderbestandig-stal-polyesterbeige-455cm-x-270cm-x-240cm\/#primaryimage"},"thumbnailUrl":"https:\/\/i0.wp.com\/truusk.store\/wp-content\/uploads\/2024\/02\/xxl-parasoll-med-vev-vaderbestandig-455cm-x-270cm-x-240cm-stal-polyesterbeige.webp?fit=800%2C800&ssl=1","datePublished":"2024-02-13T10:09:30+00:00","dateModified":"2026-03-12T07:57:42+00:00","breadcrumb":{"@id":"https:\/\/truusk.store\/sv\/produkt\/truusk-xxl-parasoll-med-vev-vaderbestandig-stal-polyesterbeige-455cm-x-270cm-x-240cm\/#breadcrumb"},"inLanguage":"sv-SE","potentialAction":[{"@type":"ReadAction","target":["https:\/\/truusk.store\/sv\/produkt\/truusk-xxl-parasoll-med-vev-vaderbestandig-stal-polyesterbeige-455cm-x-270cm-x-240cm\/"]}]},{"@type":"ImageObject","inLanguage":"sv-SE","@id":"https:\/\/truusk.store\/sv\/produkt\/truusk-xxl-parasoll-med-vev-vaderbestandig-stal-polyesterbeige-455cm-x-270cm-x-240cm\/#primaryimage","url":"https:\/\/i0.wp.com\/truusk.store\/wp-content\/uploads\/2024\/02\/xxl-parasoll-med-vev-vaderbestandig-455cm-x-270cm-x-240cm-stal-polyesterbeige.webp?fit=800%2C800&ssl=1","contentUrl":"https:\/\/i0.wp.com\/truusk.store\/wp-content\/uploads\/2024\/02\/xxl-parasoll-med-vev-vaderbestandig-455cm-x-270cm-x-240cm-stal-polyesterbeige.webp?fit=800%2C800&ssl=1","width":800,"height":800,"caption":"XXL Parasoll Med Vev, V\u00e4derbest\u00e4ndig 455cm X 270cm X 240cm St\u00e5l Polyesterbeige 1"},{"@type":"BreadcrumbList","@id":"https:\/\/truusk.store\/sv\/produkt\/truusk-xxl-parasoll-med-vev-vaderbestandig-stal-polyesterbeige-455cm-x-270cm-x-240cm\/#breadcrumb","itemListElement":[{"@type":"ListItem","position":1,"name":"Home","item":"https:\/\/truusk.store\/sv\/"},{"@type":"ListItem","position":2,"name":"Shop","item":"https:\/\/truusk.store\/shop\/"},{"@type":"ListItem","position":3,"name":"TRUUSK XXL Parasoll Med Vev &#8211; V\u00e4derbest\u00e4ndig &#8211; St\u00e5l Polyesterbeige &#8211; 455cm X 270cm X 240cm"}]},{"@type":"WebSite","@id":"https:\/\/truusk.store\/sv\/#website","url":"https:\/\/truusk.store\/sv\/","name":"TRUUSK - Hem, Tr\u00e4dg\u00e5rd & Fritid","description":"","publisher":{"@id":"https:\/\/truusk.store\/sv\/#organization"},"potentialAction":[{"@type":"SearchAction","target":{"@type":"EntryPoint","urlTemplate":"https:\/\/truusk.store\/sv\/?s={search_term_string}"},"query-input":{"@type":"PropertyValueSpecification","valueRequired":true,"valueName":"search_term_string"}}],"inLanguage":"sv-SE"},{"@type":"Organization","@id":"https:\/\/truusk.store\/sv\/#organization","name":"TRUUSK - Hem, Tr\u00e4dg\u00e5rd & Fritid","url":"https:\/\/truusk.store\/sv\/","logo":{"@type":"ImageObject","inLanguage":"sv-SE","@id":"https:\/\/truusk.store\/sv\/#\/schema\/logo\/image\/","url":"https:\/\/i0.wp.com\/truusk.store\/wp-content\/uploads\/2026\/03\/cropped-TRUUSK.png?fit=2032%2C917&ssl=1","contentUrl":"https:\/\/i0.wp.com\/truusk.store\/wp-content\/uploads\/2026\/03\/cropped-TRUUSK.png?fit=2032%2C917&ssl=1","width":2032,"height":917,"caption":"TRUUSK - Hem, Tr\u00e4dg\u00e5rd & Fritid"},"image":{"@id":"https:\/\/truusk.store\/sv\/#\/schema\/logo\/image\/"}}]}},"jetpack_sharing_enabled":true,"_links":{"self":[{"href":"https:\/\/truusk.store\/sv\/wp-json\/wp\/v2\/product\/12444","targetHints":{"allow":["GET"]}}],"collection":[{"href":"https:\/\/truusk.store\/sv\/wp-json\/wp\/v2\/product"}],"about":[{"href":"https:\/\/truusk.store\/sv\/wp-json\/wp\/v2\/types\/product"}],"wp:featuredmedia":[{"embeddable":true,"href":"https:\/\/truusk.store\/sv\/wp-json\/wp\/v2\/media\/12445"}],"wp:attachment":[{"href":"https:\/\/truusk.store\/sv\/wp-json\/wp\/v2\/media?parent=12444"}],"wp:term":[{"taxonomy":"product_brand","embeddable":true,"href":"https:\/\/truusk.store\/sv\/wp-json\/wp\/v2\/product_brand?post=12444"},{"taxonomy":"product_cat","embeddable":true,"href":"https:\/\/truusk.store\/sv\/wp-json\/wp\/v2\/product_cat?post=12444"},{"taxonomy":"product_tag","embeddable":true,"href":"https:\/\/truusk.store\/sv\/wp-json\/wp\/v2\/product_tag?post=12444"}],"curies":[{"name":"wp","href":"https:\/\/api.w.org\/{rel}","templated":true}]}}