{"id":12520,"date":"2024-02-13T11:11:35","date_gmt":"2024-02-13T10:11:35","guid":{"rendered":"https:\/\/truusk.store\/product\/klattertrad-katt-trad-skrapstolpe-med-sisal-pall-plysch-hangmatta-spanskiva-gra-50-x-36-x-70-cm\/"},"modified":"2026-03-12T08:57:44","modified_gmt":"2026-03-12T07:57:44","slug":"truusk-katttrad-med-skrapstolpe-sisal-hangmatta-plysch-gra-50x36x70-cm","status":"publish","type":"product","link":"https:\/\/truusk.store\/sv\/produkt\/truusk-katttrad-med-skrapstolpe-sisal-hangmatta-plysch-gra-50x36x70-cm\/","title":{"rendered":"TRUUSK Katttr\u00e4d med Skrapstolpe &#8211; Sisal &#8211; H\u00e4ngmatta &#8211; Plysch &#8211; Gr\u00e5 &#8211; 50x36x70 cm"},"content":{"rendered":"<p>Letar du efter en bra lekplats f\u00f6r din katt? S\u00f6kandet \u00e4r nu \u00f6ver med v\u00e5r skrapstolpe av h\u00f6gkvalitativ sp\u00e5nskiva och mjuk, gosig plysch. Skrapstolpen erbjuder inte bara din katt tv\u00e5 upph\u00f6jda plattformar, utan ocks\u00e5 en mysig h\u00e4ngmatta f\u00f6r ren avkoppling. Tack vare den stabila konstruktionen och de slitstarka sisalreparna f\u00f6r att repa, erbjuder du inte bara din lurviga v\u00e4n ett utrymme att springa runt p\u00e5, utan skyddar ocks\u00e5 dina m\u00f6bler fr\u00e5n repattacker.<\/p>\n<h3>Beskrivning:<\/h3>\n<ul>\n<li>Inkluderar h\u00e4ngande kattleksak<\/li>\n<li>Hela skrapstolpen \u00e4r vadderad med mjuk plysch som din katt kommer att \u00e4lska<\/li>\n<li>H\u00e4ngmattan ger en bekv\u00e4m plats f\u00f6r din katt<\/li>\n<li>3 sisalstolpar f\u00f6r att tillfredsst\u00e4lla din katts naturliga skrapa\u00f6nskningar<\/li>\n<li>Tillverkad av h\u00f6gkvalitativ P2-sp\u00e5nskiva, giftfri och s\u00e4ker<\/li>\n<li>Den eleganta gr\u00e5a p\u00e5 skrapstolpen kommer att sm\u00e4lta v\u00e4l in i din inredning<\/li>\n<li>Enkel konstruktion<\/li>\n<\/ul>\n<h3>Teknisk data:<\/h3>\n<ul>\n<li>Material: sp\u00e5nskiva, sisal, plysch<\/li>\n<li>M\u00e5tt: L50 x B36 x H70 cm<\/li>\n<li>M\u00e5tt (h\u00e4ngmatta): L37 x B32 x H10 cm<\/li>\n<li>M\u00e5tt (\u00f6vre plattform): L30 x B30 cm<\/li>\n<li>M\u00e5tt (fot): L50 x B36 x H1,2 cm<\/li>\n<li>M\u00e5tt (sisalstolpar): 5,5 x H32 cm<\/li>\n<li>Rekommenderad kattvikt 3,6 kg<\/li>\n<li>Lastkapacitet: 10 kg<\/li>\n<li>F\u00e4rg gr\u00e5<\/li>\n<\/ul>\n<h3>Leveransens omfattning:<\/h3>\n<ul>\n<li>1 x katttr\u00e4d<\/li>\n<li>1 x Monteringsanvisning<\/li>\n<\/ul>\n","protected":false},"excerpt":{"rendered":"<p>Letar du efter en bra lekplats f\u00f6r din katt? S\u00f6kandet \u00e4r nu \u00f6ver med v\u00e5r skrapstolpe av h\u00f6gkvalitativ sp\u00e5nskiva och&#8230;<\/p>\n","protected":false},"featured_media":12521,"template":"","meta":[],"product_brand":[],"product_cat":[573,588,589],"product_tag":[],"class_list":{"0":"post-12520","1":"product","2":"type-product","3":"status-publish","4":"has-post-thumbnail","6":"product_cat-husdjursmaterial","7":"product_cat-katttillbehor","8":"product_cat-skrapande-inlagg","10":"first","11":"instock","12":"sale","13":"taxable","14":"shipping-taxable","15":"purchasable","16":"product-type-simple"},"yoast_head":"<!-- This site is optimized with the Yoast SEO plugin v25.4 - https:\/\/yoast.com\/wordpress\/plugins\/seo\/ -->\n<title>TRUUSK Katttr\u00e4d med Skrapstolpe - Sisal - H\u00e4ngmatta - Plysch - Gr\u00e5 - 50x36x70 cm - TRUUSK - Hem, Tr\u00e4dg\u00e5rd &amp; Fritid<\/title>\n<meta name=\"robots\" content=\"index, follow, max-snippet:-1, max-image-preview:large, max-video-preview:-1\" \/>\n<link rel=\"canonical\" href=\"https:\/\/truusk.store\/sv\/produkt\/truusk-katttrad-med-skrapstolpe-sisal-hangmatta-plysch-gra-50x36x70-cm\/\" \/>\n<meta property=\"og:locale\" content=\"sv_SE\" \/>\n<meta property=\"og:type\" content=\"article\" \/>\n<meta property=\"og:title\" content=\"TRUUSK Katttr\u00e4d med Skrapstolpe - Sisal - H\u00e4ngmatta - Plysch - Gr\u00e5 - 50x36x70 cm - TRUUSK - Hem, Tr\u00e4dg\u00e5rd &amp; Fritid\" \/>\n<meta property=\"og:description\" content=\"Letar du efter en bra lekplats f\u00f6r din katt? S\u00f6kandet \u00e4r nu \u00f6ver med v\u00e5r skrapstolpe av h\u00f6gkvalitativ sp\u00e5nskiva och...\" \/>\n<meta property=\"og:url\" content=\"https:\/\/truusk.store\/sv\/produkt\/truusk-katttrad-med-skrapstolpe-sisal-hangmatta-plysch-gra-50x36x70-cm\/\" \/>\n<meta property=\"og:site_name\" content=\"TRUUSK - Hem, Tr\u00e4dg\u00e5rd &amp; Fritid\" \/>\n<meta property=\"article:modified_time\" content=\"2026-03-12T07:57:44+00:00\" \/>\n<meta property=\"og:image\" content=\"https:\/\/i0.wp.com\/truusk.se\/wp-content\/uploads\/2024\/02\/klattertrad-katt-trad-skrapstolpe-med-sisal-pall-plysch-hangmatta-spanskiva-gra-50-x-36-x-70-cm.webp?fit=800%2C800&ssl=1\" \/>\n\t<meta property=\"og:image:width\" content=\"800\" \/>\n\t<meta property=\"og:image:height\" content=\"800\" \/>\n\t<meta property=\"og:image:type\" content=\"image\/webp\" \/>\n<meta name=\"twitter:card\" content=\"summary_large_image\" \/>\n<meta name=\"twitter:label1\" content=\"Ber\u00e4knad l\u00e4stid\" \/>\n\t<meta name=\"twitter:data1\" content=\"1 minut\" \/>\n<!-- \/ Yoast SEO plugin. -->","yoast_head_json":{"title":"TRUUSK Katttr\u00e4d med Skrapstolpe - Sisal - H\u00e4ngmatta - Plysch - Gr\u00e5 - 50x36x70 cm - TRUUSK - Hem, Tr\u00e4dg\u00e5rd &amp; Fritid","robots":{"index":"index","follow":"follow","max-snippet":"max-snippet:-1","max-image-preview":"max-image-preview:large","max-video-preview":"max-video-preview:-1"},"canonical":"https:\/\/truusk.store\/sv\/produkt\/truusk-katttrad-med-skrapstolpe-sisal-hangmatta-plysch-gra-50x36x70-cm\/","og_locale":"sv_SE","og_type":"article","og_title":"TRUUSK Katttr\u00e4d med Skrapstolpe - Sisal - H\u00e4ngmatta - Plysch - Gr\u00e5 - 50x36x70 cm - TRUUSK - Hem, Tr\u00e4dg\u00e5rd &amp; Fritid","og_description":"Letar du efter en bra lekplats f\u00f6r din katt? S\u00f6kandet \u00e4r nu \u00f6ver med v\u00e5r skrapstolpe av h\u00f6gkvalitativ sp\u00e5nskiva och...","og_url":"https:\/\/truusk.store\/sv\/produkt\/truusk-katttrad-med-skrapstolpe-sisal-hangmatta-plysch-gra-50x36x70-cm\/","og_site_name":"TRUUSK - Hem, Tr\u00e4dg\u00e5rd &amp; Fritid","article_modified_time":"2026-03-12T07:57:44+00:00","og_image":[{"width":800,"height":800,"url":"https:\/\/i0.wp.com\/truusk.se\/wp-content\/uploads\/2024\/02\/klattertrad-katt-trad-skrapstolpe-med-sisal-pall-plysch-hangmatta-spanskiva-gra-50-x-36-x-70-cm.webp?fit=800%2C800&ssl=1","type":"image\/webp"}],"twitter_card":"summary_large_image","twitter_misc":{"Ber\u00e4knad l\u00e4stid":"1 minut"},"schema":{"@context":"https:\/\/schema.org","@graph":[{"@type":"WebPage","@id":"https:\/\/truusk.store\/sv\/produkt\/truusk-katttrad-med-skrapstolpe-sisal-hangmatta-plysch-gra-50x36x70-cm\/","url":"https:\/\/truusk.store\/sv\/produkt\/truusk-katttrad-med-skrapstolpe-sisal-hangmatta-plysch-gra-50x36x70-cm\/","name":"TRUUSK Katttr\u00e4d med Skrapstolpe - Sisal - H\u00e4ngmatta - Plysch - Gr\u00e5 - 50x36x70 cm - TRUUSK - Hem, Tr\u00e4dg\u00e5rd &amp; Fritid","isPartOf":{"@id":"https:\/\/truusk.store\/sv\/#website"},"primaryImageOfPage":{"@id":"https:\/\/truusk.store\/sv\/produkt\/truusk-katttrad-med-skrapstolpe-sisal-hangmatta-plysch-gra-50x36x70-cm\/#primaryimage"},"image":{"@id":"https:\/\/truusk.store\/sv\/produkt\/truusk-katttrad-med-skrapstolpe-sisal-hangmatta-plysch-gra-50x36x70-cm\/#primaryimage"},"thumbnailUrl":"https:\/\/i0.wp.com\/truusk.store\/wp-content\/uploads\/2024\/02\/klattertrad-katt-trad-skrapstolpe-med-sisal-pall-plysch-hangmatta-spanskiva-gra-50-x-36-x-70-cm.webp?fit=800%2C800&ssl=1","datePublished":"2024-02-13T10:11:35+00:00","dateModified":"2026-03-12T07:57:44+00:00","breadcrumb":{"@id":"https:\/\/truusk.store\/sv\/produkt\/truusk-katttrad-med-skrapstolpe-sisal-hangmatta-plysch-gra-50x36x70-cm\/#breadcrumb"},"inLanguage":"sv-SE","potentialAction":[{"@type":"ReadAction","target":["https:\/\/truusk.store\/sv\/produkt\/truusk-katttrad-med-skrapstolpe-sisal-hangmatta-plysch-gra-50x36x70-cm\/"]}]},{"@type":"ImageObject","inLanguage":"sv-SE","@id":"https:\/\/truusk.store\/sv\/produkt\/truusk-katttrad-med-skrapstolpe-sisal-hangmatta-plysch-gra-50x36x70-cm\/#primaryimage","url":"https:\/\/i0.wp.com\/truusk.store\/wp-content\/uploads\/2024\/02\/klattertrad-katt-trad-skrapstolpe-med-sisal-pall-plysch-hangmatta-spanskiva-gra-50-x-36-x-70-cm.webp?fit=800%2C800&ssl=1","contentUrl":"https:\/\/i0.wp.com\/truusk.store\/wp-content\/uploads\/2024\/02\/klattertrad-katt-trad-skrapstolpe-med-sisal-pall-plysch-hangmatta-spanskiva-gra-50-x-36-x-70-cm.webp?fit=800%2C800&ssl=1","width":800,"height":800,"caption":"Kl\u00e4ttertr\u00e4d Katt Tr\u00e4d Skrapstolpe Med Sisal Pall Plysch H\u00e4ngmatta Sp\u00e5nskiva Gr\u00e5 50 X 36 X 70 Cm 1"},{"@type":"BreadcrumbList","@id":"https:\/\/truusk.store\/sv\/produkt\/truusk-katttrad-med-skrapstolpe-sisal-hangmatta-plysch-gra-50x36x70-cm\/#breadcrumb","itemListElement":[{"@type":"ListItem","position":1,"name":"Home","item":"https:\/\/truusk.store\/sv\/"},{"@type":"ListItem","position":2,"name":"Shop","item":"https:\/\/truusk.store\/shop\/"},{"@type":"ListItem","position":3,"name":"TRUUSK Katttr\u00e4d med Skrapstolpe &#8211; Sisal &#8211; H\u00e4ngmatta &#8211; Plysch &#8211; Gr\u00e5 &#8211; 50x36x70 cm"}]},{"@type":"WebSite","@id":"https:\/\/truusk.store\/sv\/#website","url":"https:\/\/truusk.store\/sv\/","name":"TRUUSK - Hem, Tr\u00e4dg\u00e5rd & Fritid","description":"","publisher":{"@id":"https:\/\/truusk.store\/sv\/#organization"},"potentialAction":[{"@type":"SearchAction","target":{"@type":"EntryPoint","urlTemplate":"https:\/\/truusk.store\/sv\/?s={search_term_string}"},"query-input":{"@type":"PropertyValueSpecification","valueRequired":true,"valueName":"search_term_string"}}],"inLanguage":"sv-SE"},{"@type":"Organization","@id":"https:\/\/truusk.store\/sv\/#organization","name":"TRUUSK - Hem, Tr\u00e4dg\u00e5rd & Fritid","url":"https:\/\/truusk.store\/sv\/","logo":{"@type":"ImageObject","inLanguage":"sv-SE","@id":"https:\/\/truusk.store\/sv\/#\/schema\/logo\/image\/","url":"https:\/\/i0.wp.com\/truusk.store\/wp-content\/uploads\/2026\/03\/cropped-TRUUSK.png?fit=2032%2C917&ssl=1","contentUrl":"https:\/\/i0.wp.com\/truusk.store\/wp-content\/uploads\/2026\/03\/cropped-TRUUSK.png?fit=2032%2C917&ssl=1","width":2032,"height":917,"caption":"TRUUSK - Hem, Tr\u00e4dg\u00e5rd & Fritid"},"image":{"@id":"https:\/\/truusk.store\/sv\/#\/schema\/logo\/image\/"}}]}},"jetpack_sharing_enabled":true,"_links":{"self":[{"href":"https:\/\/truusk.store\/sv\/wp-json\/wp\/v2\/product\/12520","targetHints":{"allow":["GET"]}}],"collection":[{"href":"https:\/\/truusk.store\/sv\/wp-json\/wp\/v2\/product"}],"about":[{"href":"https:\/\/truusk.store\/sv\/wp-json\/wp\/v2\/types\/product"}],"wp:featuredmedia":[{"embeddable":true,"href":"https:\/\/truusk.store\/sv\/wp-json\/wp\/v2\/media\/12521"}],"wp:attachment":[{"href":"https:\/\/truusk.store\/sv\/wp-json\/wp\/v2\/media?parent=12520"}],"wp:term":[{"taxonomy":"product_brand","embeddable":true,"href":"https:\/\/truusk.store\/sv\/wp-json\/wp\/v2\/product_brand?post=12520"},{"taxonomy":"product_cat","embeddable":true,"href":"https:\/\/truusk.store\/sv\/wp-json\/wp\/v2\/product_cat?post=12520"},{"taxonomy":"product_tag","embeddable":true,"href":"https:\/\/truusk.store\/sv\/wp-json\/wp\/v2\/product_tag?post=12520"}],"curies":[{"name":"wp","href":"https:\/\/api.w.org\/{rel}","templated":true}]}}