{"id":12575,"date":"2024-02-13T11:13:11","date_gmt":"2024-02-13T10:13:11","guid":{"rendered":"https:\/\/truusk.store\/product\/barns-gunghast-baby-gungdjurshast-med-djurljud-leksakshandtag-for-36-72-manader-plyschrosa-65-x-325-x-61-cm\/"},"modified":"2026-03-12T08:57:44","modified_gmt":"2026-03-12T07:57:44","slug":"truusk-babyleksak-gunghast-med-djurljud-plyschrosa-for-36-72-manader-matt-65-x-325-x-61-cm","status":"publish","type":"product","link":"https:\/\/truusk.store\/sv\/produkt\/truusk-babyleksak-gunghast-med-djurljud-plyschrosa-for-36-72-manader-matt-65-x-325-x-61-cm\/","title":{"rendered":"TRUUSK Babyleksak Gungh\u00e4st med Djurljud &#8211; Plyschrosa &#8211; F\u00f6r 36-72 m\u00e5nader &#8211; M\u00e5tt: 65 x 32,5 x 61 cm"},"content":{"rendered":"<p>Rid en s\u00f6t h\u00e4st till stj\u00e4rnorna! V\u00e5r traditionella plysch gungleksak kommer att f\u00f6rvandla ditt hem till ett magiskt underland d\u00e4r allt \u00e4r m\u00f6jligt! Nyp i \u00f6ronen f\u00f6r att h\u00f6ra realistiska ljud och musik och se munnen och svansen r\u00f6ra sig. Den mjuka plyschkroppen med bekv\u00e4m sadel \u00e4r perfekt f\u00f6r ett magiskt \u00e4ventyr. Tveka inte att k\u00f6pa den!<\/p>\n<h3>Beskrivning:<\/h3>\n<ul>\n<li>Gungramen av slitstarkt poppeltr\u00e4 och armerat st\u00e5l \u00e4r stabil och l\u00e4tt<\/li>\n<li>Den s\u00f6ta h\u00e4stdesigns\u00e4ten \u00e4r attraktiv f\u00f6r ditt barn, den mjuka ytan \u00e4r mjuk<\/li>\n<li>Bred sits med sadel och greppv\u00e4nligt fr\u00e4mre styre f\u00f6r ditt barns s\u00e4kerhet<\/li>\n<li>Uppdaterade funktioner som munr\u00f6relser, svansviftande, musik och elektroniska gn\u00e4ll- och galoppljud n\u00e4r \u00f6ronen trycks ned<\/li>\n<li>Fotst\u00f6d ing\u00e5r f\u00f6r extra komfort<\/li>\n<li>2 x AA-batterier kr\u00e4vs (ing\u00e5r)<\/li>\n<li>L\u00e4mplig f\u00f6r barn: 36-72 m\u00e5nader<\/li>\n<\/ul>\n<h3>Teknisk data:<\/h3>\n<ul>\n<li>F\u00e4rg: Rosa<\/li>\n<li>Stil: H\u00e4st<\/li>\n<li>Material: plysch, tr\u00e4, st\u00e5l<\/li>\n<li>\u00d6vergripande m\u00e5tt: 65L x 32,5W x 61H cm<\/li>\n<li>Sitth\u00f6jd: 40 cm<\/li>\n<li>Nettovikt: 2kg<\/li>\n<li>Lastkapacitet: 45 kg<\/li>\n<\/ul>\n<h3>Leveransens omfattning:<\/h3>\n<ul>\n<li>1 x gungdjur<\/li>\n<li>1 x manuell<\/li>\n<\/ul>\n","protected":false},"excerpt":{"rendered":"<p>Rid en s\u00f6t h\u00e4st till stj\u00e4rnorna! V\u00e5r traditionella plysch gungleksak kommer att f\u00f6rvandla ditt hem till ett magiskt underland d\u00e4r&#8230;<\/p>\n","protected":false},"featured_media":12576,"template":"","meta":[],"product_brand":[],"product_cat":[609,625,624],"product_tag":[],"class_list":{"0":"post-12575","1":"product","2":"type-product","3":"status-publish","4":"has-post-thumbnail","6":"product_cat-baby-barn","7":"product_cat-gungande-djur","8":"product_cat-leksak","10":"first","11":"instock","12":"sale","13":"taxable","14":"shipping-taxable","15":"purchasable","16":"product-type-simple"},"yoast_head":"<!-- This site is optimized with the Yoast SEO plugin v25.4 - https:\/\/yoast.com\/wordpress\/plugins\/seo\/ -->\n<title>TRUUSK Babyleksak Gungh\u00e4st med Djurljud - Plyschrosa - F\u00f6r 36-72 m\u00e5nader - M\u00e5tt: 65 x 32,5 x 61 cm - TRUUSK - Hem, Tr\u00e4dg\u00e5rd &amp; Fritid<\/title>\n<meta name=\"robots\" content=\"index, follow, max-snippet:-1, max-image-preview:large, max-video-preview:-1\" \/>\n<link rel=\"canonical\" href=\"https:\/\/truusk.store\/sv\/produkt\/truusk-babyleksak-gunghast-med-djurljud-plyschrosa-for-36-72-manader-matt-65-x-325-x-61-cm\/\" \/>\n<meta property=\"og:locale\" content=\"sv_SE\" \/>\n<meta property=\"og:type\" content=\"article\" \/>\n<meta property=\"og:title\" content=\"TRUUSK Babyleksak Gungh\u00e4st med Djurljud - Plyschrosa - F\u00f6r 36-72 m\u00e5nader - M\u00e5tt: 65 x 32,5 x 61 cm - TRUUSK - Hem, Tr\u00e4dg\u00e5rd &amp; Fritid\" \/>\n<meta property=\"og:description\" content=\"Rid en s\u00f6t h\u00e4st till stj\u00e4rnorna! V\u00e5r traditionella plysch gungleksak kommer att f\u00f6rvandla ditt hem till ett magiskt underland d\u00e4r...\" \/>\n<meta property=\"og:url\" content=\"https:\/\/truusk.store\/sv\/produkt\/truusk-babyleksak-gunghast-med-djurljud-plyschrosa-for-36-72-manader-matt-65-x-325-x-61-cm\/\" \/>\n<meta property=\"og:site_name\" content=\"TRUUSK - Hem, Tr\u00e4dg\u00e5rd &amp; Fritid\" \/>\n<meta property=\"article:modified_time\" content=\"2026-03-12T07:57:44+00:00\" \/>\n<meta property=\"og:image\" content=\"https:\/\/i0.wp.com\/truusk.se\/wp-content\/uploads\/2024\/02\/barns-gunghast-baby-gungdjurshast-med-djurljud-leksakshandtag-for-36-72-manader-plyschrosa-65-x-325-x-61-cm.webp?fit=800%2C800&ssl=1\" \/>\n\t<meta property=\"og:image:width\" content=\"800\" \/>\n\t<meta property=\"og:image:height\" content=\"800\" \/>\n\t<meta property=\"og:image:type\" content=\"image\/webp\" \/>\n<meta name=\"twitter:card\" content=\"summary_large_image\" \/>\n<meta name=\"twitter:label1\" content=\"Ber\u00e4knad l\u00e4stid\" \/>\n\t<meta name=\"twitter:data1\" content=\"1 minut\" \/>\n<!-- \/ Yoast SEO plugin. -->","yoast_head_json":{"title":"TRUUSK Babyleksak Gungh\u00e4st med Djurljud - Plyschrosa - F\u00f6r 36-72 m\u00e5nader - M\u00e5tt: 65 x 32,5 x 61 cm - TRUUSK - Hem, Tr\u00e4dg\u00e5rd &amp; Fritid","robots":{"index":"index","follow":"follow","max-snippet":"max-snippet:-1","max-image-preview":"max-image-preview:large","max-video-preview":"max-video-preview:-1"},"canonical":"https:\/\/truusk.store\/sv\/produkt\/truusk-babyleksak-gunghast-med-djurljud-plyschrosa-for-36-72-manader-matt-65-x-325-x-61-cm\/","og_locale":"sv_SE","og_type":"article","og_title":"TRUUSK Babyleksak Gungh\u00e4st med Djurljud - Plyschrosa - F\u00f6r 36-72 m\u00e5nader - M\u00e5tt: 65 x 32,5 x 61 cm - TRUUSK - Hem, Tr\u00e4dg\u00e5rd &amp; Fritid","og_description":"Rid en s\u00f6t h\u00e4st till stj\u00e4rnorna! V\u00e5r traditionella plysch gungleksak kommer att f\u00f6rvandla ditt hem till ett magiskt underland d\u00e4r...","og_url":"https:\/\/truusk.store\/sv\/produkt\/truusk-babyleksak-gunghast-med-djurljud-plyschrosa-for-36-72-manader-matt-65-x-325-x-61-cm\/","og_site_name":"TRUUSK - Hem, Tr\u00e4dg\u00e5rd &amp; Fritid","article_modified_time":"2026-03-12T07:57:44+00:00","og_image":[{"width":800,"height":800,"url":"https:\/\/i0.wp.com\/truusk.se\/wp-content\/uploads\/2024\/02\/barns-gunghast-baby-gungdjurshast-med-djurljud-leksakshandtag-for-36-72-manader-plyschrosa-65-x-325-x-61-cm.webp?fit=800%2C800&ssl=1","type":"image\/webp"}],"twitter_card":"summary_large_image","twitter_misc":{"Ber\u00e4knad l\u00e4stid":"1 minut"},"schema":{"@context":"https:\/\/schema.org","@graph":[{"@type":"WebPage","@id":"https:\/\/truusk.store\/sv\/produkt\/truusk-babyleksak-gunghast-med-djurljud-plyschrosa-for-36-72-manader-matt-65-x-325-x-61-cm\/","url":"https:\/\/truusk.store\/sv\/produkt\/truusk-babyleksak-gunghast-med-djurljud-plyschrosa-for-36-72-manader-matt-65-x-325-x-61-cm\/","name":"TRUUSK Babyleksak Gungh\u00e4st med Djurljud - Plyschrosa - F\u00f6r 36-72 m\u00e5nader - M\u00e5tt: 65 x 32,5 x 61 cm - TRUUSK - Hem, Tr\u00e4dg\u00e5rd &amp; Fritid","isPartOf":{"@id":"https:\/\/truusk.store\/sv\/#website"},"primaryImageOfPage":{"@id":"https:\/\/truusk.store\/sv\/produkt\/truusk-babyleksak-gunghast-med-djurljud-plyschrosa-for-36-72-manader-matt-65-x-325-x-61-cm\/#primaryimage"},"image":{"@id":"https:\/\/truusk.store\/sv\/produkt\/truusk-babyleksak-gunghast-med-djurljud-plyschrosa-for-36-72-manader-matt-65-x-325-x-61-cm\/#primaryimage"},"thumbnailUrl":"https:\/\/i0.wp.com\/truusk.store\/wp-content\/uploads\/2024\/02\/barns-gunghast-baby-gungdjurshast-med-djurljud-leksakshandtag-for-36-72-manader-plyschrosa-65-x-325-x-61-cm.webp?fit=800%2C800&ssl=1","datePublished":"2024-02-13T10:13:11+00:00","dateModified":"2026-03-12T07:57:44+00:00","breadcrumb":{"@id":"https:\/\/truusk.store\/sv\/produkt\/truusk-babyleksak-gunghast-med-djurljud-plyschrosa-for-36-72-manader-matt-65-x-325-x-61-cm\/#breadcrumb"},"inLanguage":"sv-SE","potentialAction":[{"@type":"ReadAction","target":["https:\/\/truusk.store\/sv\/produkt\/truusk-babyleksak-gunghast-med-djurljud-plyschrosa-for-36-72-manader-matt-65-x-325-x-61-cm\/"]}]},{"@type":"ImageObject","inLanguage":"sv-SE","@id":"https:\/\/truusk.store\/sv\/produkt\/truusk-babyleksak-gunghast-med-djurljud-plyschrosa-for-36-72-manader-matt-65-x-325-x-61-cm\/#primaryimage","url":"https:\/\/i0.wp.com\/truusk.store\/wp-content\/uploads\/2024\/02\/barns-gunghast-baby-gungdjurshast-med-djurljud-leksakshandtag-for-36-72-manader-plyschrosa-65-x-325-x-61-cm.webp?fit=800%2C800&ssl=1","contentUrl":"https:\/\/i0.wp.com\/truusk.store\/wp-content\/uploads\/2024\/02\/barns-gunghast-baby-gungdjurshast-med-djurljud-leksakshandtag-for-36-72-manader-plyschrosa-65-x-325-x-61-cm.webp?fit=800%2C800&ssl=1","width":800,"height":800,"caption":"Barns Gungh\u00e4st Baby Gungdjursh\u00e4st Med Djurljud Leksakshandtag F\u00f6r 36-72 M\u00e5nader Plyschrosa 65 X 32,5 X 61 Cm 1"},{"@type":"BreadcrumbList","@id":"https:\/\/truusk.store\/sv\/produkt\/truusk-babyleksak-gunghast-med-djurljud-plyschrosa-for-36-72-manader-matt-65-x-325-x-61-cm\/#breadcrumb","itemListElement":[{"@type":"ListItem","position":1,"name":"Home","item":"https:\/\/truusk.store\/sv\/"},{"@type":"ListItem","position":2,"name":"Shop","item":"https:\/\/truusk.store\/shop\/"},{"@type":"ListItem","position":3,"name":"TRUUSK Babyleksak Gungh\u00e4st med Djurljud &#8211; Plyschrosa &#8211; F\u00f6r 36-72 m\u00e5nader &#8211; M\u00e5tt: 65 x 32,5 x 61 cm"}]},{"@type":"WebSite","@id":"https:\/\/truusk.store\/sv\/#website","url":"https:\/\/truusk.store\/sv\/","name":"TRUUSK - Hem, Tr\u00e4dg\u00e5rd & Fritid","description":"","publisher":{"@id":"https:\/\/truusk.store\/sv\/#organization"},"potentialAction":[{"@type":"SearchAction","target":{"@type":"EntryPoint","urlTemplate":"https:\/\/truusk.store\/sv\/?s={search_term_string}"},"query-input":{"@type":"PropertyValueSpecification","valueRequired":true,"valueName":"search_term_string"}}],"inLanguage":"sv-SE"},{"@type":"Organization","@id":"https:\/\/truusk.store\/sv\/#organization","name":"TRUUSK - Hem, Tr\u00e4dg\u00e5rd & Fritid","url":"https:\/\/truusk.store\/sv\/","logo":{"@type":"ImageObject","inLanguage":"sv-SE","@id":"https:\/\/truusk.store\/sv\/#\/schema\/logo\/image\/","url":"https:\/\/i0.wp.com\/truusk.store\/wp-content\/uploads\/2026\/03\/cropped-TRUUSK.png?fit=2032%2C917&ssl=1","contentUrl":"https:\/\/i0.wp.com\/truusk.store\/wp-content\/uploads\/2026\/03\/cropped-TRUUSK.png?fit=2032%2C917&ssl=1","width":2032,"height":917,"caption":"TRUUSK - Hem, Tr\u00e4dg\u00e5rd & Fritid"},"image":{"@id":"https:\/\/truusk.store\/sv\/#\/schema\/logo\/image\/"}}]}},"jetpack_sharing_enabled":true,"_links":{"self":[{"href":"https:\/\/truusk.store\/sv\/wp-json\/wp\/v2\/product\/12575","targetHints":{"allow":["GET"]}}],"collection":[{"href":"https:\/\/truusk.store\/sv\/wp-json\/wp\/v2\/product"}],"about":[{"href":"https:\/\/truusk.store\/sv\/wp-json\/wp\/v2\/types\/product"}],"wp:featuredmedia":[{"embeddable":true,"href":"https:\/\/truusk.store\/sv\/wp-json\/wp\/v2\/media\/12576"}],"wp:attachment":[{"href":"https:\/\/truusk.store\/sv\/wp-json\/wp\/v2\/media?parent=12575"}],"wp:term":[{"taxonomy":"product_brand","embeddable":true,"href":"https:\/\/truusk.store\/sv\/wp-json\/wp\/v2\/product_brand?post=12575"},{"taxonomy":"product_cat","embeddable":true,"href":"https:\/\/truusk.store\/sv\/wp-json\/wp\/v2\/product_cat?post=12575"},{"taxonomy":"product_tag","embeddable":true,"href":"https:\/\/truusk.store\/sv\/wp-json\/wp\/v2\/product_tag?post=12575"}],"curies":[{"name":"wp","href":"https:\/\/api.w.org\/{rel}","templated":true}]}}