{"id":12680,"date":"2024-02-13T11:15:54","date_gmt":"2024-02-13T10:15:54","guid":{"rendered":"https:\/\/truusk.store\/product\/3-delat-barbordsset-hogt-bordsset-3-delar-2-stolar-1-bord-90-cm-x-47-cm-x-76-cm-brun-svart\/"},"modified":"2026-03-12T08:57:46","modified_gmt":"2026-03-12T07:57:46","slug":"truusk-3-delat-barbordsset-2-stolar-1-bord-90x47x76-cm-brun-svart","status":"publish","type":"product","link":"https:\/\/truusk.store\/sv\/produkt\/truusk-3-delat-barbordsset-2-stolar-1-bord-90x47x76-cm-brun-svart\/","title":{"rendered":"TRUUSK 3-delat Barbordsset &#8211; 2 Stolar &#8211; 1 Bord &#8211; 90x47x76 cm &#8211; Brun + Svart"},"content":{"rendered":"<p>Med denna barbordsset kan du luta dig tillbaka och s\u00e4tta din mat och dryck i r\u00e4tt ljus. Den galvaniserade st\u00e5lramen med svart finish \u00e4r robust och h\u00e5llbar, idealisk f\u00f6r dagligt bruk i k\u00f6ket, uterummet och hemmet. De r\u00f6dbruna MDF-panelerna har ett skyddande lager som skyddar dem fr\u00e5n vatten och repor &#8211; perfekt f\u00f6r ett hektiskt liv. Funktionellt och alltid stilrent &#8211; detta \u00e4r det perfekta bordet f\u00f6r din matsal.<\/p>\n<h3>Beskrivning:<\/h3>\n<ul>\n<li>Tredelad set best\u00e5ende av tv\u00e5 stolar och ett rektangul\u00e4rt bord<\/li>\n<li>Den galvaniserade st\u00e5lramen ger p\u00e5litlig styrka f\u00f6r dagligt bruk i k\u00f6ket och hemma<\/li>\n<li>R\u00f6dbruna MDF-skivor med en skyddande bel\u00e4ggning mot l\u00e4tt smuts och repor<\/li>\n<li>Kompakt design, stolarna passar under bordet f\u00f6r att spara utrymme<\/li>\n<li>Kan reng\u00f6ras med en fuktig trasa f\u00f6r enklare sk\u00f6tsel<\/li>\n<li>Trendig industridesign, minimalistisk och stilren<\/li>\n<li>Montering kr\u00e4vs<\/li>\n<\/ul>\n<h3>Teknisk data:<\/h3>\n<ul>\n<li>F\u00e4rg: Naturligt tr\u00e4+svart<\/li>\n<li>Material: MDF, st\u00e5l<\/li>\n<li>Barbordsstorlek: 90L x 47L x 76H cm<\/li>\n<li>Barstolsstorlek: 40L x 40W x 73H cm<\/li>\n<li>Sitsstorlek: 40W x 38D cm<\/li>\n<li>Lastkapacitet: 120 kg (stol), 60 kg (bord)<\/li>\n<\/ul>\n<h3>Leveransens omfattning:<\/h3>\n<ul>\n<li>1 x matbord<\/li>\n<li>2 x matstolar<\/li>\n<li>1 x manuell<\/li>\n<\/ul>\n","protected":false},"excerpt":{"rendered":"<p>Med denna barbordsset kan du luta dig tillbaka och s\u00e4tta din mat och dryck i r\u00e4tt ljus. Den galvaniserade st\u00e5lramen&#8230;<\/p>\n","protected":false},"featured_media":12681,"template":"","meta":[],"product_brand":[],"product_cat":[485,512,501],"product_tag":[],"class_list":{"0":"post-12680","1":"product","2":"type-product","3":"status-publish","4":"has-post-thumbnail","6":"product_cat-hus-bo","7":"product_cat-matgrupper","8":"product_cat-tabeller","10":"first","11":"instock","12":"sale","13":"taxable","14":"shipping-taxable","15":"purchasable","16":"product-type-simple"},"yoast_head":"<!-- This site is optimized with the Yoast SEO plugin v25.4 - https:\/\/yoast.com\/wordpress\/plugins\/seo\/ -->\n<title>TRUUSK 3-delat Barbordsset - 2 Stolar - 1 Bord - 90x47x76 cm - Brun + Svart - TRUUSK - Hem, Tr\u00e4dg\u00e5rd &amp; Fritid<\/title>\n<meta name=\"robots\" content=\"index, follow, max-snippet:-1, max-image-preview:large, max-video-preview:-1\" \/>\n<link rel=\"canonical\" href=\"https:\/\/truusk.store\/sv\/produkt\/truusk-3-delat-barbordsset-2-stolar-1-bord-90x47x76-cm-brun-svart\/\" \/>\n<meta property=\"og:locale\" content=\"sv_SE\" \/>\n<meta property=\"og:type\" content=\"article\" \/>\n<meta property=\"og:title\" content=\"TRUUSK 3-delat Barbordsset - 2 Stolar - 1 Bord - 90x47x76 cm - Brun + Svart - TRUUSK - Hem, Tr\u00e4dg\u00e5rd &amp; Fritid\" \/>\n<meta property=\"og:description\" content=\"Med denna barbordsset kan du luta dig tillbaka och s\u00e4tta din mat och dryck i r\u00e4tt ljus. Den galvaniserade st\u00e5lramen...\" \/>\n<meta property=\"og:url\" content=\"https:\/\/truusk.store\/sv\/produkt\/truusk-3-delat-barbordsset-2-stolar-1-bord-90x47x76-cm-brun-svart\/\" \/>\n<meta property=\"og:site_name\" content=\"TRUUSK - Hem, Tr\u00e4dg\u00e5rd &amp; Fritid\" \/>\n<meta property=\"article:modified_time\" content=\"2026-03-12T07:57:46+00:00\" \/>\n<meta property=\"og:image\" content=\"https:\/\/i0.wp.com\/truusk.se\/wp-content\/uploads\/2024\/02\/3-delat-barbordsset-hogt-bordsset-3-delar-2-stolar-1-bord-90-cm-x-47-cm-x-76-cm-brun-svart.webp?fit=800%2C800&ssl=1\" \/>\n\t<meta property=\"og:image:width\" content=\"800\" \/>\n\t<meta property=\"og:image:height\" content=\"800\" \/>\n\t<meta property=\"og:image:type\" content=\"image\/webp\" \/>\n<meta name=\"twitter:card\" content=\"summary_large_image\" \/>\n<meta name=\"twitter:label1\" content=\"Ber\u00e4knad l\u00e4stid\" \/>\n\t<meta name=\"twitter:data1\" content=\"1 minut\" \/>\n<!-- \/ Yoast SEO plugin. -->","yoast_head_json":{"title":"TRUUSK 3-delat Barbordsset - 2 Stolar - 1 Bord - 90x47x76 cm - Brun + Svart - TRUUSK - Hem, Tr\u00e4dg\u00e5rd &amp; Fritid","robots":{"index":"index","follow":"follow","max-snippet":"max-snippet:-1","max-image-preview":"max-image-preview:large","max-video-preview":"max-video-preview:-1"},"canonical":"https:\/\/truusk.store\/sv\/produkt\/truusk-3-delat-barbordsset-2-stolar-1-bord-90x47x76-cm-brun-svart\/","og_locale":"sv_SE","og_type":"article","og_title":"TRUUSK 3-delat Barbordsset - 2 Stolar - 1 Bord - 90x47x76 cm - Brun + Svart - TRUUSK - Hem, Tr\u00e4dg\u00e5rd &amp; Fritid","og_description":"Med denna barbordsset kan du luta dig tillbaka och s\u00e4tta din mat och dryck i r\u00e4tt ljus. Den galvaniserade st\u00e5lramen...","og_url":"https:\/\/truusk.store\/sv\/produkt\/truusk-3-delat-barbordsset-2-stolar-1-bord-90x47x76-cm-brun-svart\/","og_site_name":"TRUUSK - Hem, Tr\u00e4dg\u00e5rd &amp; Fritid","article_modified_time":"2026-03-12T07:57:46+00:00","og_image":[{"width":800,"height":800,"url":"https:\/\/i0.wp.com\/truusk.se\/wp-content\/uploads\/2024\/02\/3-delat-barbordsset-hogt-bordsset-3-delar-2-stolar-1-bord-90-cm-x-47-cm-x-76-cm-brun-svart.webp?fit=800%2C800&ssl=1","type":"image\/webp"}],"twitter_card":"summary_large_image","twitter_misc":{"Ber\u00e4knad l\u00e4stid":"1 minut"},"schema":{"@context":"https:\/\/schema.org","@graph":[{"@type":"WebPage","@id":"https:\/\/truusk.store\/sv\/produkt\/truusk-3-delat-barbordsset-2-stolar-1-bord-90x47x76-cm-brun-svart\/","url":"https:\/\/truusk.store\/sv\/produkt\/truusk-3-delat-barbordsset-2-stolar-1-bord-90x47x76-cm-brun-svart\/","name":"TRUUSK 3-delat Barbordsset - 2 Stolar - 1 Bord - 90x47x76 cm - Brun + Svart - TRUUSK - Hem, Tr\u00e4dg\u00e5rd &amp; Fritid","isPartOf":{"@id":"https:\/\/truusk.store\/sv\/#website"},"primaryImageOfPage":{"@id":"https:\/\/truusk.store\/sv\/produkt\/truusk-3-delat-barbordsset-2-stolar-1-bord-90x47x76-cm-brun-svart\/#primaryimage"},"image":{"@id":"https:\/\/truusk.store\/sv\/produkt\/truusk-3-delat-barbordsset-2-stolar-1-bord-90x47x76-cm-brun-svart\/#primaryimage"},"thumbnailUrl":"https:\/\/i0.wp.com\/truusk.store\/wp-content\/uploads\/2024\/02\/3-delat-barbordsset-hogt-bordsset-3-delar-2-stolar-1-bord-90-cm-x-47-cm-x-76-cm-brun-svart.webp?fit=800%2C800&ssl=1","datePublished":"2024-02-13T10:15:54+00:00","dateModified":"2026-03-12T07:57:46+00:00","breadcrumb":{"@id":"https:\/\/truusk.store\/sv\/produkt\/truusk-3-delat-barbordsset-2-stolar-1-bord-90x47x76-cm-brun-svart\/#breadcrumb"},"inLanguage":"sv-SE","potentialAction":[{"@type":"ReadAction","target":["https:\/\/truusk.store\/sv\/produkt\/truusk-3-delat-barbordsset-2-stolar-1-bord-90x47x76-cm-brun-svart\/"]}]},{"@type":"ImageObject","inLanguage":"sv-SE","@id":"https:\/\/truusk.store\/sv\/produkt\/truusk-3-delat-barbordsset-2-stolar-1-bord-90x47x76-cm-brun-svart\/#primaryimage","url":"https:\/\/i0.wp.com\/truusk.store\/wp-content\/uploads\/2024\/02\/3-delat-barbordsset-hogt-bordsset-3-delar-2-stolar-1-bord-90-cm-x-47-cm-x-76-cm-brun-svart.webp?fit=800%2C800&ssl=1","contentUrl":"https:\/\/i0.wp.com\/truusk.store\/wp-content\/uploads\/2024\/02\/3-delat-barbordsset-hogt-bordsset-3-delar-2-stolar-1-bord-90-cm-x-47-cm-x-76-cm-brun-svart.webp?fit=800%2C800&ssl=1","width":800,"height":800,"caption":"3-delat Barbordsset H\u00f6gt Bordsset 3 Delar, 2 Stolar, 1 Bord, 90 Cm X 47 Cm X 76 Cm, Brun + Svart 1"},{"@type":"BreadcrumbList","@id":"https:\/\/truusk.store\/sv\/produkt\/truusk-3-delat-barbordsset-2-stolar-1-bord-90x47x76-cm-brun-svart\/#breadcrumb","itemListElement":[{"@type":"ListItem","position":1,"name":"Home","item":"https:\/\/truusk.store\/sv\/"},{"@type":"ListItem","position":2,"name":"Shop","item":"https:\/\/truusk.store\/shop\/"},{"@type":"ListItem","position":3,"name":"TRUUSK 3-delat Barbordsset &#8211; 2 Stolar &#8211; 1 Bord &#8211; 90x47x76 cm &#8211; Brun + Svart"}]},{"@type":"WebSite","@id":"https:\/\/truusk.store\/sv\/#website","url":"https:\/\/truusk.store\/sv\/","name":"TRUUSK - Hem, Tr\u00e4dg\u00e5rd & Fritid","description":"","publisher":{"@id":"https:\/\/truusk.store\/sv\/#organization"},"potentialAction":[{"@type":"SearchAction","target":{"@type":"EntryPoint","urlTemplate":"https:\/\/truusk.store\/sv\/?s={search_term_string}"},"query-input":{"@type":"PropertyValueSpecification","valueRequired":true,"valueName":"search_term_string"}}],"inLanguage":"sv-SE"},{"@type":"Organization","@id":"https:\/\/truusk.store\/sv\/#organization","name":"TRUUSK - Hem, Tr\u00e4dg\u00e5rd & Fritid","url":"https:\/\/truusk.store\/sv\/","logo":{"@type":"ImageObject","inLanguage":"sv-SE","@id":"https:\/\/truusk.store\/sv\/#\/schema\/logo\/image\/","url":"https:\/\/i0.wp.com\/truusk.store\/wp-content\/uploads\/2026\/03\/cropped-TRUUSK.png?fit=2032%2C917&ssl=1","contentUrl":"https:\/\/i0.wp.com\/truusk.store\/wp-content\/uploads\/2026\/03\/cropped-TRUUSK.png?fit=2032%2C917&ssl=1","width":2032,"height":917,"caption":"TRUUSK - Hem, Tr\u00e4dg\u00e5rd & Fritid"},"image":{"@id":"https:\/\/truusk.store\/sv\/#\/schema\/logo\/image\/"}}]}},"jetpack_sharing_enabled":true,"_links":{"self":[{"href":"https:\/\/truusk.store\/sv\/wp-json\/wp\/v2\/product\/12680","targetHints":{"allow":["GET"]}}],"collection":[{"href":"https:\/\/truusk.store\/sv\/wp-json\/wp\/v2\/product"}],"about":[{"href":"https:\/\/truusk.store\/sv\/wp-json\/wp\/v2\/types\/product"}],"wp:featuredmedia":[{"embeddable":true,"href":"https:\/\/truusk.store\/sv\/wp-json\/wp\/v2\/media\/12681"}],"wp:attachment":[{"href":"https:\/\/truusk.store\/sv\/wp-json\/wp\/v2\/media?parent=12680"}],"wp:term":[{"taxonomy":"product_brand","embeddable":true,"href":"https:\/\/truusk.store\/sv\/wp-json\/wp\/v2\/product_brand?post=12680"},{"taxonomy":"product_cat","embeddable":true,"href":"https:\/\/truusk.store\/sv\/wp-json\/wp\/v2\/product_cat?post=12680"},{"taxonomy":"product_tag","embeddable":true,"href":"https:\/\/truusk.store\/sv\/wp-json\/wp\/v2\/product_tag?post=12680"}],"curies":[{"name":"wp","href":"https:\/\/api.w.org\/{rel}","templated":true}]}}