{"id":12713,"date":"2024-02-13T11:16:47","date_gmt":"2024-02-13T10:16:47","guid":{"rendered":"https:\/\/truusk.store\/product\/vedstall-vedstall-vedstall-vedhallare-100-kg-stal-svart-l60-x-b25-x-h100-cm\/"},"modified":"2026-03-12T08:57:46","modified_gmt":"2026-03-12T07:57:46","slug":"truusk-vedstall-vedhallare-i-stal-100-kg-svart-l60-x-b25-x-h100-cm","status":"publish","type":"product","link":"https:\/\/truusk.store\/sv\/produkt\/truusk-vedstall-vedhallare-i-stal-100-kg-svart-l60-x-b25-x-h100-cm\/","title":{"rendered":"TRUUSK Vedst\u00e4ll &#8211; Vedh\u00e5llare i St\u00e5l &#8211; 100 kg &#8211; Svart &#8211; L60 x B25 x H100 cm"},"content":{"rendered":"<p>Med v\u00e5rt vedst\u00e4ll beh\u00f6ver du inte l\u00e4ngre oroa dig f\u00f6r att f\u00f6rvara din ved p\u00e5 ett s\u00e4kert s\u00e4tt. I v\u00e5r designvedhylla kan du f\u00f6rvara ved, eldstadslyktor och andra tillbeh\u00f6r \u00f6versk\u00e5dligt. Ditt stativ kan h\u00e5lla upp till 100 kg. Detta m\u00f6jligg\u00f6rs av den robusta, pulverlackerade st\u00e5lramen. Designen \u00e4r kantig, elegant och kompletterar stilfullt ditt vardagsrum. P\u00e5 s\u00e5 s\u00e4tt kan du f\u00f6rvara din ved p\u00e5 ett s\u00e4kert s\u00e4tt fr\u00e5n markfukt och f\u00f6roreningar.<\/p>\n<h3>Beskrivning:<\/h3>\n<ul>\n<li>Design vedst\u00e4ll f\u00f6r inom- och utomhusbruk<\/li>\n<li>Ger ett s\u00e4kert f\u00f6rvaringsutrymme och skyddar din ved fr\u00e5n markfukt<\/li>\n<li>Enkel kantig design, elegant blickf\u00e5ng<\/li>\n<li>Tillverkad av st\u00e5l, stabil och b\u00e4rande<\/li>\n<li>Kan h\u00e5lla upp till max 100 kg<\/li>\n<\/ul>\n<h3>Teknisk data:<\/h3>\n<ul>\n<li>Material: st\u00e5l<\/li>\n<li>Svart f\u00e4rg<\/li>\n<li>\u00d6vergripande m\u00e5tt: L60 x B25 x H100 cm<\/li>\n<li>Innerm\u00e5tt: L52 x H92 cm<\/li>\n<li>Max lastkapacitet: 100 kg<\/li>\n<\/ul>\n<h3>Leveransens omfattning:<\/h3>\n<ul>\n<li>1 x vedst\u00e4ll;<\/li>\n<\/ul>\n","protected":false},"excerpt":{"rendered":"<p>Med v\u00e5rt vedst\u00e4ll beh\u00f6ver du inte l\u00e4ngre oroa dig f\u00f6r att f\u00f6rvara din ved p\u00e5 ett s\u00e4kert s\u00e4tt. I v\u00e5r&#8230;<\/p>\n","protected":false},"featured_media":12714,"template":"","meta":[],"product_brand":[],"product_cat":[700,671,703],"product_tag":[],"class_list":{"0":"post-12713","1":"product","2":"type-product","3":"status-publish","4":"has-post-thumbnail","6":"product_cat-eldstader-spisar","7":"product_cat-jarnaffar","8":"product_cat-oppen-spis-tillbehor","10":"first","11":"instock","12":"sale","13":"taxable","14":"shipping-taxable","15":"purchasable","16":"product-type-simple"},"yoast_head":"<!-- This site is optimized with the Yoast SEO plugin v25.4 - https:\/\/yoast.com\/wordpress\/plugins\/seo\/ -->\n<title>TRUUSK Vedst\u00e4ll - Vedh\u00e5llare i St\u00e5l - 100 kg - Svart - L60 x B25 x H100 cm - TRUUSK - Hem, Tr\u00e4dg\u00e5rd &amp; Fritid<\/title>\n<meta name=\"robots\" content=\"index, follow, max-snippet:-1, max-image-preview:large, max-video-preview:-1\" \/>\n<link rel=\"canonical\" href=\"https:\/\/truusk.store\/sv\/produkt\/truusk-vedstall-vedhallare-i-stal-100-kg-svart-l60-x-b25-x-h100-cm\/\" \/>\n<meta property=\"og:locale\" content=\"sv_SE\" \/>\n<meta property=\"og:type\" content=\"article\" \/>\n<meta property=\"og:title\" content=\"TRUUSK Vedst\u00e4ll - Vedh\u00e5llare i St\u00e5l - 100 kg - Svart - L60 x B25 x H100 cm - TRUUSK - Hem, Tr\u00e4dg\u00e5rd &amp; Fritid\" \/>\n<meta property=\"og:description\" content=\"Med v\u00e5rt vedst\u00e4ll beh\u00f6ver du inte l\u00e4ngre oroa dig f\u00f6r att f\u00f6rvara din ved p\u00e5 ett s\u00e4kert s\u00e4tt. I v\u00e5r...\" \/>\n<meta property=\"og:url\" content=\"https:\/\/truusk.store\/sv\/produkt\/truusk-vedstall-vedhallare-i-stal-100-kg-svart-l60-x-b25-x-h100-cm\/\" \/>\n<meta property=\"og:site_name\" content=\"TRUUSK - Hem, Tr\u00e4dg\u00e5rd &amp; Fritid\" \/>\n<meta property=\"article:modified_time\" content=\"2026-03-12T07:57:46+00:00\" \/>\n<meta property=\"og:image\" content=\"https:\/\/i0.wp.com\/truusk.se\/wp-content\/uploads\/2024\/02\/vedstall-vedstall-vedstall-vedhallare-100-kg-stal-svart-l60-x-b25-x-h100-cm.webp?fit=800%2C800&ssl=1\" \/>\n\t<meta property=\"og:image:width\" content=\"800\" \/>\n\t<meta property=\"og:image:height\" content=\"800\" \/>\n\t<meta property=\"og:image:type\" content=\"image\/webp\" \/>\n<meta name=\"twitter:card\" content=\"summary_large_image\" \/>\n<meta name=\"twitter:label1\" content=\"Ber\u00e4knad l\u00e4stid\" \/>\n\t<meta name=\"twitter:data1\" content=\"1 minut\" \/>\n<!-- \/ Yoast SEO plugin. -->","yoast_head_json":{"title":"TRUUSK Vedst\u00e4ll - Vedh\u00e5llare i St\u00e5l - 100 kg - Svart - L60 x B25 x H100 cm - TRUUSK - Hem, Tr\u00e4dg\u00e5rd &amp; Fritid","robots":{"index":"index","follow":"follow","max-snippet":"max-snippet:-1","max-image-preview":"max-image-preview:large","max-video-preview":"max-video-preview:-1"},"canonical":"https:\/\/truusk.store\/sv\/produkt\/truusk-vedstall-vedhallare-i-stal-100-kg-svart-l60-x-b25-x-h100-cm\/","og_locale":"sv_SE","og_type":"article","og_title":"TRUUSK Vedst\u00e4ll - Vedh\u00e5llare i St\u00e5l - 100 kg - Svart - L60 x B25 x H100 cm - TRUUSK - Hem, Tr\u00e4dg\u00e5rd &amp; Fritid","og_description":"Med v\u00e5rt vedst\u00e4ll beh\u00f6ver du inte l\u00e4ngre oroa dig f\u00f6r att f\u00f6rvara din ved p\u00e5 ett s\u00e4kert s\u00e4tt. I v\u00e5r...","og_url":"https:\/\/truusk.store\/sv\/produkt\/truusk-vedstall-vedhallare-i-stal-100-kg-svart-l60-x-b25-x-h100-cm\/","og_site_name":"TRUUSK - Hem, Tr\u00e4dg\u00e5rd &amp; Fritid","article_modified_time":"2026-03-12T07:57:46+00:00","og_image":[{"width":800,"height":800,"url":"https:\/\/i0.wp.com\/truusk.se\/wp-content\/uploads\/2024\/02\/vedstall-vedstall-vedstall-vedhallare-100-kg-stal-svart-l60-x-b25-x-h100-cm.webp?fit=800%2C800&ssl=1","type":"image\/webp"}],"twitter_card":"summary_large_image","twitter_misc":{"Ber\u00e4knad l\u00e4stid":"1 minut"},"schema":{"@context":"https:\/\/schema.org","@graph":[{"@type":"WebPage","@id":"https:\/\/truusk.store\/sv\/produkt\/truusk-vedstall-vedhallare-i-stal-100-kg-svart-l60-x-b25-x-h100-cm\/","url":"https:\/\/truusk.store\/sv\/produkt\/truusk-vedstall-vedhallare-i-stal-100-kg-svart-l60-x-b25-x-h100-cm\/","name":"TRUUSK Vedst\u00e4ll - Vedh\u00e5llare i St\u00e5l - 100 kg - Svart - L60 x B25 x H100 cm - TRUUSK - Hem, Tr\u00e4dg\u00e5rd &amp; Fritid","isPartOf":{"@id":"https:\/\/truusk.store\/sv\/#website"},"primaryImageOfPage":{"@id":"https:\/\/truusk.store\/sv\/produkt\/truusk-vedstall-vedhallare-i-stal-100-kg-svart-l60-x-b25-x-h100-cm\/#primaryimage"},"image":{"@id":"https:\/\/truusk.store\/sv\/produkt\/truusk-vedstall-vedhallare-i-stal-100-kg-svart-l60-x-b25-x-h100-cm\/#primaryimage"},"thumbnailUrl":"https:\/\/i0.wp.com\/truusk.store\/wp-content\/uploads\/2024\/02\/vedstall-vedstall-vedstall-vedhallare-100-kg-stal-svart-l60-x-b25-x-h100-cm.webp?fit=800%2C800&ssl=1","datePublished":"2024-02-13T10:16:47+00:00","dateModified":"2026-03-12T07:57:46+00:00","breadcrumb":{"@id":"https:\/\/truusk.store\/sv\/produkt\/truusk-vedstall-vedhallare-i-stal-100-kg-svart-l60-x-b25-x-h100-cm\/#breadcrumb"},"inLanguage":"sv-SE","potentialAction":[{"@type":"ReadAction","target":["https:\/\/truusk.store\/sv\/produkt\/truusk-vedstall-vedhallare-i-stal-100-kg-svart-l60-x-b25-x-h100-cm\/"]}]},{"@type":"ImageObject","inLanguage":"sv-SE","@id":"https:\/\/truusk.store\/sv\/produkt\/truusk-vedstall-vedhallare-i-stal-100-kg-svart-l60-x-b25-x-h100-cm\/#primaryimage","url":"https:\/\/i0.wp.com\/truusk.store\/wp-content\/uploads\/2024\/02\/vedstall-vedstall-vedstall-vedhallare-100-kg-stal-svart-l60-x-b25-x-h100-cm.webp?fit=800%2C800&ssl=1","contentUrl":"https:\/\/i0.wp.com\/truusk.store\/wp-content\/uploads\/2024\/02\/vedstall-vedstall-vedstall-vedhallare-100-kg-stal-svart-l60-x-b25-x-h100-cm.webp?fit=800%2C800&ssl=1","width":800,"height":800,"caption":"Vedst\u00e4ll, Vedst\u00e4ll, Vedst\u00e4ll, Vedh\u00e5llare, 100 Kg, St\u00e5l, Svart, L60 X B25 X H100 Cm 1"},{"@type":"BreadcrumbList","@id":"https:\/\/truusk.store\/sv\/produkt\/truusk-vedstall-vedhallare-i-stal-100-kg-svart-l60-x-b25-x-h100-cm\/#breadcrumb","itemListElement":[{"@type":"ListItem","position":1,"name":"Home","item":"https:\/\/truusk.store\/sv\/"},{"@type":"ListItem","position":2,"name":"Shop","item":"https:\/\/truusk.store\/shop\/"},{"@type":"ListItem","position":3,"name":"TRUUSK Vedst\u00e4ll &#8211; Vedh\u00e5llare i St\u00e5l &#8211; 100 kg &#8211; Svart &#8211; L60 x B25 x H100 cm"}]},{"@type":"WebSite","@id":"https:\/\/truusk.store\/sv\/#website","url":"https:\/\/truusk.store\/sv\/","name":"TRUUSK - Hem, Tr\u00e4dg\u00e5rd & Fritid","description":"","publisher":{"@id":"https:\/\/truusk.store\/sv\/#organization"},"potentialAction":[{"@type":"SearchAction","target":{"@type":"EntryPoint","urlTemplate":"https:\/\/truusk.store\/sv\/?s={search_term_string}"},"query-input":{"@type":"PropertyValueSpecification","valueRequired":true,"valueName":"search_term_string"}}],"inLanguage":"sv-SE"},{"@type":"Organization","@id":"https:\/\/truusk.store\/sv\/#organization","name":"TRUUSK - Hem, Tr\u00e4dg\u00e5rd & Fritid","url":"https:\/\/truusk.store\/sv\/","logo":{"@type":"ImageObject","inLanguage":"sv-SE","@id":"https:\/\/truusk.store\/sv\/#\/schema\/logo\/image\/","url":"https:\/\/i0.wp.com\/truusk.store\/wp-content\/uploads\/2026\/03\/cropped-TRUUSK.png?fit=2032%2C917&ssl=1","contentUrl":"https:\/\/i0.wp.com\/truusk.store\/wp-content\/uploads\/2026\/03\/cropped-TRUUSK.png?fit=2032%2C917&ssl=1","width":2032,"height":917,"caption":"TRUUSK - Hem, Tr\u00e4dg\u00e5rd & Fritid"},"image":{"@id":"https:\/\/truusk.store\/sv\/#\/schema\/logo\/image\/"}}]}},"jetpack_sharing_enabled":true,"_links":{"self":[{"href":"https:\/\/truusk.store\/sv\/wp-json\/wp\/v2\/product\/12713","targetHints":{"allow":["GET"]}}],"collection":[{"href":"https:\/\/truusk.store\/sv\/wp-json\/wp\/v2\/product"}],"about":[{"href":"https:\/\/truusk.store\/sv\/wp-json\/wp\/v2\/types\/product"}],"wp:featuredmedia":[{"embeddable":true,"href":"https:\/\/truusk.store\/sv\/wp-json\/wp\/v2\/media\/12714"}],"wp:attachment":[{"href":"https:\/\/truusk.store\/sv\/wp-json\/wp\/v2\/media?parent=12713"}],"wp:term":[{"taxonomy":"product_brand","embeddable":true,"href":"https:\/\/truusk.store\/sv\/wp-json\/wp\/v2\/product_brand?post=12713"},{"taxonomy":"product_cat","embeddable":true,"href":"https:\/\/truusk.store\/sv\/wp-json\/wp\/v2\/product_cat?post=12713"},{"taxonomy":"product_tag","embeddable":true,"href":"https:\/\/truusk.store\/sv\/wp-json\/wp\/v2\/product_tag?post=12713"}],"curies":[{"name":"wp","href":"https:\/\/api.w.org\/{rel}","templated":true}]}}