{"id":12767,"date":"2024-02-13T11:18:15","date_gmt":"2024-02-13T10:18:15","guid":{"rendered":"https:\/\/truusk.store\/product\/kontorsstol-i-retrodesign-hoj-och-sankbar-5-hjul-525-cm-x-54-cm-x-99-cm-vit\/"},"modified":"2026-03-12T08:57:47","modified_gmt":"2026-03-12T07:57:47","slug":"truusk-kontorsstol-i-retrodesign-hoj-och-sankbar-5-hjul-525-cm-x-54-cm-x-99-cm-vit","status":"publish","type":"product","link":"https:\/\/truusk.store\/sv\/produkt\/truusk-kontorsstol-i-retrodesign-hoj-och-sankbar-5-hjul-525-cm-x-54-cm-x-99-cm-vit\/","title":{"rendered":"TRUUSK Kontorsstol i Retrodesign &#8211; H\u00f6j- och s\u00e4nkbar &#8211; 5 hjul &#8211; 52,5 cm x 54 cm x 99 cm &#8211; Vit"},"content":{"rendered":"<p>V\u00e5r snurrstol k\u00e4nnetecknas av sin exklusiva design i kombination med dess l\u00e4mplighet f\u00f6r dagligt bruk. Det vackra, vita konstl\u00e4derfodralet t\u00e4cker den bekv\u00e4ma kl\u00e4dseln. Tack vare armst\u00f6d och h\u00f6jdjustering kommer du alltid att sitta riktigt bekv\u00e4mt. Din snurrstol sticker helt enkelt ut, oavsett om den \u00e4r p\u00e5 kontoret, hemmakontoret eller i ditt vardagsrum. S\u00e4tt accenter med din nya kontorsstol.<\/p>\n<h3>Beskrivning:<\/h3>\n<ul>\n<li>Lyxig kontorsstol tillverkad av PU-l\u00e4der<\/li>\n<li>Kraftig 5-hjulig krombas med 360 graders rotation<\/li>\n<li>H\u00f6gkvalitativ krompl\u00e4tering av armst\u00f6d och ben<\/li>\n<li>H\u00f6jdjusterbar och l\u00e5sbar<\/li>\n<li>6,5 cm tjock, mjukt vadderad sits och ryggst\u00f6d f\u00f6r maximal komfort<\/li>\n<li>Ergonomisk design med komfort i \u00e5tanke f\u00f6r dig som arbetar vid ett skrivbord under l\u00e5nga perioder<\/li>\n<li>150 mm gasfj\u00e4dermekanism<\/li>\n<li>Max h\u00e5llvikt: 120 kg<\/li>\n<\/ul>\n<h3>Teknisk data:<\/h3>\n<ul>\n<li>Material: PU, PVC, metall<\/li>\n<li>F\u00e4rg vit<\/li>\n<li>Totalm\u00e5tt: B52,5 x D54 x H84-99 cm<\/li>\n<li>Sitsstorlek: B45 x D39 cm<\/li>\n<li>Sitth\u00f6jd: 50-65 cm<\/li>\n<li>Belastning: 120 kg<\/li>\n<\/ul>\n<h3>Leveransens omfattning:<\/h3>\n<ul>\n<li>1 x Kontorsstol<\/li>\n<li>1 x Artikelinstruktioner<\/li>\n<\/ul>\n","protected":false},"excerpt":{"rendered":"<p>V\u00e5r snurrstol k\u00e4nnetecknas av sin exklusiva design i kombination med dess l\u00e4mplighet f\u00f6r dagligt bruk. Det vackra, vita konstl\u00e4derfodralet t\u00e4cker&#8230;<\/p>\n","protected":false},"featured_media":12768,"template":"","meta":[],"product_brand":[],"product_cat":[485,516,515],"product_tag":[],"class_list":{"0":"post-12767","1":"product","2":"type-product","3":"status-publish","4":"has-post-thumbnail","6":"product_cat-hus-bo","7":"product_cat-kontorsstolar","8":"product_cat-stolar","10":"first","11":"instock","12":"sale","13":"taxable","14":"shipping-taxable","15":"purchasable","16":"product-type-simple"},"yoast_head":"<!-- This site is optimized with the Yoast SEO plugin v25.4 - https:\/\/yoast.com\/wordpress\/plugins\/seo\/ -->\n<title>TRUUSK Kontorsstol i Retrodesign - H\u00f6j- och s\u00e4nkbar - 5 hjul - 52,5 cm x 54 cm x 99 cm - Vit - TRUUSK - Hem, Tr\u00e4dg\u00e5rd &amp; Fritid<\/title>\n<meta name=\"robots\" content=\"index, follow, max-snippet:-1, max-image-preview:large, max-video-preview:-1\" \/>\n<link rel=\"canonical\" href=\"https:\/\/truusk.store\/sv\/produkt\/truusk-kontorsstol-i-retrodesign-hoj-och-sankbar-5-hjul-525-cm-x-54-cm-x-99-cm-vit\/\" \/>\n<meta property=\"og:locale\" content=\"sv_SE\" \/>\n<meta property=\"og:type\" content=\"article\" \/>\n<meta property=\"og:title\" content=\"TRUUSK Kontorsstol i Retrodesign - H\u00f6j- och s\u00e4nkbar - 5 hjul - 52,5 cm x 54 cm x 99 cm - Vit - TRUUSK - Hem, Tr\u00e4dg\u00e5rd &amp; Fritid\" \/>\n<meta property=\"og:description\" content=\"V\u00e5r snurrstol k\u00e4nnetecknas av sin exklusiva design i kombination med dess l\u00e4mplighet f\u00f6r dagligt bruk. Det vackra, vita konstl\u00e4derfodralet t\u00e4cker...\" \/>\n<meta property=\"og:url\" content=\"https:\/\/truusk.store\/sv\/produkt\/truusk-kontorsstol-i-retrodesign-hoj-och-sankbar-5-hjul-525-cm-x-54-cm-x-99-cm-vit\/\" \/>\n<meta property=\"og:site_name\" content=\"TRUUSK - Hem, Tr\u00e4dg\u00e5rd &amp; Fritid\" \/>\n<meta property=\"article:modified_time\" content=\"2026-03-12T07:57:47+00:00\" \/>\n<meta property=\"og:image\" content=\"https:\/\/i0.wp.com\/truusk.se\/wp-content\/uploads\/2024\/02\/kontorsstol-i-retrodesign-hoj-och-sankbar-5-hjul-525-cm-x-54-cm-x-99-cm-vit.webp?fit=800%2C800&ssl=1\" \/>\n\t<meta property=\"og:image:width\" content=\"800\" \/>\n\t<meta property=\"og:image:height\" content=\"800\" \/>\n\t<meta property=\"og:image:type\" content=\"image\/webp\" \/>\n<meta name=\"twitter:card\" content=\"summary_large_image\" \/>\n<meta name=\"twitter:label1\" content=\"Ber\u00e4knad l\u00e4stid\" \/>\n\t<meta name=\"twitter:data1\" content=\"1 minut\" \/>\n<!-- \/ Yoast SEO plugin. -->","yoast_head_json":{"title":"TRUUSK Kontorsstol i Retrodesign - H\u00f6j- och s\u00e4nkbar - 5 hjul - 52,5 cm x 54 cm x 99 cm - Vit - TRUUSK - Hem, Tr\u00e4dg\u00e5rd &amp; Fritid","robots":{"index":"index","follow":"follow","max-snippet":"max-snippet:-1","max-image-preview":"max-image-preview:large","max-video-preview":"max-video-preview:-1"},"canonical":"https:\/\/truusk.store\/sv\/produkt\/truusk-kontorsstol-i-retrodesign-hoj-och-sankbar-5-hjul-525-cm-x-54-cm-x-99-cm-vit\/","og_locale":"sv_SE","og_type":"article","og_title":"TRUUSK Kontorsstol i Retrodesign - H\u00f6j- och s\u00e4nkbar - 5 hjul - 52,5 cm x 54 cm x 99 cm - Vit - TRUUSK - Hem, Tr\u00e4dg\u00e5rd &amp; Fritid","og_description":"V\u00e5r snurrstol k\u00e4nnetecknas av sin exklusiva design i kombination med dess l\u00e4mplighet f\u00f6r dagligt bruk. Det vackra, vita konstl\u00e4derfodralet t\u00e4cker...","og_url":"https:\/\/truusk.store\/sv\/produkt\/truusk-kontorsstol-i-retrodesign-hoj-och-sankbar-5-hjul-525-cm-x-54-cm-x-99-cm-vit\/","og_site_name":"TRUUSK - Hem, Tr\u00e4dg\u00e5rd &amp; Fritid","article_modified_time":"2026-03-12T07:57:47+00:00","og_image":[{"width":800,"height":800,"url":"https:\/\/i0.wp.com\/truusk.se\/wp-content\/uploads\/2024\/02\/kontorsstol-i-retrodesign-hoj-och-sankbar-5-hjul-525-cm-x-54-cm-x-99-cm-vit.webp?fit=800%2C800&ssl=1","type":"image\/webp"}],"twitter_card":"summary_large_image","twitter_misc":{"Ber\u00e4knad l\u00e4stid":"1 minut"},"schema":{"@context":"https:\/\/schema.org","@graph":[{"@type":"WebPage","@id":"https:\/\/truusk.store\/sv\/produkt\/truusk-kontorsstol-i-retrodesign-hoj-och-sankbar-5-hjul-525-cm-x-54-cm-x-99-cm-vit\/","url":"https:\/\/truusk.store\/sv\/produkt\/truusk-kontorsstol-i-retrodesign-hoj-och-sankbar-5-hjul-525-cm-x-54-cm-x-99-cm-vit\/","name":"TRUUSK Kontorsstol i Retrodesign - H\u00f6j- och s\u00e4nkbar - 5 hjul - 52,5 cm x 54 cm x 99 cm - Vit - TRUUSK - Hem, Tr\u00e4dg\u00e5rd &amp; Fritid","isPartOf":{"@id":"https:\/\/truusk.store\/sv\/#website"},"primaryImageOfPage":{"@id":"https:\/\/truusk.store\/sv\/produkt\/truusk-kontorsstol-i-retrodesign-hoj-och-sankbar-5-hjul-525-cm-x-54-cm-x-99-cm-vit\/#primaryimage"},"image":{"@id":"https:\/\/truusk.store\/sv\/produkt\/truusk-kontorsstol-i-retrodesign-hoj-och-sankbar-5-hjul-525-cm-x-54-cm-x-99-cm-vit\/#primaryimage"},"thumbnailUrl":"https:\/\/i0.wp.com\/truusk.store\/wp-content\/uploads\/2024\/02\/kontorsstol-i-retrodesign-hoj-och-sankbar-5-hjul-525-cm-x-54-cm-x-99-cm-vit.webp?fit=800%2C800&ssl=1","datePublished":"2024-02-13T10:18:15+00:00","dateModified":"2026-03-12T07:57:47+00:00","breadcrumb":{"@id":"https:\/\/truusk.store\/sv\/produkt\/truusk-kontorsstol-i-retrodesign-hoj-och-sankbar-5-hjul-525-cm-x-54-cm-x-99-cm-vit\/#breadcrumb"},"inLanguage":"sv-SE","potentialAction":[{"@type":"ReadAction","target":["https:\/\/truusk.store\/sv\/produkt\/truusk-kontorsstol-i-retrodesign-hoj-och-sankbar-5-hjul-525-cm-x-54-cm-x-99-cm-vit\/"]}]},{"@type":"ImageObject","inLanguage":"sv-SE","@id":"https:\/\/truusk.store\/sv\/produkt\/truusk-kontorsstol-i-retrodesign-hoj-och-sankbar-5-hjul-525-cm-x-54-cm-x-99-cm-vit\/#primaryimage","url":"https:\/\/i0.wp.com\/truusk.store\/wp-content\/uploads\/2024\/02\/kontorsstol-i-retrodesign-hoj-och-sankbar-5-hjul-525-cm-x-54-cm-x-99-cm-vit.webp?fit=800%2C800&ssl=1","contentUrl":"https:\/\/i0.wp.com\/truusk.store\/wp-content\/uploads\/2024\/02\/kontorsstol-i-retrodesign-hoj-och-sankbar-5-hjul-525-cm-x-54-cm-x-99-cm-vit.webp?fit=800%2C800&ssl=1","width":800,"height":800,"caption":"Kontorsstol I Retrodesign, H\u00f6j- Och S\u00e4nkbar, 5 Hjul, 52,5 Cm X 54 Cm X 99 Cm, Vit 1"},{"@type":"BreadcrumbList","@id":"https:\/\/truusk.store\/sv\/produkt\/truusk-kontorsstol-i-retrodesign-hoj-och-sankbar-5-hjul-525-cm-x-54-cm-x-99-cm-vit\/#breadcrumb","itemListElement":[{"@type":"ListItem","position":1,"name":"Home","item":"https:\/\/truusk.store\/sv\/"},{"@type":"ListItem","position":2,"name":"Shop","item":"https:\/\/truusk.store\/shop\/"},{"@type":"ListItem","position":3,"name":"TRUUSK Kontorsstol i Retrodesign &#8211; H\u00f6j- och s\u00e4nkbar &#8211; 5 hjul &#8211; 52,5 cm x 54 cm x 99 cm &#8211; Vit"}]},{"@type":"WebSite","@id":"https:\/\/truusk.store\/sv\/#website","url":"https:\/\/truusk.store\/sv\/","name":"TRUUSK - Hem, Tr\u00e4dg\u00e5rd & Fritid","description":"","publisher":{"@id":"https:\/\/truusk.store\/sv\/#organization"},"potentialAction":[{"@type":"SearchAction","target":{"@type":"EntryPoint","urlTemplate":"https:\/\/truusk.store\/sv\/?s={search_term_string}"},"query-input":{"@type":"PropertyValueSpecification","valueRequired":true,"valueName":"search_term_string"}}],"inLanguage":"sv-SE"},{"@type":"Organization","@id":"https:\/\/truusk.store\/sv\/#organization","name":"TRUUSK - Hem, Tr\u00e4dg\u00e5rd & Fritid","url":"https:\/\/truusk.store\/sv\/","logo":{"@type":"ImageObject","inLanguage":"sv-SE","@id":"https:\/\/truusk.store\/sv\/#\/schema\/logo\/image\/","url":"https:\/\/i0.wp.com\/truusk.store\/wp-content\/uploads\/2026\/03\/cropped-TRUUSK.png?fit=2032%2C917&ssl=1","contentUrl":"https:\/\/i0.wp.com\/truusk.store\/wp-content\/uploads\/2026\/03\/cropped-TRUUSK.png?fit=2032%2C917&ssl=1","width":2032,"height":917,"caption":"TRUUSK - Hem, Tr\u00e4dg\u00e5rd & Fritid"},"image":{"@id":"https:\/\/truusk.store\/sv\/#\/schema\/logo\/image\/"}}]}},"jetpack_sharing_enabled":true,"_links":{"self":[{"href":"https:\/\/truusk.store\/sv\/wp-json\/wp\/v2\/product\/12767","targetHints":{"allow":["GET"]}}],"collection":[{"href":"https:\/\/truusk.store\/sv\/wp-json\/wp\/v2\/product"}],"about":[{"href":"https:\/\/truusk.store\/sv\/wp-json\/wp\/v2\/types\/product"}],"wp:featuredmedia":[{"embeddable":true,"href":"https:\/\/truusk.store\/sv\/wp-json\/wp\/v2\/media\/12768"}],"wp:attachment":[{"href":"https:\/\/truusk.store\/sv\/wp-json\/wp\/v2\/media?parent=12767"}],"wp:term":[{"taxonomy":"product_brand","embeddable":true,"href":"https:\/\/truusk.store\/sv\/wp-json\/wp\/v2\/product_brand?post=12767"},{"taxonomy":"product_cat","embeddable":true,"href":"https:\/\/truusk.store\/sv\/wp-json\/wp\/v2\/product_cat?post=12767"},{"taxonomy":"product_tag","embeddable":true,"href":"https:\/\/truusk.store\/sv\/wp-json\/wp\/v2\/product_tag?post=12767"}],"curies":[{"name":"wp","href":"https:\/\/api.w.org\/{rel}","templated":true}]}}