{"id":12804,"date":"2024-02-13T11:19:19","date_gmt":"2024-02-13T10:19:19","guid":{"rendered":"https:\/\/truusk.store\/product\/rullpall-arbetspall-vridbar-pall-kontorsstol-hoj-och-sankbar-pu-metall-svart-50-x-54-x-66-78-cm\/"},"modified":"2026-03-12T08:58:05","modified_gmt":"2026-03-12T07:58:05","slug":"truusk-rullpall-arbetspall-vridbar-pall-kontorsstol-hoj-och-sankbar-pu-metall-svart-50-x-54-x-66-78-cm","status":"publish","type":"product","link":"https:\/\/truusk.store\/sv\/produkt\/truusk-rullpall-arbetspall-vridbar-pall-kontorsstol-hoj-och-sankbar-pu-metall-svart-50-x-54-x-66-78-cm\/","title":{"rendered":"TRUUSK Rullpall &#8211; Arbetspall &#8211; Vridbar Pall &#8211; Kontorsstol &#8211; H\u00f6j- Och S\u00e4nkbar &#8211; PU + Metall &#8211; Svart &#8211; 50 X 54 X (66-78) Cm"},"content":{"rendered":"<p>V\u00e5r rullstol \u00e4r m\u00e5ngsidig. Beroende p\u00e5 situationen kan du bekv\u00e4mt justera sitth\u00f6jden mellan 45-57cm. Tack vare den bekv\u00e4ma stoppningen \u00e4r det inga problem att sitta under l\u00e5nga stunder. Det bekv\u00e4ma ryggst\u00f6det ger extra st\u00f6d. Tack vare sin moderna och eleganta design \u00e4r den vridbara pallen s\u00e4rskilt l\u00e4mplig f\u00f6r anv\u00e4ndning i kosmetiska studior eller fris\u00f6rsalonger. Men den \u00e4r ocks\u00e5 en utm\u00e4rkt f\u00f6ljeslagare som arbetspall i verkst\u00e4der, l\u00e4karmottagningar eller som praktiskt tillbeh\u00f6r till hemmet.<\/p>\n<h3>Beskrivning:<\/h3>\n<ul>\n<li>Vridbar pall i klassisk svart, m\u00e5ngsidig<\/li>\n<li>Sits och ryggst\u00f6d mjukt vadderade f\u00f6r maximal komfort<\/li>\n<li>Sitth\u00f6jden kan flexibelt justeras mellan 45-57cm<\/li>\n<li>Kl\u00e4dseln \u00e4r gjord av konstl\u00e4der, slitstark<\/li>\n<li>Stabilt fotkors med 5 nylonhjul, roterbart 360 grader<\/li>\n<li>Enkel konstruktion<\/li>\n<\/ul>\n<h3>Teknisk data:<\/h3>\n<ul>\n<li>Material: PU, metall<\/li>\n<li>Svart f\u00e4rg<\/li>\n<li>Totalm\u00e5tt: B50 x D54 x H(66-78) cm<\/li>\n<li>Sitth\u00f6jd: 45-57 cm<\/li>\n<li>Nettovikt: 6kg<\/li>\n<li>Max lastkapacitet: 136 kg<\/li>\n<li>Sitsstorlek: B27 x D40 cm<\/li>\n<\/ul>\n<h3>Leveransens omfattning:<\/h3>\n<ul>\n<li>1 x rullstol<\/li>\n<\/ul>\n","protected":false},"excerpt":{"rendered":"<p>V\u00e5r rullstol \u00e4r m\u00e5ngsidig. Beroende p\u00e5 situationen kan du bekv\u00e4mt justera sitth\u00f6jden mellan 45-57cm. Tack vare den bekv\u00e4ma stoppningen \u00e4r&#8230;<\/p>\n","protected":false},"featured_media":12805,"template":"","meta":[],"product_brand":[],"product_cat":[485,542,546],"product_tag":[],"class_list":{"0":"post-12804","1":"product","2":"type-product","3":"status-publish","4":"has-post-thumbnail","6":"product_cat-hus-bo","7":"product_cat-pall","8":"product_cat-rullande-pall","10":"first","11":"instock","12":"sale","13":"taxable","14":"shipping-taxable","15":"purchasable","16":"product-type-simple"},"yoast_head":"<!-- This site is optimized with the Yoast SEO plugin v25.4 - https:\/\/yoast.com\/wordpress\/plugins\/seo\/ -->\n<title>TRUUSK Rullpall - Arbetspall - Vridbar Pall - Kontorsstol - H\u00f6j- Och S\u00e4nkbar - PU + Metall - Svart - 50 X 54 X (66-78) Cm - TRUUSK - Hem, Tr\u00e4dg\u00e5rd &amp; Fritid<\/title>\n<meta name=\"robots\" content=\"index, follow, max-snippet:-1, max-image-preview:large, max-video-preview:-1\" \/>\n<link rel=\"canonical\" href=\"https:\/\/truusk.store\/sv\/produkt\/truusk-rullpall-arbetspall-vridbar-pall-kontorsstol-hoj-och-sankbar-pu-metall-svart-50-x-54-x-66-78-cm\/\" \/>\n<meta property=\"og:locale\" content=\"sv_SE\" \/>\n<meta property=\"og:type\" content=\"article\" \/>\n<meta property=\"og:title\" content=\"TRUUSK Rullpall - Arbetspall - Vridbar Pall - Kontorsstol - H\u00f6j- Och S\u00e4nkbar - PU + Metall - Svart - 50 X 54 X (66-78) Cm - TRUUSK - Hem, Tr\u00e4dg\u00e5rd &amp; Fritid\" \/>\n<meta property=\"og:description\" content=\"V\u00e5r rullstol \u00e4r m\u00e5ngsidig. Beroende p\u00e5 situationen kan du bekv\u00e4mt justera sitth\u00f6jden mellan 45-57cm. Tack vare den bekv\u00e4ma stoppningen \u00e4r...\" \/>\n<meta property=\"og:url\" content=\"https:\/\/truusk.store\/sv\/produkt\/truusk-rullpall-arbetspall-vridbar-pall-kontorsstol-hoj-och-sankbar-pu-metall-svart-50-x-54-x-66-78-cm\/\" \/>\n<meta property=\"og:site_name\" content=\"TRUUSK - Hem, Tr\u00e4dg\u00e5rd &amp; Fritid\" \/>\n<meta property=\"article:modified_time\" content=\"2026-03-12T07:58:05+00:00\" \/>\n<meta property=\"og:image\" content=\"https:\/\/i0.wp.com\/truusk.se\/wp-content\/uploads\/2024\/02\/rullpall-arbetspall-vridbar-pall-kontorsstol-hoj-och-sankbar-pu-metall-svart-50-x-54-x-66-78-cm.webp?fit=800%2C800&ssl=1\" \/>\n\t<meta property=\"og:image:width\" content=\"800\" \/>\n\t<meta property=\"og:image:height\" content=\"800\" \/>\n\t<meta property=\"og:image:type\" content=\"image\/webp\" \/>\n<meta name=\"twitter:card\" content=\"summary_large_image\" \/>\n<meta name=\"twitter:label1\" content=\"Ber\u00e4knad l\u00e4stid\" \/>\n\t<meta name=\"twitter:data1\" content=\"1 minut\" \/>\n<!-- \/ Yoast SEO plugin. -->","yoast_head_json":{"title":"TRUUSK Rullpall - Arbetspall - Vridbar Pall - Kontorsstol - H\u00f6j- Och S\u00e4nkbar - PU + Metall - Svart - 50 X 54 X (66-78) Cm - TRUUSK - Hem, Tr\u00e4dg\u00e5rd &amp; Fritid","robots":{"index":"index","follow":"follow","max-snippet":"max-snippet:-1","max-image-preview":"max-image-preview:large","max-video-preview":"max-video-preview:-1"},"canonical":"https:\/\/truusk.store\/sv\/produkt\/truusk-rullpall-arbetspall-vridbar-pall-kontorsstol-hoj-och-sankbar-pu-metall-svart-50-x-54-x-66-78-cm\/","og_locale":"sv_SE","og_type":"article","og_title":"TRUUSK Rullpall - Arbetspall - Vridbar Pall - Kontorsstol - H\u00f6j- Och S\u00e4nkbar - PU + Metall - Svart - 50 X 54 X (66-78) Cm - TRUUSK - Hem, Tr\u00e4dg\u00e5rd &amp; Fritid","og_description":"V\u00e5r rullstol \u00e4r m\u00e5ngsidig. Beroende p\u00e5 situationen kan du bekv\u00e4mt justera sitth\u00f6jden mellan 45-57cm. Tack vare den bekv\u00e4ma stoppningen \u00e4r...","og_url":"https:\/\/truusk.store\/sv\/produkt\/truusk-rullpall-arbetspall-vridbar-pall-kontorsstol-hoj-och-sankbar-pu-metall-svart-50-x-54-x-66-78-cm\/","og_site_name":"TRUUSK - Hem, Tr\u00e4dg\u00e5rd &amp; Fritid","article_modified_time":"2026-03-12T07:58:05+00:00","og_image":[{"width":800,"height":800,"url":"https:\/\/i0.wp.com\/truusk.se\/wp-content\/uploads\/2024\/02\/rullpall-arbetspall-vridbar-pall-kontorsstol-hoj-och-sankbar-pu-metall-svart-50-x-54-x-66-78-cm.webp?fit=800%2C800&ssl=1","type":"image\/webp"}],"twitter_card":"summary_large_image","twitter_misc":{"Ber\u00e4knad l\u00e4stid":"1 minut"},"schema":{"@context":"https:\/\/schema.org","@graph":[{"@type":"WebPage","@id":"https:\/\/truusk.store\/sv\/produkt\/truusk-rullpall-arbetspall-vridbar-pall-kontorsstol-hoj-och-sankbar-pu-metall-svart-50-x-54-x-66-78-cm\/","url":"https:\/\/truusk.store\/sv\/produkt\/truusk-rullpall-arbetspall-vridbar-pall-kontorsstol-hoj-och-sankbar-pu-metall-svart-50-x-54-x-66-78-cm\/","name":"TRUUSK Rullpall - Arbetspall - Vridbar Pall - Kontorsstol - H\u00f6j- Och S\u00e4nkbar - PU + Metall - Svart - 50 X 54 X (66-78) Cm - TRUUSK - Hem, Tr\u00e4dg\u00e5rd &amp; Fritid","isPartOf":{"@id":"https:\/\/truusk.store\/sv\/#website"},"primaryImageOfPage":{"@id":"https:\/\/truusk.store\/sv\/produkt\/truusk-rullpall-arbetspall-vridbar-pall-kontorsstol-hoj-och-sankbar-pu-metall-svart-50-x-54-x-66-78-cm\/#primaryimage"},"image":{"@id":"https:\/\/truusk.store\/sv\/produkt\/truusk-rullpall-arbetspall-vridbar-pall-kontorsstol-hoj-och-sankbar-pu-metall-svart-50-x-54-x-66-78-cm\/#primaryimage"},"thumbnailUrl":"https:\/\/i0.wp.com\/truusk.store\/wp-content\/uploads\/2024\/02\/rullpall-arbetspall-vridbar-pall-kontorsstol-hoj-och-sankbar-pu-metall-svart-50-x-54-x-66-78-cm.webp?fit=800%2C800&ssl=1","datePublished":"2024-02-13T10:19:19+00:00","dateModified":"2026-03-12T07:58:05+00:00","breadcrumb":{"@id":"https:\/\/truusk.store\/sv\/produkt\/truusk-rullpall-arbetspall-vridbar-pall-kontorsstol-hoj-och-sankbar-pu-metall-svart-50-x-54-x-66-78-cm\/#breadcrumb"},"inLanguage":"sv-SE","potentialAction":[{"@type":"ReadAction","target":["https:\/\/truusk.store\/sv\/produkt\/truusk-rullpall-arbetspall-vridbar-pall-kontorsstol-hoj-och-sankbar-pu-metall-svart-50-x-54-x-66-78-cm\/"]}]},{"@type":"ImageObject","inLanguage":"sv-SE","@id":"https:\/\/truusk.store\/sv\/produkt\/truusk-rullpall-arbetspall-vridbar-pall-kontorsstol-hoj-och-sankbar-pu-metall-svart-50-x-54-x-66-78-cm\/#primaryimage","url":"https:\/\/i0.wp.com\/truusk.store\/wp-content\/uploads\/2024\/02\/rullpall-arbetspall-vridbar-pall-kontorsstol-hoj-och-sankbar-pu-metall-svart-50-x-54-x-66-78-cm.webp?fit=800%2C800&ssl=1","contentUrl":"https:\/\/i0.wp.com\/truusk.store\/wp-content\/uploads\/2024\/02\/rullpall-arbetspall-vridbar-pall-kontorsstol-hoj-och-sankbar-pu-metall-svart-50-x-54-x-66-78-cm.webp?fit=800%2C800&ssl=1","width":800,"height":800,"caption":"Rullpall, Arbetspall, Vridbar Pall, Kontorsstol, H\u00f6j- Och S\u00e4nkbar, PU + Metall, Svart, 50 X 54 X (66-78) Cm 1"},{"@type":"BreadcrumbList","@id":"https:\/\/truusk.store\/sv\/produkt\/truusk-rullpall-arbetspall-vridbar-pall-kontorsstol-hoj-och-sankbar-pu-metall-svart-50-x-54-x-66-78-cm\/#breadcrumb","itemListElement":[{"@type":"ListItem","position":1,"name":"Home","item":"https:\/\/truusk.store\/sv\/"},{"@type":"ListItem","position":2,"name":"Shop","item":"https:\/\/truusk.store\/shop\/"},{"@type":"ListItem","position":3,"name":"TRUUSK Rullpall &#8211; Arbetspall &#8211; Vridbar Pall &#8211; Kontorsstol &#8211; H\u00f6j- Och S\u00e4nkbar &#8211; PU + Metall &#8211; Svart &#8211; 50 X 54 X (66-78) Cm"}]},{"@type":"WebSite","@id":"https:\/\/truusk.store\/sv\/#website","url":"https:\/\/truusk.store\/sv\/","name":"TRUUSK - Hem, Tr\u00e4dg\u00e5rd & Fritid","description":"","publisher":{"@id":"https:\/\/truusk.store\/sv\/#organization"},"potentialAction":[{"@type":"SearchAction","target":{"@type":"EntryPoint","urlTemplate":"https:\/\/truusk.store\/sv\/?s={search_term_string}"},"query-input":{"@type":"PropertyValueSpecification","valueRequired":true,"valueName":"search_term_string"}}],"inLanguage":"sv-SE"},{"@type":"Organization","@id":"https:\/\/truusk.store\/sv\/#organization","name":"TRUUSK - Hem, Tr\u00e4dg\u00e5rd & Fritid","url":"https:\/\/truusk.store\/sv\/","logo":{"@type":"ImageObject","inLanguage":"sv-SE","@id":"https:\/\/truusk.store\/sv\/#\/schema\/logo\/image\/","url":"https:\/\/i0.wp.com\/truusk.store\/wp-content\/uploads\/2026\/03\/cropped-TRUUSK.png?fit=2032%2C917&ssl=1","contentUrl":"https:\/\/i0.wp.com\/truusk.store\/wp-content\/uploads\/2026\/03\/cropped-TRUUSK.png?fit=2032%2C917&ssl=1","width":2032,"height":917,"caption":"TRUUSK - Hem, Tr\u00e4dg\u00e5rd & Fritid"},"image":{"@id":"https:\/\/truusk.store\/sv\/#\/schema\/logo\/image\/"}}]}},"jetpack_sharing_enabled":true,"_links":{"self":[{"href":"https:\/\/truusk.store\/sv\/wp-json\/wp\/v2\/product\/12804","targetHints":{"allow":["GET"]}}],"collection":[{"href":"https:\/\/truusk.store\/sv\/wp-json\/wp\/v2\/product"}],"about":[{"href":"https:\/\/truusk.store\/sv\/wp-json\/wp\/v2\/types\/product"}],"wp:featuredmedia":[{"embeddable":true,"href":"https:\/\/truusk.store\/sv\/wp-json\/wp\/v2\/media\/12805"}],"wp:attachment":[{"href":"https:\/\/truusk.store\/sv\/wp-json\/wp\/v2\/media?parent=12804"}],"wp:term":[{"taxonomy":"product_brand","embeddable":true,"href":"https:\/\/truusk.store\/sv\/wp-json\/wp\/v2\/product_brand?post=12804"},{"taxonomy":"product_cat","embeddable":true,"href":"https:\/\/truusk.store\/sv\/wp-json\/wp\/v2\/product_cat?post=12804"},{"taxonomy":"product_tag","embeddable":true,"href":"https:\/\/truusk.store\/sv\/wp-json\/wp\/v2\/product_tag?post=12804"}],"curies":[{"name":"wp","href":"https:\/\/api.w.org\/{rel}","templated":true}]}}