{"id":12922,"date":"2024-02-13T11:22:43","date_gmt":"2024-02-13T10:22:43","guid":{"rendered":"https:\/\/truusk.store\/product\/fotpall-benstod-pall-entrebank-rygglos-pallbank-chesterfield-gjord-av-konstlader-svart-40-x-30-x-24-cm\/"},"modified":"2026-03-12T08:58:05","modified_gmt":"2026-03-12T07:58:05","slug":"truusk-fotpall-i-svart-konstlader-rygglos-benstod-for-entre-chesterfield-design-40-x-30-x-24-cm","status":"publish","type":"product","link":"https:\/\/truusk.store\/sv\/produkt\/truusk-fotpall-i-svart-konstlader-rygglos-benstod-for-entre-chesterfield-design-40-x-30-x-24-cm\/","title":{"rendered":"TRUUSK Fotpall i Svart Konstl\u00e4der &#8211; Ryggl\u00f6s Benst\u00f6d f\u00f6r Entr\u00e9 &#8211; Chesterfield Design &#8211; 40 x 30 x 24 cm"},"content":{"rendered":"<p>Fotpallen har h\u00f6g stabilitet och kvalitet och kan anv\u00e4ndas av dig under l\u00e5ng tid. Den kan anv\u00e4ndas p\u00e5 olika s\u00e4tt som entr\u00e9b\u00e4nk, soffbordsfot, etc. F\u00f6rutom sin faktiska funktion har den ocks\u00e5 ett elegant utseende och kan vackert dekorera ditt hem eller kontor. Ytan \u00e4r gjord av syntetiskt l\u00e4der, vilket inneb\u00e4r att den \u00e4r vattent\u00e4t och l\u00e4tt att reng\u00f6ra.<\/p>\n<h3>Beskrivning:<\/h3>\n<ul>\n<li>Klassisk, elegant pall<\/li>\n<li>Ett stilrent blickf\u00e5ng i varje hem<\/li>\n<li>T\u00e4ckt med slitstarkt konstl\u00e4der, l\u00e4tt att reng\u00f6ra<\/li>\n<li>Tjock vaddering s\u00e4kerst\u00e4ller komfort<\/li>\n<li>Stabila plastben<\/li>\n<\/ul>\n<h3>Teknisk data:<\/h3>\n<ul>\n<li>Material: konstl\u00e4der, plast<\/li>\n<li>\u00d6vergripande m\u00e5tt: L40 x B30 x H24 cm<\/li>\n<li>H\u00f6jd: ca 9 cm<\/li>\n<li>Vikt: ca 2,2 kg<\/li>\n<li>Lastkapacitet: 100 kg<\/li>\n<li>Svart f\u00e4rg<\/li>\n<\/ul>\n<h3>Leveransens omfattning:<\/h3>\n<ul>\n<li>1 x pall;<\/li>\n<\/ul>\n","protected":false},"excerpt":{"rendered":"<p>Fotpallen har h\u00f6g stabilitet och kvalitet och kan anv\u00e4ndas av dig under l\u00e5ng tid. Den kan anv\u00e4ndas p\u00e5 olika s\u00e4tt&#8230;<\/p>\n","protected":false},"featured_media":12923,"template":"","meta":[],"product_brand":[],"product_cat":[485,542,543],"product_tag":[],"class_list":{"0":"post-12922","1":"product","2":"type-product","3":"status-publish","4":"has-post-thumbnail","6":"product_cat-hus-bo","7":"product_cat-pall","8":"product_cat-pall-fotpall","10":"first","11":"instock","12":"sale","13":"taxable","14":"shipping-taxable","15":"purchasable","16":"product-type-simple"},"yoast_head":"<!-- This site is optimized with the Yoast SEO plugin v25.4 - https:\/\/yoast.com\/wordpress\/plugins\/seo\/ -->\n<title>TRUUSK Fotpall i Svart Konstl\u00e4der - Ryggl\u00f6s Benst\u00f6d f\u00f6r Entr\u00e9 - Chesterfield Design - 40 x 30 x 24 cm - TRUUSK - Hem, Tr\u00e4dg\u00e5rd &amp; Fritid<\/title>\n<meta name=\"robots\" content=\"index, follow, max-snippet:-1, max-image-preview:large, max-video-preview:-1\" \/>\n<link rel=\"canonical\" href=\"https:\/\/truusk.store\/sv\/produkt\/truusk-fotpall-i-svart-konstlader-rygglos-benstod-for-entre-chesterfield-design-40-x-30-x-24-cm\/\" \/>\n<meta property=\"og:locale\" content=\"sv_SE\" \/>\n<meta property=\"og:type\" content=\"article\" \/>\n<meta property=\"og:title\" content=\"TRUUSK Fotpall i Svart Konstl\u00e4der - Ryggl\u00f6s Benst\u00f6d f\u00f6r Entr\u00e9 - Chesterfield Design - 40 x 30 x 24 cm - TRUUSK - Hem, Tr\u00e4dg\u00e5rd &amp; Fritid\" \/>\n<meta property=\"og:description\" content=\"Fotpallen har h\u00f6g stabilitet och kvalitet och kan anv\u00e4ndas av dig under l\u00e5ng tid. Den kan anv\u00e4ndas p\u00e5 olika s\u00e4tt...\" \/>\n<meta property=\"og:url\" content=\"https:\/\/truusk.store\/sv\/produkt\/truusk-fotpall-i-svart-konstlader-rygglos-benstod-for-entre-chesterfield-design-40-x-30-x-24-cm\/\" \/>\n<meta property=\"og:site_name\" content=\"TRUUSK - Hem, Tr\u00e4dg\u00e5rd &amp; Fritid\" \/>\n<meta property=\"article:modified_time\" content=\"2026-03-12T07:58:05+00:00\" \/>\n<meta property=\"og:image\" content=\"https:\/\/i0.wp.com\/truusk.se\/wp-content\/uploads\/2024\/02\/fotpall-benstod-pall-entrebank-rygglos-pallbank-chesterfield-gjord-av-konstlader-svart-40-x-30-x-24-cm.webp?fit=800%2C800&ssl=1\" \/>\n\t<meta property=\"og:image:width\" content=\"800\" \/>\n\t<meta property=\"og:image:height\" content=\"800\" \/>\n\t<meta property=\"og:image:type\" content=\"image\/webp\" \/>\n<meta name=\"twitter:card\" content=\"summary_large_image\" \/>\n<meta name=\"twitter:label1\" content=\"Ber\u00e4knad l\u00e4stid\" \/>\n\t<meta name=\"twitter:data1\" content=\"1 minut\" \/>\n<!-- \/ Yoast SEO plugin. -->","yoast_head_json":{"title":"TRUUSK Fotpall i Svart Konstl\u00e4der - Ryggl\u00f6s Benst\u00f6d f\u00f6r Entr\u00e9 - Chesterfield Design - 40 x 30 x 24 cm - TRUUSK - Hem, Tr\u00e4dg\u00e5rd &amp; Fritid","robots":{"index":"index","follow":"follow","max-snippet":"max-snippet:-1","max-image-preview":"max-image-preview:large","max-video-preview":"max-video-preview:-1"},"canonical":"https:\/\/truusk.store\/sv\/produkt\/truusk-fotpall-i-svart-konstlader-rygglos-benstod-for-entre-chesterfield-design-40-x-30-x-24-cm\/","og_locale":"sv_SE","og_type":"article","og_title":"TRUUSK Fotpall i Svart Konstl\u00e4der - Ryggl\u00f6s Benst\u00f6d f\u00f6r Entr\u00e9 - Chesterfield Design - 40 x 30 x 24 cm - TRUUSK - Hem, Tr\u00e4dg\u00e5rd &amp; Fritid","og_description":"Fotpallen har h\u00f6g stabilitet och kvalitet och kan anv\u00e4ndas av dig under l\u00e5ng tid. Den kan anv\u00e4ndas p\u00e5 olika s\u00e4tt...","og_url":"https:\/\/truusk.store\/sv\/produkt\/truusk-fotpall-i-svart-konstlader-rygglos-benstod-for-entre-chesterfield-design-40-x-30-x-24-cm\/","og_site_name":"TRUUSK - Hem, Tr\u00e4dg\u00e5rd &amp; Fritid","article_modified_time":"2026-03-12T07:58:05+00:00","og_image":[{"width":800,"height":800,"url":"https:\/\/i0.wp.com\/truusk.se\/wp-content\/uploads\/2024\/02\/fotpall-benstod-pall-entrebank-rygglos-pallbank-chesterfield-gjord-av-konstlader-svart-40-x-30-x-24-cm.webp?fit=800%2C800&ssl=1","type":"image\/webp"}],"twitter_card":"summary_large_image","twitter_misc":{"Ber\u00e4knad l\u00e4stid":"1 minut"},"schema":{"@context":"https:\/\/schema.org","@graph":[{"@type":"WebPage","@id":"https:\/\/truusk.store\/sv\/produkt\/truusk-fotpall-i-svart-konstlader-rygglos-benstod-for-entre-chesterfield-design-40-x-30-x-24-cm\/","url":"https:\/\/truusk.store\/sv\/produkt\/truusk-fotpall-i-svart-konstlader-rygglos-benstod-for-entre-chesterfield-design-40-x-30-x-24-cm\/","name":"TRUUSK Fotpall i Svart Konstl\u00e4der - Ryggl\u00f6s Benst\u00f6d f\u00f6r Entr\u00e9 - Chesterfield Design - 40 x 30 x 24 cm - TRUUSK - Hem, Tr\u00e4dg\u00e5rd &amp; Fritid","isPartOf":{"@id":"https:\/\/truusk.store\/sv\/#website"},"primaryImageOfPage":{"@id":"https:\/\/truusk.store\/sv\/produkt\/truusk-fotpall-i-svart-konstlader-rygglos-benstod-for-entre-chesterfield-design-40-x-30-x-24-cm\/#primaryimage"},"image":{"@id":"https:\/\/truusk.store\/sv\/produkt\/truusk-fotpall-i-svart-konstlader-rygglos-benstod-for-entre-chesterfield-design-40-x-30-x-24-cm\/#primaryimage"},"thumbnailUrl":"https:\/\/i0.wp.com\/truusk.store\/wp-content\/uploads\/2024\/02\/fotpall-benstod-pall-entrebank-rygglos-pallbank-chesterfield-gjord-av-konstlader-svart-40-x-30-x-24-cm.webp?fit=800%2C800&ssl=1","datePublished":"2024-02-13T10:22:43+00:00","dateModified":"2026-03-12T07:58:05+00:00","breadcrumb":{"@id":"https:\/\/truusk.store\/sv\/produkt\/truusk-fotpall-i-svart-konstlader-rygglos-benstod-for-entre-chesterfield-design-40-x-30-x-24-cm\/#breadcrumb"},"inLanguage":"sv-SE","potentialAction":[{"@type":"ReadAction","target":["https:\/\/truusk.store\/sv\/produkt\/truusk-fotpall-i-svart-konstlader-rygglos-benstod-for-entre-chesterfield-design-40-x-30-x-24-cm\/"]}]},{"@type":"ImageObject","inLanguage":"sv-SE","@id":"https:\/\/truusk.store\/sv\/produkt\/truusk-fotpall-i-svart-konstlader-rygglos-benstod-for-entre-chesterfield-design-40-x-30-x-24-cm\/#primaryimage","url":"https:\/\/i0.wp.com\/truusk.store\/wp-content\/uploads\/2024\/02\/fotpall-benstod-pall-entrebank-rygglos-pallbank-chesterfield-gjord-av-konstlader-svart-40-x-30-x-24-cm.webp?fit=800%2C800&ssl=1","contentUrl":"https:\/\/i0.wp.com\/truusk.store\/wp-content\/uploads\/2024\/02\/fotpall-benstod-pall-entrebank-rygglos-pallbank-chesterfield-gjord-av-konstlader-svart-40-x-30-x-24-cm.webp?fit=800%2C800&ssl=1","width":800,"height":800,"caption":"Fotpall Benst\u00f6d Pall Entr\u00e9b\u00e4nk Ryggl\u00f6s Pallb\u00e4nk Chesterfield Gjord Av Konstl\u00e4der Svart 40 X 30 X 24 Cm 1"},{"@type":"BreadcrumbList","@id":"https:\/\/truusk.store\/sv\/produkt\/truusk-fotpall-i-svart-konstlader-rygglos-benstod-for-entre-chesterfield-design-40-x-30-x-24-cm\/#breadcrumb","itemListElement":[{"@type":"ListItem","position":1,"name":"Home","item":"https:\/\/truusk.store\/sv\/"},{"@type":"ListItem","position":2,"name":"Shop","item":"https:\/\/truusk.store\/shop\/"},{"@type":"ListItem","position":3,"name":"TRUUSK Fotpall i Svart Konstl\u00e4der &#8211; Ryggl\u00f6s Benst\u00f6d f\u00f6r Entr\u00e9 &#8211; Chesterfield Design &#8211; 40 x 30 x 24 cm"}]},{"@type":"WebSite","@id":"https:\/\/truusk.store\/sv\/#website","url":"https:\/\/truusk.store\/sv\/","name":"TRUUSK - Hem, Tr\u00e4dg\u00e5rd & Fritid","description":"","publisher":{"@id":"https:\/\/truusk.store\/sv\/#organization"},"potentialAction":[{"@type":"SearchAction","target":{"@type":"EntryPoint","urlTemplate":"https:\/\/truusk.store\/sv\/?s={search_term_string}"},"query-input":{"@type":"PropertyValueSpecification","valueRequired":true,"valueName":"search_term_string"}}],"inLanguage":"sv-SE"},{"@type":"Organization","@id":"https:\/\/truusk.store\/sv\/#organization","name":"TRUUSK - Hem, Tr\u00e4dg\u00e5rd & Fritid","url":"https:\/\/truusk.store\/sv\/","logo":{"@type":"ImageObject","inLanguage":"sv-SE","@id":"https:\/\/truusk.store\/sv\/#\/schema\/logo\/image\/","url":"https:\/\/i0.wp.com\/truusk.store\/wp-content\/uploads\/2026\/03\/cropped-TRUUSK.png?fit=2032%2C917&ssl=1","contentUrl":"https:\/\/i0.wp.com\/truusk.store\/wp-content\/uploads\/2026\/03\/cropped-TRUUSK.png?fit=2032%2C917&ssl=1","width":2032,"height":917,"caption":"TRUUSK - Hem, Tr\u00e4dg\u00e5rd & Fritid"},"image":{"@id":"https:\/\/truusk.store\/sv\/#\/schema\/logo\/image\/"}}]}},"jetpack_sharing_enabled":true,"_links":{"self":[{"href":"https:\/\/truusk.store\/sv\/wp-json\/wp\/v2\/product\/12922","targetHints":{"allow":["GET"]}}],"collection":[{"href":"https:\/\/truusk.store\/sv\/wp-json\/wp\/v2\/product"}],"about":[{"href":"https:\/\/truusk.store\/sv\/wp-json\/wp\/v2\/types\/product"}],"wp:featuredmedia":[{"embeddable":true,"href":"https:\/\/truusk.store\/sv\/wp-json\/wp\/v2\/media\/12923"}],"wp:attachment":[{"href":"https:\/\/truusk.store\/sv\/wp-json\/wp\/v2\/media?parent=12922"}],"wp:term":[{"taxonomy":"product_brand","embeddable":true,"href":"https:\/\/truusk.store\/sv\/wp-json\/wp\/v2\/product_brand?post=12922"},{"taxonomy":"product_cat","embeddable":true,"href":"https:\/\/truusk.store\/sv\/wp-json\/wp\/v2\/product_cat?post=12922"},{"taxonomy":"product_tag","embeddable":true,"href":"https:\/\/truusk.store\/sv\/wp-json\/wp\/v2\/product_tag?post=12922"}],"curies":[{"name":"wp","href":"https:\/\/api.w.org\/{rel}","templated":true}]}}