{"id":12953,"date":"2024-02-13T11:23:49","date_gmt":"2024-02-13T10:23:49","guid":{"rendered":"https:\/\/truusk.store\/product\/hundkoja-i-rotting-med-dyna-husformad-hundsang-hundhus-utomhus-stalstomme-pp-kaffebrun-69-x-98-x-70-cm\/"},"modified":"2026-03-12T08:58:06","modified_gmt":"2026-03-12T07:58:06","slug":"truusk-hundkoja-i-rotting-med-dyna-husformad-hundsang-stalstomme-kaffebrun-69-x-98-x-70-cm","status":"publish","type":"product","link":"https:\/\/truusk.store\/sv\/produkt\/truusk-hundkoja-i-rotting-med-dyna-husformad-hundsang-stalstomme-kaffebrun-69-x-98-x-70-cm\/","title":{"rendered":"TRUUSK Hundkoja i Rotting med Dyna &#8211; Husformad Hunds\u00e4ng &#8211; St\u00e5lstomme &#8211; Kaffebrun &#8211; 69 x 98 x 70 cm"},"content":{"rendered":"<p>Ge ditt vackra husdjur en bekv\u00e4m plats tillsammans med dig n\u00e4r du vilar i din tr\u00e4dg\u00e5rd. Denna moderna katts\u00e4ng ger en bekv\u00e4m tillflyktsort f\u00f6r s\u00e4kerhet och vila. Denna robusta st\u00e5lram med allv\u00e4der PE-rotting och tak ger utm\u00e4rkt skydd f\u00f6r dina husdjur. Levereras med en \u00f6verl\u00e4gsen vadderad kudde f\u00f6r extra komfort medan du kopplar av. Ge din lurviga v\u00e4n en f\u00f6rh\u00f6jd katts\u00e4ng med en tjock kudde att sova eller koppla av i!<\/p>\n<h3>Beskrivning:<\/h3>\n<ul>\n<li>Husformdesign f\u00f6r chicness och dekoration i hemmet<\/li>\n<li>Perfekt f\u00f6r tr\u00e4dg\u00e5rd, terrass, balkong eller interi\u00f6r<\/li>\n<li>Tillverkad av st\u00e5l med allv\u00e4ders PE-rotting, UV- och vattent\u00e4t, l\u00e4mplig f\u00f6r alla v\u00e4derf\u00f6rh\u00e5llanden<\/li>\n<li>Mjuk vadderad kudde ger extra komfort<\/li>\n<li>Med r\u00e4cken f\u00f6r att f\u00f6rhindra fall<\/li>\n<li>4 stadiga ben med halkfria skyddsmattor<\/li>\n<li>Upph\u00f6jd design f\u00f6rhindrar fukt fr\u00e5n golvet<\/li>\n<li>L\u00e4mplig f\u00f6r sm\u00e5 till medelstora katter eller hundar<\/li>\n<li>Obs: Kontrollera denna storlek innan du k\u00f6per<\/li>\n<\/ul>\n<h3>Teknisk data:<\/h3>\n<ul>\n<li>Material: PE rotting, st\u00e5l, polyester, skum<\/li>\n<li>\u00d6vergripande m\u00e5tt: B69 x D98 x H70 cm<\/li>\n<li>S\u00e4ngstorlek: B80 x D67 cm<\/li>\n<li>S\u00e4ngens h\u00f6jd fr\u00e5n golvet: 12 cm<\/li>\n<li>H\u00f6jd p\u00e5 omgivande kant: 18 cm<\/li>\n<li>Ing\u00e5ng: 80 cm<\/li>\n<li>Max lastkapacitet: 50 kg<\/li>\n<li>F\u00e4rg: kaffebrun<\/li>\n<\/ul>\n<h3>Leveransens omfattning:<\/h3>\n<ul>\n<li>1 x Hundhus<\/li>\n<li>1 x Monteringsanvisning<\/li>\n<\/ul>\n","protected":false},"excerpt":{"rendered":"<p>Ge ditt vackra husdjur en bekv\u00e4m plats tillsammans med dig n\u00e4r du vilar i din tr\u00e4dg\u00e5rd. Denna moderna katts\u00e4ng ger&#8230;<\/p>\n","protected":false},"featured_media":12954,"template":"","meta":[],"product_brand":[],"product_cat":[576,574,573],"product_tag":[],"class_list":{"0":"post-12953","1":"product","2":"type-product","3":"status-publish","4":"has-post-thumbnail","6":"product_cat-hundsangar-hundsoffor","7":"product_cat-hundtillbehor","8":"product_cat-husdjursmaterial","10":"first","11":"instock","12":"sale","13":"taxable","14":"shipping-taxable","15":"purchasable","16":"product-type-simple"},"yoast_head":"<!-- This site is optimized with the Yoast SEO plugin v25.4 - https:\/\/yoast.com\/wordpress\/plugins\/seo\/ -->\n<title>TRUUSK Hundkoja i Rotting med Dyna - Husformad Hunds\u00e4ng - St\u00e5lstomme - Kaffebrun - 69 x 98 x 70 cm - TRUUSK - Hem, Tr\u00e4dg\u00e5rd &amp; Fritid<\/title>\n<meta name=\"robots\" content=\"index, follow, max-snippet:-1, max-image-preview:large, max-video-preview:-1\" \/>\n<link rel=\"canonical\" href=\"https:\/\/truusk.store\/sv\/produkt\/truusk-hundkoja-i-rotting-med-dyna-husformad-hundsang-stalstomme-kaffebrun-69-x-98-x-70-cm\/\" \/>\n<meta property=\"og:locale\" content=\"sv_SE\" \/>\n<meta property=\"og:type\" content=\"article\" \/>\n<meta property=\"og:title\" content=\"TRUUSK Hundkoja i Rotting med Dyna - Husformad Hunds\u00e4ng - St\u00e5lstomme - Kaffebrun - 69 x 98 x 70 cm - TRUUSK - Hem, Tr\u00e4dg\u00e5rd &amp; Fritid\" \/>\n<meta property=\"og:description\" content=\"Ge ditt vackra husdjur en bekv\u00e4m plats tillsammans med dig n\u00e4r du vilar i din tr\u00e4dg\u00e5rd. Denna moderna katts\u00e4ng ger...\" \/>\n<meta property=\"og:url\" content=\"https:\/\/truusk.store\/sv\/produkt\/truusk-hundkoja-i-rotting-med-dyna-husformad-hundsang-stalstomme-kaffebrun-69-x-98-x-70-cm\/\" \/>\n<meta property=\"og:site_name\" content=\"TRUUSK - Hem, Tr\u00e4dg\u00e5rd &amp; Fritid\" \/>\n<meta property=\"article:modified_time\" content=\"2026-03-12T07:58:06+00:00\" \/>\n<meta property=\"og:image\" content=\"https:\/\/i0.wp.com\/truusk.se\/wp-content\/uploads\/2024\/02\/hundkoja-i-rotting-med-dyna-husformad-hundsang-hundhus-utomhus-stalstomme-pp-kaffebrun-69-x-98-x-70-cm.webp?fit=800%2C800&ssl=1\" \/>\n\t<meta property=\"og:image:width\" content=\"800\" \/>\n\t<meta property=\"og:image:height\" content=\"800\" \/>\n\t<meta property=\"og:image:type\" content=\"image\/webp\" \/>\n<meta name=\"twitter:card\" content=\"summary_large_image\" \/>\n<meta name=\"twitter:label1\" content=\"Ber\u00e4knad l\u00e4stid\" \/>\n\t<meta name=\"twitter:data1\" content=\"1 minut\" \/>\n<!-- \/ Yoast SEO plugin. -->","yoast_head_json":{"title":"TRUUSK Hundkoja i Rotting med Dyna - Husformad Hunds\u00e4ng - St\u00e5lstomme - Kaffebrun - 69 x 98 x 70 cm - TRUUSK - Hem, Tr\u00e4dg\u00e5rd &amp; Fritid","robots":{"index":"index","follow":"follow","max-snippet":"max-snippet:-1","max-image-preview":"max-image-preview:large","max-video-preview":"max-video-preview:-1"},"canonical":"https:\/\/truusk.store\/sv\/produkt\/truusk-hundkoja-i-rotting-med-dyna-husformad-hundsang-stalstomme-kaffebrun-69-x-98-x-70-cm\/","og_locale":"sv_SE","og_type":"article","og_title":"TRUUSK Hundkoja i Rotting med Dyna - Husformad Hunds\u00e4ng - St\u00e5lstomme - Kaffebrun - 69 x 98 x 70 cm - TRUUSK - Hem, Tr\u00e4dg\u00e5rd &amp; Fritid","og_description":"Ge ditt vackra husdjur en bekv\u00e4m plats tillsammans med dig n\u00e4r du vilar i din tr\u00e4dg\u00e5rd. Denna moderna katts\u00e4ng ger...","og_url":"https:\/\/truusk.store\/sv\/produkt\/truusk-hundkoja-i-rotting-med-dyna-husformad-hundsang-stalstomme-kaffebrun-69-x-98-x-70-cm\/","og_site_name":"TRUUSK - Hem, Tr\u00e4dg\u00e5rd &amp; Fritid","article_modified_time":"2026-03-12T07:58:06+00:00","og_image":[{"width":800,"height":800,"url":"https:\/\/i0.wp.com\/truusk.se\/wp-content\/uploads\/2024\/02\/hundkoja-i-rotting-med-dyna-husformad-hundsang-hundhus-utomhus-stalstomme-pp-kaffebrun-69-x-98-x-70-cm.webp?fit=800%2C800&ssl=1","type":"image\/webp"}],"twitter_card":"summary_large_image","twitter_misc":{"Ber\u00e4knad l\u00e4stid":"1 minut"},"schema":{"@context":"https:\/\/schema.org","@graph":[{"@type":"WebPage","@id":"https:\/\/truusk.store\/sv\/produkt\/truusk-hundkoja-i-rotting-med-dyna-husformad-hundsang-stalstomme-kaffebrun-69-x-98-x-70-cm\/","url":"https:\/\/truusk.store\/sv\/produkt\/truusk-hundkoja-i-rotting-med-dyna-husformad-hundsang-stalstomme-kaffebrun-69-x-98-x-70-cm\/","name":"TRUUSK Hundkoja i Rotting med Dyna - Husformad Hunds\u00e4ng - St\u00e5lstomme - Kaffebrun - 69 x 98 x 70 cm - TRUUSK - Hem, Tr\u00e4dg\u00e5rd &amp; Fritid","isPartOf":{"@id":"https:\/\/truusk.store\/sv\/#website"},"primaryImageOfPage":{"@id":"https:\/\/truusk.store\/sv\/produkt\/truusk-hundkoja-i-rotting-med-dyna-husformad-hundsang-stalstomme-kaffebrun-69-x-98-x-70-cm\/#primaryimage"},"image":{"@id":"https:\/\/truusk.store\/sv\/produkt\/truusk-hundkoja-i-rotting-med-dyna-husformad-hundsang-stalstomme-kaffebrun-69-x-98-x-70-cm\/#primaryimage"},"thumbnailUrl":"https:\/\/i0.wp.com\/truusk.store\/wp-content\/uploads\/2024\/02\/hundkoja-i-rotting-med-dyna-husformad-hundsang-hundhus-utomhus-stalstomme-pp-kaffebrun-69-x-98-x-70-cm.webp?fit=800%2C800&ssl=1","datePublished":"2024-02-13T10:23:49+00:00","dateModified":"2026-03-12T07:58:06+00:00","breadcrumb":{"@id":"https:\/\/truusk.store\/sv\/produkt\/truusk-hundkoja-i-rotting-med-dyna-husformad-hundsang-stalstomme-kaffebrun-69-x-98-x-70-cm\/#breadcrumb"},"inLanguage":"sv-SE","potentialAction":[{"@type":"ReadAction","target":["https:\/\/truusk.store\/sv\/produkt\/truusk-hundkoja-i-rotting-med-dyna-husformad-hundsang-stalstomme-kaffebrun-69-x-98-x-70-cm\/"]}]},{"@type":"ImageObject","inLanguage":"sv-SE","@id":"https:\/\/truusk.store\/sv\/produkt\/truusk-hundkoja-i-rotting-med-dyna-husformad-hundsang-stalstomme-kaffebrun-69-x-98-x-70-cm\/#primaryimage","url":"https:\/\/i0.wp.com\/truusk.store\/wp-content\/uploads\/2024\/02\/hundkoja-i-rotting-med-dyna-husformad-hundsang-hundhus-utomhus-stalstomme-pp-kaffebrun-69-x-98-x-70-cm.webp?fit=800%2C800&ssl=1","contentUrl":"https:\/\/i0.wp.com\/truusk.store\/wp-content\/uploads\/2024\/02\/hundkoja-i-rotting-med-dyna-husformad-hundsang-hundhus-utomhus-stalstomme-pp-kaffebrun-69-x-98-x-70-cm.webp?fit=800%2C800&ssl=1","width":800,"height":800,"caption":"Hundkoja I Rotting Med Dyna, Husformad Hunds\u00e4ng, Hundhus Utomhus, St\u00e5lstomme, PP, Kaffebrun, 69 X 98 X 70 Cm 1"},{"@type":"BreadcrumbList","@id":"https:\/\/truusk.store\/sv\/produkt\/truusk-hundkoja-i-rotting-med-dyna-husformad-hundsang-stalstomme-kaffebrun-69-x-98-x-70-cm\/#breadcrumb","itemListElement":[{"@type":"ListItem","position":1,"name":"Home","item":"https:\/\/truusk.store\/sv\/"},{"@type":"ListItem","position":2,"name":"Shop","item":"https:\/\/truusk.store\/shop\/"},{"@type":"ListItem","position":3,"name":"TRUUSK Hundkoja i Rotting med Dyna &#8211; Husformad Hunds\u00e4ng &#8211; St\u00e5lstomme &#8211; Kaffebrun &#8211; 69 x 98 x 70 cm"}]},{"@type":"WebSite","@id":"https:\/\/truusk.store\/sv\/#website","url":"https:\/\/truusk.store\/sv\/","name":"TRUUSK - Hem, Tr\u00e4dg\u00e5rd & Fritid","description":"","publisher":{"@id":"https:\/\/truusk.store\/sv\/#organization"},"potentialAction":[{"@type":"SearchAction","target":{"@type":"EntryPoint","urlTemplate":"https:\/\/truusk.store\/sv\/?s={search_term_string}"},"query-input":{"@type":"PropertyValueSpecification","valueRequired":true,"valueName":"search_term_string"}}],"inLanguage":"sv-SE"},{"@type":"Organization","@id":"https:\/\/truusk.store\/sv\/#organization","name":"TRUUSK - Hem, Tr\u00e4dg\u00e5rd & Fritid","url":"https:\/\/truusk.store\/sv\/","logo":{"@type":"ImageObject","inLanguage":"sv-SE","@id":"https:\/\/truusk.store\/sv\/#\/schema\/logo\/image\/","url":"https:\/\/i0.wp.com\/truusk.store\/wp-content\/uploads\/2026\/03\/cropped-TRUUSK.png?fit=2032%2C917&ssl=1","contentUrl":"https:\/\/i0.wp.com\/truusk.store\/wp-content\/uploads\/2026\/03\/cropped-TRUUSK.png?fit=2032%2C917&ssl=1","width":2032,"height":917,"caption":"TRUUSK - Hem, Tr\u00e4dg\u00e5rd & Fritid"},"image":{"@id":"https:\/\/truusk.store\/sv\/#\/schema\/logo\/image\/"}}]}},"jetpack_sharing_enabled":true,"_links":{"self":[{"href":"https:\/\/truusk.store\/sv\/wp-json\/wp\/v2\/product\/12953","targetHints":{"allow":["GET"]}}],"collection":[{"href":"https:\/\/truusk.store\/sv\/wp-json\/wp\/v2\/product"}],"about":[{"href":"https:\/\/truusk.store\/sv\/wp-json\/wp\/v2\/types\/product"}],"wp:featuredmedia":[{"embeddable":true,"href":"https:\/\/truusk.store\/sv\/wp-json\/wp\/v2\/media\/12954"}],"wp:attachment":[{"href":"https:\/\/truusk.store\/sv\/wp-json\/wp\/v2\/media?parent=12953"}],"wp:term":[{"taxonomy":"product_brand","embeddable":true,"href":"https:\/\/truusk.store\/sv\/wp-json\/wp\/v2\/product_brand?post=12953"},{"taxonomy":"product_cat","embeddable":true,"href":"https:\/\/truusk.store\/sv\/wp-json\/wp\/v2\/product_cat?post=12953"},{"taxonomy":"product_tag","embeddable":true,"href":"https:\/\/truusk.store\/sv\/wp-json\/wp\/v2\/product_tag?post=12953"}],"curies":[{"name":"wp","href":"https:\/\/api.w.org\/{rel}","templated":true}]}}