{"id":12986,"date":"2024-02-13T11:24:36","date_gmt":"2024-02-13T10:24:36","guid":{"rendered":"https:\/\/truusk.store\/product\/hundtrappa-3-steg-katttrappa-husdjurstrappa-hundtrappa-for-hundar-och-katter-djurtrappor-instigningshjalp-med-mattaforvaringsutrymme-for-baddsoffa-gran-tra-gra-405-x-445-x-38-cm\/"},"modified":"2026-03-12T08:58:07","modified_gmt":"2026-03-12T07:58:07","slug":"truusk-hund-och-kattrappa-3-steg-for-hundar-och-katter-instigningshjalp-mattaforvaringsutrymme-gran-tra-gra-405-x","status":"publish","type":"product","link":"https:\/\/truusk.store\/sv\/produkt\/truusk-hund-och-kattrappa-3-steg-for-hundar-och-katter-instigningshjalp-mattaforvaringsutrymme-gran-tra-gra-405-x\/","title":{"rendered":"TRUUSK Hund- och Kattrappa 3 Steg &#8211; F\u00f6r Hundar och Katter &#8211; Instigningshj\u00e4lp &#8211; Mattaf\u00f6rvaringsutrymme &#8211; Gran Tr\u00e4 Gr\u00e5 &#8211; 40,5 x"},"content":{"rendered":"<p>S\u00e4rskilt \u00e4ldre husdjur k\u00e4mpar ofta med r\u00f6relseproblem. Det \u00e4r h\u00e4r husdjurstrappan kan hj\u00e4lpa till. Med den kan till exempel gamla eller s\u00e4rskilt sm\u00e5 hundar enkelt ta sig upp i soffan eller in i bilen. Det finns ocks\u00e5 gott om f\u00f6rvaringsutrymme under trappan d\u00e4r du kan f\u00f6rvara alla slags husdjursf\u00f6rn\u00f6denheter. Trappan \u00e4r gjord av robust grantr\u00e4, de enskilda stegen \u00e4r t\u00e4ckta med halkfri n\u00e5lfilt.<\/p>\n<h3>Beskrivning:<\/h3>\n<ul>\n<li>Perfekt f\u00f6r \u00e4ldre husdjur med r\u00f6relseproblem<\/li>\n<li>L\u00e4tt att ta p\u00e5\/av, till exempel i soffan eller i bilen<\/li>\n<li>Steg med n\u00e5lfilt f\u00f6r s\u00e4ker fot<\/li>\n<li>Med f\u00f6rvaringsutrymme f\u00f6r husdjursf\u00f6rn\u00f6denheter<\/li>\n<li>Tillverkad av gran, b\u00e4r upp till 30 kg<\/li>\n<li>Tips: L\u00e4mplig f\u00f6r sm\u00e5 till medelstora hundar, rekommenderas inte f\u00f6r minis och stora hundar<\/li>\n<\/ul>\n<h3>Teknisk data:<\/h3>\n<ul>\n<li>Material: gran, n\u00e5lfilt<\/li>\n<li>F\u00e4rg gr\u00e5<\/li>\n<li>\u00d6vergripande m\u00e5tt: B40,5 x D44,5 x H38 cm<\/li>\n<li>M\u00e5tt p\u00e5 stegen: L40,5 x B16,5 x H12,6 cm<\/li>\n<li>Vikt: 4,6 kg<\/li>\n<li>Max lastkapacitet: 30 kg<\/li>\n<\/ul>\n<h3>Leveransens omfattning:<\/h3>\n<ul>\n<li>1 x Djurtrappa<\/li>\n<li>1 x bruksanvisning<\/li>\n<\/ul>\n","protected":false},"excerpt":{"rendered":"<p>S\u00e4rskilt \u00e4ldre husdjur k\u00e4mpar ofta med r\u00f6relseproblem. Det \u00e4r h\u00e4r husdjurstrappan kan hj\u00e4lpa till. Med den kan till exempel gamla&#8230;<\/p>\n","protected":false},"featured_media":12987,"template":"","meta":[],"product_brand":[],"product_cat":[574,586,573],"product_tag":[],"class_list":{"0":"post-12986","1":"product","2":"type-product","3":"status-publish","4":"has-post-thumbnail","6":"product_cat-hundtillbehor","7":"product_cat-hundtrappa","8":"product_cat-husdjursmaterial","10":"first","11":"instock","12":"sale","13":"taxable","14":"shipping-taxable","15":"purchasable","16":"product-type-simple"},"yoast_head":"<!-- This site is optimized with the Yoast SEO plugin v25.4 - https:\/\/yoast.com\/wordpress\/plugins\/seo\/ -->\n<title>TRUUSK Hund- och Kattrappa 3 Steg - F\u00f6r Hundar och Katter - Instigningshj\u00e4lp - Mattaf\u00f6rvaringsutrymme - Gran Tr\u00e4 Gr\u00e5 - 40,5 x - TRUUSK - Hem, Tr\u00e4dg\u00e5rd &amp; Fritid<\/title>\n<meta name=\"robots\" content=\"index, follow, max-snippet:-1, max-image-preview:large, max-video-preview:-1\" \/>\n<link rel=\"canonical\" href=\"https:\/\/truusk.store\/sv\/produkt\/truusk-hund-och-kattrappa-3-steg-for-hundar-och-katter-instigningshjalp-mattaforvaringsutrymme-gran-tra-gra-405-x\/\" \/>\n<meta property=\"og:locale\" content=\"sv_SE\" \/>\n<meta property=\"og:type\" content=\"article\" \/>\n<meta property=\"og:title\" content=\"TRUUSK Hund- och Kattrappa 3 Steg - F\u00f6r Hundar och Katter - Instigningshj\u00e4lp - Mattaf\u00f6rvaringsutrymme - Gran Tr\u00e4 Gr\u00e5 - 40,5 x - TRUUSK - Hem, Tr\u00e4dg\u00e5rd &amp; Fritid\" \/>\n<meta property=\"og:description\" content=\"S\u00e4rskilt \u00e4ldre husdjur k\u00e4mpar ofta med r\u00f6relseproblem. Det \u00e4r h\u00e4r husdjurstrappan kan hj\u00e4lpa till. Med den kan till exempel gamla...\" \/>\n<meta property=\"og:url\" content=\"https:\/\/truusk.store\/sv\/produkt\/truusk-hund-och-kattrappa-3-steg-for-hundar-och-katter-instigningshjalp-mattaforvaringsutrymme-gran-tra-gra-405-x\/\" \/>\n<meta property=\"og:site_name\" content=\"TRUUSK - Hem, Tr\u00e4dg\u00e5rd &amp; Fritid\" \/>\n<meta property=\"article:modified_time\" content=\"2026-03-12T07:58:07+00:00\" \/>\n<meta property=\"og:image\" content=\"https:\/\/i0.wp.com\/truusk.se\/wp-content\/uploads\/2024\/02\/hundtrappa-3-steg-katttrappa-husdjurstrappa-hundtrappa-for-hundar-och-katter-djurtrappor-instigningshjalp-med-mattaforvaringsutrymme-for-baddsoffa-gran-tra-gra-405-x-445-x-38-cm.webp?fit=800%2C800&ssl=1\" \/>\n\t<meta property=\"og:image:width\" content=\"800\" \/>\n\t<meta property=\"og:image:height\" content=\"800\" \/>\n\t<meta property=\"og:image:type\" content=\"image\/webp\" \/>\n<meta name=\"twitter:card\" content=\"summary_large_image\" \/>\n<meta name=\"twitter:label1\" content=\"Ber\u00e4knad l\u00e4stid\" \/>\n\t<meta name=\"twitter:data1\" content=\"1 minut\" \/>\n<!-- \/ Yoast SEO plugin. -->","yoast_head_json":{"title":"TRUUSK Hund- och Kattrappa 3 Steg - F\u00f6r Hundar och Katter - Instigningshj\u00e4lp - Mattaf\u00f6rvaringsutrymme - Gran Tr\u00e4 Gr\u00e5 - 40,5 x - TRUUSK - Hem, Tr\u00e4dg\u00e5rd &amp; Fritid","robots":{"index":"index","follow":"follow","max-snippet":"max-snippet:-1","max-image-preview":"max-image-preview:large","max-video-preview":"max-video-preview:-1"},"canonical":"https:\/\/truusk.store\/sv\/produkt\/truusk-hund-och-kattrappa-3-steg-for-hundar-och-katter-instigningshjalp-mattaforvaringsutrymme-gran-tra-gra-405-x\/","og_locale":"sv_SE","og_type":"article","og_title":"TRUUSK Hund- och Kattrappa 3 Steg - F\u00f6r Hundar och Katter - Instigningshj\u00e4lp - Mattaf\u00f6rvaringsutrymme - Gran Tr\u00e4 Gr\u00e5 - 40,5 x - TRUUSK - Hem, Tr\u00e4dg\u00e5rd &amp; Fritid","og_description":"S\u00e4rskilt \u00e4ldre husdjur k\u00e4mpar ofta med r\u00f6relseproblem. Det \u00e4r h\u00e4r husdjurstrappan kan hj\u00e4lpa till. Med den kan till exempel gamla...","og_url":"https:\/\/truusk.store\/sv\/produkt\/truusk-hund-och-kattrappa-3-steg-for-hundar-och-katter-instigningshjalp-mattaforvaringsutrymme-gran-tra-gra-405-x\/","og_site_name":"TRUUSK - Hem, Tr\u00e4dg\u00e5rd &amp; Fritid","article_modified_time":"2026-03-12T07:58:07+00:00","og_image":[{"width":800,"height":800,"url":"https:\/\/i0.wp.com\/truusk.se\/wp-content\/uploads\/2024\/02\/hundtrappa-3-steg-katttrappa-husdjurstrappa-hundtrappa-for-hundar-och-katter-djurtrappor-instigningshjalp-med-mattaforvaringsutrymme-for-baddsoffa-gran-tra-gra-405-x-445-x-38-cm.webp?fit=800%2C800&ssl=1","type":"image\/webp"}],"twitter_card":"summary_large_image","twitter_misc":{"Ber\u00e4knad l\u00e4stid":"1 minut"},"schema":{"@context":"https:\/\/schema.org","@graph":[{"@type":"WebPage","@id":"https:\/\/truusk.store\/sv\/produkt\/truusk-hund-och-kattrappa-3-steg-for-hundar-och-katter-instigningshjalp-mattaforvaringsutrymme-gran-tra-gra-405-x\/","url":"https:\/\/truusk.store\/sv\/produkt\/truusk-hund-och-kattrappa-3-steg-for-hundar-och-katter-instigningshjalp-mattaforvaringsutrymme-gran-tra-gra-405-x\/","name":"TRUUSK Hund- och Kattrappa 3 Steg - F\u00f6r Hundar och Katter - Instigningshj\u00e4lp - Mattaf\u00f6rvaringsutrymme - Gran Tr\u00e4 Gr\u00e5 - 40,5 x - TRUUSK - Hem, Tr\u00e4dg\u00e5rd &amp; Fritid","isPartOf":{"@id":"https:\/\/truusk.store\/sv\/#website"},"primaryImageOfPage":{"@id":"https:\/\/truusk.store\/sv\/produkt\/truusk-hund-och-kattrappa-3-steg-for-hundar-och-katter-instigningshjalp-mattaforvaringsutrymme-gran-tra-gra-405-x\/#primaryimage"},"image":{"@id":"https:\/\/truusk.store\/sv\/produkt\/truusk-hund-och-kattrappa-3-steg-for-hundar-och-katter-instigningshjalp-mattaforvaringsutrymme-gran-tra-gra-405-x\/#primaryimage"},"thumbnailUrl":"https:\/\/i0.wp.com\/truusk.store\/wp-content\/uploads\/2024\/02\/hundtrappa-3-steg-katttrappa-husdjurstrappa-hundtrappa-for-hundar-och-katter-djurtrappor-instigningshjalp-med-mattaforvaringsutrymme-for-baddsoffa-gran-tra-gra-405-x-445-x-38-cm.webp?fit=800%2C800&ssl=1","datePublished":"2024-02-13T10:24:36+00:00","dateModified":"2026-03-12T07:58:07+00:00","breadcrumb":{"@id":"https:\/\/truusk.store\/sv\/produkt\/truusk-hund-och-kattrappa-3-steg-for-hundar-och-katter-instigningshjalp-mattaforvaringsutrymme-gran-tra-gra-405-x\/#breadcrumb"},"inLanguage":"sv-SE","potentialAction":[{"@type":"ReadAction","target":["https:\/\/truusk.store\/sv\/produkt\/truusk-hund-och-kattrappa-3-steg-for-hundar-och-katter-instigningshjalp-mattaforvaringsutrymme-gran-tra-gra-405-x\/"]}]},{"@type":"ImageObject","inLanguage":"sv-SE","@id":"https:\/\/truusk.store\/sv\/produkt\/truusk-hund-och-kattrappa-3-steg-for-hundar-och-katter-instigningshjalp-mattaforvaringsutrymme-gran-tra-gra-405-x\/#primaryimage","url":"https:\/\/i0.wp.com\/truusk.store\/wp-content\/uploads\/2024\/02\/hundtrappa-3-steg-katttrappa-husdjurstrappa-hundtrappa-for-hundar-och-katter-djurtrappor-instigningshjalp-med-mattaforvaringsutrymme-for-baddsoffa-gran-tra-gra-405-x-445-x-38-cm.webp?fit=800%2C800&ssl=1","contentUrl":"https:\/\/i0.wp.com\/truusk.store\/wp-content\/uploads\/2024\/02\/hundtrappa-3-steg-katttrappa-husdjurstrappa-hundtrappa-for-hundar-och-katter-djurtrappor-instigningshjalp-med-mattaforvaringsutrymme-for-baddsoffa-gran-tra-gra-405-x-445-x-38-cm.webp?fit=800%2C800&ssl=1","width":800,"height":800,"caption":"Hundtrappa 3 Steg Katttrappa Husdjurstrappa Hundtrappa F\u00f6r Hundar Och Katter Djurtrappor Instigningshj\u00e4lp Med Mattaf\u00f6rvaringsutrymme F\u00f6r B\u00e4ddsoffa Gran Tr\u00e4 Gr\u00e5 40,5 X 44,5 X 38 Cm 1"},{"@type":"BreadcrumbList","@id":"https:\/\/truusk.store\/sv\/produkt\/truusk-hund-och-kattrappa-3-steg-for-hundar-och-katter-instigningshjalp-mattaforvaringsutrymme-gran-tra-gra-405-x\/#breadcrumb","itemListElement":[{"@type":"ListItem","position":1,"name":"Home","item":"https:\/\/truusk.store\/sv\/"},{"@type":"ListItem","position":2,"name":"Shop","item":"https:\/\/truusk.store\/shop\/"},{"@type":"ListItem","position":3,"name":"TRUUSK Hund- och Kattrappa 3 Steg &#8211; F\u00f6r Hundar och Katter &#8211; Instigningshj\u00e4lp &#8211; Mattaf\u00f6rvaringsutrymme &#8211; Gran Tr\u00e4 Gr\u00e5 &#8211; 40,5 x"}]},{"@type":"WebSite","@id":"https:\/\/truusk.store\/sv\/#website","url":"https:\/\/truusk.store\/sv\/","name":"TRUUSK - Hem, Tr\u00e4dg\u00e5rd & Fritid","description":"","publisher":{"@id":"https:\/\/truusk.store\/sv\/#organization"},"potentialAction":[{"@type":"SearchAction","target":{"@type":"EntryPoint","urlTemplate":"https:\/\/truusk.store\/sv\/?s={search_term_string}"},"query-input":{"@type":"PropertyValueSpecification","valueRequired":true,"valueName":"search_term_string"}}],"inLanguage":"sv-SE"},{"@type":"Organization","@id":"https:\/\/truusk.store\/sv\/#organization","name":"TRUUSK - Hem, Tr\u00e4dg\u00e5rd & Fritid","url":"https:\/\/truusk.store\/sv\/","logo":{"@type":"ImageObject","inLanguage":"sv-SE","@id":"https:\/\/truusk.store\/sv\/#\/schema\/logo\/image\/","url":"https:\/\/i0.wp.com\/truusk.store\/wp-content\/uploads\/2026\/03\/cropped-TRUUSK.png?fit=2032%2C917&ssl=1","contentUrl":"https:\/\/i0.wp.com\/truusk.store\/wp-content\/uploads\/2026\/03\/cropped-TRUUSK.png?fit=2032%2C917&ssl=1","width":2032,"height":917,"caption":"TRUUSK - Hem, Tr\u00e4dg\u00e5rd & Fritid"},"image":{"@id":"https:\/\/truusk.store\/sv\/#\/schema\/logo\/image\/"}}]}},"jetpack_sharing_enabled":true,"_links":{"self":[{"href":"https:\/\/truusk.store\/sv\/wp-json\/wp\/v2\/product\/12986","targetHints":{"allow":["GET"]}}],"collection":[{"href":"https:\/\/truusk.store\/sv\/wp-json\/wp\/v2\/product"}],"about":[{"href":"https:\/\/truusk.store\/sv\/wp-json\/wp\/v2\/types\/product"}],"wp:featuredmedia":[{"embeddable":true,"href":"https:\/\/truusk.store\/sv\/wp-json\/wp\/v2\/media\/12987"}],"wp:attachment":[{"href":"https:\/\/truusk.store\/sv\/wp-json\/wp\/v2\/media?parent=12986"}],"wp:term":[{"taxonomy":"product_brand","embeddable":true,"href":"https:\/\/truusk.store\/sv\/wp-json\/wp\/v2\/product_brand?post=12986"},{"taxonomy":"product_cat","embeddable":true,"href":"https:\/\/truusk.store\/sv\/wp-json\/wp\/v2\/product_cat?post=12986"},{"taxonomy":"product_tag","embeddable":true,"href":"https:\/\/truusk.store\/sv\/wp-json\/wp\/v2\/product_tag?post=12986"}],"curies":[{"name":"wp","href":"https:\/\/api.w.org\/{rel}","templated":true}]}}