{"id":13089,"date":"2024-02-13T11:27:26","date_gmt":"2024-02-13T10:27:26","guid":{"rendered":"https:\/\/truusk.store\/product\/konstgjord-julgran-12-m-julgran-212-st-pvc-gron-32-x-120h-cm\/"},"modified":"2026-03-12T09:03:21","modified_gmt":"2026-03-12T08:03:21","slug":"truusk-konstgjord-julgran-12-m-212-pvc-granar-gron-32-x-120h-cm","status":"publish","type":"product","link":"https:\/\/truusk.store\/sv\/produkt\/truusk-konstgjord-julgran-12-m-212-pvc-granar-gron-32-x-120h-cm\/","title":{"rendered":"TRUUSK Konstgjord Julgran 1,2 M &#8211; 212 PVC-granar &#8211; Gr\u00f6n &#8211; 32 x 120H cm"},"content":{"rendered":"<p>Dekorera ditt hus med denna julgran! Tr\u00e4det har ett attraktivt utseende. Tr\u00e4det \u00e4r designat i en perfekt konform och smalnar av n\u00e4r det r\u00f6r sig upp till en vacker punkt p\u00e5 toppen d\u00e4r du kan l\u00e4gga till en speciell tr\u00e4dtoppare, och dess grenar erbjuder gott om plats s\u00e5 att du och din familj kan dekorera det med alla typer av ljus och prylar kan dekorera. Med sin struktur och material \u00e4r denna julgran byggd f\u00f6r att h\u00e5lla genom m\u00e5nga h\u00f6gtider med sin struktur och material.<\/p>\n<h3>Beskrivning:<\/h3>\n<ul>\n<li>1,2 m h\u00f6g konstgjord julgran i smal pennform<\/li>\n<li>Utm\u00e4rkt f\u00f6r visning i h\u00f6rn, sm\u00e5 rum och ytor med begr\u00e4nsad golvyta<\/li>\n<li>Realistiska PVC-remsor ger tr\u00e4det ett fylligt och frodigt utseende<\/li>\n<li>212 tr\u00e4dtoppar ger gott om plats f\u00f6r dekorativa smycken<\/li>\n<li>G\u00e5ngj\u00e4rnsst\u00f6d m\u00f6jligg\u00f6r snabb och enkel demontering och f\u00f6rvaring<\/li>\n<li>S\u00e4ker och stabil med en stadig och h\u00e5llbar plastbas f\u00f6r st\u00f6d<\/li>\n<li>Plastbasen kan demonteras och vikas<\/li>\n<li>Obs: Dekorationen p\u00e5 bilden ing\u00e5r ej<\/li>\n<\/ul>\n<h3>Teknisk data:<\/h3>\n<ul>\n<li>F\u00e4rg: gr\u00f6n<\/li>\n<li>Material: PVC, plast, metall<\/li>\n<li>Totala m\u00e5tt: 32 x 120H cm<\/li>\n<li>H\u00f6jd: 1,2 m<\/li>\n<li>Plastbottenstorlek: 32 cm<\/li>\n<li>Ste: 212<\/li>\n<\/ul>\n<h3>Leveransens omfattning:<\/h3>\n<ul>\n<li>1 x julgran<\/li>\n<li>Obs: Dekorationen p\u00e5 bilden ing\u00e5r ej<\/li>\n<\/ul>\n","protected":false},"excerpt":{"rendered":"<p>Dekorera ditt hus med denna julgran! Tr\u00e4det har ett attraktivt utseende. Tr\u00e4det \u00e4r designat i en perfekt konform och smalnar&#8230;<\/p>\n","protected":false},"featured_media":13090,"template":"","meta":[],"product_brand":[],"product_cat":[705,706],"product_tag":[],"class_list":{"0":"post-13089","1":"product","2":"type-product","3":"status-publish","4":"has-post-thumbnail","6":"product_cat-julens-varld","7":"product_cat-julgranar","9":"first","10":"instock","11":"sale","12":"taxable","13":"shipping-taxable","14":"purchasable","15":"product-type-simple"},"yoast_head":"<!-- This site is optimized with the Yoast SEO plugin v25.4 - https:\/\/yoast.com\/wordpress\/plugins\/seo\/ -->\n<title>TRUUSK Konstgjord Julgran 1,2 M - 212 PVC-granar - Gr\u00f6n - 32 x 120H cm - TRUUSK - Hem, Tr\u00e4dg\u00e5rd &amp; Fritid<\/title>\n<meta name=\"robots\" content=\"index, follow, max-snippet:-1, max-image-preview:large, max-video-preview:-1\" \/>\n<link rel=\"canonical\" href=\"https:\/\/truusk.store\/sv\/produkt\/truusk-konstgjord-julgran-12-m-212-pvc-granar-gron-32-x-120h-cm\/\" \/>\n<meta property=\"og:locale\" content=\"sv_SE\" \/>\n<meta property=\"og:type\" content=\"article\" \/>\n<meta property=\"og:title\" content=\"TRUUSK Konstgjord Julgran 1,2 M - 212 PVC-granar - Gr\u00f6n - 32 x 120H cm - TRUUSK - Hem, Tr\u00e4dg\u00e5rd &amp; Fritid\" \/>\n<meta property=\"og:description\" content=\"Dekorera ditt hus med denna julgran! Tr\u00e4det har ett attraktivt utseende. Tr\u00e4det \u00e4r designat i en perfekt konform och smalnar...\" \/>\n<meta property=\"og:url\" content=\"https:\/\/truusk.store\/sv\/produkt\/truusk-konstgjord-julgran-12-m-212-pvc-granar-gron-32-x-120h-cm\/\" \/>\n<meta property=\"og:site_name\" content=\"TRUUSK - Hem, Tr\u00e4dg\u00e5rd &amp; Fritid\" \/>\n<meta property=\"article:modified_time\" content=\"2026-03-12T08:03:21+00:00\" \/>\n<meta property=\"og:image\" content=\"https:\/\/i0.wp.com\/truusk.se\/wp-content\/uploads\/2024\/02\/konstgjord-julgran-12-m-julgran-212-st-pvc-gron-32-x-120h-cm.webp?fit=800%2C800&ssl=1\" \/>\n\t<meta property=\"og:image:width\" content=\"800\" \/>\n\t<meta property=\"og:image:height\" content=\"800\" \/>\n\t<meta property=\"og:image:type\" content=\"image\/webp\" \/>\n<meta name=\"twitter:card\" content=\"summary_large_image\" \/>\n<meta name=\"twitter:label1\" content=\"Ber\u00e4knad l\u00e4stid\" \/>\n\t<meta name=\"twitter:data1\" content=\"1 minut\" \/>\n<!-- \/ Yoast SEO plugin. -->","yoast_head_json":{"title":"TRUUSK Konstgjord Julgran 1,2 M - 212 PVC-granar - Gr\u00f6n - 32 x 120H cm - TRUUSK - Hem, Tr\u00e4dg\u00e5rd &amp; Fritid","robots":{"index":"index","follow":"follow","max-snippet":"max-snippet:-1","max-image-preview":"max-image-preview:large","max-video-preview":"max-video-preview:-1"},"canonical":"https:\/\/truusk.store\/sv\/produkt\/truusk-konstgjord-julgran-12-m-212-pvc-granar-gron-32-x-120h-cm\/","og_locale":"sv_SE","og_type":"article","og_title":"TRUUSK Konstgjord Julgran 1,2 M - 212 PVC-granar - Gr\u00f6n - 32 x 120H cm - TRUUSK - Hem, Tr\u00e4dg\u00e5rd &amp; Fritid","og_description":"Dekorera ditt hus med denna julgran! Tr\u00e4det har ett attraktivt utseende. Tr\u00e4det \u00e4r designat i en perfekt konform och smalnar...","og_url":"https:\/\/truusk.store\/sv\/produkt\/truusk-konstgjord-julgran-12-m-212-pvc-granar-gron-32-x-120h-cm\/","og_site_name":"TRUUSK - Hem, Tr\u00e4dg\u00e5rd &amp; Fritid","article_modified_time":"2026-03-12T08:03:21+00:00","og_image":[{"width":800,"height":800,"url":"https:\/\/i0.wp.com\/truusk.se\/wp-content\/uploads\/2024\/02\/konstgjord-julgran-12-m-julgran-212-st-pvc-gron-32-x-120h-cm.webp?fit=800%2C800&ssl=1","type":"image\/webp"}],"twitter_card":"summary_large_image","twitter_misc":{"Ber\u00e4knad l\u00e4stid":"1 minut"},"schema":{"@context":"https:\/\/schema.org","@graph":[{"@type":"WebPage","@id":"https:\/\/truusk.store\/sv\/produkt\/truusk-konstgjord-julgran-12-m-212-pvc-granar-gron-32-x-120h-cm\/","url":"https:\/\/truusk.store\/sv\/produkt\/truusk-konstgjord-julgran-12-m-212-pvc-granar-gron-32-x-120h-cm\/","name":"TRUUSK Konstgjord Julgran 1,2 M - 212 PVC-granar - Gr\u00f6n - 32 x 120H cm - TRUUSK - Hem, Tr\u00e4dg\u00e5rd &amp; Fritid","isPartOf":{"@id":"https:\/\/truusk.store\/sv\/#website"},"primaryImageOfPage":{"@id":"https:\/\/truusk.store\/sv\/produkt\/truusk-konstgjord-julgran-12-m-212-pvc-granar-gron-32-x-120h-cm\/#primaryimage"},"image":{"@id":"https:\/\/truusk.store\/sv\/produkt\/truusk-konstgjord-julgran-12-m-212-pvc-granar-gron-32-x-120h-cm\/#primaryimage"},"thumbnailUrl":"https:\/\/i0.wp.com\/truusk.store\/wp-content\/uploads\/2024\/02\/konstgjord-julgran-12-m-julgran-212-st-pvc-gron-32-x-120h-cm.webp?fit=800%2C800&ssl=1","datePublished":"2024-02-13T10:27:26+00:00","dateModified":"2026-03-12T08:03:21+00:00","breadcrumb":{"@id":"https:\/\/truusk.store\/sv\/produkt\/truusk-konstgjord-julgran-12-m-212-pvc-granar-gron-32-x-120h-cm\/#breadcrumb"},"inLanguage":"sv-SE","potentialAction":[{"@type":"ReadAction","target":["https:\/\/truusk.store\/sv\/produkt\/truusk-konstgjord-julgran-12-m-212-pvc-granar-gron-32-x-120h-cm\/"]}]},{"@type":"ImageObject","inLanguage":"sv-SE","@id":"https:\/\/truusk.store\/sv\/produkt\/truusk-konstgjord-julgran-12-m-212-pvc-granar-gron-32-x-120h-cm\/#primaryimage","url":"https:\/\/i0.wp.com\/truusk.store\/wp-content\/uploads\/2024\/02\/konstgjord-julgran-12-m-julgran-212-st-pvc-gron-32-x-120h-cm.webp?fit=800%2C800&ssl=1","contentUrl":"https:\/\/i0.wp.com\/truusk.store\/wp-content\/uploads\/2024\/02\/konstgjord-julgran-12-m-julgran-212-st-pvc-gron-32-x-120h-cm.webp?fit=800%2C800&ssl=1","width":800,"height":800,"caption":"Konstgjord Julgran 1,2 M Julgran 212 St PVC Gr\u00f6n 32 X 120H Cm 1"},{"@type":"BreadcrumbList","@id":"https:\/\/truusk.store\/sv\/produkt\/truusk-konstgjord-julgran-12-m-212-pvc-granar-gron-32-x-120h-cm\/#breadcrumb","itemListElement":[{"@type":"ListItem","position":1,"name":"Home","item":"https:\/\/truusk.store\/sv\/"},{"@type":"ListItem","position":2,"name":"Shop","item":"https:\/\/truusk.store\/shop\/"},{"@type":"ListItem","position":3,"name":"TRUUSK Konstgjord Julgran 1,2 M &#8211; 212 PVC-granar &#8211; Gr\u00f6n &#8211; 32 x 120H cm"}]},{"@type":"WebSite","@id":"https:\/\/truusk.store\/sv\/#website","url":"https:\/\/truusk.store\/sv\/","name":"TRUUSK - Hem, Tr\u00e4dg\u00e5rd & Fritid","description":"","publisher":{"@id":"https:\/\/truusk.store\/sv\/#organization"},"potentialAction":[{"@type":"SearchAction","target":{"@type":"EntryPoint","urlTemplate":"https:\/\/truusk.store\/sv\/?s={search_term_string}"},"query-input":{"@type":"PropertyValueSpecification","valueRequired":true,"valueName":"search_term_string"}}],"inLanguage":"sv-SE"},{"@type":"Organization","@id":"https:\/\/truusk.store\/sv\/#organization","name":"TRUUSK - Hem, Tr\u00e4dg\u00e5rd & Fritid","url":"https:\/\/truusk.store\/sv\/","logo":{"@type":"ImageObject","inLanguage":"sv-SE","@id":"https:\/\/truusk.store\/sv\/#\/schema\/logo\/image\/","url":"https:\/\/i0.wp.com\/truusk.store\/wp-content\/uploads\/2026\/03\/cropped-TRUUSK.png?fit=2032%2C917&ssl=1","contentUrl":"https:\/\/i0.wp.com\/truusk.store\/wp-content\/uploads\/2026\/03\/cropped-TRUUSK.png?fit=2032%2C917&ssl=1","width":2032,"height":917,"caption":"TRUUSK - Hem, Tr\u00e4dg\u00e5rd & Fritid"},"image":{"@id":"https:\/\/truusk.store\/sv\/#\/schema\/logo\/image\/"}}]}},"jetpack_sharing_enabled":true,"_links":{"self":[{"href":"https:\/\/truusk.store\/sv\/wp-json\/wp\/v2\/product\/13089","targetHints":{"allow":["GET"]}}],"collection":[{"href":"https:\/\/truusk.store\/sv\/wp-json\/wp\/v2\/product"}],"about":[{"href":"https:\/\/truusk.store\/sv\/wp-json\/wp\/v2\/types\/product"}],"wp:featuredmedia":[{"embeddable":true,"href":"https:\/\/truusk.store\/sv\/wp-json\/wp\/v2\/media\/13090"}],"wp:attachment":[{"href":"https:\/\/truusk.store\/sv\/wp-json\/wp\/v2\/media?parent=13089"}],"wp:term":[{"taxonomy":"product_brand","embeddable":true,"href":"https:\/\/truusk.store\/sv\/wp-json\/wp\/v2\/product_brand?post=13089"},{"taxonomy":"product_cat","embeddable":true,"href":"https:\/\/truusk.store\/sv\/wp-json\/wp\/v2\/product_cat?post=13089"},{"taxonomy":"product_tag","embeddable":true,"href":"https:\/\/truusk.store\/sv\/wp-json\/wp\/v2\/product_tag?post=13089"}],"curies":[{"name":"wp","href":"https:\/\/api.w.org\/{rel}","templated":true}]}}