{"id":13120,"date":"2024-02-13T11:28:22","date_gmt":"2024-02-13T10:28:22","guid":{"rendered":"https:\/\/truusk.store\/product\/mobil-torktumlare-3-nivaer-hopfallbar-silver-vit\/"},"modified":"2026-03-12T08:58:11","modified_gmt":"2026-03-12T07:58:11","slug":"truusk-mobil-torktumlare-3-nivaer-hopfallbar-silver-vit","status":"publish","type":"product","link":"https:\/\/truusk.store\/sv\/produkt\/truusk-mobil-torktumlare-3-nivaer-hopfallbar-silver-vit\/","title":{"rendered":"TRUUSK Mobil Torktumlare &#8211; 3 Niv\u00e5er &#8211; Hopf\u00e4llbar &#8211; Silver + Vit"},"content":{"rendered":"<p>Detta kl\u00e4dst\u00e4ll i klassisk, ljus design \u00e4r en riktig allround. Den kombinerar h\u00f6g kvalitet, anv\u00e4ndbarhet och utrymmesbesparing i ett. Med sex l\u00e4nkhjul och bromsar \u00e4r kl\u00e4dst\u00e4llet praktiskt och mobilt. Detta inneb\u00e4r att den kan anv\u00e4ndas p\u00e5 en m\u00e4ngd olika s\u00e4tt, inte bara inomhus utan \u00e4ven utomhus. De tre niv\u00e5erna kan justeras individuellt i h\u00f6jdled, och sidovingarna kan \u00f6ppnas oberoende av varandra. Vid behov kan den stuvas undan f\u00f6r att spara utrymme. Detta g\u00f6r den till en oumb\u00e4rlig hj\u00e4lpreda i varje hush\u00e5ll.<\/p>\n<h3>Beskrivning:<\/h3>\n<ul>\n<li>Med ett utrymme p\u00e5 64,8 cm f\u00f6r torkning av tv\u00e4tt inomhus<\/li>\n<li>\n<li>Klassisk tv\u00e4ttst\u00e4ll i elegant vit-silver design<\/li>\n<li>L\u00e4mplig f\u00f6r inomhus- och utomhusbruk<\/li>\n<li>H\u00f6g kvalitet med rostfria st\u00e5lr\u00f6r, rostskyddad och stabil<\/li>\n<li>Tre niv\u00e5er, justerbar i h\u00f6jdled och l\u00e5ses p\u00e5 plats med One Click-systemet<\/li>\n<li>Vid behov kan stativet \u00e4ven s\u00e4ttas upp p\u00e5 ena sidan<\/li>\n<li>Tv\u00e5 vikbara sidovingar f\u00f6r att h\u00e4nga tv\u00e4ttartiklar p\u00e5 kl\u00e4dh\u00e4ngare, hopf\u00e4llbara och h\u00f6j- och s\u00e4nkbara<\/li>\n<li>Optimal anv\u00e4ndning av utrymmet tack vare litet fotavtryck, l\u00e4tt att f\u00f6rvara (endast 13 cm bred i vikt)<\/li>\n<li>Med sex 360 sv\u00e4ngbara hjul och bromsar kan stativet anv\u00e4ndas flexibelt<\/li>\n<li>Kan anv\u00e4ndas multifunktionellt, t.ex. B. kan \u00e4ven anv\u00e4ndas som garderob<\/li>\n<li>Enkelt och snabbt att s\u00e4tta upp<\/li>\n<\/ul>\n<h3>Teknisk data:<\/h3>\n<ul>\n<li>M\u00e5tt: Vid uppst\u00e4llning: ca (80-142) x 55 x 152 cm (L x D x H), vikt: ca 80 x 13 x 152 cm (L x D x H)<\/li>\n<li>F\u00e4rg: Vit+Silver<\/li>\n<li>Material: rostfria r\u00f6r, ABS-plast, plastplast<\/li>\n<li>Lastkapacitet per niv\u00e5: 5 kg<\/li>\n<\/ul>\n<h3>Leveransens omfattning:<\/h3>\n<ul>\n<li>1 x kl\u00e4dst\u00e4llning, inklusive monteringsmaterial f\u00f6r montering<\/li>\n<li>1 x Monteringsanvisning<\/li>\n<\/ul>\n","protected":false},"excerpt":{"rendered":"<p>Detta kl\u00e4dst\u00e4ll i klassisk, ljus design \u00e4r en riktig allround. Den kombinerar h\u00f6g kvalitet, anv\u00e4ndbarhet och utrymmesbesparing i ett. Med&#8230;<\/p>\n","protected":false},"featured_media":13121,"template":"","meta":[],"product_brand":[],"product_cat":[489,485,493],"product_tag":[],"class_list":{"0":"post-13120","1":"product","2":"type-product","3":"status-publish","4":"has-post-thumbnail","6":"product_cat-badrum-sanitar","7":"product_cat-hus-bo","8":"product_cat-torkstallning","10":"first","11":"instock","12":"sale","13":"taxable","14":"shipping-taxable","15":"purchasable","16":"product-type-simple"},"yoast_head":"<!-- This site is optimized with the Yoast SEO plugin v25.4 - https:\/\/yoast.com\/wordpress\/plugins\/seo\/ -->\n<title>TRUUSK Mobil Torktumlare - 3 Niv\u00e5er - Hopf\u00e4llbar - Silver + Vit - TRUUSK - Hem, Tr\u00e4dg\u00e5rd &amp; Fritid<\/title>\n<meta name=\"robots\" content=\"index, follow, max-snippet:-1, max-image-preview:large, max-video-preview:-1\" \/>\n<link rel=\"canonical\" href=\"https:\/\/truusk.store\/sv\/produkt\/truusk-mobil-torktumlare-3-nivaer-hopfallbar-silver-vit\/\" \/>\n<meta property=\"og:locale\" content=\"sv_SE\" \/>\n<meta property=\"og:type\" content=\"article\" \/>\n<meta property=\"og:title\" content=\"TRUUSK Mobil Torktumlare - 3 Niv\u00e5er - Hopf\u00e4llbar - Silver + Vit - TRUUSK - Hem, Tr\u00e4dg\u00e5rd &amp; Fritid\" \/>\n<meta property=\"og:description\" content=\"Detta kl\u00e4dst\u00e4ll i klassisk, ljus design \u00e4r en riktig allround. Den kombinerar h\u00f6g kvalitet, anv\u00e4ndbarhet och utrymmesbesparing i ett. Med...\" \/>\n<meta property=\"og:url\" content=\"https:\/\/truusk.store\/sv\/produkt\/truusk-mobil-torktumlare-3-nivaer-hopfallbar-silver-vit\/\" \/>\n<meta property=\"og:site_name\" content=\"TRUUSK - Hem, Tr\u00e4dg\u00e5rd &amp; Fritid\" \/>\n<meta property=\"article:modified_time\" content=\"2026-03-12T07:58:11+00:00\" \/>\n<meta property=\"og:image\" content=\"https:\/\/i0.wp.com\/truusk.se\/wp-content\/uploads\/2024\/02\/mobil-torktumlare-3-nivaer-hopfallbar-silver-vit.webp?fit=800%2C800&ssl=1\" \/>\n\t<meta property=\"og:image:width\" content=\"800\" \/>\n\t<meta property=\"og:image:height\" content=\"800\" \/>\n\t<meta property=\"og:image:type\" content=\"image\/webp\" \/>\n<meta name=\"twitter:card\" content=\"summary_large_image\" \/>\n<meta name=\"twitter:label1\" content=\"Ber\u00e4knad l\u00e4stid\" \/>\n\t<meta name=\"twitter:data1\" content=\"1 minut\" \/>\n<!-- \/ Yoast SEO plugin. -->","yoast_head_json":{"title":"TRUUSK Mobil Torktumlare - 3 Niv\u00e5er - Hopf\u00e4llbar - Silver + Vit - TRUUSK - Hem, Tr\u00e4dg\u00e5rd &amp; Fritid","robots":{"index":"index","follow":"follow","max-snippet":"max-snippet:-1","max-image-preview":"max-image-preview:large","max-video-preview":"max-video-preview:-1"},"canonical":"https:\/\/truusk.store\/sv\/produkt\/truusk-mobil-torktumlare-3-nivaer-hopfallbar-silver-vit\/","og_locale":"sv_SE","og_type":"article","og_title":"TRUUSK Mobil Torktumlare - 3 Niv\u00e5er - Hopf\u00e4llbar - Silver + Vit - TRUUSK - Hem, Tr\u00e4dg\u00e5rd &amp; Fritid","og_description":"Detta kl\u00e4dst\u00e4ll i klassisk, ljus design \u00e4r en riktig allround. Den kombinerar h\u00f6g kvalitet, anv\u00e4ndbarhet och utrymmesbesparing i ett. Med...","og_url":"https:\/\/truusk.store\/sv\/produkt\/truusk-mobil-torktumlare-3-nivaer-hopfallbar-silver-vit\/","og_site_name":"TRUUSK - Hem, Tr\u00e4dg\u00e5rd &amp; Fritid","article_modified_time":"2026-03-12T07:58:11+00:00","og_image":[{"width":800,"height":800,"url":"https:\/\/i0.wp.com\/truusk.se\/wp-content\/uploads\/2024\/02\/mobil-torktumlare-3-nivaer-hopfallbar-silver-vit.webp?fit=800%2C800&ssl=1","type":"image\/webp"}],"twitter_card":"summary_large_image","twitter_misc":{"Ber\u00e4knad l\u00e4stid":"1 minut"},"schema":{"@context":"https:\/\/schema.org","@graph":[{"@type":"WebPage","@id":"https:\/\/truusk.store\/sv\/produkt\/truusk-mobil-torktumlare-3-nivaer-hopfallbar-silver-vit\/","url":"https:\/\/truusk.store\/sv\/produkt\/truusk-mobil-torktumlare-3-nivaer-hopfallbar-silver-vit\/","name":"TRUUSK Mobil Torktumlare - 3 Niv\u00e5er - Hopf\u00e4llbar - Silver + Vit - TRUUSK - Hem, Tr\u00e4dg\u00e5rd &amp; Fritid","isPartOf":{"@id":"https:\/\/truusk.store\/sv\/#website"},"primaryImageOfPage":{"@id":"https:\/\/truusk.store\/sv\/produkt\/truusk-mobil-torktumlare-3-nivaer-hopfallbar-silver-vit\/#primaryimage"},"image":{"@id":"https:\/\/truusk.store\/sv\/produkt\/truusk-mobil-torktumlare-3-nivaer-hopfallbar-silver-vit\/#primaryimage"},"thumbnailUrl":"https:\/\/i0.wp.com\/truusk.store\/wp-content\/uploads\/2024\/02\/mobil-torktumlare-3-nivaer-hopfallbar-silver-vit.webp?fit=800%2C800&ssl=1","datePublished":"2024-02-13T10:28:22+00:00","dateModified":"2026-03-12T07:58:11+00:00","breadcrumb":{"@id":"https:\/\/truusk.store\/sv\/produkt\/truusk-mobil-torktumlare-3-nivaer-hopfallbar-silver-vit\/#breadcrumb"},"inLanguage":"sv-SE","potentialAction":[{"@type":"ReadAction","target":["https:\/\/truusk.store\/sv\/produkt\/truusk-mobil-torktumlare-3-nivaer-hopfallbar-silver-vit\/"]}]},{"@type":"ImageObject","inLanguage":"sv-SE","@id":"https:\/\/truusk.store\/sv\/produkt\/truusk-mobil-torktumlare-3-nivaer-hopfallbar-silver-vit\/#primaryimage","url":"https:\/\/i0.wp.com\/truusk.store\/wp-content\/uploads\/2024\/02\/mobil-torktumlare-3-nivaer-hopfallbar-silver-vit.webp?fit=800%2C800&ssl=1","contentUrl":"https:\/\/i0.wp.com\/truusk.store\/wp-content\/uploads\/2024\/02\/mobil-torktumlare-3-nivaer-hopfallbar-silver-vit.webp?fit=800%2C800&ssl=1","width":800,"height":800,"caption":"Mobil Torktumlare, 3 Niv\u00e5er, Hopf\u00e4llbar, Silver + Vit 1"},{"@type":"BreadcrumbList","@id":"https:\/\/truusk.store\/sv\/produkt\/truusk-mobil-torktumlare-3-nivaer-hopfallbar-silver-vit\/#breadcrumb","itemListElement":[{"@type":"ListItem","position":1,"name":"Home","item":"https:\/\/truusk.store\/sv\/"},{"@type":"ListItem","position":2,"name":"Shop","item":"https:\/\/truusk.store\/shop\/"},{"@type":"ListItem","position":3,"name":"TRUUSK Mobil Torktumlare &#8211; 3 Niv\u00e5er &#8211; Hopf\u00e4llbar &#8211; Silver + Vit"}]},{"@type":"WebSite","@id":"https:\/\/truusk.store\/sv\/#website","url":"https:\/\/truusk.store\/sv\/","name":"TRUUSK - Hem, Tr\u00e4dg\u00e5rd & Fritid","description":"","publisher":{"@id":"https:\/\/truusk.store\/sv\/#organization"},"potentialAction":[{"@type":"SearchAction","target":{"@type":"EntryPoint","urlTemplate":"https:\/\/truusk.store\/sv\/?s={search_term_string}"},"query-input":{"@type":"PropertyValueSpecification","valueRequired":true,"valueName":"search_term_string"}}],"inLanguage":"sv-SE"},{"@type":"Organization","@id":"https:\/\/truusk.store\/sv\/#organization","name":"TRUUSK - Hem, Tr\u00e4dg\u00e5rd & Fritid","url":"https:\/\/truusk.store\/sv\/","logo":{"@type":"ImageObject","inLanguage":"sv-SE","@id":"https:\/\/truusk.store\/sv\/#\/schema\/logo\/image\/","url":"https:\/\/i0.wp.com\/truusk.store\/wp-content\/uploads\/2026\/03\/cropped-TRUUSK.png?fit=2032%2C917&ssl=1","contentUrl":"https:\/\/i0.wp.com\/truusk.store\/wp-content\/uploads\/2026\/03\/cropped-TRUUSK.png?fit=2032%2C917&ssl=1","width":2032,"height":917,"caption":"TRUUSK - Hem, Tr\u00e4dg\u00e5rd & Fritid"},"image":{"@id":"https:\/\/truusk.store\/sv\/#\/schema\/logo\/image\/"}}]}},"jetpack_sharing_enabled":true,"_links":{"self":[{"href":"https:\/\/truusk.store\/sv\/wp-json\/wp\/v2\/product\/13120","targetHints":{"allow":["GET"]}}],"collection":[{"href":"https:\/\/truusk.store\/sv\/wp-json\/wp\/v2\/product"}],"about":[{"href":"https:\/\/truusk.store\/sv\/wp-json\/wp\/v2\/types\/product"}],"wp:featuredmedia":[{"embeddable":true,"href":"https:\/\/truusk.store\/sv\/wp-json\/wp\/v2\/media\/13121"}],"wp:attachment":[{"href":"https:\/\/truusk.store\/sv\/wp-json\/wp\/v2\/media?parent=13120"}],"wp:term":[{"taxonomy":"product_brand","embeddable":true,"href":"https:\/\/truusk.store\/sv\/wp-json\/wp\/v2\/product_brand?post=13120"},{"taxonomy":"product_cat","embeddable":true,"href":"https:\/\/truusk.store\/sv\/wp-json\/wp\/v2\/product_cat?post=13120"},{"taxonomy":"product_tag","embeddable":true,"href":"https:\/\/truusk.store\/sv\/wp-json\/wp\/v2\/product_tag?post=13120"}],"curies":[{"name":"wp","href":"https:\/\/api.w.org\/{rel}","templated":true}]}}