{"id":13202,"date":"2024-02-13T11:30:50","date_gmt":"2024-02-13T10:30:50","guid":{"rendered":"https:\/\/truusk.store\/product\/husdjursvagn-hundvagn-cykelvagn-hopfallbar-regnskydd-stal-gragron-130-x-73-x-90cm\/"},"modified":"2026-03-12T08:58:13","modified_gmt":"2026-03-12T07:58:13","slug":"truusk-husdjursvagn-hundvagn-och-cykelvagn-hopfallbar-regnskydd-stal-gragron-130-x-73-x-90cm","status":"publish","type":"product","link":"https:\/\/truusk.store\/sv\/produkt\/truusk-husdjursvagn-hundvagn-och-cykelvagn-hopfallbar-regnskydd-stal-gragron-130-x-73-x-90cm\/","title":{"rendered":"TRUUSK Husdjursvagn &#8211; Hundvagn och Cykelvagn &#8211; Hopf\u00e4llbar &#8211; Regnskydd &#8211; St\u00e5l &#8211; Gr\u00e5+gr\u00f6n &#8211; 130 X 73 X 90cm"},"content":{"rendered":"<p>Ta din lurviga lilla p\u00e5 en promenad, shoppa eller till veterin\u00e4ren bekv\u00e4mt och s\u00e4kert, speciellt om ditt husdjur \u00e4r \u00e4ldre eller har begr\u00e4nsad r\u00f6rlighet. Denna cykelvagn \u00e4r l\u00e4tt att s\u00e4tta upp och kan f\u00e4llas ihop f\u00f6r att spara utrymme n\u00e4r den inte anv\u00e4nds. Det vattent\u00e4ta locket och den fj\u00e4drande st\u00e5lramen garanterar en s\u00e4ker och torr \u00e5ktur hela tiden. Sidans n\u00e4tf\u00f6nster s\u00e4kerst\u00e4ller ocks\u00e5 optimal ventilation.<\/p>\n<h3>Beskrivning:<\/h3>\n<ul>\n<li>En fantastisk cykelvagn f\u00f6r att cykla eller shoppa med ditt husdjur<\/li>\n<li>Tv\u00e5 stora 20&#8243; hjul garanterar en mjuk k\u00f6rning<\/li>\n<li>Tre ing\u00e5ngar: fram, bak, topp<\/li>\n<li>Entr\u00e9er med dragkedjor och flugn\u00e4t<\/li>\n<li>Roll-up regnskydd<\/li>\n<li>Metallring f\u00f6r att f\u00e4sta s\u00e4kerhetskopplet (koppel ing\u00e5r ej)<\/li>\n<li>S\u00e4kerhetsflagga och reflexer s\u00e4kerst\u00e4ller god sikt i trafiken, \u00e4ven under d\u00e5liga ljusf\u00f6rh\u00e5llanden<\/li>\n<li>Snabbt avtagbara hjul f\u00f6r enkel montering och demontering<\/li>\n<li>Cykelvagn kan f\u00e4llas ihop f\u00f6r att spara utrymme<\/li>\n<\/ul>\n<h3>Teknisk data:<\/h3>\n<ul>\n<li>Material: Oxfordtyg (100% polyester), st\u00e5l<\/li>\n<li>F\u00e4rg: Gr\u00e5+Gr\u00f6n<\/li>\n<li>\u00d6vergripande m\u00e5tt: L130 x B73 x H90 cm<\/li>\n<li>Hjuldiameter: 51 cm<\/li>\n<li>Hyttstorlek: L78 x B55 x H65 cm<\/li>\n<li>Max lastkapacitet: 30 kg<\/li>\n<li>Rekommenderad utbyteskoppling: 5664-0001CN<\/li>\n<li>Rekommenderad cykelhjulstorlek: 24&#8243;-29&#8243; (\u00e4ven f\u00f6r att avg\u00f6ra om kopplingen passar)<\/li>\n<\/ul>\n<h3>Leveransens omfattning:<\/h3>\n<ul>\n<li>1 x Cykelvagn<\/li>\n<li>1 x metallring<\/li>\n<li>1 x Monteringsanvisning<\/li>\n<\/ul>\n","protected":false},"excerpt":{"rendered":"<p>Ta din lurviga lilla p\u00e5 en promenad, shoppa eller till veterin\u00e4ren bekv\u00e4mt och s\u00e4kert, speciellt om ditt husdjur \u00e4r \u00e4ldre&#8230;<\/p>\n","protected":false},"featured_media":13203,"template":"","meta":[],"product_brand":[],"product_cat":[574,573,575],"product_tag":[],"class_list":{"0":"post-13202","1":"product","2":"type-product","3":"status-publish","4":"has-post-thumbnail","6":"product_cat-hundtillbehor","7":"product_cat-husdjursmaterial","8":"product_cat-identitetsbricka","10":"first","11":"instock","12":"sale","13":"taxable","14":"shipping-taxable","15":"purchasable","16":"product-type-simple"},"yoast_head":"<!-- This site is optimized with the Yoast SEO plugin v25.4 - https:\/\/yoast.com\/wordpress\/plugins\/seo\/ -->\n<title>TRUUSK Husdjursvagn - Hundvagn och Cykelvagn - Hopf\u00e4llbar - Regnskydd - St\u00e5l - Gr\u00e5+gr\u00f6n - 130 X 73 X 90cm - TRUUSK - Hem, Tr\u00e4dg\u00e5rd &amp; Fritid<\/title>\n<meta name=\"robots\" content=\"index, follow, max-snippet:-1, max-image-preview:large, max-video-preview:-1\" \/>\n<link rel=\"canonical\" href=\"https:\/\/truusk.store\/sv\/produkt\/truusk-husdjursvagn-hundvagn-och-cykelvagn-hopfallbar-regnskydd-stal-gragron-130-x-73-x-90cm\/\" \/>\n<meta property=\"og:locale\" content=\"sv_SE\" \/>\n<meta property=\"og:type\" content=\"article\" \/>\n<meta property=\"og:title\" content=\"TRUUSK Husdjursvagn - Hundvagn och Cykelvagn - Hopf\u00e4llbar - Regnskydd - St\u00e5l - Gr\u00e5+gr\u00f6n - 130 X 73 X 90cm - TRUUSK - Hem, Tr\u00e4dg\u00e5rd &amp; Fritid\" \/>\n<meta property=\"og:description\" content=\"Ta din lurviga lilla p\u00e5 en promenad, shoppa eller till veterin\u00e4ren bekv\u00e4mt och s\u00e4kert, speciellt om ditt husdjur \u00e4r \u00e4ldre...\" \/>\n<meta property=\"og:url\" content=\"https:\/\/truusk.store\/sv\/produkt\/truusk-husdjursvagn-hundvagn-och-cykelvagn-hopfallbar-regnskydd-stal-gragron-130-x-73-x-90cm\/\" \/>\n<meta property=\"og:site_name\" content=\"TRUUSK - Hem, Tr\u00e4dg\u00e5rd &amp; Fritid\" \/>\n<meta property=\"article:modified_time\" content=\"2026-03-12T07:58:13+00:00\" \/>\n<meta property=\"og:image\" content=\"https:\/\/i0.wp.com\/truusk.se\/wp-content\/uploads\/2024\/02\/husdjursvagn-hundvagn-cykelvagn-hopfallbar-regnskydd-stal-gragron-130-x-73-x-90cm.webp?fit=800%2C800&ssl=1\" \/>\n\t<meta property=\"og:image:width\" content=\"800\" \/>\n\t<meta property=\"og:image:height\" content=\"800\" \/>\n\t<meta property=\"og:image:type\" content=\"image\/webp\" \/>\n<meta name=\"twitter:card\" content=\"summary_large_image\" \/>\n<meta name=\"twitter:label1\" content=\"Ber\u00e4knad l\u00e4stid\" \/>\n\t<meta name=\"twitter:data1\" content=\"1 minut\" \/>\n<!-- \/ Yoast SEO plugin. -->","yoast_head_json":{"title":"TRUUSK Husdjursvagn - Hundvagn och Cykelvagn - Hopf\u00e4llbar - Regnskydd - St\u00e5l - Gr\u00e5+gr\u00f6n - 130 X 73 X 90cm - TRUUSK - Hem, Tr\u00e4dg\u00e5rd &amp; Fritid","robots":{"index":"index","follow":"follow","max-snippet":"max-snippet:-1","max-image-preview":"max-image-preview:large","max-video-preview":"max-video-preview:-1"},"canonical":"https:\/\/truusk.store\/sv\/produkt\/truusk-husdjursvagn-hundvagn-och-cykelvagn-hopfallbar-regnskydd-stal-gragron-130-x-73-x-90cm\/","og_locale":"sv_SE","og_type":"article","og_title":"TRUUSK Husdjursvagn - Hundvagn och Cykelvagn - Hopf\u00e4llbar - Regnskydd - St\u00e5l - Gr\u00e5+gr\u00f6n - 130 X 73 X 90cm - TRUUSK - Hem, Tr\u00e4dg\u00e5rd &amp; Fritid","og_description":"Ta din lurviga lilla p\u00e5 en promenad, shoppa eller till veterin\u00e4ren bekv\u00e4mt och s\u00e4kert, speciellt om ditt husdjur \u00e4r \u00e4ldre...","og_url":"https:\/\/truusk.store\/sv\/produkt\/truusk-husdjursvagn-hundvagn-och-cykelvagn-hopfallbar-regnskydd-stal-gragron-130-x-73-x-90cm\/","og_site_name":"TRUUSK - Hem, Tr\u00e4dg\u00e5rd &amp; Fritid","article_modified_time":"2026-03-12T07:58:13+00:00","og_image":[{"width":800,"height":800,"url":"https:\/\/i0.wp.com\/truusk.se\/wp-content\/uploads\/2024\/02\/husdjursvagn-hundvagn-cykelvagn-hopfallbar-regnskydd-stal-gragron-130-x-73-x-90cm.webp?fit=800%2C800&ssl=1","type":"image\/webp"}],"twitter_card":"summary_large_image","twitter_misc":{"Ber\u00e4knad l\u00e4stid":"1 minut"},"schema":{"@context":"https:\/\/schema.org","@graph":[{"@type":"WebPage","@id":"https:\/\/truusk.store\/sv\/produkt\/truusk-husdjursvagn-hundvagn-och-cykelvagn-hopfallbar-regnskydd-stal-gragron-130-x-73-x-90cm\/","url":"https:\/\/truusk.store\/sv\/produkt\/truusk-husdjursvagn-hundvagn-och-cykelvagn-hopfallbar-regnskydd-stal-gragron-130-x-73-x-90cm\/","name":"TRUUSK Husdjursvagn - Hundvagn och Cykelvagn - Hopf\u00e4llbar - Regnskydd - St\u00e5l - Gr\u00e5+gr\u00f6n - 130 X 73 X 90cm - TRUUSK - Hem, Tr\u00e4dg\u00e5rd &amp; Fritid","isPartOf":{"@id":"https:\/\/truusk.store\/sv\/#website"},"primaryImageOfPage":{"@id":"https:\/\/truusk.store\/sv\/produkt\/truusk-husdjursvagn-hundvagn-och-cykelvagn-hopfallbar-regnskydd-stal-gragron-130-x-73-x-90cm\/#primaryimage"},"image":{"@id":"https:\/\/truusk.store\/sv\/produkt\/truusk-husdjursvagn-hundvagn-och-cykelvagn-hopfallbar-regnskydd-stal-gragron-130-x-73-x-90cm\/#primaryimage"},"thumbnailUrl":"https:\/\/i0.wp.com\/truusk.store\/wp-content\/uploads\/2024\/02\/husdjursvagn-hundvagn-cykelvagn-hopfallbar-regnskydd-stal-gragron-130-x-73-x-90cm.webp?fit=800%2C800&ssl=1","datePublished":"2024-02-13T10:30:50+00:00","dateModified":"2026-03-12T07:58:13+00:00","breadcrumb":{"@id":"https:\/\/truusk.store\/sv\/produkt\/truusk-husdjursvagn-hundvagn-och-cykelvagn-hopfallbar-regnskydd-stal-gragron-130-x-73-x-90cm\/#breadcrumb"},"inLanguage":"sv-SE","potentialAction":[{"@type":"ReadAction","target":["https:\/\/truusk.store\/sv\/produkt\/truusk-husdjursvagn-hundvagn-och-cykelvagn-hopfallbar-regnskydd-stal-gragron-130-x-73-x-90cm\/"]}]},{"@type":"ImageObject","inLanguage":"sv-SE","@id":"https:\/\/truusk.store\/sv\/produkt\/truusk-husdjursvagn-hundvagn-och-cykelvagn-hopfallbar-regnskydd-stal-gragron-130-x-73-x-90cm\/#primaryimage","url":"https:\/\/i0.wp.com\/truusk.store\/wp-content\/uploads\/2024\/02\/husdjursvagn-hundvagn-cykelvagn-hopfallbar-regnskydd-stal-gragron-130-x-73-x-90cm.webp?fit=800%2C800&ssl=1","contentUrl":"https:\/\/i0.wp.com\/truusk.store\/wp-content\/uploads\/2024\/02\/husdjursvagn-hundvagn-cykelvagn-hopfallbar-regnskydd-stal-gragron-130-x-73-x-90cm.webp?fit=800%2C800&ssl=1","width":800,"height":800,"caption":"Husdjursvagn, Hundvagn, Cykelvagn, Hopf\u00e4llbar, Regnskydd, St\u00e5l, Gr\u00e5+gr\u00f6n, 130 X 73 X 90cm 1"},{"@type":"BreadcrumbList","@id":"https:\/\/truusk.store\/sv\/produkt\/truusk-husdjursvagn-hundvagn-och-cykelvagn-hopfallbar-regnskydd-stal-gragron-130-x-73-x-90cm\/#breadcrumb","itemListElement":[{"@type":"ListItem","position":1,"name":"Home","item":"https:\/\/truusk.store\/sv\/"},{"@type":"ListItem","position":2,"name":"Shop","item":"https:\/\/truusk.store\/shop\/"},{"@type":"ListItem","position":3,"name":"TRUUSK Husdjursvagn &#8211; Hundvagn och Cykelvagn &#8211; Hopf\u00e4llbar &#8211; Regnskydd &#8211; St\u00e5l &#8211; Gr\u00e5+gr\u00f6n &#8211; 130 X 73 X 90cm"}]},{"@type":"WebSite","@id":"https:\/\/truusk.store\/sv\/#website","url":"https:\/\/truusk.store\/sv\/","name":"TRUUSK - Hem, Tr\u00e4dg\u00e5rd & Fritid","description":"","publisher":{"@id":"https:\/\/truusk.store\/sv\/#organization"},"potentialAction":[{"@type":"SearchAction","target":{"@type":"EntryPoint","urlTemplate":"https:\/\/truusk.store\/sv\/?s={search_term_string}"},"query-input":{"@type":"PropertyValueSpecification","valueRequired":true,"valueName":"search_term_string"}}],"inLanguage":"sv-SE"},{"@type":"Organization","@id":"https:\/\/truusk.store\/sv\/#organization","name":"TRUUSK - Hem, Tr\u00e4dg\u00e5rd & Fritid","url":"https:\/\/truusk.store\/sv\/","logo":{"@type":"ImageObject","inLanguage":"sv-SE","@id":"https:\/\/truusk.store\/sv\/#\/schema\/logo\/image\/","url":"https:\/\/i0.wp.com\/truusk.store\/wp-content\/uploads\/2026\/03\/cropped-TRUUSK.png?fit=2032%2C917&ssl=1","contentUrl":"https:\/\/i0.wp.com\/truusk.store\/wp-content\/uploads\/2026\/03\/cropped-TRUUSK.png?fit=2032%2C917&ssl=1","width":2032,"height":917,"caption":"TRUUSK - Hem, Tr\u00e4dg\u00e5rd & Fritid"},"image":{"@id":"https:\/\/truusk.store\/sv\/#\/schema\/logo\/image\/"}}]}},"jetpack_sharing_enabled":true,"_links":{"self":[{"href":"https:\/\/truusk.store\/sv\/wp-json\/wp\/v2\/product\/13202","targetHints":{"allow":["GET"]}}],"collection":[{"href":"https:\/\/truusk.store\/sv\/wp-json\/wp\/v2\/product"}],"about":[{"href":"https:\/\/truusk.store\/sv\/wp-json\/wp\/v2\/types\/product"}],"wp:featuredmedia":[{"embeddable":true,"href":"https:\/\/truusk.store\/sv\/wp-json\/wp\/v2\/media\/13203"}],"wp:attachment":[{"href":"https:\/\/truusk.store\/sv\/wp-json\/wp\/v2\/media?parent=13202"}],"wp:term":[{"taxonomy":"product_brand","embeddable":true,"href":"https:\/\/truusk.store\/sv\/wp-json\/wp\/v2\/product_brand?post=13202"},{"taxonomy":"product_cat","embeddable":true,"href":"https:\/\/truusk.store\/sv\/wp-json\/wp\/v2\/product_cat?post=13202"},{"taxonomy":"product_tag","embeddable":true,"href":"https:\/\/truusk.store\/sv\/wp-json\/wp\/v2\/product_tag?post=13202"}],"curies":[{"name":"wp","href":"https:\/\/api.w.org\/{rel}","templated":true}]}}