{"id":13212,"date":"2024-02-13T11:31:06","date_gmt":"2024-02-13T10:31:06","guid":{"rendered":"https:\/\/truusk.store\/product\/trolleydomkraft-2-st-manoverhjalp-dackbyte-domkraft-med-4-hjul-for-bilar-gra-405l-x-30w-x-135h-cm\/"},"modified":"2026-03-12T08:58:13","modified_gmt":"2026-03-12T07:58:13","slug":"truusk-trolleydomkraft-2-st-manoverhjalp-dackbyte-4-hjul-gra-405l-x-30w-x-135h-cm","status":"publish","type":"product","link":"https:\/\/truusk.store\/sv\/produkt\/truusk-trolleydomkraft-2-st-manoverhjalp-dackbyte-4-hjul-gra-405l-x-30w-x-135h-cm\/","title":{"rendered":"TRUUSK Trolleydomkraft &#8211; 2 St &#8211; Man\u00f6verhj\u00e4lp &#8211; D\u00e4ckbyte &#8211; 4 Hjul &#8211; Gr\u00e5 &#8211; 40,5L x 30W x 13,5H cm"},"content":{"rendered":"<p>Denna fordonsvagn \u00e4r en praktisk hj\u00e4lpreda. Det kan l\u00f6sa m\u00e5nga ov\u00e4ntade situationer f\u00f6r dig, sp\u00e5r och halkskydd s\u00e4kerst\u00e4ller stabilitet i h\u00f6g grad, du kan flytta fordon p\u00e5 ett enkelt s\u00e4tt. Denna fordonsvagn \u00e4r l\u00e4tt, utrymmesbesparande och b\u00e4rbar, du kan ta den bekv\u00e4mt med dig.<\/p>\n<h3>Beskrivning:<\/h3>\n<ul>\n<li>40,5cm x 30cm solid st\u00e5lpl\u00e5t med l\u00e5shjul. L\u00e4tt och platsbesparande, l\u00e4tt att greppa p\u00e5 sidan och l\u00e4tt att flytta<\/li>\n<li>En person kan enkelt flytta fordonet<\/li>\n<li>Inkluderar tv\u00e5 produkter, m\u00f6nstrade och halkfria st\u00e5lpl\u00e5tar f\u00f6r att s\u00e4kerst\u00e4lla stabilitet och s\u00e4kerhet under transport<\/li>\n<li>Designad f\u00f6r 680 kg<\/li>\n<\/ul>\n<h3>Teknisk data:<\/h3>\n<ul>\n<li>F\u00e4rg gr\u00e5<\/li>\n<li>Stereotyper: St\u00e5l<\/li>\n<li>\u00d6vergripande m\u00e5tt: 40,5L x 30W x 13,5H cm<\/li>\n<li>Universalhjul: 7 x 3T cm<\/li>\n<li>Lastkapacitet: 680 kg<\/li>\n<\/ul>\n<h3>Leveransens omfattning:<\/h3>\n<ul>\n<li>2 x bildomkrafter;<\/li>\n<\/ul>\n","protected":false},"excerpt":{"rendered":"<p>Denna fordonsvagn \u00e4r en praktisk hj\u00e4lpreda. Det kan l\u00f6sa m\u00e5nga ov\u00e4ntade situationer f\u00f6r dig, sp\u00e5r och halkskydd s\u00e4kerst\u00e4ller stabilitet i&#8230;<\/p>\n","protected":false},"featured_media":13213,"template":"","meta":[],"product_brand":[],"product_cat":[684,671],"product_tag":[],"class_list":{"0":"post-13212","1":"product","2":"type-product","3":"status-publish","4":"has-post-thumbnail","6":"product_cat-biltillbehor","7":"product_cat-jarnaffar","9":"first","10":"instock","11":"sale","12":"taxable","13":"shipping-taxable","14":"purchasable","15":"product-type-simple"},"yoast_head":"<!-- This site is optimized with the Yoast SEO plugin v25.4 - https:\/\/yoast.com\/wordpress\/plugins\/seo\/ -->\n<title>TRUUSK Trolleydomkraft - 2 St - Man\u00f6verhj\u00e4lp - D\u00e4ckbyte - 4 Hjul - Gr\u00e5 - 40,5L x 30W x 13,5H cm - TRUUSK - Hem, Tr\u00e4dg\u00e5rd &amp; Fritid<\/title>\n<meta name=\"robots\" content=\"index, follow, max-snippet:-1, max-image-preview:large, max-video-preview:-1\" \/>\n<link rel=\"canonical\" href=\"https:\/\/truusk.store\/sv\/produkt\/truusk-trolleydomkraft-2-st-manoverhjalp-dackbyte-4-hjul-gra-405l-x-30w-x-135h-cm\/\" \/>\n<meta property=\"og:locale\" content=\"sv_SE\" \/>\n<meta property=\"og:type\" content=\"article\" \/>\n<meta property=\"og:title\" content=\"TRUUSK Trolleydomkraft - 2 St - Man\u00f6verhj\u00e4lp - D\u00e4ckbyte - 4 Hjul - Gr\u00e5 - 40,5L x 30W x 13,5H cm - TRUUSK - Hem, Tr\u00e4dg\u00e5rd &amp; Fritid\" \/>\n<meta property=\"og:description\" content=\"Denna fordonsvagn \u00e4r en praktisk hj\u00e4lpreda. Det kan l\u00f6sa m\u00e5nga ov\u00e4ntade situationer f\u00f6r dig, sp\u00e5r och halkskydd s\u00e4kerst\u00e4ller stabilitet i...\" \/>\n<meta property=\"og:url\" content=\"https:\/\/truusk.store\/sv\/produkt\/truusk-trolleydomkraft-2-st-manoverhjalp-dackbyte-4-hjul-gra-405l-x-30w-x-135h-cm\/\" \/>\n<meta property=\"og:site_name\" content=\"TRUUSK - Hem, Tr\u00e4dg\u00e5rd &amp; Fritid\" \/>\n<meta property=\"article:modified_time\" content=\"2026-03-12T07:58:13+00:00\" \/>\n<meta property=\"og:image\" content=\"https:\/\/i0.wp.com\/truusk.se\/wp-content\/uploads\/2024\/02\/trolleydomkraft-2-st-manoverhjalp-dackbyte-domkraft-med-4-hjul-for-bilar-gra-405l-x-30w-x-135h-cm.webp?fit=800%2C800&ssl=1\" \/>\n\t<meta property=\"og:image:width\" content=\"800\" \/>\n\t<meta property=\"og:image:height\" content=\"800\" \/>\n\t<meta property=\"og:image:type\" content=\"image\/webp\" \/>\n<meta name=\"twitter:card\" content=\"summary_large_image\" \/>\n<meta name=\"twitter:label1\" content=\"Ber\u00e4knad l\u00e4stid\" \/>\n\t<meta name=\"twitter:data1\" content=\"1 minut\" \/>\n<!-- \/ Yoast SEO plugin. -->","yoast_head_json":{"title":"TRUUSK Trolleydomkraft - 2 St - Man\u00f6verhj\u00e4lp - D\u00e4ckbyte - 4 Hjul - Gr\u00e5 - 40,5L x 30W x 13,5H cm - TRUUSK - Hem, Tr\u00e4dg\u00e5rd &amp; Fritid","robots":{"index":"index","follow":"follow","max-snippet":"max-snippet:-1","max-image-preview":"max-image-preview:large","max-video-preview":"max-video-preview:-1"},"canonical":"https:\/\/truusk.store\/sv\/produkt\/truusk-trolleydomkraft-2-st-manoverhjalp-dackbyte-4-hjul-gra-405l-x-30w-x-135h-cm\/","og_locale":"sv_SE","og_type":"article","og_title":"TRUUSK Trolleydomkraft - 2 St - Man\u00f6verhj\u00e4lp - D\u00e4ckbyte - 4 Hjul - Gr\u00e5 - 40,5L x 30W x 13,5H cm - TRUUSK - Hem, Tr\u00e4dg\u00e5rd &amp; Fritid","og_description":"Denna fordonsvagn \u00e4r en praktisk hj\u00e4lpreda. Det kan l\u00f6sa m\u00e5nga ov\u00e4ntade situationer f\u00f6r dig, sp\u00e5r och halkskydd s\u00e4kerst\u00e4ller stabilitet i...","og_url":"https:\/\/truusk.store\/sv\/produkt\/truusk-trolleydomkraft-2-st-manoverhjalp-dackbyte-4-hjul-gra-405l-x-30w-x-135h-cm\/","og_site_name":"TRUUSK - Hem, Tr\u00e4dg\u00e5rd &amp; Fritid","article_modified_time":"2026-03-12T07:58:13+00:00","og_image":[{"width":800,"height":800,"url":"https:\/\/i0.wp.com\/truusk.se\/wp-content\/uploads\/2024\/02\/trolleydomkraft-2-st-manoverhjalp-dackbyte-domkraft-med-4-hjul-for-bilar-gra-405l-x-30w-x-135h-cm.webp?fit=800%2C800&ssl=1","type":"image\/webp"}],"twitter_card":"summary_large_image","twitter_misc":{"Ber\u00e4knad l\u00e4stid":"1 minut"},"schema":{"@context":"https:\/\/schema.org","@graph":[{"@type":"WebPage","@id":"https:\/\/truusk.store\/sv\/produkt\/truusk-trolleydomkraft-2-st-manoverhjalp-dackbyte-4-hjul-gra-405l-x-30w-x-135h-cm\/","url":"https:\/\/truusk.store\/sv\/produkt\/truusk-trolleydomkraft-2-st-manoverhjalp-dackbyte-4-hjul-gra-405l-x-30w-x-135h-cm\/","name":"TRUUSK Trolleydomkraft - 2 St - Man\u00f6verhj\u00e4lp - D\u00e4ckbyte - 4 Hjul - Gr\u00e5 - 40,5L x 30W x 13,5H cm - TRUUSK - Hem, Tr\u00e4dg\u00e5rd &amp; Fritid","isPartOf":{"@id":"https:\/\/truusk.store\/sv\/#website"},"primaryImageOfPage":{"@id":"https:\/\/truusk.store\/sv\/produkt\/truusk-trolleydomkraft-2-st-manoverhjalp-dackbyte-4-hjul-gra-405l-x-30w-x-135h-cm\/#primaryimage"},"image":{"@id":"https:\/\/truusk.store\/sv\/produkt\/truusk-trolleydomkraft-2-st-manoverhjalp-dackbyte-4-hjul-gra-405l-x-30w-x-135h-cm\/#primaryimage"},"thumbnailUrl":"https:\/\/i0.wp.com\/truusk.store\/wp-content\/uploads\/2024\/02\/trolleydomkraft-2-st-manoverhjalp-dackbyte-domkraft-med-4-hjul-for-bilar-gra-405l-x-30w-x-135h-cm.webp?fit=800%2C800&ssl=1","datePublished":"2024-02-13T10:31:06+00:00","dateModified":"2026-03-12T07:58:13+00:00","breadcrumb":{"@id":"https:\/\/truusk.store\/sv\/produkt\/truusk-trolleydomkraft-2-st-manoverhjalp-dackbyte-4-hjul-gra-405l-x-30w-x-135h-cm\/#breadcrumb"},"inLanguage":"sv-SE","potentialAction":[{"@type":"ReadAction","target":["https:\/\/truusk.store\/sv\/produkt\/truusk-trolleydomkraft-2-st-manoverhjalp-dackbyte-4-hjul-gra-405l-x-30w-x-135h-cm\/"]}]},{"@type":"ImageObject","inLanguage":"sv-SE","@id":"https:\/\/truusk.store\/sv\/produkt\/truusk-trolleydomkraft-2-st-manoverhjalp-dackbyte-4-hjul-gra-405l-x-30w-x-135h-cm\/#primaryimage","url":"https:\/\/i0.wp.com\/truusk.store\/wp-content\/uploads\/2024\/02\/trolleydomkraft-2-st-manoverhjalp-dackbyte-domkraft-med-4-hjul-for-bilar-gra-405l-x-30w-x-135h-cm.webp?fit=800%2C800&ssl=1","contentUrl":"https:\/\/i0.wp.com\/truusk.store\/wp-content\/uploads\/2024\/02\/trolleydomkraft-2-st-manoverhjalp-dackbyte-domkraft-med-4-hjul-for-bilar-gra-405l-x-30w-x-135h-cm.webp?fit=800%2C800&ssl=1","width":800,"height":800,"caption":"Trolleydomkraft, 2 St, Man\u00f6verhj\u00e4lp, D\u00e4ckbyte, Domkraft Med 4 Hjul F\u00f6r Bilar, Gr\u00e5, 40,5L X 30W X 13,5H Cm 1"},{"@type":"BreadcrumbList","@id":"https:\/\/truusk.store\/sv\/produkt\/truusk-trolleydomkraft-2-st-manoverhjalp-dackbyte-4-hjul-gra-405l-x-30w-x-135h-cm\/#breadcrumb","itemListElement":[{"@type":"ListItem","position":1,"name":"Home","item":"https:\/\/truusk.store\/sv\/"},{"@type":"ListItem","position":2,"name":"Shop","item":"https:\/\/truusk.store\/shop\/"},{"@type":"ListItem","position":3,"name":"TRUUSK Trolleydomkraft &#8211; 2 St &#8211; Man\u00f6verhj\u00e4lp &#8211; D\u00e4ckbyte &#8211; 4 Hjul &#8211; Gr\u00e5 &#8211; 40,5L x 30W x 13,5H cm"}]},{"@type":"WebSite","@id":"https:\/\/truusk.store\/sv\/#website","url":"https:\/\/truusk.store\/sv\/","name":"TRUUSK - Hem, Tr\u00e4dg\u00e5rd & Fritid","description":"","publisher":{"@id":"https:\/\/truusk.store\/sv\/#organization"},"potentialAction":[{"@type":"SearchAction","target":{"@type":"EntryPoint","urlTemplate":"https:\/\/truusk.store\/sv\/?s={search_term_string}"},"query-input":{"@type":"PropertyValueSpecification","valueRequired":true,"valueName":"search_term_string"}}],"inLanguage":"sv-SE"},{"@type":"Organization","@id":"https:\/\/truusk.store\/sv\/#organization","name":"TRUUSK - Hem, Tr\u00e4dg\u00e5rd & Fritid","url":"https:\/\/truusk.store\/sv\/","logo":{"@type":"ImageObject","inLanguage":"sv-SE","@id":"https:\/\/truusk.store\/sv\/#\/schema\/logo\/image\/","url":"https:\/\/i0.wp.com\/truusk.store\/wp-content\/uploads\/2026\/03\/cropped-TRUUSK.png?fit=2032%2C917&ssl=1","contentUrl":"https:\/\/i0.wp.com\/truusk.store\/wp-content\/uploads\/2026\/03\/cropped-TRUUSK.png?fit=2032%2C917&ssl=1","width":2032,"height":917,"caption":"TRUUSK - Hem, Tr\u00e4dg\u00e5rd & Fritid"},"image":{"@id":"https:\/\/truusk.store\/sv\/#\/schema\/logo\/image\/"}}]}},"jetpack_sharing_enabled":true,"_links":{"self":[{"href":"https:\/\/truusk.store\/sv\/wp-json\/wp\/v2\/product\/13212","targetHints":{"allow":["GET"]}}],"collection":[{"href":"https:\/\/truusk.store\/sv\/wp-json\/wp\/v2\/product"}],"about":[{"href":"https:\/\/truusk.store\/sv\/wp-json\/wp\/v2\/types\/product"}],"wp:featuredmedia":[{"embeddable":true,"href":"https:\/\/truusk.store\/sv\/wp-json\/wp\/v2\/media\/13213"}],"wp:attachment":[{"href":"https:\/\/truusk.store\/sv\/wp-json\/wp\/v2\/media?parent=13212"}],"wp:term":[{"taxonomy":"product_brand","embeddable":true,"href":"https:\/\/truusk.store\/sv\/wp-json\/wp\/v2\/product_brand?post=13212"},{"taxonomy":"product_cat","embeddable":true,"href":"https:\/\/truusk.store\/sv\/wp-json\/wp\/v2\/product_cat?post=13212"},{"taxonomy":"product_tag","embeddable":true,"href":"https:\/\/truusk.store\/sv\/wp-json\/wp\/v2\/product_tag?post=13212"}],"curies":[{"name":"wp","href":"https:\/\/api.w.org\/{rel}","templated":true}]}}