{"id":13233,"date":"2024-02-13T11:31:39","date_gmt":"2024-02-13T10:31:39","guid":{"rendered":"https:\/\/truusk.store\/product\/trimbord-trimningsbord-klippbord-trimbord-med-underkorg-for-hundar-justerbart-i-hojdled-fallbart-rostfritt-stal-metall-svart-107-x-60-x-170-cm\/"},"modified":"2026-03-12T08:58:14","modified_gmt":"2026-03-12T07:58:14","slug":"truusk-trimningsbord-med-underkorg-justerbart-i-hojdled-fallbart-rostfritt-stal-svart-107-x-60-x-170-cm","status":"publish","type":"product","link":"https:\/\/truusk.store\/sv\/produkt\/truusk-trimningsbord-med-underkorg-justerbart-i-hojdled-fallbart-rostfritt-stal-svart-107-x-60-x-170-cm\/","title":{"rendered":"TRUUSK Trimningsbord med Underkorg &#8211; Justerbart i H\u00f6jdled &#8211; F\u00e4llbart &#8211; Rostfritt St\u00e5l &#8211; Svart &#8211; 107 x 60 x 170 cm"},"content":{"rendered":"<p>Oavsett om det \u00e4r att tv\u00e4tta dina husdjur, trimma deras p\u00e4ls\/h\u00e5r eller f\u00e5 dem i toppform, \u00e4r detta svarta trimbord allt du beh\u00f6ver f\u00f6r att ta hand om dina husdjur. Ramen \u00e4r gjord av metall och \u00e4r tillverkad i en stor, justerbar design som kan h\u00e5lla upp till 100 kg vikt, vilket g\u00f6r den l\u00e4mplig f\u00f6r m\u00e5nga hundar i olika storlekar. En stor, halkfri gummibordsskiva ser till att du kan st\u00e5 bekv\u00e4mt under l\u00e5nga stunder.<\/p>\n<h3>Beskrivning:<\/h3>\n<ul>\n<li>Solid metallram f\u00f6r p\u00e5litlighet och h\u00e5llbarhet<\/li>\n<li>Justerbar st\u00e5ngh\u00f6jd f\u00f6r att s\u00e4kert passa hundar av olika h\u00f6jd<\/li>\n<li>Tv\u00e5 lyftremmar f\u00f6r att h\u00e5lla din hund s\u00e4kert och stadigt p\u00e5 plats under trimningen<\/li>\n<li>En halkfri bordsskiva i gummi f\u00f6r att f\u00f6rhindra att din hund halkar och rundade h\u00f6rn f\u00f6r att f\u00f6rhindra olyckor<\/li>\n<li>Benen kan vikas undan f\u00f6r f\u00f6rvaring<\/li>\n<li>Maxvikt 100kg, montering kr\u00e4vs<\/li>\n<\/ul>\n<h3>Teknisk data:<\/h3>\n<ul>\n<li>Material: bordsskiva i gummi, sp\u00e5nskiva, metall, rostfritt st\u00e5l<\/li>\n<li>Svart f\u00e4rg<\/li>\n<li>\u00d6vergripande m\u00e5tt: 107L x 60W x 170H cm<\/li>\n<li>Arbetsytans m\u00e5tt: 107L x 60W x 2,5D x 76H cm<\/li>\n<li>Justerbar stavh\u00f6jd i rostfritt st\u00e5l (till skrivbord): 20-80 cm<\/li>\n<li>L\u00e4ngd p\u00e5 kopplet: 50 cm<\/li>\n<li>Underkorgsm\u00e5tt: 65L x 32W x 27H (till golv) cm<\/li>\n<li>Lastkapacitet: 100 kg<\/li>\n<\/ul>\n<h3>Leveransens omfattning:<\/h3>\n<ul>\n<li>1 x sk\u00f6tbord;<\/li>\n<\/ul>\n","protected":false},"excerpt":{"rendered":"<p>Oavsett om det \u00e4r att tv\u00e4tta dina husdjur, trimma deras p\u00e4ls\/h\u00e5r eller f\u00e5 dem i toppform, \u00e4r detta svarta trimbord&#8230;<\/p>\n","protected":false},"featured_media":13234,"template":"","meta":[],"product_brand":[],"product_cat":[582,574,573,722],"product_tag":[],"class_list":{"0":"post-13233","1":"product","2":"type-product","3":"status-publish","4":"has-post-thumbnail","6":"product_cat-hundklippning","7":"product_cat-hundtillbehor","8":"product_cat-husdjursmaterial","9":"product_cat-skotselbord","11":"first","12":"instock","13":"sale","14":"taxable","15":"shipping-taxable","16":"purchasable","17":"product-type-simple"},"yoast_head":"<!-- This site is optimized with the Yoast SEO plugin v25.4 - https:\/\/yoast.com\/wordpress\/plugins\/seo\/ -->\n<title>TRUUSK Trimningsbord med Underkorg - Justerbart i H\u00f6jdled - F\u00e4llbart - Rostfritt St\u00e5l - Svart - 107 x 60 x 170 cm - TRUUSK - Hem, Tr\u00e4dg\u00e5rd &amp; Fritid<\/title>\n<meta name=\"robots\" content=\"index, follow, max-snippet:-1, max-image-preview:large, max-video-preview:-1\" \/>\n<link rel=\"canonical\" href=\"https:\/\/truusk.store\/sv\/produkt\/truusk-trimningsbord-med-underkorg-justerbart-i-hojdled-fallbart-rostfritt-stal-svart-107-x-60-x-170-cm\/\" \/>\n<meta property=\"og:locale\" content=\"sv_SE\" \/>\n<meta property=\"og:type\" content=\"article\" \/>\n<meta property=\"og:title\" content=\"TRUUSK Trimningsbord med Underkorg - Justerbart i H\u00f6jdled - F\u00e4llbart - Rostfritt St\u00e5l - Svart - 107 x 60 x 170 cm - TRUUSK - Hem, Tr\u00e4dg\u00e5rd &amp; Fritid\" \/>\n<meta property=\"og:description\" content=\"Oavsett om det \u00e4r att tv\u00e4tta dina husdjur, trimma deras p\u00e4ls\/h\u00e5r eller f\u00e5 dem i toppform, \u00e4r detta svarta trimbord...\" \/>\n<meta property=\"og:url\" content=\"https:\/\/truusk.store\/sv\/produkt\/truusk-trimningsbord-med-underkorg-justerbart-i-hojdled-fallbart-rostfritt-stal-svart-107-x-60-x-170-cm\/\" \/>\n<meta property=\"og:site_name\" content=\"TRUUSK - Hem, Tr\u00e4dg\u00e5rd &amp; Fritid\" \/>\n<meta property=\"article:modified_time\" content=\"2026-03-12T07:58:14+00:00\" \/>\n<meta property=\"og:image\" content=\"https:\/\/i0.wp.com\/truusk.se\/wp-content\/uploads\/2024\/02\/trimbord-trimningsbord-klippbord-trimbord-med-underkorg-for-hundar-justerbart-i-hojdled-fallbart-rostfritt-stal-metall-svart-107-x-60-x-170-cm.webp?fit=800%2C800&ssl=1\" \/>\n\t<meta property=\"og:image:width\" content=\"800\" \/>\n\t<meta property=\"og:image:height\" content=\"800\" \/>\n\t<meta property=\"og:image:type\" content=\"image\/webp\" \/>\n<meta name=\"twitter:card\" content=\"summary_large_image\" \/>\n<meta name=\"twitter:label1\" content=\"Ber\u00e4knad l\u00e4stid\" \/>\n\t<meta name=\"twitter:data1\" content=\"1 minut\" \/>\n<!-- \/ Yoast SEO plugin. -->","yoast_head_json":{"title":"TRUUSK Trimningsbord med Underkorg - Justerbart i H\u00f6jdled - F\u00e4llbart - Rostfritt St\u00e5l - Svart - 107 x 60 x 170 cm - TRUUSK - Hem, Tr\u00e4dg\u00e5rd &amp; Fritid","robots":{"index":"index","follow":"follow","max-snippet":"max-snippet:-1","max-image-preview":"max-image-preview:large","max-video-preview":"max-video-preview:-1"},"canonical":"https:\/\/truusk.store\/sv\/produkt\/truusk-trimningsbord-med-underkorg-justerbart-i-hojdled-fallbart-rostfritt-stal-svart-107-x-60-x-170-cm\/","og_locale":"sv_SE","og_type":"article","og_title":"TRUUSK Trimningsbord med Underkorg - Justerbart i H\u00f6jdled - F\u00e4llbart - Rostfritt St\u00e5l - Svart - 107 x 60 x 170 cm - TRUUSK - Hem, Tr\u00e4dg\u00e5rd &amp; Fritid","og_description":"Oavsett om det \u00e4r att tv\u00e4tta dina husdjur, trimma deras p\u00e4ls\/h\u00e5r eller f\u00e5 dem i toppform, \u00e4r detta svarta trimbord...","og_url":"https:\/\/truusk.store\/sv\/produkt\/truusk-trimningsbord-med-underkorg-justerbart-i-hojdled-fallbart-rostfritt-stal-svart-107-x-60-x-170-cm\/","og_site_name":"TRUUSK - Hem, Tr\u00e4dg\u00e5rd &amp; Fritid","article_modified_time":"2026-03-12T07:58:14+00:00","og_image":[{"width":800,"height":800,"url":"https:\/\/i0.wp.com\/truusk.se\/wp-content\/uploads\/2024\/02\/trimbord-trimningsbord-klippbord-trimbord-med-underkorg-for-hundar-justerbart-i-hojdled-fallbart-rostfritt-stal-metall-svart-107-x-60-x-170-cm.webp?fit=800%2C800&ssl=1","type":"image\/webp"}],"twitter_card":"summary_large_image","twitter_misc":{"Ber\u00e4knad l\u00e4stid":"1 minut"},"schema":{"@context":"https:\/\/schema.org","@graph":[{"@type":"WebPage","@id":"https:\/\/truusk.store\/sv\/produkt\/truusk-trimningsbord-med-underkorg-justerbart-i-hojdled-fallbart-rostfritt-stal-svart-107-x-60-x-170-cm\/","url":"https:\/\/truusk.store\/sv\/produkt\/truusk-trimningsbord-med-underkorg-justerbart-i-hojdled-fallbart-rostfritt-stal-svart-107-x-60-x-170-cm\/","name":"TRUUSK Trimningsbord med Underkorg - Justerbart i H\u00f6jdled - F\u00e4llbart - Rostfritt St\u00e5l - Svart - 107 x 60 x 170 cm - TRUUSK - Hem, Tr\u00e4dg\u00e5rd &amp; Fritid","isPartOf":{"@id":"https:\/\/truusk.store\/sv\/#website"},"primaryImageOfPage":{"@id":"https:\/\/truusk.store\/sv\/produkt\/truusk-trimningsbord-med-underkorg-justerbart-i-hojdled-fallbart-rostfritt-stal-svart-107-x-60-x-170-cm\/#primaryimage"},"image":{"@id":"https:\/\/truusk.store\/sv\/produkt\/truusk-trimningsbord-med-underkorg-justerbart-i-hojdled-fallbart-rostfritt-stal-svart-107-x-60-x-170-cm\/#primaryimage"},"thumbnailUrl":"https:\/\/i0.wp.com\/truusk.store\/wp-content\/uploads\/2024\/02\/trimbord-trimningsbord-klippbord-trimbord-med-underkorg-for-hundar-justerbart-i-hojdled-fallbart-rostfritt-stal-metall-svart-107-x-60-x-170-cm.webp?fit=800%2C800&ssl=1","datePublished":"2024-02-13T10:31:39+00:00","dateModified":"2026-03-12T07:58:14+00:00","breadcrumb":{"@id":"https:\/\/truusk.store\/sv\/produkt\/truusk-trimningsbord-med-underkorg-justerbart-i-hojdled-fallbart-rostfritt-stal-svart-107-x-60-x-170-cm\/#breadcrumb"},"inLanguage":"sv-SE","potentialAction":[{"@type":"ReadAction","target":["https:\/\/truusk.store\/sv\/produkt\/truusk-trimningsbord-med-underkorg-justerbart-i-hojdled-fallbart-rostfritt-stal-svart-107-x-60-x-170-cm\/"]}]},{"@type":"ImageObject","inLanguage":"sv-SE","@id":"https:\/\/truusk.store\/sv\/produkt\/truusk-trimningsbord-med-underkorg-justerbart-i-hojdled-fallbart-rostfritt-stal-svart-107-x-60-x-170-cm\/#primaryimage","url":"https:\/\/i0.wp.com\/truusk.store\/wp-content\/uploads\/2024\/02\/trimbord-trimningsbord-klippbord-trimbord-med-underkorg-for-hundar-justerbart-i-hojdled-fallbart-rostfritt-stal-metall-svart-107-x-60-x-170-cm.webp?fit=800%2C800&ssl=1","contentUrl":"https:\/\/i0.wp.com\/truusk.store\/wp-content\/uploads\/2024\/02\/trimbord-trimningsbord-klippbord-trimbord-med-underkorg-for-hundar-justerbart-i-hojdled-fallbart-rostfritt-stal-metall-svart-107-x-60-x-170-cm.webp?fit=800%2C800&ssl=1","width":800,"height":800,"caption":"Trimbord, Trimningsbord, Klippbord, Trimbord Med Underkorg F\u00f6r Hundar, Justerbart I H\u00f6jdled, F\u00e4llbart, Rostfritt St\u00e5l, Metall, Svart, 107 X 60 X 170 Cm 1"},{"@type":"BreadcrumbList","@id":"https:\/\/truusk.store\/sv\/produkt\/truusk-trimningsbord-med-underkorg-justerbart-i-hojdled-fallbart-rostfritt-stal-svart-107-x-60-x-170-cm\/#breadcrumb","itemListElement":[{"@type":"ListItem","position":1,"name":"Home","item":"https:\/\/truusk.store\/sv\/"},{"@type":"ListItem","position":2,"name":"Shop","item":"https:\/\/truusk.store\/shop\/"},{"@type":"ListItem","position":3,"name":"TRUUSK Trimningsbord med Underkorg &#8211; Justerbart i H\u00f6jdled &#8211; F\u00e4llbart &#8211; Rostfritt St\u00e5l &#8211; Svart &#8211; 107 x 60 x 170 cm"}]},{"@type":"WebSite","@id":"https:\/\/truusk.store\/sv\/#website","url":"https:\/\/truusk.store\/sv\/","name":"TRUUSK - Hem, Tr\u00e4dg\u00e5rd & Fritid","description":"","publisher":{"@id":"https:\/\/truusk.store\/sv\/#organization"},"potentialAction":[{"@type":"SearchAction","target":{"@type":"EntryPoint","urlTemplate":"https:\/\/truusk.store\/sv\/?s={search_term_string}"},"query-input":{"@type":"PropertyValueSpecification","valueRequired":true,"valueName":"search_term_string"}}],"inLanguage":"sv-SE"},{"@type":"Organization","@id":"https:\/\/truusk.store\/sv\/#organization","name":"TRUUSK - Hem, Tr\u00e4dg\u00e5rd & Fritid","url":"https:\/\/truusk.store\/sv\/","logo":{"@type":"ImageObject","inLanguage":"sv-SE","@id":"https:\/\/truusk.store\/sv\/#\/schema\/logo\/image\/","url":"https:\/\/i0.wp.com\/truusk.store\/wp-content\/uploads\/2026\/03\/cropped-TRUUSK.png?fit=2032%2C917&ssl=1","contentUrl":"https:\/\/i0.wp.com\/truusk.store\/wp-content\/uploads\/2026\/03\/cropped-TRUUSK.png?fit=2032%2C917&ssl=1","width":2032,"height":917,"caption":"TRUUSK - Hem, Tr\u00e4dg\u00e5rd & Fritid"},"image":{"@id":"https:\/\/truusk.store\/sv\/#\/schema\/logo\/image\/"}}]}},"jetpack_sharing_enabled":true,"_links":{"self":[{"href":"https:\/\/truusk.store\/sv\/wp-json\/wp\/v2\/product\/13233","targetHints":{"allow":["GET"]}}],"collection":[{"href":"https:\/\/truusk.store\/sv\/wp-json\/wp\/v2\/product"}],"about":[{"href":"https:\/\/truusk.store\/sv\/wp-json\/wp\/v2\/types\/product"}],"wp:featuredmedia":[{"embeddable":true,"href":"https:\/\/truusk.store\/sv\/wp-json\/wp\/v2\/media\/13234"}],"wp:attachment":[{"href":"https:\/\/truusk.store\/sv\/wp-json\/wp\/v2\/media?parent=13233"}],"wp:term":[{"taxonomy":"product_brand","embeddable":true,"href":"https:\/\/truusk.store\/sv\/wp-json\/wp\/v2\/product_brand?post=13233"},{"taxonomy":"product_cat","embeddable":true,"href":"https:\/\/truusk.store\/sv\/wp-json\/wp\/v2\/product_cat?post=13233"},{"taxonomy":"product_tag","embeddable":true,"href":"https:\/\/truusk.store\/sv\/wp-json\/wp\/v2\/product_tag?post=13233"}],"curies":[{"name":"wp","href":"https:\/\/api.w.org\/{rel}","templated":true}]}}