{"id":13353,"date":"2024-02-13T11:35:19","date_gmt":"2024-02-13T10:35:19","guid":{"rendered":"https:\/\/truusk.store\/product\/pet-gate-trappport-sakerhetsgrind-4-delar-vikbar-vit\/"},"modified":"2026-03-12T08:58:16","modified_gmt":"2026-03-12T07:58:16","slug":"truusk-sakerhetsgrind-for-husdjur-vikbar-vit-4-delar","status":"publish","type":"product","link":"https:\/\/truusk.store\/sv\/produkt\/truusk-sakerhetsgrind-for-husdjur-vikbar-vit-4-delar\/","title":{"rendered":"TRUUSK S\u00e4kerhetsgrind f\u00f6r Husdjur &#8211; Vikbar &#8211; Vit &#8211; 4 Delar"},"content":{"rendered":"<p>Tr\u00e4staketet med d\u00f6rr \u00e4r ett s\u00e4kert och effektivt s\u00e4tt att skydda dina husdjur och skapa en dekoration f\u00f6r ditt hem. Dess design med 4 paneler g\u00f6r att porten kan vikas till olika former. En tallrik fungerar som en d\u00f6rr genom vilken ditt husdjur enkelt kan komma in och ut. M\u00e5let f\u00e4lls ihop och kan enkelt f\u00f6rvaras i tr\u00e5nga utrymmen utan att ta f\u00f6r mycket plats.<\/p>\n<h3>Beskrivning:<\/h3>\n<ul>\n<li>Tillverkad av MDF-tr\u00e4, slitstark, l\u00e4mplig f\u00f6r husdjur<\/li>\n<li>Den best\u00e5r av 4 paneler kopplade till varandra med kraftiga g\u00e5ngj\u00e4rn<\/li>\n<li>Det finns en d\u00f6rr f\u00f6r enkel \u00e5tkomst<\/li>\n<li>Flexibla anslutningar g\u00f6r att panelerna kan arrangeras i olika former i olika utf\u00f6randen<\/li>\n<li>Utm\u00e4rkt f\u00f6r d\u00f6rr\u00f6ppningar, entr\u00e9er, lobbyer, sovrum och trapphus<\/li>\n<li>2 st\u00f6d ger h\u00f6g stabilitet<\/li>\n<li>Bekv\u00e4m hopf\u00e4llbar, litet utrymmesbehov<\/li>\n<li>Inte l\u00e4mplig f\u00f6r stora hundar<\/li>\n<\/ul>\n<h3>Teknisk data:<\/h3>\n<ul>\n<li>F\u00e4rg vit<\/li>\n<li>Material: MDF<\/li>\n<li>\u00d6vergripande m\u00e5tt: 240L x 1,8W x 81H cm<\/li>\n<li>Objektstorlek: 60L x 81H cm<\/li>\n<li>Ing\u00e5ngsd\u00f6rrens m\u00e5tt: 51W x 76H cm<\/li>\n<li>Vikbar storlek: 60L x 81W x 7,5D cm<\/li>\n<li>Montering kr\u00e4vs<\/li>\n<\/ul>\n<h3>Leveransens omfattning:<\/h3>\n<ul>\n<li>1 x skyddsgaller<\/li>\n<li>1 x Instruktioner<\/li>\n<\/ul>\n","protected":false},"excerpt":{"rendered":"<p>Tr\u00e4staketet med d\u00f6rr \u00e4r ett s\u00e4kert och effektivt s\u00e4tt att skydda dina husdjur och skapa en dekoration f\u00f6r ditt hem&#8230;.<\/p>\n","protected":false},"featured_media":13354,"template":"","meta":[],"product_brand":[],"product_cat":[577,574,573],"product_tag":[],"class_list":{"0":"post-13353","1":"product","2":"type-product","3":"status-publish","4":"has-post-thumbnail","6":"product_cat-hundgrindar-avdelare","7":"product_cat-hundtillbehor","8":"product_cat-husdjursmaterial","10":"first","11":"instock","12":"sale","13":"taxable","14":"shipping-taxable","15":"purchasable","16":"product-type-simple"},"yoast_head":"<!-- This site is optimized with the Yoast SEO plugin v25.4 - https:\/\/yoast.com\/wordpress\/plugins\/seo\/ -->\n<title>TRUUSK S\u00e4kerhetsgrind f\u00f6r Husdjur - Vikbar - Vit - 4 Delar - TRUUSK - Hem, Tr\u00e4dg\u00e5rd &amp; Fritid<\/title>\n<meta name=\"robots\" content=\"index, follow, max-snippet:-1, max-image-preview:large, max-video-preview:-1\" \/>\n<link rel=\"canonical\" href=\"https:\/\/truusk.store\/sv\/produkt\/truusk-sakerhetsgrind-for-husdjur-vikbar-vit-4-delar\/\" \/>\n<meta property=\"og:locale\" content=\"sv_SE\" \/>\n<meta property=\"og:type\" content=\"article\" \/>\n<meta property=\"og:title\" content=\"TRUUSK S\u00e4kerhetsgrind f\u00f6r Husdjur - Vikbar - Vit - 4 Delar - TRUUSK - Hem, Tr\u00e4dg\u00e5rd &amp; Fritid\" \/>\n<meta property=\"og:description\" content=\"Tr\u00e4staketet med d\u00f6rr \u00e4r ett s\u00e4kert och effektivt s\u00e4tt att skydda dina husdjur och skapa en dekoration f\u00f6r ditt hem....\" \/>\n<meta property=\"og:url\" content=\"https:\/\/truusk.store\/sv\/produkt\/truusk-sakerhetsgrind-for-husdjur-vikbar-vit-4-delar\/\" \/>\n<meta property=\"og:site_name\" content=\"TRUUSK - Hem, Tr\u00e4dg\u00e5rd &amp; Fritid\" \/>\n<meta property=\"article:modified_time\" content=\"2026-03-12T07:58:16+00:00\" \/>\n<meta property=\"og:image\" content=\"https:\/\/i0.wp.com\/truusk.se\/wp-content\/uploads\/2024\/02\/pet-gate-trappport-sakerhetsgrind-4-delar-vikbar-vit.webp?fit=800%2C800&ssl=1\" \/>\n\t<meta property=\"og:image:width\" content=\"800\" \/>\n\t<meta property=\"og:image:height\" content=\"800\" \/>\n\t<meta property=\"og:image:type\" content=\"image\/webp\" \/>\n<meta name=\"twitter:card\" content=\"summary_large_image\" \/>\n<meta name=\"twitter:label1\" content=\"Ber\u00e4knad l\u00e4stid\" \/>\n\t<meta name=\"twitter:data1\" content=\"1 minut\" \/>\n<!-- \/ Yoast SEO plugin. -->","yoast_head_json":{"title":"TRUUSK S\u00e4kerhetsgrind f\u00f6r Husdjur - Vikbar - Vit - 4 Delar - TRUUSK - Hem, Tr\u00e4dg\u00e5rd &amp; Fritid","robots":{"index":"index","follow":"follow","max-snippet":"max-snippet:-1","max-image-preview":"max-image-preview:large","max-video-preview":"max-video-preview:-1"},"canonical":"https:\/\/truusk.store\/sv\/produkt\/truusk-sakerhetsgrind-for-husdjur-vikbar-vit-4-delar\/","og_locale":"sv_SE","og_type":"article","og_title":"TRUUSK S\u00e4kerhetsgrind f\u00f6r Husdjur - Vikbar - Vit - 4 Delar - TRUUSK - Hem, Tr\u00e4dg\u00e5rd &amp; Fritid","og_description":"Tr\u00e4staketet med d\u00f6rr \u00e4r ett s\u00e4kert och effektivt s\u00e4tt att skydda dina husdjur och skapa en dekoration f\u00f6r ditt hem....","og_url":"https:\/\/truusk.store\/sv\/produkt\/truusk-sakerhetsgrind-for-husdjur-vikbar-vit-4-delar\/","og_site_name":"TRUUSK - Hem, Tr\u00e4dg\u00e5rd &amp; Fritid","article_modified_time":"2026-03-12T07:58:16+00:00","og_image":[{"width":800,"height":800,"url":"https:\/\/i0.wp.com\/truusk.se\/wp-content\/uploads\/2024\/02\/pet-gate-trappport-sakerhetsgrind-4-delar-vikbar-vit.webp?fit=800%2C800&ssl=1","type":"image\/webp"}],"twitter_card":"summary_large_image","twitter_misc":{"Ber\u00e4knad l\u00e4stid":"1 minut"},"schema":{"@context":"https:\/\/schema.org","@graph":[{"@type":"WebPage","@id":"https:\/\/truusk.store\/sv\/produkt\/truusk-sakerhetsgrind-for-husdjur-vikbar-vit-4-delar\/","url":"https:\/\/truusk.store\/sv\/produkt\/truusk-sakerhetsgrind-for-husdjur-vikbar-vit-4-delar\/","name":"TRUUSK S\u00e4kerhetsgrind f\u00f6r Husdjur - Vikbar - Vit - 4 Delar - TRUUSK - Hem, Tr\u00e4dg\u00e5rd &amp; Fritid","isPartOf":{"@id":"https:\/\/truusk.store\/sv\/#website"},"primaryImageOfPage":{"@id":"https:\/\/truusk.store\/sv\/produkt\/truusk-sakerhetsgrind-for-husdjur-vikbar-vit-4-delar\/#primaryimage"},"image":{"@id":"https:\/\/truusk.store\/sv\/produkt\/truusk-sakerhetsgrind-for-husdjur-vikbar-vit-4-delar\/#primaryimage"},"thumbnailUrl":"https:\/\/i0.wp.com\/truusk.store\/wp-content\/uploads\/2024\/02\/pet-gate-trappport-sakerhetsgrind-4-delar-vikbar-vit.webp?fit=800%2C800&ssl=1","datePublished":"2024-02-13T10:35:19+00:00","dateModified":"2026-03-12T07:58:16+00:00","breadcrumb":{"@id":"https:\/\/truusk.store\/sv\/produkt\/truusk-sakerhetsgrind-for-husdjur-vikbar-vit-4-delar\/#breadcrumb"},"inLanguage":"sv-SE","potentialAction":[{"@type":"ReadAction","target":["https:\/\/truusk.store\/sv\/produkt\/truusk-sakerhetsgrind-for-husdjur-vikbar-vit-4-delar\/"]}]},{"@type":"ImageObject","inLanguage":"sv-SE","@id":"https:\/\/truusk.store\/sv\/produkt\/truusk-sakerhetsgrind-for-husdjur-vikbar-vit-4-delar\/#primaryimage","url":"https:\/\/i0.wp.com\/truusk.store\/wp-content\/uploads\/2024\/02\/pet-gate-trappport-sakerhetsgrind-4-delar-vikbar-vit.webp?fit=800%2C800&ssl=1","contentUrl":"https:\/\/i0.wp.com\/truusk.store\/wp-content\/uploads\/2024\/02\/pet-gate-trappport-sakerhetsgrind-4-delar-vikbar-vit.webp?fit=800%2C800&ssl=1","width":800,"height":800,"caption":"Pet Gate Trappport S\u00e4kerhetsgrind 4 Delar Vikbar Vit 1"},{"@type":"BreadcrumbList","@id":"https:\/\/truusk.store\/sv\/produkt\/truusk-sakerhetsgrind-for-husdjur-vikbar-vit-4-delar\/#breadcrumb","itemListElement":[{"@type":"ListItem","position":1,"name":"Home","item":"https:\/\/truusk.store\/sv\/"},{"@type":"ListItem","position":2,"name":"Shop","item":"https:\/\/truusk.store\/shop\/"},{"@type":"ListItem","position":3,"name":"TRUUSK S\u00e4kerhetsgrind f\u00f6r Husdjur &#8211; Vikbar &#8211; Vit &#8211; 4 Delar"}]},{"@type":"WebSite","@id":"https:\/\/truusk.store\/sv\/#website","url":"https:\/\/truusk.store\/sv\/","name":"TRUUSK - Hem, Tr\u00e4dg\u00e5rd & Fritid","description":"","publisher":{"@id":"https:\/\/truusk.store\/sv\/#organization"},"potentialAction":[{"@type":"SearchAction","target":{"@type":"EntryPoint","urlTemplate":"https:\/\/truusk.store\/sv\/?s={search_term_string}"},"query-input":{"@type":"PropertyValueSpecification","valueRequired":true,"valueName":"search_term_string"}}],"inLanguage":"sv-SE"},{"@type":"Organization","@id":"https:\/\/truusk.store\/sv\/#organization","name":"TRUUSK - Hem, Tr\u00e4dg\u00e5rd & Fritid","url":"https:\/\/truusk.store\/sv\/","logo":{"@type":"ImageObject","inLanguage":"sv-SE","@id":"https:\/\/truusk.store\/sv\/#\/schema\/logo\/image\/","url":"https:\/\/i0.wp.com\/truusk.store\/wp-content\/uploads\/2026\/03\/cropped-TRUUSK.png?fit=2032%2C917&ssl=1","contentUrl":"https:\/\/i0.wp.com\/truusk.store\/wp-content\/uploads\/2026\/03\/cropped-TRUUSK.png?fit=2032%2C917&ssl=1","width":2032,"height":917,"caption":"TRUUSK - Hem, Tr\u00e4dg\u00e5rd & Fritid"},"image":{"@id":"https:\/\/truusk.store\/sv\/#\/schema\/logo\/image\/"}}]}},"jetpack_sharing_enabled":true,"_links":{"self":[{"href":"https:\/\/truusk.store\/sv\/wp-json\/wp\/v2\/product\/13353","targetHints":{"allow":["GET"]}}],"collection":[{"href":"https:\/\/truusk.store\/sv\/wp-json\/wp\/v2\/product"}],"about":[{"href":"https:\/\/truusk.store\/sv\/wp-json\/wp\/v2\/types\/product"}],"wp:featuredmedia":[{"embeddable":true,"href":"https:\/\/truusk.store\/sv\/wp-json\/wp\/v2\/media\/13354"}],"wp:attachment":[{"href":"https:\/\/truusk.store\/sv\/wp-json\/wp\/v2\/media?parent=13353"}],"wp:term":[{"taxonomy":"product_brand","embeddable":true,"href":"https:\/\/truusk.store\/sv\/wp-json\/wp\/v2\/product_brand?post=13353"},{"taxonomy":"product_cat","embeddable":true,"href":"https:\/\/truusk.store\/sv\/wp-json\/wp\/v2\/product_cat?post=13353"},{"taxonomy":"product_tag","embeddable":true,"href":"https:\/\/truusk.store\/sv\/wp-json\/wp\/v2\/product_tag?post=13353"}],"curies":[{"name":"wp","href":"https:\/\/api.w.org\/{rel}","templated":true}]}}