{"id":13388,"date":"2024-02-13T11:36:10","date_gmt":"2024-02-13T10:36:10","guid":{"rendered":"https:\/\/truusk.store\/product\/piedestalflakt-luftfuktare-med-28l-tank-3-lagen-fjarrkontroll-mobil-svart-445-x-120-cm\/"},"modified":"2026-03-12T08:58:16","modified_gmt":"2026-03-12T07:58:16","slug":"truusk-luftfuktare-och-piedestalflakt-med-28l-tank-3-lagen-fjarrkontroll-mobil-svart-445-x-120-cm","status":"publish","type":"product","link":"https:\/\/truusk.store\/sv\/produkt\/truusk-luftfuktare-och-piedestalflakt-med-28l-tank-3-lagen-fjarrkontroll-mobil-svart-445-x-120-cm\/","title":{"rendered":"TRUUSK Luftfuktare och Piedestalfl\u00e4kt &#8211; Med 2,8L Tank &#8211; 3 L\u00e4gen &#8211; Fj\u00e4rrkontroll &#8211; Mobil &#8211; Svart &#8211; 44,5 x 120 cm"},"content":{"rendered":"<p>V\u00e5r vattenkylda piedestalfl\u00e4kt \u00e4r idealisk f\u00f6r varma och kvava milj\u00f6er. Denna kostnadseffektiva och h\u00f6geffektiva kyll\u00f6sning f\u00f6r stora och sm\u00e5 rum under varma dagar kan anpassas individuellt. Tack vare det stora vridomr\u00e5det ers\u00e4tts varm, kvav luft snabbt av en frisk bris. Timern, som kan st\u00e4llas in p\u00e5 upp till 7,5 timmar, och fj\u00e4rrkontrollen m\u00f6jligg\u00f6r bekv\u00e4m anv\u00e4ndning.<\/p>\n<h3>Beskrivning:<\/h3>\n<ul>\n<li>L\u00e4mplig f\u00f6r hem eller verkst\u00e4der, lager och fabriker<\/li>\n<li>Fin vattenf\u00f6rstoftning s\u00e4kerst\u00e4ller behaglig luftfuktighet, finf\u00f6rdelningsvolymen kan justeras till maximalt 220 ml\/h<\/li>\n<li>Lutningsvinkeln \u00e4r 10 upp och ner och vridningsvinkeln till h\u00f6ger och v\u00e4nster \u00e4r 70<\/li>\n<li>Fl\u00e4ktar och vattenf\u00f6rst\u00f6rare kan anv\u00e4ndas oberoende eller samtidigt<\/li>\n<li>Med timerfunktionen kan du st\u00e4lla in fl\u00e4kten s\u00e5 att den st\u00e4ngs av automatiskt n\u00e4r som helst upp till 7,5 timmar senare<\/li>\n<li>Med fj\u00e4rrkontrollen kan du enkelt \u00e4ndra inst\u00e4llningarna p\u00e5 distans<\/li>\n<li>3 l\u00e4gen att v\u00e4lja mellan, s\u00e5 att du kan justera fl\u00e4kten som du vill<\/li>\n<li>Enkel montering kr\u00e4vs<\/li>\n<\/ul>\n<h3>Teknisk data:<\/h3>\n<ul>\n<li>Material: metall, plast<\/li>\n<li>Totalm\u00e5tt: 44,5 cm x H120 cm<\/li>\n<li>Diameter (Fu): 39 cm<\/li>\n<li>Finf\u00f6rdelning: max 220 ml\/h<\/li>\n<li>Vattentankens kapacitet: 2,8 L<\/li>\n<li>Max r\u00e4ckvidd f\u00f6r fj\u00e4rrkontrollen: 5 m<\/li>\n<li>Effekt: 90W<\/li>\n<li>Vikt: 7,1 kg<\/li>\n<li>Svart f\u00e4rg<\/li>\n<\/ul>\n<h3>Leveransens omfattning:<\/h3>\n<ul>\n<li>1 x piedestalfl\u00e4kt<\/li>\n<li>1 x Vattentank<\/li>\n<li>1 x bruksanvisning<\/li>\n<\/ul>\n","protected":false},"excerpt":{"rendered":"<p>V\u00e5r vattenkylda piedestalfl\u00e4kt \u00e4r idealisk f\u00f6r varma och kvava milj\u00f6er. Denna kostnadseffektiva och h\u00f6geffektiva kyll\u00f6sning f\u00f6r stora och sm\u00e5 rum&#8230;<\/p>\n","protected":false},"featured_media":13389,"template":"","meta":[],"product_brand":[],"product_cat":[697,671,696],"product_tag":[],"class_list":{"0":"post-13388","1":"product","2":"type-product","3":"status-publish","4":"has-post-thumbnail","6":"product_cat-flaktar-och-luftkonditioneringsapparater","7":"product_cat-jarnaffar","8":"product_cat-luftkonditionering-och-flaktar","10":"first","11":"instock","12":"sale","13":"taxable","14":"shipping-taxable","15":"purchasable","16":"product-type-simple"},"yoast_head":"<!-- This site is optimized with the Yoast SEO plugin v25.4 - https:\/\/yoast.com\/wordpress\/plugins\/seo\/ -->\n<title>TRUUSK Luftfuktare och Piedestalfl\u00e4kt - Med 2,8L Tank - 3 L\u00e4gen - Fj\u00e4rrkontroll - Mobil - Svart - 44,5 x 120 cm - TRUUSK - Hem, Tr\u00e4dg\u00e5rd &amp; Fritid<\/title>\n<meta name=\"robots\" content=\"index, follow, max-snippet:-1, max-image-preview:large, max-video-preview:-1\" \/>\n<link rel=\"canonical\" href=\"https:\/\/truusk.store\/sv\/produkt\/truusk-luftfuktare-och-piedestalflakt-med-28l-tank-3-lagen-fjarrkontroll-mobil-svart-445-x-120-cm\/\" \/>\n<meta property=\"og:locale\" content=\"sv_SE\" \/>\n<meta property=\"og:type\" content=\"article\" \/>\n<meta property=\"og:title\" content=\"TRUUSK Luftfuktare och Piedestalfl\u00e4kt - Med 2,8L Tank - 3 L\u00e4gen - Fj\u00e4rrkontroll - Mobil - Svart - 44,5 x 120 cm - TRUUSK - Hem, Tr\u00e4dg\u00e5rd &amp; Fritid\" \/>\n<meta property=\"og:description\" content=\"V\u00e5r vattenkylda piedestalfl\u00e4kt \u00e4r idealisk f\u00f6r varma och kvava milj\u00f6er. Denna kostnadseffektiva och h\u00f6geffektiva kyll\u00f6sning f\u00f6r stora och sm\u00e5 rum...\" \/>\n<meta property=\"og:url\" content=\"https:\/\/truusk.store\/sv\/produkt\/truusk-luftfuktare-och-piedestalflakt-med-28l-tank-3-lagen-fjarrkontroll-mobil-svart-445-x-120-cm\/\" \/>\n<meta property=\"og:site_name\" content=\"TRUUSK - Hem, Tr\u00e4dg\u00e5rd &amp; Fritid\" \/>\n<meta property=\"article:modified_time\" content=\"2026-03-12T07:58:16+00:00\" \/>\n<meta property=\"og:image\" content=\"https:\/\/i0.wp.com\/truusk.se\/wp-content\/uploads\/2024\/02\/piedestalflakt-luftfuktare-med-28l-tank-3-lagen-fjarrkontroll-mobil-svart-445-x-120-cm.webp?fit=800%2C800&ssl=1\" \/>\n\t<meta property=\"og:image:width\" content=\"800\" \/>\n\t<meta property=\"og:image:height\" content=\"800\" \/>\n\t<meta property=\"og:image:type\" content=\"image\/webp\" \/>\n<meta name=\"twitter:card\" content=\"summary_large_image\" \/>\n<meta name=\"twitter:label1\" content=\"Ber\u00e4knad l\u00e4stid\" \/>\n\t<meta name=\"twitter:data1\" content=\"1 minut\" \/>\n<!-- \/ Yoast SEO plugin. -->","yoast_head_json":{"title":"TRUUSK Luftfuktare och Piedestalfl\u00e4kt - Med 2,8L Tank - 3 L\u00e4gen - Fj\u00e4rrkontroll - Mobil - Svart - 44,5 x 120 cm - TRUUSK - Hem, Tr\u00e4dg\u00e5rd &amp; Fritid","robots":{"index":"index","follow":"follow","max-snippet":"max-snippet:-1","max-image-preview":"max-image-preview:large","max-video-preview":"max-video-preview:-1"},"canonical":"https:\/\/truusk.store\/sv\/produkt\/truusk-luftfuktare-och-piedestalflakt-med-28l-tank-3-lagen-fjarrkontroll-mobil-svart-445-x-120-cm\/","og_locale":"sv_SE","og_type":"article","og_title":"TRUUSK Luftfuktare och Piedestalfl\u00e4kt - Med 2,8L Tank - 3 L\u00e4gen - Fj\u00e4rrkontroll - Mobil - Svart - 44,5 x 120 cm - TRUUSK - Hem, Tr\u00e4dg\u00e5rd &amp; Fritid","og_description":"V\u00e5r vattenkylda piedestalfl\u00e4kt \u00e4r idealisk f\u00f6r varma och kvava milj\u00f6er. Denna kostnadseffektiva och h\u00f6geffektiva kyll\u00f6sning f\u00f6r stora och sm\u00e5 rum...","og_url":"https:\/\/truusk.store\/sv\/produkt\/truusk-luftfuktare-och-piedestalflakt-med-28l-tank-3-lagen-fjarrkontroll-mobil-svart-445-x-120-cm\/","og_site_name":"TRUUSK - Hem, Tr\u00e4dg\u00e5rd &amp; Fritid","article_modified_time":"2026-03-12T07:58:16+00:00","og_image":[{"width":800,"height":800,"url":"https:\/\/i0.wp.com\/truusk.se\/wp-content\/uploads\/2024\/02\/piedestalflakt-luftfuktare-med-28l-tank-3-lagen-fjarrkontroll-mobil-svart-445-x-120-cm.webp?fit=800%2C800&ssl=1","type":"image\/webp"}],"twitter_card":"summary_large_image","twitter_misc":{"Ber\u00e4knad l\u00e4stid":"1 minut"},"schema":{"@context":"https:\/\/schema.org","@graph":[{"@type":"WebPage","@id":"https:\/\/truusk.store\/sv\/produkt\/truusk-luftfuktare-och-piedestalflakt-med-28l-tank-3-lagen-fjarrkontroll-mobil-svart-445-x-120-cm\/","url":"https:\/\/truusk.store\/sv\/produkt\/truusk-luftfuktare-och-piedestalflakt-med-28l-tank-3-lagen-fjarrkontroll-mobil-svart-445-x-120-cm\/","name":"TRUUSK Luftfuktare och Piedestalfl\u00e4kt - Med 2,8L Tank - 3 L\u00e4gen - Fj\u00e4rrkontroll - Mobil - Svart - 44,5 x 120 cm - TRUUSK - Hem, Tr\u00e4dg\u00e5rd &amp; Fritid","isPartOf":{"@id":"https:\/\/truusk.store\/sv\/#website"},"primaryImageOfPage":{"@id":"https:\/\/truusk.store\/sv\/produkt\/truusk-luftfuktare-och-piedestalflakt-med-28l-tank-3-lagen-fjarrkontroll-mobil-svart-445-x-120-cm\/#primaryimage"},"image":{"@id":"https:\/\/truusk.store\/sv\/produkt\/truusk-luftfuktare-och-piedestalflakt-med-28l-tank-3-lagen-fjarrkontroll-mobil-svart-445-x-120-cm\/#primaryimage"},"thumbnailUrl":"https:\/\/i0.wp.com\/truusk.store\/wp-content\/uploads\/2024\/02\/piedestalflakt-luftfuktare-med-28l-tank-3-lagen-fjarrkontroll-mobil-svart-445-x-120-cm.webp?fit=800%2C800&ssl=1","datePublished":"2024-02-13T10:36:10+00:00","dateModified":"2026-03-12T07:58:16+00:00","breadcrumb":{"@id":"https:\/\/truusk.store\/sv\/produkt\/truusk-luftfuktare-och-piedestalflakt-med-28l-tank-3-lagen-fjarrkontroll-mobil-svart-445-x-120-cm\/#breadcrumb"},"inLanguage":"sv-SE","potentialAction":[{"@type":"ReadAction","target":["https:\/\/truusk.store\/sv\/produkt\/truusk-luftfuktare-och-piedestalflakt-med-28l-tank-3-lagen-fjarrkontroll-mobil-svart-445-x-120-cm\/"]}]},{"@type":"ImageObject","inLanguage":"sv-SE","@id":"https:\/\/truusk.store\/sv\/produkt\/truusk-luftfuktare-och-piedestalflakt-med-28l-tank-3-lagen-fjarrkontroll-mobil-svart-445-x-120-cm\/#primaryimage","url":"https:\/\/i0.wp.com\/truusk.store\/wp-content\/uploads\/2024\/02\/piedestalflakt-luftfuktare-med-28l-tank-3-lagen-fjarrkontroll-mobil-svart-445-x-120-cm.webp?fit=800%2C800&ssl=1","contentUrl":"https:\/\/i0.wp.com\/truusk.store\/wp-content\/uploads\/2024\/02\/piedestalflakt-luftfuktare-med-28l-tank-3-lagen-fjarrkontroll-mobil-svart-445-x-120-cm.webp?fit=800%2C800&ssl=1","width":800,"height":800,"caption":"Piedestalfl\u00e4kt, Luftfuktare, Med 2,8L Tank, 3 L\u00e4gen, Fj\u00e4rrkontroll, Mobil, Svart, 44,5 X 120 Cm 1"},{"@type":"BreadcrumbList","@id":"https:\/\/truusk.store\/sv\/produkt\/truusk-luftfuktare-och-piedestalflakt-med-28l-tank-3-lagen-fjarrkontroll-mobil-svart-445-x-120-cm\/#breadcrumb","itemListElement":[{"@type":"ListItem","position":1,"name":"Home","item":"https:\/\/truusk.store\/sv\/"},{"@type":"ListItem","position":2,"name":"Shop","item":"https:\/\/truusk.store\/shop\/"},{"@type":"ListItem","position":3,"name":"TRUUSK Luftfuktare och Piedestalfl\u00e4kt &#8211; Med 2,8L Tank &#8211; 3 L\u00e4gen &#8211; Fj\u00e4rrkontroll &#8211; Mobil &#8211; Svart &#8211; 44,5 x 120 cm"}]},{"@type":"WebSite","@id":"https:\/\/truusk.store\/sv\/#website","url":"https:\/\/truusk.store\/sv\/","name":"TRUUSK - Hem, Tr\u00e4dg\u00e5rd & Fritid","description":"","publisher":{"@id":"https:\/\/truusk.store\/sv\/#organization"},"potentialAction":[{"@type":"SearchAction","target":{"@type":"EntryPoint","urlTemplate":"https:\/\/truusk.store\/sv\/?s={search_term_string}"},"query-input":{"@type":"PropertyValueSpecification","valueRequired":true,"valueName":"search_term_string"}}],"inLanguage":"sv-SE"},{"@type":"Organization","@id":"https:\/\/truusk.store\/sv\/#organization","name":"TRUUSK - Hem, Tr\u00e4dg\u00e5rd & Fritid","url":"https:\/\/truusk.store\/sv\/","logo":{"@type":"ImageObject","inLanguage":"sv-SE","@id":"https:\/\/truusk.store\/sv\/#\/schema\/logo\/image\/","url":"https:\/\/i0.wp.com\/truusk.store\/wp-content\/uploads\/2026\/03\/cropped-TRUUSK.png?fit=2032%2C917&ssl=1","contentUrl":"https:\/\/i0.wp.com\/truusk.store\/wp-content\/uploads\/2026\/03\/cropped-TRUUSK.png?fit=2032%2C917&ssl=1","width":2032,"height":917,"caption":"TRUUSK - Hem, Tr\u00e4dg\u00e5rd & Fritid"},"image":{"@id":"https:\/\/truusk.store\/sv\/#\/schema\/logo\/image\/"}}]}},"jetpack_sharing_enabled":true,"_links":{"self":[{"href":"https:\/\/truusk.store\/sv\/wp-json\/wp\/v2\/product\/13388","targetHints":{"allow":["GET"]}}],"collection":[{"href":"https:\/\/truusk.store\/sv\/wp-json\/wp\/v2\/product"}],"about":[{"href":"https:\/\/truusk.store\/sv\/wp-json\/wp\/v2\/types\/product"}],"wp:featuredmedia":[{"embeddable":true,"href":"https:\/\/truusk.store\/sv\/wp-json\/wp\/v2\/media\/13389"}],"wp:attachment":[{"href":"https:\/\/truusk.store\/sv\/wp-json\/wp\/v2\/media?parent=13388"}],"wp:term":[{"taxonomy":"product_brand","embeddable":true,"href":"https:\/\/truusk.store\/sv\/wp-json\/wp\/v2\/product_brand?post=13388"},{"taxonomy":"product_cat","embeddable":true,"href":"https:\/\/truusk.store\/sv\/wp-json\/wp\/v2\/product_cat?post=13388"},{"taxonomy":"product_tag","embeddable":true,"href":"https:\/\/truusk.store\/sv\/wp-json\/wp\/v2\/product_tag?post=13388"}],"curies":[{"name":"wp","href":"https:\/\/api.w.org\/{rel}","templated":true}]}}