{"id":13416,"date":"2024-02-13T11:37:24","date_gmt":"2024-02-13T10:37:24","guid":{"rendered":"https:\/\/truusk.store\/product\/satesgravare-med-inbyggt-forvaringsfack-akbil-barntraktor-barngravmaskin-med-horn-akande-gravmaskin-akbil-balanscykel-gul-svart-80-x-265-x-39-cm\/"},"modified":"2026-03-12T08:58:17","modified_gmt":"2026-03-12T07:58:17","slug":"truusk-barntraktor-med-forvaringsfack-gul-svart-med-horn-balanscykel-80x265x39-cm","status":"publish","type":"product","link":"https:\/\/truusk.store\/sv\/produkt\/truusk-barntraktor-med-forvaringsfack-gul-svart-med-horn-balanscykel-80x265x39-cm\/","title":{"rendered":"TRUUSK Barntraktor med F\u00f6rvaringsfack &#8211; Gul\/Svart &#8211; Med Horn &#8211; Balanscykel &#8211; 80&#215;26,5&#215;39 cm"},"content":{"rendered":"<p>Med denna pedaltraktor kan barn k\u00f6ra runt, bygga en lekbyggarbetsplats och f\u00f6rvara sina leksaker! Flytta upp smuts, sand och mycket mer med den stora spaden som ditt barn enkelt kan anv\u00e4nda. Bulldozern har ett stort, dolt f\u00f6rvaringsutrymme under s\u00e4tet d\u00e4r ditt barn kan f\u00f6rvara sina leksaker och alltid ha dem inom r\u00e4ckh\u00e5ll.<\/p>\n<h3>Beskrivning:<\/h3>\n<ul>\n<li>Spaden kan h\u00f6jas och s\u00e4nkas f\u00f6r att skotta stora h\u00f6gar med smuts eller sn\u00f6<\/li>\n<li>V\u00e4xelspakens design g\u00f6r den enkel att anv\u00e4nda och ger dina barn en autentisk k\u00f6rupplevelse<\/li>\n<li>Utrustad med ett riktigt fungerande horn (inga batterier kr\u00e4vs) f\u00f6r extra n\u00f6je<\/li>\n<li>Det dubbla anti-backsystemet hj\u00e4lper till att h\u00e5lla bulldozern balanserad och f\u00f6rhindrar att den v\u00e4lter<\/li>\n<\/ul>\n<h3>Teknisk data:<\/h3>\n<ul>\n<li>F\u00e4rg gul<\/li>\n<li>Material: PP-plast, ABS<\/li>\n<li>\u00d6vergripande m\u00e5tt: 80L x 26,5W x 39H cm<\/li>\n<li>Sittm\u00e5tt: 22,5L x 15W x 22,5H cm<\/li>\n<li>M\u00e5tt p\u00e5 ryggst\u00f6den: 15,5W x 15H cm<\/li>\n<li>Ryggst\u00f6dsh\u00f6jd (fr\u00e5n topp till golv): 39 cm<\/li>\n<li>M\u00e5tt p\u00e5 f\u00f6rvaringsutrymmet nedan: 25L x15W x 9H cm<\/li>\n<li>L\u00e4mplig f\u00f6r barn i \u00e5ldern ca 3 \u00e5r<\/li>\n<li>Lastkapacitet: 30 kg.<\/li>\n<li>Hjulstorlek: fram 12 cm, bak 15,5 cm<\/li>\n<\/ul>\n<h3>Leveransens omfattning:<\/h3>\n<ul>\n<li>1 x pedaltraktor<\/li>\n<li>1 x Instruktioner<\/li>\n<\/ul>\n","protected":false},"excerpt":{"rendered":"<p>Med denna pedaltraktor kan barn k\u00f6ra runt, bygga en lekbyggarbetsplats och f\u00f6rvara sina leksaker! Flytta upp smuts, sand och mycket&#8230;<\/p>\n","protected":false},"featured_media":13417,"template":"","meta":[],"product_brand":[],"product_cat":[609,613,610],"product_tag":[],"class_list":{"0":"post-13416","1":"product","2":"type-product","3":"status-publish","4":"has-post-thumbnail","6":"product_cat-baby-barn","7":"product_cat-balansera-cyklar-och-akande","8":"product_cat-barnfordon","10":"first","11":"instock","12":"sale","13":"taxable","14":"shipping-taxable","15":"purchasable","16":"product-type-simple"},"yoast_head":"<!-- This site is optimized with the Yoast SEO plugin v25.4 - https:\/\/yoast.com\/wordpress\/plugins\/seo\/ -->\n<title>TRUUSK Barntraktor med F\u00f6rvaringsfack - Gul\/Svart - Med Horn - Balanscykel - 80x26,5x39 cm - TRUUSK - Hem, Tr\u00e4dg\u00e5rd &amp; Fritid<\/title>\n<meta name=\"robots\" content=\"index, follow, max-snippet:-1, max-image-preview:large, max-video-preview:-1\" \/>\n<link rel=\"canonical\" href=\"https:\/\/truusk.store\/sv\/produkt\/truusk-barntraktor-med-forvaringsfack-gul-svart-med-horn-balanscykel-80x265x39-cm\/\" \/>\n<meta property=\"og:locale\" content=\"sv_SE\" \/>\n<meta property=\"og:type\" content=\"article\" \/>\n<meta property=\"og:title\" content=\"TRUUSK Barntraktor med F\u00f6rvaringsfack - Gul\/Svart - Med Horn - Balanscykel - 80x26,5x39 cm - TRUUSK - Hem, Tr\u00e4dg\u00e5rd &amp; Fritid\" \/>\n<meta property=\"og:description\" content=\"Med denna pedaltraktor kan barn k\u00f6ra runt, bygga en lekbyggarbetsplats och f\u00f6rvara sina leksaker! Flytta upp smuts, sand och mycket...\" \/>\n<meta property=\"og:url\" content=\"https:\/\/truusk.store\/sv\/produkt\/truusk-barntraktor-med-forvaringsfack-gul-svart-med-horn-balanscykel-80x265x39-cm\/\" \/>\n<meta property=\"og:site_name\" content=\"TRUUSK - Hem, Tr\u00e4dg\u00e5rd &amp; Fritid\" \/>\n<meta property=\"article:modified_time\" content=\"2026-03-12T07:58:17+00:00\" \/>\n<meta property=\"og:image\" content=\"https:\/\/i0.wp.com\/truusk.se\/wp-content\/uploads\/2024\/02\/satesgravare-med-inbyggt-forvaringsfack-akbil-barntraktor-barngravmaskin-med-horn-akande-gravmaskin-akbil-balanscykel-gul-svart-80-x-265-x-39-cm.webp?fit=800%2C800&ssl=1\" \/>\n\t<meta property=\"og:image:width\" content=\"800\" \/>\n\t<meta property=\"og:image:height\" content=\"800\" \/>\n\t<meta property=\"og:image:type\" content=\"image\/webp\" \/>\n<meta name=\"twitter:card\" content=\"summary_large_image\" \/>\n<meta name=\"twitter:label1\" content=\"Ber\u00e4knad l\u00e4stid\" \/>\n\t<meta name=\"twitter:data1\" content=\"1 minut\" \/>\n<!-- \/ Yoast SEO plugin. -->","yoast_head_json":{"title":"TRUUSK Barntraktor med F\u00f6rvaringsfack - Gul\/Svart - Med Horn - Balanscykel - 80x26,5x39 cm - TRUUSK - Hem, Tr\u00e4dg\u00e5rd &amp; Fritid","robots":{"index":"index","follow":"follow","max-snippet":"max-snippet:-1","max-image-preview":"max-image-preview:large","max-video-preview":"max-video-preview:-1"},"canonical":"https:\/\/truusk.store\/sv\/produkt\/truusk-barntraktor-med-forvaringsfack-gul-svart-med-horn-balanscykel-80x265x39-cm\/","og_locale":"sv_SE","og_type":"article","og_title":"TRUUSK Barntraktor med F\u00f6rvaringsfack - Gul\/Svart - Med Horn - Balanscykel - 80x26,5x39 cm - TRUUSK - Hem, Tr\u00e4dg\u00e5rd &amp; Fritid","og_description":"Med denna pedaltraktor kan barn k\u00f6ra runt, bygga en lekbyggarbetsplats och f\u00f6rvara sina leksaker! Flytta upp smuts, sand och mycket...","og_url":"https:\/\/truusk.store\/sv\/produkt\/truusk-barntraktor-med-forvaringsfack-gul-svart-med-horn-balanscykel-80x265x39-cm\/","og_site_name":"TRUUSK - Hem, Tr\u00e4dg\u00e5rd &amp; Fritid","article_modified_time":"2026-03-12T07:58:17+00:00","og_image":[{"width":800,"height":800,"url":"https:\/\/i0.wp.com\/truusk.se\/wp-content\/uploads\/2024\/02\/satesgravare-med-inbyggt-forvaringsfack-akbil-barntraktor-barngravmaskin-med-horn-akande-gravmaskin-akbil-balanscykel-gul-svart-80-x-265-x-39-cm.webp?fit=800%2C800&ssl=1","type":"image\/webp"}],"twitter_card":"summary_large_image","twitter_misc":{"Ber\u00e4knad l\u00e4stid":"1 minut"},"schema":{"@context":"https:\/\/schema.org","@graph":[{"@type":"WebPage","@id":"https:\/\/truusk.store\/sv\/produkt\/truusk-barntraktor-med-forvaringsfack-gul-svart-med-horn-balanscykel-80x265x39-cm\/","url":"https:\/\/truusk.store\/sv\/produkt\/truusk-barntraktor-med-forvaringsfack-gul-svart-med-horn-balanscykel-80x265x39-cm\/","name":"TRUUSK Barntraktor med F\u00f6rvaringsfack - Gul\/Svart - Med Horn - Balanscykel - 80x26,5x39 cm - TRUUSK - Hem, Tr\u00e4dg\u00e5rd &amp; Fritid","isPartOf":{"@id":"https:\/\/truusk.store\/sv\/#website"},"primaryImageOfPage":{"@id":"https:\/\/truusk.store\/sv\/produkt\/truusk-barntraktor-med-forvaringsfack-gul-svart-med-horn-balanscykel-80x265x39-cm\/#primaryimage"},"image":{"@id":"https:\/\/truusk.store\/sv\/produkt\/truusk-barntraktor-med-forvaringsfack-gul-svart-med-horn-balanscykel-80x265x39-cm\/#primaryimage"},"thumbnailUrl":"https:\/\/i0.wp.com\/truusk.store\/wp-content\/uploads\/2024\/02\/satesgravare-med-inbyggt-forvaringsfack-akbil-barntraktor-barngravmaskin-med-horn-akande-gravmaskin-akbil-balanscykel-gul-svart-80-x-265-x-39-cm.webp?fit=800%2C800&ssl=1","datePublished":"2024-02-13T10:37:24+00:00","dateModified":"2026-03-12T07:58:17+00:00","breadcrumb":{"@id":"https:\/\/truusk.store\/sv\/produkt\/truusk-barntraktor-med-forvaringsfack-gul-svart-med-horn-balanscykel-80x265x39-cm\/#breadcrumb"},"inLanguage":"sv-SE","potentialAction":[{"@type":"ReadAction","target":["https:\/\/truusk.store\/sv\/produkt\/truusk-barntraktor-med-forvaringsfack-gul-svart-med-horn-balanscykel-80x265x39-cm\/"]}]},{"@type":"ImageObject","inLanguage":"sv-SE","@id":"https:\/\/truusk.store\/sv\/produkt\/truusk-barntraktor-med-forvaringsfack-gul-svart-med-horn-balanscykel-80x265x39-cm\/#primaryimage","url":"https:\/\/i0.wp.com\/truusk.store\/wp-content\/uploads\/2024\/02\/satesgravare-med-inbyggt-forvaringsfack-akbil-barntraktor-barngravmaskin-med-horn-akande-gravmaskin-akbil-balanscykel-gul-svart-80-x-265-x-39-cm.webp?fit=800%2C800&ssl=1","contentUrl":"https:\/\/i0.wp.com\/truusk.store\/wp-content\/uploads\/2024\/02\/satesgravare-med-inbyggt-forvaringsfack-akbil-barntraktor-barngravmaskin-med-horn-akande-gravmaskin-akbil-balanscykel-gul-svart-80-x-265-x-39-cm.webp?fit=800%2C800&ssl=1","width":800,"height":800,"caption":"S\u00e4tesgr\u00e4vare Med Inbyggt F\u00f6rvaringsfack \u00e5kbil Barntraktor Barngr\u00e4vmaskin Med Horn \u00e5kande Gr\u00e4vmaskin \u00e5kbil Balanscykel Gul + Svart 80 X 26,5 X 39 Cm 1"},{"@type":"BreadcrumbList","@id":"https:\/\/truusk.store\/sv\/produkt\/truusk-barntraktor-med-forvaringsfack-gul-svart-med-horn-balanscykel-80x265x39-cm\/#breadcrumb","itemListElement":[{"@type":"ListItem","position":1,"name":"Home","item":"https:\/\/truusk.store\/sv\/"},{"@type":"ListItem","position":2,"name":"Shop","item":"https:\/\/truusk.store\/shop\/"},{"@type":"ListItem","position":3,"name":"TRUUSK Barntraktor med F\u00f6rvaringsfack &#8211; Gul\/Svart &#8211; Med Horn &#8211; Balanscykel &#8211; 80&#215;26,5&#215;39 cm"}]},{"@type":"WebSite","@id":"https:\/\/truusk.store\/sv\/#website","url":"https:\/\/truusk.store\/sv\/","name":"TRUUSK - Hem, Tr\u00e4dg\u00e5rd & Fritid","description":"","publisher":{"@id":"https:\/\/truusk.store\/sv\/#organization"},"potentialAction":[{"@type":"SearchAction","target":{"@type":"EntryPoint","urlTemplate":"https:\/\/truusk.store\/sv\/?s={search_term_string}"},"query-input":{"@type":"PropertyValueSpecification","valueRequired":true,"valueName":"search_term_string"}}],"inLanguage":"sv-SE"},{"@type":"Organization","@id":"https:\/\/truusk.store\/sv\/#organization","name":"TRUUSK - Hem, Tr\u00e4dg\u00e5rd & Fritid","url":"https:\/\/truusk.store\/sv\/","logo":{"@type":"ImageObject","inLanguage":"sv-SE","@id":"https:\/\/truusk.store\/sv\/#\/schema\/logo\/image\/","url":"https:\/\/i0.wp.com\/truusk.store\/wp-content\/uploads\/2026\/03\/cropped-TRUUSK.png?fit=2032%2C917&ssl=1","contentUrl":"https:\/\/i0.wp.com\/truusk.store\/wp-content\/uploads\/2026\/03\/cropped-TRUUSK.png?fit=2032%2C917&ssl=1","width":2032,"height":917,"caption":"TRUUSK - Hem, Tr\u00e4dg\u00e5rd & Fritid"},"image":{"@id":"https:\/\/truusk.store\/sv\/#\/schema\/logo\/image\/"}}]}},"jetpack_sharing_enabled":true,"_links":{"self":[{"href":"https:\/\/truusk.store\/sv\/wp-json\/wp\/v2\/product\/13416","targetHints":{"allow":["GET"]}}],"collection":[{"href":"https:\/\/truusk.store\/sv\/wp-json\/wp\/v2\/product"}],"about":[{"href":"https:\/\/truusk.store\/sv\/wp-json\/wp\/v2\/types\/product"}],"wp:featuredmedia":[{"embeddable":true,"href":"https:\/\/truusk.store\/sv\/wp-json\/wp\/v2\/media\/13417"}],"wp:attachment":[{"href":"https:\/\/truusk.store\/sv\/wp-json\/wp\/v2\/media?parent=13416"}],"wp:term":[{"taxonomy":"product_brand","embeddable":true,"href":"https:\/\/truusk.store\/sv\/wp-json\/wp\/v2\/product_brand?post=13416"},{"taxonomy":"product_cat","embeddable":true,"href":"https:\/\/truusk.store\/sv\/wp-json\/wp\/v2\/product_cat?post=13416"},{"taxonomy":"product_tag","embeddable":true,"href":"https:\/\/truusk.store\/sv\/wp-json\/wp\/v2\/product_tag?post=13416"}],"curies":[{"name":"wp","href":"https:\/\/api.w.org\/{rel}","templated":true}]}}