{"id":13509,"date":"2024-02-13T11:40:23","date_gmt":"2024-02-13T10:40:23","guid":{"rendered":"https:\/\/truusk.store\/product\/gunghast-for-barn-gungdjur-gungleksak-neighing-brun-74x28x65cm\/"},"modified":"2026-03-12T08:58:18","modified_gmt":"2026-03-12T07:58:18","slug":"truusk-gungdjur-neighing-74x28x65cm-brun-for-barn","status":"publish","type":"product","link":"https:\/\/truusk.store\/sv\/produkt\/truusk-gungdjur-neighing-74x28x65cm-brun-for-barn\/","title":{"rendered":"TRUUSK Gungdjur &#8211; Neighing &#8211; 74x28x65cm &#8211; Brun &#8211; F\u00f6r Barn"},"content":{"rendered":"<p>&#8221;Wheeeeeeeeeer!&#8221; kommer fr\u00e5n barnrummet! N\u00e4r du sitter s\u00e4kert i sadeln kan ditt barn och hans trogna gungh\u00e4st ge sig ut p\u00e5 sp\u00e4nnande \u00e4ventyr. Utflykterna tar dig genom vidstr\u00e4ckta pr\u00e4rier, gr\u00f6na \u00e4ngar eller ett sagoland. Intressanta v\u00e4nner f\u00f6ljer med dina sm\u00e5, och nya utmaningar m\u00e5ste bem\u00e4stras! Barn upplever alltid sp\u00e4nnande och kreativa \u00e4ventyr med leksaker. Det \u00e4r v\u00e4ldigt viktigt f\u00f6r oss att du och dina n\u00e4ra och k\u00e4ra k\u00e4nner sig bekv\u00e4ma. F\u00f6r att s\u00e4kerst\u00e4lla att inget h\u00e4nder under vilda gung\u00e4ventyr, rundas l\u00f6parna p\u00e5 v\u00e5ra gungh\u00e4star. Det milj\u00f6v\u00e4nliga poppeltr\u00e4et \u00e4r l\u00e4tt och h\u00e5llbart. Det betyder att \u00e4ven framtida syskon kommer att f\u00e5 en lojal gungkamrat. Och f\u00f6r att gungandet ska vara roligt l\u00e4nge \u00e4r p\u00e4lsen gjord av gosigt mjuk plysch. Detta \u00e4r inte bara s\u00e4rskilt s\u00e4kert mot skador, utan ocks\u00e5 bra f\u00f6r klappning! V\u00e5ra trogna f\u00f6ljeslagare v\u00e4ntar bara p\u00e5 dig!<\/p>\n<h3>Beskrivning:<\/h3>\n<ul>\n<li>F\u00f6r barn fr\u00e5n 3 \u00e5r och upp\u00e5t<\/li>\n<li>Mycket bekv\u00e4m sadel som sits<\/li>\n<li>Enkel och snabb montering: endast de tv\u00e5 handtagen beh\u00f6ver monteras ihop<\/li>\n<li>Att rida \u00e4r s\u00e4rskilt roligt med de riktiga grannljuden som utl\u00f6ses av ett snabbt tryck p\u00e5 \u00f6rat<\/li>\n<\/ul>\n<h3>Teknisk data:<\/h3>\n<ul>\n<li>M\u00e5tt: L74 x B28 x H65 cm<\/li>\n<li>Sitth\u00f6jd: 45 cm<\/li>\n<li>F\u00e4rg brun<\/li>\n<li>Material: plysch, poppel<\/li>\n<li>Nettovikt: 1,8 kg<\/li>\n<li>Batterier: 2x AA ing\u00e5r<\/li>\n<li>Rekommenderad \u00e5lder: 3-6 \u00e5r<\/li>\n<li>Max lastkapacitet: 60 kg<\/li>\n<\/ul>\n<h3>Leveransens omfattning:<\/h3>\n<ul>\n<li>1 x gungh\u00e4st<\/li>\n<li>2x AA-batterier<\/li>\n<li>1 x Anv\u00e4ndarmanual<\/li>\n<li>Varning: Anv\u00e4nd under direkt uppsikt av en vuxen.<\/li>\n<li>Ej l\u00e4mplig f\u00f6r barn under tre \u00e5r. Risk f\u00f6r kv\u00e4vning p\u00e5 grund av sm\u00e5 delar som kan sv\u00e4ljas.<\/li>\n<\/ul>\n","protected":false},"excerpt":{"rendered":"<p>&#8221;Wheeeeeeeeeer!&#8221; kommer fr\u00e5n barnrummet! N\u00e4r du sitter s\u00e4kert i sadeln kan ditt barn och hans trogna gungh\u00e4st ge sig ut&#8230;<\/p>\n","protected":false},"featured_media":13510,"template":"","meta":[],"product_brand":[],"product_cat":[609,625,624],"product_tag":[],"class_list":{"0":"post-13509","1":"product","2":"type-product","3":"status-publish","4":"has-post-thumbnail","6":"product_cat-baby-barn","7":"product_cat-gungande-djur","8":"product_cat-leksak","10":"first","11":"instock","12":"sale","13":"taxable","14":"shipping-taxable","15":"purchasable","16":"product-type-simple"},"yoast_head":"<!-- This site is optimized with the Yoast SEO plugin v25.4 - https:\/\/yoast.com\/wordpress\/plugins\/seo\/ -->\n<title>TRUUSK Gungdjur - Neighing - 74x28x65cm - Brun - F\u00f6r Barn - TRUUSK - Hem, Tr\u00e4dg\u00e5rd &amp; Fritid<\/title>\n<meta name=\"robots\" content=\"index, follow, max-snippet:-1, max-image-preview:large, max-video-preview:-1\" \/>\n<link rel=\"canonical\" href=\"https:\/\/truusk.store\/sv\/produkt\/truusk-gungdjur-neighing-74x28x65cm-brun-for-barn\/\" \/>\n<meta property=\"og:locale\" content=\"sv_SE\" \/>\n<meta property=\"og:type\" content=\"article\" \/>\n<meta property=\"og:title\" content=\"TRUUSK Gungdjur - Neighing - 74x28x65cm - Brun - F\u00f6r Barn - TRUUSK - Hem, Tr\u00e4dg\u00e5rd &amp; Fritid\" \/>\n<meta property=\"og:description\" content=\"&#8221;Wheeeeeeeeeer!&#8221; kommer fr\u00e5n barnrummet! N\u00e4r du sitter s\u00e4kert i sadeln kan ditt barn och hans trogna gungh\u00e4st ge sig ut...\" \/>\n<meta property=\"og:url\" content=\"https:\/\/truusk.store\/sv\/produkt\/truusk-gungdjur-neighing-74x28x65cm-brun-for-barn\/\" \/>\n<meta property=\"og:site_name\" content=\"TRUUSK - Hem, Tr\u00e4dg\u00e5rd &amp; Fritid\" \/>\n<meta property=\"article:modified_time\" content=\"2026-03-12T07:58:18+00:00\" \/>\n<meta property=\"og:image\" content=\"https:\/\/i0.wp.com\/truusk.se\/wp-content\/uploads\/2024\/02\/gunghast-for-barn-gungdjur-gungleksak-neighing-brun-74x28x65cm.webp?fit=800%2C800&ssl=1\" \/>\n\t<meta property=\"og:image:width\" content=\"800\" \/>\n\t<meta property=\"og:image:height\" content=\"800\" \/>\n\t<meta property=\"og:image:type\" content=\"image\/webp\" \/>\n<meta name=\"twitter:card\" content=\"summary_large_image\" \/>\n<meta name=\"twitter:label1\" content=\"Ber\u00e4knad l\u00e4stid\" \/>\n\t<meta name=\"twitter:data1\" content=\"1 minut\" \/>\n<!-- \/ Yoast SEO plugin. -->","yoast_head_json":{"title":"TRUUSK Gungdjur - Neighing - 74x28x65cm - Brun - F\u00f6r Barn - TRUUSK - Hem, Tr\u00e4dg\u00e5rd &amp; Fritid","robots":{"index":"index","follow":"follow","max-snippet":"max-snippet:-1","max-image-preview":"max-image-preview:large","max-video-preview":"max-video-preview:-1"},"canonical":"https:\/\/truusk.store\/sv\/produkt\/truusk-gungdjur-neighing-74x28x65cm-brun-for-barn\/","og_locale":"sv_SE","og_type":"article","og_title":"TRUUSK Gungdjur - Neighing - 74x28x65cm - Brun - F\u00f6r Barn - TRUUSK - Hem, Tr\u00e4dg\u00e5rd &amp; Fritid","og_description":"&#8221;Wheeeeeeeeeer!&#8221; kommer fr\u00e5n barnrummet! N\u00e4r du sitter s\u00e4kert i sadeln kan ditt barn och hans trogna gungh\u00e4st ge sig ut...","og_url":"https:\/\/truusk.store\/sv\/produkt\/truusk-gungdjur-neighing-74x28x65cm-brun-for-barn\/","og_site_name":"TRUUSK - Hem, Tr\u00e4dg\u00e5rd &amp; Fritid","article_modified_time":"2026-03-12T07:58:18+00:00","og_image":[{"width":800,"height":800,"url":"https:\/\/i0.wp.com\/truusk.se\/wp-content\/uploads\/2024\/02\/gunghast-for-barn-gungdjur-gungleksak-neighing-brun-74x28x65cm.webp?fit=800%2C800&ssl=1","type":"image\/webp"}],"twitter_card":"summary_large_image","twitter_misc":{"Ber\u00e4knad l\u00e4stid":"1 minut"},"schema":{"@context":"https:\/\/schema.org","@graph":[{"@type":"WebPage","@id":"https:\/\/truusk.store\/sv\/produkt\/truusk-gungdjur-neighing-74x28x65cm-brun-for-barn\/","url":"https:\/\/truusk.store\/sv\/produkt\/truusk-gungdjur-neighing-74x28x65cm-brun-for-barn\/","name":"TRUUSK Gungdjur - Neighing - 74x28x65cm - Brun - F\u00f6r Barn - TRUUSK - Hem, Tr\u00e4dg\u00e5rd &amp; Fritid","isPartOf":{"@id":"https:\/\/truusk.store\/sv\/#website"},"primaryImageOfPage":{"@id":"https:\/\/truusk.store\/sv\/produkt\/truusk-gungdjur-neighing-74x28x65cm-brun-for-barn\/#primaryimage"},"image":{"@id":"https:\/\/truusk.store\/sv\/produkt\/truusk-gungdjur-neighing-74x28x65cm-brun-for-barn\/#primaryimage"},"thumbnailUrl":"https:\/\/i0.wp.com\/truusk.store\/wp-content\/uploads\/2024\/02\/gunghast-for-barn-gungdjur-gungleksak-neighing-brun-74x28x65cm.webp?fit=800%2C800&ssl=1","datePublished":"2024-02-13T10:40:23+00:00","dateModified":"2026-03-12T07:58:18+00:00","breadcrumb":{"@id":"https:\/\/truusk.store\/sv\/produkt\/truusk-gungdjur-neighing-74x28x65cm-brun-for-barn\/#breadcrumb"},"inLanguage":"sv-SE","potentialAction":[{"@type":"ReadAction","target":["https:\/\/truusk.store\/sv\/produkt\/truusk-gungdjur-neighing-74x28x65cm-brun-for-barn\/"]}]},{"@type":"ImageObject","inLanguage":"sv-SE","@id":"https:\/\/truusk.store\/sv\/produkt\/truusk-gungdjur-neighing-74x28x65cm-brun-for-barn\/#primaryimage","url":"https:\/\/i0.wp.com\/truusk.store\/wp-content\/uploads\/2024\/02\/gunghast-for-barn-gungdjur-gungleksak-neighing-brun-74x28x65cm.webp?fit=800%2C800&ssl=1","contentUrl":"https:\/\/i0.wp.com\/truusk.store\/wp-content\/uploads\/2024\/02\/gunghast-for-barn-gungdjur-gungleksak-neighing-brun-74x28x65cm.webp?fit=800%2C800&ssl=1","width":800,"height":800,"caption":"Gungh\u00e4st F\u00f6r Barn Gungdjur Gungleksak Neighing Brun 74x28x65cm 1"},{"@type":"BreadcrumbList","@id":"https:\/\/truusk.store\/sv\/produkt\/truusk-gungdjur-neighing-74x28x65cm-brun-for-barn\/#breadcrumb","itemListElement":[{"@type":"ListItem","position":1,"name":"Home","item":"https:\/\/truusk.store\/sv\/"},{"@type":"ListItem","position":2,"name":"Shop","item":"https:\/\/truusk.store\/shop\/"},{"@type":"ListItem","position":3,"name":"TRUUSK Gungdjur &#8211; Neighing &#8211; 74x28x65cm &#8211; Brun &#8211; F\u00f6r Barn"}]},{"@type":"WebSite","@id":"https:\/\/truusk.store\/sv\/#website","url":"https:\/\/truusk.store\/sv\/","name":"TRUUSK - Hem, Tr\u00e4dg\u00e5rd & Fritid","description":"","publisher":{"@id":"https:\/\/truusk.store\/sv\/#organization"},"potentialAction":[{"@type":"SearchAction","target":{"@type":"EntryPoint","urlTemplate":"https:\/\/truusk.store\/sv\/?s={search_term_string}"},"query-input":{"@type":"PropertyValueSpecification","valueRequired":true,"valueName":"search_term_string"}}],"inLanguage":"sv-SE"},{"@type":"Organization","@id":"https:\/\/truusk.store\/sv\/#organization","name":"TRUUSK - Hem, Tr\u00e4dg\u00e5rd & Fritid","url":"https:\/\/truusk.store\/sv\/","logo":{"@type":"ImageObject","inLanguage":"sv-SE","@id":"https:\/\/truusk.store\/sv\/#\/schema\/logo\/image\/","url":"https:\/\/i0.wp.com\/truusk.store\/wp-content\/uploads\/2026\/03\/cropped-TRUUSK.png?fit=2032%2C917&ssl=1","contentUrl":"https:\/\/i0.wp.com\/truusk.store\/wp-content\/uploads\/2026\/03\/cropped-TRUUSK.png?fit=2032%2C917&ssl=1","width":2032,"height":917,"caption":"TRUUSK - Hem, Tr\u00e4dg\u00e5rd & Fritid"},"image":{"@id":"https:\/\/truusk.store\/sv\/#\/schema\/logo\/image\/"}}]}},"jetpack_sharing_enabled":true,"_links":{"self":[{"href":"https:\/\/truusk.store\/sv\/wp-json\/wp\/v2\/product\/13509","targetHints":{"allow":["GET"]}}],"collection":[{"href":"https:\/\/truusk.store\/sv\/wp-json\/wp\/v2\/product"}],"about":[{"href":"https:\/\/truusk.store\/sv\/wp-json\/wp\/v2\/types\/product"}],"wp:featuredmedia":[{"embeddable":true,"href":"https:\/\/truusk.store\/sv\/wp-json\/wp\/v2\/media\/13510"}],"wp:attachment":[{"href":"https:\/\/truusk.store\/sv\/wp-json\/wp\/v2\/media?parent=13509"}],"wp:term":[{"taxonomy":"product_brand","embeddable":true,"href":"https:\/\/truusk.store\/sv\/wp-json\/wp\/v2\/product_brand?post=13509"},{"taxonomy":"product_cat","embeddable":true,"href":"https:\/\/truusk.store\/sv\/wp-json\/wp\/v2\/product_cat?post=13509"},{"taxonomy":"product_tag","embeddable":true,"href":"https:\/\/truusk.store\/sv\/wp-json\/wp\/v2\/product_tag?post=13509"}],"curies":[{"name":"wp","href":"https:\/\/api.w.org\/{rel}","templated":true}]}}