{"id":13520,"date":"2024-02-13T11:41:05","date_gmt":"2024-02-13T10:41:05","guid":{"rendered":"https:\/\/truusk.store\/product\/kontorsstol-hojdjusterbar-360-vridbar-upp-till-110-kg-metallram-ljusgra-49-x-565-x-73-825-cm\/"},"modified":"2026-03-12T08:58:20","modified_gmt":"2026-03-12T07:58:20","slug":"truusk-kontorsstol-hojdjusterbar-360-vridbar-upp-till-110-kg-metallram-ljusgra-49-x-565-x-73-825-cm","status":"publish","type":"product","link":"https:\/\/truusk.store\/sv\/produkt\/truusk-kontorsstol-hojdjusterbar-360-vridbar-upp-till-110-kg-metallram-ljusgra-49-x-565-x-73-825-cm\/","title":{"rendered":"TRUUSK Kontorsstol &#8211; H\u00f6jdjusterbar &#8211; 360 Vridbar &#8211; Upp Till 110 Kg &#8211; Metallram &#8211; Ljusgr\u00e5 &#8211; 49 X 56,5 X 73-82,5 Cm"},"content":{"rendered":"<p>Snurrstolen \u00e4r m\u00e5ngsidig och passar in i alla milj\u00f6er tack vare sin klassiska, minimalistiska design. Den erbjuder en h\u00f6g niv\u00e5 av sittkomfort tack vare sin b\u00f6jda form och gener\u00f6sa, bekv\u00e4ma stoppning, samt maximal r\u00f6relsefrihet tack vare sina hjul och sv\u00e4ngsystem. Dess tidl\u00f6sa design g\u00f6r den extra m\u00e5ngsidig: du kan anv\u00e4nda den h\u00e4r stolen som en kontorsstol p\u00e5 jobbet, som en skrivbordsstol p\u00e5 hemmakontoret eller som en bekv\u00e4m spelstol.<\/p>\n<h3>Beskrivning:<\/h3>\n<ul>\n<li>Modernt och elegant med urtag i ryggst\u00f6det<\/li>\n<li>M\u00e5ngsidig anv\u00e4ndning som kontor, skrivbord eller spelstol<\/li>\n<li>Sitsh\u00f6jdsjustering fr\u00e5n 42 till 51,5 cm f\u00f6r alla behov<\/li>\n<li>Armst\u00f6dsfri design<\/li>\n<li>Kan vridas 360 f\u00f6r stor r\u00f6relsefrihet<\/li>\n<li>Sitsstoppning och b\u00f6jt ryggst\u00f6d f\u00f6r optimalt st\u00f6d<\/li>\n<li>Andningsbart tyg\u00f6verdrag, l\u00e4mplig f\u00f6r alla \u00e5rstider<\/li>\n<li>Slitstark och robust metallram<\/li>\n<li>Montering kr\u00e4vs<\/li>\n<\/ul>\n<h3>Teknisk data:<\/h3>\n<ul>\n<li>F\u00e4rg: ljusgr\u00e5<\/li>\n<li>Material: linne (100% polyester), j\u00e4rn, skum<\/li>\n<li>\u00d6vergripande m\u00e5tt: 49L x 56,5W x 73-82,5H cm<\/li>\n<li>Sittyta: 40L x 42H cm<\/li>\n<li>Sitth\u00f6jd: 42-51,5 cm<\/li>\n<li>Lastkapacitet: 110 kg<\/li>\n<\/ul>\n<h3>Leveransens omfattning:<\/h3>\n<ul>\n<li>1 x Kontorsstol<\/li>\n<li>1 x Anv\u00e4ndarmanual<\/li>\n<\/ul>\n","protected":false},"excerpt":{"rendered":"<p>Snurrstolen \u00e4r m\u00e5ngsidig och passar in i alla milj\u00f6er tack vare sin klassiska, minimalistiska design. Den erbjuder en h\u00f6g niv\u00e5&#8230;<\/p>\n","protected":false},"featured_media":13521,"template":"","meta":[],"product_brand":[],"product_cat":[485,516,515],"product_tag":[],"class_list":{"0":"post-13520","1":"product","2":"type-product","3":"status-publish","4":"has-post-thumbnail","6":"product_cat-hus-bo","7":"product_cat-kontorsstolar","8":"product_cat-stolar","10":"first","11":"instock","12":"sale","13":"taxable","14":"shipping-taxable","15":"purchasable","16":"product-type-simple"},"yoast_head":"<!-- This site is optimized with the Yoast SEO plugin v25.4 - https:\/\/yoast.com\/wordpress\/plugins\/seo\/ -->\n<title>TRUUSK Kontorsstol - H\u00f6jdjusterbar - 360 Vridbar - Upp Till 110 Kg - Metallram - Ljusgr\u00e5 - 49 X 56,5 X 73-82,5 Cm - TRUUSK - Hem, Tr\u00e4dg\u00e5rd &amp; Fritid<\/title>\n<meta name=\"robots\" content=\"index, follow, max-snippet:-1, max-image-preview:large, max-video-preview:-1\" \/>\n<link rel=\"canonical\" href=\"https:\/\/truusk.store\/sv\/produkt\/truusk-kontorsstol-hojdjusterbar-360-vridbar-upp-till-110-kg-metallram-ljusgra-49-x-565-x-73-825-cm\/\" \/>\n<meta property=\"og:locale\" content=\"sv_SE\" \/>\n<meta property=\"og:type\" content=\"article\" \/>\n<meta property=\"og:title\" content=\"TRUUSK Kontorsstol - H\u00f6jdjusterbar - 360 Vridbar - Upp Till 110 Kg - Metallram - Ljusgr\u00e5 - 49 X 56,5 X 73-82,5 Cm - TRUUSK - Hem, Tr\u00e4dg\u00e5rd &amp; Fritid\" \/>\n<meta property=\"og:description\" content=\"Snurrstolen \u00e4r m\u00e5ngsidig och passar in i alla milj\u00f6er tack vare sin klassiska, minimalistiska design. Den erbjuder en h\u00f6g niv\u00e5...\" \/>\n<meta property=\"og:url\" content=\"https:\/\/truusk.store\/sv\/produkt\/truusk-kontorsstol-hojdjusterbar-360-vridbar-upp-till-110-kg-metallram-ljusgra-49-x-565-x-73-825-cm\/\" \/>\n<meta property=\"og:site_name\" content=\"TRUUSK - Hem, Tr\u00e4dg\u00e5rd &amp; Fritid\" \/>\n<meta property=\"article:modified_time\" content=\"2026-03-12T07:58:20+00:00\" \/>\n<meta property=\"og:image\" content=\"https:\/\/i0.wp.com\/truusk.se\/wp-content\/uploads\/2024\/02\/kontorsstol-hojdjusterbar-360-vridbar-upp-till-110-kg-metallram-ljusgra-49-x-565-x-73-825-cm.webp?fit=800%2C800&ssl=1\" \/>\n\t<meta property=\"og:image:width\" content=\"800\" \/>\n\t<meta property=\"og:image:height\" content=\"800\" \/>\n\t<meta property=\"og:image:type\" content=\"image\/webp\" \/>\n<meta name=\"twitter:card\" content=\"summary_large_image\" \/>\n<meta name=\"twitter:label1\" content=\"Ber\u00e4knad l\u00e4stid\" \/>\n\t<meta name=\"twitter:data1\" content=\"1 minut\" \/>\n<!-- \/ Yoast SEO plugin. -->","yoast_head_json":{"title":"TRUUSK Kontorsstol - H\u00f6jdjusterbar - 360 Vridbar - Upp Till 110 Kg - Metallram - Ljusgr\u00e5 - 49 X 56,5 X 73-82,5 Cm - TRUUSK - Hem, Tr\u00e4dg\u00e5rd &amp; Fritid","robots":{"index":"index","follow":"follow","max-snippet":"max-snippet:-1","max-image-preview":"max-image-preview:large","max-video-preview":"max-video-preview:-1"},"canonical":"https:\/\/truusk.store\/sv\/produkt\/truusk-kontorsstol-hojdjusterbar-360-vridbar-upp-till-110-kg-metallram-ljusgra-49-x-565-x-73-825-cm\/","og_locale":"sv_SE","og_type":"article","og_title":"TRUUSK Kontorsstol - H\u00f6jdjusterbar - 360 Vridbar - Upp Till 110 Kg - Metallram - Ljusgr\u00e5 - 49 X 56,5 X 73-82,5 Cm - TRUUSK - Hem, Tr\u00e4dg\u00e5rd &amp; Fritid","og_description":"Snurrstolen \u00e4r m\u00e5ngsidig och passar in i alla milj\u00f6er tack vare sin klassiska, minimalistiska design. Den erbjuder en h\u00f6g niv\u00e5...","og_url":"https:\/\/truusk.store\/sv\/produkt\/truusk-kontorsstol-hojdjusterbar-360-vridbar-upp-till-110-kg-metallram-ljusgra-49-x-565-x-73-825-cm\/","og_site_name":"TRUUSK - Hem, Tr\u00e4dg\u00e5rd &amp; Fritid","article_modified_time":"2026-03-12T07:58:20+00:00","og_image":[{"width":800,"height":800,"url":"https:\/\/i0.wp.com\/truusk.se\/wp-content\/uploads\/2024\/02\/kontorsstol-hojdjusterbar-360-vridbar-upp-till-110-kg-metallram-ljusgra-49-x-565-x-73-825-cm.webp?fit=800%2C800&ssl=1","type":"image\/webp"}],"twitter_card":"summary_large_image","twitter_misc":{"Ber\u00e4knad l\u00e4stid":"1 minut"},"schema":{"@context":"https:\/\/schema.org","@graph":[{"@type":"WebPage","@id":"https:\/\/truusk.store\/sv\/produkt\/truusk-kontorsstol-hojdjusterbar-360-vridbar-upp-till-110-kg-metallram-ljusgra-49-x-565-x-73-825-cm\/","url":"https:\/\/truusk.store\/sv\/produkt\/truusk-kontorsstol-hojdjusterbar-360-vridbar-upp-till-110-kg-metallram-ljusgra-49-x-565-x-73-825-cm\/","name":"TRUUSK Kontorsstol - H\u00f6jdjusterbar - 360 Vridbar - Upp Till 110 Kg - Metallram - Ljusgr\u00e5 - 49 X 56,5 X 73-82,5 Cm - TRUUSK - Hem, Tr\u00e4dg\u00e5rd &amp; Fritid","isPartOf":{"@id":"https:\/\/truusk.store\/sv\/#website"},"primaryImageOfPage":{"@id":"https:\/\/truusk.store\/sv\/produkt\/truusk-kontorsstol-hojdjusterbar-360-vridbar-upp-till-110-kg-metallram-ljusgra-49-x-565-x-73-825-cm\/#primaryimage"},"image":{"@id":"https:\/\/truusk.store\/sv\/produkt\/truusk-kontorsstol-hojdjusterbar-360-vridbar-upp-till-110-kg-metallram-ljusgra-49-x-565-x-73-825-cm\/#primaryimage"},"thumbnailUrl":"https:\/\/i0.wp.com\/truusk.store\/wp-content\/uploads\/2024\/02\/kontorsstol-hojdjusterbar-360-vridbar-upp-till-110-kg-metallram-ljusgra-49-x-565-x-73-825-cm.webp?fit=800%2C800&ssl=1","datePublished":"2024-02-13T10:41:05+00:00","dateModified":"2026-03-12T07:58:20+00:00","breadcrumb":{"@id":"https:\/\/truusk.store\/sv\/produkt\/truusk-kontorsstol-hojdjusterbar-360-vridbar-upp-till-110-kg-metallram-ljusgra-49-x-565-x-73-825-cm\/#breadcrumb"},"inLanguage":"sv-SE","potentialAction":[{"@type":"ReadAction","target":["https:\/\/truusk.store\/sv\/produkt\/truusk-kontorsstol-hojdjusterbar-360-vridbar-upp-till-110-kg-metallram-ljusgra-49-x-565-x-73-825-cm\/"]}]},{"@type":"ImageObject","inLanguage":"sv-SE","@id":"https:\/\/truusk.store\/sv\/produkt\/truusk-kontorsstol-hojdjusterbar-360-vridbar-upp-till-110-kg-metallram-ljusgra-49-x-565-x-73-825-cm\/#primaryimage","url":"https:\/\/i0.wp.com\/truusk.store\/wp-content\/uploads\/2024\/02\/kontorsstol-hojdjusterbar-360-vridbar-upp-till-110-kg-metallram-ljusgra-49-x-565-x-73-825-cm.webp?fit=800%2C800&ssl=1","contentUrl":"https:\/\/i0.wp.com\/truusk.store\/wp-content\/uploads\/2024\/02\/kontorsstol-hojdjusterbar-360-vridbar-upp-till-110-kg-metallram-ljusgra-49-x-565-x-73-825-cm.webp?fit=800%2C800&ssl=1","width":800,"height":800,"caption":"Kontorsstol, H\u00f6jdjusterbar, 360 Vridbar, Upp Till 110 Kg, Metallram, Ljusgr\u00e5, 49 X 56,5 X 73-82,5 Cm 1"},{"@type":"BreadcrumbList","@id":"https:\/\/truusk.store\/sv\/produkt\/truusk-kontorsstol-hojdjusterbar-360-vridbar-upp-till-110-kg-metallram-ljusgra-49-x-565-x-73-825-cm\/#breadcrumb","itemListElement":[{"@type":"ListItem","position":1,"name":"Home","item":"https:\/\/truusk.store\/sv\/"},{"@type":"ListItem","position":2,"name":"Shop","item":"https:\/\/truusk.store\/shop\/"},{"@type":"ListItem","position":3,"name":"TRUUSK Kontorsstol &#8211; H\u00f6jdjusterbar &#8211; 360 Vridbar &#8211; Upp Till 110 Kg &#8211; Metallram &#8211; Ljusgr\u00e5 &#8211; 49 X 56,5 X 73-82,5 Cm"}]},{"@type":"WebSite","@id":"https:\/\/truusk.store\/sv\/#website","url":"https:\/\/truusk.store\/sv\/","name":"TRUUSK - Hem, Tr\u00e4dg\u00e5rd & Fritid","description":"","publisher":{"@id":"https:\/\/truusk.store\/sv\/#organization"},"potentialAction":[{"@type":"SearchAction","target":{"@type":"EntryPoint","urlTemplate":"https:\/\/truusk.store\/sv\/?s={search_term_string}"},"query-input":{"@type":"PropertyValueSpecification","valueRequired":true,"valueName":"search_term_string"}}],"inLanguage":"sv-SE"},{"@type":"Organization","@id":"https:\/\/truusk.store\/sv\/#organization","name":"TRUUSK - Hem, Tr\u00e4dg\u00e5rd & Fritid","url":"https:\/\/truusk.store\/sv\/","logo":{"@type":"ImageObject","inLanguage":"sv-SE","@id":"https:\/\/truusk.store\/sv\/#\/schema\/logo\/image\/","url":"https:\/\/i0.wp.com\/truusk.store\/wp-content\/uploads\/2026\/03\/cropped-TRUUSK.png?fit=2032%2C917&ssl=1","contentUrl":"https:\/\/i0.wp.com\/truusk.store\/wp-content\/uploads\/2026\/03\/cropped-TRUUSK.png?fit=2032%2C917&ssl=1","width":2032,"height":917,"caption":"TRUUSK - Hem, Tr\u00e4dg\u00e5rd & Fritid"},"image":{"@id":"https:\/\/truusk.store\/sv\/#\/schema\/logo\/image\/"}}]}},"jetpack_sharing_enabled":true,"_links":{"self":[{"href":"https:\/\/truusk.store\/sv\/wp-json\/wp\/v2\/product\/13520","targetHints":{"allow":["GET"]}}],"collection":[{"href":"https:\/\/truusk.store\/sv\/wp-json\/wp\/v2\/product"}],"about":[{"href":"https:\/\/truusk.store\/sv\/wp-json\/wp\/v2\/types\/product"}],"wp:featuredmedia":[{"embeddable":true,"href":"https:\/\/truusk.store\/sv\/wp-json\/wp\/v2\/media\/13521"}],"wp:attachment":[{"href":"https:\/\/truusk.store\/sv\/wp-json\/wp\/v2\/media?parent=13520"}],"wp:term":[{"taxonomy":"product_brand","embeddable":true,"href":"https:\/\/truusk.store\/sv\/wp-json\/wp\/v2\/product_brand?post=13520"},{"taxonomy":"product_cat","embeddable":true,"href":"https:\/\/truusk.store\/sv\/wp-json\/wp\/v2\/product_cat?post=13520"},{"taxonomy":"product_tag","embeddable":true,"href":"https:\/\/truusk.store\/sv\/wp-json\/wp\/v2\/product_tag?post=13520"}],"curies":[{"name":"wp","href":"https:\/\/api.w.org\/{rel}","templated":true}]}}