{"id":13564,"date":"2024-02-13T11:42:14","date_gmt":"2024-02-13T10:42:14","guid":{"rendered":"https:\/\/truusk.store\/product\/barnfatolj-med-fallbart-ryggstod-62-x-52-x-69cm-massiv-traram-bla\/"},"modified":"2026-03-12T08:58:21","modified_gmt":"2026-03-12T07:58:21","slug":"truusk-barnstol-med-fallbar-ryggstod-massiv-traram-matt-62-x-52-x-69-cm-bla","status":"publish","type":"product","link":"https:\/\/truusk.store\/sv\/produkt\/truusk-barnstol-med-fallbar-ryggstod-massiv-traram-matt-62-x-52-x-69-cm-bla\/","title":{"rendered":"TRUUSK Barnstol med F\u00e4llbar Ryggst\u00f6d &#8211; Massiv Tr\u00e4ram &#8211; M\u00e5tt 62 x 52 x 69 cm &#8211; Bl\u00e5"},"content":{"rendered":"<p>Denna mjuka och praktiska barnf\u00e5t\u00f6lj \u00e4r ett enast\u00e5ende tillskott till alla barns rum! Den \u00e4r s\u00e4rskilt mjuk vadderad och erbjuder en fantastisk sittupplevelse n\u00e4r du l\u00e4ser, tittar p\u00e5 TV eller tar en tupplur d\u00e5 och d\u00e5. \u00c4ven n\u00e4r dina barn leker och springer runt p\u00e5 den garanterar de mjuka, rundade kanterna och den robusta tr\u00e4ramen h\u00f6gsta s\u00e4kerhet. Ryggst\u00f6det kan enkelt lutas bak\u00e5t och \u00e4r \u00e4ven f\u00f6rsett med ett praktiskt s\u00e4kerhetsl\u00e5s.<\/p>\n<h3>Beskrivning:<\/h3>\n<ul>\n<li>Denna s\u00f6ta barnsoffa \u00e4r perfekt f\u00f6r vardagsrummet eller barnrummet<\/li>\n<li>Den unika designen och ljusa f\u00e4rgerna kommer att stimulera dina barns fantasi och kreativitet<\/li>\n<li>Den \u00e4r l\u00e4mplig f\u00f6r barn i \u00e5ldrarna 3 till 6 \u00e5r<\/li>\n<li>Sitsen \u00e4r l\u00e4tt att reng\u00f6ra<\/li>\n<li>Plastbenen skyddar ditt golv fr\u00e5n repor<\/li>\n<li>Ryggst\u00f6det kan lutas bak\u00e5t upp till 60\u00b0<\/li>\n<li>Montering kr\u00e4vs<\/li>\n<li>Obs: Ryggst\u00f6det kan inte fixeras i n\u00e5gon vinkel.<\/li>\n<\/ul>\n<h3>Teknisk data:<\/h3>\n<ul>\n<li>F\u00e4rg bl\u00e5<\/li>\n<li>Material: skum, metall, massivt tr\u00e4, PU<\/li>\n<li>Totala m\u00e5tt (st\u00e5ende): 62W x 52D x 69H cm<\/li>\n<li>Totalm\u00e5tt (liggande): 62W x 90D x 59H cm<\/li>\n<li>Sitsm\u00e5tt: 34,5W x 29D x 37,5H cm<\/li>\n<li>Stopptjocklek: 5 cm<\/li>\n<li>L\u00e4mplig f\u00f6r barn i \u00e5ldrarna 3-6 \u00e5r<\/li>\n<li>M\u00e5tt p\u00e5 plastf\u00f6tterna: 5 x 6 cm (halkfri design)<\/li>\n<li>Lastkapacitet: 150 kg<\/li>\n<\/ul>\n<h3>Leveransens omfattning:<\/h3>\n<ul>\n<li>1 x barnf\u00e5t\u00f6lj<\/li>\n<li>1 x manuell<\/li>\n<\/ul>\n","protected":false},"excerpt":{"rendered":"<p>Denna mjuka och praktiska barnf\u00e5t\u00f6lj \u00e4r ett enast\u00e5ende tillskott till alla barns rum! Den \u00e4r s\u00e4rskilt mjuk vadderad och erbjuder&#8230;<\/p>\n","protected":false},"featured_media":13565,"template":"","meta":[],"product_brand":[],"product_cat":[609,737,631,632],"product_tag":[],"class_list":{"0":"post-13564","1":"product","2":"type-product","3":"status-publish","4":"has-post-thumbnail","6":"product_cat-baby-barn","7":"product_cat-barnfatolj","8":"product_cat-barnmobler","9":"product_cat-sittmobler-for-barn","11":"first","12":"instock","13":"sale","14":"taxable","15":"shipping-taxable","16":"purchasable","17":"product-type-simple"},"yoast_head":"<!-- This site is optimized with the Yoast SEO plugin v25.4 - https:\/\/yoast.com\/wordpress\/plugins\/seo\/ -->\n<title>TRUUSK Barnstol med F\u00e4llbar Ryggst\u00f6d - Massiv Tr\u00e4ram - M\u00e5tt 62 x 52 x 69 cm - Bl\u00e5 - TRUUSK - Hem, Tr\u00e4dg\u00e5rd &amp; Fritid<\/title>\n<meta name=\"robots\" content=\"index, follow, max-snippet:-1, max-image-preview:large, max-video-preview:-1\" \/>\n<link rel=\"canonical\" href=\"https:\/\/truusk.store\/sv\/produkt\/truusk-barnstol-med-fallbar-ryggstod-massiv-traram-matt-62-x-52-x-69-cm-bla\/\" \/>\n<meta property=\"og:locale\" content=\"sv_SE\" \/>\n<meta property=\"og:type\" content=\"article\" \/>\n<meta property=\"og:title\" content=\"TRUUSK Barnstol med F\u00e4llbar Ryggst\u00f6d - Massiv Tr\u00e4ram - M\u00e5tt 62 x 52 x 69 cm - Bl\u00e5 - TRUUSK - Hem, Tr\u00e4dg\u00e5rd &amp; Fritid\" \/>\n<meta property=\"og:description\" content=\"Denna mjuka och praktiska barnf\u00e5t\u00f6lj \u00e4r ett enast\u00e5ende tillskott till alla barns rum! Den \u00e4r s\u00e4rskilt mjuk vadderad och erbjuder...\" \/>\n<meta property=\"og:url\" content=\"https:\/\/truusk.store\/sv\/produkt\/truusk-barnstol-med-fallbar-ryggstod-massiv-traram-matt-62-x-52-x-69-cm-bla\/\" \/>\n<meta property=\"og:site_name\" content=\"TRUUSK - Hem, Tr\u00e4dg\u00e5rd &amp; Fritid\" \/>\n<meta property=\"article:modified_time\" content=\"2026-03-12T07:58:21+00:00\" \/>\n<meta property=\"og:image\" content=\"https:\/\/i0.wp.com\/truusk.se\/wp-content\/uploads\/2024\/02\/barnfatolj-med-fallbart-ryggstod-62-x-52-x-69cm-massiv-traram-bla.webp?fit=800%2C800&ssl=1\" \/>\n\t<meta property=\"og:image:width\" content=\"800\" \/>\n\t<meta property=\"og:image:height\" content=\"800\" \/>\n\t<meta property=\"og:image:type\" content=\"image\/webp\" \/>\n<meta name=\"twitter:card\" content=\"summary_large_image\" \/>\n<meta name=\"twitter:label1\" content=\"Ber\u00e4knad l\u00e4stid\" \/>\n\t<meta name=\"twitter:data1\" content=\"1 minut\" \/>\n<!-- \/ Yoast SEO plugin. -->","yoast_head_json":{"title":"TRUUSK Barnstol med F\u00e4llbar Ryggst\u00f6d - Massiv Tr\u00e4ram - M\u00e5tt 62 x 52 x 69 cm - Bl\u00e5 - TRUUSK - Hem, Tr\u00e4dg\u00e5rd &amp; Fritid","robots":{"index":"index","follow":"follow","max-snippet":"max-snippet:-1","max-image-preview":"max-image-preview:large","max-video-preview":"max-video-preview:-1"},"canonical":"https:\/\/truusk.store\/sv\/produkt\/truusk-barnstol-med-fallbar-ryggstod-massiv-traram-matt-62-x-52-x-69-cm-bla\/","og_locale":"sv_SE","og_type":"article","og_title":"TRUUSK Barnstol med F\u00e4llbar Ryggst\u00f6d - Massiv Tr\u00e4ram - M\u00e5tt 62 x 52 x 69 cm - Bl\u00e5 - TRUUSK - Hem, Tr\u00e4dg\u00e5rd &amp; Fritid","og_description":"Denna mjuka och praktiska barnf\u00e5t\u00f6lj \u00e4r ett enast\u00e5ende tillskott till alla barns rum! Den \u00e4r s\u00e4rskilt mjuk vadderad och erbjuder...","og_url":"https:\/\/truusk.store\/sv\/produkt\/truusk-barnstol-med-fallbar-ryggstod-massiv-traram-matt-62-x-52-x-69-cm-bla\/","og_site_name":"TRUUSK - Hem, Tr\u00e4dg\u00e5rd &amp; Fritid","article_modified_time":"2026-03-12T07:58:21+00:00","og_image":[{"width":800,"height":800,"url":"https:\/\/i0.wp.com\/truusk.se\/wp-content\/uploads\/2024\/02\/barnfatolj-med-fallbart-ryggstod-62-x-52-x-69cm-massiv-traram-bla.webp?fit=800%2C800&ssl=1","type":"image\/webp"}],"twitter_card":"summary_large_image","twitter_misc":{"Ber\u00e4knad l\u00e4stid":"1 minut"},"schema":{"@context":"https:\/\/schema.org","@graph":[{"@type":"WebPage","@id":"https:\/\/truusk.store\/sv\/produkt\/truusk-barnstol-med-fallbar-ryggstod-massiv-traram-matt-62-x-52-x-69-cm-bla\/","url":"https:\/\/truusk.store\/sv\/produkt\/truusk-barnstol-med-fallbar-ryggstod-massiv-traram-matt-62-x-52-x-69-cm-bla\/","name":"TRUUSK Barnstol med F\u00e4llbar Ryggst\u00f6d - Massiv Tr\u00e4ram - M\u00e5tt 62 x 52 x 69 cm - Bl\u00e5 - TRUUSK - Hem, Tr\u00e4dg\u00e5rd &amp; Fritid","isPartOf":{"@id":"https:\/\/truusk.store\/sv\/#website"},"primaryImageOfPage":{"@id":"https:\/\/truusk.store\/sv\/produkt\/truusk-barnstol-med-fallbar-ryggstod-massiv-traram-matt-62-x-52-x-69-cm-bla\/#primaryimage"},"image":{"@id":"https:\/\/truusk.store\/sv\/produkt\/truusk-barnstol-med-fallbar-ryggstod-massiv-traram-matt-62-x-52-x-69-cm-bla\/#primaryimage"},"thumbnailUrl":"https:\/\/i0.wp.com\/truusk.store\/wp-content\/uploads\/2024\/02\/barnfatolj-med-fallbart-ryggstod-62-x-52-x-69cm-massiv-traram-bla.webp?fit=800%2C800&ssl=1","datePublished":"2024-02-13T10:42:14+00:00","dateModified":"2026-03-12T07:58:21+00:00","breadcrumb":{"@id":"https:\/\/truusk.store\/sv\/produkt\/truusk-barnstol-med-fallbar-ryggstod-massiv-traram-matt-62-x-52-x-69-cm-bla\/#breadcrumb"},"inLanguage":"sv-SE","potentialAction":[{"@type":"ReadAction","target":["https:\/\/truusk.store\/sv\/produkt\/truusk-barnstol-med-fallbar-ryggstod-massiv-traram-matt-62-x-52-x-69-cm-bla\/"]}]},{"@type":"ImageObject","inLanguage":"sv-SE","@id":"https:\/\/truusk.store\/sv\/produkt\/truusk-barnstol-med-fallbar-ryggstod-massiv-traram-matt-62-x-52-x-69-cm-bla\/#primaryimage","url":"https:\/\/i0.wp.com\/truusk.store\/wp-content\/uploads\/2024\/02\/barnfatolj-med-fallbart-ryggstod-62-x-52-x-69cm-massiv-traram-bla.webp?fit=800%2C800&ssl=1","contentUrl":"https:\/\/i0.wp.com\/truusk.store\/wp-content\/uploads\/2024\/02\/barnfatolj-med-fallbart-ryggstod-62-x-52-x-69cm-massiv-traram-bla.webp?fit=800%2C800&ssl=1","width":800,"height":800,"caption":"Barnf\u00e5t\u00f6lj Med F\u00e4llbart Ryggst\u00f6d 62 X 52 X 69cm Massiv Tr\u00e4ram Bl\u00e5 1"},{"@type":"BreadcrumbList","@id":"https:\/\/truusk.store\/sv\/produkt\/truusk-barnstol-med-fallbar-ryggstod-massiv-traram-matt-62-x-52-x-69-cm-bla\/#breadcrumb","itemListElement":[{"@type":"ListItem","position":1,"name":"Home","item":"https:\/\/truusk.store\/sv\/"},{"@type":"ListItem","position":2,"name":"Shop","item":"https:\/\/truusk.store\/shop\/"},{"@type":"ListItem","position":3,"name":"TRUUSK Barnstol med F\u00e4llbar Ryggst\u00f6d &#8211; Massiv Tr\u00e4ram &#8211; M\u00e5tt 62 x 52 x 69 cm &#8211; Bl\u00e5"}]},{"@type":"WebSite","@id":"https:\/\/truusk.store\/sv\/#website","url":"https:\/\/truusk.store\/sv\/","name":"TRUUSK - Hem, Tr\u00e4dg\u00e5rd & Fritid","description":"","publisher":{"@id":"https:\/\/truusk.store\/sv\/#organization"},"potentialAction":[{"@type":"SearchAction","target":{"@type":"EntryPoint","urlTemplate":"https:\/\/truusk.store\/sv\/?s={search_term_string}"},"query-input":{"@type":"PropertyValueSpecification","valueRequired":true,"valueName":"search_term_string"}}],"inLanguage":"sv-SE"},{"@type":"Organization","@id":"https:\/\/truusk.store\/sv\/#organization","name":"TRUUSK - Hem, Tr\u00e4dg\u00e5rd & Fritid","url":"https:\/\/truusk.store\/sv\/","logo":{"@type":"ImageObject","inLanguage":"sv-SE","@id":"https:\/\/truusk.store\/sv\/#\/schema\/logo\/image\/","url":"https:\/\/i0.wp.com\/truusk.store\/wp-content\/uploads\/2026\/03\/cropped-TRUUSK.png?fit=2032%2C917&ssl=1","contentUrl":"https:\/\/i0.wp.com\/truusk.store\/wp-content\/uploads\/2026\/03\/cropped-TRUUSK.png?fit=2032%2C917&ssl=1","width":2032,"height":917,"caption":"TRUUSK - Hem, Tr\u00e4dg\u00e5rd & Fritid"},"image":{"@id":"https:\/\/truusk.store\/sv\/#\/schema\/logo\/image\/"}}]}},"jetpack_sharing_enabled":true,"_links":{"self":[{"href":"https:\/\/truusk.store\/sv\/wp-json\/wp\/v2\/product\/13564","targetHints":{"allow":["GET"]}}],"collection":[{"href":"https:\/\/truusk.store\/sv\/wp-json\/wp\/v2\/product"}],"about":[{"href":"https:\/\/truusk.store\/sv\/wp-json\/wp\/v2\/types\/product"}],"wp:featuredmedia":[{"embeddable":true,"href":"https:\/\/truusk.store\/sv\/wp-json\/wp\/v2\/media\/13565"}],"wp:attachment":[{"href":"https:\/\/truusk.store\/sv\/wp-json\/wp\/v2\/media?parent=13564"}],"wp:term":[{"taxonomy":"product_brand","embeddable":true,"href":"https:\/\/truusk.store\/sv\/wp-json\/wp\/v2\/product_brand?post=13564"},{"taxonomy":"product_cat","embeddable":true,"href":"https:\/\/truusk.store\/sv\/wp-json\/wp\/v2\/product_cat?post=13564"},{"taxonomy":"product_tag","embeddable":true,"href":"https:\/\/truusk.store\/sv\/wp-json\/wp\/v2\/product_tag?post=13564"}],"curies":[{"name":"wp","href":"https:\/\/api.w.org\/{rel}","templated":true}]}}