{"id":13596,"date":"2024-02-13T11:43:16","date_gmt":"2024-02-13T10:43:16","guid":{"rendered":"https:\/\/truusk.store\/product\/hundstuga-hundhus-hundgrottstuga-for-hund-katter-takgran-tra-82-x-58-x-58-cm\/"},"modified":"2026-03-12T08:58:21","modified_gmt":"2026-03-12T07:58:21","slug":"truusk-hundstuga-i-tra-takgran-for-hundar-och-katter-82-x-58-x-58-cm","status":"publish","type":"product","link":"https:\/\/truusk.store\/sv\/produkt\/truusk-hundstuga-i-tra-takgran-for-hundar-och-katter-82-x-58-x-58-cm\/","title":{"rendered":"TRUUSK Hundstuga i Tr\u00e4 &#8211; Takgran &#8211; F\u00f6r Hundar och Katter &#8211; 82 x 58 x 58 cm"},"content":{"rendered":"<p>Detta hundhus \u00e4r den idealiska viloplatsen f\u00f6r din hund. Hundhusets design g\u00f6r att taket kan \u00f6ppnas s\u00e5 att du alltid kan h\u00e5lla ett \u00f6ga p\u00e5 ditt husdjur. Hyddan \u00e4r gjord av glaserat grantr\u00e4. Taket \u00e4r \u00e4ven t\u00e4ckt med bitumenpl\u00e5t. Den rymliga interi\u00f6ren i hundhuset ger ditt husdjur tillr\u00e4ckligt med utrymme och skydd i sv\u00e5ra v\u00e4derf\u00f6rh\u00e5llanden.<\/p>\n<h3>Beskrivning:<\/h3>\n<ul>\n<li>Hundkoja f\u00f6r inomhus- och utomhusbruk<\/li>\n<li>Stomme av glaserat grantr\u00e4, robust och vattenavvisande<\/li>\n<li>G\u00e5ngj\u00e4rnstak \u00e4r tillverkad med bitumenpl\u00e5t, h\u00e5llbart och v\u00e4derbest\u00e4ndigt<\/li>\n<li>Stort och bekv\u00e4mt innerutrymme f\u00f6r vila<\/li>\n<li>Upph\u00f6jt golv ger skydd mot kyla och fukt<\/li>\n<li>Enkel konstruktion<\/li>\n<\/ul>\n<h3>Teknisk data:<\/h3>\n<ul>\n<li>Material: gran<\/li>\n<li>F\u00e4rg: naturlig+gr\u00f6n<\/li>\n<li>\u00d6vergripande m\u00e5tt: L82 x B58 x H58 cm<\/li>\n<li>Innerm\u00e5tt: L66 x B47 x H50\/46 cm<\/li>\n<li>M\u00e5tt: L23 x B27,5 cm<\/li>\n<\/ul>\n<h3>Leveransens omfattning:<\/h3>\n<ul>\n<li>1 x hundhus<\/li>\n<li>1 x Monteringsanvisning<\/li>\n<\/ul>\n","protected":false},"excerpt":{"rendered":"<p>Detta hundhus \u00e4r den idealiska viloplatsen f\u00f6r din hund. Hundhusets design g\u00f6r att taket kan \u00f6ppnas s\u00e5 att du alltid&#8230;<\/p>\n","protected":false},"featured_media":13597,"template":"","meta":[],"product_brand":[],"product_cat":[584,574,573],"product_tag":[],"class_list":{"0":"post-13596","1":"product","2":"type-product","3":"status-publish","4":"has-post-thumbnail","6":"product_cat-hundkojor","7":"product_cat-hundtillbehor","8":"product_cat-husdjursmaterial","10":"first","11":"instock","12":"sale","13":"taxable","14":"shipping-taxable","15":"purchasable","16":"product-type-simple"},"yoast_head":"<!-- This site is optimized with the Yoast SEO plugin v25.4 - https:\/\/yoast.com\/wordpress\/plugins\/seo\/ -->\n<title>TRUUSK Hundstuga i Tr\u00e4 - Takgran - F\u00f6r Hundar och Katter - 82 x 58 x 58 cm - TRUUSK - Hem, Tr\u00e4dg\u00e5rd &amp; Fritid<\/title>\n<meta name=\"robots\" content=\"index, follow, max-snippet:-1, max-image-preview:large, max-video-preview:-1\" \/>\n<link rel=\"canonical\" href=\"https:\/\/truusk.store\/sv\/produkt\/truusk-hundstuga-i-tra-takgran-for-hundar-och-katter-82-x-58-x-58-cm\/\" \/>\n<meta property=\"og:locale\" content=\"sv_SE\" \/>\n<meta property=\"og:type\" content=\"article\" \/>\n<meta property=\"og:title\" content=\"TRUUSK Hundstuga i Tr\u00e4 - Takgran - F\u00f6r Hundar och Katter - 82 x 58 x 58 cm - TRUUSK - Hem, Tr\u00e4dg\u00e5rd &amp; Fritid\" \/>\n<meta property=\"og:description\" content=\"Detta hundhus \u00e4r den idealiska viloplatsen f\u00f6r din hund. Hundhusets design g\u00f6r att taket kan \u00f6ppnas s\u00e5 att du alltid...\" \/>\n<meta property=\"og:url\" content=\"https:\/\/truusk.store\/sv\/produkt\/truusk-hundstuga-i-tra-takgran-for-hundar-och-katter-82-x-58-x-58-cm\/\" \/>\n<meta property=\"og:site_name\" content=\"TRUUSK - Hem, Tr\u00e4dg\u00e5rd &amp; Fritid\" \/>\n<meta property=\"article:modified_time\" content=\"2026-03-12T07:58:21+00:00\" \/>\n<meta property=\"og:image\" content=\"https:\/\/i0.wp.com\/truusk.se\/wp-content\/uploads\/2024\/02\/hundstuga-hundhus-hundgrottstuga-for-hund-katter-takgran-tra-82-x-58-x-58-cm.webp?fit=800%2C800&ssl=1\" \/>\n\t<meta property=\"og:image:width\" content=\"800\" \/>\n\t<meta property=\"og:image:height\" content=\"800\" \/>\n\t<meta property=\"og:image:type\" content=\"image\/webp\" \/>\n<meta name=\"twitter:card\" content=\"summary_large_image\" \/>\n<meta name=\"twitter:label1\" content=\"Ber\u00e4knad l\u00e4stid\" \/>\n\t<meta name=\"twitter:data1\" content=\"1 minut\" \/>\n<!-- \/ Yoast SEO plugin. -->","yoast_head_json":{"title":"TRUUSK Hundstuga i Tr\u00e4 - Takgran - F\u00f6r Hundar och Katter - 82 x 58 x 58 cm - TRUUSK - Hem, Tr\u00e4dg\u00e5rd &amp; Fritid","robots":{"index":"index","follow":"follow","max-snippet":"max-snippet:-1","max-image-preview":"max-image-preview:large","max-video-preview":"max-video-preview:-1"},"canonical":"https:\/\/truusk.store\/sv\/produkt\/truusk-hundstuga-i-tra-takgran-for-hundar-och-katter-82-x-58-x-58-cm\/","og_locale":"sv_SE","og_type":"article","og_title":"TRUUSK Hundstuga i Tr\u00e4 - Takgran - F\u00f6r Hundar och Katter - 82 x 58 x 58 cm - TRUUSK - Hem, Tr\u00e4dg\u00e5rd &amp; Fritid","og_description":"Detta hundhus \u00e4r den idealiska viloplatsen f\u00f6r din hund. Hundhusets design g\u00f6r att taket kan \u00f6ppnas s\u00e5 att du alltid...","og_url":"https:\/\/truusk.store\/sv\/produkt\/truusk-hundstuga-i-tra-takgran-for-hundar-och-katter-82-x-58-x-58-cm\/","og_site_name":"TRUUSK - Hem, Tr\u00e4dg\u00e5rd &amp; Fritid","article_modified_time":"2026-03-12T07:58:21+00:00","og_image":[{"width":800,"height":800,"url":"https:\/\/i0.wp.com\/truusk.se\/wp-content\/uploads\/2024\/02\/hundstuga-hundhus-hundgrottstuga-for-hund-katter-takgran-tra-82-x-58-x-58-cm.webp?fit=800%2C800&ssl=1","type":"image\/webp"}],"twitter_card":"summary_large_image","twitter_misc":{"Ber\u00e4knad l\u00e4stid":"1 minut"},"schema":{"@context":"https:\/\/schema.org","@graph":[{"@type":"WebPage","@id":"https:\/\/truusk.store\/sv\/produkt\/truusk-hundstuga-i-tra-takgran-for-hundar-och-katter-82-x-58-x-58-cm\/","url":"https:\/\/truusk.store\/sv\/produkt\/truusk-hundstuga-i-tra-takgran-for-hundar-och-katter-82-x-58-x-58-cm\/","name":"TRUUSK Hundstuga i Tr\u00e4 - Takgran - F\u00f6r Hundar och Katter - 82 x 58 x 58 cm - TRUUSK - Hem, Tr\u00e4dg\u00e5rd &amp; Fritid","isPartOf":{"@id":"https:\/\/truusk.store\/sv\/#website"},"primaryImageOfPage":{"@id":"https:\/\/truusk.store\/sv\/produkt\/truusk-hundstuga-i-tra-takgran-for-hundar-och-katter-82-x-58-x-58-cm\/#primaryimage"},"image":{"@id":"https:\/\/truusk.store\/sv\/produkt\/truusk-hundstuga-i-tra-takgran-for-hundar-och-katter-82-x-58-x-58-cm\/#primaryimage"},"thumbnailUrl":"https:\/\/i0.wp.com\/truusk.store\/wp-content\/uploads\/2024\/02\/hundstuga-hundhus-hundgrottstuga-for-hund-katter-takgran-tra-82-x-58-x-58-cm.webp?fit=800%2C800&ssl=1","datePublished":"2024-02-13T10:43:16+00:00","dateModified":"2026-03-12T07:58:21+00:00","breadcrumb":{"@id":"https:\/\/truusk.store\/sv\/produkt\/truusk-hundstuga-i-tra-takgran-for-hundar-och-katter-82-x-58-x-58-cm\/#breadcrumb"},"inLanguage":"sv-SE","potentialAction":[{"@type":"ReadAction","target":["https:\/\/truusk.store\/sv\/produkt\/truusk-hundstuga-i-tra-takgran-for-hundar-och-katter-82-x-58-x-58-cm\/"]}]},{"@type":"ImageObject","inLanguage":"sv-SE","@id":"https:\/\/truusk.store\/sv\/produkt\/truusk-hundstuga-i-tra-takgran-for-hundar-och-katter-82-x-58-x-58-cm\/#primaryimage","url":"https:\/\/i0.wp.com\/truusk.store\/wp-content\/uploads\/2024\/02\/hundstuga-hundhus-hundgrottstuga-for-hund-katter-takgran-tra-82-x-58-x-58-cm.webp?fit=800%2C800&ssl=1","contentUrl":"https:\/\/i0.wp.com\/truusk.store\/wp-content\/uploads\/2024\/02\/hundstuga-hundhus-hundgrottstuga-for-hund-katter-takgran-tra-82-x-58-x-58-cm.webp?fit=800%2C800&ssl=1","width":800,"height":800,"caption":"Hundstuga Hundhus Hundgrottstuga F\u00f6r Hund Katter Takgran Tr\u00e4 82 X 58 X 58 Cm 1"},{"@type":"BreadcrumbList","@id":"https:\/\/truusk.store\/sv\/produkt\/truusk-hundstuga-i-tra-takgran-for-hundar-och-katter-82-x-58-x-58-cm\/#breadcrumb","itemListElement":[{"@type":"ListItem","position":1,"name":"Home","item":"https:\/\/truusk.store\/sv\/"},{"@type":"ListItem","position":2,"name":"Shop","item":"https:\/\/truusk.store\/shop\/"},{"@type":"ListItem","position":3,"name":"TRUUSK Hundstuga i Tr\u00e4 &#8211; Takgran &#8211; F\u00f6r Hundar och Katter &#8211; 82 x 58 x 58 cm"}]},{"@type":"WebSite","@id":"https:\/\/truusk.store\/sv\/#website","url":"https:\/\/truusk.store\/sv\/","name":"TRUUSK - Hem, Tr\u00e4dg\u00e5rd & Fritid","description":"","publisher":{"@id":"https:\/\/truusk.store\/sv\/#organization"},"potentialAction":[{"@type":"SearchAction","target":{"@type":"EntryPoint","urlTemplate":"https:\/\/truusk.store\/sv\/?s={search_term_string}"},"query-input":{"@type":"PropertyValueSpecification","valueRequired":true,"valueName":"search_term_string"}}],"inLanguage":"sv-SE"},{"@type":"Organization","@id":"https:\/\/truusk.store\/sv\/#organization","name":"TRUUSK - Hem, Tr\u00e4dg\u00e5rd & Fritid","url":"https:\/\/truusk.store\/sv\/","logo":{"@type":"ImageObject","inLanguage":"sv-SE","@id":"https:\/\/truusk.store\/sv\/#\/schema\/logo\/image\/","url":"https:\/\/i0.wp.com\/truusk.store\/wp-content\/uploads\/2026\/03\/cropped-TRUUSK.png?fit=2032%2C917&ssl=1","contentUrl":"https:\/\/i0.wp.com\/truusk.store\/wp-content\/uploads\/2026\/03\/cropped-TRUUSK.png?fit=2032%2C917&ssl=1","width":2032,"height":917,"caption":"TRUUSK - Hem, Tr\u00e4dg\u00e5rd & Fritid"},"image":{"@id":"https:\/\/truusk.store\/sv\/#\/schema\/logo\/image\/"}}]}},"jetpack_sharing_enabled":true,"_links":{"self":[{"href":"https:\/\/truusk.store\/sv\/wp-json\/wp\/v2\/product\/13596","targetHints":{"allow":["GET"]}}],"collection":[{"href":"https:\/\/truusk.store\/sv\/wp-json\/wp\/v2\/product"}],"about":[{"href":"https:\/\/truusk.store\/sv\/wp-json\/wp\/v2\/types\/product"}],"wp:featuredmedia":[{"embeddable":true,"href":"https:\/\/truusk.store\/sv\/wp-json\/wp\/v2\/media\/13597"}],"wp:attachment":[{"href":"https:\/\/truusk.store\/sv\/wp-json\/wp\/v2\/media?parent=13596"}],"wp:term":[{"taxonomy":"product_brand","embeddable":true,"href":"https:\/\/truusk.store\/sv\/wp-json\/wp\/v2\/product_brand?post=13596"},{"taxonomy":"product_cat","embeddable":true,"href":"https:\/\/truusk.store\/sv\/wp-json\/wp\/v2\/product_cat?post=13596"},{"taxonomy":"product_tag","embeddable":true,"href":"https:\/\/truusk.store\/sv\/wp-json\/wp\/v2\/product_tag?post=13596"}],"curies":[{"name":"wp","href":"https:\/\/api.w.org\/{rel}","templated":true}]}}