{"id":13620,"date":"2024-02-13T11:43:55","date_gmt":"2024-02-13T10:43:55","guid":{"rendered":"https:\/\/truusk.store\/product\/adirondack-tradgardsstol-vit-77-x-94-x-97-cm\/"},"modified":"2026-03-12T08:58:21","modified_gmt":"2026-03-12T07:58:21","slug":"truusk-adirondack-tradgardsstol-vit-77-x-94-x-97-cm-bekvamt-tradgardsstol-for-avkoppling-hogkvalitativt-material-taligt","status":"publish","type":"product","link":"https:\/\/truusk.store\/sv\/produkt\/truusk-adirondack-tradgardsstol-vit-77-x-94-x-97-cm-bekvamt-tradgardsstol-for-avkoppling-hogkvalitativt-material-taligt\/","title":{"rendered":"TRUUSK Adirondack Tr\u00e4dg\u00e5rdsstol &#8211; Vit &#8211; 77 X 94 X 97 Cm &#8211; Bekv\u00e4mt tr\u00e4dg\u00e5rdsstol f\u00f6r avkoppling &#8211; H\u00f6gkvalitativt material &#8211; T\u00e5ligt"},"content":{"rendered":"<p>F\u00f6rest\u00e4ll dig att gunga fram och tillbaka i den varma eftermiddagssolen med denna klassiska Adirondack gungstol. Den klassiska designen av gungstolen i tr\u00e4 utstr\u00e5lar en hemtrevlig vintagek\u00e4nsla som du bara inte kan hitta nuf\u00f6rtiden. S\u00e5 sitt ner, koppla av och njut av en avkopplande dag i solen eller skuggan p\u00e5 din veranda eller tr\u00e4dg\u00e5rd med denna bekv\u00e4ma Adirondack-gungstol utomhus.<\/p>\n<p><strong>Beskrivning:<\/strong><\/p>\n<ul>\n<li>&#8211; Perfekt gungstol f\u00f6r verandan, balkongen, tr\u00e4dg\u00e5rden eller var du \u00e4n beh\u00f6ver den<\/li>\n<li>&#8211; Tillverkad av massivt, v\u00e4derbest\u00e4ndigt, naturligt grantr\u00e4 med lackerad yta<\/li>\n<li>&#8211; Bred sits, ergonomiskt armst\u00f6d och fackformat, h\u00f6gt ryggst\u00f6d f\u00f6r exceptionell komfort<\/li>\n<li>&#8211; Lamellram l\u00e5ter regnvatten rinna bort snabbt och \u00e4r l\u00e4tt att underh\u00e5lla<\/li>\n<li>&#8211; Stabil ram l\u00e5ter dig gunga fram och tillbaka f\u00f6r ultimat avkoppling<\/li>\n<li>&#8211; Montering kr\u00e4vs<\/li>\n<\/ul>\n<p><strong>Teknisk data:<\/strong><\/p>\n<ul>\n<li>&#8211; F\u00e4rg vit<\/li>\n<li>&#8211; Material: gran, l\u00f6vtr\u00e4<\/li>\n<li>&#8211; \u00d6vergripande m\u00e5tt: 77W x 94D x 97H cm<\/li>\n<li>&#8211; Sitsstorlek: 50W x 52D cm<\/li>\n<li>&#8211; Sitth\u00f6jd till golv: 47 cm<\/li>\n<li>&#8211; Lastkapacitet: 130 kg.<\/li>\n<\/ul>\n<p><strong>Leveransens omfattning:<\/strong><\/p>\n<ul>\n<li>&#8211; 1 x Adirondack stol<\/li>\n<li>&#8211; 1 x instruktioner<\/li>\n<\/ul>\n","protected":false},"excerpt":{"rendered":"<p>F\u00f6rest\u00e4ll dig att gunga fram och tillbaka i den varma eftermiddagssolen med denna klassiska Adirondack gungstol. Den klassiska designen av&#8230;<\/p>\n","protected":false},"featured_media":13621,"template":"","meta":[],"product_brand":[],"product_cat":[435,450,452],"product_tag":[],"class_list":{"0":"post-13620","1":"product","2":"type-product","3":"status-publish","4":"has-post-thumbnail","6":"product_cat-tradgard-och-terrass","7":"product_cat-tradgardsmobler","8":"product_cat-tradgardsstolar","10":"first","11":"instock","12":"sale","13":"taxable","14":"shipping-taxable","15":"purchasable","16":"product-type-simple"},"yoast_head":"<!-- This site is optimized with the Yoast SEO plugin v25.4 - https:\/\/yoast.com\/wordpress\/plugins\/seo\/ -->\n<title>TRUUSK Adirondack Tr\u00e4dg\u00e5rdsstol - Vit - 77 X 94 X 97 Cm - Bekv\u00e4mt tr\u00e4dg\u00e5rdsstol f\u00f6r avkoppling - H\u00f6gkvalitativt material - T\u00e5ligt - TRUUSK - Hem, Tr\u00e4dg\u00e5rd &amp; Fritid<\/title>\n<meta name=\"robots\" content=\"index, follow, max-snippet:-1, max-image-preview:large, max-video-preview:-1\" \/>\n<link rel=\"canonical\" href=\"https:\/\/truusk.store\/sv\/produkt\/truusk-adirondack-tradgardsstol-vit-77-x-94-x-97-cm-bekvamt-tradgardsstol-for-avkoppling-hogkvalitativt-material-taligt\/\" \/>\n<meta property=\"og:locale\" content=\"sv_SE\" \/>\n<meta property=\"og:type\" content=\"article\" \/>\n<meta property=\"og:title\" content=\"TRUUSK Adirondack Tr\u00e4dg\u00e5rdsstol - Vit - 77 X 94 X 97 Cm - Bekv\u00e4mt tr\u00e4dg\u00e5rdsstol f\u00f6r avkoppling - H\u00f6gkvalitativt material - T\u00e5ligt - TRUUSK - Hem, Tr\u00e4dg\u00e5rd &amp; Fritid\" \/>\n<meta property=\"og:description\" content=\"F\u00f6rest\u00e4ll dig att gunga fram och tillbaka i den varma eftermiddagssolen med denna klassiska Adirondack gungstol. Den klassiska designen av...\" \/>\n<meta property=\"og:url\" content=\"https:\/\/truusk.store\/sv\/produkt\/truusk-adirondack-tradgardsstol-vit-77-x-94-x-97-cm-bekvamt-tradgardsstol-for-avkoppling-hogkvalitativt-material-taligt\/\" \/>\n<meta property=\"og:site_name\" content=\"TRUUSK - Hem, Tr\u00e4dg\u00e5rd &amp; Fritid\" \/>\n<meta property=\"article:modified_time\" content=\"2026-03-12T07:58:21+00:00\" \/>\n<meta property=\"og:image\" content=\"https:\/\/i0.wp.com\/truusk.se\/wp-content\/uploads\/2024\/02\/adirondack-tradgardsstol-vit-77-x-94-x-97-cm.webp?fit=800%2C800&ssl=1\" \/>\n\t<meta property=\"og:image:width\" content=\"800\" \/>\n\t<meta property=\"og:image:height\" content=\"800\" \/>\n\t<meta property=\"og:image:type\" content=\"image\/webp\" \/>\n<meta name=\"twitter:card\" content=\"summary_large_image\" \/>\n<meta name=\"twitter:label1\" content=\"Ber\u00e4knad l\u00e4stid\" \/>\n\t<meta name=\"twitter:data1\" content=\"1 minut\" \/>\n<!-- \/ Yoast SEO plugin. -->","yoast_head_json":{"title":"TRUUSK Adirondack Tr\u00e4dg\u00e5rdsstol - Vit - 77 X 94 X 97 Cm - Bekv\u00e4mt tr\u00e4dg\u00e5rdsstol f\u00f6r avkoppling - H\u00f6gkvalitativt material - T\u00e5ligt - TRUUSK - Hem, Tr\u00e4dg\u00e5rd &amp; Fritid","robots":{"index":"index","follow":"follow","max-snippet":"max-snippet:-1","max-image-preview":"max-image-preview:large","max-video-preview":"max-video-preview:-1"},"canonical":"https:\/\/truusk.store\/sv\/produkt\/truusk-adirondack-tradgardsstol-vit-77-x-94-x-97-cm-bekvamt-tradgardsstol-for-avkoppling-hogkvalitativt-material-taligt\/","og_locale":"sv_SE","og_type":"article","og_title":"TRUUSK Adirondack Tr\u00e4dg\u00e5rdsstol - Vit - 77 X 94 X 97 Cm - Bekv\u00e4mt tr\u00e4dg\u00e5rdsstol f\u00f6r avkoppling - H\u00f6gkvalitativt material - T\u00e5ligt - TRUUSK - Hem, Tr\u00e4dg\u00e5rd &amp; Fritid","og_description":"F\u00f6rest\u00e4ll dig att gunga fram och tillbaka i den varma eftermiddagssolen med denna klassiska Adirondack gungstol. Den klassiska designen av...","og_url":"https:\/\/truusk.store\/sv\/produkt\/truusk-adirondack-tradgardsstol-vit-77-x-94-x-97-cm-bekvamt-tradgardsstol-for-avkoppling-hogkvalitativt-material-taligt\/","og_site_name":"TRUUSK - Hem, Tr\u00e4dg\u00e5rd &amp; Fritid","article_modified_time":"2026-03-12T07:58:21+00:00","og_image":[{"width":800,"height":800,"url":"https:\/\/i0.wp.com\/truusk.se\/wp-content\/uploads\/2024\/02\/adirondack-tradgardsstol-vit-77-x-94-x-97-cm.webp?fit=800%2C800&ssl=1","type":"image\/webp"}],"twitter_card":"summary_large_image","twitter_misc":{"Ber\u00e4knad l\u00e4stid":"1 minut"},"schema":{"@context":"https:\/\/schema.org","@graph":[{"@type":"WebPage","@id":"https:\/\/truusk.store\/sv\/produkt\/truusk-adirondack-tradgardsstol-vit-77-x-94-x-97-cm-bekvamt-tradgardsstol-for-avkoppling-hogkvalitativt-material-taligt\/","url":"https:\/\/truusk.store\/sv\/produkt\/truusk-adirondack-tradgardsstol-vit-77-x-94-x-97-cm-bekvamt-tradgardsstol-for-avkoppling-hogkvalitativt-material-taligt\/","name":"TRUUSK Adirondack Tr\u00e4dg\u00e5rdsstol - Vit - 77 X 94 X 97 Cm - Bekv\u00e4mt tr\u00e4dg\u00e5rdsstol f\u00f6r avkoppling - H\u00f6gkvalitativt material - T\u00e5ligt - TRUUSK - Hem, Tr\u00e4dg\u00e5rd &amp; Fritid","isPartOf":{"@id":"https:\/\/truusk.store\/sv\/#website"},"primaryImageOfPage":{"@id":"https:\/\/truusk.store\/sv\/produkt\/truusk-adirondack-tradgardsstol-vit-77-x-94-x-97-cm-bekvamt-tradgardsstol-for-avkoppling-hogkvalitativt-material-taligt\/#primaryimage"},"image":{"@id":"https:\/\/truusk.store\/sv\/produkt\/truusk-adirondack-tradgardsstol-vit-77-x-94-x-97-cm-bekvamt-tradgardsstol-for-avkoppling-hogkvalitativt-material-taligt\/#primaryimage"},"thumbnailUrl":"https:\/\/i0.wp.com\/truusk.store\/wp-content\/uploads\/2024\/02\/adirondack-tradgardsstol-vit-77-x-94-x-97-cm.webp?fit=800%2C800&ssl=1","datePublished":"2024-02-13T10:43:55+00:00","dateModified":"2026-03-12T07:58:21+00:00","breadcrumb":{"@id":"https:\/\/truusk.store\/sv\/produkt\/truusk-adirondack-tradgardsstol-vit-77-x-94-x-97-cm-bekvamt-tradgardsstol-for-avkoppling-hogkvalitativt-material-taligt\/#breadcrumb"},"inLanguage":"sv-SE","potentialAction":[{"@type":"ReadAction","target":["https:\/\/truusk.store\/sv\/produkt\/truusk-adirondack-tradgardsstol-vit-77-x-94-x-97-cm-bekvamt-tradgardsstol-for-avkoppling-hogkvalitativt-material-taligt\/"]}]},{"@type":"ImageObject","inLanguage":"sv-SE","@id":"https:\/\/truusk.store\/sv\/produkt\/truusk-adirondack-tradgardsstol-vit-77-x-94-x-97-cm-bekvamt-tradgardsstol-for-avkoppling-hogkvalitativt-material-taligt\/#primaryimage","url":"https:\/\/i0.wp.com\/truusk.store\/wp-content\/uploads\/2024\/02\/adirondack-tradgardsstol-vit-77-x-94-x-97-cm.webp?fit=800%2C800&ssl=1","contentUrl":"https:\/\/i0.wp.com\/truusk.store\/wp-content\/uploads\/2024\/02\/adirondack-tradgardsstol-vit-77-x-94-x-97-cm.webp?fit=800%2C800&ssl=1","width":800,"height":800,"caption":"Adirondack Tr\u00e4dg\u00e5rdsstol Vit 77 X 94 X 97 Cm 1"},{"@type":"BreadcrumbList","@id":"https:\/\/truusk.store\/sv\/produkt\/truusk-adirondack-tradgardsstol-vit-77-x-94-x-97-cm-bekvamt-tradgardsstol-for-avkoppling-hogkvalitativt-material-taligt\/#breadcrumb","itemListElement":[{"@type":"ListItem","position":1,"name":"Home","item":"https:\/\/truusk.store\/sv\/"},{"@type":"ListItem","position":2,"name":"Shop","item":"https:\/\/truusk.store\/shop\/"},{"@type":"ListItem","position":3,"name":"TRUUSK Adirondack Tr\u00e4dg\u00e5rdsstol &#8211; Vit &#8211; 77 X 94 X 97 Cm &#8211; Bekv\u00e4mt tr\u00e4dg\u00e5rdsstol f\u00f6r avkoppling &#8211; H\u00f6gkvalitativt material &#8211; T\u00e5ligt"}]},{"@type":"WebSite","@id":"https:\/\/truusk.store\/sv\/#website","url":"https:\/\/truusk.store\/sv\/","name":"TRUUSK - Hem, Tr\u00e4dg\u00e5rd & Fritid","description":"","publisher":{"@id":"https:\/\/truusk.store\/sv\/#organization"},"potentialAction":[{"@type":"SearchAction","target":{"@type":"EntryPoint","urlTemplate":"https:\/\/truusk.store\/sv\/?s={search_term_string}"},"query-input":{"@type":"PropertyValueSpecification","valueRequired":true,"valueName":"search_term_string"}}],"inLanguage":"sv-SE"},{"@type":"Organization","@id":"https:\/\/truusk.store\/sv\/#organization","name":"TRUUSK - Hem, Tr\u00e4dg\u00e5rd & Fritid","url":"https:\/\/truusk.store\/sv\/","logo":{"@type":"ImageObject","inLanguage":"sv-SE","@id":"https:\/\/truusk.store\/sv\/#\/schema\/logo\/image\/","url":"https:\/\/i0.wp.com\/truusk.store\/wp-content\/uploads\/2026\/03\/cropped-TRUUSK.png?fit=2032%2C917&ssl=1","contentUrl":"https:\/\/i0.wp.com\/truusk.store\/wp-content\/uploads\/2026\/03\/cropped-TRUUSK.png?fit=2032%2C917&ssl=1","width":2032,"height":917,"caption":"TRUUSK - Hem, Tr\u00e4dg\u00e5rd & Fritid"},"image":{"@id":"https:\/\/truusk.store\/sv\/#\/schema\/logo\/image\/"}}]}},"jetpack_sharing_enabled":true,"_links":{"self":[{"href":"https:\/\/truusk.store\/sv\/wp-json\/wp\/v2\/product\/13620","targetHints":{"allow":["GET"]}}],"collection":[{"href":"https:\/\/truusk.store\/sv\/wp-json\/wp\/v2\/product"}],"about":[{"href":"https:\/\/truusk.store\/sv\/wp-json\/wp\/v2\/types\/product"}],"wp:featuredmedia":[{"embeddable":true,"href":"https:\/\/truusk.store\/sv\/wp-json\/wp\/v2\/media\/13621"}],"wp:attachment":[{"href":"https:\/\/truusk.store\/sv\/wp-json\/wp\/v2\/media?parent=13620"}],"wp:term":[{"taxonomy":"product_brand","embeddable":true,"href":"https:\/\/truusk.store\/sv\/wp-json\/wp\/v2\/product_brand?post=13620"},{"taxonomy":"product_cat","embeddable":true,"href":"https:\/\/truusk.store\/sv\/wp-json\/wp\/v2\/product_cat?post=13620"},{"taxonomy":"product_tag","embeddable":true,"href":"https:\/\/truusk.store\/sv\/wp-json\/wp\/v2\/product_tag?post=13620"}],"curies":[{"name":"wp","href":"https:\/\/api.w.org\/{rel}","templated":true}]}}