{"id":13713,"date":"2024-02-13T11:46:44","date_gmt":"2024-02-13T10:46:44","guid":{"rendered":"https:\/\/truusk.store\/product\/elektronisk-darttavla-darttavla-med-automatisk-poangsattning-med-6-pilar-30-darthuvuden-26-spel-och-185-traffalternativ-for-8-spelare-ljudeffekter-svart-44-x-395-x-22-cm\/"},"modified":"2026-03-12T08:58:23","modified_gmt":"2026-03-12T07:58:23","slug":"truusk-elektronisk-darttavla-automatisk-poangsattning-6-pilar-30-darthuvuden-26-spel-185-traffalternativ-ljudeffekter","status":"publish","type":"product","link":"https:\/\/truusk.store\/sv\/produkt\/truusk-elektronisk-darttavla-automatisk-poangsattning-6-pilar-30-darthuvuden-26-spel-185-traffalternativ-ljudeffekter\/","title":{"rendered":"TRUUSK Elektronisk Darttavla &#8211; Automatisk Po\u00e4ngs\u00e4ttning &#8211; 6 Pilar &#8211; 30 Darthuvuden &#8211; 26 Spel &#8211; 185 Tr\u00e4ffalternativ &#8211; Ljudeffekter"},"content":{"rendered":"<p>F\u00e5 professionell dartkul till ditt hem med denna smarta darttavla! Utrustad med 6 dartpilar och 30 dartspetsar kan du prova 26 olika spel med upp till 7 andra personer. Den ljusa LCD-sk\u00e4rmen visar po\u00e4ng och statistik, medan volymen p\u00e5 r\u00f6stmeddelandena kan justeras efter \u00f6nskem\u00e5l. Med denna sofistikerade darttavla kommer du snart att kunna kr\u00f6nas till dartkungen!<\/p>\n<h3>Beskrivning:<\/h3>\n<ul>\n<li>26 matcher och 185 po\u00e4ngm\u00f6jligheter<\/li>\n<li>Upp till 8 spelare kan spela samtidigt<\/li>\n<li>Ljusstark LCD-sk\u00e4rm f\u00f6r spelresultat och statistik<\/li>\n<li>R\u00f6sttips med volymkontroll<\/li>\n<li>Robust, t\u00e5lig plasth\u00f6lje<\/li>\n<li>CE-EMC, ROHS-certifikat<\/li>\n<li>6 pilar och 30 pilspetsar ing\u00e5r i setet<\/li>\n<li>Med ljudeffekter p\u00e5 engelska<\/li>\n<li>Med automatisk po\u00e4ngs\u00e4ttning, po\u00e4ngs\u00e4ttning och spel mot datorn<\/li>\n<\/ul>\n<h3>Teknisk data:<\/h3>\n<ul>\n<li>Material: PP<\/li>\n<li>Svart f\u00e4rg<\/li>\n<li>9,5 g pil<\/li>\n<li>\u00d6vergripande m\u00e5tt: 44L x 39,5W x 2,2H cm<\/li>\n<li>Obs: N\u00e4tsladd ing\u00e5r ej<\/li>\n<\/ul>\n<h3>Leveransens omfattning:<\/h3>\n<ul>\n<li>1 x elektronisk darttavla<\/li>\n<li>6 x pilar<\/li>\n<li>30 x pilhuvuden<\/li>\n<\/ul>\n","protected":false},"excerpt":{"rendered":"<p>F\u00e5 professionell dartkul till ditt hem med denna smarta darttavla! Utrustad med 6 dartpilar och 30 dartspetsar kan du prova&#8230;<\/p>\n","protected":false},"featured_media":13714,"template":"","meta":[],"product_brand":[],"product_cat":[658,656,647],"product_tag":[],"class_list":{"0":"post-13713","1":"product","2":"type-product","3":"status-publish","4":"has-post-thumbnail","6":"product_cat-elektroniska-darttavlor","7":"product_cat-spel-hobby","8":"product_cat-sport-fritid","10":"first","11":"instock","12":"sale","13":"taxable","14":"shipping-taxable","15":"purchasable","16":"product-type-simple"},"yoast_head":"<!-- This site is optimized with the Yoast SEO plugin v25.4 - https:\/\/yoast.com\/wordpress\/plugins\/seo\/ -->\n<title>TRUUSK Elektronisk Darttavla - Automatisk Po\u00e4ngs\u00e4ttning - 6 Pilar - 30 Darthuvuden - 26 Spel - 185 Tr\u00e4ffalternativ - Ljudeffekter - TRUUSK - Hem, Tr\u00e4dg\u00e5rd &amp; Fritid<\/title>\n<meta name=\"robots\" content=\"index, follow, max-snippet:-1, max-image-preview:large, max-video-preview:-1\" \/>\n<link rel=\"canonical\" href=\"https:\/\/truusk.store\/sv\/produkt\/truusk-elektronisk-darttavla-automatisk-poangsattning-6-pilar-30-darthuvuden-26-spel-185-traffalternativ-ljudeffekter\/\" \/>\n<meta property=\"og:locale\" content=\"sv_SE\" \/>\n<meta property=\"og:type\" content=\"article\" \/>\n<meta property=\"og:title\" content=\"TRUUSK Elektronisk Darttavla - Automatisk Po\u00e4ngs\u00e4ttning - 6 Pilar - 30 Darthuvuden - 26 Spel - 185 Tr\u00e4ffalternativ - Ljudeffekter - TRUUSK - Hem, Tr\u00e4dg\u00e5rd &amp; Fritid\" \/>\n<meta property=\"og:description\" content=\"F\u00e5 professionell dartkul till ditt hem med denna smarta darttavla! Utrustad med 6 dartpilar och 30 dartspetsar kan du prova...\" \/>\n<meta property=\"og:url\" content=\"https:\/\/truusk.store\/sv\/produkt\/truusk-elektronisk-darttavla-automatisk-poangsattning-6-pilar-30-darthuvuden-26-spel-185-traffalternativ-ljudeffekter\/\" \/>\n<meta property=\"og:site_name\" content=\"TRUUSK - Hem, Tr\u00e4dg\u00e5rd &amp; Fritid\" \/>\n<meta property=\"article:modified_time\" content=\"2026-03-12T07:58:23+00:00\" \/>\n<meta property=\"og:image\" content=\"https:\/\/i0.wp.com\/truusk.se\/wp-content\/uploads\/2024\/02\/elektronisk-darttavla-darttavla-med-automatisk-poangsattning-med-6-pilar-30-darthuvuden-26-spel-och-185-traffalternativ-for-8-spelare-ljudeffekter-svart-44-x-395-x-22-cm.webp?fit=800%2C800&ssl=1\" \/>\n\t<meta property=\"og:image:width\" content=\"800\" \/>\n\t<meta property=\"og:image:height\" content=\"800\" \/>\n\t<meta property=\"og:image:type\" content=\"image\/webp\" \/>\n<meta name=\"twitter:card\" content=\"summary_large_image\" \/>\n<meta name=\"twitter:label1\" content=\"Ber\u00e4knad l\u00e4stid\" \/>\n\t<meta name=\"twitter:data1\" content=\"1 minut\" \/>\n<!-- \/ Yoast SEO plugin. -->","yoast_head_json":{"title":"TRUUSK Elektronisk Darttavla - Automatisk Po\u00e4ngs\u00e4ttning - 6 Pilar - 30 Darthuvuden - 26 Spel - 185 Tr\u00e4ffalternativ - Ljudeffekter - TRUUSK - Hem, Tr\u00e4dg\u00e5rd &amp; Fritid","robots":{"index":"index","follow":"follow","max-snippet":"max-snippet:-1","max-image-preview":"max-image-preview:large","max-video-preview":"max-video-preview:-1"},"canonical":"https:\/\/truusk.store\/sv\/produkt\/truusk-elektronisk-darttavla-automatisk-poangsattning-6-pilar-30-darthuvuden-26-spel-185-traffalternativ-ljudeffekter\/","og_locale":"sv_SE","og_type":"article","og_title":"TRUUSK Elektronisk Darttavla - Automatisk Po\u00e4ngs\u00e4ttning - 6 Pilar - 30 Darthuvuden - 26 Spel - 185 Tr\u00e4ffalternativ - Ljudeffekter - TRUUSK - Hem, Tr\u00e4dg\u00e5rd &amp; Fritid","og_description":"F\u00e5 professionell dartkul till ditt hem med denna smarta darttavla! Utrustad med 6 dartpilar och 30 dartspetsar kan du prova...","og_url":"https:\/\/truusk.store\/sv\/produkt\/truusk-elektronisk-darttavla-automatisk-poangsattning-6-pilar-30-darthuvuden-26-spel-185-traffalternativ-ljudeffekter\/","og_site_name":"TRUUSK - Hem, Tr\u00e4dg\u00e5rd &amp; Fritid","article_modified_time":"2026-03-12T07:58:23+00:00","og_image":[{"width":800,"height":800,"url":"https:\/\/i0.wp.com\/truusk.se\/wp-content\/uploads\/2024\/02\/elektronisk-darttavla-darttavla-med-automatisk-poangsattning-med-6-pilar-30-darthuvuden-26-spel-och-185-traffalternativ-for-8-spelare-ljudeffekter-svart-44-x-395-x-22-cm.webp?fit=800%2C800&ssl=1","type":"image\/webp"}],"twitter_card":"summary_large_image","twitter_misc":{"Ber\u00e4knad l\u00e4stid":"1 minut"},"schema":{"@context":"https:\/\/schema.org","@graph":[{"@type":"WebPage","@id":"https:\/\/truusk.store\/sv\/produkt\/truusk-elektronisk-darttavla-automatisk-poangsattning-6-pilar-30-darthuvuden-26-spel-185-traffalternativ-ljudeffekter\/","url":"https:\/\/truusk.store\/sv\/produkt\/truusk-elektronisk-darttavla-automatisk-poangsattning-6-pilar-30-darthuvuden-26-spel-185-traffalternativ-ljudeffekter\/","name":"TRUUSK Elektronisk Darttavla - Automatisk Po\u00e4ngs\u00e4ttning - 6 Pilar - 30 Darthuvuden - 26 Spel - 185 Tr\u00e4ffalternativ - Ljudeffekter - TRUUSK - Hem, Tr\u00e4dg\u00e5rd &amp; Fritid","isPartOf":{"@id":"https:\/\/truusk.store\/sv\/#website"},"primaryImageOfPage":{"@id":"https:\/\/truusk.store\/sv\/produkt\/truusk-elektronisk-darttavla-automatisk-poangsattning-6-pilar-30-darthuvuden-26-spel-185-traffalternativ-ljudeffekter\/#primaryimage"},"image":{"@id":"https:\/\/truusk.store\/sv\/produkt\/truusk-elektronisk-darttavla-automatisk-poangsattning-6-pilar-30-darthuvuden-26-spel-185-traffalternativ-ljudeffekter\/#primaryimage"},"thumbnailUrl":"https:\/\/i0.wp.com\/truusk.store\/wp-content\/uploads\/2024\/02\/elektronisk-darttavla-darttavla-med-automatisk-poangsattning-med-6-pilar-30-darthuvuden-26-spel-och-185-traffalternativ-for-8-spelare-ljudeffekter-svart-44-x-395-x-22-cm.webp?fit=800%2C800&ssl=1","datePublished":"2024-02-13T10:46:44+00:00","dateModified":"2026-03-12T07:58:23+00:00","breadcrumb":{"@id":"https:\/\/truusk.store\/sv\/produkt\/truusk-elektronisk-darttavla-automatisk-poangsattning-6-pilar-30-darthuvuden-26-spel-185-traffalternativ-ljudeffekter\/#breadcrumb"},"inLanguage":"sv-SE","potentialAction":[{"@type":"ReadAction","target":["https:\/\/truusk.store\/sv\/produkt\/truusk-elektronisk-darttavla-automatisk-poangsattning-6-pilar-30-darthuvuden-26-spel-185-traffalternativ-ljudeffekter\/"]}]},{"@type":"ImageObject","inLanguage":"sv-SE","@id":"https:\/\/truusk.store\/sv\/produkt\/truusk-elektronisk-darttavla-automatisk-poangsattning-6-pilar-30-darthuvuden-26-spel-185-traffalternativ-ljudeffekter\/#primaryimage","url":"https:\/\/i0.wp.com\/truusk.store\/wp-content\/uploads\/2024\/02\/elektronisk-darttavla-darttavla-med-automatisk-poangsattning-med-6-pilar-30-darthuvuden-26-spel-och-185-traffalternativ-for-8-spelare-ljudeffekter-svart-44-x-395-x-22-cm.webp?fit=800%2C800&ssl=1","contentUrl":"https:\/\/i0.wp.com\/truusk.store\/wp-content\/uploads\/2024\/02\/elektronisk-darttavla-darttavla-med-automatisk-poangsattning-med-6-pilar-30-darthuvuden-26-spel-och-185-traffalternativ-for-8-spelare-ljudeffekter-svart-44-x-395-x-22-cm.webp?fit=800%2C800&ssl=1","width":800,"height":800,"caption":"Elektronisk Darttavla Darttavla Med Automatisk Po\u00e4ngs\u00e4ttning Med 6 Pilar 30 Darthuvuden 26 Spel Och 185 Tr\u00e4ffalternativ F\u00f6r 8 Spelare Ljudeffekter Svart 44 X 39,5 X 2,2 Cm 1"},{"@type":"BreadcrumbList","@id":"https:\/\/truusk.store\/sv\/produkt\/truusk-elektronisk-darttavla-automatisk-poangsattning-6-pilar-30-darthuvuden-26-spel-185-traffalternativ-ljudeffekter\/#breadcrumb","itemListElement":[{"@type":"ListItem","position":1,"name":"Home","item":"https:\/\/truusk.store\/sv\/"},{"@type":"ListItem","position":2,"name":"Shop","item":"https:\/\/truusk.store\/shop\/"},{"@type":"ListItem","position":3,"name":"TRUUSK Elektronisk Darttavla &#8211; Automatisk Po\u00e4ngs\u00e4ttning &#8211; 6 Pilar &#8211; 30 Darthuvuden &#8211; 26 Spel &#8211; 185 Tr\u00e4ffalternativ &#8211; Ljudeffekter"}]},{"@type":"WebSite","@id":"https:\/\/truusk.store\/sv\/#website","url":"https:\/\/truusk.store\/sv\/","name":"TRUUSK - Hem, Tr\u00e4dg\u00e5rd & Fritid","description":"","publisher":{"@id":"https:\/\/truusk.store\/sv\/#organization"},"potentialAction":[{"@type":"SearchAction","target":{"@type":"EntryPoint","urlTemplate":"https:\/\/truusk.store\/sv\/?s={search_term_string}"},"query-input":{"@type":"PropertyValueSpecification","valueRequired":true,"valueName":"search_term_string"}}],"inLanguage":"sv-SE"},{"@type":"Organization","@id":"https:\/\/truusk.store\/sv\/#organization","name":"TRUUSK - Hem, Tr\u00e4dg\u00e5rd & Fritid","url":"https:\/\/truusk.store\/sv\/","logo":{"@type":"ImageObject","inLanguage":"sv-SE","@id":"https:\/\/truusk.store\/sv\/#\/schema\/logo\/image\/","url":"https:\/\/i0.wp.com\/truusk.store\/wp-content\/uploads\/2026\/03\/cropped-TRUUSK.png?fit=2032%2C917&ssl=1","contentUrl":"https:\/\/i0.wp.com\/truusk.store\/wp-content\/uploads\/2026\/03\/cropped-TRUUSK.png?fit=2032%2C917&ssl=1","width":2032,"height":917,"caption":"TRUUSK - Hem, Tr\u00e4dg\u00e5rd & Fritid"},"image":{"@id":"https:\/\/truusk.store\/sv\/#\/schema\/logo\/image\/"}}]}},"jetpack_sharing_enabled":true,"_links":{"self":[{"href":"https:\/\/truusk.store\/sv\/wp-json\/wp\/v2\/product\/13713","targetHints":{"allow":["GET"]}}],"collection":[{"href":"https:\/\/truusk.store\/sv\/wp-json\/wp\/v2\/product"}],"about":[{"href":"https:\/\/truusk.store\/sv\/wp-json\/wp\/v2\/types\/product"}],"wp:featuredmedia":[{"embeddable":true,"href":"https:\/\/truusk.store\/sv\/wp-json\/wp\/v2\/media\/13714"}],"wp:attachment":[{"href":"https:\/\/truusk.store\/sv\/wp-json\/wp\/v2\/media?parent=13713"}],"wp:term":[{"taxonomy":"product_brand","embeddable":true,"href":"https:\/\/truusk.store\/sv\/wp-json\/wp\/v2\/product_brand?post=13713"},{"taxonomy":"product_cat","embeddable":true,"href":"https:\/\/truusk.store\/sv\/wp-json\/wp\/v2\/product_cat?post=13713"},{"taxonomy":"product_tag","embeddable":true,"href":"https:\/\/truusk.store\/sv\/wp-json\/wp\/v2\/product_tag?post=13713"}],"curies":[{"name":"wp","href":"https:\/\/api.w.org\/{rel}","templated":true}]}}