{"id":13720,"date":"2024-02-13T11:47:00","date_gmt":"2024-02-13T10:47:00","guid":{"rendered":"https:\/\/truusk.store\/product\/baddsoffa-3-sits-soffa-baddsoffa-med-hopfallbart-bord-tygsoffa-med-linnelook-baddsoffa-med-mugghallare-i-scandi-design-barformaga-upp-till-250-kg-ljusgra\/"},"modified":"2026-03-12T08:58:23","modified_gmt":"2026-03-12T07:58:23","slug":"truusk-baddsoffa-3-sits-soffa-hopfallbart-bord-tygsoffa-med-linnelook-mugghallare-scandi-design-barformaga-upp-till","status":"publish","type":"product","link":"https:\/\/truusk.store\/sv\/produkt\/truusk-baddsoffa-3-sits-soffa-hopfallbart-bord-tygsoffa-med-linnelook-mugghallare-scandi-design-barformaga-upp-till\/","title":{"rendered":"TRUUSK B\u00e4ddsoffa, 3-sits Soffa &#8211; Hopf\u00e4llbart Bord &#8211; Tygsoffa Med Linnelook &#8211; Muggh\u00e5llare &#8211; Scandi Design &#8211; B\u00e4rf\u00f6rm\u00e5ga Upp Till"},"content":{"rendered":"<p>Denna eleganta b\u00e4ddsoffa \u00e4r den perfekta l\u00f6sningen f\u00f6r en m\u00e4ngd olika situationer: f\u00f6r att sitta upp till tre personer, luta sig tillbaka och sova tack vare det trev\u00e4gsjusterbara ryggst\u00f6det p\u00e5 n\u00e5gra sekunder. Den robusta ramen och f\u00f6tterna i massivt tr\u00e4 ger en stabil bas f\u00f6r den tjockt vadderade sitsen och ryggst\u00f6det. Ryggst\u00f6dets mittparti kan f\u00f6rvandlas till ett praktiskt sidobord med muggh\u00e5llare.<\/p>\n<h3>Beskrivning:<\/h3>\n<ul>\n<li>Bred sittgrupp f\u00f6r upp till tre personer<\/li>\n<li>Ryggst\u00f6d justerbart i tre niv\u00e5er: 115, 145, 180<\/li>\n<li>Fr\u00e5n soffa till s\u00e4ng p\u00e5 n\u00e5gra sekunder<\/li>\n<li>Fe gjord av massivt tr\u00e4<\/li>\n<li>Ovandelmaterial i linnelook: bekv\u00e4mt, vackert och slitstarkt<\/li>\n<li>3 i 1 design: sitta, luta sig tillbaka, ligga ner<\/li>\n<li>Hopf\u00e4llbart bord med muggh\u00e5llare i mitten<\/li>\n<li>Avtagbara armst\u00f6d f\u00f6r mer komfort<\/li>\n<\/ul>\n<h3>Teknisk data:<\/h3>\n<ul>\n<li>Material: linne, skum, metall, poppeltr\u00e4<\/li>\n<li>F\u00e4rg: Ljusgr\u00e5 + naturlig<\/li>\n<li>Soffans m\u00e5tt: 181L x 77W x 78H cm<\/li>\n<li>M\u00e5tt s\u00e4ng: 181W x 95,5D x 42H cm<\/li>\n<li>Sitsm\u00e5tt: 181W x 48D x 42H cm<\/li>\n<li>Ryggst\u00f6dets lutningsvinkel: 115\/145\/180<\/li>\n<li>Max lastkapacitet: 250 kg<\/li>\n<\/ul>\n<h3>Leveransens omfattning:<\/h3>\n<ul>\n<li>1 x b\u00e4ddsoffa<\/li>\n<li>1 x Monteringsanvisning<\/li>\n<\/ul>\n","protected":false},"excerpt":{"rendered":"<p>Denna eleganta b\u00e4ddsoffa \u00e4r den perfekta l\u00f6sningen f\u00f6r en m\u00e4ngd olika situationer: f\u00f6r att sitta upp till tre personer, luta&#8230;<\/p>\n","protected":false},"featured_media":13721,"template":"","meta":[],"product_brand":[],"product_cat":[557,485,554],"product_tag":[],"class_list":{"0":"post-13720","1":"product","2":"type-product","3":"status-publish","4":"has-post-thumbnail","6":"product_cat-baddsoffor","7":"product_cat-hus-bo","8":"product_cat-soffor-soffor","10":"first","11":"instock","12":"sale","13":"taxable","14":"shipping-taxable","15":"purchasable","16":"product-type-simple"},"yoast_head":"<!-- This site is optimized with the Yoast SEO plugin v25.4 - https:\/\/yoast.com\/wordpress\/plugins\/seo\/ -->\n<title>TRUUSK B\u00e4ddsoffa, 3-sits Soffa - Hopf\u00e4llbart Bord - Tygsoffa Med Linnelook - Muggh\u00e5llare - Scandi Design - B\u00e4rf\u00f6rm\u00e5ga Upp Till - TRUUSK - Hem, Tr\u00e4dg\u00e5rd &amp; Fritid<\/title>\n<meta name=\"robots\" content=\"index, follow, max-snippet:-1, max-image-preview:large, max-video-preview:-1\" \/>\n<link rel=\"canonical\" href=\"https:\/\/truusk.store\/sv\/produkt\/truusk-baddsoffa-3-sits-soffa-hopfallbart-bord-tygsoffa-med-linnelook-mugghallare-scandi-design-barformaga-upp-till\/\" \/>\n<meta property=\"og:locale\" content=\"sv_SE\" \/>\n<meta property=\"og:type\" content=\"article\" \/>\n<meta property=\"og:title\" content=\"TRUUSK B\u00e4ddsoffa, 3-sits Soffa - Hopf\u00e4llbart Bord - Tygsoffa Med Linnelook - Muggh\u00e5llare - Scandi Design - B\u00e4rf\u00f6rm\u00e5ga Upp Till - TRUUSK - Hem, Tr\u00e4dg\u00e5rd &amp; Fritid\" \/>\n<meta property=\"og:description\" content=\"Denna eleganta b\u00e4ddsoffa \u00e4r den perfekta l\u00f6sningen f\u00f6r en m\u00e4ngd olika situationer: f\u00f6r att sitta upp till tre personer, luta...\" \/>\n<meta property=\"og:url\" content=\"https:\/\/truusk.store\/sv\/produkt\/truusk-baddsoffa-3-sits-soffa-hopfallbart-bord-tygsoffa-med-linnelook-mugghallare-scandi-design-barformaga-upp-till\/\" \/>\n<meta property=\"og:site_name\" content=\"TRUUSK - Hem, Tr\u00e4dg\u00e5rd &amp; Fritid\" \/>\n<meta property=\"article:modified_time\" content=\"2026-03-12T07:58:23+00:00\" \/>\n<meta property=\"og:image\" content=\"https:\/\/i0.wp.com\/truusk.se\/wp-content\/uploads\/2024\/02\/baddsoffa-3-sits-soffa-baddsoffa-med-hopfallbart-bord-tygsoffa-med-linnelook-baddsoffa-med-mugghallare-i-scandi-design-barformaga-upp-till-250-kg-ljusgra.webp?fit=800%2C800&ssl=1\" \/>\n\t<meta property=\"og:image:width\" content=\"800\" \/>\n\t<meta property=\"og:image:height\" content=\"800\" \/>\n\t<meta property=\"og:image:type\" content=\"image\/webp\" \/>\n<meta name=\"twitter:card\" content=\"summary_large_image\" \/>\n<meta name=\"twitter:label1\" content=\"Ber\u00e4knad l\u00e4stid\" \/>\n\t<meta name=\"twitter:data1\" content=\"1 minut\" \/>\n<!-- \/ Yoast SEO plugin. -->","yoast_head_json":{"title":"TRUUSK B\u00e4ddsoffa, 3-sits Soffa - Hopf\u00e4llbart Bord - Tygsoffa Med Linnelook - Muggh\u00e5llare - Scandi Design - B\u00e4rf\u00f6rm\u00e5ga Upp Till - TRUUSK - Hem, Tr\u00e4dg\u00e5rd &amp; Fritid","robots":{"index":"index","follow":"follow","max-snippet":"max-snippet:-1","max-image-preview":"max-image-preview:large","max-video-preview":"max-video-preview:-1"},"canonical":"https:\/\/truusk.store\/sv\/produkt\/truusk-baddsoffa-3-sits-soffa-hopfallbart-bord-tygsoffa-med-linnelook-mugghallare-scandi-design-barformaga-upp-till\/","og_locale":"sv_SE","og_type":"article","og_title":"TRUUSK B\u00e4ddsoffa, 3-sits Soffa - Hopf\u00e4llbart Bord - Tygsoffa Med Linnelook - Muggh\u00e5llare - Scandi Design - B\u00e4rf\u00f6rm\u00e5ga Upp Till - TRUUSK - Hem, Tr\u00e4dg\u00e5rd &amp; Fritid","og_description":"Denna eleganta b\u00e4ddsoffa \u00e4r den perfekta l\u00f6sningen f\u00f6r en m\u00e4ngd olika situationer: f\u00f6r att sitta upp till tre personer, luta...","og_url":"https:\/\/truusk.store\/sv\/produkt\/truusk-baddsoffa-3-sits-soffa-hopfallbart-bord-tygsoffa-med-linnelook-mugghallare-scandi-design-barformaga-upp-till\/","og_site_name":"TRUUSK - Hem, Tr\u00e4dg\u00e5rd &amp; Fritid","article_modified_time":"2026-03-12T07:58:23+00:00","og_image":[{"width":800,"height":800,"url":"https:\/\/i0.wp.com\/truusk.se\/wp-content\/uploads\/2024\/02\/baddsoffa-3-sits-soffa-baddsoffa-med-hopfallbart-bord-tygsoffa-med-linnelook-baddsoffa-med-mugghallare-i-scandi-design-barformaga-upp-till-250-kg-ljusgra.webp?fit=800%2C800&ssl=1","type":"image\/webp"}],"twitter_card":"summary_large_image","twitter_misc":{"Ber\u00e4knad l\u00e4stid":"1 minut"},"schema":{"@context":"https:\/\/schema.org","@graph":[{"@type":"WebPage","@id":"https:\/\/truusk.store\/sv\/produkt\/truusk-baddsoffa-3-sits-soffa-hopfallbart-bord-tygsoffa-med-linnelook-mugghallare-scandi-design-barformaga-upp-till\/","url":"https:\/\/truusk.store\/sv\/produkt\/truusk-baddsoffa-3-sits-soffa-hopfallbart-bord-tygsoffa-med-linnelook-mugghallare-scandi-design-barformaga-upp-till\/","name":"TRUUSK B\u00e4ddsoffa, 3-sits Soffa - Hopf\u00e4llbart Bord - Tygsoffa Med Linnelook - Muggh\u00e5llare - Scandi Design - B\u00e4rf\u00f6rm\u00e5ga Upp Till - TRUUSK - Hem, Tr\u00e4dg\u00e5rd &amp; Fritid","isPartOf":{"@id":"https:\/\/truusk.store\/sv\/#website"},"primaryImageOfPage":{"@id":"https:\/\/truusk.store\/sv\/produkt\/truusk-baddsoffa-3-sits-soffa-hopfallbart-bord-tygsoffa-med-linnelook-mugghallare-scandi-design-barformaga-upp-till\/#primaryimage"},"image":{"@id":"https:\/\/truusk.store\/sv\/produkt\/truusk-baddsoffa-3-sits-soffa-hopfallbart-bord-tygsoffa-med-linnelook-mugghallare-scandi-design-barformaga-upp-till\/#primaryimage"},"thumbnailUrl":"https:\/\/i0.wp.com\/truusk.store\/wp-content\/uploads\/2024\/02\/baddsoffa-3-sits-soffa-baddsoffa-med-hopfallbart-bord-tygsoffa-med-linnelook-baddsoffa-med-mugghallare-i-scandi-design-barformaga-upp-till-250-kg-ljusgra.webp?fit=800%2C800&ssl=1","datePublished":"2024-02-13T10:47:00+00:00","dateModified":"2026-03-12T07:58:23+00:00","breadcrumb":{"@id":"https:\/\/truusk.store\/sv\/produkt\/truusk-baddsoffa-3-sits-soffa-hopfallbart-bord-tygsoffa-med-linnelook-mugghallare-scandi-design-barformaga-upp-till\/#breadcrumb"},"inLanguage":"sv-SE","potentialAction":[{"@type":"ReadAction","target":["https:\/\/truusk.store\/sv\/produkt\/truusk-baddsoffa-3-sits-soffa-hopfallbart-bord-tygsoffa-med-linnelook-mugghallare-scandi-design-barformaga-upp-till\/"]}]},{"@type":"ImageObject","inLanguage":"sv-SE","@id":"https:\/\/truusk.store\/sv\/produkt\/truusk-baddsoffa-3-sits-soffa-hopfallbart-bord-tygsoffa-med-linnelook-mugghallare-scandi-design-barformaga-upp-till\/#primaryimage","url":"https:\/\/i0.wp.com\/truusk.store\/wp-content\/uploads\/2024\/02\/baddsoffa-3-sits-soffa-baddsoffa-med-hopfallbart-bord-tygsoffa-med-linnelook-baddsoffa-med-mugghallare-i-scandi-design-barformaga-upp-till-250-kg-ljusgra.webp?fit=800%2C800&ssl=1","contentUrl":"https:\/\/i0.wp.com\/truusk.store\/wp-content\/uploads\/2024\/02\/baddsoffa-3-sits-soffa-baddsoffa-med-hopfallbart-bord-tygsoffa-med-linnelook-baddsoffa-med-mugghallare-i-scandi-design-barformaga-upp-till-250-kg-ljusgra.webp?fit=800%2C800&ssl=1","width":800,"height":800,"caption":"B\u00e4ddsoffa, 3-sits Soffa, B\u00e4ddsoffa Med Hopf\u00e4llbart Bord, Tygsoffa Med Linnelook, B\u00e4ddsoffa Med Muggh\u00e5llare, I Scandi Design, B\u00e4rf\u00f6rm\u00e5ga Upp Till 250 Kg, Ljusgr\u00e5 1"},{"@type":"BreadcrumbList","@id":"https:\/\/truusk.store\/sv\/produkt\/truusk-baddsoffa-3-sits-soffa-hopfallbart-bord-tygsoffa-med-linnelook-mugghallare-scandi-design-barformaga-upp-till\/#breadcrumb","itemListElement":[{"@type":"ListItem","position":1,"name":"Home","item":"https:\/\/truusk.store\/sv\/"},{"@type":"ListItem","position":2,"name":"Shop","item":"https:\/\/truusk.store\/shop\/"},{"@type":"ListItem","position":3,"name":"TRUUSK B\u00e4ddsoffa, 3-sits Soffa &#8211; Hopf\u00e4llbart Bord &#8211; Tygsoffa Med Linnelook &#8211; Muggh\u00e5llare &#8211; Scandi Design &#8211; B\u00e4rf\u00f6rm\u00e5ga Upp Till"}]},{"@type":"WebSite","@id":"https:\/\/truusk.store\/sv\/#website","url":"https:\/\/truusk.store\/sv\/","name":"TRUUSK - Hem, Tr\u00e4dg\u00e5rd & Fritid","description":"","publisher":{"@id":"https:\/\/truusk.store\/sv\/#organization"},"potentialAction":[{"@type":"SearchAction","target":{"@type":"EntryPoint","urlTemplate":"https:\/\/truusk.store\/sv\/?s={search_term_string}"},"query-input":{"@type":"PropertyValueSpecification","valueRequired":true,"valueName":"search_term_string"}}],"inLanguage":"sv-SE"},{"@type":"Organization","@id":"https:\/\/truusk.store\/sv\/#organization","name":"TRUUSK - Hem, Tr\u00e4dg\u00e5rd & Fritid","url":"https:\/\/truusk.store\/sv\/","logo":{"@type":"ImageObject","inLanguage":"sv-SE","@id":"https:\/\/truusk.store\/sv\/#\/schema\/logo\/image\/","url":"https:\/\/i0.wp.com\/truusk.store\/wp-content\/uploads\/2026\/03\/cropped-TRUUSK.png?fit=2032%2C917&ssl=1","contentUrl":"https:\/\/i0.wp.com\/truusk.store\/wp-content\/uploads\/2026\/03\/cropped-TRUUSK.png?fit=2032%2C917&ssl=1","width":2032,"height":917,"caption":"TRUUSK - Hem, Tr\u00e4dg\u00e5rd & Fritid"},"image":{"@id":"https:\/\/truusk.store\/sv\/#\/schema\/logo\/image\/"}}]}},"jetpack_sharing_enabled":true,"_links":{"self":[{"href":"https:\/\/truusk.store\/sv\/wp-json\/wp\/v2\/product\/13720","targetHints":{"allow":["GET"]}}],"collection":[{"href":"https:\/\/truusk.store\/sv\/wp-json\/wp\/v2\/product"}],"about":[{"href":"https:\/\/truusk.store\/sv\/wp-json\/wp\/v2\/types\/product"}],"wp:featuredmedia":[{"embeddable":true,"href":"https:\/\/truusk.store\/sv\/wp-json\/wp\/v2\/media\/13721"}],"wp:attachment":[{"href":"https:\/\/truusk.store\/sv\/wp-json\/wp\/v2\/media?parent=13720"}],"wp:term":[{"taxonomy":"product_brand","embeddable":true,"href":"https:\/\/truusk.store\/sv\/wp-json\/wp\/v2\/product_brand?post=13720"},{"taxonomy":"product_cat","embeddable":true,"href":"https:\/\/truusk.store\/sv\/wp-json\/wp\/v2\/product_cat?post=13720"},{"taxonomy":"product_tag","embeddable":true,"href":"https:\/\/truusk.store\/sv\/wp-json\/wp\/v2\/product_tag?post=13720"}],"curies":[{"name":"wp","href":"https:\/\/api.w.org\/{rel}","templated":true}]}}