{"id":13785,"date":"2024-02-13T11:48:50","date_gmt":"2024-02-13T10:48:50","guid":{"rendered":"https:\/\/truusk.store\/product\/multifunktionell-viktbank-multigym-med-fjaderbooster-traningsbank-vikt-upp-till-120-kg-svart-54-x-160-x-106-cm\/"},"modified":"2026-03-12T08:58:25","modified_gmt":"2026-03-12T07:58:25","slug":"truusk-multifunktionell-viktbank-multigym-fjaderbooster-upp-till-120-kg-svart-54-x-160-x-106-cm","status":"publish","type":"product","link":"https:\/\/truusk.store\/sv\/produkt\/truusk-multifunktionell-viktbank-multigym-fjaderbooster-upp-till-120-kg-svart-54-x-160-x-106-cm\/","title":{"rendered":"TRUUSK Multifunktionell Viktb\u00e4nk Multigym &#8211; Fj\u00e4derbooster &#8211; Upp Till 120 Kg &#8211; Svart &#8211; 54 x 160 x 106 cm"},"content":{"rendered":"<p>Med tr\u00e4ningsb\u00e4nken kan du ta din hemmatr\u00e4ning till n\u00e4sta niv\u00e5. Oavsett om det g\u00e4ller predikantcurls, triceps\u00f6vningar, rodd, benf\u00f6rl\u00e4ngningar, armh\u00e4vningar eller till och med sit-ups, kan ditt tr\u00e4ningspass utformas p\u00e5 en m\u00e4ngd olika s\u00e4tt. Det 7-v\u00e4gs justerbara ryggst\u00f6det g\u00f6r b\u00e4nkpress, axeltr\u00e4ning och andra \u00f6vningar l\u00e4tta. Den robusta st\u00e5lramen s\u00e4kerst\u00e4ller b\u00e4sta stabilitet under din tr\u00e4ning. De t\u00e4ta men bekv\u00e4ma \u00f6verdragen garanterar komfort. Efter din lyckade tr\u00e4ning kan du enkelt f\u00e4lla ihop din multib\u00e4nk och f\u00f6rvara den f\u00f6r att spara utrymme. F\u00e5 hela din kropp i form med bara en enhet!<\/p>\n<h3>Beskrivning:<\/h3>\n<ul>\n<li>F\u00f6rst\u00e4rkt st\u00e5lram f\u00f6r b\u00e4sta stabilitet<\/li>\n<li>Bekv\u00e4m, stadig stoppning<\/li>\n<li>Multifunktionell, f\u00f6r m\u00e5ngsidig tr\u00e4ning<\/li>\n<li>7-v\u00e4gs justerbart ryggst\u00f6d, minsta vinkel \u00e4r 100 grader<\/li>\n<li>2-niv\u00e5er justerbar predikant curl station f\u00f6r armtr\u00e4ning<\/li>\n<li>1 par dragsko ing\u00e5r ocks\u00e5<\/li>\n<li>F\u00e4llbar f\u00f6r platsbesparande f\u00f6rvaring<\/li>\n<li>Med fj\u00e4derf\u00f6rst\u00e4rkare<\/li>\n<li>Enkel konstruktion<\/li>\n<\/ul>\n<h3>Teknisk data:<\/h3>\n<ul>\n<li>Material: st\u00e5lr\u00f6r, ABS, EVA<\/li>\n<li>F\u00e4rg: Svart, R\u00f6d<\/li>\n<li>M\u00e5tt: B54 x D160 x H106 cm<\/li>\n<li>. Sittdynas storlek: 30,5W x 30D cm<\/li>\n<li>. Ryggkuddens storlek: 75W x 30D cm<\/li>\n<li>. Armb\u00e5gskudde storlek: 29,5W x 14D cm<\/li>\n<li>. Kuddens tjocklek: 4 cm<\/li>\n<li>Max lastkapacitet: 120 kg<\/li>\n<li>Justerbar vinkel: 100, 115, 125, 135, 150, 165, -10<\/li>\n<li>Vikt: 12kg<\/li>\n<\/ul>\n<h3>Leveransens omfattning:<\/h3>\n<ul>\n<li>1 x viktb\u00e4nk;<\/li>\n<\/ul>\n","protected":false},"excerpt":{"rendered":"<p>Med tr\u00e4ningsb\u00e4nken kan du ta din hemmatr\u00e4ning till n\u00e4sta niv\u00e5. Oavsett om det g\u00e4ller predikantcurls, triceps\u00f6vningar, rodd, benf\u00f6rl\u00e4ngningar, armh\u00e4vningar eller&#8230;<\/p>\n","protected":false},"featured_media":13786,"template":"","meta":[],"product_brand":[],"product_cat":[661,647,665,739],"product_tag":[],"class_list":{"0":"post-13785","1":"product","2":"type-product","3":"status-publish","4":"has-post-thumbnail","6":"product_cat-kondition-styrketraning","7":"product_cat-sport-fritid","8":"product_cat-styrketraning","9":"product_cat-viktbankar","11":"first","12":"instock","13":"sale","14":"taxable","15":"shipping-taxable","16":"purchasable","17":"product-type-simple"},"yoast_head":"<!-- This site is optimized with the Yoast SEO plugin v25.4 - https:\/\/yoast.com\/wordpress\/plugins\/seo\/ -->\n<title>TRUUSK Multifunktionell Viktb\u00e4nk Multigym - Fj\u00e4derbooster - Upp Till 120 Kg - Svart - 54 x 160 x 106 cm - TRUUSK - Hem, Tr\u00e4dg\u00e5rd &amp; Fritid<\/title>\n<meta name=\"robots\" content=\"index, follow, max-snippet:-1, max-image-preview:large, max-video-preview:-1\" \/>\n<link rel=\"canonical\" href=\"https:\/\/truusk.store\/sv\/produkt\/truusk-multifunktionell-viktbank-multigym-fjaderbooster-upp-till-120-kg-svart-54-x-160-x-106-cm\/\" \/>\n<meta property=\"og:locale\" content=\"sv_SE\" \/>\n<meta property=\"og:type\" content=\"article\" \/>\n<meta property=\"og:title\" content=\"TRUUSK Multifunktionell Viktb\u00e4nk Multigym - Fj\u00e4derbooster - Upp Till 120 Kg - Svart - 54 x 160 x 106 cm - TRUUSK - Hem, Tr\u00e4dg\u00e5rd &amp; Fritid\" \/>\n<meta property=\"og:description\" content=\"Med tr\u00e4ningsb\u00e4nken kan du ta din hemmatr\u00e4ning till n\u00e4sta niv\u00e5. Oavsett om det g\u00e4ller predikantcurls, triceps\u00f6vningar, rodd, benf\u00f6rl\u00e4ngningar, armh\u00e4vningar eller...\" \/>\n<meta property=\"og:url\" content=\"https:\/\/truusk.store\/sv\/produkt\/truusk-multifunktionell-viktbank-multigym-fjaderbooster-upp-till-120-kg-svart-54-x-160-x-106-cm\/\" \/>\n<meta property=\"og:site_name\" content=\"TRUUSK - Hem, Tr\u00e4dg\u00e5rd &amp; Fritid\" \/>\n<meta property=\"article:modified_time\" content=\"2026-03-12T07:58:25+00:00\" \/>\n<meta property=\"og:image\" content=\"https:\/\/i0.wp.com\/truusk.se\/wp-content\/uploads\/2024\/02\/multifunktionell-viktbank-multigym-med-fjaderbooster-traningsbank-vikt-upp-till-120-kg-svart-54-x-160-x-106-cm.webp?fit=800%2C800&ssl=1\" \/>\n\t<meta property=\"og:image:width\" content=\"800\" \/>\n\t<meta property=\"og:image:height\" content=\"800\" \/>\n\t<meta property=\"og:image:type\" content=\"image\/webp\" \/>\n<meta name=\"twitter:card\" content=\"summary_large_image\" \/>\n<meta name=\"twitter:label1\" content=\"Ber\u00e4knad l\u00e4stid\" \/>\n\t<meta name=\"twitter:data1\" content=\"1 minut\" \/>\n<!-- \/ Yoast SEO plugin. -->","yoast_head_json":{"title":"TRUUSK Multifunktionell Viktb\u00e4nk Multigym - Fj\u00e4derbooster - Upp Till 120 Kg - Svart - 54 x 160 x 106 cm - TRUUSK - Hem, Tr\u00e4dg\u00e5rd &amp; Fritid","robots":{"index":"index","follow":"follow","max-snippet":"max-snippet:-1","max-image-preview":"max-image-preview:large","max-video-preview":"max-video-preview:-1"},"canonical":"https:\/\/truusk.store\/sv\/produkt\/truusk-multifunktionell-viktbank-multigym-fjaderbooster-upp-till-120-kg-svart-54-x-160-x-106-cm\/","og_locale":"sv_SE","og_type":"article","og_title":"TRUUSK Multifunktionell Viktb\u00e4nk Multigym - Fj\u00e4derbooster - Upp Till 120 Kg - Svart - 54 x 160 x 106 cm - TRUUSK - Hem, Tr\u00e4dg\u00e5rd &amp; Fritid","og_description":"Med tr\u00e4ningsb\u00e4nken kan du ta din hemmatr\u00e4ning till n\u00e4sta niv\u00e5. Oavsett om det g\u00e4ller predikantcurls, triceps\u00f6vningar, rodd, benf\u00f6rl\u00e4ngningar, armh\u00e4vningar eller...","og_url":"https:\/\/truusk.store\/sv\/produkt\/truusk-multifunktionell-viktbank-multigym-fjaderbooster-upp-till-120-kg-svart-54-x-160-x-106-cm\/","og_site_name":"TRUUSK - Hem, Tr\u00e4dg\u00e5rd &amp; Fritid","article_modified_time":"2026-03-12T07:58:25+00:00","og_image":[{"width":800,"height":800,"url":"https:\/\/i0.wp.com\/truusk.se\/wp-content\/uploads\/2024\/02\/multifunktionell-viktbank-multigym-med-fjaderbooster-traningsbank-vikt-upp-till-120-kg-svart-54-x-160-x-106-cm.webp?fit=800%2C800&ssl=1","type":"image\/webp"}],"twitter_card":"summary_large_image","twitter_misc":{"Ber\u00e4knad l\u00e4stid":"1 minut"},"schema":{"@context":"https:\/\/schema.org","@graph":[{"@type":"WebPage","@id":"https:\/\/truusk.store\/sv\/produkt\/truusk-multifunktionell-viktbank-multigym-fjaderbooster-upp-till-120-kg-svart-54-x-160-x-106-cm\/","url":"https:\/\/truusk.store\/sv\/produkt\/truusk-multifunktionell-viktbank-multigym-fjaderbooster-upp-till-120-kg-svart-54-x-160-x-106-cm\/","name":"TRUUSK Multifunktionell Viktb\u00e4nk Multigym - Fj\u00e4derbooster - Upp Till 120 Kg - Svart - 54 x 160 x 106 cm - TRUUSK - Hem, Tr\u00e4dg\u00e5rd &amp; Fritid","isPartOf":{"@id":"https:\/\/truusk.store\/sv\/#website"},"primaryImageOfPage":{"@id":"https:\/\/truusk.store\/sv\/produkt\/truusk-multifunktionell-viktbank-multigym-fjaderbooster-upp-till-120-kg-svart-54-x-160-x-106-cm\/#primaryimage"},"image":{"@id":"https:\/\/truusk.store\/sv\/produkt\/truusk-multifunktionell-viktbank-multigym-fjaderbooster-upp-till-120-kg-svart-54-x-160-x-106-cm\/#primaryimage"},"thumbnailUrl":"https:\/\/i0.wp.com\/truusk.store\/wp-content\/uploads\/2024\/02\/multifunktionell-viktbank-multigym-med-fjaderbooster-traningsbank-vikt-upp-till-120-kg-svart-54-x-160-x-106-cm.webp?fit=800%2C800&ssl=1","datePublished":"2024-02-13T10:48:50+00:00","dateModified":"2026-03-12T07:58:25+00:00","breadcrumb":{"@id":"https:\/\/truusk.store\/sv\/produkt\/truusk-multifunktionell-viktbank-multigym-fjaderbooster-upp-till-120-kg-svart-54-x-160-x-106-cm\/#breadcrumb"},"inLanguage":"sv-SE","potentialAction":[{"@type":"ReadAction","target":["https:\/\/truusk.store\/sv\/produkt\/truusk-multifunktionell-viktbank-multigym-fjaderbooster-upp-till-120-kg-svart-54-x-160-x-106-cm\/"]}]},{"@type":"ImageObject","inLanguage":"sv-SE","@id":"https:\/\/truusk.store\/sv\/produkt\/truusk-multifunktionell-viktbank-multigym-fjaderbooster-upp-till-120-kg-svart-54-x-160-x-106-cm\/#primaryimage","url":"https:\/\/i0.wp.com\/truusk.store\/wp-content\/uploads\/2024\/02\/multifunktionell-viktbank-multigym-med-fjaderbooster-traningsbank-vikt-upp-till-120-kg-svart-54-x-160-x-106-cm.webp?fit=800%2C800&ssl=1","contentUrl":"https:\/\/i0.wp.com\/truusk.store\/wp-content\/uploads\/2024\/02\/multifunktionell-viktbank-multigym-med-fjaderbooster-traningsbank-vikt-upp-till-120-kg-svart-54-x-160-x-106-cm.webp?fit=800%2C800&ssl=1","width":800,"height":800,"caption":"Multifunktionell Viktb\u00e4nk Multigym Med Fj\u00e4derbooster Tr\u00e4ningsb\u00e4nk Vikt Upp Till 120 Kg Svart 54 X 160 X 106 Cm 1"},{"@type":"BreadcrumbList","@id":"https:\/\/truusk.store\/sv\/produkt\/truusk-multifunktionell-viktbank-multigym-fjaderbooster-upp-till-120-kg-svart-54-x-160-x-106-cm\/#breadcrumb","itemListElement":[{"@type":"ListItem","position":1,"name":"Home","item":"https:\/\/truusk.store\/sv\/"},{"@type":"ListItem","position":2,"name":"Shop","item":"https:\/\/truusk.store\/shop\/"},{"@type":"ListItem","position":3,"name":"TRUUSK Multifunktionell Viktb\u00e4nk Multigym &#8211; Fj\u00e4derbooster &#8211; Upp Till 120 Kg &#8211; Svart &#8211; 54 x 160 x 106 cm"}]},{"@type":"WebSite","@id":"https:\/\/truusk.store\/sv\/#website","url":"https:\/\/truusk.store\/sv\/","name":"TRUUSK - Hem, Tr\u00e4dg\u00e5rd & Fritid","description":"","publisher":{"@id":"https:\/\/truusk.store\/sv\/#organization"},"potentialAction":[{"@type":"SearchAction","target":{"@type":"EntryPoint","urlTemplate":"https:\/\/truusk.store\/sv\/?s={search_term_string}"},"query-input":{"@type":"PropertyValueSpecification","valueRequired":true,"valueName":"search_term_string"}}],"inLanguage":"sv-SE"},{"@type":"Organization","@id":"https:\/\/truusk.store\/sv\/#organization","name":"TRUUSK - Hem, Tr\u00e4dg\u00e5rd & Fritid","url":"https:\/\/truusk.store\/sv\/","logo":{"@type":"ImageObject","inLanguage":"sv-SE","@id":"https:\/\/truusk.store\/sv\/#\/schema\/logo\/image\/","url":"https:\/\/i0.wp.com\/truusk.store\/wp-content\/uploads\/2026\/03\/cropped-TRUUSK.png?fit=2032%2C917&ssl=1","contentUrl":"https:\/\/i0.wp.com\/truusk.store\/wp-content\/uploads\/2026\/03\/cropped-TRUUSK.png?fit=2032%2C917&ssl=1","width":2032,"height":917,"caption":"TRUUSK - Hem, Tr\u00e4dg\u00e5rd & Fritid"},"image":{"@id":"https:\/\/truusk.store\/sv\/#\/schema\/logo\/image\/"}}]}},"jetpack_sharing_enabled":true,"_links":{"self":[{"href":"https:\/\/truusk.store\/sv\/wp-json\/wp\/v2\/product\/13785","targetHints":{"allow":["GET"]}}],"collection":[{"href":"https:\/\/truusk.store\/sv\/wp-json\/wp\/v2\/product"}],"about":[{"href":"https:\/\/truusk.store\/sv\/wp-json\/wp\/v2\/types\/product"}],"wp:featuredmedia":[{"embeddable":true,"href":"https:\/\/truusk.store\/sv\/wp-json\/wp\/v2\/media\/13786"}],"wp:attachment":[{"href":"https:\/\/truusk.store\/sv\/wp-json\/wp\/v2\/media?parent=13785"}],"wp:term":[{"taxonomy":"product_brand","embeddable":true,"href":"https:\/\/truusk.store\/sv\/wp-json\/wp\/v2\/product_brand?post=13785"},{"taxonomy":"product_cat","embeddable":true,"href":"https:\/\/truusk.store\/sv\/wp-json\/wp\/v2\/product_cat?post=13785"},{"taxonomy":"product_tag","embeddable":true,"href":"https:\/\/truusk.store\/sv\/wp-json\/wp\/v2\/product_tag?post=13785"}],"curies":[{"name":"wp","href":"https:\/\/api.w.org\/{rel}","templated":true}]}}