{"id":13797,"date":"2024-02-13T11:49:08","date_gmt":"2024-02-13T10:49:08","guid":{"rendered":"https:\/\/truusk.store\/product\/barnfordon-12v-mercedes-benz-amg-gla45-licensierad-elbil-med-fjarrstyrt-sakerhetsbalte-2-x-35w-motorer-mp337-60-manader-svart-115-x-70-x-55-cm\/"},"modified":"2026-03-12T08:58:26","modified_gmt":"2026-03-12T07:58:26","slug":"truusk-licensierad-mercedes-benz-amg-gla45-elbil-12v-fjarrstyrt-sakerhetsbalte-2-motorer-svart-115-x-70-x-55-cm","status":"publish","type":"product","link":"https:\/\/truusk.store\/sv\/produkt\/truusk-licensierad-mercedes-benz-amg-gla45-elbil-12v-fjarrstyrt-sakerhetsbalte-2-motorer-svart-115-x-70-x-55-cm\/","title":{"rendered":"TRUUSK Licensierad Mercedes-Benz AMG GLA45 Elbil 12V &#8211; Fj\u00e4rrstyrt &#8211; S\u00e4kerhetsb\u00e4lte &#8211; 2 Motorer &#8211; Svart &#8211; 115 x 70 x 55 cm"},"content":{"rendered":"<p>Denna fantastiska barnbil har m\u00e5nga funktioner hos en riktig bil, s\u00e5som str\u00e5lkastare och baklyktor, en instrumentbr\u00e4da med hastighetsm\u00e4tare och musikspelare (med programmerade sp\u00e5r), USB- och TF-kortplatser och s\u00e4kerhetsb\u00e4lten. Hastighetsgr\u00e4nsen f\u00f6r elbilen \u00e4r tre kilometer i timmen. F\u00f6r\u00e4ldrar kan n\u00e4r som helst styra bilen utifr\u00e5n med den medf\u00f6ljande fj\u00e4rrkontrollen.<\/p>\n<h3>Beskrivning:<\/h3>\n<ul>\n<li>Batteridriven 12V motor<\/li>\n<li>1 timmes drift n\u00e4r den \u00e4r fulladdad<\/li>\n<li>Man\u00f6vrering med fotpedal och ratt<\/li>\n<li>Signalhornsknapp p\u00e5 ratten<\/li>\n<li>Med str\u00e5lkastare och bakljus<\/li>\n<li>F\u00f6r barn i \u00e5ldrarna 2,5 till 5 \u00e5r<\/li>\n<li>USB- och TF-kortplats f\u00f6r din egen musik i MP3-format<\/li>\n<li>Med s\u00e4kerhetsb\u00e4lte<\/li>\n<li>Displayen p\u00e5 instrumentbr\u00e4dan visar aktuell batteriladdningsstatus<\/li>\n<li>F\u00f6r\u00e4ldrar kan styra bilen med fj\u00e4rrkontrollen (AAA-batteri kr\u00e4vs, ing\u00e5r ej)<\/li>\n<\/ul>\n<h3>Teknisk data:<\/h3>\n<ul>\n<li>Svart f\u00e4rg<\/li>\n<li>\u00d6vergripande m\u00e5tt: L115 x B70 x H55 cm<\/li>\n<li>Sitsm\u00e5tt: L38 x B21,5 x H31 cm<\/li>\n<li>Hjulstorlek: 25 x B9 cm<\/li>\n<li>Effekt: 35W<\/li>\n<li>Hastighet: 3-5km\/h<\/li>\n<li>Laddare: 12 V \/ 1000 mA<\/li>\n<li>Laddningstid: 8-12 timmar<\/li>\n<li>Certifierad \u00e5lder: 37-95 m\u00e5nader, rekommenderad \u00e5lder: 37-60 m\u00e5nader<\/li>\n<li>Vikt: 17 kg<\/li>\n<li>Max belastning: 30 kg<\/li>\n<\/ul>\n<h3>Leveransens omfattning:<\/h3>\n<ul>\n<li>1 x barnbil<\/li>\n<li>1 x Laddare<\/li>\n<li>1 x Monteringsanvisning<\/li>\n<\/ul>\n","protected":false},"excerpt":{"rendered":"<p>Denna fantastiska barnbil har m\u00e5nga funktioner hos en riktig bil, s\u00e5som str\u00e5lkastare och baklyktor, en instrumentbr\u00e4da med hastighetsm\u00e4tare och musikspelare&#8230;<\/p>\n","protected":false},"featured_media":13798,"template":"","meta":[],"product_brand":[],"product_cat":[609,610,612],"product_tag":[],"class_list":{"0":"post-13797","1":"product","2":"type-product","3":"status-publish","4":"has-post-thumbnail","6":"product_cat-baby-barn","7":"product_cat-barnfordon","8":"product_cat-elektriska-fordon","10":"first","11":"instock","12":"sale","13":"taxable","14":"shipping-taxable","15":"purchasable","16":"product-type-simple"},"yoast_head":"<!-- This site is optimized with the Yoast SEO plugin v25.4 - https:\/\/yoast.com\/wordpress\/plugins\/seo\/ -->\n<title>TRUUSK Licensierad Mercedes-Benz AMG GLA45 Elbil 12V - Fj\u00e4rrstyrt - S\u00e4kerhetsb\u00e4lte - 2 Motorer - Svart - 115 x 70 x 55 cm - TRUUSK - Hem, Tr\u00e4dg\u00e5rd &amp; Fritid<\/title>\n<meta name=\"robots\" content=\"index, follow, max-snippet:-1, max-image-preview:large, max-video-preview:-1\" \/>\n<link rel=\"canonical\" href=\"https:\/\/truusk.store\/sv\/produkt\/truusk-licensierad-mercedes-benz-amg-gla45-elbil-12v-fjarrstyrt-sakerhetsbalte-2-motorer-svart-115-x-70-x-55-cm\/\" \/>\n<meta property=\"og:locale\" content=\"sv_SE\" \/>\n<meta property=\"og:type\" content=\"article\" \/>\n<meta property=\"og:title\" content=\"TRUUSK Licensierad Mercedes-Benz AMG GLA45 Elbil 12V - Fj\u00e4rrstyrt - S\u00e4kerhetsb\u00e4lte - 2 Motorer - Svart - 115 x 70 x 55 cm - TRUUSK - Hem, Tr\u00e4dg\u00e5rd &amp; Fritid\" \/>\n<meta property=\"og:description\" content=\"Denna fantastiska barnbil har m\u00e5nga funktioner hos en riktig bil, s\u00e5som str\u00e5lkastare och baklyktor, en instrumentbr\u00e4da med hastighetsm\u00e4tare och musikspelare...\" \/>\n<meta property=\"og:url\" content=\"https:\/\/truusk.store\/sv\/produkt\/truusk-licensierad-mercedes-benz-amg-gla45-elbil-12v-fjarrstyrt-sakerhetsbalte-2-motorer-svart-115-x-70-x-55-cm\/\" \/>\n<meta property=\"og:site_name\" content=\"TRUUSK - Hem, Tr\u00e4dg\u00e5rd &amp; Fritid\" \/>\n<meta property=\"article:modified_time\" content=\"2026-03-12T07:58:26+00:00\" \/>\n<meta property=\"og:image\" content=\"https:\/\/i0.wp.com\/truusk.se\/wp-content\/uploads\/2024\/02\/barnfordon-12v-mercedes-benz-amg-gla45-licensierad-elbil-med-fjarrstyrt-sakerhetsbalte-2-x-35w-motorer-mp337-60-manader-svart-115-x-70-x-55-cm.webp?fit=800%2C800&ssl=1\" \/>\n\t<meta property=\"og:image:width\" content=\"800\" \/>\n\t<meta property=\"og:image:height\" content=\"800\" \/>\n\t<meta property=\"og:image:type\" content=\"image\/webp\" \/>\n<meta name=\"twitter:card\" content=\"summary_large_image\" \/>\n<meta name=\"twitter:label1\" content=\"Ber\u00e4knad l\u00e4stid\" \/>\n\t<meta name=\"twitter:data1\" content=\"1 minut\" \/>\n<!-- \/ Yoast SEO plugin. -->","yoast_head_json":{"title":"TRUUSK Licensierad Mercedes-Benz AMG GLA45 Elbil 12V - Fj\u00e4rrstyrt - S\u00e4kerhetsb\u00e4lte - 2 Motorer - Svart - 115 x 70 x 55 cm - TRUUSK - Hem, Tr\u00e4dg\u00e5rd &amp; Fritid","robots":{"index":"index","follow":"follow","max-snippet":"max-snippet:-1","max-image-preview":"max-image-preview:large","max-video-preview":"max-video-preview:-1"},"canonical":"https:\/\/truusk.store\/sv\/produkt\/truusk-licensierad-mercedes-benz-amg-gla45-elbil-12v-fjarrstyrt-sakerhetsbalte-2-motorer-svart-115-x-70-x-55-cm\/","og_locale":"sv_SE","og_type":"article","og_title":"TRUUSK Licensierad Mercedes-Benz AMG GLA45 Elbil 12V - Fj\u00e4rrstyrt - S\u00e4kerhetsb\u00e4lte - 2 Motorer - Svart - 115 x 70 x 55 cm - TRUUSK - Hem, Tr\u00e4dg\u00e5rd &amp; Fritid","og_description":"Denna fantastiska barnbil har m\u00e5nga funktioner hos en riktig bil, s\u00e5som str\u00e5lkastare och baklyktor, en instrumentbr\u00e4da med hastighetsm\u00e4tare och musikspelare...","og_url":"https:\/\/truusk.store\/sv\/produkt\/truusk-licensierad-mercedes-benz-amg-gla45-elbil-12v-fjarrstyrt-sakerhetsbalte-2-motorer-svart-115-x-70-x-55-cm\/","og_site_name":"TRUUSK - Hem, Tr\u00e4dg\u00e5rd &amp; Fritid","article_modified_time":"2026-03-12T07:58:26+00:00","og_image":[{"width":800,"height":800,"url":"https:\/\/i0.wp.com\/truusk.se\/wp-content\/uploads\/2024\/02\/barnfordon-12v-mercedes-benz-amg-gla45-licensierad-elbil-med-fjarrstyrt-sakerhetsbalte-2-x-35w-motorer-mp337-60-manader-svart-115-x-70-x-55-cm.webp?fit=800%2C800&ssl=1","type":"image\/webp"}],"twitter_card":"summary_large_image","twitter_misc":{"Ber\u00e4knad l\u00e4stid":"1 minut"},"schema":{"@context":"https:\/\/schema.org","@graph":[{"@type":"WebPage","@id":"https:\/\/truusk.store\/sv\/produkt\/truusk-licensierad-mercedes-benz-amg-gla45-elbil-12v-fjarrstyrt-sakerhetsbalte-2-motorer-svart-115-x-70-x-55-cm\/","url":"https:\/\/truusk.store\/sv\/produkt\/truusk-licensierad-mercedes-benz-amg-gla45-elbil-12v-fjarrstyrt-sakerhetsbalte-2-motorer-svart-115-x-70-x-55-cm\/","name":"TRUUSK Licensierad Mercedes-Benz AMG GLA45 Elbil 12V - Fj\u00e4rrstyrt - S\u00e4kerhetsb\u00e4lte - 2 Motorer - Svart - 115 x 70 x 55 cm - TRUUSK - Hem, Tr\u00e4dg\u00e5rd &amp; Fritid","isPartOf":{"@id":"https:\/\/truusk.store\/sv\/#website"},"primaryImageOfPage":{"@id":"https:\/\/truusk.store\/sv\/produkt\/truusk-licensierad-mercedes-benz-amg-gla45-elbil-12v-fjarrstyrt-sakerhetsbalte-2-motorer-svart-115-x-70-x-55-cm\/#primaryimage"},"image":{"@id":"https:\/\/truusk.store\/sv\/produkt\/truusk-licensierad-mercedes-benz-amg-gla45-elbil-12v-fjarrstyrt-sakerhetsbalte-2-motorer-svart-115-x-70-x-55-cm\/#primaryimage"},"thumbnailUrl":"https:\/\/i0.wp.com\/truusk.store\/wp-content\/uploads\/2024\/02\/barnfordon-12v-mercedes-benz-amg-gla45-licensierad-elbil-med-fjarrstyrt-sakerhetsbalte-2-x-35w-motorer-mp337-60-manader-svart-115-x-70-x-55-cm.webp?fit=800%2C800&ssl=1","datePublished":"2024-02-13T10:49:08+00:00","dateModified":"2026-03-12T07:58:26+00:00","breadcrumb":{"@id":"https:\/\/truusk.store\/sv\/produkt\/truusk-licensierad-mercedes-benz-amg-gla45-elbil-12v-fjarrstyrt-sakerhetsbalte-2-motorer-svart-115-x-70-x-55-cm\/#breadcrumb"},"inLanguage":"sv-SE","potentialAction":[{"@type":"ReadAction","target":["https:\/\/truusk.store\/sv\/produkt\/truusk-licensierad-mercedes-benz-amg-gla45-elbil-12v-fjarrstyrt-sakerhetsbalte-2-motorer-svart-115-x-70-x-55-cm\/"]}]},{"@type":"ImageObject","inLanguage":"sv-SE","@id":"https:\/\/truusk.store\/sv\/produkt\/truusk-licensierad-mercedes-benz-amg-gla45-elbil-12v-fjarrstyrt-sakerhetsbalte-2-motorer-svart-115-x-70-x-55-cm\/#primaryimage","url":"https:\/\/i0.wp.com\/truusk.store\/wp-content\/uploads\/2024\/02\/barnfordon-12v-mercedes-benz-amg-gla45-licensierad-elbil-med-fjarrstyrt-sakerhetsbalte-2-x-35w-motorer-mp337-60-manader-svart-115-x-70-x-55-cm.webp?fit=800%2C800&ssl=1","contentUrl":"https:\/\/i0.wp.com\/truusk.store\/wp-content\/uploads\/2024\/02\/barnfordon-12v-mercedes-benz-amg-gla45-licensierad-elbil-med-fjarrstyrt-sakerhetsbalte-2-x-35w-motorer-mp337-60-manader-svart-115-x-70-x-55-cm.webp?fit=800%2C800&ssl=1","width":800,"height":800,"caption":"Barnfordon 12V Mercedes-Benz AMG GLA45 Licensierad Elbil Med Fj\u00e4rrstyrt S\u00e4kerhetsb\u00e4lte 2 X 35W Motorer MP337-60 M\u00e5nader Svart 115 X 70 X 55 Cm 1"},{"@type":"BreadcrumbList","@id":"https:\/\/truusk.store\/sv\/produkt\/truusk-licensierad-mercedes-benz-amg-gla45-elbil-12v-fjarrstyrt-sakerhetsbalte-2-motorer-svart-115-x-70-x-55-cm\/#breadcrumb","itemListElement":[{"@type":"ListItem","position":1,"name":"Home","item":"https:\/\/truusk.store\/sv\/"},{"@type":"ListItem","position":2,"name":"Shop","item":"https:\/\/truusk.store\/shop\/"},{"@type":"ListItem","position":3,"name":"TRUUSK Licensierad Mercedes-Benz AMG GLA45 Elbil 12V &#8211; Fj\u00e4rrstyrt &#8211; S\u00e4kerhetsb\u00e4lte &#8211; 2 Motorer &#8211; Svart &#8211; 115 x 70 x 55 cm"}]},{"@type":"WebSite","@id":"https:\/\/truusk.store\/sv\/#website","url":"https:\/\/truusk.store\/sv\/","name":"TRUUSK - Hem, Tr\u00e4dg\u00e5rd & Fritid","description":"","publisher":{"@id":"https:\/\/truusk.store\/sv\/#organization"},"potentialAction":[{"@type":"SearchAction","target":{"@type":"EntryPoint","urlTemplate":"https:\/\/truusk.store\/sv\/?s={search_term_string}"},"query-input":{"@type":"PropertyValueSpecification","valueRequired":true,"valueName":"search_term_string"}}],"inLanguage":"sv-SE"},{"@type":"Organization","@id":"https:\/\/truusk.store\/sv\/#organization","name":"TRUUSK - Hem, Tr\u00e4dg\u00e5rd & Fritid","url":"https:\/\/truusk.store\/sv\/","logo":{"@type":"ImageObject","inLanguage":"sv-SE","@id":"https:\/\/truusk.store\/sv\/#\/schema\/logo\/image\/","url":"https:\/\/i0.wp.com\/truusk.store\/wp-content\/uploads\/2026\/03\/cropped-TRUUSK.png?fit=2032%2C917&ssl=1","contentUrl":"https:\/\/i0.wp.com\/truusk.store\/wp-content\/uploads\/2026\/03\/cropped-TRUUSK.png?fit=2032%2C917&ssl=1","width":2032,"height":917,"caption":"TRUUSK - Hem, Tr\u00e4dg\u00e5rd & Fritid"},"image":{"@id":"https:\/\/truusk.store\/sv\/#\/schema\/logo\/image\/"}}]}},"jetpack_sharing_enabled":true,"_links":{"self":[{"href":"https:\/\/truusk.store\/sv\/wp-json\/wp\/v2\/product\/13797","targetHints":{"allow":["GET"]}}],"collection":[{"href":"https:\/\/truusk.store\/sv\/wp-json\/wp\/v2\/product"}],"about":[{"href":"https:\/\/truusk.store\/sv\/wp-json\/wp\/v2\/types\/product"}],"wp:featuredmedia":[{"embeddable":true,"href":"https:\/\/truusk.store\/sv\/wp-json\/wp\/v2\/media\/13798"}],"wp:attachment":[{"href":"https:\/\/truusk.store\/sv\/wp-json\/wp\/v2\/media?parent=13797"}],"wp:term":[{"taxonomy":"product_brand","embeddable":true,"href":"https:\/\/truusk.store\/sv\/wp-json\/wp\/v2\/product_brand?post=13797"},{"taxonomy":"product_cat","embeddable":true,"href":"https:\/\/truusk.store\/sv\/wp-json\/wp\/v2\/product_cat?post=13797"},{"taxonomy":"product_tag","embeddable":true,"href":"https:\/\/truusk.store\/sv\/wp-json\/wp\/v2\/product_tag?post=13797"}],"curies":[{"name":"wp","href":"https:\/\/api.w.org\/{rel}","templated":true}]}}