{"id":13885,"date":"2024-02-13T11:51:23","date_gmt":"2024-02-13T10:51:23","guid":{"rendered":"https:\/\/truusk.store\/product\/djursoffa-hundsoffa-hundsoffa-hundsang-hundmatta-kattkudde-vadderat-tra-skum-gra-685-x-405-x-405-cm\/"},"modified":"2026-03-12T08:58:27","modified_gmt":"2026-03-12T07:58:27","slug":"truusk-djursoffa-hundsoffa-hundbadd-kattkudde-vadderat-skum-gra-685-x-405-x-405-cm","status":"publish","type":"product","link":"https:\/\/truusk.store\/sv\/produkt\/truusk-djursoffa-hundsoffa-hundbadd-kattkudde-vadderat-skum-gra-685-x-405-x-405-cm\/","title":{"rendered":"TRUUSK Djursoffa &#8211; Hundsoffa &#8211; Hundb\u00e4dd &#8211; Kattkudde &#8211; Vadderat &#8211; Skum &#8211; Gr\u00e5 &#8211; 68,5 x 40,5 x 40,5 cm"},"content":{"rendered":"<p>V\u00e5r gr\u00e5 hundsoffa \u00e4r den perfekta vilo- och sovplatsen f\u00f6r fyrbenta v\u00e4nner med smak. Din bekv\u00e4ma viloplats \u00e4r av h\u00f6g kvalitet. Basen p\u00e5 din hundsoffa \u00e4r gjord av kraftigt tr\u00e4. Det \u00e4r mjuk stoppning och ett mysigt lager av flanell ovanp\u00e5, och slitstark PVC anv\u00e4nds p\u00e5 utsidan. Den avtagbara kuddens gosiga mjuka \u00f6verdrag kan enkelt tas bort och reng\u00f6ras separat. Detta inneb\u00e4r att dina husdjur alltid kommer att njuta av en hygienisk s\u00e4ng. Bakfickan \u00e4r ocks\u00e5 praktisk. Du kan anv\u00e4nda den f\u00f6r att h\u00e5lla godsaker eller din hunds favoritleksaker inom r\u00e4ckh\u00e5ll.<\/p>\n<h3>Beskrivning:<\/h3>\n<ul>\n<li>Stabil tr\u00e4ram, mjuk stoppning, mysigt \u00f6verdrag och slitstark ytterhud<\/li>\n<li>Avtagbar kudde \u00e4r gjord av mjuk flanell och PVC-ytskydd<\/li>\n<li>\u00d6rngott \u00e4r avtagbart och tv\u00e4ttbart<\/li>\n<li>Utrymmesbesparande och l\u00e4tt f\u00f6r enkel transport<\/li>\n<li>Stabila plastf\u00f6tter f\u00f6r bra stabilitet<\/li>\n<li>L\u00e4mplig f\u00f6r sm\u00e5 hundar<\/li>\n<li>Bakficka f\u00f6r f\u00f6rvaring av godsaker och favoritleksaker<\/li>\n<\/ul>\n<h3>Teknisk data:<\/h3>\n<ul>\n<li>Material: tr\u00e4, skum, PVC<\/li>\n<li>F\u00e4rg gr\u00e5<\/li>\n<li>Totalm\u00e5tt: L68,5 x B40,5 x H40,5 cm<\/li>\n<li>Sitsstorlek: L46 x B30 x H26,5 cm<\/li>\n<li>Kuddens storlek: L45 x B30 x H15 cm<\/li>\n<li>Fugre: 5 x H5 cm<\/li>\n<li>max lastkapacitet: 10kg<\/li>\n<\/ul>\n<h3>Leveransens omfattning:<\/h3>\n<ul>\n<li>1 X Pet Soffa med Dyna<\/li>\n<\/ul>\n","protected":false},"excerpt":{"rendered":"<p>V\u00e5r gr\u00e5 hundsoffa \u00e4r den perfekta vilo- och sovplatsen f\u00f6r fyrbenta v\u00e4nner med smak. Din bekv\u00e4ma viloplats \u00e4r av h\u00f6g&#8230;<\/p>\n","protected":false},"featured_media":13886,"template":"","meta":[],"product_brand":[],"product_cat":[576,574,573],"product_tag":[],"class_list":{"0":"post-13885","1":"product","2":"type-product","3":"status-publish","4":"has-post-thumbnail","6":"product_cat-hundsangar-hundsoffor","7":"product_cat-hundtillbehor","8":"product_cat-husdjursmaterial","10":"first","11":"instock","12":"sale","13":"taxable","14":"shipping-taxable","15":"purchasable","16":"product-type-simple"},"yoast_head":"<!-- This site is optimized with the Yoast SEO plugin v25.4 - https:\/\/yoast.com\/wordpress\/plugins\/seo\/ -->\n<title>TRUUSK Djursoffa - Hundsoffa - Hundb\u00e4dd - Kattkudde - Vadderat - Skum - Gr\u00e5 - 68,5 x 40,5 x 40,5 cm - TRUUSK - Hem, Tr\u00e4dg\u00e5rd &amp; Fritid<\/title>\n<meta name=\"robots\" content=\"index, follow, max-snippet:-1, max-image-preview:large, max-video-preview:-1\" \/>\n<link rel=\"canonical\" href=\"https:\/\/truusk.store\/sv\/produkt\/truusk-djursoffa-hundsoffa-hundbadd-kattkudde-vadderat-skum-gra-685-x-405-x-405-cm\/\" \/>\n<meta property=\"og:locale\" content=\"sv_SE\" \/>\n<meta property=\"og:type\" content=\"article\" \/>\n<meta property=\"og:title\" content=\"TRUUSK Djursoffa - Hundsoffa - Hundb\u00e4dd - Kattkudde - Vadderat - Skum - Gr\u00e5 - 68,5 x 40,5 x 40,5 cm - TRUUSK - Hem, Tr\u00e4dg\u00e5rd &amp; Fritid\" \/>\n<meta property=\"og:description\" content=\"V\u00e5r gr\u00e5 hundsoffa \u00e4r den perfekta vilo- och sovplatsen f\u00f6r fyrbenta v\u00e4nner med smak. Din bekv\u00e4ma viloplats \u00e4r av h\u00f6g...\" \/>\n<meta property=\"og:url\" content=\"https:\/\/truusk.store\/sv\/produkt\/truusk-djursoffa-hundsoffa-hundbadd-kattkudde-vadderat-skum-gra-685-x-405-x-405-cm\/\" \/>\n<meta property=\"og:site_name\" content=\"TRUUSK - Hem, Tr\u00e4dg\u00e5rd &amp; Fritid\" \/>\n<meta property=\"article:modified_time\" content=\"2026-03-12T07:58:27+00:00\" \/>\n<meta property=\"og:image\" content=\"https:\/\/i0.wp.com\/truusk.se\/wp-content\/uploads\/2024\/02\/djursoffa-hundsoffa-hundsoffa-hundsang-hundmatta-kattkudde-vadderat-tra-skum-gra-685-x-405-x-405-cm.webp?fit=800%2C800&ssl=1\" \/>\n\t<meta property=\"og:image:width\" content=\"800\" \/>\n\t<meta property=\"og:image:height\" content=\"800\" \/>\n\t<meta property=\"og:image:type\" content=\"image\/webp\" \/>\n<meta name=\"twitter:card\" content=\"summary_large_image\" \/>\n<meta name=\"twitter:label1\" content=\"Ber\u00e4knad l\u00e4stid\" \/>\n\t<meta name=\"twitter:data1\" content=\"1 minut\" \/>\n<!-- \/ Yoast SEO plugin. -->","yoast_head_json":{"title":"TRUUSK Djursoffa - Hundsoffa - Hundb\u00e4dd - Kattkudde - Vadderat - Skum - Gr\u00e5 - 68,5 x 40,5 x 40,5 cm - TRUUSK - Hem, Tr\u00e4dg\u00e5rd &amp; Fritid","robots":{"index":"index","follow":"follow","max-snippet":"max-snippet:-1","max-image-preview":"max-image-preview:large","max-video-preview":"max-video-preview:-1"},"canonical":"https:\/\/truusk.store\/sv\/produkt\/truusk-djursoffa-hundsoffa-hundbadd-kattkudde-vadderat-skum-gra-685-x-405-x-405-cm\/","og_locale":"sv_SE","og_type":"article","og_title":"TRUUSK Djursoffa - Hundsoffa - Hundb\u00e4dd - Kattkudde - Vadderat - Skum - Gr\u00e5 - 68,5 x 40,5 x 40,5 cm - TRUUSK - Hem, Tr\u00e4dg\u00e5rd &amp; Fritid","og_description":"V\u00e5r gr\u00e5 hundsoffa \u00e4r den perfekta vilo- och sovplatsen f\u00f6r fyrbenta v\u00e4nner med smak. Din bekv\u00e4ma viloplats \u00e4r av h\u00f6g...","og_url":"https:\/\/truusk.store\/sv\/produkt\/truusk-djursoffa-hundsoffa-hundbadd-kattkudde-vadderat-skum-gra-685-x-405-x-405-cm\/","og_site_name":"TRUUSK - Hem, Tr\u00e4dg\u00e5rd &amp; Fritid","article_modified_time":"2026-03-12T07:58:27+00:00","og_image":[{"width":800,"height":800,"url":"https:\/\/i0.wp.com\/truusk.se\/wp-content\/uploads\/2024\/02\/djursoffa-hundsoffa-hundsoffa-hundsang-hundmatta-kattkudde-vadderat-tra-skum-gra-685-x-405-x-405-cm.webp?fit=800%2C800&ssl=1","type":"image\/webp"}],"twitter_card":"summary_large_image","twitter_misc":{"Ber\u00e4knad l\u00e4stid":"1 minut"},"schema":{"@context":"https:\/\/schema.org","@graph":[{"@type":"WebPage","@id":"https:\/\/truusk.store\/sv\/produkt\/truusk-djursoffa-hundsoffa-hundbadd-kattkudde-vadderat-skum-gra-685-x-405-x-405-cm\/","url":"https:\/\/truusk.store\/sv\/produkt\/truusk-djursoffa-hundsoffa-hundbadd-kattkudde-vadderat-skum-gra-685-x-405-x-405-cm\/","name":"TRUUSK Djursoffa - Hundsoffa - Hundb\u00e4dd - Kattkudde - Vadderat - Skum - Gr\u00e5 - 68,5 x 40,5 x 40,5 cm - TRUUSK - Hem, Tr\u00e4dg\u00e5rd &amp; Fritid","isPartOf":{"@id":"https:\/\/truusk.store\/sv\/#website"},"primaryImageOfPage":{"@id":"https:\/\/truusk.store\/sv\/produkt\/truusk-djursoffa-hundsoffa-hundbadd-kattkudde-vadderat-skum-gra-685-x-405-x-405-cm\/#primaryimage"},"image":{"@id":"https:\/\/truusk.store\/sv\/produkt\/truusk-djursoffa-hundsoffa-hundbadd-kattkudde-vadderat-skum-gra-685-x-405-x-405-cm\/#primaryimage"},"thumbnailUrl":"https:\/\/i0.wp.com\/truusk.store\/wp-content\/uploads\/2024\/02\/djursoffa-hundsoffa-hundsoffa-hundsang-hundmatta-kattkudde-vadderat-tra-skum-gra-685-x-405-x-405-cm.webp?fit=800%2C800&ssl=1","datePublished":"2024-02-13T10:51:23+00:00","dateModified":"2026-03-12T07:58:27+00:00","breadcrumb":{"@id":"https:\/\/truusk.store\/sv\/produkt\/truusk-djursoffa-hundsoffa-hundbadd-kattkudde-vadderat-skum-gra-685-x-405-x-405-cm\/#breadcrumb"},"inLanguage":"sv-SE","potentialAction":[{"@type":"ReadAction","target":["https:\/\/truusk.store\/sv\/produkt\/truusk-djursoffa-hundsoffa-hundbadd-kattkudde-vadderat-skum-gra-685-x-405-x-405-cm\/"]}]},{"@type":"ImageObject","inLanguage":"sv-SE","@id":"https:\/\/truusk.store\/sv\/produkt\/truusk-djursoffa-hundsoffa-hundbadd-kattkudde-vadderat-skum-gra-685-x-405-x-405-cm\/#primaryimage","url":"https:\/\/i0.wp.com\/truusk.store\/wp-content\/uploads\/2024\/02\/djursoffa-hundsoffa-hundsoffa-hundsang-hundmatta-kattkudde-vadderat-tra-skum-gra-685-x-405-x-405-cm.webp?fit=800%2C800&ssl=1","contentUrl":"https:\/\/i0.wp.com\/truusk.store\/wp-content\/uploads\/2024\/02\/djursoffa-hundsoffa-hundsoffa-hundsang-hundmatta-kattkudde-vadderat-tra-skum-gra-685-x-405-x-405-cm.webp?fit=800%2C800&ssl=1","width":800,"height":800,"caption":"Djursoffa, Hundsoffa, Hundsoffa, Hunds\u00e4ng, Hundmatta, Kattkudde, Vadderat Tr\u00e4, Skum, Gr\u00e5, 68,5 X 40,5 X 40,5 Cm 1"},{"@type":"BreadcrumbList","@id":"https:\/\/truusk.store\/sv\/produkt\/truusk-djursoffa-hundsoffa-hundbadd-kattkudde-vadderat-skum-gra-685-x-405-x-405-cm\/#breadcrumb","itemListElement":[{"@type":"ListItem","position":1,"name":"Home","item":"https:\/\/truusk.store\/sv\/"},{"@type":"ListItem","position":2,"name":"Shop","item":"https:\/\/truusk.store\/shop\/"},{"@type":"ListItem","position":3,"name":"TRUUSK Djursoffa &#8211; Hundsoffa &#8211; Hundb\u00e4dd &#8211; Kattkudde &#8211; Vadderat &#8211; Skum &#8211; Gr\u00e5 &#8211; 68,5 x 40,5 x 40,5 cm"}]},{"@type":"WebSite","@id":"https:\/\/truusk.store\/sv\/#website","url":"https:\/\/truusk.store\/sv\/","name":"TRUUSK - Hem, Tr\u00e4dg\u00e5rd & Fritid","description":"","publisher":{"@id":"https:\/\/truusk.store\/sv\/#organization"},"potentialAction":[{"@type":"SearchAction","target":{"@type":"EntryPoint","urlTemplate":"https:\/\/truusk.store\/sv\/?s={search_term_string}"},"query-input":{"@type":"PropertyValueSpecification","valueRequired":true,"valueName":"search_term_string"}}],"inLanguage":"sv-SE"},{"@type":"Organization","@id":"https:\/\/truusk.store\/sv\/#organization","name":"TRUUSK - Hem, Tr\u00e4dg\u00e5rd & Fritid","url":"https:\/\/truusk.store\/sv\/","logo":{"@type":"ImageObject","inLanguage":"sv-SE","@id":"https:\/\/truusk.store\/sv\/#\/schema\/logo\/image\/","url":"https:\/\/i0.wp.com\/truusk.store\/wp-content\/uploads\/2026\/03\/cropped-TRUUSK.png?fit=2032%2C917&ssl=1","contentUrl":"https:\/\/i0.wp.com\/truusk.store\/wp-content\/uploads\/2026\/03\/cropped-TRUUSK.png?fit=2032%2C917&ssl=1","width":2032,"height":917,"caption":"TRUUSK - Hem, Tr\u00e4dg\u00e5rd & Fritid"},"image":{"@id":"https:\/\/truusk.store\/sv\/#\/schema\/logo\/image\/"}}]}},"jetpack_sharing_enabled":true,"_links":{"self":[{"href":"https:\/\/truusk.store\/sv\/wp-json\/wp\/v2\/product\/13885","targetHints":{"allow":["GET"]}}],"collection":[{"href":"https:\/\/truusk.store\/sv\/wp-json\/wp\/v2\/product"}],"about":[{"href":"https:\/\/truusk.store\/sv\/wp-json\/wp\/v2\/types\/product"}],"wp:featuredmedia":[{"embeddable":true,"href":"https:\/\/truusk.store\/sv\/wp-json\/wp\/v2\/media\/13886"}],"wp:attachment":[{"href":"https:\/\/truusk.store\/sv\/wp-json\/wp\/v2\/media?parent=13885"}],"wp:term":[{"taxonomy":"product_brand","embeddable":true,"href":"https:\/\/truusk.store\/sv\/wp-json\/wp\/v2\/product_brand?post=13885"},{"taxonomy":"product_cat","embeddable":true,"href":"https:\/\/truusk.store\/sv\/wp-json\/wp\/v2\/product_cat?post=13885"},{"taxonomy":"product_tag","embeddable":true,"href":"https:\/\/truusk.store\/sv\/wp-json\/wp\/v2\/product_tag?post=13885"}],"curies":[{"name":"wp","href":"https:\/\/api.w.org\/{rel}","templated":true}]}}